{"id":63901,"date":"2025-11-24T18:22:38","date_gmt":"2025-11-24T15:22:38","guid":{"rendered":"https:\/\/malinashop.lt\/?post_type=product&#038;p=63901"},"modified":"2026-02-10T13:00:53","modified_gmt":"2026-02-10T10:00:53","slug":"piuma-kit-base-rinkinys-su-vitaminu-c-juodas","status":"publish","type":"product","link":"https:\/\/www.malinashop.lt\/en\/shop\/piuma-kit-base-rinkinys-su-vitaminu-c-juodas\/","title":{"rendered":"PIUMA KIT BASE rinkinys su vitaminu C (juodas)"},"content":{"rendered":"<p data-start=\"214\" data-end=\"531\"><strong data-start=\"214\" data-end=\"246\">PIUMA KIT BASE su vitaminu C<\/strong> \u2013 tai inovatyvus dant\u0173 prie\u017ei\u016bros rinkinys, skirtas kasdieniam komfortui ir auk\u0161\u010diausiam burnos higienos lygiui. Rinkin\u012f sudaro ergonomi\u0161kas <strong data-start=\"388\" data-end=\"439\">PIUMA\u00ae dant\u0173 \u0161epet\u0117lis su integruotu vitaminu C<\/strong> ir funkcionalus kalendorinis pagrindas, padedantis nepamir\u0161ti, kada laikas keisti \u0161epet\u0117l\u012f.<\/p>\n<p data-start=\"533\" data-end=\"847\">Auk\u0161\u010diausios kokyb\u0117s <strong data-start=\"554\" data-end=\"579\">Tynex\u00ae mikro \u0161ereliai<\/strong> yra itin \u0161veln\u016bs, tod\u0117l efektyviai valo dantis nepa\u017eeisdami danten\u0173. \u0160ereliuose integruotas vitaminas C palaipsniui i\u0161siskiria valymo metu, pad\u0117damas palaikyti ger\u0105 burnos higien\u0105 ir danten\u0173 komfort\u0105. \u0160is dant\u0173 \u0161epet\u0117lis ypa\u010d tinka <strong data-start=\"812\" data-end=\"846\">jautriems dantims ir dantenoms<\/strong>.<\/p>\n<p data-start=\"849\" data-end=\"1103\">Rinkinyje esantis <strong data-start=\"867\" data-end=\"892\">patentuotas pagrindas<\/strong> leid\u017eia \u0161epet\u0117l\u012f patogiai pastatyti ant bet kokio pavir\u0161iaus, apsaugo nuo vandens kaupimosi ir palaiko higieni\u0161k\u0105 laikym\u0105. Integruotas kalendorius padeda laikytis rekomenduojamo dant\u0173 \u0161epet\u0117lio keitimo grafiko.<\/p>\n<p data-start=\"1105\" data-end=\"1228\">Produktas pagamintas i\u0161 <strong data-start=\"1129\" data-end=\"1174\">antibakterini\u0173, FDA sertifikuot\u0173 med\u017eiag\u0173<\/strong>, yra <strong data-start=\"1180\" data-end=\"1200\">100 % vegani\u0161kas<\/strong> ir <strong data-start=\"1204\" data-end=\"1227\">draugi\u0161kas gyv\u016bnams<\/strong>.<\/p>\n<h4 data-start=\"1235\" data-end=\"1258\">Pagrindin\u0117s savyb\u0117s<\/h4>\n<ul data-start=\"1259\" data-end=\"1646\">\n<li data-start=\"1259\" data-end=\"1307\">\n<p data-start=\"1261\" data-end=\"1307\">Integruotas <strong data-start=\"1273\" data-end=\"1288\">vitaminas C<\/strong> dant\u0173 \u0161ereliuose<\/p>\n<\/li>\n<li data-start=\"1308\" data-end=\"1359\">\n<p data-start=\"1310\" data-end=\"1359\">Itin \u0161veln\u016bs <strong data-start=\"1323\" data-end=\"1348\">Tynex\u00ae mikro \u0161ereliai<\/strong> (0,1 mm)<\/p>\n<\/li>\n<li data-start=\"1360\" data-end=\"1392\">\n<p data-start=\"1362\" data-end=\"1392\">Lanksti, ergonomi\u0161ka rankena<\/p>\n<\/li>\n<li data-start=\"1393\" data-end=\"1433\">\n<p data-start=\"1395\" data-end=\"1433\">Tinka jautriems dantims ir dantenoms<\/p>\n<\/li>\n<li data-start=\"1434\" data-end=\"1471\">\n<p data-start=\"1436\" data-end=\"1471\">Integruotas <strong data-start=\"1448\" data-end=\"1469\">lie\u017euvio valiklis<\/strong><\/p>\n<\/li>\n<li data-start=\"1472\" data-end=\"1514\">\n<p data-start=\"1474\" data-end=\"1514\">Higieni\u0161kas <strong data-start=\"1486\" data-end=\"1512\">kalendorinis pagrindas<\/strong><\/p>\n<\/li>\n<li data-start=\"1515\" data-end=\"1566\">\n<p data-start=\"1517\" data-end=\"1566\">Antibakterin\u0117s, <strong data-start=\"1533\" data-end=\"1554\">FDA sertifikuotos<\/strong> med\u017eiagos<\/p>\n<\/li>\n<li data-start=\"1567\" data-end=\"1605\">\n<p data-start=\"1569\" data-end=\"1605\"><strong data-start=\"1569\" data-end=\"1589\">100 % vegani\u0161kas<\/strong>, cruelty free<\/p>\n<\/li>\n<li data-start=\"1606\" data-end=\"1646\">\n<p data-start=\"1608\" data-end=\"1646\">Pridedamas dant\u0173 \u0161epet\u0117lio dangtelis<\/p>\n<\/li>\n<\/ul>\n","protected":false},"excerpt":{"rendered":"<p data-start=\"1684\" data-end=\"1890\">Inovatyvus PIUMA KIT BASE dant\u0173 \u0161epet\u0117lio rinkinys su integruotu vitaminu C, \u0161velniais mikro \u0161ereliais ir kalendoriniu pagrindu. Puikus pasirinkimas jautriems dantims ir dantenoms kasdienei burnos higienai.<\/p>\n","protected":false},"featured_media":63903,"template":"","meta":[],"product_brand":[1533],"product_cat":[1569],"product_tag":[1615],"class_list":{"0":"post-63901","1":"product","2":"type-product","3":"status-publish","4":"has-post-thumbnail","6":"product_brand-piuma","7":"product_cat-burnos-higiena","8":"product_tag-piuma","10":"first","11":"instock","12":"sale","13":"purchasable","14":"product-type-simple"},"yoast_head":"<!-- This site is optimized with the Yoast SEO plugin v27.4 - https:\/\/yoast.com\/product\/yoast-seo-wordpress\/ -->\n<title>PIUMA KIT BASE rinkinys su vitaminu C (juodas) - MalinaShop.lt J\u016bs\u0173 sveikatai ir gro\u017eiui.<\/title>\n<meta name=\"description\" content=\"PIUMA KIT BASE dant\u0173 \u0161epet\u0117lio rinkinys su vitaminu C \u2013 \u0161veln\u016bs mikro \u0161ereliai, kalendorinis pagrindas, vegani\u0161kas ir antibakterinis sprendimas.\" \/>\n<meta name=\"robots\" content=\"index, follow, max-snippet:-1, max-image-preview:large, max-video-preview:-1\" \/>\n<link rel=\"canonical\" href=\"https:\/\/www.malinashop.lt\/en\/shop\/piuma-kit-base-rinkinys-su-vitaminu-c-juodas\/\" \/>\n<meta property=\"og:locale\" content=\"en_GB\" \/>\n<meta property=\"og:type\" content=\"article\" \/>\n<meta property=\"og:title\" content=\"PIUMA KIT BASE rinkinys su vitaminu C (juodas) - MalinaShop.lt J\u016bs\u0173 sveikatai ir gro\u017eiui.\" \/>\n<meta property=\"og:description\" content=\"PIUMA KIT BASE dant\u0173 \u0161epet\u0117lio rinkinys su vitaminu C \u2013 \u0161veln\u016bs mikro \u0161ereliai, kalendorinis pagrindas, vegani\u0161kas ir antibakterinis sprendimas.\" \/>\n<meta property=\"og:url\" content=\"https:\/\/www.malinashop.lt\/en\/shop\/piuma-kit-base-rinkinys-su-vitaminu-c-juodas\/\" \/>\n<meta property=\"og:site_name\" content=\"MalinaShop.lt J\u016bs\u0173 sveikatai ir gro\u017eiui.\" \/>\n<meta property=\"article:modified_time\" content=\"2026-02-10T10:00:53+00:00\" \/>\n<meta property=\"og:image\" content=\"https:\/\/www.malinashop.lt\/wp-content\/uploads\/2025\/11\/dantu_sepetelis_juodas_vitaminas_c_tvari_verslo_dovana_gurmena.lt-600x800-1.jpg\" \/>\n\t<meta property=\"og:image:width\" content=\"600\" \/>\n\t<meta property=\"og:image:height\" content=\"800\" \/>\n\t<meta property=\"og:image:type\" content=\"image\/jpeg\" \/>\n<meta name=\"twitter:card\" content=\"summary_large_image\" \/>\n<script type=\"application\/ld+json\" class=\"yoast-schema-graph\">{\"@context\":\"https:\\\/\\\/schema.org\",\"@graph\":[{\"@type\":\"WebPage\",\"@id\":\"https:\\\/\\\/www.malinashop.lt\\\/en\\\/shop\\\/piuma-kit-base-rinkinys-su-vitaminu-c-juodas\\\/\",\"url\":\"https:\\\/\\\/www.malinashop.lt\\\/en\\\/shop\\\/piuma-kit-base-rinkinys-su-vitaminu-c-juodas\\\/\",\"name\":\"PIUMA KIT BASE rinkinys su vitaminu C (juodas) - MalinaShop.lt J\u016bs\u0173 sveikatai ir gro\u017eiui.\",\"isPartOf\":{\"@id\":\"https:\\\/\\\/www.malinashop.lt\\\/en\\\/#website\"},\"primaryImageOfPage\":{\"@id\":\"https:\\\/\\\/www.malinashop.lt\\\/en\\\/shop\\\/piuma-kit-base-rinkinys-su-vitaminu-c-juodas\\\/#primaryimage\"},\"image\":{\"@id\":\"https:\\\/\\\/www.malinashop.lt\\\/en\\\/shop\\\/piuma-kit-base-rinkinys-su-vitaminu-c-juodas\\\/#primaryimage\"},\"thumbnailUrl\":\"https:\\\/\\\/www.malinashop.lt\\\/wp-content\\\/uploads\\\/2025\\\/11\\\/dantu_sepetelis_juodas_vitaminas_c_tvari_verslo_dovana_gurmena.lt-600x800-1.jpg\",\"datePublished\":\"2025-11-24T15:22:38+00:00\",\"dateModified\":\"2026-02-10T10:00:53+00:00\",\"description\":\"PIUMA KIT BASE dant\u0173 \u0161epet\u0117lio rinkinys su vitaminu C \u2013 \u0161veln\u016bs mikro \u0161ereliai, kalendorinis pagrindas, vegani\u0161kas ir antibakterinis sprendimas.\",\"breadcrumb\":{\"@id\":\"https:\\\/\\\/www.malinashop.lt\\\/en\\\/shop\\\/piuma-kit-base-rinkinys-su-vitaminu-c-juodas\\\/#breadcrumb\"},\"inLanguage\":\"en-GB\",\"potentialAction\":[{\"@type\":\"ReadAction\",\"target\":[\"https:\\\/\\\/www.malinashop.lt\\\/en\\\/shop\\\/piuma-kit-base-rinkinys-su-vitaminu-c-juodas\\\/\"]}]},{\"@type\":\"ImageObject\",\"inLanguage\":\"en-GB\",\"@id\":\"https:\\\/\\\/www.malinashop.lt\\\/en\\\/shop\\\/piuma-kit-base-rinkinys-su-vitaminu-c-juodas\\\/#primaryimage\",\"url\":\"https:\\\/\\\/www.malinashop.lt\\\/wp-content\\\/uploads\\\/2025\\\/11\\\/dantu_sepetelis_juodas_vitaminas_c_tvari_verslo_dovana_gurmena.lt-600x800-1.jpg\",\"contentUrl\":\"https:\\\/\\\/www.malinashop.lt\\\/wp-content\\\/uploads\\\/2025\\\/11\\\/dantu_sepetelis_juodas_vitaminas_c_tvari_verslo_dovana_gurmena.lt-600x800-1.jpg\",\"width\":600,\"height\":800},{\"@type\":\"BreadcrumbList\",\"@id\":\"https:\\\/\\\/www.malinashop.lt\\\/en\\\/shop\\\/piuma-kit-base-rinkinys-su-vitaminu-c-juodas\\\/#breadcrumb\",\"itemListElement\":[{\"@type\":\"ListItem\",\"position\":1,\"name\":\"Home\",\"item\":\"https:\\\/\\\/www.malinashop.lt\\\/en\\\/\"},{\"@type\":\"ListItem\",\"position\":2,\"name\":\"Parduotuv\u0117\",\"item\":\"https:\\\/\\\/www.malinashop.lt\\\/en\\\/parduotuve\\\/\"},{\"@type\":\"ListItem\",\"position\":3,\"name\":\"PIUMA KIT BASE rinkinys su vitaminu C (juodas)\"}]},{\"@type\":\"WebSite\",\"@id\":\"https:\\\/\\\/www.malinashop.lt\\\/en\\\/#website\",\"url\":\"https:\\\/\\\/www.malinashop.lt\\\/en\\\/\",\"name\":\"COM Group Ecommerce\",\"description\":\"MalinaShop.lt - Gro\u017eio ir sveikatos produktai i\u0161 patikim\u0173 preki\u0173 \u017eenkl\u0173. Atraskite auk\u0161tos kokyb\u0117s kosmetik\u0105 u\u017e puiki\u0105 kain\u0105.\",\"publisher\":{\"@id\":\"https:\\\/\\\/www.malinashop.lt\\\/en\\\/#organization\"},\"potentialAction\":[{\"@type\":\"SearchAction\",\"target\":{\"@type\":\"EntryPoint\",\"urlTemplate\":\"https:\\\/\\\/www.malinashop.lt\\\/en\\\/?s={search_term_string}\"},\"query-input\":{\"@type\":\"PropertyValueSpecification\",\"valueRequired\":true,\"valueName\":\"search_term_string\"}}],\"inLanguage\":\"en-GB\"},{\"@type\":\"Organization\",\"@id\":\"https:\\\/\\\/www.malinashop.lt\\\/en\\\/#organization\",\"name\":\"COM Group Ecommerce\",\"url\":\"https:\\\/\\\/www.malinashop.lt\\\/en\\\/\",\"logo\":{\"@type\":\"ImageObject\",\"inLanguage\":\"en-GB\",\"@id\":\"https:\\\/\\\/www.malinashop.lt\\\/en\\\/#\\\/schema\\\/logo\\\/image\\\/\",\"url\":\"https:\\\/\\\/www.malinashop.lt\\\/wp-content\\\/uploads\\\/2024\\\/08\\\/462559670_3787732518133670_9795632669273463_n-e1731525914575.png\",\"contentUrl\":\"https:\\\/\\\/www.malinashop.lt\\\/wp-content\\\/uploads\\\/2024\\\/08\\\/462559670_3787732518133670_9795632669273463_n-e1731525914575.png\",\"width\":180,\"height\":60,\"caption\":\"COM Group Ecommerce\"},\"image\":{\"@id\":\"https:\\\/\\\/www.malinashop.lt\\\/en\\\/#\\\/schema\\\/logo\\\/image\\\/\"}}]}<\/script>\n<!-- \/ Yoast SEO plugin. -->","yoast_head_json":{"title":"PIUMA KIT BASE rinkinys su vitaminu C (juodas) - MalinaShop.lt J\u016bs\u0173 sveikatai ir gro\u017eiui.","description":"PIUMA KIT BASE dant\u0173 \u0161epet\u0117lio rinkinys su vitaminu C \u2013 \u0161veln\u016bs mikro \u0161ereliai, kalendorinis pagrindas, vegani\u0161kas ir antibakterinis sprendimas.","robots":{"index":"index","follow":"follow","max-snippet":"max-snippet:-1","max-image-preview":"max-image-preview:large","max-video-preview":"max-video-preview:-1"},"canonical":"https:\/\/www.malinashop.lt\/en\/shop\/piuma-kit-base-rinkinys-su-vitaminu-c-juodas\/","og_locale":"en_GB","og_type":"article","og_title":"PIUMA KIT BASE rinkinys su vitaminu C (juodas) - MalinaShop.lt J\u016bs\u0173 sveikatai ir gro\u017eiui.","og_description":"PIUMA KIT BASE dant\u0173 \u0161epet\u0117lio rinkinys su vitaminu C \u2013 \u0161veln\u016bs mikro \u0161ereliai, kalendorinis pagrindas, vegani\u0161kas ir antibakterinis sprendimas.","og_url":"https:\/\/www.malinashop.lt\/en\/shop\/piuma-kit-base-rinkinys-su-vitaminu-c-juodas\/","og_site_name":"MalinaShop.lt J\u016bs\u0173 sveikatai ir gro\u017eiui.","article_modified_time":"2026-02-10T10:00:53+00:00","og_image":[{"width":600,"height":800,"url":"https:\/\/www.malinashop.lt\/wp-content\/uploads\/2025\/11\/dantu_sepetelis_juodas_vitaminas_c_tvari_verslo_dovana_gurmena.lt-600x800-1.jpg","type":"image\/jpeg"}],"twitter_card":"summary_large_image","schema":{"@context":"https:\/\/schema.org","@graph":[{"@type":"WebPage","@id":"https:\/\/www.malinashop.lt\/en\/shop\/piuma-kit-base-rinkinys-su-vitaminu-c-juodas\/","url":"https:\/\/www.malinashop.lt\/en\/shop\/piuma-kit-base-rinkinys-su-vitaminu-c-juodas\/","name":"PIUMA KIT BASE rinkinys su vitaminu C (juodas) - MalinaShop.lt J\u016bs\u0173 sveikatai ir gro\u017eiui.","isPartOf":{"@id":"https:\/\/www.malinashop.lt\/en\/#website"},"primaryImageOfPage":{"@id":"https:\/\/www.malinashop.lt\/en\/shop\/piuma-kit-base-rinkinys-su-vitaminu-c-juodas\/#primaryimage"},"image":{"@id":"https:\/\/www.malinashop.lt\/en\/shop\/piuma-kit-base-rinkinys-su-vitaminu-c-juodas\/#primaryimage"},"thumbnailUrl":"https:\/\/www.malinashop.lt\/wp-content\/uploads\/2025\/11\/dantu_sepetelis_juodas_vitaminas_c_tvari_verslo_dovana_gurmena.lt-600x800-1.jpg","datePublished":"2025-11-24T15:22:38+00:00","dateModified":"2026-02-10T10:00:53+00:00","description":"PIUMA KIT BASE dant\u0173 \u0161epet\u0117lio rinkinys su vitaminu C \u2013 \u0161veln\u016bs mikro \u0161ereliai, kalendorinis pagrindas, vegani\u0161kas ir antibakterinis sprendimas.","breadcrumb":{"@id":"https:\/\/www.malinashop.lt\/en\/shop\/piuma-kit-base-rinkinys-su-vitaminu-c-juodas\/#breadcrumb"},"inLanguage":"en-GB","potentialAction":[{"@type":"ReadAction","target":["https:\/\/www.malinashop.lt\/en\/shop\/piuma-kit-base-rinkinys-su-vitaminu-c-juodas\/"]}]},{"@type":"ImageObject","inLanguage":"en-GB","@id":"https:\/\/www.malinashop.lt\/en\/shop\/piuma-kit-base-rinkinys-su-vitaminu-c-juodas\/#primaryimage","url":"https:\/\/www.malinashop.lt\/wp-content\/uploads\/2025\/11\/dantu_sepetelis_juodas_vitaminas_c_tvari_verslo_dovana_gurmena.lt-600x800-1.jpg","contentUrl":"https:\/\/www.malinashop.lt\/wp-content\/uploads\/2025\/11\/dantu_sepetelis_juodas_vitaminas_c_tvari_verslo_dovana_gurmena.lt-600x800-1.jpg","width":600,"height":800},{"@type":"BreadcrumbList","@id":"https:\/\/www.malinashop.lt\/en\/shop\/piuma-kit-base-rinkinys-su-vitaminu-c-juodas\/#breadcrumb","itemListElement":[{"@type":"ListItem","position":1,"name":"Home","item":"https:\/\/www.malinashop.lt\/en\/"},{"@type":"ListItem","position":2,"name":"Parduotuv\u0117","item":"https:\/\/www.malinashop.lt\/en\/parduotuve\/"},{"@type":"ListItem","position":3,"name":"PIUMA KIT BASE rinkinys su vitaminu C (juodas)"}]},{"@type":"WebSite","@id":"https:\/\/www.malinashop.lt\/en\/#website","url":"https:\/\/www.malinashop.lt\/en\/","name":"COM Group Ecommerce","description":"MalinaShop.lt - Gro\u017eio ir sveikatos produktai i\u0161 patikim\u0173 preki\u0173 \u017eenkl\u0173. Atraskite auk\u0161tos kokyb\u0117s kosmetik\u0105 u\u017e puiki\u0105 kain\u0105.","publisher":{"@id":"https:\/\/www.malinashop.lt\/en\/#organization"},"potentialAction":[{"@type":"SearchAction","target":{"@type":"EntryPoint","urlTemplate":"https:\/\/www.malinashop.lt\/en\/?s={search_term_string}"},"query-input":{"@type":"PropertyValueSpecification","valueRequired":true,"valueName":"search_term_string"}}],"inLanguage":"en-GB"},{"@type":"Organization","@id":"https:\/\/www.malinashop.lt\/en\/#organization","name":"COM Group Ecommerce","url":"https:\/\/www.malinashop.lt\/en\/","logo":{"@type":"ImageObject","inLanguage":"en-GB","@id":"https:\/\/www.malinashop.lt\/en\/#\/schema\/logo\/image\/","url":"https:\/\/www.malinashop.lt\/wp-content\/uploads\/2024\/08\/462559670_3787732518133670_9795632669273463_n-e1731525914575.png","contentUrl":"https:\/\/www.malinashop.lt\/wp-content\/uploads\/2024\/08\/462559670_3787732518133670_9795632669273463_n-e1731525914575.png","width":180,"height":60,"caption":"COM Group Ecommerce"},"image":{"@id":"https:\/\/www.malinashop.lt\/en\/#\/schema\/logo\/image\/"}}]}},"jetpack_sharing_enabled":true,"_links":{"self":[{"href":"https:\/\/www.malinashop.lt\/en\/wp-json\/wp\/v2\/product\/63901","targetHints":{"allow":["GET"]}}],"collection":[{"href":"https:\/\/www.malinashop.lt\/en\/wp-json\/wp\/v2\/product"}],"about":[{"href":"https:\/\/www.malinashop.lt\/en\/wp-json\/wp\/v2\/types\/product"}],"version-history":[{"count":2,"href":"https:\/\/www.malinashop.lt\/en\/wp-json\/wp\/v2\/product\/63901\/revisions"}],"predecessor-version":[{"id":72299,"href":"https:\/\/www.malinashop.lt\/en\/wp-json\/wp\/v2\/product\/63901\/revisions\/72299"}],"wp:featuredmedia":[{"embeddable":true,"href":"https:\/\/www.malinashop.lt\/en\/wp-json\/wp\/v2\/media\/63903"}],"wp:attachment":[{"href":"https:\/\/www.malinashop.lt\/en\/wp-json\/wp\/v2\/media?parent=63901"}],"wp:term":[{"taxonomy":"product_brand","embeddable":true,"href":"https:\/\/www.malinashop.lt\/en\/wp-json\/wp\/v2\/product_brand?post=63901"},{"taxonomy":"product_cat","embeddable":true,"href":"https:\/\/www.malinashop.lt\/en\/wp-json\/wp\/v2\/product_cat?post=63901"},{"taxonomy":"product_tag","embeddable":true,"href":"https:\/\/www.malinashop.lt\/en\/wp-json\/wp\/v2\/product_tag?post=63901"}],"curies":[{"name":"wp","href":"https:\/\/api.w.org\/{rel}","templated":true}]}}