{"id":63890,"date":"2025-11-24T18:22:38","date_gmt":"2025-11-24T15:22:38","guid":{"rendered":"https:\/\/malinashop.lt\/?post_type=product&#038;p=63890"},"modified":"2026-02-10T13:00:52","modified_gmt":"2026-02-10T10:00:52","slug":"piuma-kit-base-rinkinys-pilkas-soft","status":"publish","type":"product","link":"https:\/\/www.malinashop.lt\/en\/shop\/piuma-kit-base-rinkinys-pilkas-soft\/","title":{"rendered":"PIUMA KIT BASE rinkinys (pilkas, soft)"},"content":{"rendered":"<p data-start=\"153\" data-end=\"425\"><strong data-start=\"153\" data-end=\"171\">PIUMA KIT BASE<\/strong> \u2013 tai stilingas ir prakti\u0161kas dovan\u0173 rinkinys, skirtas kasdienei burnos higienai. Rinkin\u012f sudaro <strong data-start=\"269\" data-end=\"325\">PIUMA\u00ae dant\u0173 \u0161epet\u0117lis su mink\u0161tais (soft) \u0161ereliais<\/strong> ir <strong data-start=\"329\" data-end=\"368\">funkcionalus kalendorinis pagrindas<\/strong>, padedantis palaikyti \u0161var\u0105 ir higien\u0105 vonios kambaryje.<\/p>\n<p data-start=\"427\" data-end=\"692\">Dant\u0173 \u0161epet\u0117lis pasi\u017eymi <strong data-start=\"452\" data-end=\"494\">inovatyviu dizainu ir lanks\u010dia rankena<\/strong>, kuri leid\u017eia lengvai pasiekti sunkiau prieinamas burnos vietas. Auk\u0161tos kokyb\u0117s <strong data-start=\"576\" data-end=\"613\">mikro \u0161ereliai i\u0161 Tynex\u00ae (0,1 mm)<\/strong> \u0161velniai valo dantis, nedirgina danten\u0173 ir u\u017etikrina efektyv\u0173 apna\u0161\u0173 \u0161alinim\u0105.<\/p>\n<p data-start=\"694\" data-end=\"967\">Integruotas <strong data-start=\"706\" data-end=\"727\">lie\u017euvio valiklis<\/strong> padeda palaikyti gaiv\u0173 burnos kvap\u0105, o <strong data-start=\"767\" data-end=\"792\">patentuotas pagrindas<\/strong> apsaugo nuo vandens kaupimosi. Pagrinde \u012fmontuotas <strong data-start=\"844\" data-end=\"901\">kalendorius primena, kada metas keisti dant\u0173 \u0161epet\u0117l\u012f<\/strong>, taip pad\u0117damas formuoti taisyklingus burnos prie\u017ei\u016bros \u012fpro\u010dius.<\/p>\n<p data-start=\"969\" data-end=\"1172\">\u0160epet\u0117lis pagamintas i\u0161 <strong data-start=\"993\" data-end=\"1033\">antibakterini\u0173, sertifikuot\u0173 \u017ealiav\u0173<\/strong>, yra <strong data-start=\"1039\" data-end=\"1059\">100 % vegani\u0161kas<\/strong> ir <strong data-start=\"1063\" data-end=\"1101\">draugi\u0161kas gyv\u016bnams (cruelty free)<\/strong>. Komplekte visada pridedamas <strong data-start=\"1131\" data-end=\"1171\">apsauginis dant\u0173 \u0161epet\u0117lio dangtelis<\/strong>.<\/p>\n","protected":false},"excerpt":{"rendered":"<p data-start=\"1210\" data-end=\"1402\"><strong data-start=\"1210\" data-end=\"1243\">PIUMA KIT BASE (pilkas, soft)<\/strong> \u2013 dovan\u0173 rinkinys su mink\u0161t\u0173 \u0161ereli\u0173 dant\u0173 \u0161epet\u0117liu ir kalendoriniu pagrindu. \u0160velnus dantenoms, higieni\u0161kas, vegani\u0161kas ir prakti\u0161kas kasdieniam naudojimui.<\/p>\n","protected":false},"featured_media":63884,"template":"","meta":[],"product_brand":[1533],"product_cat":[1569],"product_tag":[1615],"class_list":{"0":"post-63890","1":"product","2":"type-product","3":"status-publish","4":"has-post-thumbnail","6":"product_brand-piuma","7":"product_cat-burnos-higiena","8":"product_tag-piuma","10":"first","11":"instock","12":"purchasable","13":"product-type-simple"},"yoast_head":"<!-- This site is optimized with the Yoast SEO plugin v27.4 - https:\/\/yoast.com\/product\/yoast-seo-wordpress\/ -->\n<title>PIUMA KIT BASE rinkinys (pilkas, soft) - MalinaShop.lt J\u016bs\u0173 sveikatai ir gro\u017eiui.<\/title>\n<meta name=\"description\" content=\"PIUMA KIT BASE pilkas dovan\u0173 rinkinys su soft dant\u0173 \u0161epet\u0117liu ir kalendoriniu pagrindu. \u0160veln\u016bs Tynex\u00ae \u0161ereliai, vegani\u0161kas, cruelty free.\" \/>\n<meta name=\"robots\" content=\"index, follow, max-snippet:-1, max-image-preview:large, max-video-preview:-1\" \/>\n<link rel=\"canonical\" href=\"https:\/\/www.malinashop.lt\/en\/shop\/piuma-kit-base-rinkinys-pilkas-soft\/\" \/>\n<meta property=\"og:locale\" content=\"en_GB\" \/>\n<meta property=\"og:type\" content=\"article\" \/>\n<meta property=\"og:title\" content=\"PIUMA KIT BASE rinkinys (pilkas, soft) - MalinaShop.lt J\u016bs\u0173 sveikatai ir gro\u017eiui.\" \/>\n<meta property=\"og:description\" content=\"PIUMA KIT BASE pilkas dovan\u0173 rinkinys su soft dant\u0173 \u0161epet\u0117liu ir kalendoriniu pagrindu. \u0160veln\u016bs Tynex\u00ae \u0161ereliai, vegani\u0161kas, cruelty free.\" \/>\n<meta property=\"og:url\" content=\"https:\/\/www.malinashop.lt\/en\/shop\/piuma-kit-base-rinkinys-pilkas-soft\/\" \/>\n<meta property=\"og:site_name\" content=\"MalinaShop.lt J\u016bs\u0173 sveikatai ir gro\u017eiui.\" \/>\n<meta property=\"article:modified_time\" content=\"2026-02-10T10:00:52+00:00\" \/>\n<meta property=\"og:image\" content=\"https:\/\/www.malinashop.lt\/wp-content\/uploads\/2025\/11\/dantu_sepetelis_tvari_verslo_dovana_higiena_odontologas_gurmena.lt-600x800-1.png\" \/>\n\t<meta property=\"og:image:width\" content=\"600\" \/>\n\t<meta property=\"og:image:height\" content=\"800\" \/>\n\t<meta property=\"og:image:type\" content=\"image\/png\" \/>\n<meta name=\"twitter:card\" content=\"summary_large_image\" \/>\n<script type=\"application\/ld+json\" class=\"yoast-schema-graph\">{\"@context\":\"https:\\\/\\\/schema.org\",\"@graph\":[{\"@type\":\"WebPage\",\"@id\":\"https:\\\/\\\/www.malinashop.lt\\\/en\\\/shop\\\/piuma-kit-base-rinkinys-pilkas-soft\\\/\",\"url\":\"https:\\\/\\\/www.malinashop.lt\\\/en\\\/shop\\\/piuma-kit-base-rinkinys-pilkas-soft\\\/\",\"name\":\"PIUMA KIT BASE rinkinys (pilkas, soft) - MalinaShop.lt J\u016bs\u0173 sveikatai ir gro\u017eiui.\",\"isPartOf\":{\"@id\":\"https:\\\/\\\/www.malinashop.lt\\\/en\\\/#website\"},\"primaryImageOfPage\":{\"@id\":\"https:\\\/\\\/www.malinashop.lt\\\/en\\\/shop\\\/piuma-kit-base-rinkinys-pilkas-soft\\\/#primaryimage\"},\"image\":{\"@id\":\"https:\\\/\\\/www.malinashop.lt\\\/en\\\/shop\\\/piuma-kit-base-rinkinys-pilkas-soft\\\/#primaryimage\"},\"thumbnailUrl\":\"https:\\\/\\\/www.malinashop.lt\\\/wp-content\\\/uploads\\\/2025\\\/11\\\/dantu_sepetelis_tvari_verslo_dovana_higiena_odontologas_gurmena.lt-600x800-1.png\",\"datePublished\":\"2025-11-24T15:22:38+00:00\",\"dateModified\":\"2026-02-10T10:00:52+00:00\",\"description\":\"PIUMA KIT BASE pilkas dovan\u0173 rinkinys su soft dant\u0173 \u0161epet\u0117liu ir kalendoriniu pagrindu. \u0160veln\u016bs Tynex\u00ae \u0161ereliai, vegani\u0161kas, cruelty free.\",\"breadcrumb\":{\"@id\":\"https:\\\/\\\/www.malinashop.lt\\\/en\\\/shop\\\/piuma-kit-base-rinkinys-pilkas-soft\\\/#breadcrumb\"},\"inLanguage\":\"en-GB\",\"potentialAction\":[{\"@type\":\"ReadAction\",\"target\":[\"https:\\\/\\\/www.malinashop.lt\\\/en\\\/shop\\\/piuma-kit-base-rinkinys-pilkas-soft\\\/\"]}]},{\"@type\":\"ImageObject\",\"inLanguage\":\"en-GB\",\"@id\":\"https:\\\/\\\/www.malinashop.lt\\\/en\\\/shop\\\/piuma-kit-base-rinkinys-pilkas-soft\\\/#primaryimage\",\"url\":\"https:\\\/\\\/www.malinashop.lt\\\/wp-content\\\/uploads\\\/2025\\\/11\\\/dantu_sepetelis_tvari_verslo_dovana_higiena_odontologas_gurmena.lt-600x800-1.png\",\"contentUrl\":\"https:\\\/\\\/www.malinashop.lt\\\/wp-content\\\/uploads\\\/2025\\\/11\\\/dantu_sepetelis_tvari_verslo_dovana_higiena_odontologas_gurmena.lt-600x800-1.png\",\"width\":600,\"height\":800},{\"@type\":\"BreadcrumbList\",\"@id\":\"https:\\\/\\\/www.malinashop.lt\\\/en\\\/shop\\\/piuma-kit-base-rinkinys-pilkas-soft\\\/#breadcrumb\",\"itemListElement\":[{\"@type\":\"ListItem\",\"position\":1,\"name\":\"Home\",\"item\":\"https:\\\/\\\/www.malinashop.lt\\\/en\\\/\"},{\"@type\":\"ListItem\",\"position\":2,\"name\":\"Parduotuv\u0117\",\"item\":\"https:\\\/\\\/www.malinashop.lt\\\/en\\\/parduotuve\\\/\"},{\"@type\":\"ListItem\",\"position\":3,\"name\":\"PIUMA KIT BASE rinkinys (pilkas, soft)\"}]},{\"@type\":\"WebSite\",\"@id\":\"https:\\\/\\\/www.malinashop.lt\\\/en\\\/#website\",\"url\":\"https:\\\/\\\/www.malinashop.lt\\\/en\\\/\",\"name\":\"COM Group Ecommerce\",\"description\":\"MalinaShop.lt - Gro\u017eio ir sveikatos produktai i\u0161 patikim\u0173 preki\u0173 \u017eenkl\u0173. Atraskite auk\u0161tos kokyb\u0117s kosmetik\u0105 u\u017e puiki\u0105 kain\u0105.\",\"publisher\":{\"@id\":\"https:\\\/\\\/www.malinashop.lt\\\/en\\\/#organization\"},\"potentialAction\":[{\"@type\":\"SearchAction\",\"target\":{\"@type\":\"EntryPoint\",\"urlTemplate\":\"https:\\\/\\\/www.malinashop.lt\\\/en\\\/?s={search_term_string}\"},\"query-input\":{\"@type\":\"PropertyValueSpecification\",\"valueRequired\":true,\"valueName\":\"search_term_string\"}}],\"inLanguage\":\"en-GB\"},{\"@type\":\"Organization\",\"@id\":\"https:\\\/\\\/www.malinashop.lt\\\/en\\\/#organization\",\"name\":\"COM Group Ecommerce\",\"url\":\"https:\\\/\\\/www.malinashop.lt\\\/en\\\/\",\"logo\":{\"@type\":\"ImageObject\",\"inLanguage\":\"en-GB\",\"@id\":\"https:\\\/\\\/www.malinashop.lt\\\/en\\\/#\\\/schema\\\/logo\\\/image\\\/\",\"url\":\"https:\\\/\\\/www.malinashop.lt\\\/wp-content\\\/uploads\\\/2024\\\/08\\\/462559670_3787732518133670_9795632669273463_n-e1731525914575.png\",\"contentUrl\":\"https:\\\/\\\/www.malinashop.lt\\\/wp-content\\\/uploads\\\/2024\\\/08\\\/462559670_3787732518133670_9795632669273463_n-e1731525914575.png\",\"width\":180,\"height\":60,\"caption\":\"COM Group Ecommerce\"},\"image\":{\"@id\":\"https:\\\/\\\/www.malinashop.lt\\\/en\\\/#\\\/schema\\\/logo\\\/image\\\/\"}}]}<\/script>\n<!-- \/ Yoast SEO plugin. -->","yoast_head_json":{"title":"PIUMA KIT BASE rinkinys (pilkas, soft) - MalinaShop.lt J\u016bs\u0173 sveikatai ir gro\u017eiui.","description":"PIUMA KIT BASE pilkas dovan\u0173 rinkinys su soft dant\u0173 \u0161epet\u0117liu ir kalendoriniu pagrindu. \u0160veln\u016bs Tynex\u00ae \u0161ereliai, vegani\u0161kas, cruelty free.","robots":{"index":"index","follow":"follow","max-snippet":"max-snippet:-1","max-image-preview":"max-image-preview:large","max-video-preview":"max-video-preview:-1"},"canonical":"https:\/\/www.malinashop.lt\/en\/shop\/piuma-kit-base-rinkinys-pilkas-soft\/","og_locale":"en_GB","og_type":"article","og_title":"PIUMA KIT BASE rinkinys (pilkas, soft) - MalinaShop.lt J\u016bs\u0173 sveikatai ir gro\u017eiui.","og_description":"PIUMA KIT BASE pilkas dovan\u0173 rinkinys su soft dant\u0173 \u0161epet\u0117liu ir kalendoriniu pagrindu. \u0160veln\u016bs Tynex\u00ae \u0161ereliai, vegani\u0161kas, cruelty free.","og_url":"https:\/\/www.malinashop.lt\/en\/shop\/piuma-kit-base-rinkinys-pilkas-soft\/","og_site_name":"MalinaShop.lt J\u016bs\u0173 sveikatai ir gro\u017eiui.","article_modified_time":"2026-02-10T10:00:52+00:00","og_image":[{"width":600,"height":800,"url":"https:\/\/www.malinashop.lt\/wp-content\/uploads\/2025\/11\/dantu_sepetelis_tvari_verslo_dovana_higiena_odontologas_gurmena.lt-600x800-1.png","type":"image\/png"}],"twitter_card":"summary_large_image","schema":{"@context":"https:\/\/schema.org","@graph":[{"@type":"WebPage","@id":"https:\/\/www.malinashop.lt\/en\/shop\/piuma-kit-base-rinkinys-pilkas-soft\/","url":"https:\/\/www.malinashop.lt\/en\/shop\/piuma-kit-base-rinkinys-pilkas-soft\/","name":"PIUMA KIT BASE rinkinys (pilkas, soft) - MalinaShop.lt J\u016bs\u0173 sveikatai ir gro\u017eiui.","isPartOf":{"@id":"https:\/\/www.malinashop.lt\/en\/#website"},"primaryImageOfPage":{"@id":"https:\/\/www.malinashop.lt\/en\/shop\/piuma-kit-base-rinkinys-pilkas-soft\/#primaryimage"},"image":{"@id":"https:\/\/www.malinashop.lt\/en\/shop\/piuma-kit-base-rinkinys-pilkas-soft\/#primaryimage"},"thumbnailUrl":"https:\/\/www.malinashop.lt\/wp-content\/uploads\/2025\/11\/dantu_sepetelis_tvari_verslo_dovana_higiena_odontologas_gurmena.lt-600x800-1.png","datePublished":"2025-11-24T15:22:38+00:00","dateModified":"2026-02-10T10:00:52+00:00","description":"PIUMA KIT BASE pilkas dovan\u0173 rinkinys su soft dant\u0173 \u0161epet\u0117liu ir kalendoriniu pagrindu. \u0160veln\u016bs Tynex\u00ae \u0161ereliai, vegani\u0161kas, cruelty free.","breadcrumb":{"@id":"https:\/\/www.malinashop.lt\/en\/shop\/piuma-kit-base-rinkinys-pilkas-soft\/#breadcrumb"},"inLanguage":"en-GB","potentialAction":[{"@type":"ReadAction","target":["https:\/\/www.malinashop.lt\/en\/shop\/piuma-kit-base-rinkinys-pilkas-soft\/"]}]},{"@type":"ImageObject","inLanguage":"en-GB","@id":"https:\/\/www.malinashop.lt\/en\/shop\/piuma-kit-base-rinkinys-pilkas-soft\/#primaryimage","url":"https:\/\/www.malinashop.lt\/wp-content\/uploads\/2025\/11\/dantu_sepetelis_tvari_verslo_dovana_higiena_odontologas_gurmena.lt-600x800-1.png","contentUrl":"https:\/\/www.malinashop.lt\/wp-content\/uploads\/2025\/11\/dantu_sepetelis_tvari_verslo_dovana_higiena_odontologas_gurmena.lt-600x800-1.png","width":600,"height":800},{"@type":"BreadcrumbList","@id":"https:\/\/www.malinashop.lt\/en\/shop\/piuma-kit-base-rinkinys-pilkas-soft\/#breadcrumb","itemListElement":[{"@type":"ListItem","position":1,"name":"Home","item":"https:\/\/www.malinashop.lt\/en\/"},{"@type":"ListItem","position":2,"name":"Parduotuv\u0117","item":"https:\/\/www.malinashop.lt\/en\/parduotuve\/"},{"@type":"ListItem","position":3,"name":"PIUMA KIT BASE rinkinys (pilkas, soft)"}]},{"@type":"WebSite","@id":"https:\/\/www.malinashop.lt\/en\/#website","url":"https:\/\/www.malinashop.lt\/en\/","name":"COM Group Ecommerce","description":"MalinaShop.lt - Gro\u017eio ir sveikatos produktai i\u0161 patikim\u0173 preki\u0173 \u017eenkl\u0173. Atraskite auk\u0161tos kokyb\u0117s kosmetik\u0105 u\u017e puiki\u0105 kain\u0105.","publisher":{"@id":"https:\/\/www.malinashop.lt\/en\/#organization"},"potentialAction":[{"@type":"SearchAction","target":{"@type":"EntryPoint","urlTemplate":"https:\/\/www.malinashop.lt\/en\/?s={search_term_string}"},"query-input":{"@type":"PropertyValueSpecification","valueRequired":true,"valueName":"search_term_string"}}],"inLanguage":"en-GB"},{"@type":"Organization","@id":"https:\/\/www.malinashop.lt\/en\/#organization","name":"COM Group Ecommerce","url":"https:\/\/www.malinashop.lt\/en\/","logo":{"@type":"ImageObject","inLanguage":"en-GB","@id":"https:\/\/www.malinashop.lt\/en\/#\/schema\/logo\/image\/","url":"https:\/\/www.malinashop.lt\/wp-content\/uploads\/2024\/08\/462559670_3787732518133670_9795632669273463_n-e1731525914575.png","contentUrl":"https:\/\/www.malinashop.lt\/wp-content\/uploads\/2024\/08\/462559670_3787732518133670_9795632669273463_n-e1731525914575.png","width":180,"height":60,"caption":"COM Group Ecommerce"},"image":{"@id":"https:\/\/www.malinashop.lt\/en\/#\/schema\/logo\/image\/"}}]}},"jetpack_sharing_enabled":true,"_links":{"self":[{"href":"https:\/\/www.malinashop.lt\/en\/wp-json\/wp\/v2\/product\/63890","targetHints":{"allow":["GET"]}}],"collection":[{"href":"https:\/\/www.malinashop.lt\/en\/wp-json\/wp\/v2\/product"}],"about":[{"href":"https:\/\/www.malinashop.lt\/en\/wp-json\/wp\/v2\/types\/product"}],"version-history":[{"count":2,"href":"https:\/\/www.malinashop.lt\/en\/wp-json\/wp\/v2\/product\/63890\/revisions"}],"predecessor-version":[{"id":72297,"href":"https:\/\/www.malinashop.lt\/en\/wp-json\/wp\/v2\/product\/63890\/revisions\/72297"}],"wp:featuredmedia":[{"embeddable":true,"href":"https:\/\/www.malinashop.lt\/en\/wp-json\/wp\/v2\/media\/63884"}],"wp:attachment":[{"href":"https:\/\/www.malinashop.lt\/en\/wp-json\/wp\/v2\/media?parent=63890"}],"wp:term":[{"taxonomy":"product_brand","embeddable":true,"href":"https:\/\/www.malinashop.lt\/en\/wp-json\/wp\/v2\/product_brand?post=63890"},{"taxonomy":"product_cat","embeddable":true,"href":"https:\/\/www.malinashop.lt\/en\/wp-json\/wp\/v2\/product_cat?post=63890"},{"taxonomy":"product_tag","embeddable":true,"href":"https:\/\/www.malinashop.lt\/en\/wp-json\/wp\/v2\/product_tag?post=63890"}],"curies":[{"name":"wp","href":"https:\/\/api.w.org\/{rel}","templated":true}]}}