{"id":63853,"date":"2025-11-24T18:22:09","date_gmt":"2025-11-24T15:22:09","guid":{"rendered":"https:\/\/malinashop.lt\/?post_type=product&#038;p=63853"},"modified":"2026-02-10T12:48:08","modified_gmt":"2026-02-10T09:48:08","slug":"paese-wonder-loose-biri-svytejimo-suteikianti-priemone","status":"publish","type":"product","link":"https:\/\/www.malinashop.lt\/en\/shop\/paese-wonder-loose-biri-svytejimo-suteikianti-priemone\/","title":{"rendered":"PAESE WONDER LOOSE biri \u0161vyt\u0117jimo suteikianti priemon\u0117"},"content":{"rendered":"<p data-start=\"194\" data-end=\"486\">PAESE <strong data-start=\"200\" data-end=\"216\">WONDER LOOSE<\/strong> \u2013 tai biri \u0161vyt\u0117jimo suteikianti priemon\u0117, kuri suteikia odai skaist\u0173, sveik\u0105 ir nat\u016bral\u0173 satinin\u012f \u0161vyt\u0117jim\u0105. Limituoto leidimo formul\u0117 praturtinta <strong data-start=\"365\" data-end=\"405\">milijonais smulki\u0173 \u0161vytin\u010di\u0173 daleli\u0173<\/strong>, kurios subtiliai atspindi \u0161vies\u0105 ir vizualiai i\u0161ry\u0161kina veido bei k\u016bno bruo\u017eus.<\/p>\n<p data-start=\"488\" data-end=\"721\">Itin lengva ir \u0161velni tekst\u016bra puikiai susilieja su oda, neapsunkina makia\u017eo ir nepalieka sunkaus poj\u016b\u010dio. Neutralus sm\u0117lio atspalvis prisitaiko prie skirting\u0173 odos ton\u0173, tod\u0117l priemon\u0117 tinka tiek dieniniam, tiek vakariniam makia\u017eui.<\/p>\n<p data-start=\"723\" data-end=\"904\">\u0160i biri \u0161vyt\u0117jimo priemon\u0117 idealiai tinka <strong data-start=\"765\" data-end=\"787\">makia\u017eo u\u017ebaigimui<\/strong>, suteikiant odai subtil\u0173, eleganti\u0161k\u0105 spindes\u012f. Vegani\u0161ka formul\u0117 u\u017etikrina malon\u0173 naudojim\u0105 ir \u0161veln\u0173 poveik\u012f odai.<\/p>\n<p data-start=\"906\" data-end=\"930\"><strong data-start=\"906\" data-end=\"930\">Pagrindin\u0117s savyb\u0117s:<\/strong><\/p>\n<ul data-start=\"931\" data-end=\"1128\">\n<li data-start=\"931\" data-end=\"972\">\n<p data-start=\"933\" data-end=\"972\">Suteikia satinin\u012f, nat\u016bral\u0173 \u0161vyt\u0117jim\u0105<\/p>\n<\/li>\n<li data-start=\"973\" data-end=\"1012\">\n<p data-start=\"975\" data-end=\"1012\">Milijonai smulki\u0173 \u0161vytin\u010di\u0173 daleli\u0173<\/p>\n<\/li>\n<li data-start=\"1013\" data-end=\"1049\">\n<p data-start=\"1015\" data-end=\"1049\">Puikiai tinka makia\u017eo u\u017ebaigimui<\/p>\n<\/li>\n<li data-start=\"1050\" data-end=\"1080\">\n<p data-start=\"1052\" data-end=\"1080\">Neutralus sm\u0117lio atspalvis<\/p>\n<\/li>\n<li data-start=\"1081\" data-end=\"1106\">\n<p data-start=\"1083\" data-end=\"1106\">Lengva, biri tekst\u016bra<\/p>\n<\/li>\n<li data-start=\"1107\" data-end=\"1128\">\n<p data-start=\"1109\" data-end=\"1128\">Vegani\u0161ka formul\u0117<\/p>\n<\/li>\n<\/ul>\n<p data-start=\"1130\" data-end=\"1373\"><strong data-start=\"1130\" data-end=\"1145\">Naudojimas:<\/strong><br data-start=\"1145\" data-end=\"1148\" \/>Lengvais teptuko br\u016bk\u0161tel\u0117jimais pary\u0161kinkite skruostikaulius, raktikaulius ar kitas norimas vietas. Norint subtilaus spindesio visam k\u016bnui ar veidui, nedidel\u012f kiek\u012f priemon\u0117s galite sumai\u0161yti su m\u0117gstamu veido ar k\u016bno kremu.<\/p>\n<p data-start=\"1375\" data-end=\"1391\"><strong data-start=\"1375\" data-end=\"1385\">T\u016bris:<\/strong> 3,5 g<\/p>\n","protected":false},"excerpt":{"rendered":"<p data-start=\"1433\" data-end=\"1633\">Biri \u0161vyt\u0117jimo suteikianti priemon\u0117 su milijonais \u0161vies\u0105 atspindin\u010di\u0173 daleli\u0173, suteikianti odai nat\u016bral\u0173 satinin\u012f spindes\u012f. Puikiai tinka makia\u017eo u\u017ebaigimui, neutralios spalvos ir vegani\u0161kos formul\u0117s.<\/p>\n","protected":false},"featured_media":63855,"template":"","meta":[],"product_brand":[1534],"product_cat":[537,728],"product_tag":[1614],"class_list":{"0":"post-63853","1":"product","2":"type-product","3":"status-publish","4":"has-post-thumbnail","6":"product_brand-paese","7":"product_cat-veido-valymo-priemones","8":"product_cat-veidui","9":"product_tag-paese","11":"first","12":"instock","13":"purchasable","14":"product-type-simple"},"yoast_head":"<!-- This site is optimized with the Yoast SEO plugin v27.4 - https:\/\/yoast.com\/product\/yoast-seo-wordpress\/ -->\n<title>PAESE WONDER LOOSE biri \u0161vyt\u0117jimo suteikianti priemon\u0117 - MalinaShop.lt J\u016bs\u0173 sveikatai ir gro\u017eiui.<\/title>\n<meta name=\"description\" content=\"PAESE WONDER LOOSE \u2013 biri \u0161vyt\u0117jimo suteikianti priemon\u0117 su satininio \u0161vyt\u0117jimo efektu. Lengva tekst\u016bra, neutralus atspalvis, ideali makia\u017eo u\u017ebaigimui.\" \/>\n<meta name=\"robots\" content=\"index, follow, max-snippet:-1, max-image-preview:large, max-video-preview:-1\" \/>\n<link rel=\"canonical\" href=\"https:\/\/www.malinashop.lt\/en\/shop\/paese-wonder-loose-biri-svytejimo-suteikianti-priemone\/\" \/>\n<meta property=\"og:locale\" content=\"en_GB\" \/>\n<meta property=\"og:type\" content=\"article\" \/>\n<meta property=\"og:title\" content=\"PAESE WONDER LOOSE biri \u0161vyt\u0117jimo suteikianti priemon\u0117 - MalinaShop.lt J\u016bs\u0173 sveikatai ir gro\u017eiui.\" \/>\n<meta property=\"og:description\" content=\"PAESE WONDER LOOSE \u2013 biri \u0161vyt\u0117jimo suteikianti priemon\u0117 su satininio \u0161vyt\u0117jimo efektu. Lengva tekst\u016bra, neutralus atspalvis, ideali makia\u017eo u\u017ebaigimui.\" \/>\n<meta property=\"og:url\" content=\"https:\/\/www.malinashop.lt\/en\/shop\/paese-wonder-loose-biri-svytejimo-suteikianti-priemone\/\" \/>\n<meta property=\"og:site_name\" content=\"MalinaShop.lt J\u016bs\u0173 sveikatai ir gro\u017eiui.\" \/>\n<meta property=\"article:modified_time\" content=\"2026-02-10T09:48:08+00:00\" \/>\n<meta property=\"og:image\" content=\"https:\/\/www.malinashop.lt\/wp-content\/uploads\/2025\/11\/biri-svytejimo-suteikianti-priemone-wonder-loose.jpg\" \/>\n\t<meta property=\"og:image:width\" content=\"600\" \/>\n\t<meta property=\"og:image:height\" content=\"800\" \/>\n\t<meta property=\"og:image:type\" content=\"image\/jpeg\" \/>\n<meta name=\"twitter:card\" content=\"summary_large_image\" \/>\n<script type=\"application\/ld+json\" class=\"yoast-schema-graph\">{\"@context\":\"https:\\\/\\\/schema.org\",\"@graph\":[{\"@type\":\"WebPage\",\"@id\":\"https:\\\/\\\/www.malinashop.lt\\\/en\\\/shop\\\/paese-wonder-loose-biri-svytejimo-suteikianti-priemone\\\/\",\"url\":\"https:\\\/\\\/www.malinashop.lt\\\/en\\\/shop\\\/paese-wonder-loose-biri-svytejimo-suteikianti-priemone\\\/\",\"name\":\"PAESE WONDER LOOSE biri \u0161vyt\u0117jimo suteikianti priemon\u0117 - MalinaShop.lt J\u016bs\u0173 sveikatai ir gro\u017eiui.\",\"isPartOf\":{\"@id\":\"https:\\\/\\\/www.malinashop.lt\\\/#website\"},\"primaryImageOfPage\":{\"@id\":\"https:\\\/\\\/www.malinashop.lt\\\/en\\\/shop\\\/paese-wonder-loose-biri-svytejimo-suteikianti-priemone\\\/#primaryimage\"},\"image\":{\"@id\":\"https:\\\/\\\/www.malinashop.lt\\\/en\\\/shop\\\/paese-wonder-loose-biri-svytejimo-suteikianti-priemone\\\/#primaryimage\"},\"thumbnailUrl\":\"https:\\\/\\\/www.malinashop.lt\\\/wp-content\\\/uploads\\\/2025\\\/11\\\/biri-svytejimo-suteikianti-priemone-wonder-loose.jpg\",\"datePublished\":\"2025-11-24T15:22:09+00:00\",\"dateModified\":\"2026-02-10T09:48:08+00:00\",\"description\":\"PAESE WONDER LOOSE \u2013 biri \u0161vyt\u0117jimo suteikianti priemon\u0117 su satininio \u0161vyt\u0117jimo efektu. Lengva tekst\u016bra, neutralus atspalvis, ideali makia\u017eo u\u017ebaigimui.\",\"breadcrumb\":{\"@id\":\"https:\\\/\\\/www.malinashop.lt\\\/en\\\/shop\\\/paese-wonder-loose-biri-svytejimo-suteikianti-priemone\\\/#breadcrumb\"},\"inLanguage\":\"en-GB\",\"potentialAction\":[{\"@type\":\"ReadAction\",\"target\":[\"https:\\\/\\\/www.malinashop.lt\\\/en\\\/shop\\\/paese-wonder-loose-biri-svytejimo-suteikianti-priemone\\\/\"]}]},{\"@type\":\"ImageObject\",\"inLanguage\":\"en-GB\",\"@id\":\"https:\\\/\\\/www.malinashop.lt\\\/en\\\/shop\\\/paese-wonder-loose-biri-svytejimo-suteikianti-priemone\\\/#primaryimage\",\"url\":\"https:\\\/\\\/www.malinashop.lt\\\/wp-content\\\/uploads\\\/2025\\\/11\\\/biri-svytejimo-suteikianti-priemone-wonder-loose.jpg\",\"contentUrl\":\"https:\\\/\\\/www.malinashop.lt\\\/wp-content\\\/uploads\\\/2025\\\/11\\\/biri-svytejimo-suteikianti-priemone-wonder-loose.jpg\",\"width\":600,\"height\":800},{\"@type\":\"BreadcrumbList\",\"@id\":\"https:\\\/\\\/www.malinashop.lt\\\/en\\\/shop\\\/paese-wonder-loose-biri-svytejimo-suteikianti-priemone\\\/#breadcrumb\",\"itemListElement\":[{\"@type\":\"ListItem\",\"position\":1,\"name\":\"Pagrindinis\",\"item\":\"https:\\\/\\\/www.malinashop.lt\\\/\"},{\"@type\":\"ListItem\",\"position\":2,\"name\":\"Parduotuv\u0117\",\"item\":\"https:\\\/\\\/www.malinashop.lt\\\/en\\\/parduotuve\\\/\"},{\"@type\":\"ListItem\",\"position\":3,\"name\":\"PAESE WONDER LOOSE biri \u0161vyt\u0117jimo suteikianti priemon\u0117\"}]},{\"@type\":\"WebSite\",\"@id\":\"https:\\\/\\\/www.malinashop.lt\\\/#website\",\"url\":\"https:\\\/\\\/www.malinashop.lt\\\/\",\"name\":\"COM Group Ecommerce\",\"description\":\"MalinaShop.lt - Gro\u017eio ir sveikatos produktai i\u0161 patikim\u0173 preki\u0173 \u017eenkl\u0173. Atraskite auk\u0161tos kokyb\u0117s kosmetik\u0105 u\u017e puiki\u0105 kain\u0105.\",\"publisher\":{\"@id\":\"https:\\\/\\\/www.malinashop.lt\\\/#organization\"},\"potentialAction\":[{\"@type\":\"SearchAction\",\"target\":{\"@type\":\"EntryPoint\",\"urlTemplate\":\"https:\\\/\\\/www.malinashop.lt\\\/?s={search_term_string}\"},\"query-input\":{\"@type\":\"PropertyValueSpecification\",\"valueRequired\":true,\"valueName\":\"search_term_string\"}}],\"inLanguage\":\"en-GB\"},{\"@type\":\"Organization\",\"@id\":\"https:\\\/\\\/www.malinashop.lt\\\/#organization\",\"name\":\"COM Group Ecommerce\",\"url\":\"https:\\\/\\\/www.malinashop.lt\\\/\",\"logo\":{\"@type\":\"ImageObject\",\"inLanguage\":\"en-GB\",\"@id\":\"https:\\\/\\\/www.malinashop.lt\\\/#\\\/schema\\\/logo\\\/image\\\/\",\"url\":\"https:\\\/\\\/www.malinashop.lt\\\/wp-content\\\/uploads\\\/2024\\\/08\\\/462559670_3787732518133670_9795632669273463_n-e1731525914575.png\",\"contentUrl\":\"https:\\\/\\\/www.malinashop.lt\\\/wp-content\\\/uploads\\\/2024\\\/08\\\/462559670_3787732518133670_9795632669273463_n-e1731525914575.png\",\"width\":180,\"height\":60,\"caption\":\"COM Group Ecommerce\"},\"image\":{\"@id\":\"https:\\\/\\\/www.malinashop.lt\\\/#\\\/schema\\\/logo\\\/image\\\/\"}}]}<\/script>\n<!-- \/ Yoast SEO plugin. -->","yoast_head_json":{"title":"PAESE WONDER LOOSE biri \u0161vyt\u0117jimo suteikianti priemon\u0117 - MalinaShop.lt J\u016bs\u0173 sveikatai ir gro\u017eiui.","description":"PAESE WONDER LOOSE \u2013 biri \u0161vyt\u0117jimo suteikianti priemon\u0117 su satininio \u0161vyt\u0117jimo efektu. Lengva tekst\u016bra, neutralus atspalvis, ideali makia\u017eo u\u017ebaigimui.","robots":{"index":"index","follow":"follow","max-snippet":"max-snippet:-1","max-image-preview":"max-image-preview:large","max-video-preview":"max-video-preview:-1"},"canonical":"https:\/\/www.malinashop.lt\/en\/shop\/paese-wonder-loose-biri-svytejimo-suteikianti-priemone\/","og_locale":"en_GB","og_type":"article","og_title":"PAESE WONDER LOOSE biri \u0161vyt\u0117jimo suteikianti priemon\u0117 - MalinaShop.lt J\u016bs\u0173 sveikatai ir gro\u017eiui.","og_description":"PAESE WONDER LOOSE \u2013 biri \u0161vyt\u0117jimo suteikianti priemon\u0117 su satininio \u0161vyt\u0117jimo efektu. Lengva tekst\u016bra, neutralus atspalvis, ideali makia\u017eo u\u017ebaigimui.","og_url":"https:\/\/www.malinashop.lt\/en\/shop\/paese-wonder-loose-biri-svytejimo-suteikianti-priemone\/","og_site_name":"MalinaShop.lt J\u016bs\u0173 sveikatai ir gro\u017eiui.","article_modified_time":"2026-02-10T09:48:08+00:00","og_image":[{"width":600,"height":800,"url":"https:\/\/www.malinashop.lt\/wp-content\/uploads\/2025\/11\/biri-svytejimo-suteikianti-priemone-wonder-loose.jpg","type":"image\/jpeg"}],"twitter_card":"summary_large_image","schema":{"@context":"https:\/\/schema.org","@graph":[{"@type":"WebPage","@id":"https:\/\/www.malinashop.lt\/en\/shop\/paese-wonder-loose-biri-svytejimo-suteikianti-priemone\/","url":"https:\/\/www.malinashop.lt\/en\/shop\/paese-wonder-loose-biri-svytejimo-suteikianti-priemone\/","name":"PAESE WONDER LOOSE biri \u0161vyt\u0117jimo suteikianti priemon\u0117 - MalinaShop.lt J\u016bs\u0173 sveikatai ir gro\u017eiui.","isPartOf":{"@id":"https:\/\/www.malinashop.lt\/#website"},"primaryImageOfPage":{"@id":"https:\/\/www.malinashop.lt\/en\/shop\/paese-wonder-loose-biri-svytejimo-suteikianti-priemone\/#primaryimage"},"image":{"@id":"https:\/\/www.malinashop.lt\/en\/shop\/paese-wonder-loose-biri-svytejimo-suteikianti-priemone\/#primaryimage"},"thumbnailUrl":"https:\/\/www.malinashop.lt\/wp-content\/uploads\/2025\/11\/biri-svytejimo-suteikianti-priemone-wonder-loose.jpg","datePublished":"2025-11-24T15:22:09+00:00","dateModified":"2026-02-10T09:48:08+00:00","description":"PAESE WONDER LOOSE \u2013 biri \u0161vyt\u0117jimo suteikianti priemon\u0117 su satininio \u0161vyt\u0117jimo efektu. Lengva tekst\u016bra, neutralus atspalvis, ideali makia\u017eo u\u017ebaigimui.","breadcrumb":{"@id":"https:\/\/www.malinashop.lt\/en\/shop\/paese-wonder-loose-biri-svytejimo-suteikianti-priemone\/#breadcrumb"},"inLanguage":"en-GB","potentialAction":[{"@type":"ReadAction","target":["https:\/\/www.malinashop.lt\/en\/shop\/paese-wonder-loose-biri-svytejimo-suteikianti-priemone\/"]}]},{"@type":"ImageObject","inLanguage":"en-GB","@id":"https:\/\/www.malinashop.lt\/en\/shop\/paese-wonder-loose-biri-svytejimo-suteikianti-priemone\/#primaryimage","url":"https:\/\/www.malinashop.lt\/wp-content\/uploads\/2025\/11\/biri-svytejimo-suteikianti-priemone-wonder-loose.jpg","contentUrl":"https:\/\/www.malinashop.lt\/wp-content\/uploads\/2025\/11\/biri-svytejimo-suteikianti-priemone-wonder-loose.jpg","width":600,"height":800},{"@type":"BreadcrumbList","@id":"https:\/\/www.malinashop.lt\/en\/shop\/paese-wonder-loose-biri-svytejimo-suteikianti-priemone\/#breadcrumb","itemListElement":[{"@type":"ListItem","position":1,"name":"Pagrindinis","item":"https:\/\/www.malinashop.lt\/"},{"@type":"ListItem","position":2,"name":"Parduotuv\u0117","item":"https:\/\/www.malinashop.lt\/en\/parduotuve\/"},{"@type":"ListItem","position":3,"name":"PAESE WONDER LOOSE biri \u0161vyt\u0117jimo suteikianti priemon\u0117"}]},{"@type":"WebSite","@id":"https:\/\/www.malinashop.lt\/#website","url":"https:\/\/www.malinashop.lt\/","name":"COM Group Ecommerce","description":"MalinaShop.lt - Gro\u017eio ir sveikatos produktai i\u0161 patikim\u0173 preki\u0173 \u017eenkl\u0173. Atraskite auk\u0161tos kokyb\u0117s kosmetik\u0105 u\u017e puiki\u0105 kain\u0105.","publisher":{"@id":"https:\/\/www.malinashop.lt\/#organization"},"potentialAction":[{"@type":"SearchAction","target":{"@type":"EntryPoint","urlTemplate":"https:\/\/www.malinashop.lt\/?s={search_term_string}"},"query-input":{"@type":"PropertyValueSpecification","valueRequired":true,"valueName":"search_term_string"}}],"inLanguage":"en-GB"},{"@type":"Organization","@id":"https:\/\/www.malinashop.lt\/#organization","name":"COM Group Ecommerce","url":"https:\/\/www.malinashop.lt\/","logo":{"@type":"ImageObject","inLanguage":"en-GB","@id":"https:\/\/www.malinashop.lt\/#\/schema\/logo\/image\/","url":"https:\/\/www.malinashop.lt\/wp-content\/uploads\/2024\/08\/462559670_3787732518133670_9795632669273463_n-e1731525914575.png","contentUrl":"https:\/\/www.malinashop.lt\/wp-content\/uploads\/2024\/08\/462559670_3787732518133670_9795632669273463_n-e1731525914575.png","width":180,"height":60,"caption":"COM Group Ecommerce"},"image":{"@id":"https:\/\/www.malinashop.lt\/#\/schema\/logo\/image\/"}}]}},"jetpack_sharing_enabled":true,"_links":{"self":[{"href":"https:\/\/www.malinashop.lt\/en\/wp-json\/wp\/v2\/product\/63853","targetHints":{"allow":["GET"]}}],"collection":[{"href":"https:\/\/www.malinashop.lt\/en\/wp-json\/wp\/v2\/product"}],"about":[{"href":"https:\/\/www.malinashop.lt\/en\/wp-json\/wp\/v2\/types\/product"}],"version-history":[{"count":3,"href":"https:\/\/www.malinashop.lt\/en\/wp-json\/wp\/v2\/product\/63853\/revisions"}],"predecessor-version":[{"id":72290,"href":"https:\/\/www.malinashop.lt\/en\/wp-json\/wp\/v2\/product\/63853\/revisions\/72290"}],"wp:featuredmedia":[{"embeddable":true,"href":"https:\/\/www.malinashop.lt\/en\/wp-json\/wp\/v2\/media\/63855"}],"wp:attachment":[{"href":"https:\/\/www.malinashop.lt\/en\/wp-json\/wp\/v2\/media?parent=63853"}],"wp:term":[{"taxonomy":"product_brand","embeddable":true,"href":"https:\/\/www.malinashop.lt\/en\/wp-json\/wp\/v2\/product_brand?post=63853"},{"taxonomy":"product_cat","embeddable":true,"href":"https:\/\/www.malinashop.lt\/en\/wp-json\/wp\/v2\/product_cat?post=63853"},{"taxonomy":"product_tag","embeddable":true,"href":"https:\/\/www.malinashop.lt\/en\/wp-json\/wp\/v2\/product_tag?post=63853"}],"curies":[{"name":"wp","href":"https:\/\/api.w.org\/{rel}","templated":true}]}}