{"id":63569,"date":"2025-11-24T18:02:00","date_gmt":"2025-11-24T15:02:00","guid":{"rendered":"https:\/\/malinashop.lt\/?post_type=product&#038;p=63569"},"modified":"2026-02-10T12:48:14","modified_gmt":"2026-02-10T09:48:14","slug":"paese-illuminating-covering-1c-kompaktine-pudra-9g","status":"publish","type":"product","link":"https:\/\/www.malinashop.lt\/en\/shop\/paese-illuminating-covering-1c-kompaktine-pudra-9g\/","title":{"rendered":"PAESE ILLUMINATING &#038; COVERING 1C kompaktin\u0117 pudra, 9g"},"content":{"rendered":"<p data-start=\"233\" data-end=\"568\">PAESE kompaktin\u0117 pudra <strong data-start=\"256\" data-end=\"286\">ILLUMINATING &amp; COVERING 1C<\/strong> \u2013 tai \u0161vytin\u010dio ir maskuojan\u010dio efekto pudra, sukurta sausai, brand\u017eiai ir normaliai veido odai. Naujos kartos formul\u0117 sujungia aksominio \u0161velnumo miltelius ir lengvas kremin\u0117s pudros daleles, kurios padeda i\u0161lyginti odos spalv\u0105, suteikti \u0161vyt\u0117jimo ir pasl\u0117pti smulkias rauk\u0161leles.<\/p>\n<p data-start=\"570\" data-end=\"920\">Pudroje esantis <strong data-start=\"586\" data-end=\"601\">vitaminas C<\/strong> veikia kaip stiprus antioksidantas: gerina odos tonus\u0105, skatina kolageno sintez\u0119 ir suteikia gaivumo efekt\u0105. <strong data-start=\"711\" data-end=\"726\">Vitaminas E<\/strong> maitina ir saugo epiderm\u012f, palaiko odos elastingum\u0105 ir stiprina nat\u016bral\u0173 apsaugin\u012f barjer\u0105. Formul\u0117je taip pat yra <strong data-start=\"842\" data-end=\"857\">bi\u010di\u0173 va\u0161ko<\/strong>, kuris padeda i\u0161laikyti dr\u0117gm\u0119 ir apsaugo od\u0105 nuo i\u0161saus\u0117jimo.<\/p>\n<p data-start=\"922\" data-end=\"1119\">\u0160i kompaktin\u0117 pudra tolygiai pasidengia ir suteikia subtil\u0173 \u0161vyt\u0117jim\u0105, i\u0161ry\u0161kinant\u012f veido bruo\u017eus. Rekomenduojama tepti nat\u016bralaus pluo\u0161to teptuku, kad efektas b\u016bt\u0173 dar geresnis ir ilgaam\u017ei\u0161kesnis.<\/p>\n<p data-start=\"1121\" data-end=\"1136\"><strong data-start=\"1121\" data-end=\"1136\">Kiekis: 9 g<\/strong><\/p>\n<h4 data-start=\"1138\" data-end=\"1168\"><strong data-start=\"1142\" data-end=\"1166\">Pagrindin\u0117s savyb\u0117s:<\/strong><\/h4>\n<ul data-start=\"1169\" data-end=\"1418\">\n<li data-start=\"1169\" data-end=\"1256\">\n<p data-start=\"1171\" data-end=\"1256\">Gra\u017eiai atspindi \u0161vies\u0105 bei opti\u0161kai i\u0161lygina smulkias rauk\u0161leles ir odos nelygumus<\/p>\n<\/li>\n<li data-start=\"1257\" data-end=\"1309\">\n<p data-start=\"1259\" data-end=\"1309\">\u0160vytin\u010dios dalel\u0117s suteikia sveikos odos \u012fvaizd\u012f<\/p>\n<\/li>\n<li data-start=\"1310\" data-end=\"1357\">\n<p data-start=\"1312\" data-end=\"1357\">Bi\u010di\u0173 va\u0161kas saugo od\u0105 nuo dr\u0117gm\u0117s netekimo<\/p>\n<\/li>\n<li data-start=\"1358\" data-end=\"1418\">\n<p data-start=\"1360\" data-end=\"1418\">Suteikia nat\u016braliai skaist\u0173, subtiliai pary\u0161kint\u0105 efekt\u0105<\/p>\n<\/li>\n<\/ul>\n","protected":false},"excerpt":{"rendered":"<p data-start=\"1463\" data-end=\"1646\">PAESE ILLUMINATING &amp; COVERING 1C \u2013 \u0161vytin\u010dio ir maskuojan\u010dio efekto kompaktin\u0117 pudra su vitaminais C ir E bei bi\u010di\u0173 va\u0161ku. Suteikia skaistumo, i\u0161lygina od\u0105 ir apsaugo nuo i\u0161saus\u0117jimo.<\/p>\n","protected":false},"featured_media":63571,"template":"","meta":[],"product_brand":[1534],"product_cat":[102,792],"product_tag":[1614],"class_list":{"0":"post-63569","1":"product","2":"type-product","3":"status-publish","4":"has-post-thumbnail","6":"product_brand-paese","7":"product_cat-dekoratyvine-kosmetika","8":"product_cat-veido-pudros","9":"product_tag-paese","11":"first","12":"instock","13":"purchasable","14":"product-type-simple"},"yoast_head":"<!-- This site is optimized with the Yoast SEO plugin v27.4 - https:\/\/yoast.com\/product\/yoast-seo-wordpress\/ -->\n<title>PAESE ILLUMINATING &amp; COVERING 1C kompaktin\u0117 pudra, 9g - MalinaShop.lt J\u016bs\u0173 sveikatai ir gro\u017eiui.<\/title>\n<meta name=\"description\" content=\"PAESE ILLUMINATING &amp; COVERING 1C \u2013 \u0161vytinanti, maskuojanti kompaktin\u0117 pudra su vitaminais C ir E. Suteikia skaistumo, lygina od\u0105 ir saugo nuo i\u0161saus\u0117jimo.\" \/>\n<meta name=\"robots\" content=\"index, follow, max-snippet:-1, max-image-preview:large, max-video-preview:-1\" \/>\n<link rel=\"canonical\" href=\"https:\/\/www.malinashop.lt\/en\/shop\/paese-illuminating-covering-1c-kompaktine-pudra-9g\/\" \/>\n<meta property=\"og:locale\" content=\"en_GB\" \/>\n<meta property=\"og:type\" content=\"article\" \/>\n<meta property=\"og:title\" content=\"PAESE ILLUMINATING &amp; COVERING 1C kompaktin\u0117 pudra, 9g - MalinaShop.lt J\u016bs\u0173 sveikatai ir gro\u017eiui.\" \/>\n<meta property=\"og:description\" content=\"PAESE ILLUMINATING &amp; COVERING 1C \u2013 \u0161vytinanti, maskuojanti kompaktin\u0117 pudra su vitaminais C ir E. Suteikia skaistumo, lygina od\u0105 ir saugo nuo i\u0161saus\u0117jimo.\" \/>\n<meta property=\"og:url\" content=\"https:\/\/www.malinashop.lt\/en\/shop\/paese-illuminating-covering-1c-kompaktine-pudra-9g\/\" \/>\n<meta property=\"og:site_name\" content=\"MalinaShop.lt J\u016bs\u0173 sveikatai ir gro\u017eiui.\" \/>\n<meta property=\"article:modified_time\" content=\"2026-02-10T09:48:14+00:00\" \/>\n<meta property=\"og:image\" content=\"https:\/\/www.malinashop.lt\/wp-content\/uploads\/2025\/11\/Illuminating-Covering-Powder-1C.jpg\" \/>\n\t<meta property=\"og:image:width\" content=\"1080\" \/>\n\t<meta property=\"og:image:height\" content=\"1080\" \/>\n\t<meta property=\"og:image:type\" content=\"image\/jpeg\" \/>\n<meta name=\"twitter:card\" content=\"summary_large_image\" \/>\n<script type=\"application\/ld+json\" class=\"yoast-schema-graph\">{\"@context\":\"https:\\\/\\\/schema.org\",\"@graph\":[{\"@type\":\"WebPage\",\"@id\":\"https:\\\/\\\/www.malinashop.lt\\\/shop\\\/paese-illuminating-covering-1c-kompaktine-pudra-9g\\\/\",\"url\":\"https:\\\/\\\/www.malinashop.lt\\\/shop\\\/paese-illuminating-covering-1c-kompaktine-pudra-9g\\\/\",\"name\":\"PAESE ILLUMINATING & COVERING 1C kompaktin\u0117 pudra, 9g - MalinaShop.lt J\u016bs\u0173 sveikatai ir gro\u017eiui.\",\"isPartOf\":{\"@id\":\"https:\\\/\\\/www.malinashop.lt\\\/#website\"},\"primaryImageOfPage\":{\"@id\":\"https:\\\/\\\/www.malinashop.lt\\\/shop\\\/paese-illuminating-covering-1c-kompaktine-pudra-9g\\\/#primaryimage\"},\"image\":{\"@id\":\"https:\\\/\\\/www.malinashop.lt\\\/shop\\\/paese-illuminating-covering-1c-kompaktine-pudra-9g\\\/#primaryimage\"},\"thumbnailUrl\":\"https:\\\/\\\/www.malinashop.lt\\\/wp-content\\\/uploads\\\/2025\\\/11\\\/Illuminating-Covering-Powder-1C.jpg\",\"datePublished\":\"2025-11-24T15:02:00+00:00\",\"dateModified\":\"2026-02-10T09:48:14+00:00\",\"description\":\"PAESE ILLUMINATING & COVERING 1C \u2013 \u0161vytinanti, maskuojanti kompaktin\u0117 pudra su vitaminais C ir E. Suteikia skaistumo, lygina od\u0105 ir saugo nuo i\u0161saus\u0117jimo.\",\"breadcrumb\":{\"@id\":\"https:\\\/\\\/www.malinashop.lt\\\/shop\\\/paese-illuminating-covering-1c-kompaktine-pudra-9g\\\/#breadcrumb\"},\"inLanguage\":\"en-GB\",\"potentialAction\":[{\"@type\":\"ReadAction\",\"target\":[\"https:\\\/\\\/www.malinashop.lt\\\/shop\\\/paese-illuminating-covering-1c-kompaktine-pudra-9g\\\/\"]}]},{\"@type\":\"ImageObject\",\"inLanguage\":\"en-GB\",\"@id\":\"https:\\\/\\\/www.malinashop.lt\\\/shop\\\/paese-illuminating-covering-1c-kompaktine-pudra-9g\\\/#primaryimage\",\"url\":\"https:\\\/\\\/www.malinashop.lt\\\/wp-content\\\/uploads\\\/2025\\\/11\\\/Illuminating-Covering-Powder-1C.jpg\",\"contentUrl\":\"https:\\\/\\\/www.malinashop.lt\\\/wp-content\\\/uploads\\\/2025\\\/11\\\/Illuminating-Covering-Powder-1C.jpg\",\"width\":1080,\"height\":1080},{\"@type\":\"BreadcrumbList\",\"@id\":\"https:\\\/\\\/www.malinashop.lt\\\/shop\\\/paese-illuminating-covering-1c-kompaktine-pudra-9g\\\/#breadcrumb\",\"itemListElement\":[{\"@type\":\"ListItem\",\"position\":1,\"name\":\"Pagrindinis\",\"item\":\"https:\\\/\\\/www.malinashop.lt\\\/\"},{\"@type\":\"ListItem\",\"position\":2,\"name\":\"Parduotuv\u0117\",\"item\":\"https:\\\/\\\/www.malinashop.lt\\\/en\\\/parduotuve\\\/\"},{\"@type\":\"ListItem\",\"position\":3,\"name\":\"PAESE ILLUMINATING &#038; COVERING 1C kompaktin\u0117 pudra, 9g\"}]},{\"@type\":\"WebSite\",\"@id\":\"https:\\\/\\\/www.malinashop.lt\\\/#website\",\"url\":\"https:\\\/\\\/www.malinashop.lt\\\/\",\"name\":\"COM Group Ecommerce\",\"description\":\"MalinaShop.lt - Gro\u017eio ir sveikatos produktai i\u0161 patikim\u0173 preki\u0173 \u017eenkl\u0173. Atraskite auk\u0161tos kokyb\u0117s kosmetik\u0105 u\u017e puiki\u0105 kain\u0105.\",\"publisher\":{\"@id\":\"https:\\\/\\\/www.malinashop.lt\\\/#organization\"},\"potentialAction\":[{\"@type\":\"SearchAction\",\"target\":{\"@type\":\"EntryPoint\",\"urlTemplate\":\"https:\\\/\\\/www.malinashop.lt\\\/?s={search_term_string}\"},\"query-input\":{\"@type\":\"PropertyValueSpecification\",\"valueRequired\":true,\"valueName\":\"search_term_string\"}}],\"inLanguage\":\"en-GB\"},{\"@type\":\"Organization\",\"@id\":\"https:\\\/\\\/www.malinashop.lt\\\/#organization\",\"name\":\"COM Group Ecommerce\",\"url\":\"https:\\\/\\\/www.malinashop.lt\\\/\",\"logo\":{\"@type\":\"ImageObject\",\"inLanguage\":\"en-GB\",\"@id\":\"https:\\\/\\\/www.malinashop.lt\\\/#\\\/schema\\\/logo\\\/image\\\/\",\"url\":\"https:\\\/\\\/www.malinashop.lt\\\/wp-content\\\/uploads\\\/2024\\\/08\\\/462559670_3787732518133670_9795632669273463_n-e1731525914575.png\",\"contentUrl\":\"https:\\\/\\\/www.malinashop.lt\\\/wp-content\\\/uploads\\\/2024\\\/08\\\/462559670_3787732518133670_9795632669273463_n-e1731525914575.png\",\"width\":180,\"height\":60,\"caption\":\"COM Group Ecommerce\"},\"image\":{\"@id\":\"https:\\\/\\\/www.malinashop.lt\\\/#\\\/schema\\\/logo\\\/image\\\/\"}}]}<\/script>\n<!-- \/ Yoast SEO plugin. -->","yoast_head_json":{"title":"PAESE ILLUMINATING & COVERING 1C kompaktin\u0117 pudra, 9g - MalinaShop.lt J\u016bs\u0173 sveikatai ir gro\u017eiui.","description":"PAESE ILLUMINATING & COVERING 1C \u2013 \u0161vytinanti, maskuojanti kompaktin\u0117 pudra su vitaminais C ir E. Suteikia skaistumo, lygina od\u0105 ir saugo nuo i\u0161saus\u0117jimo.","robots":{"index":"index","follow":"follow","max-snippet":"max-snippet:-1","max-image-preview":"max-image-preview:large","max-video-preview":"max-video-preview:-1"},"canonical":"https:\/\/www.malinashop.lt\/en\/shop\/paese-illuminating-covering-1c-kompaktine-pudra-9g\/","og_locale":"en_GB","og_type":"article","og_title":"PAESE ILLUMINATING & COVERING 1C kompaktin\u0117 pudra, 9g - MalinaShop.lt J\u016bs\u0173 sveikatai ir gro\u017eiui.","og_description":"PAESE ILLUMINATING & COVERING 1C \u2013 \u0161vytinanti, maskuojanti kompaktin\u0117 pudra su vitaminais C ir E. Suteikia skaistumo, lygina od\u0105 ir saugo nuo i\u0161saus\u0117jimo.","og_url":"https:\/\/www.malinashop.lt\/en\/shop\/paese-illuminating-covering-1c-kompaktine-pudra-9g\/","og_site_name":"MalinaShop.lt J\u016bs\u0173 sveikatai ir gro\u017eiui.","article_modified_time":"2026-02-10T09:48:14+00:00","og_image":[{"width":1080,"height":1080,"url":"https:\/\/www.malinashop.lt\/wp-content\/uploads\/2025\/11\/Illuminating-Covering-Powder-1C.jpg","type":"image\/jpeg"}],"twitter_card":"summary_large_image","schema":{"@context":"https:\/\/schema.org","@graph":[{"@type":"WebPage","@id":"https:\/\/www.malinashop.lt\/shop\/paese-illuminating-covering-1c-kompaktine-pudra-9g\/","url":"https:\/\/www.malinashop.lt\/shop\/paese-illuminating-covering-1c-kompaktine-pudra-9g\/","name":"PAESE ILLUMINATING & COVERING 1C kompaktin\u0117 pudra, 9g - MalinaShop.lt J\u016bs\u0173 sveikatai ir gro\u017eiui.","isPartOf":{"@id":"https:\/\/www.malinashop.lt\/#website"},"primaryImageOfPage":{"@id":"https:\/\/www.malinashop.lt\/shop\/paese-illuminating-covering-1c-kompaktine-pudra-9g\/#primaryimage"},"image":{"@id":"https:\/\/www.malinashop.lt\/shop\/paese-illuminating-covering-1c-kompaktine-pudra-9g\/#primaryimage"},"thumbnailUrl":"https:\/\/www.malinashop.lt\/wp-content\/uploads\/2025\/11\/Illuminating-Covering-Powder-1C.jpg","datePublished":"2025-11-24T15:02:00+00:00","dateModified":"2026-02-10T09:48:14+00:00","description":"PAESE ILLUMINATING & COVERING 1C \u2013 \u0161vytinanti, maskuojanti kompaktin\u0117 pudra su vitaminais C ir E. Suteikia skaistumo, lygina od\u0105 ir saugo nuo i\u0161saus\u0117jimo.","breadcrumb":{"@id":"https:\/\/www.malinashop.lt\/shop\/paese-illuminating-covering-1c-kompaktine-pudra-9g\/#breadcrumb"},"inLanguage":"en-GB","potentialAction":[{"@type":"ReadAction","target":["https:\/\/www.malinashop.lt\/shop\/paese-illuminating-covering-1c-kompaktine-pudra-9g\/"]}]},{"@type":"ImageObject","inLanguage":"en-GB","@id":"https:\/\/www.malinashop.lt\/shop\/paese-illuminating-covering-1c-kompaktine-pudra-9g\/#primaryimage","url":"https:\/\/www.malinashop.lt\/wp-content\/uploads\/2025\/11\/Illuminating-Covering-Powder-1C.jpg","contentUrl":"https:\/\/www.malinashop.lt\/wp-content\/uploads\/2025\/11\/Illuminating-Covering-Powder-1C.jpg","width":1080,"height":1080},{"@type":"BreadcrumbList","@id":"https:\/\/www.malinashop.lt\/shop\/paese-illuminating-covering-1c-kompaktine-pudra-9g\/#breadcrumb","itemListElement":[{"@type":"ListItem","position":1,"name":"Pagrindinis","item":"https:\/\/www.malinashop.lt\/"},{"@type":"ListItem","position":2,"name":"Parduotuv\u0117","item":"https:\/\/www.malinashop.lt\/en\/parduotuve\/"},{"@type":"ListItem","position":3,"name":"PAESE ILLUMINATING &#038; COVERING 1C kompaktin\u0117 pudra, 9g"}]},{"@type":"WebSite","@id":"https:\/\/www.malinashop.lt\/#website","url":"https:\/\/www.malinashop.lt\/","name":"COM Group Ecommerce","description":"MalinaShop.lt - Gro\u017eio ir sveikatos produktai i\u0161 patikim\u0173 preki\u0173 \u017eenkl\u0173. Atraskite auk\u0161tos kokyb\u0117s kosmetik\u0105 u\u017e puiki\u0105 kain\u0105.","publisher":{"@id":"https:\/\/www.malinashop.lt\/#organization"},"potentialAction":[{"@type":"SearchAction","target":{"@type":"EntryPoint","urlTemplate":"https:\/\/www.malinashop.lt\/?s={search_term_string}"},"query-input":{"@type":"PropertyValueSpecification","valueRequired":true,"valueName":"search_term_string"}}],"inLanguage":"en-GB"},{"@type":"Organization","@id":"https:\/\/www.malinashop.lt\/#organization","name":"COM Group Ecommerce","url":"https:\/\/www.malinashop.lt\/","logo":{"@type":"ImageObject","inLanguage":"en-GB","@id":"https:\/\/www.malinashop.lt\/#\/schema\/logo\/image\/","url":"https:\/\/www.malinashop.lt\/wp-content\/uploads\/2024\/08\/462559670_3787732518133670_9795632669273463_n-e1731525914575.png","contentUrl":"https:\/\/www.malinashop.lt\/wp-content\/uploads\/2024\/08\/462559670_3787732518133670_9795632669273463_n-e1731525914575.png","width":180,"height":60,"caption":"COM Group Ecommerce"},"image":{"@id":"https:\/\/www.malinashop.lt\/#\/schema\/logo\/image\/"}}]}},"jetpack_sharing_enabled":true,"_links":{"self":[{"href":"https:\/\/www.malinashop.lt\/en\/wp-json\/wp\/v2\/product\/63569","targetHints":{"allow":["GET"]}}],"collection":[{"href":"https:\/\/www.malinashop.lt\/en\/wp-json\/wp\/v2\/product"}],"about":[{"href":"https:\/\/www.malinashop.lt\/en\/wp-json\/wp\/v2\/types\/product"}],"version-history":[{"count":2,"href":"https:\/\/www.malinashop.lt\/en\/wp-json\/wp\/v2\/product\/63569\/revisions"}],"predecessor-version":[{"id":72175,"href":"https:\/\/www.malinashop.lt\/en\/wp-json\/wp\/v2\/product\/63569\/revisions\/72175"}],"wp:featuredmedia":[{"embeddable":true,"href":"https:\/\/www.malinashop.lt\/en\/wp-json\/wp\/v2\/media\/63571"}],"wp:attachment":[{"href":"https:\/\/www.malinashop.lt\/en\/wp-json\/wp\/v2\/media?parent=63569"}],"wp:term":[{"taxonomy":"product_brand","embeddable":true,"href":"https:\/\/www.malinashop.lt\/en\/wp-json\/wp\/v2\/product_brand?post=63569"},{"taxonomy":"product_cat","embeddable":true,"href":"https:\/\/www.malinashop.lt\/en\/wp-json\/wp\/v2\/product_cat?post=63569"},{"taxonomy":"product_tag","embeddable":true,"href":"https:\/\/www.malinashop.lt\/en\/wp-json\/wp\/v2\/product_tag?post=63569"}],"curies":[{"name":"wp","href":"https:\/\/api.w.org\/{rel}","templated":true}]}}