{"id":63560,"date":"2025-11-24T18:02:00","date_gmt":"2025-11-24T15:02:00","guid":{"rendered":"https:\/\/malinashop.lt\/?post_type=product&#038;p=63560"},"modified":"2026-02-10T12:48:13","modified_gmt":"2026-02-10T09:48:13","slug":"paese-nanorevit-perfecting-and-covering-03-pudra","status":"publish","type":"product","link":"https:\/\/www.malinashop.lt\/en\/shop\/paese-nanorevit-perfecting-and-covering-03-pudra\/","title":{"rendered":"PAESE NANOREVIT PERFECTING AND COVERING 03 pudra"},"content":{"rendered":"<p><strong data-start=\"32\" data-end=\"78\">PAESE NANOREVIT PERFECTING AND COVERING 03<\/strong> \u2013 tai ilgai i\u0161liekanti matin\u0117 kompaktin\u0117 pudra, sukurta u\u017etikrinti tolyg\u0173 ir nat\u016braliai atrodant\u012f makia\u017eo rezultat\u0105. Kremin\u0117, \u0161velniai maskuojanti formul\u0117 paslepia odos netobulumus, suteikia sveiko \u0161vyt\u0117jimo ir glotnumo efekt\u0105. Pudra ne tik suteikia matin\u012f u\u017ebaigim\u0105, bet ir dr\u0117kina od\u0105 bei pasi\u017eymi anti-sen\u0117jimo savyb\u0117mis, tod\u0117l idealiai tinka kasdieniam naudojimui.<br data-start=\"447\" data-end=\"450\" \/>Produktas leid\u017eia d\u017eiaugtis lygesne, \u0161velnesne ir vizualiai skaistesne oda vis\u0105 dien\u0105.<\/p>\n","protected":false},"excerpt":{"rendered":"<p data-start=\"579\" data-end=\"725\">Ilgai i\u0161liekanti matin\u0117 kompaktin\u0117 pudra su dr\u0117kinan\u010dia ir anti-sen\u0117jimo formule, kuri maskuoja odos tr\u016bkumus ir suteikia sveiko \u0161vyt\u0117jimo efekt\u0105.<\/p>\n","protected":false},"featured_media":63562,"template":"","meta":[],"product_brand":[1534],"product_cat":[102,792],"product_tag":[1614],"class_list":{"0":"post-63560","1":"product","2":"type-product","3":"status-publish","4":"has-post-thumbnail","6":"product_brand-paese","7":"product_cat-dekoratyvine-kosmetika","8":"product_cat-veido-pudros","9":"product_tag-paese","11":"first","12":"instock","13":"purchasable","14":"product-type-simple"},"yoast_head":"<!-- This site is optimized with the Yoast SEO plugin v27.4 - https:\/\/yoast.com\/product\/yoast-seo-wordpress\/ -->\n<title>PAESE NANOREVIT PERFECTING AND COVERING 03 pudra - MalinaShop.lt J\u016bs\u0173 sveikatai ir gro\u017eiui.<\/title>\n<meta name=\"description\" content=\"PAESE NANOREVIT PERFECTING AND COVERING 03 \u2013 matin\u0117 kompaktin\u0117 pudra, maskuojanti odos tr\u016bkumus ir suteikianti dr\u0117kinimo bei anti-sen\u0117jimo efekt\u0105.\" \/>\n<meta name=\"robots\" content=\"index, follow, max-snippet:-1, max-image-preview:large, max-video-preview:-1\" \/>\n<link rel=\"canonical\" href=\"https:\/\/www.malinashop.lt\/en\/shop\/paese-nanorevit-perfecting-and-covering-03-pudra\/\" \/>\n<meta property=\"og:locale\" content=\"en_GB\" \/>\n<meta property=\"og:type\" content=\"article\" \/>\n<meta property=\"og:title\" content=\"PAESE NANOREVIT PERFECTING AND COVERING 03 pudra - MalinaShop.lt J\u016bs\u0173 sveikatai ir gro\u017eiui.\" \/>\n<meta property=\"og:description\" content=\"PAESE NANOREVIT PERFECTING AND COVERING 03 \u2013 matin\u0117 kompaktin\u0117 pudra, maskuojanti odos tr\u016bkumus ir suteikianti dr\u0117kinimo bei anti-sen\u0117jimo efekt\u0105.\" \/>\n<meta property=\"og:url\" content=\"https:\/\/www.malinashop.lt\/en\/shop\/paese-nanorevit-perfecting-and-covering-03-pudra\/\" \/>\n<meta property=\"og:site_name\" content=\"MalinaShop.lt J\u016bs\u0173 sveikatai ir gro\u017eiui.\" \/>\n<meta property=\"article:modified_time\" content=\"2026-02-10T09:48:13+00:00\" \/>\n<meta property=\"og:image\" content=\"https:\/\/www.malinashop.lt\/wp-content\/uploads\/2025\/11\/NANOREVIT-Perfecting-and-Covering-Powder-03-2.jpg\" \/>\n\t<meta property=\"og:image:width\" content=\"1080\" \/>\n\t<meta property=\"og:image:height\" content=\"1080\" \/>\n\t<meta property=\"og:image:type\" content=\"image\/jpeg\" \/>\n<meta name=\"twitter:card\" content=\"summary_large_image\" \/>\n<script type=\"application\/ld+json\" class=\"yoast-schema-graph\">{\"@context\":\"https:\\\/\\\/schema.org\",\"@graph\":[{\"@type\":\"WebPage\",\"@id\":\"https:\\\/\\\/www.malinashop.lt\\\/shop\\\/paese-nanorevit-perfecting-and-covering-03-pudra\\\/\",\"url\":\"https:\\\/\\\/www.malinashop.lt\\\/shop\\\/paese-nanorevit-perfecting-and-covering-03-pudra\\\/\",\"name\":\"PAESE NANOREVIT PERFECTING AND COVERING 03 pudra - MalinaShop.lt J\u016bs\u0173 sveikatai ir gro\u017eiui.\",\"isPartOf\":{\"@id\":\"https:\\\/\\\/www.malinashop.lt\\\/#website\"},\"primaryImageOfPage\":{\"@id\":\"https:\\\/\\\/www.malinashop.lt\\\/shop\\\/paese-nanorevit-perfecting-and-covering-03-pudra\\\/#primaryimage\"},\"image\":{\"@id\":\"https:\\\/\\\/www.malinashop.lt\\\/shop\\\/paese-nanorevit-perfecting-and-covering-03-pudra\\\/#primaryimage\"},\"thumbnailUrl\":\"https:\\\/\\\/www.malinashop.lt\\\/wp-content\\\/uploads\\\/2025\\\/11\\\/NANOREVIT-Perfecting-and-Covering-Powder-03-2.jpg\",\"datePublished\":\"2025-11-24T15:02:00+00:00\",\"dateModified\":\"2026-02-10T09:48:13+00:00\",\"description\":\"PAESE NANOREVIT PERFECTING AND COVERING 03 \u2013 matin\u0117 kompaktin\u0117 pudra, maskuojanti odos tr\u016bkumus ir suteikianti dr\u0117kinimo bei anti-sen\u0117jimo efekt\u0105.\",\"breadcrumb\":{\"@id\":\"https:\\\/\\\/www.malinashop.lt\\\/shop\\\/paese-nanorevit-perfecting-and-covering-03-pudra\\\/#breadcrumb\"},\"inLanguage\":\"en-GB\",\"potentialAction\":[{\"@type\":\"ReadAction\",\"target\":[\"https:\\\/\\\/www.malinashop.lt\\\/shop\\\/paese-nanorevit-perfecting-and-covering-03-pudra\\\/\"]}]},{\"@type\":\"ImageObject\",\"inLanguage\":\"en-GB\",\"@id\":\"https:\\\/\\\/www.malinashop.lt\\\/shop\\\/paese-nanorevit-perfecting-and-covering-03-pudra\\\/#primaryimage\",\"url\":\"https:\\\/\\\/www.malinashop.lt\\\/wp-content\\\/uploads\\\/2025\\\/11\\\/NANOREVIT-Perfecting-and-Covering-Powder-03-2.jpg\",\"contentUrl\":\"https:\\\/\\\/www.malinashop.lt\\\/wp-content\\\/uploads\\\/2025\\\/11\\\/NANOREVIT-Perfecting-and-Covering-Powder-03-2.jpg\",\"width\":1080,\"height\":1080},{\"@type\":\"BreadcrumbList\",\"@id\":\"https:\\\/\\\/www.malinashop.lt\\\/shop\\\/paese-nanorevit-perfecting-and-covering-03-pudra\\\/#breadcrumb\",\"itemListElement\":[{\"@type\":\"ListItem\",\"position\":1,\"name\":\"Pagrindinis\",\"item\":\"https:\\\/\\\/www.malinashop.lt\\\/\"},{\"@type\":\"ListItem\",\"position\":2,\"name\":\"Parduotuv\u0117\",\"item\":\"https:\\\/\\\/www.malinashop.lt\\\/en\\\/parduotuve\\\/\"},{\"@type\":\"ListItem\",\"position\":3,\"name\":\"PAESE NANOREVIT PERFECTING AND COVERING 03 pudra\"}]},{\"@type\":\"WebSite\",\"@id\":\"https:\\\/\\\/www.malinashop.lt\\\/#website\",\"url\":\"https:\\\/\\\/www.malinashop.lt\\\/\",\"name\":\"COM Group Ecommerce\",\"description\":\"MalinaShop.lt - Gro\u017eio ir sveikatos produktai i\u0161 patikim\u0173 preki\u0173 \u017eenkl\u0173. Atraskite auk\u0161tos kokyb\u0117s kosmetik\u0105 u\u017e puiki\u0105 kain\u0105.\",\"publisher\":{\"@id\":\"https:\\\/\\\/www.malinashop.lt\\\/#organization\"},\"potentialAction\":[{\"@type\":\"SearchAction\",\"target\":{\"@type\":\"EntryPoint\",\"urlTemplate\":\"https:\\\/\\\/www.malinashop.lt\\\/?s={search_term_string}\"},\"query-input\":{\"@type\":\"PropertyValueSpecification\",\"valueRequired\":true,\"valueName\":\"search_term_string\"}}],\"inLanguage\":\"en-GB\"},{\"@type\":\"Organization\",\"@id\":\"https:\\\/\\\/www.malinashop.lt\\\/#organization\",\"name\":\"COM Group Ecommerce\",\"url\":\"https:\\\/\\\/www.malinashop.lt\\\/\",\"logo\":{\"@type\":\"ImageObject\",\"inLanguage\":\"en-GB\",\"@id\":\"https:\\\/\\\/www.malinashop.lt\\\/#\\\/schema\\\/logo\\\/image\\\/\",\"url\":\"https:\\\/\\\/www.malinashop.lt\\\/wp-content\\\/uploads\\\/2024\\\/08\\\/462559670_3787732518133670_9795632669273463_n-e1731525914575.png\",\"contentUrl\":\"https:\\\/\\\/www.malinashop.lt\\\/wp-content\\\/uploads\\\/2024\\\/08\\\/462559670_3787732518133670_9795632669273463_n-e1731525914575.png\",\"width\":180,\"height\":60,\"caption\":\"COM Group Ecommerce\"},\"image\":{\"@id\":\"https:\\\/\\\/www.malinashop.lt\\\/#\\\/schema\\\/logo\\\/image\\\/\"}}]}<\/script>\n<!-- \/ Yoast SEO plugin. -->","yoast_head_json":{"title":"PAESE NANOREVIT PERFECTING AND COVERING 03 pudra - MalinaShop.lt J\u016bs\u0173 sveikatai ir gro\u017eiui.","description":"PAESE NANOREVIT PERFECTING AND COVERING 03 \u2013 matin\u0117 kompaktin\u0117 pudra, maskuojanti odos tr\u016bkumus ir suteikianti dr\u0117kinimo bei anti-sen\u0117jimo efekt\u0105.","robots":{"index":"index","follow":"follow","max-snippet":"max-snippet:-1","max-image-preview":"max-image-preview:large","max-video-preview":"max-video-preview:-1"},"canonical":"https:\/\/www.malinashop.lt\/en\/shop\/paese-nanorevit-perfecting-and-covering-03-pudra\/","og_locale":"en_GB","og_type":"article","og_title":"PAESE NANOREVIT PERFECTING AND COVERING 03 pudra - MalinaShop.lt J\u016bs\u0173 sveikatai ir gro\u017eiui.","og_description":"PAESE NANOREVIT PERFECTING AND COVERING 03 \u2013 matin\u0117 kompaktin\u0117 pudra, maskuojanti odos tr\u016bkumus ir suteikianti dr\u0117kinimo bei anti-sen\u0117jimo efekt\u0105.","og_url":"https:\/\/www.malinashop.lt\/en\/shop\/paese-nanorevit-perfecting-and-covering-03-pudra\/","og_site_name":"MalinaShop.lt J\u016bs\u0173 sveikatai ir gro\u017eiui.","article_modified_time":"2026-02-10T09:48:13+00:00","og_image":[{"width":1080,"height":1080,"url":"https:\/\/www.malinashop.lt\/wp-content\/uploads\/2025\/11\/NANOREVIT-Perfecting-and-Covering-Powder-03-2.jpg","type":"image\/jpeg"}],"twitter_card":"summary_large_image","schema":{"@context":"https:\/\/schema.org","@graph":[{"@type":"WebPage","@id":"https:\/\/www.malinashop.lt\/shop\/paese-nanorevit-perfecting-and-covering-03-pudra\/","url":"https:\/\/www.malinashop.lt\/shop\/paese-nanorevit-perfecting-and-covering-03-pudra\/","name":"PAESE NANOREVIT PERFECTING AND COVERING 03 pudra - MalinaShop.lt J\u016bs\u0173 sveikatai ir gro\u017eiui.","isPartOf":{"@id":"https:\/\/www.malinashop.lt\/#website"},"primaryImageOfPage":{"@id":"https:\/\/www.malinashop.lt\/shop\/paese-nanorevit-perfecting-and-covering-03-pudra\/#primaryimage"},"image":{"@id":"https:\/\/www.malinashop.lt\/shop\/paese-nanorevit-perfecting-and-covering-03-pudra\/#primaryimage"},"thumbnailUrl":"https:\/\/www.malinashop.lt\/wp-content\/uploads\/2025\/11\/NANOREVIT-Perfecting-and-Covering-Powder-03-2.jpg","datePublished":"2025-11-24T15:02:00+00:00","dateModified":"2026-02-10T09:48:13+00:00","description":"PAESE NANOREVIT PERFECTING AND COVERING 03 \u2013 matin\u0117 kompaktin\u0117 pudra, maskuojanti odos tr\u016bkumus ir suteikianti dr\u0117kinimo bei anti-sen\u0117jimo efekt\u0105.","breadcrumb":{"@id":"https:\/\/www.malinashop.lt\/shop\/paese-nanorevit-perfecting-and-covering-03-pudra\/#breadcrumb"},"inLanguage":"en-GB","potentialAction":[{"@type":"ReadAction","target":["https:\/\/www.malinashop.lt\/shop\/paese-nanorevit-perfecting-and-covering-03-pudra\/"]}]},{"@type":"ImageObject","inLanguage":"en-GB","@id":"https:\/\/www.malinashop.lt\/shop\/paese-nanorevit-perfecting-and-covering-03-pudra\/#primaryimage","url":"https:\/\/www.malinashop.lt\/wp-content\/uploads\/2025\/11\/NANOREVIT-Perfecting-and-Covering-Powder-03-2.jpg","contentUrl":"https:\/\/www.malinashop.lt\/wp-content\/uploads\/2025\/11\/NANOREVIT-Perfecting-and-Covering-Powder-03-2.jpg","width":1080,"height":1080},{"@type":"BreadcrumbList","@id":"https:\/\/www.malinashop.lt\/shop\/paese-nanorevit-perfecting-and-covering-03-pudra\/#breadcrumb","itemListElement":[{"@type":"ListItem","position":1,"name":"Pagrindinis","item":"https:\/\/www.malinashop.lt\/"},{"@type":"ListItem","position":2,"name":"Parduotuv\u0117","item":"https:\/\/www.malinashop.lt\/en\/parduotuve\/"},{"@type":"ListItem","position":3,"name":"PAESE NANOREVIT PERFECTING AND COVERING 03 pudra"}]},{"@type":"WebSite","@id":"https:\/\/www.malinashop.lt\/#website","url":"https:\/\/www.malinashop.lt\/","name":"COM Group Ecommerce","description":"MalinaShop.lt - Gro\u017eio ir sveikatos produktai i\u0161 patikim\u0173 preki\u0173 \u017eenkl\u0173. Atraskite auk\u0161tos kokyb\u0117s kosmetik\u0105 u\u017e puiki\u0105 kain\u0105.","publisher":{"@id":"https:\/\/www.malinashop.lt\/#organization"},"potentialAction":[{"@type":"SearchAction","target":{"@type":"EntryPoint","urlTemplate":"https:\/\/www.malinashop.lt\/?s={search_term_string}"},"query-input":{"@type":"PropertyValueSpecification","valueRequired":true,"valueName":"search_term_string"}}],"inLanguage":"en-GB"},{"@type":"Organization","@id":"https:\/\/www.malinashop.lt\/#organization","name":"COM Group Ecommerce","url":"https:\/\/www.malinashop.lt\/","logo":{"@type":"ImageObject","inLanguage":"en-GB","@id":"https:\/\/www.malinashop.lt\/#\/schema\/logo\/image\/","url":"https:\/\/www.malinashop.lt\/wp-content\/uploads\/2024\/08\/462559670_3787732518133670_9795632669273463_n-e1731525914575.png","contentUrl":"https:\/\/www.malinashop.lt\/wp-content\/uploads\/2024\/08\/462559670_3787732518133670_9795632669273463_n-e1731525914575.png","width":180,"height":60,"caption":"COM Group Ecommerce"},"image":{"@id":"https:\/\/www.malinashop.lt\/#\/schema\/logo\/image\/"}}]}},"jetpack_sharing_enabled":true,"_links":{"self":[{"href":"https:\/\/www.malinashop.lt\/en\/wp-json\/wp\/v2\/product\/63560","targetHints":{"allow":["GET"]}}],"collection":[{"href":"https:\/\/www.malinashop.lt\/en\/wp-json\/wp\/v2\/product"}],"about":[{"href":"https:\/\/www.malinashop.lt\/en\/wp-json\/wp\/v2\/types\/product"}],"version-history":[{"count":2,"href":"https:\/\/www.malinashop.lt\/en\/wp-json\/wp\/v2\/product\/63560\/revisions"}],"predecessor-version":[{"id":72173,"href":"https:\/\/www.malinashop.lt\/en\/wp-json\/wp\/v2\/product\/63560\/revisions\/72173"}],"wp:featuredmedia":[{"embeddable":true,"href":"https:\/\/www.malinashop.lt\/en\/wp-json\/wp\/v2\/media\/63562"}],"wp:attachment":[{"href":"https:\/\/www.malinashop.lt\/en\/wp-json\/wp\/v2\/media?parent=63560"}],"wp:term":[{"taxonomy":"product_brand","embeddable":true,"href":"https:\/\/www.malinashop.lt\/en\/wp-json\/wp\/v2\/product_brand?post=63560"},{"taxonomy":"product_cat","embeddable":true,"href":"https:\/\/www.malinashop.lt\/en\/wp-json\/wp\/v2\/product_cat?post=63560"},{"taxonomy":"product_tag","embeddable":true,"href":"https:\/\/www.malinashop.lt\/en\/wp-json\/wp\/v2\/product_tag?post=63560"}],"curies":[{"name":"wp","href":"https:\/\/api.w.org\/{rel}","templated":true}]}}