{"id":63548,"date":"2025-11-24T18:02:00","date_gmt":"2025-11-24T15:02:00","guid":{"rendered":"https:\/\/malinashop.lt\/?post_type=product&#038;p=63548"},"modified":"2026-02-10T12:48:17","modified_gmt":"2026-02-10T09:48:17","slug":"paese-matte-powder-semitransparent-5a-skaidri-kompaktine-pudra-9g","status":"publish","type":"product","link":"https:\/\/www.malinashop.lt\/en\/shop\/paese-matte-powder-semitransparent-5a-skaidri-kompaktine-pudra-9g\/","title":{"rendered":"PAESE MATTE POWDER SEMITRANSPARENT 5A skaidri kompaktin\u0117 pudra, 9g"},"content":{"rendered":"<p data-start=\"0\" data-end=\"369\">PAESE skaidri kompaktin\u0117 pudra <strong data-start=\"75\" data-end=\"110\">MATTE POWDER SEMITRANSPARENT 5A<\/strong> \u2013 tai lengva, mikronizuota pudra, sukurta normaliai ir mi\u0161riai odai. Ji puikiai u\u017ebaigia makia\u017e\u0105, suteikdama nat\u016braliai matin\u012f efekt\u0105 ir i\u0161lygindama odos ton\u0105 visai dienai. Formul\u0117 neapsunkina odos, nesikaupia rauk\u0161l\u0117se ir yra beveik nepastebima ant veido.<\/p>\n<p data-start=\"371\" data-end=\"691\">Pudra praturtinta vitamin\u0173 C, A ir E kompleksu, kuris padeda apsaugoti od\u0105 nuo \u017ealing\u0173 veiksni\u0173, pagerina odos elastingum\u0105 ir tonus\u0105. Vitaminas C skatina kolageno sintez\u0119 ir suteikia odai gaivumo, o vitaminai A ir E padeda i\u0161laikyti lyg\u0173 ir glotn\u0173 odos pavir\u0161i\u0173. Produktas be alergen\u0173, tod\u0117l tinka kasdieniam naudojimui.<\/p>\n<p data-start=\"693\" data-end=\"710\"><strong data-start=\"693\" data-end=\"704\">Kiekis:<\/strong> 9 g<\/p>\n<p data-start=\"712\" data-end=\"738\"><strong data-start=\"712\" data-end=\"736\">Pagrindin\u0117s savyb\u0117s:<\/strong><\/p>\n<ul data-start=\"739\" data-end=\"924\">\n<li data-start=\"739\" data-end=\"776\">\n<p data-start=\"741\" data-end=\"776\">Suteikia nat\u016braliai matin\u012f efekt\u0105<\/p>\n<\/li>\n<li data-start=\"777\" data-end=\"821\">\n<p data-start=\"779\" data-end=\"821\">Neapsunkina odos ir nesikaupia rauk\u0161l\u0117se<\/p>\n<\/li>\n<li data-start=\"822\" data-end=\"837\">\n<p data-start=\"824\" data-end=\"837\">Be alergen\u0173<\/p>\n<\/li>\n<li data-start=\"838\" data-end=\"895\">\n<p data-start=\"840\" data-end=\"895\">Tinka makia\u017eo u\u017ebaigimui ir dienos eigoje pakoreguoti<\/p>\n<\/li>\n<li data-start=\"896\" data-end=\"924\">\n<p data-start=\"898\" data-end=\"924\">Nesuteikia kauk\u0117s efekto<\/p>\n<\/li>\n<\/ul>\n","protected":false},"excerpt":{"rendered":"<p data-start=\"968\" data-end=\"1163\">Lengva, skaidri PAESE kompaktin\u0117 pudra mi\u0161riai ir normaliai odai. Suteikia matin\u012f efekt\u0105, nesikaupia rauk\u0161l\u0117se ir i\u0161lieka vis\u0105 dien\u0105. Praturtinta vitamin\u0173 kompleksu, neapsunkina ir nealergizuoja.<\/p>\n","protected":false},"featured_media":63550,"template":"","meta":[],"product_brand":[1534],"product_cat":[102,792],"product_tag":[1614],"class_list":{"0":"post-63548","1":"product","2":"type-product","3":"status-publish","4":"has-post-thumbnail","6":"product_brand-paese","7":"product_cat-dekoratyvine-kosmetika","8":"product_cat-veido-pudros","9":"product_tag-paese","11":"first","12":"instock","13":"purchasable","14":"product-type-simple"},"yoast_head":"<!-- This site is optimized with the Yoast SEO plugin v27.4 - https:\/\/yoast.com\/product\/yoast-seo-wordpress\/ -->\n<title>PAESE MATTE POWDER SEMITRANSPARENT 5A skaidri kompaktin\u0117 pudra, 9g - MalinaShop.lt J\u016bs\u0173 sveikatai ir gro\u017eiui.<\/title>\n<meta name=\"description\" content=\"PAESE MATTE POWDER SEMITRANSPARENT 5A \u2013 lengva skaidri pudra normaliai ir mi\u0161riai odai. Suteikia matin\u012f efekt\u0105, i\u0161lygina ton\u0105 ir neapsunkina odos. 9 g.\" \/>\n<meta name=\"robots\" content=\"index, follow, max-snippet:-1, max-image-preview:large, max-video-preview:-1\" \/>\n<link rel=\"canonical\" href=\"https:\/\/www.malinashop.lt\/en\/shop\/paese-matte-powder-semitransparent-5a-skaidri-kompaktine-pudra-9g\/\" \/>\n<meta property=\"og:locale\" content=\"en_GB\" \/>\n<meta property=\"og:type\" content=\"article\" \/>\n<meta property=\"og:title\" content=\"PAESE MATTE POWDER SEMITRANSPARENT 5A skaidri kompaktin\u0117 pudra, 9g - MalinaShop.lt J\u016bs\u0173 sveikatai ir gro\u017eiui.\" \/>\n<meta property=\"og:description\" content=\"PAESE MATTE POWDER SEMITRANSPARENT 5A \u2013 lengva skaidri pudra normaliai ir mi\u0161riai odai. Suteikia matin\u012f efekt\u0105, i\u0161lygina ton\u0105 ir neapsunkina odos. 9 g.\" \/>\n<meta property=\"og:url\" content=\"https:\/\/www.malinashop.lt\/en\/shop\/paese-matte-powder-semitransparent-5a-skaidri-kompaktine-pudra-9g\/\" \/>\n<meta property=\"og:site_name\" content=\"MalinaShop.lt J\u016bs\u0173 sveikatai ir gro\u017eiui.\" \/>\n<meta property=\"article:modified_time\" content=\"2026-02-10T09:48:17+00:00\" \/>\n<meta property=\"og:image\" content=\"https:\/\/www.malinashop.lt\/wp-content\/uploads\/2025\/11\/Semi-Transparent-Matte-Powder-5A.jpg\" \/>\n\t<meta property=\"og:image:width\" content=\"280\" \/>\n\t<meta property=\"og:image:height\" content=\"210\" \/>\n\t<meta property=\"og:image:type\" content=\"image\/jpeg\" \/>\n<meta name=\"twitter:card\" content=\"summary_large_image\" \/>\n<script type=\"application\/ld+json\" class=\"yoast-schema-graph\">{\"@context\":\"https:\\\/\\\/schema.org\",\"@graph\":[{\"@type\":\"WebPage\",\"@id\":\"https:\\\/\\\/www.malinashop.lt\\\/en\\\/shop\\\/paese-matte-powder-semitransparent-5a-skaidri-kompaktine-pudra-9g\\\/\",\"url\":\"https:\\\/\\\/www.malinashop.lt\\\/en\\\/shop\\\/paese-matte-powder-semitransparent-5a-skaidri-kompaktine-pudra-9g\\\/\",\"name\":\"PAESE MATTE POWDER SEMITRANSPARENT 5A skaidri kompaktin\u0117 pudra, 9g - MalinaShop.lt J\u016bs\u0173 sveikatai ir gro\u017eiui.\",\"isPartOf\":{\"@id\":\"https:\\\/\\\/www.malinashop.lt\\\/#website\"},\"primaryImageOfPage\":{\"@id\":\"https:\\\/\\\/www.malinashop.lt\\\/en\\\/shop\\\/paese-matte-powder-semitransparent-5a-skaidri-kompaktine-pudra-9g\\\/#primaryimage\"},\"image\":{\"@id\":\"https:\\\/\\\/www.malinashop.lt\\\/en\\\/shop\\\/paese-matte-powder-semitransparent-5a-skaidri-kompaktine-pudra-9g\\\/#primaryimage\"},\"thumbnailUrl\":\"https:\\\/\\\/www.malinashop.lt\\\/wp-content\\\/uploads\\\/2025\\\/11\\\/Semi-Transparent-Matte-Powder-5A.jpg\",\"datePublished\":\"2025-11-24T15:02:00+00:00\",\"dateModified\":\"2026-02-10T09:48:17+00:00\",\"description\":\"PAESE MATTE POWDER SEMITRANSPARENT 5A \u2013 lengva skaidri pudra normaliai ir mi\u0161riai odai. Suteikia matin\u012f efekt\u0105, i\u0161lygina ton\u0105 ir neapsunkina odos. 9 g.\",\"breadcrumb\":{\"@id\":\"https:\\\/\\\/www.malinashop.lt\\\/en\\\/shop\\\/paese-matte-powder-semitransparent-5a-skaidri-kompaktine-pudra-9g\\\/#breadcrumb\"},\"inLanguage\":\"en-GB\",\"potentialAction\":[{\"@type\":\"ReadAction\",\"target\":[\"https:\\\/\\\/www.malinashop.lt\\\/en\\\/shop\\\/paese-matte-powder-semitransparent-5a-skaidri-kompaktine-pudra-9g\\\/\"]}]},{\"@type\":\"ImageObject\",\"inLanguage\":\"en-GB\",\"@id\":\"https:\\\/\\\/www.malinashop.lt\\\/en\\\/shop\\\/paese-matte-powder-semitransparent-5a-skaidri-kompaktine-pudra-9g\\\/#primaryimage\",\"url\":\"https:\\\/\\\/www.malinashop.lt\\\/wp-content\\\/uploads\\\/2025\\\/11\\\/Semi-Transparent-Matte-Powder-5A.jpg\",\"contentUrl\":\"https:\\\/\\\/www.malinashop.lt\\\/wp-content\\\/uploads\\\/2025\\\/11\\\/Semi-Transparent-Matte-Powder-5A.jpg\",\"width\":280,\"height\":210},{\"@type\":\"BreadcrumbList\",\"@id\":\"https:\\\/\\\/www.malinashop.lt\\\/en\\\/shop\\\/paese-matte-powder-semitransparent-5a-skaidri-kompaktine-pudra-9g\\\/#breadcrumb\",\"itemListElement\":[{\"@type\":\"ListItem\",\"position\":1,\"name\":\"Pagrindinis\",\"item\":\"https:\\\/\\\/www.malinashop.lt\\\/\"},{\"@type\":\"ListItem\",\"position\":2,\"name\":\"Parduotuv\u0117\",\"item\":\"https:\\\/\\\/www.malinashop.lt\\\/en\\\/parduotuve\\\/\"},{\"@type\":\"ListItem\",\"position\":3,\"name\":\"PAESE MATTE POWDER SEMITRANSPARENT 5A skaidri kompaktin\u0117 pudra, 9g\"}]},{\"@type\":\"WebSite\",\"@id\":\"https:\\\/\\\/www.malinashop.lt\\\/#website\",\"url\":\"https:\\\/\\\/www.malinashop.lt\\\/\",\"name\":\"COM Group Ecommerce\",\"description\":\"MalinaShop.lt - Gro\u017eio ir sveikatos produktai i\u0161 patikim\u0173 preki\u0173 \u017eenkl\u0173. Atraskite auk\u0161tos kokyb\u0117s kosmetik\u0105 u\u017e puiki\u0105 kain\u0105.\",\"publisher\":{\"@id\":\"https:\\\/\\\/www.malinashop.lt\\\/#organization\"},\"potentialAction\":[{\"@type\":\"SearchAction\",\"target\":{\"@type\":\"EntryPoint\",\"urlTemplate\":\"https:\\\/\\\/www.malinashop.lt\\\/?s={search_term_string}\"},\"query-input\":{\"@type\":\"PropertyValueSpecification\",\"valueRequired\":true,\"valueName\":\"search_term_string\"}}],\"inLanguage\":\"en-GB\"},{\"@type\":\"Organization\",\"@id\":\"https:\\\/\\\/www.malinashop.lt\\\/#organization\",\"name\":\"COM Group Ecommerce\",\"url\":\"https:\\\/\\\/www.malinashop.lt\\\/\",\"logo\":{\"@type\":\"ImageObject\",\"inLanguage\":\"en-GB\",\"@id\":\"https:\\\/\\\/www.malinashop.lt\\\/#\\\/schema\\\/logo\\\/image\\\/\",\"url\":\"https:\\\/\\\/www.malinashop.lt\\\/wp-content\\\/uploads\\\/2024\\\/08\\\/462559670_3787732518133670_9795632669273463_n-e1731525914575.png\",\"contentUrl\":\"https:\\\/\\\/www.malinashop.lt\\\/wp-content\\\/uploads\\\/2024\\\/08\\\/462559670_3787732518133670_9795632669273463_n-e1731525914575.png\",\"width\":180,\"height\":60,\"caption\":\"COM Group Ecommerce\"},\"image\":{\"@id\":\"https:\\\/\\\/www.malinashop.lt\\\/#\\\/schema\\\/logo\\\/image\\\/\"}}]}<\/script>\n<!-- \/ Yoast SEO plugin. -->","yoast_head_json":{"title":"PAESE MATTE POWDER SEMITRANSPARENT 5A skaidri kompaktin\u0117 pudra, 9g - MalinaShop.lt J\u016bs\u0173 sveikatai ir gro\u017eiui.","description":"PAESE MATTE POWDER SEMITRANSPARENT 5A \u2013 lengva skaidri pudra normaliai ir mi\u0161riai odai. Suteikia matin\u012f efekt\u0105, i\u0161lygina ton\u0105 ir neapsunkina odos. 9 g.","robots":{"index":"index","follow":"follow","max-snippet":"max-snippet:-1","max-image-preview":"max-image-preview:large","max-video-preview":"max-video-preview:-1"},"canonical":"https:\/\/www.malinashop.lt\/en\/shop\/paese-matte-powder-semitransparent-5a-skaidri-kompaktine-pudra-9g\/","og_locale":"en_GB","og_type":"article","og_title":"PAESE MATTE POWDER SEMITRANSPARENT 5A skaidri kompaktin\u0117 pudra, 9g - MalinaShop.lt J\u016bs\u0173 sveikatai ir gro\u017eiui.","og_description":"PAESE MATTE POWDER SEMITRANSPARENT 5A \u2013 lengva skaidri pudra normaliai ir mi\u0161riai odai. Suteikia matin\u012f efekt\u0105, i\u0161lygina ton\u0105 ir neapsunkina odos. 9 g.","og_url":"https:\/\/www.malinashop.lt\/en\/shop\/paese-matte-powder-semitransparent-5a-skaidri-kompaktine-pudra-9g\/","og_site_name":"MalinaShop.lt J\u016bs\u0173 sveikatai ir gro\u017eiui.","article_modified_time":"2026-02-10T09:48:17+00:00","og_image":[{"width":280,"height":210,"url":"https:\/\/www.malinashop.lt\/wp-content\/uploads\/2025\/11\/Semi-Transparent-Matte-Powder-5A.jpg","type":"image\/jpeg"}],"twitter_card":"summary_large_image","schema":{"@context":"https:\/\/schema.org","@graph":[{"@type":"WebPage","@id":"https:\/\/www.malinashop.lt\/en\/shop\/paese-matte-powder-semitransparent-5a-skaidri-kompaktine-pudra-9g\/","url":"https:\/\/www.malinashop.lt\/en\/shop\/paese-matte-powder-semitransparent-5a-skaidri-kompaktine-pudra-9g\/","name":"PAESE MATTE POWDER SEMITRANSPARENT 5A skaidri kompaktin\u0117 pudra, 9g - MalinaShop.lt J\u016bs\u0173 sveikatai ir gro\u017eiui.","isPartOf":{"@id":"https:\/\/www.malinashop.lt\/#website"},"primaryImageOfPage":{"@id":"https:\/\/www.malinashop.lt\/en\/shop\/paese-matte-powder-semitransparent-5a-skaidri-kompaktine-pudra-9g\/#primaryimage"},"image":{"@id":"https:\/\/www.malinashop.lt\/en\/shop\/paese-matte-powder-semitransparent-5a-skaidri-kompaktine-pudra-9g\/#primaryimage"},"thumbnailUrl":"https:\/\/www.malinashop.lt\/wp-content\/uploads\/2025\/11\/Semi-Transparent-Matte-Powder-5A.jpg","datePublished":"2025-11-24T15:02:00+00:00","dateModified":"2026-02-10T09:48:17+00:00","description":"PAESE MATTE POWDER SEMITRANSPARENT 5A \u2013 lengva skaidri pudra normaliai ir mi\u0161riai odai. Suteikia matin\u012f efekt\u0105, i\u0161lygina ton\u0105 ir neapsunkina odos. 9 g.","breadcrumb":{"@id":"https:\/\/www.malinashop.lt\/en\/shop\/paese-matte-powder-semitransparent-5a-skaidri-kompaktine-pudra-9g\/#breadcrumb"},"inLanguage":"en-GB","potentialAction":[{"@type":"ReadAction","target":["https:\/\/www.malinashop.lt\/en\/shop\/paese-matte-powder-semitransparent-5a-skaidri-kompaktine-pudra-9g\/"]}]},{"@type":"ImageObject","inLanguage":"en-GB","@id":"https:\/\/www.malinashop.lt\/en\/shop\/paese-matte-powder-semitransparent-5a-skaidri-kompaktine-pudra-9g\/#primaryimage","url":"https:\/\/www.malinashop.lt\/wp-content\/uploads\/2025\/11\/Semi-Transparent-Matte-Powder-5A.jpg","contentUrl":"https:\/\/www.malinashop.lt\/wp-content\/uploads\/2025\/11\/Semi-Transparent-Matte-Powder-5A.jpg","width":280,"height":210},{"@type":"BreadcrumbList","@id":"https:\/\/www.malinashop.lt\/en\/shop\/paese-matte-powder-semitransparent-5a-skaidri-kompaktine-pudra-9g\/#breadcrumb","itemListElement":[{"@type":"ListItem","position":1,"name":"Pagrindinis","item":"https:\/\/www.malinashop.lt\/"},{"@type":"ListItem","position":2,"name":"Parduotuv\u0117","item":"https:\/\/www.malinashop.lt\/en\/parduotuve\/"},{"@type":"ListItem","position":3,"name":"PAESE MATTE POWDER SEMITRANSPARENT 5A skaidri kompaktin\u0117 pudra, 9g"}]},{"@type":"WebSite","@id":"https:\/\/www.malinashop.lt\/#website","url":"https:\/\/www.malinashop.lt\/","name":"COM Group Ecommerce","description":"MalinaShop.lt - Gro\u017eio ir sveikatos produktai i\u0161 patikim\u0173 preki\u0173 \u017eenkl\u0173. Atraskite auk\u0161tos kokyb\u0117s kosmetik\u0105 u\u017e puiki\u0105 kain\u0105.","publisher":{"@id":"https:\/\/www.malinashop.lt\/#organization"},"potentialAction":[{"@type":"SearchAction","target":{"@type":"EntryPoint","urlTemplate":"https:\/\/www.malinashop.lt\/?s={search_term_string}"},"query-input":{"@type":"PropertyValueSpecification","valueRequired":true,"valueName":"search_term_string"}}],"inLanguage":"en-GB"},{"@type":"Organization","@id":"https:\/\/www.malinashop.lt\/#organization","name":"COM Group Ecommerce","url":"https:\/\/www.malinashop.lt\/","logo":{"@type":"ImageObject","inLanguage":"en-GB","@id":"https:\/\/www.malinashop.lt\/#\/schema\/logo\/image\/","url":"https:\/\/www.malinashop.lt\/wp-content\/uploads\/2024\/08\/462559670_3787732518133670_9795632669273463_n-e1731525914575.png","contentUrl":"https:\/\/www.malinashop.lt\/wp-content\/uploads\/2024\/08\/462559670_3787732518133670_9795632669273463_n-e1731525914575.png","width":180,"height":60,"caption":"COM Group Ecommerce"},"image":{"@id":"https:\/\/www.malinashop.lt\/#\/schema\/logo\/image\/"}}]}},"jetpack_sharing_enabled":true,"_links":{"self":[{"href":"https:\/\/www.malinashop.lt\/en\/wp-json\/wp\/v2\/product\/63548","targetHints":{"allow":["GET"]}}],"collection":[{"href":"https:\/\/www.malinashop.lt\/en\/wp-json\/wp\/v2\/product"}],"about":[{"href":"https:\/\/www.malinashop.lt\/en\/wp-json\/wp\/v2\/types\/product"}],"version-history":[{"count":2,"href":"https:\/\/www.malinashop.lt\/en\/wp-json\/wp\/v2\/product\/63548\/revisions"}],"predecessor-version":[{"id":72169,"href":"https:\/\/www.malinashop.lt\/en\/wp-json\/wp\/v2\/product\/63548\/revisions\/72169"}],"wp:featuredmedia":[{"embeddable":true,"href":"https:\/\/www.malinashop.lt\/en\/wp-json\/wp\/v2\/media\/63550"}],"wp:attachment":[{"href":"https:\/\/www.malinashop.lt\/en\/wp-json\/wp\/v2\/media?parent=63548"}],"wp:term":[{"taxonomy":"product_brand","embeddable":true,"href":"https:\/\/www.malinashop.lt\/en\/wp-json\/wp\/v2\/product_brand?post=63548"},{"taxonomy":"product_cat","embeddable":true,"href":"https:\/\/www.malinashop.lt\/en\/wp-json\/wp\/v2\/product_cat?post=63548"},{"taxonomy":"product_tag","embeddable":true,"href":"https:\/\/www.malinashop.lt\/en\/wp-json\/wp\/v2\/product_tag?post=63548"}],"curies":[{"name":"wp","href":"https:\/\/api.w.org\/{rel}","templated":true}]}}