{"id":63517,"date":"2025-11-24T18:01:17","date_gmt":"2025-11-24T15:01:17","guid":{"rendered":"https:\/\/malinashop.lt\/?post_type=product&#038;p=63517"},"modified":"2026-02-10T12:48:19","modified_gmt":"2026-02-10T09:48:19","slug":"paese-hialurono-serumas-30ml","status":"publish","type":"product","link":"https:\/\/www.malinashop.lt\/en\/shop\/paese-hialurono-serumas-30ml\/","title":{"rendered":"PAESE hialurono serumas, 30ml"},"content":{"rendered":"<p data-start=\"199\" data-end=\"503\"><strong data-start=\"199\" data-end=\"234\">PAESE hialurono serumas (30 ml)<\/strong> \u2013 tai intensyviai dr\u0117kinanti priemon\u0117, tinkanti vis\u0173 tip\u0173 odai ir visoms am\u017eiaus grup\u0117ms. Serumas skirtas kovoti su odos dehidratacija \u2013 vienu da\u017eniausi\u0173 veido odos i\u0161saus\u0117jimo ir jautrumo veiksni\u0173. Naudojant reguliariai, oda tampa lygesn\u0117, elastingesn\u0117 ir skaistesn\u0117.<\/p>\n<p data-start=\"505\" data-end=\"619\">Formul\u0117je derinamos <strong data-start=\"525\" data-end=\"559\">ma\u017eos molekulin\u0117s mas\u0117s (SLMW)<\/strong> ir <strong data-start=\"563\" data-end=\"598\">didel\u0117s molekulin\u0117s mas\u0117s (HMW)<\/strong> hialurono r\u016bg\u0161tys.<\/p>\n<ul data-start=\"620\" data-end=\"759\">\n<li data-start=\"620\" data-end=\"666\">\n<p data-start=\"622\" data-end=\"666\">SLMW r\u016bg\u0161tis giliai dr\u0117kina od\u0105 i\u0161 vidaus.<\/p>\n<\/li>\n<li data-start=\"667\" data-end=\"759\">\n<p data-start=\"669\" data-end=\"759\">HMW r\u016bg\u0161tis sukuria apsaugin\u012f sluoksn\u012f, ma\u017eina dr\u0117gm\u0117s praradim\u0105 ir stiprina odos barjer\u0105.<\/p>\n<\/li>\n<\/ul>\n<p data-start=\"761\" data-end=\"1077\">Serumas \u0161velniai ramina od\u0105, ma\u017eina jautrum\u0105 ir pleiskanojim\u0105, padeda i\u0161vengti spalvini\u0173 pakitim\u0173 bei smulki\u0173 b\u0117rim\u0173. D\u0117l antioksidacini\u0173 savybi\u0173 hialuronas stiprina odos atsparum\u0105 laisviesiems radikalams ir padeda l\u0117tinti ankstyvus sen\u0117jimo po\u017eymius, tokias kaip gil\u0117jan\u010dios rauk\u0161l\u0117s ar prarastas odos elastingumas.<\/p>\n<h4 data-start=\"1079\" data-end=\"1107\"><strong data-start=\"1083\" data-end=\"1107\">Pagrindin\u0117s savyb\u0117s:<\/strong><\/h4>\n<ul data-start=\"1108\" data-end=\"1395\">\n<li data-start=\"1108\" data-end=\"1152\">\n<p data-start=\"1110\" data-end=\"1152\">Tinka vis\u0173 tip\u0173 odai, \u012fskaitant jautri\u0105.<\/p>\n<\/li>\n<li data-start=\"1153\" data-end=\"1205\">\n<p data-start=\"1155\" data-end=\"1205\">Intensyviai dr\u0117kina ir saugo nuo dehidratacijos.<\/p>\n<\/li>\n<li data-start=\"1206\" data-end=\"1258\">\n<p data-start=\"1208\" data-end=\"1258\">Ma\u017eina odos \u0161erpetojim\u0105, jautrum\u0105 ir paraudimus.<\/p>\n<\/li>\n<li data-start=\"1259\" data-end=\"1314\">\n<p data-start=\"1261\" data-end=\"1314\">Padeda i\u0161vengti smulki\u0173 b\u0117rim\u0173 ir odos papilk\u0117jimo.<\/p>\n<\/li>\n<li data-start=\"1315\" data-end=\"1355\">\n<p data-start=\"1317\" data-end=\"1355\">L\u0117tina pirmuosius sen\u0117jimo po\u017eymius.<\/p>\n<\/li>\n<li data-start=\"1356\" data-end=\"1395\">\n<p data-start=\"1358\" data-end=\"1395\">Lengva, greitai \u012fsigerianti tekst\u016bra.<\/p>\n<\/li>\n<\/ul>\n<h4 data-start=\"1397\" data-end=\"1418\"><strong data-start=\"1401\" data-end=\"1418\">Kaip naudoti:<\/strong><\/h4>\n<ol data-start=\"1419\" data-end=\"1655\">\n<li data-start=\"1419\" data-end=\"1480\">\n<p data-start=\"1422\" data-end=\"1480\">Ant \u0161varios odos u\u017etepkite \u017eirnelio dyd\u017eio kiek\u012f serumo.<\/p>\n<\/li>\n<li data-start=\"1481\" data-end=\"1535\">\n<p data-start=\"1484\" data-end=\"1535\">\u0160velniai paskirstykite masa\u017euojan\u010diais judesiais.<\/p>\n<\/li>\n<li data-start=\"1536\" data-end=\"1582\">\n<p data-start=\"1539\" data-end=\"1582\">Tepkite veido krem\u0105 pagal savo odos tip\u0105.<\/p>\n<\/li>\n<li data-start=\"1583\" data-end=\"1655\">\n<p data-start=\"1586\" data-end=\"1655\">Esant \u0161al\u010diui, po 15 sekund\u017ei\u0173 nuo serumo u\u017etepkite maitinant\u012f krem\u0105.<\/p>\n<\/li>\n<\/ol>\n<p data-start=\"1657\" data-end=\"1673\"><strong data-start=\"1657\" data-end=\"1667\">T\u016bris:<\/strong> 30 ml<\/p>\n","protected":false},"excerpt":{"rendered":"<p data-start=\"1716\" data-end=\"1957\">PAESE hialurono serumas intensyviai dr\u0117kina, ramina ir stiprina od\u0105. Derindamas dviej\u0173 tip\u0173 hialurono r\u016bg\u0161tis, jis padeda i\u0161vengti dehidratacijos, ma\u017eina jautrum\u0105, gerina odos stangrum\u0105 ir l\u0117tina sen\u0117jimo po\u017eymius. Tinka visiems odos tipams.<\/p>\n","protected":false},"featured_media":63519,"template":"","meta":[],"product_brand":[1534],"product_cat":[550,728],"product_tag":[1614],"class_list":{"0":"post-63517","1":"product","2":"type-product","3":"status-publish","4":"has-post-thumbnail","6":"product_brand-paese","7":"product_cat-veido-serumai","8":"product_cat-veidui","9":"product_tag-paese","11":"first","12":"instock","13":"purchasable","14":"product-type-simple"},"yoast_head":"<!-- This site is optimized with the Yoast SEO plugin v27.4 - https:\/\/yoast.com\/product\/yoast-seo-wordpress\/ -->\n<title>PAESE hialurono serumas, 30ml - MalinaShop.lt J\u016bs\u0173 sveikatai ir gro\u017eiui.<\/title>\n<meta name=\"description\" content=\"PAESE hialurono serumas dr\u0117kina, ramina ir stiprina od\u0105. Ma\u017eina jautrum\u0105 ir pirmuosius sen\u0117jimo po\u017eymius. Tinka visiems odos tipams. 30 ml.\" \/>\n<meta name=\"robots\" content=\"index, follow, max-snippet:-1, max-image-preview:large, max-video-preview:-1\" \/>\n<link rel=\"canonical\" href=\"https:\/\/www.malinashop.lt\/en\/shop\/paese-hialurono-serumas-30ml\/\" \/>\n<meta property=\"og:locale\" content=\"en_GB\" \/>\n<meta property=\"og:type\" content=\"article\" \/>\n<meta property=\"og:title\" content=\"PAESE hialurono serumas, 30ml - MalinaShop.lt J\u016bs\u0173 sveikatai ir gro\u017eiui.\" \/>\n<meta property=\"og:description\" content=\"PAESE hialurono serumas dr\u0117kina, ramina ir stiprina od\u0105. Ma\u017eina jautrum\u0105 ir pirmuosius sen\u0117jimo po\u017eymius. Tinka visiems odos tipams. 30 ml.\" \/>\n<meta property=\"og:url\" content=\"https:\/\/www.malinashop.lt\/en\/shop\/paese-hialurono-serumas-30ml\/\" \/>\n<meta property=\"og:site_name\" content=\"MalinaShop.lt J\u016bs\u0173 sveikatai ir gro\u017eiui.\" \/>\n<meta property=\"article:modified_time\" content=\"2026-02-10T09:48:19+00:00\" \/>\n<meta property=\"og:image\" content=\"https:\/\/www.malinashop.lt\/wp-content\/uploads\/2025\/11\/Acid-InOut-1.jpg\" \/>\n\t<meta property=\"og:image:width\" content=\"1080\" \/>\n\t<meta property=\"og:image:height\" content=\"1080\" \/>\n\t<meta property=\"og:image:type\" content=\"image\/jpeg\" \/>\n<meta name=\"twitter:card\" content=\"summary_large_image\" \/>\n<script type=\"application\/ld+json\" class=\"yoast-schema-graph\">{\"@context\":\"https:\\\/\\\/schema.org\",\"@graph\":[{\"@type\":\"WebPage\",\"@id\":\"https:\\\/\\\/www.malinashop.lt\\\/shop\\\/paese-hialurono-serumas-30ml\\\/\",\"url\":\"https:\\\/\\\/www.malinashop.lt\\\/shop\\\/paese-hialurono-serumas-30ml\\\/\",\"name\":\"PAESE hialurono serumas, 30ml - MalinaShop.lt J\u016bs\u0173 sveikatai ir gro\u017eiui.\",\"isPartOf\":{\"@id\":\"https:\\\/\\\/www.malinashop.lt\\\/#website\"},\"primaryImageOfPage\":{\"@id\":\"https:\\\/\\\/www.malinashop.lt\\\/shop\\\/paese-hialurono-serumas-30ml\\\/#primaryimage\"},\"image\":{\"@id\":\"https:\\\/\\\/www.malinashop.lt\\\/shop\\\/paese-hialurono-serumas-30ml\\\/#primaryimage\"},\"thumbnailUrl\":\"https:\\\/\\\/www.malinashop.lt\\\/wp-content\\\/uploads\\\/2025\\\/11\\\/Acid-InOut-1.jpg\",\"datePublished\":\"2025-11-24T15:01:17+00:00\",\"dateModified\":\"2026-02-10T09:48:19+00:00\",\"description\":\"PAESE hialurono serumas dr\u0117kina, ramina ir stiprina od\u0105. Ma\u017eina jautrum\u0105 ir pirmuosius sen\u0117jimo po\u017eymius. Tinka visiems odos tipams. 30 ml.\",\"breadcrumb\":{\"@id\":\"https:\\\/\\\/www.malinashop.lt\\\/shop\\\/paese-hialurono-serumas-30ml\\\/#breadcrumb\"},\"inLanguage\":\"en-GB\",\"potentialAction\":[{\"@type\":\"ReadAction\",\"target\":[\"https:\\\/\\\/www.malinashop.lt\\\/shop\\\/paese-hialurono-serumas-30ml\\\/\"]}]},{\"@type\":\"ImageObject\",\"inLanguage\":\"en-GB\",\"@id\":\"https:\\\/\\\/www.malinashop.lt\\\/shop\\\/paese-hialurono-serumas-30ml\\\/#primaryimage\",\"url\":\"https:\\\/\\\/www.malinashop.lt\\\/wp-content\\\/uploads\\\/2025\\\/11\\\/Acid-InOut-1.jpg\",\"contentUrl\":\"https:\\\/\\\/www.malinashop.lt\\\/wp-content\\\/uploads\\\/2025\\\/11\\\/Acid-InOut-1.jpg\",\"width\":1080,\"height\":1080},{\"@type\":\"BreadcrumbList\",\"@id\":\"https:\\\/\\\/www.malinashop.lt\\\/shop\\\/paese-hialurono-serumas-30ml\\\/#breadcrumb\",\"itemListElement\":[{\"@type\":\"ListItem\",\"position\":1,\"name\":\"Pagrindinis\",\"item\":\"https:\\\/\\\/www.malinashop.lt\\\/\"},{\"@type\":\"ListItem\",\"position\":2,\"name\":\"Parduotuv\u0117\",\"item\":\"https:\\\/\\\/www.malinashop.lt\\\/en\\\/parduotuve\\\/\"},{\"@type\":\"ListItem\",\"position\":3,\"name\":\"PAESE hialurono serumas, 30ml\"}]},{\"@type\":\"WebSite\",\"@id\":\"https:\\\/\\\/www.malinashop.lt\\\/#website\",\"url\":\"https:\\\/\\\/www.malinashop.lt\\\/\",\"name\":\"COM Group Ecommerce\",\"description\":\"MalinaShop.lt - Gro\u017eio ir sveikatos produktai i\u0161 patikim\u0173 preki\u0173 \u017eenkl\u0173. Atraskite auk\u0161tos kokyb\u0117s kosmetik\u0105 u\u017e puiki\u0105 kain\u0105.\",\"publisher\":{\"@id\":\"https:\\\/\\\/www.malinashop.lt\\\/#organization\"},\"potentialAction\":[{\"@type\":\"SearchAction\",\"target\":{\"@type\":\"EntryPoint\",\"urlTemplate\":\"https:\\\/\\\/www.malinashop.lt\\\/?s={search_term_string}\"},\"query-input\":{\"@type\":\"PropertyValueSpecification\",\"valueRequired\":true,\"valueName\":\"search_term_string\"}}],\"inLanguage\":\"en-GB\"},{\"@type\":\"Organization\",\"@id\":\"https:\\\/\\\/www.malinashop.lt\\\/#organization\",\"name\":\"COM Group Ecommerce\",\"url\":\"https:\\\/\\\/www.malinashop.lt\\\/\",\"logo\":{\"@type\":\"ImageObject\",\"inLanguage\":\"en-GB\",\"@id\":\"https:\\\/\\\/www.malinashop.lt\\\/#\\\/schema\\\/logo\\\/image\\\/\",\"url\":\"https:\\\/\\\/www.malinashop.lt\\\/wp-content\\\/uploads\\\/2024\\\/08\\\/462559670_3787732518133670_9795632669273463_n-e1731525914575.png\",\"contentUrl\":\"https:\\\/\\\/www.malinashop.lt\\\/wp-content\\\/uploads\\\/2024\\\/08\\\/462559670_3787732518133670_9795632669273463_n-e1731525914575.png\",\"width\":180,\"height\":60,\"caption\":\"COM Group Ecommerce\"},\"image\":{\"@id\":\"https:\\\/\\\/www.malinashop.lt\\\/#\\\/schema\\\/logo\\\/image\\\/\"}}]}<\/script>\n<!-- \/ Yoast SEO plugin. -->","yoast_head_json":{"title":"PAESE hialurono serumas, 30ml - MalinaShop.lt J\u016bs\u0173 sveikatai ir gro\u017eiui.","description":"PAESE hialurono serumas dr\u0117kina, ramina ir stiprina od\u0105. Ma\u017eina jautrum\u0105 ir pirmuosius sen\u0117jimo po\u017eymius. Tinka visiems odos tipams. 30 ml.","robots":{"index":"index","follow":"follow","max-snippet":"max-snippet:-1","max-image-preview":"max-image-preview:large","max-video-preview":"max-video-preview:-1"},"canonical":"https:\/\/www.malinashop.lt\/en\/shop\/paese-hialurono-serumas-30ml\/","og_locale":"en_GB","og_type":"article","og_title":"PAESE hialurono serumas, 30ml - MalinaShop.lt J\u016bs\u0173 sveikatai ir gro\u017eiui.","og_description":"PAESE hialurono serumas dr\u0117kina, ramina ir stiprina od\u0105. Ma\u017eina jautrum\u0105 ir pirmuosius sen\u0117jimo po\u017eymius. Tinka visiems odos tipams. 30 ml.","og_url":"https:\/\/www.malinashop.lt\/en\/shop\/paese-hialurono-serumas-30ml\/","og_site_name":"MalinaShop.lt J\u016bs\u0173 sveikatai ir gro\u017eiui.","article_modified_time":"2026-02-10T09:48:19+00:00","og_image":[{"width":1080,"height":1080,"url":"https:\/\/www.malinashop.lt\/wp-content\/uploads\/2025\/11\/Acid-InOut-1.jpg","type":"image\/jpeg"}],"twitter_card":"summary_large_image","schema":{"@context":"https:\/\/schema.org","@graph":[{"@type":"WebPage","@id":"https:\/\/www.malinashop.lt\/shop\/paese-hialurono-serumas-30ml\/","url":"https:\/\/www.malinashop.lt\/shop\/paese-hialurono-serumas-30ml\/","name":"PAESE hialurono serumas, 30ml - MalinaShop.lt J\u016bs\u0173 sveikatai ir gro\u017eiui.","isPartOf":{"@id":"https:\/\/www.malinashop.lt\/#website"},"primaryImageOfPage":{"@id":"https:\/\/www.malinashop.lt\/shop\/paese-hialurono-serumas-30ml\/#primaryimage"},"image":{"@id":"https:\/\/www.malinashop.lt\/shop\/paese-hialurono-serumas-30ml\/#primaryimage"},"thumbnailUrl":"https:\/\/www.malinashop.lt\/wp-content\/uploads\/2025\/11\/Acid-InOut-1.jpg","datePublished":"2025-11-24T15:01:17+00:00","dateModified":"2026-02-10T09:48:19+00:00","description":"PAESE hialurono serumas dr\u0117kina, ramina ir stiprina od\u0105. Ma\u017eina jautrum\u0105 ir pirmuosius sen\u0117jimo po\u017eymius. Tinka visiems odos tipams. 30 ml.","breadcrumb":{"@id":"https:\/\/www.malinashop.lt\/shop\/paese-hialurono-serumas-30ml\/#breadcrumb"},"inLanguage":"en-GB","potentialAction":[{"@type":"ReadAction","target":["https:\/\/www.malinashop.lt\/shop\/paese-hialurono-serumas-30ml\/"]}]},{"@type":"ImageObject","inLanguage":"en-GB","@id":"https:\/\/www.malinashop.lt\/shop\/paese-hialurono-serumas-30ml\/#primaryimage","url":"https:\/\/www.malinashop.lt\/wp-content\/uploads\/2025\/11\/Acid-InOut-1.jpg","contentUrl":"https:\/\/www.malinashop.lt\/wp-content\/uploads\/2025\/11\/Acid-InOut-1.jpg","width":1080,"height":1080},{"@type":"BreadcrumbList","@id":"https:\/\/www.malinashop.lt\/shop\/paese-hialurono-serumas-30ml\/#breadcrumb","itemListElement":[{"@type":"ListItem","position":1,"name":"Pagrindinis","item":"https:\/\/www.malinashop.lt\/"},{"@type":"ListItem","position":2,"name":"Parduotuv\u0117","item":"https:\/\/www.malinashop.lt\/en\/parduotuve\/"},{"@type":"ListItem","position":3,"name":"PAESE hialurono serumas, 30ml"}]},{"@type":"WebSite","@id":"https:\/\/www.malinashop.lt\/#website","url":"https:\/\/www.malinashop.lt\/","name":"COM Group Ecommerce","description":"MalinaShop.lt - Gro\u017eio ir sveikatos produktai i\u0161 patikim\u0173 preki\u0173 \u017eenkl\u0173. Atraskite auk\u0161tos kokyb\u0117s kosmetik\u0105 u\u017e puiki\u0105 kain\u0105.","publisher":{"@id":"https:\/\/www.malinashop.lt\/#organization"},"potentialAction":[{"@type":"SearchAction","target":{"@type":"EntryPoint","urlTemplate":"https:\/\/www.malinashop.lt\/?s={search_term_string}"},"query-input":{"@type":"PropertyValueSpecification","valueRequired":true,"valueName":"search_term_string"}}],"inLanguage":"en-GB"},{"@type":"Organization","@id":"https:\/\/www.malinashop.lt\/#organization","name":"COM Group Ecommerce","url":"https:\/\/www.malinashop.lt\/","logo":{"@type":"ImageObject","inLanguage":"en-GB","@id":"https:\/\/www.malinashop.lt\/#\/schema\/logo\/image\/","url":"https:\/\/www.malinashop.lt\/wp-content\/uploads\/2024\/08\/462559670_3787732518133670_9795632669273463_n-e1731525914575.png","contentUrl":"https:\/\/www.malinashop.lt\/wp-content\/uploads\/2024\/08\/462559670_3787732518133670_9795632669273463_n-e1731525914575.png","width":180,"height":60,"caption":"COM Group Ecommerce"},"image":{"@id":"https:\/\/www.malinashop.lt\/#\/schema\/logo\/image\/"}}]}},"jetpack_sharing_enabled":true,"_links":{"self":[{"href":"https:\/\/www.malinashop.lt\/en\/wp-json\/wp\/v2\/product\/63517","targetHints":{"allow":["GET"]}}],"collection":[{"href":"https:\/\/www.malinashop.lt\/en\/wp-json\/wp\/v2\/product"}],"about":[{"href":"https:\/\/www.malinashop.lt\/en\/wp-json\/wp\/v2\/types\/product"}],"version-history":[{"count":2,"href":"https:\/\/www.malinashop.lt\/en\/wp-json\/wp\/v2\/product\/63517\/revisions"}],"predecessor-version":[{"id":72257,"href":"https:\/\/www.malinashop.lt\/en\/wp-json\/wp\/v2\/product\/63517\/revisions\/72257"}],"wp:featuredmedia":[{"embeddable":true,"href":"https:\/\/www.malinashop.lt\/en\/wp-json\/wp\/v2\/media\/63519"}],"wp:attachment":[{"href":"https:\/\/www.malinashop.lt\/en\/wp-json\/wp\/v2\/media?parent=63517"}],"wp:term":[{"taxonomy":"product_brand","embeddable":true,"href":"https:\/\/www.malinashop.lt\/en\/wp-json\/wp\/v2\/product_brand?post=63517"},{"taxonomy":"product_cat","embeddable":true,"href":"https:\/\/www.malinashop.lt\/en\/wp-json\/wp\/v2\/product_cat?post=63517"},{"taxonomy":"product_tag","embeddable":true,"href":"https:\/\/www.malinashop.lt\/en\/wp-json\/wp\/v2\/product_tag?post=63517"}],"curies":[{"name":"wp","href":"https:\/\/api.w.org\/{rel}","templated":true}]}}