{"id":63510,"date":"2025-11-24T18:01:17","date_gmt":"2025-11-24T15:01:17","guid":{"rendered":"https:\/\/malinashop.lt\/?post_type=product&#038;p=63510"},"modified":"2026-02-10T12:48:18","modified_gmt":"2026-02-10T09:48:18","slug":"paese-matiniai-mattologie-111-lupu-dazai","status":"publish","type":"product","link":"https:\/\/www.malinashop.lt\/en\/shop\/paese-matiniai-mattologie-111-lupu-dazai\/","title":{"rendered":"PAESE matiniai MATTOLOGIE 111 l\u016bp\u0173 da\u017eai"},"content":{"rendered":"<p data-start=\"151\" data-end=\"437\">PAESE matiniai l\u016bp\u0173 da\u017eai MATTOLOGIE 111 \u2013 tai ilgai i\u0161liekantys, komforti\u0161kos tekst\u016bros matiniai l\u016bp\u0173 da\u017eai, suteikiantys sodri\u0105 spalv\u0105 ir glotn\u0173, eleganti\u0161k\u0105 efekt\u0105. Formul\u0117 su dr\u0117kinamosiomis savyb\u0117mis ned\u017eiovina l\u016bp\u0173, tod\u0117l puikiai tinka kasdieniam makia\u017eui ar ypatingoms progoms.<\/p>\n<p data-start=\"439\" data-end=\"641\">Lengvai slystantys l\u016bp\u0173 da\u017eai tolygiai padengia l\u016bpas, u\u017etikrina nepriekai\u0161ting\u0105 rezultat\u0105 ir i\u0161lieka vis\u0105 dien\u0105. MATTOLOGIE linija sukurta tam, kad suteikt\u0173 \u0161ilkin\u012f matin\u012f efekt\u0105 ir maksimal\u0173 komfort\u0105.<\/p>\n<p data-start=\"643\" data-end=\"673\"><strong data-start=\"643\" data-end=\"671\">Pagrindiniai privalumai:<\/strong><\/p>\n<ul data-start=\"674\" data-end=\"818\">\n<li data-start=\"674\" data-end=\"712\">\n<p data-start=\"676\" data-end=\"712\">Matinis, ilgai i\u0161liekantis efektas<\/p>\n<\/li>\n<li data-start=\"713\" data-end=\"732\">\n<p data-start=\"715\" data-end=\"732\">Ned\u017eiovina l\u016bp\u0173<\/p>\n<\/li>\n<li data-start=\"733\" data-end=\"767\">\n<p data-start=\"735\" data-end=\"767\">Komforti\u0161ka ir lengva tekst\u016bra<\/p>\n<\/li>\n<li data-start=\"768\" data-end=\"795\">\n<p data-start=\"770\" data-end=\"795\">Intensyvi, sodri spalva<\/p>\n<\/li>\n<li data-start=\"796\" data-end=\"818\">\n<p data-start=\"798\" data-end=\"818\">Tolygus padengimas<\/p>\n<\/li>\n<\/ul>\n","protected":false},"excerpt":{"rendered":"<p data-start=\"864\" data-end=\"983\">Ilgai i\u0161liekantys PAESE MATTOLOGIE 111 matiniai l\u016bp\u0173 da\u017eai suteikia sodri\u0105 spalv\u0105 ir \u0161veln\u0173 komfort\u0105 ned\u017eiovinant l\u016bp\u0173.<\/p>\n","protected":false},"featured_media":63512,"template":"","meta":[],"product_brand":[1534],"product_cat":[102,708,533],"product_tag":[1614],"class_list":{"0":"post-63510","1":"product","2":"type-product","3":"status-publish","4":"has-post-thumbnail","6":"product_brand-paese","7":"product_cat-dekoratyvine-kosmetika","8":"product_cat-lupoms","9":"product_cat-lupu-dazai","10":"product_tag-paese","12":"first","13":"instock","14":"purchasable","15":"product-type-simple"},"yoast_head":"<!-- This site is optimized with the Yoast SEO plugin v27.4 - https:\/\/yoast.com\/product\/yoast-seo-wordpress\/ -->\n<title>PAESE matiniai MATTOLOGIE 111 l\u016bp\u0173 da\u017eai - MalinaShop.lt J\u016bs\u0173 sveikatai ir gro\u017eiui.<\/title>\n<meta name=\"description\" content=\"PAESE MATTOLOGIE 111 matiniai l\u016bp\u0173 da\u017eai \u2013 sodri spalva, ilgai i\u0161liekantis matinis efektas ir komfortas ned\u017eiovinant l\u016bp\u0173. Puikus pasirinkimas kasdienai.\" \/>\n<meta name=\"robots\" content=\"index, follow, max-snippet:-1, max-image-preview:large, max-video-preview:-1\" \/>\n<link rel=\"canonical\" href=\"https:\/\/www.malinashop.lt\/en\/shop\/paese-matiniai-mattologie-111-lupu-dazai\/\" \/>\n<meta property=\"og:locale\" content=\"en_GB\" \/>\n<meta property=\"og:type\" content=\"article\" \/>\n<meta property=\"og:title\" content=\"PAESE matiniai MATTOLOGIE 111 l\u016bp\u0173 da\u017eai - MalinaShop.lt J\u016bs\u0173 sveikatai ir gro\u017eiui.\" \/>\n<meta property=\"og:description\" content=\"PAESE MATTOLOGIE 111 matiniai l\u016bp\u0173 da\u017eai \u2013 sodri spalva, ilgai i\u0161liekantis matinis efektas ir komfortas ned\u017eiovinant l\u016bp\u0173. Puikus pasirinkimas kasdienai.\" \/>\n<meta property=\"og:url\" content=\"https:\/\/www.malinashop.lt\/en\/shop\/paese-matiniai-mattologie-111-lupu-dazai\/\" \/>\n<meta property=\"og:site_name\" content=\"MalinaShop.lt J\u016bs\u0173 sveikatai ir gro\u017eiui.\" \/>\n<meta property=\"article:modified_time\" content=\"2026-02-10T09:48:18+00:00\" \/>\n<meta property=\"og:image\" content=\"https:\/\/www.malinashop.lt\/wp-content\/uploads\/2025\/11\/lipstick_mattologie_open_111.jpg\" \/>\n\t<meta property=\"og:image:width\" content=\"1440\" \/>\n\t<meta property=\"og:image:height\" content=\"810\" \/>\n\t<meta property=\"og:image:type\" content=\"image\/jpeg\" \/>\n<meta name=\"twitter:card\" content=\"summary_large_image\" \/>\n<script type=\"application\/ld+json\" class=\"yoast-schema-graph\">{\"@context\":\"https:\\\/\\\/schema.org\",\"@graph\":[{\"@type\":\"WebPage\",\"@id\":\"https:\\\/\\\/www.malinashop.lt\\\/shop\\\/paese-matiniai-mattologie-111-lupu-dazai\\\/\",\"url\":\"https:\\\/\\\/www.malinashop.lt\\\/shop\\\/paese-matiniai-mattologie-111-lupu-dazai\\\/\",\"name\":\"PAESE matiniai MATTOLOGIE 111 l\u016bp\u0173 da\u017eai - MalinaShop.lt J\u016bs\u0173 sveikatai ir gro\u017eiui.\",\"isPartOf\":{\"@id\":\"https:\\\/\\\/www.malinashop.lt\\\/#website\"},\"primaryImageOfPage\":{\"@id\":\"https:\\\/\\\/www.malinashop.lt\\\/shop\\\/paese-matiniai-mattologie-111-lupu-dazai\\\/#primaryimage\"},\"image\":{\"@id\":\"https:\\\/\\\/www.malinashop.lt\\\/shop\\\/paese-matiniai-mattologie-111-lupu-dazai\\\/#primaryimage\"},\"thumbnailUrl\":\"https:\\\/\\\/www.malinashop.lt\\\/wp-content\\\/uploads\\\/2025\\\/11\\\/lipstick_mattologie_open_111.jpg\",\"datePublished\":\"2025-11-24T15:01:17+00:00\",\"dateModified\":\"2026-02-10T09:48:18+00:00\",\"description\":\"PAESE MATTOLOGIE 111 matiniai l\u016bp\u0173 da\u017eai \u2013 sodri spalva, ilgai i\u0161liekantis matinis efektas ir komfortas ned\u017eiovinant l\u016bp\u0173. Puikus pasirinkimas kasdienai.\",\"breadcrumb\":{\"@id\":\"https:\\\/\\\/www.malinashop.lt\\\/shop\\\/paese-matiniai-mattologie-111-lupu-dazai\\\/#breadcrumb\"},\"inLanguage\":\"en-GB\",\"potentialAction\":[{\"@type\":\"ReadAction\",\"target\":[\"https:\\\/\\\/www.malinashop.lt\\\/shop\\\/paese-matiniai-mattologie-111-lupu-dazai\\\/\"]}]},{\"@type\":\"ImageObject\",\"inLanguage\":\"en-GB\",\"@id\":\"https:\\\/\\\/www.malinashop.lt\\\/shop\\\/paese-matiniai-mattologie-111-lupu-dazai\\\/#primaryimage\",\"url\":\"https:\\\/\\\/www.malinashop.lt\\\/wp-content\\\/uploads\\\/2025\\\/11\\\/lipstick_mattologie_open_111.jpg\",\"contentUrl\":\"https:\\\/\\\/www.malinashop.lt\\\/wp-content\\\/uploads\\\/2025\\\/11\\\/lipstick_mattologie_open_111.jpg\",\"width\":1440,\"height\":810},{\"@type\":\"BreadcrumbList\",\"@id\":\"https:\\\/\\\/www.malinashop.lt\\\/shop\\\/paese-matiniai-mattologie-111-lupu-dazai\\\/#breadcrumb\",\"itemListElement\":[{\"@type\":\"ListItem\",\"position\":1,\"name\":\"Pagrindinis\",\"item\":\"https:\\\/\\\/www.malinashop.lt\\\/\"},{\"@type\":\"ListItem\",\"position\":2,\"name\":\"Parduotuv\u0117\",\"item\":\"https:\\\/\\\/www.malinashop.lt\\\/en\\\/parduotuve\\\/\"},{\"@type\":\"ListItem\",\"position\":3,\"name\":\"PAESE matiniai MATTOLOGIE 111 l\u016bp\u0173 da\u017eai\"}]},{\"@type\":\"WebSite\",\"@id\":\"https:\\\/\\\/www.malinashop.lt\\\/#website\",\"url\":\"https:\\\/\\\/www.malinashop.lt\\\/\",\"name\":\"COM Group Ecommerce\",\"description\":\"MalinaShop.lt - Gro\u017eio ir sveikatos produktai i\u0161 patikim\u0173 preki\u0173 \u017eenkl\u0173. Atraskite auk\u0161tos kokyb\u0117s kosmetik\u0105 u\u017e puiki\u0105 kain\u0105.\",\"publisher\":{\"@id\":\"https:\\\/\\\/www.malinashop.lt\\\/#organization\"},\"potentialAction\":[{\"@type\":\"SearchAction\",\"target\":{\"@type\":\"EntryPoint\",\"urlTemplate\":\"https:\\\/\\\/www.malinashop.lt\\\/?s={search_term_string}\"},\"query-input\":{\"@type\":\"PropertyValueSpecification\",\"valueRequired\":true,\"valueName\":\"search_term_string\"}}],\"inLanguage\":\"en-GB\"},{\"@type\":\"Organization\",\"@id\":\"https:\\\/\\\/www.malinashop.lt\\\/#organization\",\"name\":\"COM Group Ecommerce\",\"url\":\"https:\\\/\\\/www.malinashop.lt\\\/\",\"logo\":{\"@type\":\"ImageObject\",\"inLanguage\":\"en-GB\",\"@id\":\"https:\\\/\\\/www.malinashop.lt\\\/#\\\/schema\\\/logo\\\/image\\\/\",\"url\":\"https:\\\/\\\/www.malinashop.lt\\\/wp-content\\\/uploads\\\/2024\\\/08\\\/462559670_3787732518133670_9795632669273463_n-e1731525914575.png\",\"contentUrl\":\"https:\\\/\\\/www.malinashop.lt\\\/wp-content\\\/uploads\\\/2024\\\/08\\\/462559670_3787732518133670_9795632669273463_n-e1731525914575.png\",\"width\":180,\"height\":60,\"caption\":\"COM Group Ecommerce\"},\"image\":{\"@id\":\"https:\\\/\\\/www.malinashop.lt\\\/#\\\/schema\\\/logo\\\/image\\\/\"}}]}<\/script>\n<!-- \/ Yoast SEO plugin. -->","yoast_head_json":{"title":"PAESE matiniai MATTOLOGIE 111 l\u016bp\u0173 da\u017eai - MalinaShop.lt J\u016bs\u0173 sveikatai ir gro\u017eiui.","description":"PAESE MATTOLOGIE 111 matiniai l\u016bp\u0173 da\u017eai \u2013 sodri spalva, ilgai i\u0161liekantis matinis efektas ir komfortas ned\u017eiovinant l\u016bp\u0173. Puikus pasirinkimas kasdienai.","robots":{"index":"index","follow":"follow","max-snippet":"max-snippet:-1","max-image-preview":"max-image-preview:large","max-video-preview":"max-video-preview:-1"},"canonical":"https:\/\/www.malinashop.lt\/en\/shop\/paese-matiniai-mattologie-111-lupu-dazai\/","og_locale":"en_GB","og_type":"article","og_title":"PAESE matiniai MATTOLOGIE 111 l\u016bp\u0173 da\u017eai - MalinaShop.lt J\u016bs\u0173 sveikatai ir gro\u017eiui.","og_description":"PAESE MATTOLOGIE 111 matiniai l\u016bp\u0173 da\u017eai \u2013 sodri spalva, ilgai i\u0161liekantis matinis efektas ir komfortas ned\u017eiovinant l\u016bp\u0173. Puikus pasirinkimas kasdienai.","og_url":"https:\/\/www.malinashop.lt\/en\/shop\/paese-matiniai-mattologie-111-lupu-dazai\/","og_site_name":"MalinaShop.lt J\u016bs\u0173 sveikatai ir gro\u017eiui.","article_modified_time":"2026-02-10T09:48:18+00:00","og_image":[{"width":1440,"height":810,"url":"https:\/\/www.malinashop.lt\/wp-content\/uploads\/2025\/11\/lipstick_mattologie_open_111.jpg","type":"image\/jpeg"}],"twitter_card":"summary_large_image","schema":{"@context":"https:\/\/schema.org","@graph":[{"@type":"WebPage","@id":"https:\/\/www.malinashop.lt\/shop\/paese-matiniai-mattologie-111-lupu-dazai\/","url":"https:\/\/www.malinashop.lt\/shop\/paese-matiniai-mattologie-111-lupu-dazai\/","name":"PAESE matiniai MATTOLOGIE 111 l\u016bp\u0173 da\u017eai - MalinaShop.lt J\u016bs\u0173 sveikatai ir gro\u017eiui.","isPartOf":{"@id":"https:\/\/www.malinashop.lt\/#website"},"primaryImageOfPage":{"@id":"https:\/\/www.malinashop.lt\/shop\/paese-matiniai-mattologie-111-lupu-dazai\/#primaryimage"},"image":{"@id":"https:\/\/www.malinashop.lt\/shop\/paese-matiniai-mattologie-111-lupu-dazai\/#primaryimage"},"thumbnailUrl":"https:\/\/www.malinashop.lt\/wp-content\/uploads\/2025\/11\/lipstick_mattologie_open_111.jpg","datePublished":"2025-11-24T15:01:17+00:00","dateModified":"2026-02-10T09:48:18+00:00","description":"PAESE MATTOLOGIE 111 matiniai l\u016bp\u0173 da\u017eai \u2013 sodri spalva, ilgai i\u0161liekantis matinis efektas ir komfortas ned\u017eiovinant l\u016bp\u0173. Puikus pasirinkimas kasdienai.","breadcrumb":{"@id":"https:\/\/www.malinashop.lt\/shop\/paese-matiniai-mattologie-111-lupu-dazai\/#breadcrumb"},"inLanguage":"en-GB","potentialAction":[{"@type":"ReadAction","target":["https:\/\/www.malinashop.lt\/shop\/paese-matiniai-mattologie-111-lupu-dazai\/"]}]},{"@type":"ImageObject","inLanguage":"en-GB","@id":"https:\/\/www.malinashop.lt\/shop\/paese-matiniai-mattologie-111-lupu-dazai\/#primaryimage","url":"https:\/\/www.malinashop.lt\/wp-content\/uploads\/2025\/11\/lipstick_mattologie_open_111.jpg","contentUrl":"https:\/\/www.malinashop.lt\/wp-content\/uploads\/2025\/11\/lipstick_mattologie_open_111.jpg","width":1440,"height":810},{"@type":"BreadcrumbList","@id":"https:\/\/www.malinashop.lt\/shop\/paese-matiniai-mattologie-111-lupu-dazai\/#breadcrumb","itemListElement":[{"@type":"ListItem","position":1,"name":"Pagrindinis","item":"https:\/\/www.malinashop.lt\/"},{"@type":"ListItem","position":2,"name":"Parduotuv\u0117","item":"https:\/\/www.malinashop.lt\/en\/parduotuve\/"},{"@type":"ListItem","position":3,"name":"PAESE matiniai MATTOLOGIE 111 l\u016bp\u0173 da\u017eai"}]},{"@type":"WebSite","@id":"https:\/\/www.malinashop.lt\/#website","url":"https:\/\/www.malinashop.lt\/","name":"COM Group Ecommerce","description":"MalinaShop.lt - Gro\u017eio ir sveikatos produktai i\u0161 patikim\u0173 preki\u0173 \u017eenkl\u0173. Atraskite auk\u0161tos kokyb\u0117s kosmetik\u0105 u\u017e puiki\u0105 kain\u0105.","publisher":{"@id":"https:\/\/www.malinashop.lt\/#organization"},"potentialAction":[{"@type":"SearchAction","target":{"@type":"EntryPoint","urlTemplate":"https:\/\/www.malinashop.lt\/?s={search_term_string}"},"query-input":{"@type":"PropertyValueSpecification","valueRequired":true,"valueName":"search_term_string"}}],"inLanguage":"en-GB"},{"@type":"Organization","@id":"https:\/\/www.malinashop.lt\/#organization","name":"COM Group Ecommerce","url":"https:\/\/www.malinashop.lt\/","logo":{"@type":"ImageObject","inLanguage":"en-GB","@id":"https:\/\/www.malinashop.lt\/#\/schema\/logo\/image\/","url":"https:\/\/www.malinashop.lt\/wp-content\/uploads\/2024\/08\/462559670_3787732518133670_9795632669273463_n-e1731525914575.png","contentUrl":"https:\/\/www.malinashop.lt\/wp-content\/uploads\/2024\/08\/462559670_3787732518133670_9795632669273463_n-e1731525914575.png","width":180,"height":60,"caption":"COM Group Ecommerce"},"image":{"@id":"https:\/\/www.malinashop.lt\/#\/schema\/logo\/image\/"}}]}},"jetpack_sharing_enabled":true,"_links":{"self":[{"href":"https:\/\/www.malinashop.lt\/en\/wp-json\/wp\/v2\/product\/63510","targetHints":{"allow":["GET"]}}],"collection":[{"href":"https:\/\/www.malinashop.lt\/en\/wp-json\/wp\/v2\/product"}],"about":[{"href":"https:\/\/www.malinashop.lt\/en\/wp-json\/wp\/v2\/types\/product"}],"version-history":[{"count":2,"href":"https:\/\/www.malinashop.lt\/en\/wp-json\/wp\/v2\/product\/63510\/revisions"}],"predecessor-version":[{"id":72136,"href":"https:\/\/www.malinashop.lt\/en\/wp-json\/wp\/v2\/product\/63510\/revisions\/72136"}],"wp:featuredmedia":[{"embeddable":true,"href":"https:\/\/www.malinashop.lt\/en\/wp-json\/wp\/v2\/media\/63512"}],"wp:attachment":[{"href":"https:\/\/www.malinashop.lt\/en\/wp-json\/wp\/v2\/media?parent=63510"}],"wp:term":[{"taxonomy":"product_brand","embeddable":true,"href":"https:\/\/www.malinashop.lt\/en\/wp-json\/wp\/v2\/product_brand?post=63510"},{"taxonomy":"product_cat","embeddable":true,"href":"https:\/\/www.malinashop.lt\/en\/wp-json\/wp\/v2\/product_cat?post=63510"},{"taxonomy":"product_tag","embeddable":true,"href":"https:\/\/www.malinashop.lt\/en\/wp-json\/wp\/v2\/product_tag?post=63510"}],"curies":[{"name":"wp","href":"https:\/\/api.w.org\/{rel}","templated":true}]}}