{"id":63495,"date":"2025-11-24T18:01:17","date_gmt":"2025-11-24T15:01:17","guid":{"rendered":"https:\/\/malinashop.lt\/?post_type=product&#038;p=63495"},"modified":"2026-02-10T12:48:17","modified_gmt":"2026-02-10T09:48:17","slug":"paese-lupu-dazai-75-su-arganu-aliejumi","status":"publish","type":"product","link":"https:\/\/www.malinashop.lt\/en\/shop\/paese-lupu-dazai-75-su-arganu-aliejumi\/","title":{"rendered":"PAESE l\u016bp\u0173 da\u017eai 75 su argan\u0173 aliejumi"},"content":{"rendered":"<p data-start=\"32\" data-end=\"422\"><strong data-start=\"32\" data-end=\"74\">PAESE l\u016bp\u0173 da\u017eai su argan\u0173 aliejumi 75<\/strong> \u2013 tai naujos kartos l\u016bp\u0173 da\u017eai, sukurti intensyviam dr\u0117kinimui ir i\u0161skirtinei l\u016bp\u0173 prie\u017ei\u016brai. Formul\u0117je esantis argan\u0173 aliejus maitina, mink\u0161tina ir suteikia nat\u016bral\u0173 \u0161velnum\u0105, tod\u0117l l\u016bpos atrodo glotnios ir elastingos vis\u0105 dien\u0105. Kremin\u0117 tekst\u016bra lengvai dengiasi, suteikia sodri\u0105 spalv\u0105 ir komforti\u0161k\u0105 poj\u016bt\u012f, neapsunkina ir nei\u0161sausina l\u016bp\u0173.<\/p>\n<p data-start=\"424\" data-end=\"630\">\u0160i priemon\u0117 idealiai tinka kasdieniam makia\u017eui bei suteikia subtil\u0173 spindes\u012f, kuris pabr\u0117\u017eia nat\u016bral\u0173 l\u016bp\u0173 gro\u017e\u012f. L\u016bp\u0173 da\u017eai i\u0161lieka ilgai, tod\u0117l galite m\u0117gautis nepriekai\u0161tingu rezultatu visos dienos metu.<\/p>\n","protected":false},"excerpt":{"rendered":"<p data-start=\"673\" data-end=\"862\">PAESE l\u016bp\u0173 da\u017eai su argan\u0173 aliejumi 75 dr\u0117kina, maitina ir suteikia l\u016bpoms sodri\u0105, ilgai i\u0161liekan\u010di\u0105 spalv\u0105. \u0160velni tekst\u016bra ir maitinamoji formul\u0117 u\u017etikrina komfort\u0105 bei nat\u016bral\u0173 spindes\u012f.<\/p>\n","protected":false},"featured_media":63497,"template":"","meta":[],"product_brand":[1534],"product_cat":[102,708,533],"product_tag":[1614],"class_list":{"0":"post-63495","1":"product","2":"type-product","3":"status-publish","4":"has-post-thumbnail","6":"product_brand-paese","7":"product_cat-dekoratyvine-kosmetika","8":"product_cat-lupoms","9":"product_cat-lupu-dazai","10":"product_tag-paese","12":"first","13":"instock","14":"purchasable","15":"product-type-simple"},"yoast_head":"<!-- This site is optimized with the Yoast SEO plugin v27.4 - https:\/\/yoast.com\/product\/yoast-seo-wordpress\/ -->\n<title>PAESE l\u016bp\u0173 da\u017eai 75 su argan\u0173 aliejumi - MalinaShop.lt J\u016bs\u0173 sveikatai ir gro\u017eiui.<\/title>\n<meta name=\"description\" content=\"PAESE l\u016bp\u0173 da\u017eai su argan\u0173 aliejumi 75 \u2013 dr\u0117kinantys, ilgai i\u0161liekantys ir l\u016bpas puosel\u0117jantys l\u016bp\u0173 da\u017eai su maitinamuoju argan\u0173 aliejumi.\" \/>\n<meta name=\"robots\" content=\"index, follow, max-snippet:-1, max-image-preview:large, max-video-preview:-1\" \/>\n<link rel=\"canonical\" href=\"https:\/\/www.malinashop.lt\/en\/shop\/paese-lupu-dazai-75-su-arganu-aliejumi\/\" \/>\n<meta property=\"og:locale\" content=\"en_GB\" \/>\n<meta property=\"og:type\" content=\"article\" \/>\n<meta property=\"og:title\" content=\"PAESE l\u016bp\u0173 da\u017eai 75 su argan\u0173 aliejumi - MalinaShop.lt J\u016bs\u0173 sveikatai ir gro\u017eiui.\" \/>\n<meta property=\"og:description\" content=\"PAESE l\u016bp\u0173 da\u017eai su argan\u0173 aliejumi 75 \u2013 dr\u0117kinantys, ilgai i\u0161liekantys ir l\u016bpas puosel\u0117jantys l\u016bp\u0173 da\u017eai su maitinamuoju argan\u0173 aliejumi.\" \/>\n<meta property=\"og:url\" content=\"https:\/\/www.malinashop.lt\/en\/shop\/paese-lupu-dazai-75-su-arganu-aliejumi\/\" \/>\n<meta property=\"og:site_name\" content=\"MalinaShop.lt J\u016bs\u0173 sveikatai ir gro\u017eiui.\" \/>\n<meta property=\"article:modified_time\" content=\"2026-02-10T09:48:17+00:00\" \/>\n<meta property=\"og:image\" content=\"https:\/\/www.malinashop.lt\/wp-content\/uploads\/2025\/11\/Argan-Lipstick-miniatura-75_gold-copy.jpg\" \/>\n\t<meta property=\"og:image:width\" content=\"1440\" \/>\n\t<meta property=\"og:image:height\" content=\"810\" \/>\n\t<meta property=\"og:image:type\" content=\"image\/jpeg\" \/>\n<meta name=\"twitter:card\" content=\"summary_large_image\" \/>\n<script type=\"application\/ld+json\" class=\"yoast-schema-graph\">{\"@context\":\"https:\\\/\\\/schema.org\",\"@graph\":[{\"@type\":\"WebPage\",\"@id\":\"https:\\\/\\\/www.malinashop.lt\\\/shop\\\/paese-lupu-dazai-75-su-arganu-aliejumi\\\/\",\"url\":\"https:\\\/\\\/www.malinashop.lt\\\/shop\\\/paese-lupu-dazai-75-su-arganu-aliejumi\\\/\",\"name\":\"PAESE l\u016bp\u0173 da\u017eai 75 su argan\u0173 aliejumi - MalinaShop.lt J\u016bs\u0173 sveikatai ir gro\u017eiui.\",\"isPartOf\":{\"@id\":\"https:\\\/\\\/www.malinashop.lt\\\/#website\"},\"primaryImageOfPage\":{\"@id\":\"https:\\\/\\\/www.malinashop.lt\\\/shop\\\/paese-lupu-dazai-75-su-arganu-aliejumi\\\/#primaryimage\"},\"image\":{\"@id\":\"https:\\\/\\\/www.malinashop.lt\\\/shop\\\/paese-lupu-dazai-75-su-arganu-aliejumi\\\/#primaryimage\"},\"thumbnailUrl\":\"https:\\\/\\\/www.malinashop.lt\\\/wp-content\\\/uploads\\\/2025\\\/11\\\/Argan-Lipstick-miniatura-75_gold-copy.jpg\",\"datePublished\":\"2025-11-24T15:01:17+00:00\",\"dateModified\":\"2026-02-10T09:48:17+00:00\",\"description\":\"PAESE l\u016bp\u0173 da\u017eai su argan\u0173 aliejumi 75 \u2013 dr\u0117kinantys, ilgai i\u0161liekantys ir l\u016bpas puosel\u0117jantys l\u016bp\u0173 da\u017eai su maitinamuoju argan\u0173 aliejumi.\",\"breadcrumb\":{\"@id\":\"https:\\\/\\\/www.malinashop.lt\\\/shop\\\/paese-lupu-dazai-75-su-arganu-aliejumi\\\/#breadcrumb\"},\"inLanguage\":\"en-GB\",\"potentialAction\":[{\"@type\":\"ReadAction\",\"target\":[\"https:\\\/\\\/www.malinashop.lt\\\/shop\\\/paese-lupu-dazai-75-su-arganu-aliejumi\\\/\"]}]},{\"@type\":\"ImageObject\",\"inLanguage\":\"en-GB\",\"@id\":\"https:\\\/\\\/www.malinashop.lt\\\/shop\\\/paese-lupu-dazai-75-su-arganu-aliejumi\\\/#primaryimage\",\"url\":\"https:\\\/\\\/www.malinashop.lt\\\/wp-content\\\/uploads\\\/2025\\\/11\\\/Argan-Lipstick-miniatura-75_gold-copy.jpg\",\"contentUrl\":\"https:\\\/\\\/www.malinashop.lt\\\/wp-content\\\/uploads\\\/2025\\\/11\\\/Argan-Lipstick-miniatura-75_gold-copy.jpg\",\"width\":1440,\"height\":810},{\"@type\":\"BreadcrumbList\",\"@id\":\"https:\\\/\\\/www.malinashop.lt\\\/shop\\\/paese-lupu-dazai-75-su-arganu-aliejumi\\\/#breadcrumb\",\"itemListElement\":[{\"@type\":\"ListItem\",\"position\":1,\"name\":\"Pagrindinis\",\"item\":\"https:\\\/\\\/www.malinashop.lt\\\/\"},{\"@type\":\"ListItem\",\"position\":2,\"name\":\"Parduotuv\u0117\",\"item\":\"https:\\\/\\\/www.malinashop.lt\\\/en\\\/parduotuve\\\/\"},{\"@type\":\"ListItem\",\"position\":3,\"name\":\"PAESE l\u016bp\u0173 da\u017eai 75 su argan\u0173 aliejumi\"}]},{\"@type\":\"WebSite\",\"@id\":\"https:\\\/\\\/www.malinashop.lt\\\/#website\",\"url\":\"https:\\\/\\\/www.malinashop.lt\\\/\",\"name\":\"COM Group Ecommerce\",\"description\":\"MalinaShop.lt - Gro\u017eio ir sveikatos produktai i\u0161 patikim\u0173 preki\u0173 \u017eenkl\u0173. Atraskite auk\u0161tos kokyb\u0117s kosmetik\u0105 u\u017e puiki\u0105 kain\u0105.\",\"publisher\":{\"@id\":\"https:\\\/\\\/www.malinashop.lt\\\/#organization\"},\"potentialAction\":[{\"@type\":\"SearchAction\",\"target\":{\"@type\":\"EntryPoint\",\"urlTemplate\":\"https:\\\/\\\/www.malinashop.lt\\\/?s={search_term_string}\"},\"query-input\":{\"@type\":\"PropertyValueSpecification\",\"valueRequired\":true,\"valueName\":\"search_term_string\"}}],\"inLanguage\":\"en-GB\"},{\"@type\":\"Organization\",\"@id\":\"https:\\\/\\\/www.malinashop.lt\\\/#organization\",\"name\":\"COM Group Ecommerce\",\"url\":\"https:\\\/\\\/www.malinashop.lt\\\/\",\"logo\":{\"@type\":\"ImageObject\",\"inLanguage\":\"en-GB\",\"@id\":\"https:\\\/\\\/www.malinashop.lt\\\/#\\\/schema\\\/logo\\\/image\\\/\",\"url\":\"https:\\\/\\\/www.malinashop.lt\\\/wp-content\\\/uploads\\\/2024\\\/08\\\/462559670_3787732518133670_9795632669273463_n-e1731525914575.png\",\"contentUrl\":\"https:\\\/\\\/www.malinashop.lt\\\/wp-content\\\/uploads\\\/2024\\\/08\\\/462559670_3787732518133670_9795632669273463_n-e1731525914575.png\",\"width\":180,\"height\":60,\"caption\":\"COM Group Ecommerce\"},\"image\":{\"@id\":\"https:\\\/\\\/www.malinashop.lt\\\/#\\\/schema\\\/logo\\\/image\\\/\"}}]}<\/script>\n<!-- \/ Yoast SEO plugin. -->","yoast_head_json":{"title":"PAESE l\u016bp\u0173 da\u017eai 75 su argan\u0173 aliejumi - MalinaShop.lt J\u016bs\u0173 sveikatai ir gro\u017eiui.","description":"PAESE l\u016bp\u0173 da\u017eai su argan\u0173 aliejumi 75 \u2013 dr\u0117kinantys, ilgai i\u0161liekantys ir l\u016bpas puosel\u0117jantys l\u016bp\u0173 da\u017eai su maitinamuoju argan\u0173 aliejumi.","robots":{"index":"index","follow":"follow","max-snippet":"max-snippet:-1","max-image-preview":"max-image-preview:large","max-video-preview":"max-video-preview:-1"},"canonical":"https:\/\/www.malinashop.lt\/en\/shop\/paese-lupu-dazai-75-su-arganu-aliejumi\/","og_locale":"en_GB","og_type":"article","og_title":"PAESE l\u016bp\u0173 da\u017eai 75 su argan\u0173 aliejumi - MalinaShop.lt J\u016bs\u0173 sveikatai ir gro\u017eiui.","og_description":"PAESE l\u016bp\u0173 da\u017eai su argan\u0173 aliejumi 75 \u2013 dr\u0117kinantys, ilgai i\u0161liekantys ir l\u016bpas puosel\u0117jantys l\u016bp\u0173 da\u017eai su maitinamuoju argan\u0173 aliejumi.","og_url":"https:\/\/www.malinashop.lt\/en\/shop\/paese-lupu-dazai-75-su-arganu-aliejumi\/","og_site_name":"MalinaShop.lt J\u016bs\u0173 sveikatai ir gro\u017eiui.","article_modified_time":"2026-02-10T09:48:17+00:00","og_image":[{"width":1440,"height":810,"url":"https:\/\/www.malinashop.lt\/wp-content\/uploads\/2025\/11\/Argan-Lipstick-miniatura-75_gold-copy.jpg","type":"image\/jpeg"}],"twitter_card":"summary_large_image","schema":{"@context":"https:\/\/schema.org","@graph":[{"@type":"WebPage","@id":"https:\/\/www.malinashop.lt\/shop\/paese-lupu-dazai-75-su-arganu-aliejumi\/","url":"https:\/\/www.malinashop.lt\/shop\/paese-lupu-dazai-75-su-arganu-aliejumi\/","name":"PAESE l\u016bp\u0173 da\u017eai 75 su argan\u0173 aliejumi - MalinaShop.lt J\u016bs\u0173 sveikatai ir gro\u017eiui.","isPartOf":{"@id":"https:\/\/www.malinashop.lt\/#website"},"primaryImageOfPage":{"@id":"https:\/\/www.malinashop.lt\/shop\/paese-lupu-dazai-75-su-arganu-aliejumi\/#primaryimage"},"image":{"@id":"https:\/\/www.malinashop.lt\/shop\/paese-lupu-dazai-75-su-arganu-aliejumi\/#primaryimage"},"thumbnailUrl":"https:\/\/www.malinashop.lt\/wp-content\/uploads\/2025\/11\/Argan-Lipstick-miniatura-75_gold-copy.jpg","datePublished":"2025-11-24T15:01:17+00:00","dateModified":"2026-02-10T09:48:17+00:00","description":"PAESE l\u016bp\u0173 da\u017eai su argan\u0173 aliejumi 75 \u2013 dr\u0117kinantys, ilgai i\u0161liekantys ir l\u016bpas puosel\u0117jantys l\u016bp\u0173 da\u017eai su maitinamuoju argan\u0173 aliejumi.","breadcrumb":{"@id":"https:\/\/www.malinashop.lt\/shop\/paese-lupu-dazai-75-su-arganu-aliejumi\/#breadcrumb"},"inLanguage":"en-GB","potentialAction":[{"@type":"ReadAction","target":["https:\/\/www.malinashop.lt\/shop\/paese-lupu-dazai-75-su-arganu-aliejumi\/"]}]},{"@type":"ImageObject","inLanguage":"en-GB","@id":"https:\/\/www.malinashop.lt\/shop\/paese-lupu-dazai-75-su-arganu-aliejumi\/#primaryimage","url":"https:\/\/www.malinashop.lt\/wp-content\/uploads\/2025\/11\/Argan-Lipstick-miniatura-75_gold-copy.jpg","contentUrl":"https:\/\/www.malinashop.lt\/wp-content\/uploads\/2025\/11\/Argan-Lipstick-miniatura-75_gold-copy.jpg","width":1440,"height":810},{"@type":"BreadcrumbList","@id":"https:\/\/www.malinashop.lt\/shop\/paese-lupu-dazai-75-su-arganu-aliejumi\/#breadcrumb","itemListElement":[{"@type":"ListItem","position":1,"name":"Pagrindinis","item":"https:\/\/www.malinashop.lt\/"},{"@type":"ListItem","position":2,"name":"Parduotuv\u0117","item":"https:\/\/www.malinashop.lt\/en\/parduotuve\/"},{"@type":"ListItem","position":3,"name":"PAESE l\u016bp\u0173 da\u017eai 75 su argan\u0173 aliejumi"}]},{"@type":"WebSite","@id":"https:\/\/www.malinashop.lt\/#website","url":"https:\/\/www.malinashop.lt\/","name":"COM Group Ecommerce","description":"MalinaShop.lt - Gro\u017eio ir sveikatos produktai i\u0161 patikim\u0173 preki\u0173 \u017eenkl\u0173. Atraskite auk\u0161tos kokyb\u0117s kosmetik\u0105 u\u017e puiki\u0105 kain\u0105.","publisher":{"@id":"https:\/\/www.malinashop.lt\/#organization"},"potentialAction":[{"@type":"SearchAction","target":{"@type":"EntryPoint","urlTemplate":"https:\/\/www.malinashop.lt\/?s={search_term_string}"},"query-input":{"@type":"PropertyValueSpecification","valueRequired":true,"valueName":"search_term_string"}}],"inLanguage":"en-GB"},{"@type":"Organization","@id":"https:\/\/www.malinashop.lt\/#organization","name":"COM Group Ecommerce","url":"https:\/\/www.malinashop.lt\/","logo":{"@type":"ImageObject","inLanguage":"en-GB","@id":"https:\/\/www.malinashop.lt\/#\/schema\/logo\/image\/","url":"https:\/\/www.malinashop.lt\/wp-content\/uploads\/2024\/08\/462559670_3787732518133670_9795632669273463_n-e1731525914575.png","contentUrl":"https:\/\/www.malinashop.lt\/wp-content\/uploads\/2024\/08\/462559670_3787732518133670_9795632669273463_n-e1731525914575.png","width":180,"height":60,"caption":"COM Group Ecommerce"},"image":{"@id":"https:\/\/www.malinashop.lt\/#\/schema\/logo\/image\/"}}]}},"jetpack_sharing_enabled":true,"_links":{"self":[{"href":"https:\/\/www.malinashop.lt\/en\/wp-json\/wp\/v2\/product\/63495","targetHints":{"allow":["GET"]}}],"collection":[{"href":"https:\/\/www.malinashop.lt\/en\/wp-json\/wp\/v2\/product"}],"about":[{"href":"https:\/\/www.malinashop.lt\/en\/wp-json\/wp\/v2\/types\/product"}],"version-history":[{"count":2,"href":"https:\/\/www.malinashop.lt\/en\/wp-json\/wp\/v2\/product\/63495\/revisions"}],"predecessor-version":[{"id":72132,"href":"https:\/\/www.malinashop.lt\/en\/wp-json\/wp\/v2\/product\/63495\/revisions\/72132"}],"wp:featuredmedia":[{"embeddable":true,"href":"https:\/\/www.malinashop.lt\/en\/wp-json\/wp\/v2\/media\/63497"}],"wp:attachment":[{"href":"https:\/\/www.malinashop.lt\/en\/wp-json\/wp\/v2\/media?parent=63495"}],"wp:term":[{"taxonomy":"product_brand","embeddable":true,"href":"https:\/\/www.malinashop.lt\/en\/wp-json\/wp\/v2\/product_brand?post=63495"},{"taxonomy":"product_cat","embeddable":true,"href":"https:\/\/www.malinashop.lt\/en\/wp-json\/wp\/v2\/product_cat?post=63495"},{"taxonomy":"product_tag","embeddable":true,"href":"https:\/\/www.malinashop.lt\/en\/wp-json\/wp\/v2\/product_tag?post=63495"}],"curies":[{"name":"wp","href":"https:\/\/api.w.org\/{rel}","templated":true}]}}