{"id":63473,"date":"2025-11-24T18:01:17","date_gmt":"2025-11-24T15:01:17","guid":{"rendered":"https:\/\/malinashop.lt\/?post_type=product&#038;p=63473"},"modified":"2026-02-10T12:48:20","modified_gmt":"2026-02-10T09:48:20","slug":"paese-lupu-dazai-17-su-arganu-aliejumi","status":"publish","type":"product","link":"https:\/\/www.malinashop.lt\/en\/shop\/paese-lupu-dazai-17-su-arganu-aliejumi\/","title":{"rendered":"PAESE l\u016bp\u0173 da\u017eai 17 su argan\u0173 aliejumi"},"content":{"rendered":"<p data-start=\"184\" data-end=\"688\"><strong data-start=\"184\" data-end=\"226\">PAESE l\u016bp\u0173 da\u017eai su argan\u0173 aliejumi 17<\/strong> \u2013 tai naujos kartos l\u016bp\u0173 da\u017eai, sukurti suteikti i\u0161skirtin\u012f komfort\u0105 ir sodri\u0105 spalv\u0105 kiekvienam makia\u017eui. Formul\u0117je esantis argan\u0173 aliejus intensyviai dr\u0117kina, maitina ir apsaugo l\u016bp\u0173 od\u0105 nuo i\u0161saus\u0117jimo, tod\u0117l l\u016bpos i\u0161lieka \u0161velnios ir glotnios vis\u0105 dien\u0105.<br data-start=\"485\" data-end=\"488\" \/>\u0160ie l\u016bp\u0173 da\u017eai tolygiai dengiasi, pasi\u017eymi malonia kremin\u0117 tekst\u016bra ir ilgai i\u0161liekan\u010diu efektu. Nr.17 atspalvis suteikia nat\u016braliai ry\u0161k\u0173 \u012fvaizd\u012f, puikiai tinkant\u012f kasdienai ir vakariniam makia\u017eui.<\/p>\n<p data-start=\"690\" data-end=\"707\"><strong data-start=\"690\" data-end=\"705\">Privalumai:<\/strong><\/p>\n<ul data-start=\"708\" data-end=\"911\">\n<li data-start=\"708\" data-end=\"752\">\n<p data-start=\"710\" data-end=\"752\">Praturtinti dr\u0117kinamuoju argan\u0173 aliejumi<\/p>\n<\/li>\n<li data-start=\"753\" data-end=\"791\">\n<p data-start=\"755\" data-end=\"791\">Maitina ir apsaugo nuo i\u0161saus\u0117jimo<\/p>\n<\/li>\n<li data-start=\"792\" data-end=\"825\">\n<p data-start=\"794\" data-end=\"825\">Kremin\u0117, komforti\u0161ka tekst\u016bra<\/p>\n<\/li>\n<li data-start=\"826\" data-end=\"871\">\n<p data-start=\"828\" data-end=\"871\">Intensyvus ir ilgai i\u0161liekantis atspalvis<\/p>\n<\/li>\n<li data-start=\"872\" data-end=\"911\">\n<p data-start=\"874\" data-end=\"911\">Tolygiai dengiasi ir nesausina l\u016bp\u0173<\/p>\n<\/li>\n<\/ul>\n","protected":false},"excerpt":{"rendered":"<p data-start=\"956\" data-end=\"1131\">Dr\u0117kinantys PAESE l\u016bp\u0173 da\u017eai su argan\u0173 aliejumi 17 suteikia ilgai i\u0161liekant\u012f atspalv\u012f, maitina ir apsaugo l\u016bp\u0173 od\u0105, u\u017etikrindami \u0161velnumo ir komforto poj\u016bt\u012f visos dienos metu.<\/p>\n","protected":false},"featured_media":63475,"template":"","meta":[],"product_brand":[1534],"product_cat":[102,708,533],"product_tag":[1614],"class_list":{"0":"post-63473","1":"product","2":"type-product","3":"status-publish","4":"has-post-thumbnail","6":"product_brand-paese","7":"product_cat-dekoratyvine-kosmetika","8":"product_cat-lupoms","9":"product_cat-lupu-dazai","10":"product_tag-paese","12":"first","13":"instock","14":"purchasable","15":"product-type-simple"},"yoast_head":"<!-- This site is optimized with the Yoast SEO plugin v27.4 - https:\/\/yoast.com\/product\/yoast-seo-wordpress\/ -->\n<title>PAESE l\u016bp\u0173 da\u017eai 17 su argan\u0173 aliejumi - MalinaShop.lt J\u016bs\u0173 sveikatai ir gro\u017eiui.<\/title>\n<meta name=\"description\" content=\"PAESE l\u016bp\u0173 da\u017eai su argan\u0173 aliejumi 17 \u2013 dr\u0117kinantys, maitinan\u010dios formul\u0117s l\u016bp\u0173 da\u017eai su ilgai i\u0161liekan\u010dia spalva. Puikus pasirinkimas.\" \/>\n<meta name=\"robots\" content=\"index, follow, max-snippet:-1, max-image-preview:large, max-video-preview:-1\" \/>\n<link rel=\"canonical\" href=\"https:\/\/www.malinashop.lt\/en\/shop\/paese-lupu-dazai-17-su-arganu-aliejumi\/\" \/>\n<meta property=\"og:locale\" content=\"en_GB\" \/>\n<meta property=\"og:type\" content=\"article\" \/>\n<meta property=\"og:title\" content=\"PAESE l\u016bp\u0173 da\u017eai 17 su argan\u0173 aliejumi - MalinaShop.lt J\u016bs\u0173 sveikatai ir gro\u017eiui.\" \/>\n<meta property=\"og:description\" content=\"PAESE l\u016bp\u0173 da\u017eai su argan\u0173 aliejumi 17 \u2013 dr\u0117kinantys, maitinan\u010dios formul\u0117s l\u016bp\u0173 da\u017eai su ilgai i\u0161liekan\u010dia spalva. Puikus pasirinkimas.\" \/>\n<meta property=\"og:url\" content=\"https:\/\/www.malinashop.lt\/en\/shop\/paese-lupu-dazai-17-su-arganu-aliejumi\/\" \/>\n<meta property=\"og:site_name\" content=\"MalinaShop.lt J\u016bs\u0173 sveikatai ir gro\u017eiui.\" \/>\n<meta property=\"article:modified_time\" content=\"2026-02-10T09:48:20+00:00\" \/>\n<meta property=\"og:image\" content=\"https:\/\/www.malinashop.lt\/wp-content\/uploads\/2025\/11\/lupu-dazai-su-arganu-aliejumi.jpg\" \/>\n\t<meta property=\"og:image:width\" content=\"1000\" \/>\n\t<meta property=\"og:image:height\" content=\"1000\" \/>\n\t<meta property=\"og:image:type\" content=\"image\/jpeg\" \/>\n<meta name=\"twitter:card\" content=\"summary_large_image\" \/>\n<script type=\"application\/ld+json\" class=\"yoast-schema-graph\">{\"@context\":\"https:\\\/\\\/schema.org\",\"@graph\":[{\"@type\":\"WebPage\",\"@id\":\"https:\\\/\\\/www.malinashop.lt\\\/shop\\\/paese-lupu-dazai-17-su-arganu-aliejumi\\\/\",\"url\":\"https:\\\/\\\/www.malinashop.lt\\\/shop\\\/paese-lupu-dazai-17-su-arganu-aliejumi\\\/\",\"name\":\"PAESE l\u016bp\u0173 da\u017eai 17 su argan\u0173 aliejumi - MalinaShop.lt J\u016bs\u0173 sveikatai ir gro\u017eiui.\",\"isPartOf\":{\"@id\":\"https:\\\/\\\/www.malinashop.lt\\\/#website\"},\"primaryImageOfPage\":{\"@id\":\"https:\\\/\\\/www.malinashop.lt\\\/shop\\\/paese-lupu-dazai-17-su-arganu-aliejumi\\\/#primaryimage\"},\"image\":{\"@id\":\"https:\\\/\\\/www.malinashop.lt\\\/shop\\\/paese-lupu-dazai-17-su-arganu-aliejumi\\\/#primaryimage\"},\"thumbnailUrl\":\"https:\\\/\\\/www.malinashop.lt\\\/wp-content\\\/uploads\\\/2025\\\/11\\\/lupu-dazai-su-arganu-aliejumi.jpg\",\"datePublished\":\"2025-11-24T15:01:17+00:00\",\"dateModified\":\"2026-02-10T09:48:20+00:00\",\"description\":\"PAESE l\u016bp\u0173 da\u017eai su argan\u0173 aliejumi 17 \u2013 dr\u0117kinantys, maitinan\u010dios formul\u0117s l\u016bp\u0173 da\u017eai su ilgai i\u0161liekan\u010dia spalva. Puikus pasirinkimas.\",\"breadcrumb\":{\"@id\":\"https:\\\/\\\/www.malinashop.lt\\\/shop\\\/paese-lupu-dazai-17-su-arganu-aliejumi\\\/#breadcrumb\"},\"inLanguage\":\"en-GB\",\"potentialAction\":[{\"@type\":\"ReadAction\",\"target\":[\"https:\\\/\\\/www.malinashop.lt\\\/shop\\\/paese-lupu-dazai-17-su-arganu-aliejumi\\\/\"]}]},{\"@type\":\"ImageObject\",\"inLanguage\":\"en-GB\",\"@id\":\"https:\\\/\\\/www.malinashop.lt\\\/shop\\\/paese-lupu-dazai-17-su-arganu-aliejumi\\\/#primaryimage\",\"url\":\"https:\\\/\\\/www.malinashop.lt\\\/wp-content\\\/uploads\\\/2025\\\/11\\\/lupu-dazai-su-arganu-aliejumi.jpg\",\"contentUrl\":\"https:\\\/\\\/www.malinashop.lt\\\/wp-content\\\/uploads\\\/2025\\\/11\\\/lupu-dazai-su-arganu-aliejumi.jpg\",\"width\":1000,\"height\":1000},{\"@type\":\"BreadcrumbList\",\"@id\":\"https:\\\/\\\/www.malinashop.lt\\\/shop\\\/paese-lupu-dazai-17-su-arganu-aliejumi\\\/#breadcrumb\",\"itemListElement\":[{\"@type\":\"ListItem\",\"position\":1,\"name\":\"Pagrindinis\",\"item\":\"https:\\\/\\\/www.malinashop.lt\\\/\"},{\"@type\":\"ListItem\",\"position\":2,\"name\":\"Parduotuv\u0117\",\"item\":\"https:\\\/\\\/www.malinashop.lt\\\/en\\\/parduotuve\\\/\"},{\"@type\":\"ListItem\",\"position\":3,\"name\":\"PAESE l\u016bp\u0173 da\u017eai 17 su argan\u0173 aliejumi\"}]},{\"@type\":\"WebSite\",\"@id\":\"https:\\\/\\\/www.malinashop.lt\\\/#website\",\"url\":\"https:\\\/\\\/www.malinashop.lt\\\/\",\"name\":\"COM Group Ecommerce\",\"description\":\"MalinaShop.lt - Gro\u017eio ir sveikatos produktai i\u0161 patikim\u0173 preki\u0173 \u017eenkl\u0173. Atraskite auk\u0161tos kokyb\u0117s kosmetik\u0105 u\u017e puiki\u0105 kain\u0105.\",\"publisher\":{\"@id\":\"https:\\\/\\\/www.malinashop.lt\\\/#organization\"},\"potentialAction\":[{\"@type\":\"SearchAction\",\"target\":{\"@type\":\"EntryPoint\",\"urlTemplate\":\"https:\\\/\\\/www.malinashop.lt\\\/?s={search_term_string}\"},\"query-input\":{\"@type\":\"PropertyValueSpecification\",\"valueRequired\":true,\"valueName\":\"search_term_string\"}}],\"inLanguage\":\"en-GB\"},{\"@type\":\"Organization\",\"@id\":\"https:\\\/\\\/www.malinashop.lt\\\/#organization\",\"name\":\"COM Group Ecommerce\",\"url\":\"https:\\\/\\\/www.malinashop.lt\\\/\",\"logo\":{\"@type\":\"ImageObject\",\"inLanguage\":\"en-GB\",\"@id\":\"https:\\\/\\\/www.malinashop.lt\\\/#\\\/schema\\\/logo\\\/image\\\/\",\"url\":\"https:\\\/\\\/www.malinashop.lt\\\/wp-content\\\/uploads\\\/2024\\\/08\\\/462559670_3787732518133670_9795632669273463_n-e1731525914575.png\",\"contentUrl\":\"https:\\\/\\\/www.malinashop.lt\\\/wp-content\\\/uploads\\\/2024\\\/08\\\/462559670_3787732518133670_9795632669273463_n-e1731525914575.png\",\"width\":180,\"height\":60,\"caption\":\"COM Group Ecommerce\"},\"image\":{\"@id\":\"https:\\\/\\\/www.malinashop.lt\\\/#\\\/schema\\\/logo\\\/image\\\/\"}}]}<\/script>\n<!-- \/ Yoast SEO plugin. -->","yoast_head_json":{"title":"PAESE l\u016bp\u0173 da\u017eai 17 su argan\u0173 aliejumi - MalinaShop.lt J\u016bs\u0173 sveikatai ir gro\u017eiui.","description":"PAESE l\u016bp\u0173 da\u017eai su argan\u0173 aliejumi 17 \u2013 dr\u0117kinantys, maitinan\u010dios formul\u0117s l\u016bp\u0173 da\u017eai su ilgai i\u0161liekan\u010dia spalva. Puikus pasirinkimas.","robots":{"index":"index","follow":"follow","max-snippet":"max-snippet:-1","max-image-preview":"max-image-preview:large","max-video-preview":"max-video-preview:-1"},"canonical":"https:\/\/www.malinashop.lt\/en\/shop\/paese-lupu-dazai-17-su-arganu-aliejumi\/","og_locale":"en_GB","og_type":"article","og_title":"PAESE l\u016bp\u0173 da\u017eai 17 su argan\u0173 aliejumi - MalinaShop.lt J\u016bs\u0173 sveikatai ir gro\u017eiui.","og_description":"PAESE l\u016bp\u0173 da\u017eai su argan\u0173 aliejumi 17 \u2013 dr\u0117kinantys, maitinan\u010dios formul\u0117s l\u016bp\u0173 da\u017eai su ilgai i\u0161liekan\u010dia spalva. Puikus pasirinkimas.","og_url":"https:\/\/www.malinashop.lt\/en\/shop\/paese-lupu-dazai-17-su-arganu-aliejumi\/","og_site_name":"MalinaShop.lt J\u016bs\u0173 sveikatai ir gro\u017eiui.","article_modified_time":"2026-02-10T09:48:20+00:00","og_image":[{"width":1000,"height":1000,"url":"https:\/\/www.malinashop.lt\/wp-content\/uploads\/2025\/11\/lupu-dazai-su-arganu-aliejumi.jpg","type":"image\/jpeg"}],"twitter_card":"summary_large_image","schema":{"@context":"https:\/\/schema.org","@graph":[{"@type":"WebPage","@id":"https:\/\/www.malinashop.lt\/shop\/paese-lupu-dazai-17-su-arganu-aliejumi\/","url":"https:\/\/www.malinashop.lt\/shop\/paese-lupu-dazai-17-su-arganu-aliejumi\/","name":"PAESE l\u016bp\u0173 da\u017eai 17 su argan\u0173 aliejumi - MalinaShop.lt J\u016bs\u0173 sveikatai ir gro\u017eiui.","isPartOf":{"@id":"https:\/\/www.malinashop.lt\/#website"},"primaryImageOfPage":{"@id":"https:\/\/www.malinashop.lt\/shop\/paese-lupu-dazai-17-su-arganu-aliejumi\/#primaryimage"},"image":{"@id":"https:\/\/www.malinashop.lt\/shop\/paese-lupu-dazai-17-su-arganu-aliejumi\/#primaryimage"},"thumbnailUrl":"https:\/\/www.malinashop.lt\/wp-content\/uploads\/2025\/11\/lupu-dazai-su-arganu-aliejumi.jpg","datePublished":"2025-11-24T15:01:17+00:00","dateModified":"2026-02-10T09:48:20+00:00","description":"PAESE l\u016bp\u0173 da\u017eai su argan\u0173 aliejumi 17 \u2013 dr\u0117kinantys, maitinan\u010dios formul\u0117s l\u016bp\u0173 da\u017eai su ilgai i\u0161liekan\u010dia spalva. Puikus pasirinkimas.","breadcrumb":{"@id":"https:\/\/www.malinashop.lt\/shop\/paese-lupu-dazai-17-su-arganu-aliejumi\/#breadcrumb"},"inLanguage":"en-GB","potentialAction":[{"@type":"ReadAction","target":["https:\/\/www.malinashop.lt\/shop\/paese-lupu-dazai-17-su-arganu-aliejumi\/"]}]},{"@type":"ImageObject","inLanguage":"en-GB","@id":"https:\/\/www.malinashop.lt\/shop\/paese-lupu-dazai-17-su-arganu-aliejumi\/#primaryimage","url":"https:\/\/www.malinashop.lt\/wp-content\/uploads\/2025\/11\/lupu-dazai-su-arganu-aliejumi.jpg","contentUrl":"https:\/\/www.malinashop.lt\/wp-content\/uploads\/2025\/11\/lupu-dazai-su-arganu-aliejumi.jpg","width":1000,"height":1000},{"@type":"BreadcrumbList","@id":"https:\/\/www.malinashop.lt\/shop\/paese-lupu-dazai-17-su-arganu-aliejumi\/#breadcrumb","itemListElement":[{"@type":"ListItem","position":1,"name":"Pagrindinis","item":"https:\/\/www.malinashop.lt\/"},{"@type":"ListItem","position":2,"name":"Parduotuv\u0117","item":"https:\/\/www.malinashop.lt\/en\/parduotuve\/"},{"@type":"ListItem","position":3,"name":"PAESE l\u016bp\u0173 da\u017eai 17 su argan\u0173 aliejumi"}]},{"@type":"WebSite","@id":"https:\/\/www.malinashop.lt\/#website","url":"https:\/\/www.malinashop.lt\/","name":"COM Group Ecommerce","description":"MalinaShop.lt - Gro\u017eio ir sveikatos produktai i\u0161 patikim\u0173 preki\u0173 \u017eenkl\u0173. Atraskite auk\u0161tos kokyb\u0117s kosmetik\u0105 u\u017e puiki\u0105 kain\u0105.","publisher":{"@id":"https:\/\/www.malinashop.lt\/#organization"},"potentialAction":[{"@type":"SearchAction","target":{"@type":"EntryPoint","urlTemplate":"https:\/\/www.malinashop.lt\/?s={search_term_string}"},"query-input":{"@type":"PropertyValueSpecification","valueRequired":true,"valueName":"search_term_string"}}],"inLanguage":"en-GB"},{"@type":"Organization","@id":"https:\/\/www.malinashop.lt\/#organization","name":"COM Group Ecommerce","url":"https:\/\/www.malinashop.lt\/","logo":{"@type":"ImageObject","inLanguage":"en-GB","@id":"https:\/\/www.malinashop.lt\/#\/schema\/logo\/image\/","url":"https:\/\/www.malinashop.lt\/wp-content\/uploads\/2024\/08\/462559670_3787732518133670_9795632669273463_n-e1731525914575.png","contentUrl":"https:\/\/www.malinashop.lt\/wp-content\/uploads\/2024\/08\/462559670_3787732518133670_9795632669273463_n-e1731525914575.png","width":180,"height":60,"caption":"COM Group Ecommerce"},"image":{"@id":"https:\/\/www.malinashop.lt\/#\/schema\/logo\/image\/"}}]}},"jetpack_sharing_enabled":true,"_links":{"self":[{"href":"https:\/\/www.malinashop.lt\/en\/wp-json\/wp\/v2\/product\/63473","targetHints":{"allow":["GET"]}}],"collection":[{"href":"https:\/\/www.malinashop.lt\/en\/wp-json\/wp\/v2\/product"}],"about":[{"href":"https:\/\/www.malinashop.lt\/en\/wp-json\/wp\/v2\/types\/product"}],"version-history":[{"count":2,"href":"https:\/\/www.malinashop.lt\/en\/wp-json\/wp\/v2\/product\/63473\/revisions"}],"predecessor-version":[{"id":72131,"href":"https:\/\/www.malinashop.lt\/en\/wp-json\/wp\/v2\/product\/63473\/revisions\/72131"}],"wp:featuredmedia":[{"embeddable":true,"href":"https:\/\/www.malinashop.lt\/en\/wp-json\/wp\/v2\/media\/63475"}],"wp:attachment":[{"href":"https:\/\/www.malinashop.lt\/en\/wp-json\/wp\/v2\/media?parent=63473"}],"wp:term":[{"taxonomy":"product_brand","embeddable":true,"href":"https:\/\/www.malinashop.lt\/en\/wp-json\/wp\/v2\/product_brand?post=63473"},{"taxonomy":"product_cat","embeddable":true,"href":"https:\/\/www.malinashop.lt\/en\/wp-json\/wp\/v2\/product_cat?post=63473"},{"taxonomy":"product_tag","embeddable":true,"href":"https:\/\/www.malinashop.lt\/en\/wp-json\/wp\/v2\/product_tag?post=63473"}],"curies":[{"name":"wp","href":"https:\/\/api.w.org\/{rel}","templated":true}]}}