{"id":63461,"date":"2025-11-24T18:00:44","date_gmt":"2025-11-24T15:00:44","guid":{"rendered":"https:\/\/malinashop.lt\/?post_type=product&#038;p=63461"},"modified":"2026-02-10T12:48:22","modified_gmt":"2026-02-10T09:48:22","slug":"paese-lupu-balzamas-41-nanorevit-lip-care","status":"publish","type":"product","link":"https:\/\/www.malinashop.lt\/en\/shop\/paese-lupu-balzamas-41-nanorevit-lip-care\/","title":{"rendered":"PAESE l\u016bp\u0173 balzamas 41 NANOREVIT LIP CARE"},"content":{"rendered":"<p data-start=\"41\" data-end=\"579\">PAESE l\u016bp\u0173 balzamas <strong data-start=\"61\" data-end=\"86\">Nanorevit Lip Care 41<\/strong> \u2013 tai universali 2-in-1 priemon\u0117, kuri intensyviai dr\u0117kina, apsaugo ir suteikia lengv\u0105 spindes\u012f. Formul\u0117 veikia kaip apsauginis vazelinas, padedantis atkurti l\u016bp\u0173 elastingum\u0105 ir apsaugoti nuo i\u0161saus\u0117jimo. Balzamas puikiai tinka naudoti kaip baz\u0117 prie\u0161 spalvotus l\u016bp\u0173 da\u017eus \u2013 l\u016bpos tampa glotnesn\u0117s, putlesn\u0117s ir vizualiai lygesn\u0117s. Reguliarus naudojimas 4 savaites gali padidinti l\u016bp\u0173 dr\u0117gm\u0117s balans\u0105 net iki 65 %, tod\u0117l tai idealus pasirinkimas kasdienei prie\u017ei\u016brai ir komforti\u0161kam poj\u016b\u010diui.<\/p>\n","protected":false},"excerpt":{"rendered":"<p data-start=\"618\" data-end=\"827\">PAESE Nanorevit Lip Care 41 \u2013 dr\u0117kinantis ir atkuriantis 2-in-1 l\u016bp\u0173 balzamas, suteikiantis \u0161veln\u0173 spindes\u012f ir puikiai tinkantis kaip baz\u0117 prie\u0161 l\u016bp\u0173 da\u017eus. Intensyviai dr\u0117kina ir padeda atkurti l\u016bp\u0173 komfort\u0105.<\/p>\n","protected":false},"featured_media":63463,"template":"","meta":[],"product_brand":[1534],"product_cat":[102,708,1397],"product_tag":[1614],"class_list":{"0":"post-63461","1":"product","2":"type-product","3":"status-publish","4":"has-post-thumbnail","6":"product_brand-paese","7":"product_cat-dekoratyvine-kosmetika","8":"product_cat-lupoms","9":"product_cat-lupu-balzamai","10":"product_tag-paese","12":"first","13":"outofstock","14":"purchasable","15":"product-type-simple"},"yoast_head":"<!-- This site is optimized with the Yoast SEO plugin v27.4 - https:\/\/yoast.com\/product\/yoast-seo-wordpress\/ -->\n<title>PAESE l\u016bp\u0173 balzamas 41 NANOREVIT LIP CARE - MalinaShop.lt J\u016bs\u0173 sveikatai ir gro\u017eiui.<\/title>\n<meta name=\"description\" content=\"PAESE Nanorevit Lip Care 41 \u2013 dr\u0117kinantis 2-in-1 l\u016bp\u0173 balzamas, suteikiantis spindesio ir atkuriantis l\u016bp\u0173 dr\u0117gm\u0119 iki 65 %. Puiki baz\u0117 prie\u0161 l\u016bp\u0173 da\u017eus.\" \/>\n<meta name=\"robots\" content=\"index, follow, max-snippet:-1, max-image-preview:large, max-video-preview:-1\" \/>\n<link rel=\"canonical\" href=\"https:\/\/www.malinashop.lt\/en\/shop\/paese-lupu-balzamas-41-nanorevit-lip-care\/\" \/>\n<meta property=\"og:locale\" content=\"en_GB\" \/>\n<meta property=\"og:type\" content=\"article\" \/>\n<meta property=\"og:title\" content=\"PAESE l\u016bp\u0173 balzamas 41 NANOREVIT LIP CARE - MalinaShop.lt J\u016bs\u0173 sveikatai ir gro\u017eiui.\" \/>\n<meta property=\"og:description\" content=\"PAESE Nanorevit Lip Care 41 \u2013 dr\u0117kinantis 2-in-1 l\u016bp\u0173 balzamas, suteikiantis spindesio ir atkuriantis l\u016bp\u0173 dr\u0117gm\u0119 iki 65 %. Puiki baz\u0117 prie\u0161 l\u016bp\u0173 da\u017eus.\" \/>\n<meta property=\"og:url\" content=\"https:\/\/www.malinashop.lt\/en\/shop\/paese-lupu-balzamas-41-nanorevit-lip-care\/\" \/>\n<meta property=\"og:site_name\" content=\"MalinaShop.lt J\u016bs\u0173 sveikatai ir gro\u017eiui.\" \/>\n<meta property=\"article:modified_time\" content=\"2026-02-10T09:48:22+00:00\" \/>\n<meta property=\"og:image\" content=\"https:\/\/www.malinashop.lt\/wp-content\/uploads\/2025\/11\/NANOREVIT-Lip-Care-Primer-41.jpg\" \/>\n\t<meta property=\"og:image:width\" content=\"1080\" \/>\n\t<meta property=\"og:image:height\" content=\"1080\" \/>\n\t<meta property=\"og:image:type\" content=\"image\/jpeg\" \/>\n<meta name=\"twitter:card\" content=\"summary_large_image\" \/>\n<script type=\"application\/ld+json\" class=\"yoast-schema-graph\">{\"@context\":\"https:\\\/\\\/schema.org\",\"@graph\":[{\"@type\":\"WebPage\",\"@id\":\"https:\\\/\\\/www.malinashop.lt\\\/en\\\/shop\\\/paese-lupu-balzamas-41-nanorevit-lip-care\\\/\",\"url\":\"https:\\\/\\\/www.malinashop.lt\\\/en\\\/shop\\\/paese-lupu-balzamas-41-nanorevit-lip-care\\\/\",\"name\":\"PAESE l\u016bp\u0173 balzamas 41 NANOREVIT LIP CARE - MalinaShop.lt J\u016bs\u0173 sveikatai ir gro\u017eiui.\",\"isPartOf\":{\"@id\":\"https:\\\/\\\/www.malinashop.lt\\\/en\\\/#website\"},\"primaryImageOfPage\":{\"@id\":\"https:\\\/\\\/www.malinashop.lt\\\/en\\\/shop\\\/paese-lupu-balzamas-41-nanorevit-lip-care\\\/#primaryimage\"},\"image\":{\"@id\":\"https:\\\/\\\/www.malinashop.lt\\\/en\\\/shop\\\/paese-lupu-balzamas-41-nanorevit-lip-care\\\/#primaryimage\"},\"thumbnailUrl\":\"https:\\\/\\\/www.malinashop.lt\\\/wp-content\\\/uploads\\\/2025\\\/11\\\/NANOREVIT-Lip-Care-Primer-41.jpg\",\"datePublished\":\"2025-11-24T15:00:44+00:00\",\"dateModified\":\"2026-02-10T09:48:22+00:00\",\"description\":\"PAESE Nanorevit Lip Care 41 \u2013 dr\u0117kinantis 2-in-1 l\u016bp\u0173 balzamas, suteikiantis spindesio ir atkuriantis l\u016bp\u0173 dr\u0117gm\u0119 iki 65 %. Puiki baz\u0117 prie\u0161 l\u016bp\u0173 da\u017eus.\",\"breadcrumb\":{\"@id\":\"https:\\\/\\\/www.malinashop.lt\\\/en\\\/shop\\\/paese-lupu-balzamas-41-nanorevit-lip-care\\\/#breadcrumb\"},\"inLanguage\":\"en-GB\",\"potentialAction\":[{\"@type\":\"ReadAction\",\"target\":[\"https:\\\/\\\/www.malinashop.lt\\\/en\\\/shop\\\/paese-lupu-balzamas-41-nanorevit-lip-care\\\/\"]}]},{\"@type\":\"ImageObject\",\"inLanguage\":\"en-GB\",\"@id\":\"https:\\\/\\\/www.malinashop.lt\\\/en\\\/shop\\\/paese-lupu-balzamas-41-nanorevit-lip-care\\\/#primaryimage\",\"url\":\"https:\\\/\\\/www.malinashop.lt\\\/wp-content\\\/uploads\\\/2025\\\/11\\\/NANOREVIT-Lip-Care-Primer-41.jpg\",\"contentUrl\":\"https:\\\/\\\/www.malinashop.lt\\\/wp-content\\\/uploads\\\/2025\\\/11\\\/NANOREVIT-Lip-Care-Primer-41.jpg\",\"width\":1080,\"height\":1080},{\"@type\":\"BreadcrumbList\",\"@id\":\"https:\\\/\\\/www.malinashop.lt\\\/en\\\/shop\\\/paese-lupu-balzamas-41-nanorevit-lip-care\\\/#breadcrumb\",\"itemListElement\":[{\"@type\":\"ListItem\",\"position\":1,\"name\":\"Home\",\"item\":\"https:\\\/\\\/www.malinashop.lt\\\/en\\\/\"},{\"@type\":\"ListItem\",\"position\":2,\"name\":\"Parduotuv\u0117\",\"item\":\"https:\\\/\\\/www.malinashop.lt\\\/en\\\/parduotuve\\\/\"},{\"@type\":\"ListItem\",\"position\":3,\"name\":\"PAESE l\u016bp\u0173 balzamas 41 NANOREVIT LIP CARE\"}]},{\"@type\":\"WebSite\",\"@id\":\"https:\\\/\\\/www.malinashop.lt\\\/en\\\/#website\",\"url\":\"https:\\\/\\\/www.malinashop.lt\\\/en\\\/\",\"name\":\"COM Group Ecommerce\",\"description\":\"MalinaShop.lt - Gro\u017eio ir sveikatos produktai i\u0161 patikim\u0173 preki\u0173 \u017eenkl\u0173. Atraskite auk\u0161tos kokyb\u0117s kosmetik\u0105 u\u017e puiki\u0105 kain\u0105.\",\"publisher\":{\"@id\":\"https:\\\/\\\/www.malinashop.lt\\\/en\\\/#organization\"},\"potentialAction\":[{\"@type\":\"SearchAction\",\"target\":{\"@type\":\"EntryPoint\",\"urlTemplate\":\"https:\\\/\\\/www.malinashop.lt\\\/en\\\/?s={search_term_string}\"},\"query-input\":{\"@type\":\"PropertyValueSpecification\",\"valueRequired\":true,\"valueName\":\"search_term_string\"}}],\"inLanguage\":\"en-GB\"},{\"@type\":\"Organization\",\"@id\":\"https:\\\/\\\/www.malinashop.lt\\\/en\\\/#organization\",\"name\":\"COM Group Ecommerce\",\"url\":\"https:\\\/\\\/www.malinashop.lt\\\/en\\\/\",\"logo\":{\"@type\":\"ImageObject\",\"inLanguage\":\"en-GB\",\"@id\":\"https:\\\/\\\/www.malinashop.lt\\\/en\\\/#\\\/schema\\\/logo\\\/image\\\/\",\"url\":\"https:\\\/\\\/www.malinashop.lt\\\/wp-content\\\/uploads\\\/2024\\\/08\\\/462559670_3787732518133670_9795632669273463_n-e1731525914575.png\",\"contentUrl\":\"https:\\\/\\\/www.malinashop.lt\\\/wp-content\\\/uploads\\\/2024\\\/08\\\/462559670_3787732518133670_9795632669273463_n-e1731525914575.png\",\"width\":180,\"height\":60,\"caption\":\"COM Group Ecommerce\"},\"image\":{\"@id\":\"https:\\\/\\\/www.malinashop.lt\\\/en\\\/#\\\/schema\\\/logo\\\/image\\\/\"}}]}<\/script>\n<!-- \/ Yoast SEO plugin. -->","yoast_head_json":{"title":"PAESE l\u016bp\u0173 balzamas 41 NANOREVIT LIP CARE - MalinaShop.lt J\u016bs\u0173 sveikatai ir gro\u017eiui.","description":"PAESE Nanorevit Lip Care 41 \u2013 dr\u0117kinantis 2-in-1 l\u016bp\u0173 balzamas, suteikiantis spindesio ir atkuriantis l\u016bp\u0173 dr\u0117gm\u0119 iki 65 %. Puiki baz\u0117 prie\u0161 l\u016bp\u0173 da\u017eus.","robots":{"index":"index","follow":"follow","max-snippet":"max-snippet:-1","max-image-preview":"max-image-preview:large","max-video-preview":"max-video-preview:-1"},"canonical":"https:\/\/www.malinashop.lt\/en\/shop\/paese-lupu-balzamas-41-nanorevit-lip-care\/","og_locale":"en_GB","og_type":"article","og_title":"PAESE l\u016bp\u0173 balzamas 41 NANOREVIT LIP CARE - MalinaShop.lt J\u016bs\u0173 sveikatai ir gro\u017eiui.","og_description":"PAESE Nanorevit Lip Care 41 \u2013 dr\u0117kinantis 2-in-1 l\u016bp\u0173 balzamas, suteikiantis spindesio ir atkuriantis l\u016bp\u0173 dr\u0117gm\u0119 iki 65 %. Puiki baz\u0117 prie\u0161 l\u016bp\u0173 da\u017eus.","og_url":"https:\/\/www.malinashop.lt\/en\/shop\/paese-lupu-balzamas-41-nanorevit-lip-care\/","og_site_name":"MalinaShop.lt J\u016bs\u0173 sveikatai ir gro\u017eiui.","article_modified_time":"2026-02-10T09:48:22+00:00","og_image":[{"width":1080,"height":1080,"url":"https:\/\/www.malinashop.lt\/wp-content\/uploads\/2025\/11\/NANOREVIT-Lip-Care-Primer-41.jpg","type":"image\/jpeg"}],"twitter_card":"summary_large_image","schema":{"@context":"https:\/\/schema.org","@graph":[{"@type":"WebPage","@id":"https:\/\/www.malinashop.lt\/en\/shop\/paese-lupu-balzamas-41-nanorevit-lip-care\/","url":"https:\/\/www.malinashop.lt\/en\/shop\/paese-lupu-balzamas-41-nanorevit-lip-care\/","name":"PAESE l\u016bp\u0173 balzamas 41 NANOREVIT LIP CARE - MalinaShop.lt J\u016bs\u0173 sveikatai ir gro\u017eiui.","isPartOf":{"@id":"https:\/\/www.malinashop.lt\/en\/#website"},"primaryImageOfPage":{"@id":"https:\/\/www.malinashop.lt\/en\/shop\/paese-lupu-balzamas-41-nanorevit-lip-care\/#primaryimage"},"image":{"@id":"https:\/\/www.malinashop.lt\/en\/shop\/paese-lupu-balzamas-41-nanorevit-lip-care\/#primaryimage"},"thumbnailUrl":"https:\/\/www.malinashop.lt\/wp-content\/uploads\/2025\/11\/NANOREVIT-Lip-Care-Primer-41.jpg","datePublished":"2025-11-24T15:00:44+00:00","dateModified":"2026-02-10T09:48:22+00:00","description":"PAESE Nanorevit Lip Care 41 \u2013 dr\u0117kinantis 2-in-1 l\u016bp\u0173 balzamas, suteikiantis spindesio ir atkuriantis l\u016bp\u0173 dr\u0117gm\u0119 iki 65 %. Puiki baz\u0117 prie\u0161 l\u016bp\u0173 da\u017eus.","breadcrumb":{"@id":"https:\/\/www.malinashop.lt\/en\/shop\/paese-lupu-balzamas-41-nanorevit-lip-care\/#breadcrumb"},"inLanguage":"en-GB","potentialAction":[{"@type":"ReadAction","target":["https:\/\/www.malinashop.lt\/en\/shop\/paese-lupu-balzamas-41-nanorevit-lip-care\/"]}]},{"@type":"ImageObject","inLanguage":"en-GB","@id":"https:\/\/www.malinashop.lt\/en\/shop\/paese-lupu-balzamas-41-nanorevit-lip-care\/#primaryimage","url":"https:\/\/www.malinashop.lt\/wp-content\/uploads\/2025\/11\/NANOREVIT-Lip-Care-Primer-41.jpg","contentUrl":"https:\/\/www.malinashop.lt\/wp-content\/uploads\/2025\/11\/NANOREVIT-Lip-Care-Primer-41.jpg","width":1080,"height":1080},{"@type":"BreadcrumbList","@id":"https:\/\/www.malinashop.lt\/en\/shop\/paese-lupu-balzamas-41-nanorevit-lip-care\/#breadcrumb","itemListElement":[{"@type":"ListItem","position":1,"name":"Home","item":"https:\/\/www.malinashop.lt\/en\/"},{"@type":"ListItem","position":2,"name":"Parduotuv\u0117","item":"https:\/\/www.malinashop.lt\/en\/parduotuve\/"},{"@type":"ListItem","position":3,"name":"PAESE l\u016bp\u0173 balzamas 41 NANOREVIT LIP CARE"}]},{"@type":"WebSite","@id":"https:\/\/www.malinashop.lt\/en\/#website","url":"https:\/\/www.malinashop.lt\/en\/","name":"COM Group Ecommerce","description":"MalinaShop.lt - Gro\u017eio ir sveikatos produktai i\u0161 patikim\u0173 preki\u0173 \u017eenkl\u0173. Atraskite auk\u0161tos kokyb\u0117s kosmetik\u0105 u\u017e puiki\u0105 kain\u0105.","publisher":{"@id":"https:\/\/www.malinashop.lt\/en\/#organization"},"potentialAction":[{"@type":"SearchAction","target":{"@type":"EntryPoint","urlTemplate":"https:\/\/www.malinashop.lt\/en\/?s={search_term_string}"},"query-input":{"@type":"PropertyValueSpecification","valueRequired":true,"valueName":"search_term_string"}}],"inLanguage":"en-GB"},{"@type":"Organization","@id":"https:\/\/www.malinashop.lt\/en\/#organization","name":"COM Group Ecommerce","url":"https:\/\/www.malinashop.lt\/en\/","logo":{"@type":"ImageObject","inLanguage":"en-GB","@id":"https:\/\/www.malinashop.lt\/en\/#\/schema\/logo\/image\/","url":"https:\/\/www.malinashop.lt\/wp-content\/uploads\/2024\/08\/462559670_3787732518133670_9795632669273463_n-e1731525914575.png","contentUrl":"https:\/\/www.malinashop.lt\/wp-content\/uploads\/2024\/08\/462559670_3787732518133670_9795632669273463_n-e1731525914575.png","width":180,"height":60,"caption":"COM Group Ecommerce"},"image":{"@id":"https:\/\/www.malinashop.lt\/en\/#\/schema\/logo\/image\/"}}]}},"jetpack_sharing_enabled":true,"_links":{"self":[{"href":"https:\/\/www.malinashop.lt\/en\/wp-json\/wp\/v2\/product\/63461","targetHints":{"allow":["GET"]}}],"collection":[{"href":"https:\/\/www.malinashop.lt\/en\/wp-json\/wp\/v2\/product"}],"about":[{"href":"https:\/\/www.malinashop.lt\/en\/wp-json\/wp\/v2\/types\/product"}],"version-history":[{"count":2,"href":"https:\/\/www.malinashop.lt\/en\/wp-json\/wp\/v2\/product\/63461\/revisions"}],"predecessor-version":[{"id":72124,"href":"https:\/\/www.malinashop.lt\/en\/wp-json\/wp\/v2\/product\/63461\/revisions\/72124"}],"wp:featuredmedia":[{"embeddable":true,"href":"https:\/\/www.malinashop.lt\/en\/wp-json\/wp\/v2\/media\/63463"}],"wp:attachment":[{"href":"https:\/\/www.malinashop.lt\/en\/wp-json\/wp\/v2\/media?parent=63461"}],"wp:term":[{"taxonomy":"product_brand","embeddable":true,"href":"https:\/\/www.malinashop.lt\/en\/wp-json\/wp\/v2\/product_brand?post=63461"},{"taxonomy":"product_cat","embeddable":true,"href":"https:\/\/www.malinashop.lt\/en\/wp-json\/wp\/v2\/product_cat?post=63461"},{"taxonomy":"product_tag","embeddable":true,"href":"https:\/\/www.malinashop.lt\/en\/wp-json\/wp\/v2\/product_tag?post=63461"}],"curies":[{"name":"wp","href":"https:\/\/api.w.org\/{rel}","templated":true}]}}