{"id":63452,"date":"2025-11-24T18:00:44","date_gmt":"2025-11-24T15:00:44","guid":{"rendered":"https:\/\/malinashop.lt\/?post_type=product&#038;p=63452"},"modified":"2026-02-10T12:48:22","modified_gmt":"2026-02-10T09:48:22","slug":"paese-lupu-blizgesys-beauty-lipgloss-glazed-nr-05","status":"publish","type":"product","link":"https:\/\/www.malinashop.lt\/en\/shop\/paese-lupu-blizgesys-beauty-lipgloss-glazed-nr-05\/","title":{"rendered":"PAESE l\u016bp\u0173 blizgesys BEAUTY LIPGLOSS GLAZED Nr.05"},"content":{"rendered":"<p data-start=\"32\" data-end=\"406\"><strong data-start=\"32\" data-end=\"72\">PAESE BEAUTY LIPGLOSS GLAZED (Nr.05)<\/strong> \u2013 tai itin blizgus l\u016bp\u0173 blizgesys, suteikiantis dr\u0117gn\u0173, putlesni\u0173 ir vizualiai lygesni\u0173 l\u016bp\u0173 efekt\u0105. Lengva, nelipni tekst\u016bra patogiai pasiskirsto ir suteikia ilgalaik\u012f \u0161vyt\u0117jim\u0105. Priemon\u0117 puikiai tinka tiek kasdieniam, tiek vakariniam makia\u017eui, gali b\u016bti naudojama viena arba derinama su m\u0117gstamais l\u016bp\u0173 da\u017eais.<br data-start=\"385\" data-end=\"388\" \/><strong data-start=\"388\" data-end=\"406\">Kiekis: 3,4 ml<\/strong><\/p>\n<p data-start=\"408\" data-end=\"438\"><strong data-start=\"408\" data-end=\"436\">Pagrindiniai privalumai:<\/strong><\/p>\n<ul data-start=\"439\" data-end=\"628\">\n<li data-start=\"439\" data-end=\"470\">\n<p data-start=\"441\" data-end=\"470\">Ilgai i\u0161liekantis blizgesys<\/p>\n<\/li>\n<li data-start=\"471\" data-end=\"507\">\n<p data-start=\"473\" data-end=\"507\">Dr\u0117gn\u0173 ir \u0161vytin\u010di\u0173 l\u016bp\u0173 efektas<\/p>\n<\/li>\n<li data-start=\"508\" data-end=\"542\">\n<p data-start=\"510\" data-end=\"542\">Nelipni ir komforti\u0161ka formul\u0117<\/p>\n<\/li>\n<li data-start=\"543\" data-end=\"599\">\n<p data-start=\"545\" data-end=\"599\">Lengvai derinama su kitomis l\u016bp\u0173 makia\u017eo priemon\u0117mis<\/p>\n<\/li>\n<li data-start=\"600\" data-end=\"628\">\n<p data-start=\"602\" data-end=\"628\">Tinka vis\u0173 tip\u0173 makia\u017eui<\/p>\n<\/li>\n<\/ul>\n","protected":false},"excerpt":{"rendered":"<p data-start=\"671\" data-end=\"847\">Ilgai i\u0161liekantis PAESE BEAUTY LIPGLOSS GLAZED (Nr.05) suteikia intensyv\u0173 blizges\u012f ir dr\u0117gn\u0173 l\u016bp\u0173 efekt\u0105. Puikiai tinka naudoti tiek vien\u0105, tiek su l\u016bp\u0173 da\u017eais. Kiekis: 3,4 ml.<\/p>\n","protected":false},"featured_media":63454,"template":"","meta":[],"product_brand":[1534],"product_cat":[102,708,523],"product_tag":[1614],"class_list":{"0":"post-63452","1":"product","2":"type-product","3":"status-publish","4":"has-post-thumbnail","6":"product_brand-paese","7":"product_cat-dekoratyvine-kosmetika","8":"product_cat-lupoms","9":"product_cat-lupu-blizgiai","10":"product_tag-paese","12":"first","13":"instock","14":"purchasable","15":"product-type-simple"},"yoast_head":"<!-- This site is optimized with the Yoast SEO plugin v27.4 - https:\/\/yoast.com\/product\/yoast-seo-wordpress\/ -->\n<title>PAESE l\u016bp\u0173 blizgesys BEAUTY LIPGLOSS GLAZED Nr.05 - MalinaShop.lt J\u016bs\u0173 sveikatai ir gro\u017eiui.<\/title>\n<meta name=\"description\" content=\"PAESE BEAUTY LIPGLOSS GLAZED Nr.05 \u2013 ilgai i\u0161liekantis blizgesys, dr\u0117gn\u0173 ir \u0161vytin\u010di\u0173 l\u016bp\u0173 efektas, nelipni formul\u0117. Tobulas kasdieniam makia\u017eui.\" \/>\n<meta name=\"robots\" content=\"index, follow, max-snippet:-1, max-image-preview:large, max-video-preview:-1\" \/>\n<link rel=\"canonical\" href=\"https:\/\/www.malinashop.lt\/en\/shop\/paese-lupu-blizgesys-beauty-lipgloss-glazed-nr-05\/\" \/>\n<meta property=\"og:locale\" content=\"en_GB\" \/>\n<meta property=\"og:type\" content=\"article\" \/>\n<meta property=\"og:title\" content=\"PAESE l\u016bp\u0173 blizgesys BEAUTY LIPGLOSS GLAZED Nr.05 - MalinaShop.lt J\u016bs\u0173 sveikatai ir gro\u017eiui.\" \/>\n<meta property=\"og:description\" content=\"PAESE BEAUTY LIPGLOSS GLAZED Nr.05 \u2013 ilgai i\u0161liekantis blizgesys, dr\u0117gn\u0173 ir \u0161vytin\u010di\u0173 l\u016bp\u0173 efektas, nelipni formul\u0117. Tobulas kasdieniam makia\u017eui.\" \/>\n<meta property=\"og:url\" content=\"https:\/\/www.malinashop.lt\/en\/shop\/paese-lupu-blizgesys-beauty-lipgloss-glazed-nr-05\/\" \/>\n<meta property=\"og:site_name\" content=\"MalinaShop.lt J\u016bs\u0173 sveikatai ir gro\u017eiui.\" \/>\n<meta property=\"article:modified_time\" content=\"2026-02-10T09:48:22+00:00\" \/>\n<meta property=\"og:image\" content=\"https:\/\/www.malinashop.lt\/wp-content\/uploads\/2025\/11\/Pease-lupu-blizgis-beauty-lipgloss_packshot_05-Glazed.jpg\" \/>\n\t<meta property=\"og:image:width\" content=\"2048\" \/>\n\t<meta property=\"og:image:height\" content=\"2048\" \/>\n\t<meta property=\"og:image:type\" content=\"image\/jpeg\" \/>\n<meta name=\"twitter:card\" content=\"summary_large_image\" \/>\n<script type=\"application\/ld+json\" class=\"yoast-schema-graph\">{\"@context\":\"https:\\\/\\\/schema.org\",\"@graph\":[{\"@type\":\"WebPage\",\"@id\":\"https:\\\/\\\/www.malinashop.lt\\\/en\\\/shop\\\/paese-lupu-blizgesys-beauty-lipgloss-glazed-nr-05\\\/\",\"url\":\"https:\\\/\\\/www.malinashop.lt\\\/en\\\/shop\\\/paese-lupu-blizgesys-beauty-lipgloss-glazed-nr-05\\\/\",\"name\":\"PAESE l\u016bp\u0173 blizgesys BEAUTY LIPGLOSS GLAZED Nr.05 - MalinaShop.lt J\u016bs\u0173 sveikatai ir gro\u017eiui.\",\"isPartOf\":{\"@id\":\"https:\\\/\\\/www.malinashop.lt\\\/#website\"},\"primaryImageOfPage\":{\"@id\":\"https:\\\/\\\/www.malinashop.lt\\\/en\\\/shop\\\/paese-lupu-blizgesys-beauty-lipgloss-glazed-nr-05\\\/#primaryimage\"},\"image\":{\"@id\":\"https:\\\/\\\/www.malinashop.lt\\\/en\\\/shop\\\/paese-lupu-blizgesys-beauty-lipgloss-glazed-nr-05\\\/#primaryimage\"},\"thumbnailUrl\":\"https:\\\/\\\/www.malinashop.lt\\\/wp-content\\\/uploads\\\/2025\\\/11\\\/Pease-lupu-blizgis-beauty-lipgloss_packshot_05-Glazed.jpg\",\"datePublished\":\"2025-11-24T15:00:44+00:00\",\"dateModified\":\"2026-02-10T09:48:22+00:00\",\"description\":\"PAESE BEAUTY LIPGLOSS GLAZED Nr.05 \u2013 ilgai i\u0161liekantis blizgesys, dr\u0117gn\u0173 ir \u0161vytin\u010di\u0173 l\u016bp\u0173 efektas, nelipni formul\u0117. Tobulas kasdieniam makia\u017eui.\",\"breadcrumb\":{\"@id\":\"https:\\\/\\\/www.malinashop.lt\\\/en\\\/shop\\\/paese-lupu-blizgesys-beauty-lipgloss-glazed-nr-05\\\/#breadcrumb\"},\"inLanguage\":\"en-GB\",\"potentialAction\":[{\"@type\":\"ReadAction\",\"target\":[\"https:\\\/\\\/www.malinashop.lt\\\/en\\\/shop\\\/paese-lupu-blizgesys-beauty-lipgloss-glazed-nr-05\\\/\"]}]},{\"@type\":\"ImageObject\",\"inLanguage\":\"en-GB\",\"@id\":\"https:\\\/\\\/www.malinashop.lt\\\/en\\\/shop\\\/paese-lupu-blizgesys-beauty-lipgloss-glazed-nr-05\\\/#primaryimage\",\"url\":\"https:\\\/\\\/www.malinashop.lt\\\/wp-content\\\/uploads\\\/2025\\\/11\\\/Pease-lupu-blizgis-beauty-lipgloss_packshot_05-Glazed.jpg\",\"contentUrl\":\"https:\\\/\\\/www.malinashop.lt\\\/wp-content\\\/uploads\\\/2025\\\/11\\\/Pease-lupu-blizgis-beauty-lipgloss_packshot_05-Glazed.jpg\",\"width\":2048,\"height\":2048},{\"@type\":\"BreadcrumbList\",\"@id\":\"https:\\\/\\\/www.malinashop.lt\\\/en\\\/shop\\\/paese-lupu-blizgesys-beauty-lipgloss-glazed-nr-05\\\/#breadcrumb\",\"itemListElement\":[{\"@type\":\"ListItem\",\"position\":1,\"name\":\"Pagrindinis\",\"item\":\"https:\\\/\\\/www.malinashop.lt\\\/\"},{\"@type\":\"ListItem\",\"position\":2,\"name\":\"Parduotuv\u0117\",\"item\":\"https:\\\/\\\/www.malinashop.lt\\\/en\\\/parduotuve\\\/\"},{\"@type\":\"ListItem\",\"position\":3,\"name\":\"PAESE l\u016bp\u0173 blizgesys BEAUTY LIPGLOSS GLAZED Nr.05\"}]},{\"@type\":\"WebSite\",\"@id\":\"https:\\\/\\\/www.malinashop.lt\\\/#website\",\"url\":\"https:\\\/\\\/www.malinashop.lt\\\/\",\"name\":\"COM Group Ecommerce\",\"description\":\"MalinaShop.lt - Gro\u017eio ir sveikatos produktai i\u0161 patikim\u0173 preki\u0173 \u017eenkl\u0173. Atraskite auk\u0161tos kokyb\u0117s kosmetik\u0105 u\u017e puiki\u0105 kain\u0105.\",\"publisher\":{\"@id\":\"https:\\\/\\\/www.malinashop.lt\\\/#organization\"},\"potentialAction\":[{\"@type\":\"SearchAction\",\"target\":{\"@type\":\"EntryPoint\",\"urlTemplate\":\"https:\\\/\\\/www.malinashop.lt\\\/?s={search_term_string}\"},\"query-input\":{\"@type\":\"PropertyValueSpecification\",\"valueRequired\":true,\"valueName\":\"search_term_string\"}}],\"inLanguage\":\"en-GB\"},{\"@type\":\"Organization\",\"@id\":\"https:\\\/\\\/www.malinashop.lt\\\/#organization\",\"name\":\"COM Group Ecommerce\",\"url\":\"https:\\\/\\\/www.malinashop.lt\\\/\",\"logo\":{\"@type\":\"ImageObject\",\"inLanguage\":\"en-GB\",\"@id\":\"https:\\\/\\\/www.malinashop.lt\\\/#\\\/schema\\\/logo\\\/image\\\/\",\"url\":\"https:\\\/\\\/www.malinashop.lt\\\/wp-content\\\/uploads\\\/2024\\\/08\\\/462559670_3787732518133670_9795632669273463_n-e1731525914575.png\",\"contentUrl\":\"https:\\\/\\\/www.malinashop.lt\\\/wp-content\\\/uploads\\\/2024\\\/08\\\/462559670_3787732518133670_9795632669273463_n-e1731525914575.png\",\"width\":180,\"height\":60,\"caption\":\"COM Group Ecommerce\"},\"image\":{\"@id\":\"https:\\\/\\\/www.malinashop.lt\\\/#\\\/schema\\\/logo\\\/image\\\/\"}}]}<\/script>\n<!-- \/ Yoast SEO plugin. -->","yoast_head_json":{"title":"PAESE l\u016bp\u0173 blizgesys BEAUTY LIPGLOSS GLAZED Nr.05 - MalinaShop.lt J\u016bs\u0173 sveikatai ir gro\u017eiui.","description":"PAESE BEAUTY LIPGLOSS GLAZED Nr.05 \u2013 ilgai i\u0161liekantis blizgesys, dr\u0117gn\u0173 ir \u0161vytin\u010di\u0173 l\u016bp\u0173 efektas, nelipni formul\u0117. Tobulas kasdieniam makia\u017eui.","robots":{"index":"index","follow":"follow","max-snippet":"max-snippet:-1","max-image-preview":"max-image-preview:large","max-video-preview":"max-video-preview:-1"},"canonical":"https:\/\/www.malinashop.lt\/en\/shop\/paese-lupu-blizgesys-beauty-lipgloss-glazed-nr-05\/","og_locale":"en_GB","og_type":"article","og_title":"PAESE l\u016bp\u0173 blizgesys BEAUTY LIPGLOSS GLAZED Nr.05 - MalinaShop.lt J\u016bs\u0173 sveikatai ir gro\u017eiui.","og_description":"PAESE BEAUTY LIPGLOSS GLAZED Nr.05 \u2013 ilgai i\u0161liekantis blizgesys, dr\u0117gn\u0173 ir \u0161vytin\u010di\u0173 l\u016bp\u0173 efektas, nelipni formul\u0117. Tobulas kasdieniam makia\u017eui.","og_url":"https:\/\/www.malinashop.lt\/en\/shop\/paese-lupu-blizgesys-beauty-lipgloss-glazed-nr-05\/","og_site_name":"MalinaShop.lt J\u016bs\u0173 sveikatai ir gro\u017eiui.","article_modified_time":"2026-02-10T09:48:22+00:00","og_image":[{"width":2048,"height":2048,"url":"https:\/\/www.malinashop.lt\/wp-content\/uploads\/2025\/11\/Pease-lupu-blizgis-beauty-lipgloss_packshot_05-Glazed.jpg","type":"image\/jpeg"}],"twitter_card":"summary_large_image","schema":{"@context":"https:\/\/schema.org","@graph":[{"@type":"WebPage","@id":"https:\/\/www.malinashop.lt\/en\/shop\/paese-lupu-blizgesys-beauty-lipgloss-glazed-nr-05\/","url":"https:\/\/www.malinashop.lt\/en\/shop\/paese-lupu-blizgesys-beauty-lipgloss-glazed-nr-05\/","name":"PAESE l\u016bp\u0173 blizgesys BEAUTY LIPGLOSS GLAZED Nr.05 - MalinaShop.lt J\u016bs\u0173 sveikatai ir gro\u017eiui.","isPartOf":{"@id":"https:\/\/www.malinashop.lt\/#website"},"primaryImageOfPage":{"@id":"https:\/\/www.malinashop.lt\/en\/shop\/paese-lupu-blizgesys-beauty-lipgloss-glazed-nr-05\/#primaryimage"},"image":{"@id":"https:\/\/www.malinashop.lt\/en\/shop\/paese-lupu-blizgesys-beauty-lipgloss-glazed-nr-05\/#primaryimage"},"thumbnailUrl":"https:\/\/www.malinashop.lt\/wp-content\/uploads\/2025\/11\/Pease-lupu-blizgis-beauty-lipgloss_packshot_05-Glazed.jpg","datePublished":"2025-11-24T15:00:44+00:00","dateModified":"2026-02-10T09:48:22+00:00","description":"PAESE BEAUTY LIPGLOSS GLAZED Nr.05 \u2013 ilgai i\u0161liekantis blizgesys, dr\u0117gn\u0173 ir \u0161vytin\u010di\u0173 l\u016bp\u0173 efektas, nelipni formul\u0117. Tobulas kasdieniam makia\u017eui.","breadcrumb":{"@id":"https:\/\/www.malinashop.lt\/en\/shop\/paese-lupu-blizgesys-beauty-lipgloss-glazed-nr-05\/#breadcrumb"},"inLanguage":"en-GB","potentialAction":[{"@type":"ReadAction","target":["https:\/\/www.malinashop.lt\/en\/shop\/paese-lupu-blizgesys-beauty-lipgloss-glazed-nr-05\/"]}]},{"@type":"ImageObject","inLanguage":"en-GB","@id":"https:\/\/www.malinashop.lt\/en\/shop\/paese-lupu-blizgesys-beauty-lipgloss-glazed-nr-05\/#primaryimage","url":"https:\/\/www.malinashop.lt\/wp-content\/uploads\/2025\/11\/Pease-lupu-blizgis-beauty-lipgloss_packshot_05-Glazed.jpg","contentUrl":"https:\/\/www.malinashop.lt\/wp-content\/uploads\/2025\/11\/Pease-lupu-blizgis-beauty-lipgloss_packshot_05-Glazed.jpg","width":2048,"height":2048},{"@type":"BreadcrumbList","@id":"https:\/\/www.malinashop.lt\/en\/shop\/paese-lupu-blizgesys-beauty-lipgloss-glazed-nr-05\/#breadcrumb","itemListElement":[{"@type":"ListItem","position":1,"name":"Pagrindinis","item":"https:\/\/www.malinashop.lt\/"},{"@type":"ListItem","position":2,"name":"Parduotuv\u0117","item":"https:\/\/www.malinashop.lt\/en\/parduotuve\/"},{"@type":"ListItem","position":3,"name":"PAESE l\u016bp\u0173 blizgesys BEAUTY LIPGLOSS GLAZED Nr.05"}]},{"@type":"WebSite","@id":"https:\/\/www.malinashop.lt\/#website","url":"https:\/\/www.malinashop.lt\/","name":"COM Group Ecommerce","description":"MalinaShop.lt - Gro\u017eio ir sveikatos produktai i\u0161 patikim\u0173 preki\u0173 \u017eenkl\u0173. Atraskite auk\u0161tos kokyb\u0117s kosmetik\u0105 u\u017e puiki\u0105 kain\u0105.","publisher":{"@id":"https:\/\/www.malinashop.lt\/#organization"},"potentialAction":[{"@type":"SearchAction","target":{"@type":"EntryPoint","urlTemplate":"https:\/\/www.malinashop.lt\/?s={search_term_string}"},"query-input":{"@type":"PropertyValueSpecification","valueRequired":true,"valueName":"search_term_string"}}],"inLanguage":"en-GB"},{"@type":"Organization","@id":"https:\/\/www.malinashop.lt\/#organization","name":"COM Group Ecommerce","url":"https:\/\/www.malinashop.lt\/","logo":{"@type":"ImageObject","inLanguage":"en-GB","@id":"https:\/\/www.malinashop.lt\/#\/schema\/logo\/image\/","url":"https:\/\/www.malinashop.lt\/wp-content\/uploads\/2024\/08\/462559670_3787732518133670_9795632669273463_n-e1731525914575.png","contentUrl":"https:\/\/www.malinashop.lt\/wp-content\/uploads\/2024\/08\/462559670_3787732518133670_9795632669273463_n-e1731525914575.png","width":180,"height":60,"caption":"COM Group Ecommerce"},"image":{"@id":"https:\/\/www.malinashop.lt\/#\/schema\/logo\/image\/"}}]}},"jetpack_sharing_enabled":true,"_links":{"self":[{"href":"https:\/\/www.malinashop.lt\/en\/wp-json\/wp\/v2\/product\/63452","targetHints":{"allow":["GET"]}}],"collection":[{"href":"https:\/\/www.malinashop.lt\/en\/wp-json\/wp\/v2\/product"}],"about":[{"href":"https:\/\/www.malinashop.lt\/en\/wp-json\/wp\/v2\/types\/product"}],"version-history":[{"count":2,"href":"https:\/\/www.malinashop.lt\/en\/wp-json\/wp\/v2\/product\/63452\/revisions"}],"predecessor-version":[{"id":72129,"href":"https:\/\/www.malinashop.lt\/en\/wp-json\/wp\/v2\/product\/63452\/revisions\/72129"}],"wp:featuredmedia":[{"embeddable":true,"href":"https:\/\/www.malinashop.lt\/en\/wp-json\/wp\/v2\/media\/63454"}],"wp:attachment":[{"href":"https:\/\/www.malinashop.lt\/en\/wp-json\/wp\/v2\/media?parent=63452"}],"wp:term":[{"taxonomy":"product_brand","embeddable":true,"href":"https:\/\/www.malinashop.lt\/en\/wp-json\/wp\/v2\/product_brand?post=63452"},{"taxonomy":"product_cat","embeddable":true,"href":"https:\/\/www.malinashop.lt\/en\/wp-json\/wp\/v2\/product_cat?post=63452"},{"taxonomy":"product_tag","embeddable":true,"href":"https:\/\/www.malinashop.lt\/en\/wp-json\/wp\/v2\/product_tag?post=63452"}],"curies":[{"name":"wp","href":"https:\/\/api.w.org\/{rel}","templated":true}]}}