{"id":63414,"date":"2025-11-24T18:00:44","date_gmt":"2025-11-24T15:00:44","guid":{"rendered":"https:\/\/malinashop.lt\/?post_type=product&#038;p=63414"},"modified":"2026-02-10T12:48:21","modified_gmt":"2026-02-10T09:48:21","slug":"paese-cheeky-blakstienu-tusas","status":"publish","type":"product","link":"https:\/\/www.malinashop.lt\/en\/shop\/paese-cheeky-blakstienu-tusas\/","title":{"rendered":"PAESE CHEEKY blakstien\u0173 tu\u0161as"},"content":{"rendered":"<p data-start=\"32\" data-end=\"425\"><strong data-start=\"32\" data-end=\"65\">PAESE blakstien\u0173 tu\u0161as CHEEKY<\/strong> \u2013 tai vandeniui atsparus tu\u0161as, sukurtas i\u0161gauti maksimal\u0173 blakstien\u0173 pak\u0117lim\u0105 ir intensyv\u0173 \u017evilgsn\u012f. Inovatyvi formul\u0117 su juod\u0173j\u0173 perl\u0173 ekstraktu stiprina blakstienas ir suteikia joms nat\u016bralaus spindesio. Auk\u0161tos kokyb\u0117s silikoninis \u0161epet\u0117lis tolygiai paskirsto tu\u0161\u0105, atskiria kiekvien\u0105 blakstien\u0105 bei padeda pasiekti ilgai i\u0161liekant\u012f rezultat\u0105 be sulipimo.<\/p>\n<p data-start=\"427\" data-end=\"577\">Tu\u0161as pateikiamas stilingoje mink\u0161to kartono d\u0117\u017eut\u0117je, tod\u0117l puikiai tinka ir kaip dovana. Patikima gamybos kokyb\u0117 \u2013 produktas pagamintas Vokietijoje.<\/p>\n","protected":false},"excerpt":{"rendered":"<p data-start=\"620\" data-end=\"834\">Vandeniui atsparus PAESE CHEEKY tu\u0161as su juod\u0173j\u0173 perl\u0173 ekstraktu suteikia intensyv\u0173 pak\u0117limo efekt\u0105, tolygiai dengia blakstienas ir i\u0161laiko i\u0161rai\u0161king\u0105 \u017evilgsn\u012f vis\u0105 dien\u0105. Su auk\u0161tos kokyb\u0117s silikoniniu \u0161epet\u0117liu.<\/p>\n","protected":false},"featured_media":63416,"template":"","meta":[],"product_brand":[1534],"product_cat":[521,102],"product_tag":[1614],"class_list":{"0":"post-63414","1":"product","2":"type-product","3":"status-publish","4":"has-post-thumbnail","6":"product_brand-paese","7":"product_cat-blakstienu-tusai","8":"product_cat-dekoratyvine-kosmetika","9":"product_tag-paese","11":"first","12":"instock","13":"purchasable","14":"product-type-simple"},"yoast_head":"<!-- This site is optimized with the Yoast SEO plugin v27.4 - https:\/\/yoast.com\/product\/yoast-seo-wordpress\/ -->\n<title>PAESE CHEEKY blakstien\u0173 tu\u0161as - MalinaShop.lt J\u016bs\u0173 sveikatai ir gro\u017eiui.<\/title>\n<meta name=\"description\" content=\"PAESE CHEEKY tu\u0161as \u2013 vandeniui atsparus blakstien\u0173 tu\u0161as su juod\u0173j\u0173 perl\u0173 ekstraktu ir silikoniniu \u0161epet\u0117liu. Intensyvus pak\u0117limas ir ilga i\u0161liekamumas.\" \/>\n<meta name=\"robots\" content=\"index, follow, max-snippet:-1, max-image-preview:large, max-video-preview:-1\" \/>\n<link rel=\"canonical\" href=\"https:\/\/www.malinashop.lt\/en\/shop\/paese-cheeky-blakstienu-tusas\/\" \/>\n<meta property=\"og:locale\" content=\"en_GB\" \/>\n<meta property=\"og:type\" content=\"article\" \/>\n<meta property=\"og:title\" content=\"PAESE CHEEKY blakstien\u0173 tu\u0161as - MalinaShop.lt J\u016bs\u0173 sveikatai ir gro\u017eiui.\" \/>\n<meta property=\"og:description\" content=\"PAESE CHEEKY tu\u0161as \u2013 vandeniui atsparus blakstien\u0173 tu\u0161as su juod\u0173j\u0173 perl\u0173 ekstraktu ir silikoniniu \u0161epet\u0117liu. Intensyvus pak\u0117limas ir ilga i\u0161liekamumas.\" \/>\n<meta property=\"og:url\" content=\"https:\/\/www.malinashop.lt\/en\/shop\/paese-cheeky-blakstienu-tusas\/\" \/>\n<meta property=\"og:site_name\" content=\"MalinaShop.lt J\u016bs\u0173 sveikatai ir gro\u017eiui.\" \/>\n<meta property=\"article:modified_time\" content=\"2026-02-10T09:48:21+00:00\" \/>\n<meta property=\"og:image\" content=\"https:\/\/www.malinashop.lt\/wp-content\/uploads\/2025\/11\/Cheeky-Mascara-1-scaled-1.jpg\" \/>\n\t<meta property=\"og:image:width\" content=\"2048\" \/>\n\t<meta property=\"og:image:height\" content=\"2048\" \/>\n\t<meta property=\"og:image:type\" content=\"image\/jpeg\" \/>\n<meta name=\"twitter:card\" content=\"summary_large_image\" \/>\n<script type=\"application\/ld+json\" class=\"yoast-schema-graph\">{\"@context\":\"https:\\\/\\\/schema.org\",\"@graph\":[{\"@type\":\"WebPage\",\"@id\":\"https:\\\/\\\/www.malinashop.lt\\\/en\\\/shop\\\/paese-cheeky-blakstienu-tusas\\\/\",\"url\":\"https:\\\/\\\/www.malinashop.lt\\\/en\\\/shop\\\/paese-cheeky-blakstienu-tusas\\\/\",\"name\":\"PAESE CHEEKY blakstien\u0173 tu\u0161as - MalinaShop.lt J\u016bs\u0173 sveikatai ir gro\u017eiui.\",\"isPartOf\":{\"@id\":\"https:\\\/\\\/www.malinashop.lt\\\/en\\\/#website\"},\"primaryImageOfPage\":{\"@id\":\"https:\\\/\\\/www.malinashop.lt\\\/en\\\/shop\\\/paese-cheeky-blakstienu-tusas\\\/#primaryimage\"},\"image\":{\"@id\":\"https:\\\/\\\/www.malinashop.lt\\\/en\\\/shop\\\/paese-cheeky-blakstienu-tusas\\\/#primaryimage\"},\"thumbnailUrl\":\"https:\\\/\\\/www.malinashop.lt\\\/wp-content\\\/uploads\\\/2025\\\/11\\\/Cheeky-Mascara-1-scaled-1.jpg\",\"datePublished\":\"2025-11-24T15:00:44+00:00\",\"dateModified\":\"2026-02-10T09:48:21+00:00\",\"description\":\"PAESE CHEEKY tu\u0161as \u2013 vandeniui atsparus blakstien\u0173 tu\u0161as su juod\u0173j\u0173 perl\u0173 ekstraktu ir silikoniniu \u0161epet\u0117liu. Intensyvus pak\u0117limas ir ilga i\u0161liekamumas.\",\"breadcrumb\":{\"@id\":\"https:\\\/\\\/www.malinashop.lt\\\/en\\\/shop\\\/paese-cheeky-blakstienu-tusas\\\/#breadcrumb\"},\"inLanguage\":\"en-GB\",\"potentialAction\":[{\"@type\":\"ReadAction\",\"target\":[\"https:\\\/\\\/www.malinashop.lt\\\/en\\\/shop\\\/paese-cheeky-blakstienu-tusas\\\/\"]}]},{\"@type\":\"ImageObject\",\"inLanguage\":\"en-GB\",\"@id\":\"https:\\\/\\\/www.malinashop.lt\\\/en\\\/shop\\\/paese-cheeky-blakstienu-tusas\\\/#primaryimage\",\"url\":\"https:\\\/\\\/www.malinashop.lt\\\/wp-content\\\/uploads\\\/2025\\\/11\\\/Cheeky-Mascara-1-scaled-1.jpg\",\"contentUrl\":\"https:\\\/\\\/www.malinashop.lt\\\/wp-content\\\/uploads\\\/2025\\\/11\\\/Cheeky-Mascara-1-scaled-1.jpg\",\"width\":2048,\"height\":2048},{\"@type\":\"BreadcrumbList\",\"@id\":\"https:\\\/\\\/www.malinashop.lt\\\/en\\\/shop\\\/paese-cheeky-blakstienu-tusas\\\/#breadcrumb\",\"itemListElement\":[{\"@type\":\"ListItem\",\"position\":1,\"name\":\"Home\",\"item\":\"https:\\\/\\\/www.malinashop.lt\\\/en\\\/\"},{\"@type\":\"ListItem\",\"position\":2,\"name\":\"Parduotuv\u0117\",\"item\":\"https:\\\/\\\/www.malinashop.lt\\\/en\\\/parduotuve\\\/\"},{\"@type\":\"ListItem\",\"position\":3,\"name\":\"PAESE CHEEKY blakstien\u0173 tu\u0161as\"}]},{\"@type\":\"WebSite\",\"@id\":\"https:\\\/\\\/www.malinashop.lt\\\/en\\\/#website\",\"url\":\"https:\\\/\\\/www.malinashop.lt\\\/en\\\/\",\"name\":\"COM Group Ecommerce\",\"description\":\"MalinaShop.lt - Gro\u017eio ir sveikatos produktai i\u0161 patikim\u0173 preki\u0173 \u017eenkl\u0173. Atraskite auk\u0161tos kokyb\u0117s kosmetik\u0105 u\u017e puiki\u0105 kain\u0105.\",\"publisher\":{\"@id\":\"https:\\\/\\\/www.malinashop.lt\\\/en\\\/#organization\"},\"potentialAction\":[{\"@type\":\"SearchAction\",\"target\":{\"@type\":\"EntryPoint\",\"urlTemplate\":\"https:\\\/\\\/www.malinashop.lt\\\/en\\\/?s={search_term_string}\"},\"query-input\":{\"@type\":\"PropertyValueSpecification\",\"valueRequired\":true,\"valueName\":\"search_term_string\"}}],\"inLanguage\":\"en-GB\"},{\"@type\":\"Organization\",\"@id\":\"https:\\\/\\\/www.malinashop.lt\\\/en\\\/#organization\",\"name\":\"COM Group Ecommerce\",\"url\":\"https:\\\/\\\/www.malinashop.lt\\\/en\\\/\",\"logo\":{\"@type\":\"ImageObject\",\"inLanguage\":\"en-GB\",\"@id\":\"https:\\\/\\\/www.malinashop.lt\\\/en\\\/#\\\/schema\\\/logo\\\/image\\\/\",\"url\":\"https:\\\/\\\/www.malinashop.lt\\\/wp-content\\\/uploads\\\/2024\\\/08\\\/462559670_3787732518133670_9795632669273463_n-e1731525914575.png\",\"contentUrl\":\"https:\\\/\\\/www.malinashop.lt\\\/wp-content\\\/uploads\\\/2024\\\/08\\\/462559670_3787732518133670_9795632669273463_n-e1731525914575.png\",\"width\":180,\"height\":60,\"caption\":\"COM Group Ecommerce\"},\"image\":{\"@id\":\"https:\\\/\\\/www.malinashop.lt\\\/en\\\/#\\\/schema\\\/logo\\\/image\\\/\"}}]}<\/script>\n<!-- \/ Yoast SEO plugin. -->","yoast_head_json":{"title":"PAESE CHEEKY blakstien\u0173 tu\u0161as - MalinaShop.lt J\u016bs\u0173 sveikatai ir gro\u017eiui.","description":"PAESE CHEEKY tu\u0161as \u2013 vandeniui atsparus blakstien\u0173 tu\u0161as su juod\u0173j\u0173 perl\u0173 ekstraktu ir silikoniniu \u0161epet\u0117liu. Intensyvus pak\u0117limas ir ilga i\u0161liekamumas.","robots":{"index":"index","follow":"follow","max-snippet":"max-snippet:-1","max-image-preview":"max-image-preview:large","max-video-preview":"max-video-preview:-1"},"canonical":"https:\/\/www.malinashop.lt\/en\/shop\/paese-cheeky-blakstienu-tusas\/","og_locale":"en_GB","og_type":"article","og_title":"PAESE CHEEKY blakstien\u0173 tu\u0161as - MalinaShop.lt J\u016bs\u0173 sveikatai ir gro\u017eiui.","og_description":"PAESE CHEEKY tu\u0161as \u2013 vandeniui atsparus blakstien\u0173 tu\u0161as su juod\u0173j\u0173 perl\u0173 ekstraktu ir silikoniniu \u0161epet\u0117liu. Intensyvus pak\u0117limas ir ilga i\u0161liekamumas.","og_url":"https:\/\/www.malinashop.lt\/en\/shop\/paese-cheeky-blakstienu-tusas\/","og_site_name":"MalinaShop.lt J\u016bs\u0173 sveikatai ir gro\u017eiui.","article_modified_time":"2026-02-10T09:48:21+00:00","og_image":[{"width":2048,"height":2048,"url":"https:\/\/www.malinashop.lt\/wp-content\/uploads\/2025\/11\/Cheeky-Mascara-1-scaled-1.jpg","type":"image\/jpeg"}],"twitter_card":"summary_large_image","schema":{"@context":"https:\/\/schema.org","@graph":[{"@type":"WebPage","@id":"https:\/\/www.malinashop.lt\/en\/shop\/paese-cheeky-blakstienu-tusas\/","url":"https:\/\/www.malinashop.lt\/en\/shop\/paese-cheeky-blakstienu-tusas\/","name":"PAESE CHEEKY blakstien\u0173 tu\u0161as - MalinaShop.lt J\u016bs\u0173 sveikatai ir gro\u017eiui.","isPartOf":{"@id":"https:\/\/www.malinashop.lt\/en\/#website"},"primaryImageOfPage":{"@id":"https:\/\/www.malinashop.lt\/en\/shop\/paese-cheeky-blakstienu-tusas\/#primaryimage"},"image":{"@id":"https:\/\/www.malinashop.lt\/en\/shop\/paese-cheeky-blakstienu-tusas\/#primaryimage"},"thumbnailUrl":"https:\/\/www.malinashop.lt\/wp-content\/uploads\/2025\/11\/Cheeky-Mascara-1-scaled-1.jpg","datePublished":"2025-11-24T15:00:44+00:00","dateModified":"2026-02-10T09:48:21+00:00","description":"PAESE CHEEKY tu\u0161as \u2013 vandeniui atsparus blakstien\u0173 tu\u0161as su juod\u0173j\u0173 perl\u0173 ekstraktu ir silikoniniu \u0161epet\u0117liu. Intensyvus pak\u0117limas ir ilga i\u0161liekamumas.","breadcrumb":{"@id":"https:\/\/www.malinashop.lt\/en\/shop\/paese-cheeky-blakstienu-tusas\/#breadcrumb"},"inLanguage":"en-GB","potentialAction":[{"@type":"ReadAction","target":["https:\/\/www.malinashop.lt\/en\/shop\/paese-cheeky-blakstienu-tusas\/"]}]},{"@type":"ImageObject","inLanguage":"en-GB","@id":"https:\/\/www.malinashop.lt\/en\/shop\/paese-cheeky-blakstienu-tusas\/#primaryimage","url":"https:\/\/www.malinashop.lt\/wp-content\/uploads\/2025\/11\/Cheeky-Mascara-1-scaled-1.jpg","contentUrl":"https:\/\/www.malinashop.lt\/wp-content\/uploads\/2025\/11\/Cheeky-Mascara-1-scaled-1.jpg","width":2048,"height":2048},{"@type":"BreadcrumbList","@id":"https:\/\/www.malinashop.lt\/en\/shop\/paese-cheeky-blakstienu-tusas\/#breadcrumb","itemListElement":[{"@type":"ListItem","position":1,"name":"Home","item":"https:\/\/www.malinashop.lt\/en\/"},{"@type":"ListItem","position":2,"name":"Parduotuv\u0117","item":"https:\/\/www.malinashop.lt\/en\/parduotuve\/"},{"@type":"ListItem","position":3,"name":"PAESE CHEEKY blakstien\u0173 tu\u0161as"}]},{"@type":"WebSite","@id":"https:\/\/www.malinashop.lt\/en\/#website","url":"https:\/\/www.malinashop.lt\/en\/","name":"COM Group Ecommerce","description":"MalinaShop.lt - Gro\u017eio ir sveikatos produktai i\u0161 patikim\u0173 preki\u0173 \u017eenkl\u0173. Atraskite auk\u0161tos kokyb\u0117s kosmetik\u0105 u\u017e puiki\u0105 kain\u0105.","publisher":{"@id":"https:\/\/www.malinashop.lt\/en\/#organization"},"potentialAction":[{"@type":"SearchAction","target":{"@type":"EntryPoint","urlTemplate":"https:\/\/www.malinashop.lt\/en\/?s={search_term_string}"},"query-input":{"@type":"PropertyValueSpecification","valueRequired":true,"valueName":"search_term_string"}}],"inLanguage":"en-GB"},{"@type":"Organization","@id":"https:\/\/www.malinashop.lt\/en\/#organization","name":"COM Group Ecommerce","url":"https:\/\/www.malinashop.lt\/en\/","logo":{"@type":"ImageObject","inLanguage":"en-GB","@id":"https:\/\/www.malinashop.lt\/en\/#\/schema\/logo\/image\/","url":"https:\/\/www.malinashop.lt\/wp-content\/uploads\/2024\/08\/462559670_3787732518133670_9795632669273463_n-e1731525914575.png","contentUrl":"https:\/\/www.malinashop.lt\/wp-content\/uploads\/2024\/08\/462559670_3787732518133670_9795632669273463_n-e1731525914575.png","width":180,"height":60,"caption":"COM Group Ecommerce"},"image":{"@id":"https:\/\/www.malinashop.lt\/en\/#\/schema\/logo\/image\/"}}]}},"jetpack_sharing_enabled":true,"_links":{"self":[{"href":"https:\/\/www.malinashop.lt\/en\/wp-json\/wp\/v2\/product\/63414","targetHints":{"allow":["GET"]}}],"collection":[{"href":"https:\/\/www.malinashop.lt\/en\/wp-json\/wp\/v2\/product"}],"about":[{"href":"https:\/\/www.malinashop.lt\/en\/wp-json\/wp\/v2\/types\/product"}],"version-history":[{"count":2,"href":"https:\/\/www.malinashop.lt\/en\/wp-json\/wp\/v2\/product\/63414\/revisions"}],"predecessor-version":[{"id":72216,"href":"https:\/\/www.malinashop.lt\/en\/wp-json\/wp\/v2\/product\/63414\/revisions\/72216"}],"wp:featuredmedia":[{"embeddable":true,"href":"https:\/\/www.malinashop.lt\/en\/wp-json\/wp\/v2\/media\/63416"}],"wp:attachment":[{"href":"https:\/\/www.malinashop.lt\/en\/wp-json\/wp\/v2\/media?parent=63414"}],"wp:term":[{"taxonomy":"product_brand","embeddable":true,"href":"https:\/\/www.malinashop.lt\/en\/wp-json\/wp\/v2\/product_brand?post=63414"},{"taxonomy":"product_cat","embeddable":true,"href":"https:\/\/www.malinashop.lt\/en\/wp-json\/wp\/v2\/product_cat?post=63414"},{"taxonomy":"product_tag","embeddable":true,"href":"https:\/\/www.malinashop.lt\/en\/wp-json\/wp\/v2\/product_tag?post=63414"}],"curies":[{"name":"wp","href":"https:\/\/api.w.org\/{rel}","templated":true}]}}