{"id":63411,"date":"2025-11-24T17:59:10","date_gmt":"2025-11-24T14:59:10","guid":{"rendered":"https:\/\/malinashop.lt\/?post_type=product&#038;p=63411"},"modified":"2026-02-10T12:48:24","modified_gmt":"2026-02-10T09:48:24","slug":"paese-diamond-mono-akiu-seselis","status":"publish","type":"product","link":"https:\/\/www.malinashop.lt\/en\/shop\/paese-diamond-mono-akiu-seselis\/","title":{"rendered":"PAESE DIAMOND MONO aki\u0173 \u0161e\u0161\u0117lis"},"content":{"rendered":"<p data-start=\"48\" data-end=\"426\"><strong data-start=\"48\" data-end=\"70\">PAESE Diamond Mono<\/strong> \u2013 tai lengvos tekst\u016bros, intensyvaus \u0161vyt\u0117jimo suteikiantys aki\u0173 \u0161e\u0161\u0117liai, kuriuos galima naudoti ir kaip highlighter\u012f. D\u0117l itin sodrios pigmentacijos \u0161ie \u0161e\u0161\u0117liai leid\u017eia akimirksniu sukurti i\u0161rai\u0161king\u0105, \u0161vytint\u012f makia\u017e\u0105. Universalus \u0161ampano atspalvis puikiai tinka \u012fvairiems odos tonams, o \u0161ilkin\u0117 formul\u0117 \u0161velniai dengiasi ir tolygiai susilieja su oda.<\/p>\n<p data-start=\"428\" data-end=\"695\">\u0160ie \u0161e\u0161\u0117liai ne tik pabr\u0117\u017eia aki\u0173 gro\u017e\u012f, bet ir opti\u0161kai modeliuoja veido bruo\u017eus, suteikia gaivumo bei subtilaus spindesio. Priemon\u0119 galite naudoti ant aki\u0173 vok\u0173, skruost\u0173, nosies tiltelio ar net pe\u010di\u0173 \u2013 puikus pasirinkimas tiek kasdieniam, tiek vakariniam makia\u017eui.<\/p>\n<p data-start=\"697\" data-end=\"723\"><strong data-start=\"697\" data-end=\"721\">Pagrindin\u0117s savyb\u0117s:<\/strong><\/p>\n<ul data-start=\"724\" data-end=\"982\">\n<li data-start=\"724\" data-end=\"753\">\n<p data-start=\"726\" data-end=\"753\">\u0161ilkin\u0117, maloni tekst\u016bra;<\/p>\n<\/li>\n<li data-start=\"754\" data-end=\"795\">\n<p data-start=\"756\" data-end=\"795\">sodri, ilgai i\u0161liekanti pigmentacija;<\/p>\n<\/li>\n<li data-start=\"796\" data-end=\"830\">\n<p data-start=\"798\" data-end=\"830\">universalus \u0161ampano atspalvis;<\/p>\n<\/li>\n<li data-start=\"831\" data-end=\"869\">\n<p data-start=\"833\" data-end=\"869\">opti\u0161kai modeliuoja veido bruo\u017eus;<\/p>\n<\/li>\n<li data-start=\"870\" data-end=\"921\">\n<p data-start=\"872\" data-end=\"921\">puikiai susilieja su oda ir suteikia \u0161vyt\u0117jimo;<\/p>\n<\/li>\n<li data-start=\"922\" data-end=\"982\">\n<p data-start=\"924\" data-end=\"982\">tinkamas naudoti aki\u0173 vokams, skruostams ir pe\u010di\u0173 sri\u010diai.<\/p>\n<\/li>\n<\/ul>\n<p data-start=\"984\" data-end=\"1208\"><strong data-start=\"984\" data-end=\"999\">Naudojimas:<\/strong><br data-start=\"999\" data-end=\"1002\" \/>Aki\u0173 \u0161e\u0161\u0117li\u0173 ar highlighterio \u0161epet\u0117liu \u0161velniai pary\u0161kinkite norimas vietas \u2013 aki\u0173 vokus, skruostikaulius, nosies tiltel\u012f ar pe\u010dius. Tepkite lengvais pot\u0117piais, kol pasieksite norim\u0105 \u0161vyt\u0117jimo intensyvum\u0105.<\/p>\n","protected":false},"excerpt":{"rendered":"<p data-start=\"1253\" data-end=\"1435\">PAESE Diamond Mono \u2013 \u0161vyt\u0117jimo suteikiantys, \u0161velnios tekst\u016bros aki\u0173 \u0161e\u0161\u0117liai, tinkami naudoti ir kaip highlighteris. Itin pigmentuoti, lengvai dengiasi ir tinka visiems odos tonams.<\/p>\n","protected":false},"featured_media":63413,"template":"","meta":[],"product_brand":[1534],"product_cat":[525,102],"product_tag":[1614],"class_list":{"0":"post-63411","1":"product","2":"type-product","3":"status-publish","4":"has-post-thumbnail","6":"product_brand-paese","7":"product_cat-akiu-seseliai","8":"product_cat-dekoratyvine-kosmetika","9":"product_tag-paese","11":"first","12":"instock","13":"purchasable","14":"product-type-simple"},"yoast_head":"<!-- This site is optimized with the Yoast SEO plugin v27.4 - https:\/\/yoast.com\/product\/yoast-seo-wordpress\/ -->\n<title>PAESE DIAMOND MONO aki\u0173 \u0161e\u0161\u0117lis - MalinaShop.lt J\u016bs\u0173 sveikatai ir gro\u017eiui.<\/title>\n<meta name=\"description\" content=\"PAESE Diamond Mono \u2013 \u0161ilkin\u0117s tekst\u016bros, intensyviai pigmentuoti aki\u0173 \u0161e\u0161\u0117liai su universaliu \u0161ampano atspalviu. Tinka kaip highlighteris.\" \/>\n<meta name=\"robots\" content=\"index, follow, max-snippet:-1, max-image-preview:large, max-video-preview:-1\" \/>\n<link rel=\"canonical\" href=\"https:\/\/www.malinashop.lt\/en\/shop\/paese-diamond-mono-akiu-seselis\/\" \/>\n<meta property=\"og:locale\" content=\"en_GB\" \/>\n<meta property=\"og:type\" content=\"article\" \/>\n<meta property=\"og:title\" content=\"PAESE DIAMOND MONO aki\u0173 \u0161e\u0161\u0117lis - MalinaShop.lt J\u016bs\u0173 sveikatai ir gro\u017eiui.\" \/>\n<meta property=\"og:description\" content=\"PAESE Diamond Mono \u2013 \u0161ilkin\u0117s tekst\u016bros, intensyviai pigmentuoti aki\u0173 \u0161e\u0161\u0117liai su universaliu \u0161ampano atspalviu. Tinka kaip highlighteris.\" \/>\n<meta property=\"og:url\" content=\"https:\/\/www.malinashop.lt\/en\/shop\/paese-diamond-mono-akiu-seselis\/\" \/>\n<meta property=\"og:site_name\" content=\"MalinaShop.lt J\u016bs\u0173 sveikatai ir gro\u017eiui.\" \/>\n<meta property=\"article:modified_time\" content=\"2026-02-10T09:48:24+00:00\" \/>\n<meta property=\"og:image\" content=\"https:\/\/www.malinashop.lt\/wp-content\/uploads\/2025\/11\/Diamond-Mono-9-scaled-1.jpg\" \/>\n\t<meta property=\"og:image:width\" content=\"2048\" \/>\n\t<meta property=\"og:image:height\" content=\"2342\" \/>\n\t<meta property=\"og:image:type\" content=\"image\/jpeg\" \/>\n<meta name=\"twitter:card\" content=\"summary_large_image\" \/>\n<script type=\"application\/ld+json\" class=\"yoast-schema-graph\">{\"@context\":\"https:\\\/\\\/schema.org\",\"@graph\":[{\"@type\":\"WebPage\",\"@id\":\"https:\\\/\\\/www.malinashop.lt\\\/shop\\\/paese-diamond-mono-akiu-seselis\\\/\",\"url\":\"https:\\\/\\\/www.malinashop.lt\\\/shop\\\/paese-diamond-mono-akiu-seselis\\\/\",\"name\":\"PAESE DIAMOND MONO aki\u0173 \u0161e\u0161\u0117lis - MalinaShop.lt J\u016bs\u0173 sveikatai ir gro\u017eiui.\",\"isPartOf\":{\"@id\":\"https:\\\/\\\/www.malinashop.lt\\\/#website\"},\"primaryImageOfPage\":{\"@id\":\"https:\\\/\\\/www.malinashop.lt\\\/shop\\\/paese-diamond-mono-akiu-seselis\\\/#primaryimage\"},\"image\":{\"@id\":\"https:\\\/\\\/www.malinashop.lt\\\/shop\\\/paese-diamond-mono-akiu-seselis\\\/#primaryimage\"},\"thumbnailUrl\":\"https:\\\/\\\/www.malinashop.lt\\\/wp-content\\\/uploads\\\/2025\\\/11\\\/Diamond-Mono-9-scaled-1.jpg\",\"datePublished\":\"2025-11-24T14:59:10+00:00\",\"dateModified\":\"2026-02-10T09:48:24+00:00\",\"description\":\"PAESE Diamond Mono \u2013 \u0161ilkin\u0117s tekst\u016bros, intensyviai pigmentuoti aki\u0173 \u0161e\u0161\u0117liai su universaliu \u0161ampano atspalviu. Tinka kaip highlighteris.\",\"breadcrumb\":{\"@id\":\"https:\\\/\\\/www.malinashop.lt\\\/shop\\\/paese-diamond-mono-akiu-seselis\\\/#breadcrumb\"},\"inLanguage\":\"en-GB\",\"potentialAction\":[{\"@type\":\"ReadAction\",\"target\":[\"https:\\\/\\\/www.malinashop.lt\\\/shop\\\/paese-diamond-mono-akiu-seselis\\\/\"]}]},{\"@type\":\"ImageObject\",\"inLanguage\":\"en-GB\",\"@id\":\"https:\\\/\\\/www.malinashop.lt\\\/shop\\\/paese-diamond-mono-akiu-seselis\\\/#primaryimage\",\"url\":\"https:\\\/\\\/www.malinashop.lt\\\/wp-content\\\/uploads\\\/2025\\\/11\\\/Diamond-Mono-9-scaled-1.jpg\",\"contentUrl\":\"https:\\\/\\\/www.malinashop.lt\\\/wp-content\\\/uploads\\\/2025\\\/11\\\/Diamond-Mono-9-scaled-1.jpg\",\"width\":2048,\"height\":2342},{\"@type\":\"BreadcrumbList\",\"@id\":\"https:\\\/\\\/www.malinashop.lt\\\/shop\\\/paese-diamond-mono-akiu-seselis\\\/#breadcrumb\",\"itemListElement\":[{\"@type\":\"ListItem\",\"position\":1,\"name\":\"Pagrindinis\",\"item\":\"https:\\\/\\\/www.malinashop.lt\\\/\"},{\"@type\":\"ListItem\",\"position\":2,\"name\":\"Parduotuv\u0117\",\"item\":\"https:\\\/\\\/www.malinashop.lt\\\/en\\\/parduotuve\\\/\"},{\"@type\":\"ListItem\",\"position\":3,\"name\":\"PAESE DIAMOND MONO aki\u0173 \u0161e\u0161\u0117lis\"}]},{\"@type\":\"WebSite\",\"@id\":\"https:\\\/\\\/www.malinashop.lt\\\/#website\",\"url\":\"https:\\\/\\\/www.malinashop.lt\\\/\",\"name\":\"COM Group Ecommerce\",\"description\":\"MalinaShop.lt - Gro\u017eio ir sveikatos produktai i\u0161 patikim\u0173 preki\u0173 \u017eenkl\u0173. Atraskite auk\u0161tos kokyb\u0117s kosmetik\u0105 u\u017e puiki\u0105 kain\u0105.\",\"publisher\":{\"@id\":\"https:\\\/\\\/www.malinashop.lt\\\/#organization\"},\"potentialAction\":[{\"@type\":\"SearchAction\",\"target\":{\"@type\":\"EntryPoint\",\"urlTemplate\":\"https:\\\/\\\/www.malinashop.lt\\\/?s={search_term_string}\"},\"query-input\":{\"@type\":\"PropertyValueSpecification\",\"valueRequired\":true,\"valueName\":\"search_term_string\"}}],\"inLanguage\":\"en-GB\"},{\"@type\":\"Organization\",\"@id\":\"https:\\\/\\\/www.malinashop.lt\\\/#organization\",\"name\":\"COM Group Ecommerce\",\"url\":\"https:\\\/\\\/www.malinashop.lt\\\/\",\"logo\":{\"@type\":\"ImageObject\",\"inLanguage\":\"en-GB\",\"@id\":\"https:\\\/\\\/www.malinashop.lt\\\/#\\\/schema\\\/logo\\\/image\\\/\",\"url\":\"https:\\\/\\\/www.malinashop.lt\\\/wp-content\\\/uploads\\\/2024\\\/08\\\/462559670_3787732518133670_9795632669273463_n-e1731525914575.png\",\"contentUrl\":\"https:\\\/\\\/www.malinashop.lt\\\/wp-content\\\/uploads\\\/2024\\\/08\\\/462559670_3787732518133670_9795632669273463_n-e1731525914575.png\",\"width\":180,\"height\":60,\"caption\":\"COM Group Ecommerce\"},\"image\":{\"@id\":\"https:\\\/\\\/www.malinashop.lt\\\/#\\\/schema\\\/logo\\\/image\\\/\"}}]}<\/script>\n<!-- \/ Yoast SEO plugin. -->","yoast_head_json":{"title":"PAESE DIAMOND MONO aki\u0173 \u0161e\u0161\u0117lis - MalinaShop.lt J\u016bs\u0173 sveikatai ir gro\u017eiui.","description":"PAESE Diamond Mono \u2013 \u0161ilkin\u0117s tekst\u016bros, intensyviai pigmentuoti aki\u0173 \u0161e\u0161\u0117liai su universaliu \u0161ampano atspalviu. Tinka kaip highlighteris.","robots":{"index":"index","follow":"follow","max-snippet":"max-snippet:-1","max-image-preview":"max-image-preview:large","max-video-preview":"max-video-preview:-1"},"canonical":"https:\/\/www.malinashop.lt\/en\/shop\/paese-diamond-mono-akiu-seselis\/","og_locale":"en_GB","og_type":"article","og_title":"PAESE DIAMOND MONO aki\u0173 \u0161e\u0161\u0117lis - MalinaShop.lt J\u016bs\u0173 sveikatai ir gro\u017eiui.","og_description":"PAESE Diamond Mono \u2013 \u0161ilkin\u0117s tekst\u016bros, intensyviai pigmentuoti aki\u0173 \u0161e\u0161\u0117liai su universaliu \u0161ampano atspalviu. Tinka kaip highlighteris.","og_url":"https:\/\/www.malinashop.lt\/en\/shop\/paese-diamond-mono-akiu-seselis\/","og_site_name":"MalinaShop.lt J\u016bs\u0173 sveikatai ir gro\u017eiui.","article_modified_time":"2026-02-10T09:48:24+00:00","og_image":[{"width":2048,"height":2342,"url":"https:\/\/www.malinashop.lt\/wp-content\/uploads\/2025\/11\/Diamond-Mono-9-scaled-1.jpg","type":"image\/jpeg"}],"twitter_card":"summary_large_image","schema":{"@context":"https:\/\/schema.org","@graph":[{"@type":"WebPage","@id":"https:\/\/www.malinashop.lt\/shop\/paese-diamond-mono-akiu-seselis\/","url":"https:\/\/www.malinashop.lt\/shop\/paese-diamond-mono-akiu-seselis\/","name":"PAESE DIAMOND MONO aki\u0173 \u0161e\u0161\u0117lis - MalinaShop.lt J\u016bs\u0173 sveikatai ir gro\u017eiui.","isPartOf":{"@id":"https:\/\/www.malinashop.lt\/#website"},"primaryImageOfPage":{"@id":"https:\/\/www.malinashop.lt\/shop\/paese-diamond-mono-akiu-seselis\/#primaryimage"},"image":{"@id":"https:\/\/www.malinashop.lt\/shop\/paese-diamond-mono-akiu-seselis\/#primaryimage"},"thumbnailUrl":"https:\/\/www.malinashop.lt\/wp-content\/uploads\/2025\/11\/Diamond-Mono-9-scaled-1.jpg","datePublished":"2025-11-24T14:59:10+00:00","dateModified":"2026-02-10T09:48:24+00:00","description":"PAESE Diamond Mono \u2013 \u0161ilkin\u0117s tekst\u016bros, intensyviai pigmentuoti aki\u0173 \u0161e\u0161\u0117liai su universaliu \u0161ampano atspalviu. Tinka kaip highlighteris.","breadcrumb":{"@id":"https:\/\/www.malinashop.lt\/shop\/paese-diamond-mono-akiu-seselis\/#breadcrumb"},"inLanguage":"en-GB","potentialAction":[{"@type":"ReadAction","target":["https:\/\/www.malinashop.lt\/shop\/paese-diamond-mono-akiu-seselis\/"]}]},{"@type":"ImageObject","inLanguage":"en-GB","@id":"https:\/\/www.malinashop.lt\/shop\/paese-diamond-mono-akiu-seselis\/#primaryimage","url":"https:\/\/www.malinashop.lt\/wp-content\/uploads\/2025\/11\/Diamond-Mono-9-scaled-1.jpg","contentUrl":"https:\/\/www.malinashop.lt\/wp-content\/uploads\/2025\/11\/Diamond-Mono-9-scaled-1.jpg","width":2048,"height":2342},{"@type":"BreadcrumbList","@id":"https:\/\/www.malinashop.lt\/shop\/paese-diamond-mono-akiu-seselis\/#breadcrumb","itemListElement":[{"@type":"ListItem","position":1,"name":"Pagrindinis","item":"https:\/\/www.malinashop.lt\/"},{"@type":"ListItem","position":2,"name":"Parduotuv\u0117","item":"https:\/\/www.malinashop.lt\/en\/parduotuve\/"},{"@type":"ListItem","position":3,"name":"PAESE DIAMOND MONO aki\u0173 \u0161e\u0161\u0117lis"}]},{"@type":"WebSite","@id":"https:\/\/www.malinashop.lt\/#website","url":"https:\/\/www.malinashop.lt\/","name":"COM Group Ecommerce","description":"MalinaShop.lt - Gro\u017eio ir sveikatos produktai i\u0161 patikim\u0173 preki\u0173 \u017eenkl\u0173. Atraskite auk\u0161tos kokyb\u0117s kosmetik\u0105 u\u017e puiki\u0105 kain\u0105.","publisher":{"@id":"https:\/\/www.malinashop.lt\/#organization"},"potentialAction":[{"@type":"SearchAction","target":{"@type":"EntryPoint","urlTemplate":"https:\/\/www.malinashop.lt\/?s={search_term_string}"},"query-input":{"@type":"PropertyValueSpecification","valueRequired":true,"valueName":"search_term_string"}}],"inLanguage":"en-GB"},{"@type":"Organization","@id":"https:\/\/www.malinashop.lt\/#organization","name":"COM Group Ecommerce","url":"https:\/\/www.malinashop.lt\/","logo":{"@type":"ImageObject","inLanguage":"en-GB","@id":"https:\/\/www.malinashop.lt\/#\/schema\/logo\/image\/","url":"https:\/\/www.malinashop.lt\/wp-content\/uploads\/2024\/08\/462559670_3787732518133670_9795632669273463_n-e1731525914575.png","contentUrl":"https:\/\/www.malinashop.lt\/wp-content\/uploads\/2024\/08\/462559670_3787732518133670_9795632669273463_n-e1731525914575.png","width":180,"height":60,"caption":"COM Group Ecommerce"},"image":{"@id":"https:\/\/www.malinashop.lt\/#\/schema\/logo\/image\/"}}]}},"jetpack_sharing_enabled":true,"_links":{"self":[{"href":"https:\/\/www.malinashop.lt\/en\/wp-json\/wp\/v2\/product\/63411","targetHints":{"allow":["GET"]}}],"collection":[{"href":"https:\/\/www.malinashop.lt\/en\/wp-json\/wp\/v2\/product"}],"about":[{"href":"https:\/\/www.malinashop.lt\/en\/wp-json\/wp\/v2\/types\/product"}],"version-history":[{"count":2,"href":"https:\/\/www.malinashop.lt\/en\/wp-json\/wp\/v2\/product\/63411\/revisions"}],"predecessor-version":[{"id":72126,"href":"https:\/\/www.malinashop.lt\/en\/wp-json\/wp\/v2\/product\/63411\/revisions\/72126"}],"wp:featuredmedia":[{"embeddable":true,"href":"https:\/\/www.malinashop.lt\/en\/wp-json\/wp\/v2\/media\/63413"}],"wp:attachment":[{"href":"https:\/\/www.malinashop.lt\/en\/wp-json\/wp\/v2\/media?parent=63411"}],"wp:term":[{"taxonomy":"product_brand","embeddable":true,"href":"https:\/\/www.malinashop.lt\/en\/wp-json\/wp\/v2\/product_brand?post=63411"},{"taxonomy":"product_cat","embeddable":true,"href":"https:\/\/www.malinashop.lt\/en\/wp-json\/wp\/v2\/product_cat?post=63411"},{"taxonomy":"product_tag","embeddable":true,"href":"https:\/\/www.malinashop.lt\/en\/wp-json\/wp\/v2\/product_tag?post=63411"}],"curies":[{"name":"wp","href":"https:\/\/api.w.org\/{rel}","templated":true}]}}