{"id":63408,"date":"2025-11-24T17:59:10","date_gmt":"2025-11-24T14:59:10","guid":{"rendered":"https:\/\/malinashop.lt\/?post_type=product&#038;p=63408"},"modified":"2026-02-10T12:48:23","modified_gmt":"2026-02-10T09:48:23","slug":"paese-browstory-antakiu-muiliukas","status":"publish","type":"product","link":"https:\/\/www.malinashop.lt\/en\/shop\/paese-browstory-antakiu-muiliukas\/","title":{"rendered":"PAESE BROWSTORY antaki\u0173 muiliukas"},"content":{"rendered":"<p data-start=\"156\" data-end=\"436\">PAESE <strong data-start=\"162\" data-end=\"193\">BROWSTORY antaki\u0173 muiliukas<\/strong> \u2013 tai inovatyvi antaki\u0173 formavimo priemon\u0117, leid\u017eianti lengvai sukurti tvarkingus, pakeltus ir vizualiai ve\u0161lesnius antakius. Priemon\u0117 padeda i\u0161gauti nat\u016bral\u0173, bet ai\u0161kiai suformuot\u0105 rezultat\u0105, kuris i\u0161lieka vis\u0105 dien\u0105 be papildomo pataisymo.<\/p>\n<p data-start=\"438\" data-end=\"680\">D\u0117l <strong data-start=\"442\" data-end=\"466\">permatomos tekst\u016bros<\/strong> antaki\u0173 muiliukas puikiai tinka vis\u0173 atspalvi\u0173 antakiams ir nepalieka balt\u0173 liku\u010di\u0173. Antakiai i\u0161lieka savo vietoje, atrodo tvarkingi, bet neapsunkinti. Idealiai tinka tiek kasdieniam, tiek profesionaliam makia\u017eui.<\/p>\n<p data-start=\"682\" data-end=\"788\">Lengvai naudojama formul\u0117 leid\u017eia greitai suformuoti norim\u0105 antaki\u0173 form\u0105 ir i\u0161ry\u0161kinti j\u0173 nat\u016bral\u0173 gro\u017e\u012f.<\/p>\n<p data-start=\"790\" data-end=\"818\"><strong data-start=\"790\" data-end=\"818\">Pagrindiniai privalumai:<\/strong><\/p>\n<ul data-start=\"819\" data-end=\"1018\">\n<li data-start=\"819\" data-end=\"866\">\n<p data-start=\"821\" data-end=\"866\">Suteikia antakiams form\u0105 ir vizual\u0173 ve\u0161lum\u0105<\/p>\n<\/li>\n<li data-start=\"867\" data-end=\"899\">\n<p data-start=\"869\" data-end=\"899\">Ilgai i\u0161liekantis fiksavimas<\/p>\n<\/li>\n<li data-start=\"900\" data-end=\"941\">\n<p data-start=\"902\" data-end=\"941\">Permatoma spalva \u2013 nat\u016braliam efektui<\/p>\n<\/li>\n<li data-start=\"942\" data-end=\"981\">\n<p data-start=\"944\" data-end=\"981\">Tinka vis\u0173 spalv\u0173 ir tip\u0173 antakiams<\/p>\n<\/li>\n<li data-start=\"982\" data-end=\"1018\">\n<p data-start=\"984\" data-end=\"1018\">Neapsunkina ir nepalieka liku\u010di\u0173<\/p>\n<\/li>\n<\/ul>\n<p data-start=\"1020\" data-end=\"1189\"><strong data-start=\"1020\" data-end=\"1035\">Naudojimas:<\/strong><br data-start=\"1035\" data-end=\"1038\" \/>Antaki\u0173 formavimo teptuk\u0105 perbraukite per produkto pavir\u0161i\u0173. \u0160velniai \u0161ukuodami formuokite norim\u0105 antaki\u0173 form\u0105, kol pasieksite pageidaujam\u0105 rezultat\u0105.<\/p>\n","protected":false},"excerpt":{"rendered":"<p data-start=\"1231\" data-end=\"1356\">Ilgai i\u0161liekantis, permatomas antaki\u0173 muiliukas, padedantis suformuoti tvarkingus ir vizualiai ve\u0161lius antakius visai dienai.<\/p>\n","protected":false},"featured_media":63410,"template":"","meta":[],"product_brand":[1534],"product_cat":[1297,102],"product_tag":[1614],"class_list":{"0":"post-63408","1":"product","2":"type-product","3":"status-publish","4":"has-post-thumbnail","6":"product_brand-paese","7":"product_cat-antakiams","8":"product_cat-dekoratyvine-kosmetika","9":"product_tag-paese","11":"first","12":"instock","13":"purchasable","14":"product-type-simple"},"yoast_head":"<!-- This site is optimized with the Yoast SEO plugin v27.4 - https:\/\/yoast.com\/product\/yoast-seo-wordpress\/ -->\n<title>PAESE BROWSTORY antaki\u0173 muiliukas - MalinaShop.lt J\u016bs\u0173 sveikatai ir gro\u017eiui.<\/title>\n<meta name=\"description\" content=\"PAESE BROWSTORY antaki\u0173 muiliukas \u2013 ilgai i\u0161liekanti, permatoma priemon\u0117 nat\u016braliai suformuoti ir fiksuoti antakius visai dienai.\" \/>\n<meta name=\"robots\" content=\"index, follow, max-snippet:-1, max-image-preview:large, max-video-preview:-1\" \/>\n<link rel=\"canonical\" href=\"https:\/\/www.malinashop.lt\/en\/shop\/paese-browstory-antakiu-muiliukas\/\" \/>\n<meta property=\"og:locale\" content=\"en_GB\" \/>\n<meta property=\"og:type\" content=\"article\" \/>\n<meta property=\"og:title\" content=\"PAESE BROWSTORY antaki\u0173 muiliukas - MalinaShop.lt J\u016bs\u0173 sveikatai ir gro\u017eiui.\" \/>\n<meta property=\"og:description\" content=\"PAESE BROWSTORY antaki\u0173 muiliukas \u2013 ilgai i\u0161liekanti, permatoma priemon\u0117 nat\u016braliai suformuoti ir fiksuoti antakius visai dienai.\" \/>\n<meta property=\"og:url\" content=\"https:\/\/www.malinashop.lt\/en\/shop\/paese-browstory-antakiu-muiliukas\/\" \/>\n<meta property=\"og:site_name\" content=\"MalinaShop.lt J\u016bs\u0173 sveikatai ir gro\u017eiui.\" \/>\n<meta property=\"article:modified_time\" content=\"2026-02-10T09:48:23+00:00\" \/>\n<meta property=\"og:image\" content=\"https:\/\/www.malinashop.lt\/wp-content\/uploads\/2025\/11\/Brow-Soap-Open-1.jpg\" \/>\n\t<meta property=\"og:image:width\" content=\"1080\" \/>\n\t<meta property=\"og:image:height\" content=\"1080\" \/>\n\t<meta property=\"og:image:type\" content=\"image\/jpeg\" \/>\n<meta name=\"twitter:card\" content=\"summary_large_image\" \/>\n<script type=\"application\/ld+json\" class=\"yoast-schema-graph\">{\"@context\":\"https:\\\/\\\/schema.org\",\"@graph\":[{\"@type\":\"WebPage\",\"@id\":\"https:\\\/\\\/www.malinashop.lt\\\/en\\\/shop\\\/paese-browstory-antakiu-muiliukas\\\/\",\"url\":\"https:\\\/\\\/www.malinashop.lt\\\/en\\\/shop\\\/paese-browstory-antakiu-muiliukas\\\/\",\"name\":\"PAESE BROWSTORY antaki\u0173 muiliukas - MalinaShop.lt J\u016bs\u0173 sveikatai ir gro\u017eiui.\",\"isPartOf\":{\"@id\":\"https:\\\/\\\/www.malinashop.lt\\\/en\\\/#website\"},\"primaryImageOfPage\":{\"@id\":\"https:\\\/\\\/www.malinashop.lt\\\/en\\\/shop\\\/paese-browstory-antakiu-muiliukas\\\/#primaryimage\"},\"image\":{\"@id\":\"https:\\\/\\\/www.malinashop.lt\\\/en\\\/shop\\\/paese-browstory-antakiu-muiliukas\\\/#primaryimage\"},\"thumbnailUrl\":\"https:\\\/\\\/www.malinashop.lt\\\/wp-content\\\/uploads\\\/2025\\\/11\\\/Brow-Soap-Open-1.jpg\",\"datePublished\":\"2025-11-24T14:59:10+00:00\",\"dateModified\":\"2026-02-10T09:48:23+00:00\",\"description\":\"PAESE BROWSTORY antaki\u0173 muiliukas \u2013 ilgai i\u0161liekanti, permatoma priemon\u0117 nat\u016braliai suformuoti ir fiksuoti antakius visai dienai.\",\"breadcrumb\":{\"@id\":\"https:\\\/\\\/www.malinashop.lt\\\/en\\\/shop\\\/paese-browstory-antakiu-muiliukas\\\/#breadcrumb\"},\"inLanguage\":\"en-GB\",\"potentialAction\":[{\"@type\":\"ReadAction\",\"target\":[\"https:\\\/\\\/www.malinashop.lt\\\/en\\\/shop\\\/paese-browstory-antakiu-muiliukas\\\/\"]}]},{\"@type\":\"ImageObject\",\"inLanguage\":\"en-GB\",\"@id\":\"https:\\\/\\\/www.malinashop.lt\\\/en\\\/shop\\\/paese-browstory-antakiu-muiliukas\\\/#primaryimage\",\"url\":\"https:\\\/\\\/www.malinashop.lt\\\/wp-content\\\/uploads\\\/2025\\\/11\\\/Brow-Soap-Open-1.jpg\",\"contentUrl\":\"https:\\\/\\\/www.malinashop.lt\\\/wp-content\\\/uploads\\\/2025\\\/11\\\/Brow-Soap-Open-1.jpg\",\"width\":1080,\"height\":1080},{\"@type\":\"BreadcrumbList\",\"@id\":\"https:\\\/\\\/www.malinashop.lt\\\/en\\\/shop\\\/paese-browstory-antakiu-muiliukas\\\/#breadcrumb\",\"itemListElement\":[{\"@type\":\"ListItem\",\"position\":1,\"name\":\"Home\",\"item\":\"https:\\\/\\\/www.malinashop.lt\\\/en\\\/\"},{\"@type\":\"ListItem\",\"position\":2,\"name\":\"Parduotuv\u0117\",\"item\":\"https:\\\/\\\/www.malinashop.lt\\\/en\\\/parduotuve\\\/\"},{\"@type\":\"ListItem\",\"position\":3,\"name\":\"PAESE BROWSTORY antaki\u0173 muiliukas\"}]},{\"@type\":\"WebSite\",\"@id\":\"https:\\\/\\\/www.malinashop.lt\\\/en\\\/#website\",\"url\":\"https:\\\/\\\/www.malinashop.lt\\\/en\\\/\",\"name\":\"COM Group Ecommerce\",\"description\":\"MalinaShop.lt - Gro\u017eio ir sveikatos produktai i\u0161 patikim\u0173 preki\u0173 \u017eenkl\u0173. Atraskite auk\u0161tos kokyb\u0117s kosmetik\u0105 u\u017e puiki\u0105 kain\u0105.\",\"publisher\":{\"@id\":\"https:\\\/\\\/www.malinashop.lt\\\/en\\\/#organization\"},\"potentialAction\":[{\"@type\":\"SearchAction\",\"target\":{\"@type\":\"EntryPoint\",\"urlTemplate\":\"https:\\\/\\\/www.malinashop.lt\\\/en\\\/?s={search_term_string}\"},\"query-input\":{\"@type\":\"PropertyValueSpecification\",\"valueRequired\":true,\"valueName\":\"search_term_string\"}}],\"inLanguage\":\"en-GB\"},{\"@type\":\"Organization\",\"@id\":\"https:\\\/\\\/www.malinashop.lt\\\/en\\\/#organization\",\"name\":\"COM Group Ecommerce\",\"url\":\"https:\\\/\\\/www.malinashop.lt\\\/en\\\/\",\"logo\":{\"@type\":\"ImageObject\",\"inLanguage\":\"en-GB\",\"@id\":\"https:\\\/\\\/www.malinashop.lt\\\/en\\\/#\\\/schema\\\/logo\\\/image\\\/\",\"url\":\"https:\\\/\\\/www.malinashop.lt\\\/wp-content\\\/uploads\\\/2024\\\/08\\\/462559670_3787732518133670_9795632669273463_n-e1731525914575.png\",\"contentUrl\":\"https:\\\/\\\/www.malinashop.lt\\\/wp-content\\\/uploads\\\/2024\\\/08\\\/462559670_3787732518133670_9795632669273463_n-e1731525914575.png\",\"width\":180,\"height\":60,\"caption\":\"COM Group Ecommerce\"},\"image\":{\"@id\":\"https:\\\/\\\/www.malinashop.lt\\\/en\\\/#\\\/schema\\\/logo\\\/image\\\/\"}}]}<\/script>\n<!-- \/ Yoast SEO plugin. -->","yoast_head_json":{"title":"PAESE BROWSTORY antaki\u0173 muiliukas - MalinaShop.lt J\u016bs\u0173 sveikatai ir gro\u017eiui.","description":"PAESE BROWSTORY antaki\u0173 muiliukas \u2013 ilgai i\u0161liekanti, permatoma priemon\u0117 nat\u016braliai suformuoti ir fiksuoti antakius visai dienai.","robots":{"index":"index","follow":"follow","max-snippet":"max-snippet:-1","max-image-preview":"max-image-preview:large","max-video-preview":"max-video-preview:-1"},"canonical":"https:\/\/www.malinashop.lt\/en\/shop\/paese-browstory-antakiu-muiliukas\/","og_locale":"en_GB","og_type":"article","og_title":"PAESE BROWSTORY antaki\u0173 muiliukas - MalinaShop.lt J\u016bs\u0173 sveikatai ir gro\u017eiui.","og_description":"PAESE BROWSTORY antaki\u0173 muiliukas \u2013 ilgai i\u0161liekanti, permatoma priemon\u0117 nat\u016braliai suformuoti ir fiksuoti antakius visai dienai.","og_url":"https:\/\/www.malinashop.lt\/en\/shop\/paese-browstory-antakiu-muiliukas\/","og_site_name":"MalinaShop.lt J\u016bs\u0173 sveikatai ir gro\u017eiui.","article_modified_time":"2026-02-10T09:48:23+00:00","og_image":[{"width":1080,"height":1080,"url":"https:\/\/www.malinashop.lt\/wp-content\/uploads\/2025\/11\/Brow-Soap-Open-1.jpg","type":"image\/jpeg"}],"twitter_card":"summary_large_image","schema":{"@context":"https:\/\/schema.org","@graph":[{"@type":"WebPage","@id":"https:\/\/www.malinashop.lt\/en\/shop\/paese-browstory-antakiu-muiliukas\/","url":"https:\/\/www.malinashop.lt\/en\/shop\/paese-browstory-antakiu-muiliukas\/","name":"PAESE BROWSTORY antaki\u0173 muiliukas - MalinaShop.lt J\u016bs\u0173 sveikatai ir gro\u017eiui.","isPartOf":{"@id":"https:\/\/www.malinashop.lt\/en\/#website"},"primaryImageOfPage":{"@id":"https:\/\/www.malinashop.lt\/en\/shop\/paese-browstory-antakiu-muiliukas\/#primaryimage"},"image":{"@id":"https:\/\/www.malinashop.lt\/en\/shop\/paese-browstory-antakiu-muiliukas\/#primaryimage"},"thumbnailUrl":"https:\/\/www.malinashop.lt\/wp-content\/uploads\/2025\/11\/Brow-Soap-Open-1.jpg","datePublished":"2025-11-24T14:59:10+00:00","dateModified":"2026-02-10T09:48:23+00:00","description":"PAESE BROWSTORY antaki\u0173 muiliukas \u2013 ilgai i\u0161liekanti, permatoma priemon\u0117 nat\u016braliai suformuoti ir fiksuoti antakius visai dienai.","breadcrumb":{"@id":"https:\/\/www.malinashop.lt\/en\/shop\/paese-browstory-antakiu-muiliukas\/#breadcrumb"},"inLanguage":"en-GB","potentialAction":[{"@type":"ReadAction","target":["https:\/\/www.malinashop.lt\/en\/shop\/paese-browstory-antakiu-muiliukas\/"]}]},{"@type":"ImageObject","inLanguage":"en-GB","@id":"https:\/\/www.malinashop.lt\/en\/shop\/paese-browstory-antakiu-muiliukas\/#primaryimage","url":"https:\/\/www.malinashop.lt\/wp-content\/uploads\/2025\/11\/Brow-Soap-Open-1.jpg","contentUrl":"https:\/\/www.malinashop.lt\/wp-content\/uploads\/2025\/11\/Brow-Soap-Open-1.jpg","width":1080,"height":1080},{"@type":"BreadcrumbList","@id":"https:\/\/www.malinashop.lt\/en\/shop\/paese-browstory-antakiu-muiliukas\/#breadcrumb","itemListElement":[{"@type":"ListItem","position":1,"name":"Home","item":"https:\/\/www.malinashop.lt\/en\/"},{"@type":"ListItem","position":2,"name":"Parduotuv\u0117","item":"https:\/\/www.malinashop.lt\/en\/parduotuve\/"},{"@type":"ListItem","position":3,"name":"PAESE BROWSTORY antaki\u0173 muiliukas"}]},{"@type":"WebSite","@id":"https:\/\/www.malinashop.lt\/en\/#website","url":"https:\/\/www.malinashop.lt\/en\/","name":"COM Group Ecommerce","description":"MalinaShop.lt - Gro\u017eio ir sveikatos produktai i\u0161 patikim\u0173 preki\u0173 \u017eenkl\u0173. Atraskite auk\u0161tos kokyb\u0117s kosmetik\u0105 u\u017e puiki\u0105 kain\u0105.","publisher":{"@id":"https:\/\/www.malinashop.lt\/en\/#organization"},"potentialAction":[{"@type":"SearchAction","target":{"@type":"EntryPoint","urlTemplate":"https:\/\/www.malinashop.lt\/en\/?s={search_term_string}"},"query-input":{"@type":"PropertyValueSpecification","valueRequired":true,"valueName":"search_term_string"}}],"inLanguage":"en-GB"},{"@type":"Organization","@id":"https:\/\/www.malinashop.lt\/en\/#organization","name":"COM Group Ecommerce","url":"https:\/\/www.malinashop.lt\/en\/","logo":{"@type":"ImageObject","inLanguage":"en-GB","@id":"https:\/\/www.malinashop.lt\/en\/#\/schema\/logo\/image\/","url":"https:\/\/www.malinashop.lt\/wp-content\/uploads\/2024\/08\/462559670_3787732518133670_9795632669273463_n-e1731525914575.png","contentUrl":"https:\/\/www.malinashop.lt\/wp-content\/uploads\/2024\/08\/462559670_3787732518133670_9795632669273463_n-e1731525914575.png","width":180,"height":60,"caption":"COM Group Ecommerce"},"image":{"@id":"https:\/\/www.malinashop.lt\/en\/#\/schema\/logo\/image\/"}}]}},"jetpack_sharing_enabled":true,"_links":{"self":[{"href":"https:\/\/www.malinashop.lt\/en\/wp-json\/wp\/v2\/product\/63408","targetHints":{"allow":["GET"]}}],"collection":[{"href":"https:\/\/www.malinashop.lt\/en\/wp-json\/wp\/v2\/product"}],"about":[{"href":"https:\/\/www.malinashop.lt\/en\/wp-json\/wp\/v2\/types\/product"}],"version-history":[{"count":2,"href":"https:\/\/www.malinashop.lt\/en\/wp-json\/wp\/v2\/product\/63408\/revisions"}],"predecessor-version":[{"id":72272,"href":"https:\/\/www.malinashop.lt\/en\/wp-json\/wp\/v2\/product\/63408\/revisions\/72272"}],"wp:featuredmedia":[{"embeddable":true,"href":"https:\/\/www.malinashop.lt\/en\/wp-json\/wp\/v2\/media\/63410"}],"wp:attachment":[{"href":"https:\/\/www.malinashop.lt\/en\/wp-json\/wp\/v2\/media?parent=63408"}],"wp:term":[{"taxonomy":"product_brand","embeddable":true,"href":"https:\/\/www.malinashop.lt\/en\/wp-json\/wp\/v2\/product_brand?post=63408"},{"taxonomy":"product_cat","embeddable":true,"href":"https:\/\/www.malinashop.lt\/en\/wp-json\/wp\/v2\/product_cat?post=63408"},{"taxonomy":"product_tag","embeddable":true,"href":"https:\/\/www.malinashop.lt\/en\/wp-json\/wp\/v2\/product_tag?post=63408"}],"curies":[{"name":"wp","href":"https:\/\/api.w.org\/{rel}","templated":true}]}}