{"id":63358,"date":"2025-11-24T17:59:10","date_gmt":"2025-11-24T14:59:10","guid":{"rendered":"https:\/\/malinashop.lt\/?post_type=product&#038;p=63358"},"modified":"2026-02-10T12:35:04","modified_gmt":"2026-02-10T09:35:04","slug":"milanobrush-gorgeous-hair-amethyst-dark-plauku-sepetys","status":"publish","type":"product","link":"https:\/\/www.malinashop.lt\/en\/shop\/milanobrush-gorgeous-hair-amethyst-dark-plauku-sepetys\/","title":{"rendered":"MILANOBRUSH GORGEOUS HAIR AMETHYST DARK plauk\u0173 \u0161epetys"},"content":{"rendered":"<p data-start=\"70\" data-end=\"356\"><strong data-start=\"70\" data-end=\"113\">MILANOBRUSH GORGEOUS HAIR AMETHYST DARK<\/strong> \u2013 tai profesionalus plauk\u0173 \u0161epetys, sukurtas kasdienei plauk\u0173 prie\u017ei\u016brai ir nepriekai\u0161tingam rezultatui namuose. \u0160is \u0161epetys padeda lengvai, greitai ir be skausmo i\u0161narplioti net labiausiai susiv\u0117lusius plaukus, j\u0173 nepa\u017eeid\u017eiant ir nelau\u017eant.<\/p>\n<p data-start=\"358\" data-end=\"644\">Special\u016bs mink\u0161ti nailoniniai \u0161ereliai su apvaliomis galvut\u0117mis \u0161velniai masa\u017euoja galvos od\u0105, skatina kraujo cirkuliacij\u0105 ir padeda palaikyti sveik\u0105 plauk\u0173 augim\u0105. \u0160epetys puikiai tinka tiek plauk\u0173 d\u017eiovinimui, tiek tiesinimui, tod\u0117l yra universalus pasirinkimas kasdieniam naudojimui.<\/p>\n<p data-start=\"646\" data-end=\"879\">D\u0117l ergonomi\u0161kos, lengvos ir neslystan\u010dios rankenos \u0161ukuoti plaukus tampa itin patogu, o rezultatas \u2013 glotn\u016bs, \u0161veln\u016bs ir sveikai atrodantys plaukai. Tinka vis\u0173 tip\u0173, ilgi\u0173 ir tekst\u016br\u0173 plaukams, \u012fskaitant priauginamas plauk\u0173 sruogas.<\/p>\n<p data-start=\"881\" data-end=\"909\"><strong data-start=\"881\" data-end=\"909\">Pagrindiniai privalumai:<\/strong><\/p>\n<ul data-start=\"910\" data-end=\"1266\">\n<li data-start=\"910\" data-end=\"986\">\n<p data-start=\"912\" data-end=\"986\">Mink\u0161ti ir lankst\u016bs \u0161ereliai su apvaliomis galvut\u0117mis nepa\u017eeid\u017eia plauk\u0173<\/p>\n<\/li>\n<li data-start=\"987\" data-end=\"1045\">\n<p data-start=\"989\" data-end=\"1045\">Lengvai ir be skausmo i\u0161narplioja susiv\u0117lusius plaukus<\/p>\n<\/li>\n<li data-start=\"1046\" data-end=\"1085\">\n<p data-start=\"1048\" data-end=\"1085\">Tinka \u0161lapiems ir sausiems plaukams<\/p>\n<\/li>\n<li data-start=\"1086\" data-end=\"1137\">\n<p data-start=\"1088\" data-end=\"1137\">Idealiai tinka plauk\u0173 d\u017eiovinimui ir tiesinimui<\/p>\n<\/li>\n<li data-start=\"1138\" data-end=\"1202\">\n<p data-start=\"1140\" data-end=\"1202\">Suteikia plaukams glotnumo, \u0161velnumo ir nat\u016bralaus \u017evilgesio<\/p>\n<\/li>\n<li data-start=\"1203\" data-end=\"1266\">\n<p data-start=\"1205\" data-end=\"1266\">Patogi, lengva ir neslystanti rankena kasdieniam naudojimui<\/p>\n<\/li>\n<\/ul>\n<p data-start=\"1268\" data-end=\"1358\"><strong data-start=\"1268\" data-end=\"1293\">Produkto informacija:<\/strong><br data-start=\"1293\" data-end=\"1296\" \/>Mink\u0161ti ir lankst\u016bs \u0161ereliai, lengvasvor\u0117 ergonomi\u0161ka rankena.<\/p>\n","protected":false},"excerpt":{"rendered":"<div id=\"product-description-short\" class=\"product-description-short\">\n<p data-start=\"1401\" data-end=\"1624\"><strong data-start=\"1401\" data-end=\"1444\">MILANOBRUSH GORGEOUS HAIR AMETHYST DARK<\/strong> \u2013 universalus plauk\u0173 \u0161epetys, skirtas \u0161lapiems ir sausiems plaukams. \u0160velniai i\u0161narplioja, masa\u017euoja galvos od\u0105 ir padeda sukurti glotnias, sveikai atrodan\u010dias \u0161ukuosenas kasdien.<\/p>\n<\/div>\n","protected":false},"featured_media":63360,"template":"","meta":[],"product_brand":[1541],"product_cat":[767],"product_tag":[1612],"class_list":{"0":"post-63358","1":"product","2":"type-product","3":"status-publish","4":"has-post-thumbnail","6":"product_brand-milano-brush","7":"product_cat-plauku-sukos","8":"product_tag-milanobrush","10":"first","11":"instock","12":"purchasable","13":"product-type-simple"},"yoast_head":"<!-- This site is optimized with the Yoast SEO plugin v27.4 - https:\/\/yoast.com\/product\/yoast-seo-wordpress\/ -->\n<title>MILANOBRUSH GORGEOUS HAIR AMETHYST DARK plauk\u0173 \u0161epetys - MalinaShop.lt J\u016bs\u0173 sveikatai ir gro\u017eiui.<\/title>\n<meta name=\"description\" content=\"MILANOBRUSH GORGEOUS HAIR AMETHYST DARK plauk\u0173 \u0161epetys \u2013 \u0161velnus, patogus ir efektyvus. Tinka \u0161lapiems ir sausiems plaukams, d\u017eiovinimui ir tiesinimui.\" \/>\n<meta name=\"robots\" content=\"index, follow, max-snippet:-1, max-image-preview:large, max-video-preview:-1\" \/>\n<link rel=\"canonical\" href=\"https:\/\/www.malinashop.lt\/en\/shop\/milanobrush-gorgeous-hair-amethyst-dark-plauku-sepetys\/\" \/>\n<meta property=\"og:locale\" content=\"en_GB\" \/>\n<meta property=\"og:type\" content=\"article\" \/>\n<meta property=\"og:title\" content=\"MILANOBRUSH GORGEOUS HAIR AMETHYST DARK plauk\u0173 \u0161epetys - MalinaShop.lt J\u016bs\u0173 sveikatai ir gro\u017eiui.\" \/>\n<meta property=\"og:description\" content=\"MILANOBRUSH GORGEOUS HAIR AMETHYST DARK plauk\u0173 \u0161epetys \u2013 \u0161velnus, patogus ir efektyvus. Tinka \u0161lapiems ir sausiems plaukams, d\u017eiovinimui ir tiesinimui.\" \/>\n<meta property=\"og:url\" content=\"https:\/\/www.malinashop.lt\/en\/shop\/milanobrush-gorgeous-hair-amethyst-dark-plauku-sepetys\/\" \/>\n<meta property=\"og:site_name\" content=\"MalinaShop.lt J\u016bs\u0173 sveikatai ir gro\u017eiui.\" \/>\n<meta property=\"article:modified_time\" content=\"2026-02-10T09:35:04+00:00\" \/>\n<meta property=\"og:image\" content=\"https:\/\/www.malinashop.lt\/wp-content\/uploads\/2025\/11\/milanobrush-gorgeous-hair-plauku-sepetys-amethyst-dark.jpg\" \/>\n\t<meta property=\"og:image:width\" content=\"600\" \/>\n\t<meta property=\"og:image:height\" content=\"600\" \/>\n\t<meta property=\"og:image:type\" content=\"image\/jpeg\" \/>\n<meta name=\"twitter:card\" content=\"summary_large_image\" \/>\n<script type=\"application\/ld+json\" class=\"yoast-schema-graph\">{\"@context\":\"https:\\\/\\\/schema.org\",\"@graph\":[{\"@type\":\"WebPage\",\"@id\":\"https:\\\/\\\/www.malinashop.lt\\\/shop\\\/milanobrush-gorgeous-hair-amethyst-dark-plauku-sepetys\\\/\",\"url\":\"https:\\\/\\\/www.malinashop.lt\\\/shop\\\/milanobrush-gorgeous-hair-amethyst-dark-plauku-sepetys\\\/\",\"name\":\"MILANOBRUSH GORGEOUS HAIR AMETHYST DARK plauk\u0173 \u0161epetys - MalinaShop.lt J\u016bs\u0173 sveikatai ir gro\u017eiui.\",\"isPartOf\":{\"@id\":\"https:\\\/\\\/www.malinashop.lt\\\/#website\"},\"primaryImageOfPage\":{\"@id\":\"https:\\\/\\\/www.malinashop.lt\\\/shop\\\/milanobrush-gorgeous-hair-amethyst-dark-plauku-sepetys\\\/#primaryimage\"},\"image\":{\"@id\":\"https:\\\/\\\/www.malinashop.lt\\\/shop\\\/milanobrush-gorgeous-hair-amethyst-dark-plauku-sepetys\\\/#primaryimage\"},\"thumbnailUrl\":\"https:\\\/\\\/www.malinashop.lt\\\/wp-content\\\/uploads\\\/2025\\\/11\\\/milanobrush-gorgeous-hair-plauku-sepetys-amethyst-dark.jpg\",\"datePublished\":\"2025-11-24T14:59:10+00:00\",\"dateModified\":\"2026-02-10T09:35:04+00:00\",\"description\":\"MILANOBRUSH GORGEOUS HAIR AMETHYST DARK plauk\u0173 \u0161epetys \u2013 \u0161velnus, patogus ir efektyvus. Tinka \u0161lapiems ir sausiems plaukams, d\u017eiovinimui ir tiesinimui.\",\"breadcrumb\":{\"@id\":\"https:\\\/\\\/www.malinashop.lt\\\/shop\\\/milanobrush-gorgeous-hair-amethyst-dark-plauku-sepetys\\\/#breadcrumb\"},\"inLanguage\":\"en-GB\",\"potentialAction\":[{\"@type\":\"ReadAction\",\"target\":[\"https:\\\/\\\/www.malinashop.lt\\\/shop\\\/milanobrush-gorgeous-hair-amethyst-dark-plauku-sepetys\\\/\"]}]},{\"@type\":\"ImageObject\",\"inLanguage\":\"en-GB\",\"@id\":\"https:\\\/\\\/www.malinashop.lt\\\/shop\\\/milanobrush-gorgeous-hair-amethyst-dark-plauku-sepetys\\\/#primaryimage\",\"url\":\"https:\\\/\\\/www.malinashop.lt\\\/wp-content\\\/uploads\\\/2025\\\/11\\\/milanobrush-gorgeous-hair-plauku-sepetys-amethyst-dark.jpg\",\"contentUrl\":\"https:\\\/\\\/www.malinashop.lt\\\/wp-content\\\/uploads\\\/2025\\\/11\\\/milanobrush-gorgeous-hair-plauku-sepetys-amethyst-dark.jpg\",\"width\":600,\"height\":600},{\"@type\":\"BreadcrumbList\",\"@id\":\"https:\\\/\\\/www.malinashop.lt\\\/shop\\\/milanobrush-gorgeous-hair-amethyst-dark-plauku-sepetys\\\/#breadcrumb\",\"itemListElement\":[{\"@type\":\"ListItem\",\"position\":1,\"name\":\"Pagrindinis\",\"item\":\"https:\\\/\\\/www.malinashop.lt\\\/\"},{\"@type\":\"ListItem\",\"position\":2,\"name\":\"Parduotuv\u0117\",\"item\":\"https:\\\/\\\/www.malinashop.lt\\\/en\\\/parduotuve\\\/\"},{\"@type\":\"ListItem\",\"position\":3,\"name\":\"MILANOBRUSH GORGEOUS HAIR AMETHYST DARK plauk\u0173 \u0161epetys\"}]},{\"@type\":\"WebSite\",\"@id\":\"https:\\\/\\\/www.malinashop.lt\\\/#website\",\"url\":\"https:\\\/\\\/www.malinashop.lt\\\/\",\"name\":\"COM Group Ecommerce\",\"description\":\"MalinaShop.lt - Gro\u017eio ir sveikatos produktai i\u0161 patikim\u0173 preki\u0173 \u017eenkl\u0173. Atraskite auk\u0161tos kokyb\u0117s kosmetik\u0105 u\u017e puiki\u0105 kain\u0105.\",\"publisher\":{\"@id\":\"https:\\\/\\\/www.malinashop.lt\\\/#organization\"},\"potentialAction\":[{\"@type\":\"SearchAction\",\"target\":{\"@type\":\"EntryPoint\",\"urlTemplate\":\"https:\\\/\\\/www.malinashop.lt\\\/?s={search_term_string}\"},\"query-input\":{\"@type\":\"PropertyValueSpecification\",\"valueRequired\":true,\"valueName\":\"search_term_string\"}}],\"inLanguage\":\"en-GB\"},{\"@type\":\"Organization\",\"@id\":\"https:\\\/\\\/www.malinashop.lt\\\/#organization\",\"name\":\"COM Group Ecommerce\",\"url\":\"https:\\\/\\\/www.malinashop.lt\\\/\",\"logo\":{\"@type\":\"ImageObject\",\"inLanguage\":\"en-GB\",\"@id\":\"https:\\\/\\\/www.malinashop.lt\\\/#\\\/schema\\\/logo\\\/image\\\/\",\"url\":\"https:\\\/\\\/www.malinashop.lt\\\/wp-content\\\/uploads\\\/2024\\\/08\\\/462559670_3787732518133670_9795632669273463_n-e1731525914575.png\",\"contentUrl\":\"https:\\\/\\\/www.malinashop.lt\\\/wp-content\\\/uploads\\\/2024\\\/08\\\/462559670_3787732518133670_9795632669273463_n-e1731525914575.png\",\"width\":180,\"height\":60,\"caption\":\"COM Group Ecommerce\"},\"image\":{\"@id\":\"https:\\\/\\\/www.malinashop.lt\\\/#\\\/schema\\\/logo\\\/image\\\/\"}}]}<\/script>\n<!-- \/ Yoast SEO plugin. -->","yoast_head_json":{"title":"MILANOBRUSH GORGEOUS HAIR AMETHYST DARK plauk\u0173 \u0161epetys - MalinaShop.lt J\u016bs\u0173 sveikatai ir gro\u017eiui.","description":"MILANOBRUSH GORGEOUS HAIR AMETHYST DARK plauk\u0173 \u0161epetys \u2013 \u0161velnus, patogus ir efektyvus. Tinka \u0161lapiems ir sausiems plaukams, d\u017eiovinimui ir tiesinimui.","robots":{"index":"index","follow":"follow","max-snippet":"max-snippet:-1","max-image-preview":"max-image-preview:large","max-video-preview":"max-video-preview:-1"},"canonical":"https:\/\/www.malinashop.lt\/en\/shop\/milanobrush-gorgeous-hair-amethyst-dark-plauku-sepetys\/","og_locale":"en_GB","og_type":"article","og_title":"MILANOBRUSH GORGEOUS HAIR AMETHYST DARK plauk\u0173 \u0161epetys - MalinaShop.lt J\u016bs\u0173 sveikatai ir gro\u017eiui.","og_description":"MILANOBRUSH GORGEOUS HAIR AMETHYST DARK plauk\u0173 \u0161epetys \u2013 \u0161velnus, patogus ir efektyvus. Tinka \u0161lapiems ir sausiems plaukams, d\u017eiovinimui ir tiesinimui.","og_url":"https:\/\/www.malinashop.lt\/en\/shop\/milanobrush-gorgeous-hair-amethyst-dark-plauku-sepetys\/","og_site_name":"MalinaShop.lt J\u016bs\u0173 sveikatai ir gro\u017eiui.","article_modified_time":"2026-02-10T09:35:04+00:00","og_image":[{"width":600,"height":600,"url":"https:\/\/www.malinashop.lt\/wp-content\/uploads\/2025\/11\/milanobrush-gorgeous-hair-plauku-sepetys-amethyst-dark.jpg","type":"image\/jpeg"}],"twitter_card":"summary_large_image","schema":{"@context":"https:\/\/schema.org","@graph":[{"@type":"WebPage","@id":"https:\/\/www.malinashop.lt\/shop\/milanobrush-gorgeous-hair-amethyst-dark-plauku-sepetys\/","url":"https:\/\/www.malinashop.lt\/shop\/milanobrush-gorgeous-hair-amethyst-dark-plauku-sepetys\/","name":"MILANOBRUSH GORGEOUS HAIR AMETHYST DARK plauk\u0173 \u0161epetys - MalinaShop.lt J\u016bs\u0173 sveikatai ir gro\u017eiui.","isPartOf":{"@id":"https:\/\/www.malinashop.lt\/#website"},"primaryImageOfPage":{"@id":"https:\/\/www.malinashop.lt\/shop\/milanobrush-gorgeous-hair-amethyst-dark-plauku-sepetys\/#primaryimage"},"image":{"@id":"https:\/\/www.malinashop.lt\/shop\/milanobrush-gorgeous-hair-amethyst-dark-plauku-sepetys\/#primaryimage"},"thumbnailUrl":"https:\/\/www.malinashop.lt\/wp-content\/uploads\/2025\/11\/milanobrush-gorgeous-hair-plauku-sepetys-amethyst-dark.jpg","datePublished":"2025-11-24T14:59:10+00:00","dateModified":"2026-02-10T09:35:04+00:00","description":"MILANOBRUSH GORGEOUS HAIR AMETHYST DARK plauk\u0173 \u0161epetys \u2013 \u0161velnus, patogus ir efektyvus. Tinka \u0161lapiems ir sausiems plaukams, d\u017eiovinimui ir tiesinimui.","breadcrumb":{"@id":"https:\/\/www.malinashop.lt\/shop\/milanobrush-gorgeous-hair-amethyst-dark-plauku-sepetys\/#breadcrumb"},"inLanguage":"en-GB","potentialAction":[{"@type":"ReadAction","target":["https:\/\/www.malinashop.lt\/shop\/milanobrush-gorgeous-hair-amethyst-dark-plauku-sepetys\/"]}]},{"@type":"ImageObject","inLanguage":"en-GB","@id":"https:\/\/www.malinashop.lt\/shop\/milanobrush-gorgeous-hair-amethyst-dark-plauku-sepetys\/#primaryimage","url":"https:\/\/www.malinashop.lt\/wp-content\/uploads\/2025\/11\/milanobrush-gorgeous-hair-plauku-sepetys-amethyst-dark.jpg","contentUrl":"https:\/\/www.malinashop.lt\/wp-content\/uploads\/2025\/11\/milanobrush-gorgeous-hair-plauku-sepetys-amethyst-dark.jpg","width":600,"height":600},{"@type":"BreadcrumbList","@id":"https:\/\/www.malinashop.lt\/shop\/milanobrush-gorgeous-hair-amethyst-dark-plauku-sepetys\/#breadcrumb","itemListElement":[{"@type":"ListItem","position":1,"name":"Pagrindinis","item":"https:\/\/www.malinashop.lt\/"},{"@type":"ListItem","position":2,"name":"Parduotuv\u0117","item":"https:\/\/www.malinashop.lt\/en\/parduotuve\/"},{"@type":"ListItem","position":3,"name":"MILANOBRUSH GORGEOUS HAIR AMETHYST DARK plauk\u0173 \u0161epetys"}]},{"@type":"WebSite","@id":"https:\/\/www.malinashop.lt\/#website","url":"https:\/\/www.malinashop.lt\/","name":"COM Group Ecommerce","description":"MalinaShop.lt - Gro\u017eio ir sveikatos produktai i\u0161 patikim\u0173 preki\u0173 \u017eenkl\u0173. Atraskite auk\u0161tos kokyb\u0117s kosmetik\u0105 u\u017e puiki\u0105 kain\u0105.","publisher":{"@id":"https:\/\/www.malinashop.lt\/#organization"},"potentialAction":[{"@type":"SearchAction","target":{"@type":"EntryPoint","urlTemplate":"https:\/\/www.malinashop.lt\/?s={search_term_string}"},"query-input":{"@type":"PropertyValueSpecification","valueRequired":true,"valueName":"search_term_string"}}],"inLanguage":"en-GB"},{"@type":"Organization","@id":"https:\/\/www.malinashop.lt\/#organization","name":"COM Group Ecommerce","url":"https:\/\/www.malinashop.lt\/","logo":{"@type":"ImageObject","inLanguage":"en-GB","@id":"https:\/\/www.malinashop.lt\/#\/schema\/logo\/image\/","url":"https:\/\/www.malinashop.lt\/wp-content\/uploads\/2024\/08\/462559670_3787732518133670_9795632669273463_n-e1731525914575.png","contentUrl":"https:\/\/www.malinashop.lt\/wp-content\/uploads\/2024\/08\/462559670_3787732518133670_9795632669273463_n-e1731525914575.png","width":180,"height":60,"caption":"COM Group Ecommerce"},"image":{"@id":"https:\/\/www.malinashop.lt\/#\/schema\/logo\/image\/"}}]}},"jetpack_sharing_enabled":true,"_links":{"self":[{"href":"https:\/\/www.malinashop.lt\/en\/wp-json\/wp\/v2\/product\/63358","targetHints":{"allow":["GET"]}}],"collection":[{"href":"https:\/\/www.malinashop.lt\/en\/wp-json\/wp\/v2\/product"}],"about":[{"href":"https:\/\/www.malinashop.lt\/en\/wp-json\/wp\/v2\/types\/product"}],"version-history":[{"count":2,"href":"https:\/\/www.malinashop.lt\/en\/wp-json\/wp\/v2\/product\/63358\/revisions"}],"predecessor-version":[{"id":73156,"href":"https:\/\/www.malinashop.lt\/en\/wp-json\/wp\/v2\/product\/63358\/revisions\/73156"}],"wp:featuredmedia":[{"embeddable":true,"href":"https:\/\/www.malinashop.lt\/en\/wp-json\/wp\/v2\/media\/63360"}],"wp:attachment":[{"href":"https:\/\/www.malinashop.lt\/en\/wp-json\/wp\/v2\/media?parent=63358"}],"wp:term":[{"taxonomy":"product_brand","embeddable":true,"href":"https:\/\/www.malinashop.lt\/en\/wp-json\/wp\/v2\/product_brand?post=63358"},{"taxonomy":"product_cat","embeddable":true,"href":"https:\/\/www.malinashop.lt\/en\/wp-json\/wp\/v2\/product_cat?post=63358"},{"taxonomy":"product_tag","embeddable":true,"href":"https:\/\/www.malinashop.lt\/en\/wp-json\/wp\/v2\/product_tag?post=63358"}],"curies":[{"name":"wp","href":"https:\/\/api.w.org\/{rel}","templated":true}]}}