{"id":62767,"date":"2025-11-24T17:52:22","date_gmt":"2025-11-24T14:52:22","guid":{"rendered":"https:\/\/malinashop.lt\/?post_type=product&#038;p=62767"},"modified":"2026-02-10T12:35:06","modified_gmt":"2026-02-10T09:35:06","slug":"milanobrush-perfect-blowout-plauku-sepetys","status":"publish","type":"product","link":"https:\/\/www.malinashop.lt\/en\/shop\/milanobrush-perfect-blowout-plauku-sepetys\/","title":{"rendered":"MILANOBRUSH PERFECT BLOWOUT plauk\u0173 \u0161epetys"},"content":{"rendered":"<p data-start=\"128\" data-end=\"426\"><strong data-start=\"128\" data-end=\"159\">MILANOBRUSH PERFECT BLOWOUT<\/strong> \u2013 tai profesionalus plauk\u0173 \u0161epetys, sukurtas tam, kad kasdien gal\u0117tum\u0117te d\u017eiaugtis nepriekai\u0161tingu \u201eblowout\u201c efektu namuose. D\u0117l dideli\u0173 ventiliacini\u0173 ang\u0173 \u0161epetys u\u017etikrina greitesn\u012f plauk\u0173 d\u017eiovinim\u0105, efektyv\u0173 oro paskirstym\u0105 ir ma\u017eesn\u012f kar\u0161\u010dio poveik\u012f plaukams.<\/p>\n<p data-start=\"428\" data-end=\"749\">Lankst\u016bs nailoniniai \u0161ereliai su apvaliomis galvut\u0117mis \u0161velniai slysta per plaukus, padeda lengvai i\u0161narplioti net susiv\u0117lusias sruogas ir saugo nuo l\u016b\u017ein\u0117jimo. Ergonomi\u0161ka, \u0161iek tiek i\u0161lenkta forma prisitaiko prie galvos kont\u016br\u0173, suteikia daugiau komforto ir leid\u017eia formuoti glotnius, tiesius bei \u017evilgan\u010dius plaukus.<\/p>\n<p data-start=\"751\" data-end=\"924\">\u0160is plauk\u0173 d\u017eiovinimo \u0161epetys tinka vis\u0173 tip\u0173 ir ilgi\u0173 plaukams, tod\u0117l yra puikus pasirinkimas kasdieniam naudojimui siekiant profesionalaus rezultato be papildom\u0173 pastang\u0173.<\/p>\n","protected":false},"excerpt":{"rendered":"<p data-start=\"968\" data-end=\"1119\">Profesionalus plauk\u0173 \u0161epetys su ventiliacin\u0117mis angomis, kuris pagreitina d\u017eiovinim\u0105, lygina plaukus ir padeda sukurti glotn\u0173 \u201eblowout\u201c efekt\u0105 kasdien.<\/p>\n","protected":false},"featured_media":62769,"template":"","meta":[],"product_brand":[1541],"product_cat":[767],"product_tag":[1612],"class_list":{"0":"post-62767","1":"product","2":"type-product","3":"status-publish","4":"has-post-thumbnail","6":"product_brand-milano-brush","7":"product_cat-plauku-sukos","8":"product_tag-milanobrush","10":"first","11":"instock","12":"purchasable","13":"product-type-simple"},"yoast_head":"<!-- This site is optimized with the Yoast SEO plugin v27.4 - https:\/\/yoast.com\/product\/yoast-seo-wordpress\/ -->\n<title>MILANOBRUSH PERFECT BLOWOUT plauk\u0173 \u0161epetys - MalinaShop.lt J\u016bs\u0173 sveikatai ir gro\u017eiui.<\/title>\n<meta name=\"description\" content=\"MILANOBRUSH PERFECT BLOWOUT \u2013 profesionalus plauk\u0173 \u0161epetys greitam d\u017eiovinimui, glotniems ir tiesiems plaukams. Tinka vis\u0173 tip\u0173 plaukams.\" \/>\n<meta name=\"robots\" content=\"index, follow, max-snippet:-1, max-image-preview:large, max-video-preview:-1\" \/>\n<link rel=\"canonical\" href=\"https:\/\/www.malinashop.lt\/en\/shop\/milanobrush-perfect-blowout-plauku-sepetys\/\" \/>\n<meta property=\"og:locale\" content=\"en_GB\" \/>\n<meta property=\"og:type\" content=\"article\" \/>\n<meta property=\"og:title\" content=\"MILANOBRUSH PERFECT BLOWOUT plauk\u0173 \u0161epetys - MalinaShop.lt J\u016bs\u0173 sveikatai ir gro\u017eiui.\" \/>\n<meta property=\"og:description\" content=\"MILANOBRUSH PERFECT BLOWOUT \u2013 profesionalus plauk\u0173 \u0161epetys greitam d\u017eiovinimui, glotniems ir tiesiems plaukams. Tinka vis\u0173 tip\u0173 plaukams.\" \/>\n<meta property=\"og:url\" content=\"https:\/\/www.malinashop.lt\/en\/shop\/milanobrush-perfect-blowout-plauku-sepetys\/\" \/>\n<meta property=\"og:site_name\" content=\"MalinaShop.lt J\u016bs\u0173 sveikatai ir gro\u017eiui.\" \/>\n<meta property=\"article:modified_time\" content=\"2026-02-10T09:35:06+00:00\" \/>\n<meta property=\"og:image\" content=\"https:\/\/www.malinashop.lt\/wp-content\/uploads\/2025\/11\/milanobrush-perfect-blowout-plauku-sepetys.png\" \/>\n\t<meta property=\"og:image:width\" content=\"300\" \/>\n\t<meta property=\"og:image:height\" content=\"300\" \/>\n\t<meta property=\"og:image:type\" content=\"image\/png\" \/>\n<meta name=\"twitter:card\" content=\"summary_large_image\" \/>\n<script type=\"application\/ld+json\" class=\"yoast-schema-graph\">{\"@context\":\"https:\\\/\\\/schema.org\",\"@graph\":[{\"@type\":\"WebPage\",\"@id\":\"https:\\\/\\\/www.malinashop.lt\\\/en\\\/shop\\\/milanobrush-perfect-blowout-plauku-sepetys\\\/\",\"url\":\"https:\\\/\\\/www.malinashop.lt\\\/en\\\/shop\\\/milanobrush-perfect-blowout-plauku-sepetys\\\/\",\"name\":\"MILANOBRUSH PERFECT BLOWOUT plauk\u0173 \u0161epetys - MalinaShop.lt J\u016bs\u0173 sveikatai ir gro\u017eiui.\",\"isPartOf\":{\"@id\":\"https:\\\/\\\/www.malinashop.lt\\\/en\\\/#website\"},\"primaryImageOfPage\":{\"@id\":\"https:\\\/\\\/www.malinashop.lt\\\/en\\\/shop\\\/milanobrush-perfect-blowout-plauku-sepetys\\\/#primaryimage\"},\"image\":{\"@id\":\"https:\\\/\\\/www.malinashop.lt\\\/en\\\/shop\\\/milanobrush-perfect-blowout-plauku-sepetys\\\/#primaryimage\"},\"thumbnailUrl\":\"https:\\\/\\\/www.malinashop.lt\\\/wp-content\\\/uploads\\\/2025\\\/11\\\/milanobrush-perfect-blowout-plauku-sepetys.png\",\"datePublished\":\"2025-11-24T14:52:22+00:00\",\"dateModified\":\"2026-02-10T09:35:06+00:00\",\"description\":\"MILANOBRUSH PERFECT BLOWOUT \u2013 profesionalus plauk\u0173 \u0161epetys greitam d\u017eiovinimui, glotniems ir tiesiems plaukams. Tinka vis\u0173 tip\u0173 plaukams.\",\"breadcrumb\":{\"@id\":\"https:\\\/\\\/www.malinashop.lt\\\/en\\\/shop\\\/milanobrush-perfect-blowout-plauku-sepetys\\\/#breadcrumb\"},\"inLanguage\":\"en-GB\",\"potentialAction\":[{\"@type\":\"ReadAction\",\"target\":[\"https:\\\/\\\/www.malinashop.lt\\\/en\\\/shop\\\/milanobrush-perfect-blowout-plauku-sepetys\\\/\"]}]},{\"@type\":\"ImageObject\",\"inLanguage\":\"en-GB\",\"@id\":\"https:\\\/\\\/www.malinashop.lt\\\/en\\\/shop\\\/milanobrush-perfect-blowout-plauku-sepetys\\\/#primaryimage\",\"url\":\"https:\\\/\\\/www.malinashop.lt\\\/wp-content\\\/uploads\\\/2025\\\/11\\\/milanobrush-perfect-blowout-plauku-sepetys.png\",\"contentUrl\":\"https:\\\/\\\/www.malinashop.lt\\\/wp-content\\\/uploads\\\/2025\\\/11\\\/milanobrush-perfect-blowout-plauku-sepetys.png\",\"width\":300,\"height\":300},{\"@type\":\"BreadcrumbList\",\"@id\":\"https:\\\/\\\/www.malinashop.lt\\\/en\\\/shop\\\/milanobrush-perfect-blowout-plauku-sepetys\\\/#breadcrumb\",\"itemListElement\":[{\"@type\":\"ListItem\",\"position\":1,\"name\":\"Home\",\"item\":\"https:\\\/\\\/www.malinashop.lt\\\/en\\\/\"},{\"@type\":\"ListItem\",\"position\":2,\"name\":\"Parduotuv\u0117\",\"item\":\"https:\\\/\\\/www.malinashop.lt\\\/en\\\/parduotuve\\\/\"},{\"@type\":\"ListItem\",\"position\":3,\"name\":\"MILANOBRUSH PERFECT BLOWOUT plauk\u0173 \u0161epetys\"}]},{\"@type\":\"WebSite\",\"@id\":\"https:\\\/\\\/www.malinashop.lt\\\/en\\\/#website\",\"url\":\"https:\\\/\\\/www.malinashop.lt\\\/en\\\/\",\"name\":\"COM Group Ecommerce\",\"description\":\"MalinaShop.lt - Gro\u017eio ir sveikatos produktai i\u0161 patikim\u0173 preki\u0173 \u017eenkl\u0173. Atraskite auk\u0161tos kokyb\u0117s kosmetik\u0105 u\u017e puiki\u0105 kain\u0105.\",\"publisher\":{\"@id\":\"https:\\\/\\\/www.malinashop.lt\\\/en\\\/#organization\"},\"potentialAction\":[{\"@type\":\"SearchAction\",\"target\":{\"@type\":\"EntryPoint\",\"urlTemplate\":\"https:\\\/\\\/www.malinashop.lt\\\/en\\\/?s={search_term_string}\"},\"query-input\":{\"@type\":\"PropertyValueSpecification\",\"valueRequired\":true,\"valueName\":\"search_term_string\"}}],\"inLanguage\":\"en-GB\"},{\"@type\":\"Organization\",\"@id\":\"https:\\\/\\\/www.malinashop.lt\\\/en\\\/#organization\",\"name\":\"COM Group Ecommerce\",\"url\":\"https:\\\/\\\/www.malinashop.lt\\\/en\\\/\",\"logo\":{\"@type\":\"ImageObject\",\"inLanguage\":\"en-GB\",\"@id\":\"https:\\\/\\\/www.malinashop.lt\\\/en\\\/#\\\/schema\\\/logo\\\/image\\\/\",\"url\":\"https:\\\/\\\/www.malinashop.lt\\\/wp-content\\\/uploads\\\/2024\\\/08\\\/462559670_3787732518133670_9795632669273463_n-e1731525914575.png\",\"contentUrl\":\"https:\\\/\\\/www.malinashop.lt\\\/wp-content\\\/uploads\\\/2024\\\/08\\\/462559670_3787732518133670_9795632669273463_n-e1731525914575.png\",\"width\":180,\"height\":60,\"caption\":\"COM Group Ecommerce\"},\"image\":{\"@id\":\"https:\\\/\\\/www.malinashop.lt\\\/en\\\/#\\\/schema\\\/logo\\\/image\\\/\"}}]}<\/script>\n<!-- \/ Yoast SEO plugin. -->","yoast_head_json":{"title":"MILANOBRUSH PERFECT BLOWOUT plauk\u0173 \u0161epetys - MalinaShop.lt J\u016bs\u0173 sveikatai ir gro\u017eiui.","description":"MILANOBRUSH PERFECT BLOWOUT \u2013 profesionalus plauk\u0173 \u0161epetys greitam d\u017eiovinimui, glotniems ir tiesiems plaukams. Tinka vis\u0173 tip\u0173 plaukams.","robots":{"index":"index","follow":"follow","max-snippet":"max-snippet:-1","max-image-preview":"max-image-preview:large","max-video-preview":"max-video-preview:-1"},"canonical":"https:\/\/www.malinashop.lt\/en\/shop\/milanobrush-perfect-blowout-plauku-sepetys\/","og_locale":"en_GB","og_type":"article","og_title":"MILANOBRUSH PERFECT BLOWOUT plauk\u0173 \u0161epetys - MalinaShop.lt J\u016bs\u0173 sveikatai ir gro\u017eiui.","og_description":"MILANOBRUSH PERFECT BLOWOUT \u2013 profesionalus plauk\u0173 \u0161epetys greitam d\u017eiovinimui, glotniems ir tiesiems plaukams. Tinka vis\u0173 tip\u0173 plaukams.","og_url":"https:\/\/www.malinashop.lt\/en\/shop\/milanobrush-perfect-blowout-plauku-sepetys\/","og_site_name":"MalinaShop.lt J\u016bs\u0173 sveikatai ir gro\u017eiui.","article_modified_time":"2026-02-10T09:35:06+00:00","og_image":[{"width":300,"height":300,"url":"https:\/\/www.malinashop.lt\/wp-content\/uploads\/2025\/11\/milanobrush-perfect-blowout-plauku-sepetys.png","type":"image\/png"}],"twitter_card":"summary_large_image","schema":{"@context":"https:\/\/schema.org","@graph":[{"@type":"WebPage","@id":"https:\/\/www.malinashop.lt\/en\/shop\/milanobrush-perfect-blowout-plauku-sepetys\/","url":"https:\/\/www.malinashop.lt\/en\/shop\/milanobrush-perfect-blowout-plauku-sepetys\/","name":"MILANOBRUSH PERFECT BLOWOUT plauk\u0173 \u0161epetys - MalinaShop.lt J\u016bs\u0173 sveikatai ir gro\u017eiui.","isPartOf":{"@id":"https:\/\/www.malinashop.lt\/en\/#website"},"primaryImageOfPage":{"@id":"https:\/\/www.malinashop.lt\/en\/shop\/milanobrush-perfect-blowout-plauku-sepetys\/#primaryimage"},"image":{"@id":"https:\/\/www.malinashop.lt\/en\/shop\/milanobrush-perfect-blowout-plauku-sepetys\/#primaryimage"},"thumbnailUrl":"https:\/\/www.malinashop.lt\/wp-content\/uploads\/2025\/11\/milanobrush-perfect-blowout-plauku-sepetys.png","datePublished":"2025-11-24T14:52:22+00:00","dateModified":"2026-02-10T09:35:06+00:00","description":"MILANOBRUSH PERFECT BLOWOUT \u2013 profesionalus plauk\u0173 \u0161epetys greitam d\u017eiovinimui, glotniems ir tiesiems plaukams. Tinka vis\u0173 tip\u0173 plaukams.","breadcrumb":{"@id":"https:\/\/www.malinashop.lt\/en\/shop\/milanobrush-perfect-blowout-plauku-sepetys\/#breadcrumb"},"inLanguage":"en-GB","potentialAction":[{"@type":"ReadAction","target":["https:\/\/www.malinashop.lt\/en\/shop\/milanobrush-perfect-blowout-plauku-sepetys\/"]}]},{"@type":"ImageObject","inLanguage":"en-GB","@id":"https:\/\/www.malinashop.lt\/en\/shop\/milanobrush-perfect-blowout-plauku-sepetys\/#primaryimage","url":"https:\/\/www.malinashop.lt\/wp-content\/uploads\/2025\/11\/milanobrush-perfect-blowout-plauku-sepetys.png","contentUrl":"https:\/\/www.malinashop.lt\/wp-content\/uploads\/2025\/11\/milanobrush-perfect-blowout-plauku-sepetys.png","width":300,"height":300},{"@type":"BreadcrumbList","@id":"https:\/\/www.malinashop.lt\/en\/shop\/milanobrush-perfect-blowout-plauku-sepetys\/#breadcrumb","itemListElement":[{"@type":"ListItem","position":1,"name":"Home","item":"https:\/\/www.malinashop.lt\/en\/"},{"@type":"ListItem","position":2,"name":"Parduotuv\u0117","item":"https:\/\/www.malinashop.lt\/en\/parduotuve\/"},{"@type":"ListItem","position":3,"name":"MILANOBRUSH PERFECT BLOWOUT plauk\u0173 \u0161epetys"}]},{"@type":"WebSite","@id":"https:\/\/www.malinashop.lt\/en\/#website","url":"https:\/\/www.malinashop.lt\/en\/","name":"COM Group Ecommerce","description":"MalinaShop.lt - Gro\u017eio ir sveikatos produktai i\u0161 patikim\u0173 preki\u0173 \u017eenkl\u0173. Atraskite auk\u0161tos kokyb\u0117s kosmetik\u0105 u\u017e puiki\u0105 kain\u0105.","publisher":{"@id":"https:\/\/www.malinashop.lt\/en\/#organization"},"potentialAction":[{"@type":"SearchAction","target":{"@type":"EntryPoint","urlTemplate":"https:\/\/www.malinashop.lt\/en\/?s={search_term_string}"},"query-input":{"@type":"PropertyValueSpecification","valueRequired":true,"valueName":"search_term_string"}}],"inLanguage":"en-GB"},{"@type":"Organization","@id":"https:\/\/www.malinashop.lt\/en\/#organization","name":"COM Group Ecommerce","url":"https:\/\/www.malinashop.lt\/en\/","logo":{"@type":"ImageObject","inLanguage":"en-GB","@id":"https:\/\/www.malinashop.lt\/en\/#\/schema\/logo\/image\/","url":"https:\/\/www.malinashop.lt\/wp-content\/uploads\/2024\/08\/462559670_3787732518133670_9795632669273463_n-e1731525914575.png","contentUrl":"https:\/\/www.malinashop.lt\/wp-content\/uploads\/2024\/08\/462559670_3787732518133670_9795632669273463_n-e1731525914575.png","width":180,"height":60,"caption":"COM Group Ecommerce"},"image":{"@id":"https:\/\/www.malinashop.lt\/en\/#\/schema\/logo\/image\/"}}]}},"jetpack_sharing_enabled":true,"_links":{"self":[{"href":"https:\/\/www.malinashop.lt\/en\/wp-json\/wp\/v2\/product\/62767","targetHints":{"allow":["GET"]}}],"collection":[{"href":"https:\/\/www.malinashop.lt\/en\/wp-json\/wp\/v2\/product"}],"about":[{"href":"https:\/\/www.malinashop.lt\/en\/wp-json\/wp\/v2\/types\/product"}],"version-history":[{"count":2,"href":"https:\/\/www.malinashop.lt\/en\/wp-json\/wp\/v2\/product\/62767\/revisions"}],"predecessor-version":[{"id":73149,"href":"https:\/\/www.malinashop.lt\/en\/wp-json\/wp\/v2\/product\/62767\/revisions\/73149"}],"wp:featuredmedia":[{"embeddable":true,"href":"https:\/\/www.malinashop.lt\/en\/wp-json\/wp\/v2\/media\/62769"}],"wp:attachment":[{"href":"https:\/\/www.malinashop.lt\/en\/wp-json\/wp\/v2\/media?parent=62767"}],"wp:term":[{"taxonomy":"product_brand","embeddable":true,"href":"https:\/\/www.malinashop.lt\/en\/wp-json\/wp\/v2\/product_brand?post=62767"},{"taxonomy":"product_cat","embeddable":true,"href":"https:\/\/www.malinashop.lt\/en\/wp-json\/wp\/v2\/product_cat?post=62767"},{"taxonomy":"product_tag","embeddable":true,"href":"https:\/\/www.malinashop.lt\/en\/wp-json\/wp\/v2\/product_tag?post=62767"}],"curies":[{"name":"wp","href":"https:\/\/api.w.org\/{rel}","templated":true}]}}