{"id":62761,"date":"2025-11-24T17:52:22","date_gmt":"2025-11-24T14:52:22","guid":{"rendered":"https:\/\/malinashop.lt\/?post_type=product&#038;p=62761"},"modified":"2026-02-10T12:35:06","modified_gmt":"2026-02-10T09:35:06","slug":"milanobrush-stacy-medinis-plauku-sepetys","status":"publish","type":"product","link":"https:\/\/www.malinashop.lt\/en\/shop\/milanobrush-stacy-medinis-plauku-sepetys\/","title":{"rendered":"MILANOBRUSH STACY medinis plauk\u0173 \u0161epetys"},"content":{"rendered":"<p data-start=\"70\" data-end=\"311\"><strong data-start=\"70\" data-end=\"114\">MILANOBRUSH medinis plauk\u0173 \u0161epetys STACY<\/strong> \u2013 tai stilingas ir funkcionalus pasirinkimas kasdienei plauk\u0173 prie\u017ei\u016brai. \u0160epetys sukurtas taip, kad \u0161ukavimas b\u016bt\u0173 lengvas, neskausmingas ir nekenkt\u0173 plaukams net esant dideliam j\u0173 susiv\u0117limui.<\/p>\n<p data-start=\"313\" data-end=\"582\">Ploni, ta\u010diau tvirti nailoniniai \u0161ereliai su apvaliomis galvut\u0117mis lengvai slysta per plaukus, j\u0173 nepe\u0161a ir nelau\u017eo. Lankst\u016bs \u0161ereliai \u0161velniai masa\u017euoja galvos od\u0105, gerina kraujo cirkuliacij\u0105 ir prisideda prie sveikesnio, stipresnio bei nat\u016braliai \u017evilgan\u010dio plauko.<\/p>\n<p data-start=\"584\" data-end=\"863\">Lenktas \u0161epe\u010dio dizainas idealiai prisitaiko prie galvos formos, o nat\u016bralaus med\u017eio pagrindas suteikia patogum\u0105 ir ilgaam\u017ei\u0161kum\u0105. <strong data-start=\"715\" data-end=\"724\">STACY<\/strong> \u0161epetys puikiai tinka tiek kasdieniam \u0161ukavimui, tiek plauk\u0173 d\u017eiovinimui ar tiesinimui \u2013 profesionalus rezultatas namuose kiekvien\u0105 dien\u0105.<\/p>\n","protected":false},"excerpt":{"rendered":"<p data-start=\"1564\" data-end=\"1770\">MILANOBRUSH medinis plauk\u0173 \u0161epetys STACY \u2013 \u0161velnus, plauk\u0173 nepe\u0161antis \u0161epetys su nailoniniais \u0161ereliais, masa\u017euojantis galvos od\u0105, ma\u017einantis plauk\u0173 l\u016b\u017ein\u0117jim\u0105 ir suteikiantis glotnumo kasdieniam \u0161ukavimui.<\/p>\n","protected":false},"featured_media":62763,"template":"","meta":[],"product_brand":[1541],"product_cat":[767],"product_tag":[1612],"class_list":{"0":"post-62761","1":"product","2":"type-product","3":"status-publish","4":"has-post-thumbnail","6":"product_brand-milano-brush","7":"product_cat-plauku-sukos","8":"product_tag-milanobrush","10":"first","11":"instock","12":"purchasable","13":"product-type-simple"},"yoast_head":"<!-- This site is optimized with the Yoast SEO plugin v27.4 - https:\/\/yoast.com\/product\/yoast-seo-wordpress\/ -->\n<title>MILANOBRUSH STACY medinis plauk\u0173 \u0161epetys - MalinaShop.lt J\u016bs\u0173 sveikatai ir gro\u017eiui.<\/title>\n<meta name=\"description\" content=\"MILANOBRUSH medinis plauk\u0173 \u0161epetys STACY \u2013 \u0161velnus \u0161ukavimas, masa\u017euojanti galvos od\u0105, tinka sausiems ir \u0161lapiems plaukams ir ma\u017eina v\u0117lim\u0105si.\" \/>\n<meta name=\"robots\" content=\"index, follow, max-snippet:-1, max-image-preview:large, max-video-preview:-1\" \/>\n<link rel=\"canonical\" href=\"https:\/\/www.malinashop.lt\/en\/shop\/milanobrush-stacy-medinis-plauku-sepetys\/\" \/>\n<meta property=\"og:locale\" content=\"en_GB\" \/>\n<meta property=\"og:type\" content=\"article\" \/>\n<meta property=\"og:title\" content=\"MILANOBRUSH STACY medinis plauk\u0173 \u0161epetys - MalinaShop.lt J\u016bs\u0173 sveikatai ir gro\u017eiui.\" \/>\n<meta property=\"og:description\" content=\"MILANOBRUSH medinis plauk\u0173 \u0161epetys STACY \u2013 \u0161velnus \u0161ukavimas, masa\u017euojanti galvos od\u0105, tinka sausiems ir \u0161lapiems plaukams ir ma\u017eina v\u0117lim\u0105si.\" \/>\n<meta property=\"og:url\" content=\"https:\/\/www.malinashop.lt\/en\/shop\/milanobrush-stacy-medinis-plauku-sepetys\/\" \/>\n<meta property=\"og:site_name\" content=\"MalinaShop.lt J\u016bs\u0173 sveikatai ir gro\u017eiui.\" \/>\n<meta property=\"article:modified_time\" content=\"2026-02-10T09:35:06+00:00\" \/>\n<meta property=\"og:image\" content=\"https:\/\/www.malinashop.lt\/wp-content\/uploads\/2025\/11\/milanobrush-stacy-medinis-plauku-sepetys.png\" \/>\n\t<meta property=\"og:image:width\" content=\"300\" \/>\n\t<meta property=\"og:image:height\" content=\"300\" \/>\n\t<meta property=\"og:image:type\" content=\"image\/png\" \/>\n<meta name=\"twitter:card\" content=\"summary_large_image\" \/>\n<script type=\"application\/ld+json\" class=\"yoast-schema-graph\">{\"@context\":\"https:\\\/\\\/schema.org\",\"@graph\":[{\"@type\":\"WebPage\",\"@id\":\"https:\\\/\\\/www.malinashop.lt\\\/lt_lt\\\/shop\\\/milanobrush-stacy-medinis-plauku-sepetys\\\/\",\"url\":\"https:\\\/\\\/www.malinashop.lt\\\/lt_lt\\\/shop\\\/milanobrush-stacy-medinis-plauku-sepetys\\\/\",\"name\":\"MILANOBRUSH STACY medinis plauk\u0173 \u0161epetys - MalinaShop.lt J\u016bs\u0173 sveikatai ir gro\u017eiui.\",\"isPartOf\":{\"@id\":\"https:\\\/\\\/www.malinashop.lt\\\/#website\"},\"primaryImageOfPage\":{\"@id\":\"https:\\\/\\\/www.malinashop.lt\\\/lt_lt\\\/shop\\\/milanobrush-stacy-medinis-plauku-sepetys\\\/#primaryimage\"},\"image\":{\"@id\":\"https:\\\/\\\/www.malinashop.lt\\\/lt_lt\\\/shop\\\/milanobrush-stacy-medinis-plauku-sepetys\\\/#primaryimage\"},\"thumbnailUrl\":\"https:\\\/\\\/www.malinashop.lt\\\/wp-content\\\/uploads\\\/2025\\\/11\\\/milanobrush-stacy-medinis-plauku-sepetys.png\",\"datePublished\":\"2025-11-24T14:52:22+00:00\",\"dateModified\":\"2026-02-10T09:35:06+00:00\",\"description\":\"MILANOBRUSH medinis plauk\u0173 \u0161epetys STACY \u2013 \u0161velnus \u0161ukavimas, masa\u017euojanti galvos od\u0105, tinka sausiems ir \u0161lapiems plaukams ir ma\u017eina v\u0117lim\u0105si.\",\"breadcrumb\":{\"@id\":\"https:\\\/\\\/www.malinashop.lt\\\/lt_lt\\\/shop\\\/milanobrush-stacy-medinis-plauku-sepetys\\\/#breadcrumb\"},\"inLanguage\":\"en-GB\",\"potentialAction\":[{\"@type\":\"ReadAction\",\"target\":[\"https:\\\/\\\/www.malinashop.lt\\\/lt_lt\\\/shop\\\/milanobrush-stacy-medinis-plauku-sepetys\\\/\"]}]},{\"@type\":\"ImageObject\",\"inLanguage\":\"en-GB\",\"@id\":\"https:\\\/\\\/www.malinashop.lt\\\/lt_lt\\\/shop\\\/milanobrush-stacy-medinis-plauku-sepetys\\\/#primaryimage\",\"url\":\"https:\\\/\\\/www.malinashop.lt\\\/wp-content\\\/uploads\\\/2025\\\/11\\\/milanobrush-stacy-medinis-plauku-sepetys.png\",\"contentUrl\":\"https:\\\/\\\/www.malinashop.lt\\\/wp-content\\\/uploads\\\/2025\\\/11\\\/milanobrush-stacy-medinis-plauku-sepetys.png\",\"width\":300,\"height\":300},{\"@type\":\"BreadcrumbList\",\"@id\":\"https:\\\/\\\/www.malinashop.lt\\\/lt_lt\\\/shop\\\/milanobrush-stacy-medinis-plauku-sepetys\\\/#breadcrumb\",\"itemListElement\":[{\"@type\":\"ListItem\",\"position\":1,\"name\":\"Pagrindinis\",\"item\":\"https:\\\/\\\/www.malinashop.lt\\\/\"},{\"@type\":\"ListItem\",\"position\":2,\"name\":\"Parduotuv\u0117\",\"item\":\"https:\\\/\\\/www.malinashop.lt\\\/en\\\/parduotuve\\\/\"},{\"@type\":\"ListItem\",\"position\":3,\"name\":\"MILANOBRUSH STACY medinis plauk\u0173 \u0161epetys\"}]},{\"@type\":\"WebSite\",\"@id\":\"https:\\\/\\\/www.malinashop.lt\\\/#website\",\"url\":\"https:\\\/\\\/www.malinashop.lt\\\/\",\"name\":\"COM Group Ecommerce\",\"description\":\"MalinaShop.lt - Gro\u017eio ir sveikatos produktai i\u0161 patikim\u0173 preki\u0173 \u017eenkl\u0173. Atraskite auk\u0161tos kokyb\u0117s kosmetik\u0105 u\u017e puiki\u0105 kain\u0105.\",\"publisher\":{\"@id\":\"https:\\\/\\\/www.malinashop.lt\\\/#organization\"},\"potentialAction\":[{\"@type\":\"SearchAction\",\"target\":{\"@type\":\"EntryPoint\",\"urlTemplate\":\"https:\\\/\\\/www.malinashop.lt\\\/?s={search_term_string}\"},\"query-input\":{\"@type\":\"PropertyValueSpecification\",\"valueRequired\":true,\"valueName\":\"search_term_string\"}}],\"inLanguage\":\"en-GB\"},{\"@type\":\"Organization\",\"@id\":\"https:\\\/\\\/www.malinashop.lt\\\/#organization\",\"name\":\"COM Group Ecommerce\",\"url\":\"https:\\\/\\\/www.malinashop.lt\\\/\",\"logo\":{\"@type\":\"ImageObject\",\"inLanguage\":\"en-GB\",\"@id\":\"https:\\\/\\\/www.malinashop.lt\\\/#\\\/schema\\\/logo\\\/image\\\/\",\"url\":\"https:\\\/\\\/www.malinashop.lt\\\/wp-content\\\/uploads\\\/2024\\\/08\\\/462559670_3787732518133670_9795632669273463_n-e1731525914575.png\",\"contentUrl\":\"https:\\\/\\\/www.malinashop.lt\\\/wp-content\\\/uploads\\\/2024\\\/08\\\/462559670_3787732518133670_9795632669273463_n-e1731525914575.png\",\"width\":180,\"height\":60,\"caption\":\"COM Group Ecommerce\"},\"image\":{\"@id\":\"https:\\\/\\\/www.malinashop.lt\\\/#\\\/schema\\\/logo\\\/image\\\/\"}}]}<\/script>\n<!-- \/ Yoast SEO plugin. -->","yoast_head_json":{"title":"MILANOBRUSH STACY medinis plauk\u0173 \u0161epetys - MalinaShop.lt J\u016bs\u0173 sveikatai ir gro\u017eiui.","description":"MILANOBRUSH medinis plauk\u0173 \u0161epetys STACY \u2013 \u0161velnus \u0161ukavimas, masa\u017euojanti galvos od\u0105, tinka sausiems ir \u0161lapiems plaukams ir ma\u017eina v\u0117lim\u0105si.","robots":{"index":"index","follow":"follow","max-snippet":"max-snippet:-1","max-image-preview":"max-image-preview:large","max-video-preview":"max-video-preview:-1"},"canonical":"https:\/\/www.malinashop.lt\/en\/shop\/milanobrush-stacy-medinis-plauku-sepetys\/","og_locale":"en_GB","og_type":"article","og_title":"MILANOBRUSH STACY medinis plauk\u0173 \u0161epetys - MalinaShop.lt J\u016bs\u0173 sveikatai ir gro\u017eiui.","og_description":"MILANOBRUSH medinis plauk\u0173 \u0161epetys STACY \u2013 \u0161velnus \u0161ukavimas, masa\u017euojanti galvos od\u0105, tinka sausiems ir \u0161lapiems plaukams ir ma\u017eina v\u0117lim\u0105si.","og_url":"https:\/\/www.malinashop.lt\/en\/shop\/milanobrush-stacy-medinis-plauku-sepetys\/","og_site_name":"MalinaShop.lt J\u016bs\u0173 sveikatai ir gro\u017eiui.","article_modified_time":"2026-02-10T09:35:06+00:00","og_image":[{"width":300,"height":300,"url":"https:\/\/www.malinashop.lt\/wp-content\/uploads\/2025\/11\/milanobrush-stacy-medinis-plauku-sepetys.png","type":"image\/png"}],"twitter_card":"summary_large_image","schema":{"@context":"https:\/\/schema.org","@graph":[{"@type":"WebPage","@id":"https:\/\/www.malinashop.lt\/lt_lt\/shop\/milanobrush-stacy-medinis-plauku-sepetys\/","url":"https:\/\/www.malinashop.lt\/lt_lt\/shop\/milanobrush-stacy-medinis-plauku-sepetys\/","name":"MILANOBRUSH STACY medinis plauk\u0173 \u0161epetys - MalinaShop.lt J\u016bs\u0173 sveikatai ir gro\u017eiui.","isPartOf":{"@id":"https:\/\/www.malinashop.lt\/#website"},"primaryImageOfPage":{"@id":"https:\/\/www.malinashop.lt\/lt_lt\/shop\/milanobrush-stacy-medinis-plauku-sepetys\/#primaryimage"},"image":{"@id":"https:\/\/www.malinashop.lt\/lt_lt\/shop\/milanobrush-stacy-medinis-plauku-sepetys\/#primaryimage"},"thumbnailUrl":"https:\/\/www.malinashop.lt\/wp-content\/uploads\/2025\/11\/milanobrush-stacy-medinis-plauku-sepetys.png","datePublished":"2025-11-24T14:52:22+00:00","dateModified":"2026-02-10T09:35:06+00:00","description":"MILANOBRUSH medinis plauk\u0173 \u0161epetys STACY \u2013 \u0161velnus \u0161ukavimas, masa\u017euojanti galvos od\u0105, tinka sausiems ir \u0161lapiems plaukams ir ma\u017eina v\u0117lim\u0105si.","breadcrumb":{"@id":"https:\/\/www.malinashop.lt\/lt_lt\/shop\/milanobrush-stacy-medinis-plauku-sepetys\/#breadcrumb"},"inLanguage":"en-GB","potentialAction":[{"@type":"ReadAction","target":["https:\/\/www.malinashop.lt\/lt_lt\/shop\/milanobrush-stacy-medinis-plauku-sepetys\/"]}]},{"@type":"ImageObject","inLanguage":"en-GB","@id":"https:\/\/www.malinashop.lt\/lt_lt\/shop\/milanobrush-stacy-medinis-plauku-sepetys\/#primaryimage","url":"https:\/\/www.malinashop.lt\/wp-content\/uploads\/2025\/11\/milanobrush-stacy-medinis-plauku-sepetys.png","contentUrl":"https:\/\/www.malinashop.lt\/wp-content\/uploads\/2025\/11\/milanobrush-stacy-medinis-plauku-sepetys.png","width":300,"height":300},{"@type":"BreadcrumbList","@id":"https:\/\/www.malinashop.lt\/lt_lt\/shop\/milanobrush-stacy-medinis-plauku-sepetys\/#breadcrumb","itemListElement":[{"@type":"ListItem","position":1,"name":"Pagrindinis","item":"https:\/\/www.malinashop.lt\/"},{"@type":"ListItem","position":2,"name":"Parduotuv\u0117","item":"https:\/\/www.malinashop.lt\/en\/parduotuve\/"},{"@type":"ListItem","position":3,"name":"MILANOBRUSH STACY medinis plauk\u0173 \u0161epetys"}]},{"@type":"WebSite","@id":"https:\/\/www.malinashop.lt\/#website","url":"https:\/\/www.malinashop.lt\/","name":"COM Group Ecommerce","description":"MalinaShop.lt - Gro\u017eio ir sveikatos produktai i\u0161 patikim\u0173 preki\u0173 \u017eenkl\u0173. Atraskite auk\u0161tos kokyb\u0117s kosmetik\u0105 u\u017e puiki\u0105 kain\u0105.","publisher":{"@id":"https:\/\/www.malinashop.lt\/#organization"},"potentialAction":[{"@type":"SearchAction","target":{"@type":"EntryPoint","urlTemplate":"https:\/\/www.malinashop.lt\/?s={search_term_string}"},"query-input":{"@type":"PropertyValueSpecification","valueRequired":true,"valueName":"search_term_string"}}],"inLanguage":"en-GB"},{"@type":"Organization","@id":"https:\/\/www.malinashop.lt\/#organization","name":"COM Group Ecommerce","url":"https:\/\/www.malinashop.lt\/","logo":{"@type":"ImageObject","inLanguage":"en-GB","@id":"https:\/\/www.malinashop.lt\/#\/schema\/logo\/image\/","url":"https:\/\/www.malinashop.lt\/wp-content\/uploads\/2024\/08\/462559670_3787732518133670_9795632669273463_n-e1731525914575.png","contentUrl":"https:\/\/www.malinashop.lt\/wp-content\/uploads\/2024\/08\/462559670_3787732518133670_9795632669273463_n-e1731525914575.png","width":180,"height":60,"caption":"COM Group Ecommerce"},"image":{"@id":"https:\/\/www.malinashop.lt\/#\/schema\/logo\/image\/"}}]}},"jetpack_sharing_enabled":true,"_links":{"self":[{"href":"https:\/\/www.malinashop.lt\/en\/wp-json\/wp\/v2\/product\/62761","targetHints":{"allow":["GET"]}}],"collection":[{"href":"https:\/\/www.malinashop.lt\/en\/wp-json\/wp\/v2\/product"}],"about":[{"href":"https:\/\/www.malinashop.lt\/en\/wp-json\/wp\/v2\/types\/product"}],"version-history":[{"count":2,"href":"https:\/\/www.malinashop.lt\/en\/wp-json\/wp\/v2\/product\/62761\/revisions"}],"predecessor-version":[{"id":73160,"href":"https:\/\/www.malinashop.lt\/en\/wp-json\/wp\/v2\/product\/62761\/revisions\/73160"}],"wp:featuredmedia":[{"embeddable":true,"href":"https:\/\/www.malinashop.lt\/en\/wp-json\/wp\/v2\/media\/62763"}],"wp:attachment":[{"href":"https:\/\/www.malinashop.lt\/en\/wp-json\/wp\/v2\/media?parent=62761"}],"wp:term":[{"taxonomy":"product_brand","embeddable":true,"href":"https:\/\/www.malinashop.lt\/en\/wp-json\/wp\/v2\/product_brand?post=62761"},{"taxonomy":"product_cat","embeddable":true,"href":"https:\/\/www.malinashop.lt\/en\/wp-json\/wp\/v2\/product_cat?post=62761"},{"taxonomy":"product_tag","embeddable":true,"href":"https:\/\/www.malinashop.lt\/en\/wp-json\/wp\/v2\/product_tag?post=62761"}],"curies":[{"name":"wp","href":"https:\/\/api.w.org\/{rel}","templated":true}]}}