{"id":62758,"date":"2025-11-24T17:52:22","date_gmt":"2025-11-24T14:52:22","guid":{"rendered":"https:\/\/malinashop.lt\/?post_type=product&#038;p=62758"},"modified":"2026-02-10T12:35:05","modified_gmt":"2026-02-10T09:35:05","slug":"milanobrush-girl-next-door-sepetys","status":"publish","type":"product","link":"https:\/\/www.malinashop.lt\/en\/shop\/milanobrush-girl-next-door-sepetys\/","title":{"rendered":"MILANOBRUSH GIRL NEXT DOOR \u0161epetys"},"content":{"rendered":"<p data-start=\"114\" data-end=\"402\"><strong data-start=\"114\" data-end=\"144\">MILANOBRUSH GIRL NEXT DOOR<\/strong> \u2013 tai modernus plauk\u0173 \u0161epetys, sukurtas kasdienei, \u0161velniai ir efektyviai plauk\u0173 prie\u017ei\u016brai. Nauja \u0161epe\u010dio technologija padeda suma\u017einti plauk\u0173 l\u016b\u017ein\u0117jim\u0105, u\u017etikrina lengv\u0105 \u0161ukavim\u0105 ir puikiai tinka vis\u0173 tip\u0173 plaukams, \u012fskaitant priauginamas plauk\u0173 sruogas.<\/p>\n<p data-start=\"404\" data-end=\"712\">Ploni, ta\u010diau tvirti nailoniniai \u0161ereliai su apvaliomis galvut\u0117mis lengvai i\u0161\u0161ukuoja net itin susiv\u0117lusius plaukus, nepe\u0161a ir nesukelia diskomforto. Lankst\u016bs \u0161ereliai \u0161velniai masa\u017euoja galvos od\u0105, gerina kraujo cirkuliacij\u0105 ir prisideda prie stipresni\u0173, sveikiau atrodan\u010di\u0173 bei nat\u016braliai \u017evilgan\u010di\u0173 plauk\u0173.<\/p>\n<p data-start=\"714\" data-end=\"1000\">Ergonomi\u0161ka, lenkta \u0161epe\u010dio forma idealiai prisitaiko prie galvos kont\u016br\u0173, o patogi, storesn\u0117 rankena u\u017etikrina komfort\u0105 naudojimo metu. I\u0161skirtinis blizgus dizainas suteikia \u0161epe\u010diui \u017eaismingumo, o rankenos gale integruotas specialus priedas leid\u017eia lengvai ir greitai i\u0161valyti \u0161epet\u012f.<\/p>\n<p data-start=\"1002\" data-end=\"1032\"><strong data-start=\"1002\" data-end=\"1032\">7 pagrindiniai privalumai:<\/strong><\/p>\n<ul data-start=\"1033\" data-end=\"1514\">\n<li data-start=\"1033\" data-end=\"1122\">\n<p data-start=\"1035\" data-end=\"1122\">Apvaliomis galvut\u0117mis u\u017ebaigti \u0161ereliai masa\u017euoja galvos od\u0105 ir skatina plauk\u0173 augim\u0105<\/p>\n<\/li>\n<li data-start=\"1123\" data-end=\"1207\">\n<p data-start=\"1125\" data-end=\"1207\">Ploni ir lankst\u016bs \u0161ereliai tinka tiek sausiems, tiek \u0161lapiems vis\u0173 tip\u0173 plaukams<\/p>\n<\/li>\n<li data-start=\"1208\" data-end=\"1278\">\n<p data-start=\"1210\" data-end=\"1278\">\u0160velnus \u0161ukavimas nepa\u017eeid\u017eiant plauk\u0173, ma\u017einamas statinis efektas<\/p>\n<\/li>\n<li data-start=\"1279\" data-end=\"1324\">\n<p data-start=\"1281\" data-end=\"1324\">Palengvina plauk\u0173 d\u017eiovinim\u0105 ir tiesinim\u0105<\/p>\n<\/li>\n<li data-start=\"1325\" data-end=\"1372\">\n<p data-start=\"1327\" data-end=\"1372\">Puikiai tinka priauginamoms plauk\u0173 sruogoms<\/p>\n<\/li>\n<li data-start=\"1373\" data-end=\"1443\">\n<p data-start=\"1375\" data-end=\"1443\">Suteikia plaukams glotnumo, jie atrodo sveikesni ir ma\u017eiau veliasi<\/p>\n<\/li>\n<li data-start=\"1444\" data-end=\"1514\">\n<p data-start=\"1446\" data-end=\"1514\">I\u0161skirtinis blizgus dizainas ir integruotas \u0161epe\u010dio valymo priedas<\/p>\n<\/li>\n<\/ul>\n<p data-start=\"1516\" data-end=\"1720\"><strong data-start=\"1516\" data-end=\"1541\">Produkto informacija:<\/strong><br data-start=\"1541\" data-end=\"1544\" \/>Ploni ir lankst\u016bs nailoniniai \u0161ereliai su apvaliomis galvut\u0117mis, juodas blizgus \u0161epe\u010dio pagrindas su blizgu\u010diais, lenkta ergonomi\u0161ka forma, integruotas priedas \u0161epe\u010diui valyti.<\/p>\n","protected":false},"excerpt":{"rendered":"<p data-start=\"1763\" data-end=\"2021\">MILANOBRUSH GIRL NEXT DOOR \u2013 \u0161velnus ir efektyvus plauk\u0173 \u0161epetys su lank\u0161\u010diais nailoniniais \u0161ereliais, skirtas vis\u0173 tip\u0173 plaukams ir priauginamoms sruogoms. Ma\u017eina plauk\u0173 l\u016b\u017ein\u0117jim\u0105, palengvina \u0161ukavim\u0105 ir suteikia plaukams glotnumo bei nat\u016bralaus \u017evilgesio.<\/p>\n","protected":false},"featured_media":62760,"template":"","meta":[],"product_brand":[1541],"product_cat":[767],"product_tag":[1612],"class_list":{"0":"post-62758","1":"product","2":"type-product","3":"status-publish","4":"has-post-thumbnail","6":"product_brand-milano-brush","7":"product_cat-plauku-sukos","8":"product_tag-milanobrush","10":"first","11":"instock","12":"purchasable","13":"product-type-simple"},"yoast_head":"<!-- This site is optimized with the Yoast SEO plugin v27.4 - https:\/\/yoast.com\/product\/yoast-seo-wordpress\/ -->\n<title>MILANOBRUSH GIRL NEXT DOOR \u0161epetys - MalinaShop.lt J\u016bs\u0173 sveikatai ir gro\u017eiui.<\/title>\n<meta name=\"description\" content=\"MILANOBRUSH GIRL NEXT DOOR plauk\u0173 \u0161epetys \u2013 lankst\u016bs nailoniniai \u0161ereliai, \u0161velnus \u0161ukavimas, tinka \u0161lapiems ir sausiems plaukams.\" \/>\n<meta name=\"robots\" content=\"index, follow, max-snippet:-1, max-image-preview:large, max-video-preview:-1\" \/>\n<link rel=\"canonical\" href=\"https:\/\/www.malinashop.lt\/en\/shop\/milanobrush-girl-next-door-sepetys\/\" \/>\n<meta property=\"og:locale\" content=\"en_GB\" \/>\n<meta property=\"og:type\" content=\"article\" \/>\n<meta property=\"og:title\" content=\"MILANOBRUSH GIRL NEXT DOOR \u0161epetys - MalinaShop.lt J\u016bs\u0173 sveikatai ir gro\u017eiui.\" \/>\n<meta property=\"og:description\" content=\"MILANOBRUSH GIRL NEXT DOOR plauk\u0173 \u0161epetys \u2013 lankst\u016bs nailoniniai \u0161ereliai, \u0161velnus \u0161ukavimas, tinka \u0161lapiems ir sausiems plaukams.\" \/>\n<meta property=\"og:url\" content=\"https:\/\/www.malinashop.lt\/en\/shop\/milanobrush-girl-next-door-sepetys\/\" \/>\n<meta property=\"og:site_name\" content=\"MalinaShop.lt J\u016bs\u0173 sveikatai ir gro\u017eiui.\" \/>\n<meta property=\"article:modified_time\" content=\"2026-02-10T09:35:05+00:00\" \/>\n<meta property=\"og:image\" content=\"https:\/\/www.malinashop.lt\/wp-content\/uploads\/2025\/11\/milanobrush-girl-next-door-sepetys.png\" \/>\n\t<meta property=\"og:image:width\" content=\"300\" \/>\n\t<meta property=\"og:image:height\" content=\"300\" \/>\n\t<meta property=\"og:image:type\" content=\"image\/png\" \/>\n<meta name=\"twitter:card\" content=\"summary_large_image\" \/>\n<script type=\"application\/ld+json\" class=\"yoast-schema-graph\">{\"@context\":\"https:\\\/\\\/schema.org\",\"@graph\":[{\"@type\":\"WebPage\",\"@id\":\"https:\\\/\\\/www.malinashop.lt\\\/en\\\/shop\\\/milanobrush-girl-next-door-sepetys\\\/\",\"url\":\"https:\\\/\\\/www.malinashop.lt\\\/en\\\/shop\\\/milanobrush-girl-next-door-sepetys\\\/\",\"name\":\"MILANOBRUSH GIRL NEXT DOOR \u0161epetys - MalinaShop.lt J\u016bs\u0173 sveikatai ir gro\u017eiui.\",\"isPartOf\":{\"@id\":\"https:\\\/\\\/www.malinashop.lt\\\/en\\\/#website\"},\"primaryImageOfPage\":{\"@id\":\"https:\\\/\\\/www.malinashop.lt\\\/en\\\/shop\\\/milanobrush-girl-next-door-sepetys\\\/#primaryimage\"},\"image\":{\"@id\":\"https:\\\/\\\/www.malinashop.lt\\\/en\\\/shop\\\/milanobrush-girl-next-door-sepetys\\\/#primaryimage\"},\"thumbnailUrl\":\"https:\\\/\\\/www.malinashop.lt\\\/wp-content\\\/uploads\\\/2025\\\/11\\\/milanobrush-girl-next-door-sepetys.png\",\"datePublished\":\"2025-11-24T14:52:22+00:00\",\"dateModified\":\"2026-02-10T09:35:05+00:00\",\"description\":\"MILANOBRUSH GIRL NEXT DOOR plauk\u0173 \u0161epetys \u2013 lankst\u016bs nailoniniai \u0161ereliai, \u0161velnus \u0161ukavimas, tinka \u0161lapiems ir sausiems plaukams.\",\"breadcrumb\":{\"@id\":\"https:\\\/\\\/www.malinashop.lt\\\/en\\\/shop\\\/milanobrush-girl-next-door-sepetys\\\/#breadcrumb\"},\"inLanguage\":\"en-GB\",\"potentialAction\":[{\"@type\":\"ReadAction\",\"target\":[\"https:\\\/\\\/www.malinashop.lt\\\/en\\\/shop\\\/milanobrush-girl-next-door-sepetys\\\/\"]}]},{\"@type\":\"ImageObject\",\"inLanguage\":\"en-GB\",\"@id\":\"https:\\\/\\\/www.malinashop.lt\\\/en\\\/shop\\\/milanobrush-girl-next-door-sepetys\\\/#primaryimage\",\"url\":\"https:\\\/\\\/www.malinashop.lt\\\/wp-content\\\/uploads\\\/2025\\\/11\\\/milanobrush-girl-next-door-sepetys.png\",\"contentUrl\":\"https:\\\/\\\/www.malinashop.lt\\\/wp-content\\\/uploads\\\/2025\\\/11\\\/milanobrush-girl-next-door-sepetys.png\",\"width\":300,\"height\":300},{\"@type\":\"BreadcrumbList\",\"@id\":\"https:\\\/\\\/www.malinashop.lt\\\/en\\\/shop\\\/milanobrush-girl-next-door-sepetys\\\/#breadcrumb\",\"itemListElement\":[{\"@type\":\"ListItem\",\"position\":1,\"name\":\"Home\",\"item\":\"https:\\\/\\\/www.malinashop.lt\\\/en\\\/\"},{\"@type\":\"ListItem\",\"position\":2,\"name\":\"Parduotuv\u0117\",\"item\":\"https:\\\/\\\/www.malinashop.lt\\\/en\\\/parduotuve\\\/\"},{\"@type\":\"ListItem\",\"position\":3,\"name\":\"MILANOBRUSH GIRL NEXT DOOR \u0161epetys\"}]},{\"@type\":\"WebSite\",\"@id\":\"https:\\\/\\\/www.malinashop.lt\\\/en\\\/#website\",\"url\":\"https:\\\/\\\/www.malinashop.lt\\\/en\\\/\",\"name\":\"COM Group Ecommerce\",\"description\":\"MalinaShop.lt - Gro\u017eio ir sveikatos produktai i\u0161 patikim\u0173 preki\u0173 \u017eenkl\u0173. Atraskite auk\u0161tos kokyb\u0117s kosmetik\u0105 u\u017e puiki\u0105 kain\u0105.\",\"publisher\":{\"@id\":\"https:\\\/\\\/www.malinashop.lt\\\/en\\\/#organization\"},\"potentialAction\":[{\"@type\":\"SearchAction\",\"target\":{\"@type\":\"EntryPoint\",\"urlTemplate\":\"https:\\\/\\\/www.malinashop.lt\\\/en\\\/?s={search_term_string}\"},\"query-input\":{\"@type\":\"PropertyValueSpecification\",\"valueRequired\":true,\"valueName\":\"search_term_string\"}}],\"inLanguage\":\"en-GB\"},{\"@type\":\"Organization\",\"@id\":\"https:\\\/\\\/www.malinashop.lt\\\/en\\\/#organization\",\"name\":\"COM Group Ecommerce\",\"url\":\"https:\\\/\\\/www.malinashop.lt\\\/en\\\/\",\"logo\":{\"@type\":\"ImageObject\",\"inLanguage\":\"en-GB\",\"@id\":\"https:\\\/\\\/www.malinashop.lt\\\/en\\\/#\\\/schema\\\/logo\\\/image\\\/\",\"url\":\"https:\\\/\\\/www.malinashop.lt\\\/wp-content\\\/uploads\\\/2024\\\/08\\\/462559670_3787732518133670_9795632669273463_n-e1731525914575.png\",\"contentUrl\":\"https:\\\/\\\/www.malinashop.lt\\\/wp-content\\\/uploads\\\/2024\\\/08\\\/462559670_3787732518133670_9795632669273463_n-e1731525914575.png\",\"width\":180,\"height\":60,\"caption\":\"COM Group Ecommerce\"},\"image\":{\"@id\":\"https:\\\/\\\/www.malinashop.lt\\\/en\\\/#\\\/schema\\\/logo\\\/image\\\/\"}}]}<\/script>\n<!-- \/ Yoast SEO plugin. -->","yoast_head_json":{"title":"MILANOBRUSH GIRL NEXT DOOR \u0161epetys - MalinaShop.lt J\u016bs\u0173 sveikatai ir gro\u017eiui.","description":"MILANOBRUSH GIRL NEXT DOOR plauk\u0173 \u0161epetys \u2013 lankst\u016bs nailoniniai \u0161ereliai, \u0161velnus \u0161ukavimas, tinka \u0161lapiems ir sausiems plaukams.","robots":{"index":"index","follow":"follow","max-snippet":"max-snippet:-1","max-image-preview":"max-image-preview:large","max-video-preview":"max-video-preview:-1"},"canonical":"https:\/\/www.malinashop.lt\/en\/shop\/milanobrush-girl-next-door-sepetys\/","og_locale":"en_GB","og_type":"article","og_title":"MILANOBRUSH GIRL NEXT DOOR \u0161epetys - MalinaShop.lt J\u016bs\u0173 sveikatai ir gro\u017eiui.","og_description":"MILANOBRUSH GIRL NEXT DOOR plauk\u0173 \u0161epetys \u2013 lankst\u016bs nailoniniai \u0161ereliai, \u0161velnus \u0161ukavimas, tinka \u0161lapiems ir sausiems plaukams.","og_url":"https:\/\/www.malinashop.lt\/en\/shop\/milanobrush-girl-next-door-sepetys\/","og_site_name":"MalinaShop.lt J\u016bs\u0173 sveikatai ir gro\u017eiui.","article_modified_time":"2026-02-10T09:35:05+00:00","og_image":[{"width":300,"height":300,"url":"https:\/\/www.malinashop.lt\/wp-content\/uploads\/2025\/11\/milanobrush-girl-next-door-sepetys.png","type":"image\/png"}],"twitter_card":"summary_large_image","schema":{"@context":"https:\/\/schema.org","@graph":[{"@type":"WebPage","@id":"https:\/\/www.malinashop.lt\/en\/shop\/milanobrush-girl-next-door-sepetys\/","url":"https:\/\/www.malinashop.lt\/en\/shop\/milanobrush-girl-next-door-sepetys\/","name":"MILANOBRUSH GIRL NEXT DOOR \u0161epetys - MalinaShop.lt J\u016bs\u0173 sveikatai ir gro\u017eiui.","isPartOf":{"@id":"https:\/\/www.malinashop.lt\/en\/#website"},"primaryImageOfPage":{"@id":"https:\/\/www.malinashop.lt\/en\/shop\/milanobrush-girl-next-door-sepetys\/#primaryimage"},"image":{"@id":"https:\/\/www.malinashop.lt\/en\/shop\/milanobrush-girl-next-door-sepetys\/#primaryimage"},"thumbnailUrl":"https:\/\/www.malinashop.lt\/wp-content\/uploads\/2025\/11\/milanobrush-girl-next-door-sepetys.png","datePublished":"2025-11-24T14:52:22+00:00","dateModified":"2026-02-10T09:35:05+00:00","description":"MILANOBRUSH GIRL NEXT DOOR plauk\u0173 \u0161epetys \u2013 lankst\u016bs nailoniniai \u0161ereliai, \u0161velnus \u0161ukavimas, tinka \u0161lapiems ir sausiems plaukams.","breadcrumb":{"@id":"https:\/\/www.malinashop.lt\/en\/shop\/milanobrush-girl-next-door-sepetys\/#breadcrumb"},"inLanguage":"en-GB","potentialAction":[{"@type":"ReadAction","target":["https:\/\/www.malinashop.lt\/en\/shop\/milanobrush-girl-next-door-sepetys\/"]}]},{"@type":"ImageObject","inLanguage":"en-GB","@id":"https:\/\/www.malinashop.lt\/en\/shop\/milanobrush-girl-next-door-sepetys\/#primaryimage","url":"https:\/\/www.malinashop.lt\/wp-content\/uploads\/2025\/11\/milanobrush-girl-next-door-sepetys.png","contentUrl":"https:\/\/www.malinashop.lt\/wp-content\/uploads\/2025\/11\/milanobrush-girl-next-door-sepetys.png","width":300,"height":300},{"@type":"BreadcrumbList","@id":"https:\/\/www.malinashop.lt\/en\/shop\/milanobrush-girl-next-door-sepetys\/#breadcrumb","itemListElement":[{"@type":"ListItem","position":1,"name":"Home","item":"https:\/\/www.malinashop.lt\/en\/"},{"@type":"ListItem","position":2,"name":"Parduotuv\u0117","item":"https:\/\/www.malinashop.lt\/en\/parduotuve\/"},{"@type":"ListItem","position":3,"name":"MILANOBRUSH GIRL NEXT DOOR \u0161epetys"}]},{"@type":"WebSite","@id":"https:\/\/www.malinashop.lt\/en\/#website","url":"https:\/\/www.malinashop.lt\/en\/","name":"COM Group Ecommerce","description":"MalinaShop.lt - Gro\u017eio ir sveikatos produktai i\u0161 patikim\u0173 preki\u0173 \u017eenkl\u0173. Atraskite auk\u0161tos kokyb\u0117s kosmetik\u0105 u\u017e puiki\u0105 kain\u0105.","publisher":{"@id":"https:\/\/www.malinashop.lt\/en\/#organization"},"potentialAction":[{"@type":"SearchAction","target":{"@type":"EntryPoint","urlTemplate":"https:\/\/www.malinashop.lt\/en\/?s={search_term_string}"},"query-input":{"@type":"PropertyValueSpecification","valueRequired":true,"valueName":"search_term_string"}}],"inLanguage":"en-GB"},{"@type":"Organization","@id":"https:\/\/www.malinashop.lt\/en\/#organization","name":"COM Group Ecommerce","url":"https:\/\/www.malinashop.lt\/en\/","logo":{"@type":"ImageObject","inLanguage":"en-GB","@id":"https:\/\/www.malinashop.lt\/en\/#\/schema\/logo\/image\/","url":"https:\/\/www.malinashop.lt\/wp-content\/uploads\/2024\/08\/462559670_3787732518133670_9795632669273463_n-e1731525914575.png","contentUrl":"https:\/\/www.malinashop.lt\/wp-content\/uploads\/2024\/08\/462559670_3787732518133670_9795632669273463_n-e1731525914575.png","width":180,"height":60,"caption":"COM Group Ecommerce"},"image":{"@id":"https:\/\/www.malinashop.lt\/en\/#\/schema\/logo\/image\/"}}]}},"jetpack_sharing_enabled":true,"_links":{"self":[{"href":"https:\/\/www.malinashop.lt\/en\/wp-json\/wp\/v2\/product\/62758","targetHints":{"allow":["GET"]}}],"collection":[{"href":"https:\/\/www.malinashop.lt\/en\/wp-json\/wp\/v2\/product"}],"about":[{"href":"https:\/\/www.malinashop.lt\/en\/wp-json\/wp\/v2\/types\/product"}],"version-history":[{"count":2,"href":"https:\/\/www.malinashop.lt\/en\/wp-json\/wp\/v2\/product\/62758\/revisions"}],"predecessor-version":[{"id":73159,"href":"https:\/\/www.malinashop.lt\/en\/wp-json\/wp\/v2\/product\/62758\/revisions\/73159"}],"wp:featuredmedia":[{"embeddable":true,"href":"https:\/\/www.malinashop.lt\/en\/wp-json\/wp\/v2\/media\/62760"}],"wp:attachment":[{"href":"https:\/\/www.malinashop.lt\/en\/wp-json\/wp\/v2\/media?parent=62758"}],"wp:term":[{"taxonomy":"product_brand","embeddable":true,"href":"https:\/\/www.malinashop.lt\/en\/wp-json\/wp\/v2\/product_brand?post=62758"},{"taxonomy":"product_cat","embeddable":true,"href":"https:\/\/www.malinashop.lt\/en\/wp-json\/wp\/v2\/product_cat?post=62758"},{"taxonomy":"product_tag","embeddable":true,"href":"https:\/\/www.malinashop.lt\/en\/wp-json\/wp\/v2\/product_tag?post=62758"}],"curies":[{"name":"wp","href":"https:\/\/api.w.org\/{rel}","templated":true}]}}