{"id":61843,"date":"2025-11-19T20:10:54","date_gmt":"2025-11-19T17:10:54","guid":{"rendered":"https:\/\/malinashop.lt\/?post_type=product&#038;p=61843"},"modified":"2026-04-08T13:20:49","modified_gmt":"2026-04-08T10:20:49","slug":"linea-35-namu-kvapu-difuzorius-oud-darabia-200ml","status":"publish","type":"product","link":"https:\/\/www.malinashop.lt\/en\/shop\/linea-35-namu-kvapu-difuzorius-oud-darabia-200ml\/","title":{"rendered":"LINEA 35 nam\u0173 kvap\u0173 difuzorius OUD D\u2019ARABIA, 200ml"},"content":{"rendered":"<p data-start=\"237\" data-end=\"644\"><span style=\"color: #000000;\">LINEA 35 <strong data-start=\"269\" data-end=\"285\">OUD D\u2019ARABIA<\/strong> \u2013 tai i\u0161skirtinis, gilaus charakterio rytieti\u0161kas nam\u0173 kvapas, perteikiantis \u0161ilto, prabanga alsuojan\u010dio Oud aromato magij\u0105. Kvapas nukelia \u012f saul\u0117s nutviekstus citrus\u0173 sodus, \u012fkaitusi\u0173 prieskoni\u0173 turgaus \u0161urmul\u012f ir ramyb\u0119, kuri\u0105 skleid\u017eia sodrios medienos bei derv\u0173 natos. Tai aromatas, suteikiantis namams i\u0161skirtinumo, jaukumo ir paslaptingos elegancijos.<\/span><\/p>\n<p data-start=\"646\" data-end=\"844\"><span style=\"color: #000000;\"><strong data-start=\"646\" data-end=\"664\">Aromato natos:<\/strong><\/span><br data-start=\"664\" data-end=\"667\" \/><span style=\"color: #000000;\"><strong data-start=\"667\" data-end=\"683\">Vir\u0161utin\u0117s \u2013<\/strong> bergamot\u0117, citrina, augalin\u0117 derva<\/span><br data-start=\"718\" data-end=\"721\" \/><span style=\"color: #000000;\"><strong data-start=\"721\" data-end=\"736\">Vidurin\u0117s \u2013<\/strong> oda, palmi\u0173 datul\u0117s, kedras, medus<\/span><br data-start=\"771\" data-end=\"774\" \/><span style=\"color: #000000;\"><strong data-start=\"774\" data-end=\"787\">Bazin\u0117s \u2013<\/strong> tonka pupel\u0117s, pa\u010diulis, labdanumas, benzoinas, muskusas<\/span><\/p>\n<p data-start=\"846\" data-end=\"887\"><span style=\"color: #000000;\">Talpa \u2013 <strong data-start=\"854\" data-end=\"864\">200 ml<\/strong><\/span><br data-start=\"864\" data-end=\"867\" \/><span style=\"color: #000000;\">Pagaminta Italijoje.<\/span><\/p>\n<p data-start=\"889\" data-end=\"1085\"><span style=\"color: #000000;\"><strong data-start=\"889\" data-end=\"903\">Naudojimas<\/strong><\/span><br data-start=\"903\" data-end=\"906\" \/><span style=\"color: #000000;\">Nuimkite u\u017esukam\u0105 dangtel\u012f, pakeiskite dekoratyviniu ir \u012fmerkite pagaliukus \u012f kvap\u0105. Intensyvesniam aromatui pagaliukus reguliariai apverskite. Laikykite ant stabilaus pavir\u0161iaus.<\/span><\/p>\n","protected":false},"excerpt":{"rendered":"<p data-start=\"114\" data-end=\"291\">Prabangus rytieti\u0161kas aromatas su citrusais, mediena, prieskoniais ir \u0161iltomis tonka pupeli\u0173 natomis, kuriantis jauki\u0105, paslapting\u0105 atmosfer\u0105 namuose.<\/p>\n","protected":false},"featured_media":61844,"template":"","meta":[],"product_brand":[1362],"product_cat":[1140,573,562],"product_tag":[1608],"class_list":{"0":"post-61843","1":"product","2":"type-product","3":"status-publish","4":"has-post-thumbnail","6":"product_brand-linea-35","7":"product_cat-namu-kvapai","8":"product_cat-namu-kvapai-2","9":"product_cat-sandelio-valymas","10":"product_tag-linea35","12":"first","13":"instock","14":"sale","15":"taxable","16":"shipping-taxable","17":"purchasable","18":"product-type-simple"},"yoast_head":"<!-- This site is optimized with the Yoast SEO plugin v27.4 - https:\/\/yoast.com\/product\/yoast-seo-wordpress\/ -->\n<title>LINEA 35 nam\u0173 kvap\u0173 difuzorius OUD D\u2019ARABIA, 200ml - MalinaShop.lt J\u016bs\u0173 sveikatai ir gro\u017eiui.<\/title>\n<meta name=\"description\" content=\"LINEA 35 OUD D\u2019ARABIA \u2013 prabangus rytieti\u0161kas nam\u0173 kvapas su citrusais, mediena ir tonka pupel\u0117mis. 200 ml, pagaminta Italijoje.\" \/>\n<meta name=\"robots\" content=\"index, follow, max-snippet:-1, max-image-preview:large, max-video-preview:-1\" \/>\n<link rel=\"canonical\" href=\"https:\/\/www.malinashop.lt\/en\/shop\/linea-35-namu-kvapu-difuzorius-oud-darabia-200ml\/\" \/>\n<meta property=\"og:locale\" content=\"en_GB\" \/>\n<meta property=\"og:type\" content=\"article\" \/>\n<meta property=\"og:title\" content=\"LINEA 35 nam\u0173 kvap\u0173 difuzorius OUD D\u2019ARABIA, 200ml - MalinaShop.lt J\u016bs\u0173 sveikatai ir gro\u017eiui.\" \/>\n<meta property=\"og:description\" content=\"LINEA 35 OUD D\u2019ARABIA \u2013 prabangus rytieti\u0161kas nam\u0173 kvapas su citrusais, mediena ir tonka pupel\u0117mis. 200 ml, pagaminta Italijoje.\" \/>\n<meta property=\"og:url\" content=\"https:\/\/www.malinashop.lt\/en\/shop\/linea-35-namu-kvapu-difuzorius-oud-darabia-200ml\/\" \/>\n<meta property=\"og:site_name\" content=\"MalinaShop.lt J\u016bs\u0173 sveikatai ir gro\u017eiui.\" \/>\n<meta property=\"article:modified_time\" content=\"2026-04-08T10:20:49+00:00\" \/>\n<meta property=\"og:image\" content=\"https:\/\/www.malinashop.lt\/wp-content\/uploads\/2025\/11\/LINEA-35-namu-kvapu-difuzorius-OUD-DARABIA-200ml.webp\" \/>\n\t<meta property=\"og:image:width\" content=\"768\" \/>\n\t<meta property=\"og:image:height\" content=\"768\" \/>\n\t<meta property=\"og:image:type\" content=\"image\/webp\" \/>\n<meta name=\"twitter:card\" content=\"summary_large_image\" \/>\n<script type=\"application\/ld+json\" class=\"yoast-schema-graph\">{\"@context\":\"https:\\\/\\\/schema.org\",\"@graph\":[{\"@type\":\"WebPage\",\"@id\":\"https:\\\/\\\/www.malinashop.lt\\\/lt_lt\\\/shop\\\/linea-35-namu-kvapu-difuzorius-oud-darabia-200ml\\\/\",\"url\":\"https:\\\/\\\/www.malinashop.lt\\\/lt_lt\\\/shop\\\/linea-35-namu-kvapu-difuzorius-oud-darabia-200ml\\\/\",\"name\":\"LINEA 35 nam\u0173 kvap\u0173 difuzorius OUD D\u2019ARABIA, 200ml - MalinaShop.lt J\u016bs\u0173 sveikatai ir gro\u017eiui.\",\"isPartOf\":{\"@id\":\"https:\\\/\\\/www.malinashop.lt\\\/en\\\/#website\"},\"primaryImageOfPage\":{\"@id\":\"https:\\\/\\\/www.malinashop.lt\\\/lt_lt\\\/shop\\\/linea-35-namu-kvapu-difuzorius-oud-darabia-200ml\\\/#primaryimage\"},\"image\":{\"@id\":\"https:\\\/\\\/www.malinashop.lt\\\/lt_lt\\\/shop\\\/linea-35-namu-kvapu-difuzorius-oud-darabia-200ml\\\/#primaryimage\"},\"thumbnailUrl\":\"https:\\\/\\\/www.malinashop.lt\\\/wp-content\\\/uploads\\\/2025\\\/11\\\/LINEA-35-namu-kvapu-difuzorius-OUD-DARABIA-200ml.webp\",\"datePublished\":\"2025-11-19T17:10:54+00:00\",\"dateModified\":\"2026-04-08T10:20:49+00:00\",\"description\":\"LINEA 35 OUD D\u2019ARABIA \u2013 prabangus rytieti\u0161kas nam\u0173 kvapas su citrusais, mediena ir tonka pupel\u0117mis. 200 ml, pagaminta Italijoje.\",\"breadcrumb\":{\"@id\":\"https:\\\/\\\/www.malinashop.lt\\\/lt_lt\\\/shop\\\/linea-35-namu-kvapu-difuzorius-oud-darabia-200ml\\\/#breadcrumb\"},\"inLanguage\":\"en-GB\",\"potentialAction\":[{\"@type\":\"ReadAction\",\"target\":[\"https:\\\/\\\/www.malinashop.lt\\\/lt_lt\\\/shop\\\/linea-35-namu-kvapu-difuzorius-oud-darabia-200ml\\\/\"]}]},{\"@type\":\"ImageObject\",\"inLanguage\":\"en-GB\",\"@id\":\"https:\\\/\\\/www.malinashop.lt\\\/lt_lt\\\/shop\\\/linea-35-namu-kvapu-difuzorius-oud-darabia-200ml\\\/#primaryimage\",\"url\":\"https:\\\/\\\/www.malinashop.lt\\\/wp-content\\\/uploads\\\/2025\\\/11\\\/LINEA-35-namu-kvapu-difuzorius-OUD-DARABIA-200ml.webp\",\"contentUrl\":\"https:\\\/\\\/www.malinashop.lt\\\/wp-content\\\/uploads\\\/2025\\\/11\\\/LINEA-35-namu-kvapu-difuzorius-OUD-DARABIA-200ml.webp\",\"width\":768,\"height\":768},{\"@type\":\"BreadcrumbList\",\"@id\":\"https:\\\/\\\/www.malinashop.lt\\\/lt_lt\\\/shop\\\/linea-35-namu-kvapu-difuzorius-oud-darabia-200ml\\\/#breadcrumb\",\"itemListElement\":[{\"@type\":\"ListItem\",\"position\":1,\"name\":\"Home\",\"item\":\"https:\\\/\\\/www.malinashop.lt\\\/en\\\/\"},{\"@type\":\"ListItem\",\"position\":2,\"name\":\"Parduotuv\u0117\",\"item\":\"https:\\\/\\\/www.malinashop.lt\\\/en\\\/parduotuve\\\/\"},{\"@type\":\"ListItem\",\"position\":3,\"name\":\"LINEA 35 nam\u0173 kvap\u0173 difuzorius OUD D\u2019ARABIA, 200ml\"}]},{\"@type\":\"WebSite\",\"@id\":\"https:\\\/\\\/www.malinashop.lt\\\/en\\\/#website\",\"url\":\"https:\\\/\\\/www.malinashop.lt\\\/en\\\/\",\"name\":\"COM Group Ecommerce\",\"description\":\"MalinaShop.lt - Gro\u017eio ir sveikatos produktai i\u0161 patikim\u0173 preki\u0173 \u017eenkl\u0173. Atraskite auk\u0161tos kokyb\u0117s kosmetik\u0105 u\u017e puiki\u0105 kain\u0105.\",\"publisher\":{\"@id\":\"https:\\\/\\\/www.malinashop.lt\\\/en\\\/#organization\"},\"potentialAction\":[{\"@type\":\"SearchAction\",\"target\":{\"@type\":\"EntryPoint\",\"urlTemplate\":\"https:\\\/\\\/www.malinashop.lt\\\/en\\\/?s={search_term_string}\"},\"query-input\":{\"@type\":\"PropertyValueSpecification\",\"valueRequired\":true,\"valueName\":\"search_term_string\"}}],\"inLanguage\":\"en-GB\"},{\"@type\":\"Organization\",\"@id\":\"https:\\\/\\\/www.malinashop.lt\\\/en\\\/#organization\",\"name\":\"COM Group Ecommerce\",\"url\":\"https:\\\/\\\/www.malinashop.lt\\\/en\\\/\",\"logo\":{\"@type\":\"ImageObject\",\"inLanguage\":\"en-GB\",\"@id\":\"https:\\\/\\\/www.malinashop.lt\\\/en\\\/#\\\/schema\\\/logo\\\/image\\\/\",\"url\":\"https:\\\/\\\/www.malinashop.lt\\\/wp-content\\\/uploads\\\/2024\\\/08\\\/462559670_3787732518133670_9795632669273463_n-e1731525914575.png\",\"contentUrl\":\"https:\\\/\\\/www.malinashop.lt\\\/wp-content\\\/uploads\\\/2024\\\/08\\\/462559670_3787732518133670_9795632669273463_n-e1731525914575.png\",\"width\":180,\"height\":60,\"caption\":\"COM Group Ecommerce\"},\"image\":{\"@id\":\"https:\\\/\\\/www.malinashop.lt\\\/en\\\/#\\\/schema\\\/logo\\\/image\\\/\"}}]}<\/script>\n<!-- \/ Yoast SEO plugin. -->","yoast_head_json":{"title":"LINEA 35 nam\u0173 kvap\u0173 difuzorius OUD D\u2019ARABIA, 200ml - MalinaShop.lt J\u016bs\u0173 sveikatai ir gro\u017eiui.","description":"LINEA 35 OUD D\u2019ARABIA \u2013 prabangus rytieti\u0161kas nam\u0173 kvapas su citrusais, mediena ir tonka pupel\u0117mis. 200 ml, pagaminta Italijoje.","robots":{"index":"index","follow":"follow","max-snippet":"max-snippet:-1","max-image-preview":"max-image-preview:large","max-video-preview":"max-video-preview:-1"},"canonical":"https:\/\/www.malinashop.lt\/en\/shop\/linea-35-namu-kvapu-difuzorius-oud-darabia-200ml\/","og_locale":"en_GB","og_type":"article","og_title":"LINEA 35 nam\u0173 kvap\u0173 difuzorius OUD D\u2019ARABIA, 200ml - MalinaShop.lt J\u016bs\u0173 sveikatai ir gro\u017eiui.","og_description":"LINEA 35 OUD D\u2019ARABIA \u2013 prabangus rytieti\u0161kas nam\u0173 kvapas su citrusais, mediena ir tonka pupel\u0117mis. 200 ml, pagaminta Italijoje.","og_url":"https:\/\/www.malinashop.lt\/en\/shop\/linea-35-namu-kvapu-difuzorius-oud-darabia-200ml\/","og_site_name":"MalinaShop.lt J\u016bs\u0173 sveikatai ir gro\u017eiui.","article_modified_time":"2026-04-08T10:20:49+00:00","og_image":[{"width":768,"height":768,"url":"https:\/\/www.malinashop.lt\/wp-content\/uploads\/2025\/11\/LINEA-35-namu-kvapu-difuzorius-OUD-DARABIA-200ml.webp","type":"image\/webp"}],"twitter_card":"summary_large_image","schema":{"@context":"https:\/\/schema.org","@graph":[{"@type":"WebPage","@id":"https:\/\/www.malinashop.lt\/lt_lt\/shop\/linea-35-namu-kvapu-difuzorius-oud-darabia-200ml\/","url":"https:\/\/www.malinashop.lt\/lt_lt\/shop\/linea-35-namu-kvapu-difuzorius-oud-darabia-200ml\/","name":"LINEA 35 nam\u0173 kvap\u0173 difuzorius OUD D\u2019ARABIA, 200ml - MalinaShop.lt J\u016bs\u0173 sveikatai ir gro\u017eiui.","isPartOf":{"@id":"https:\/\/www.malinashop.lt\/en\/#website"},"primaryImageOfPage":{"@id":"https:\/\/www.malinashop.lt\/lt_lt\/shop\/linea-35-namu-kvapu-difuzorius-oud-darabia-200ml\/#primaryimage"},"image":{"@id":"https:\/\/www.malinashop.lt\/lt_lt\/shop\/linea-35-namu-kvapu-difuzorius-oud-darabia-200ml\/#primaryimage"},"thumbnailUrl":"https:\/\/www.malinashop.lt\/wp-content\/uploads\/2025\/11\/LINEA-35-namu-kvapu-difuzorius-OUD-DARABIA-200ml.webp","datePublished":"2025-11-19T17:10:54+00:00","dateModified":"2026-04-08T10:20:49+00:00","description":"LINEA 35 OUD D\u2019ARABIA \u2013 prabangus rytieti\u0161kas nam\u0173 kvapas su citrusais, mediena ir tonka pupel\u0117mis. 200 ml, pagaminta Italijoje.","breadcrumb":{"@id":"https:\/\/www.malinashop.lt\/lt_lt\/shop\/linea-35-namu-kvapu-difuzorius-oud-darabia-200ml\/#breadcrumb"},"inLanguage":"en-GB","potentialAction":[{"@type":"ReadAction","target":["https:\/\/www.malinashop.lt\/lt_lt\/shop\/linea-35-namu-kvapu-difuzorius-oud-darabia-200ml\/"]}]},{"@type":"ImageObject","inLanguage":"en-GB","@id":"https:\/\/www.malinashop.lt\/lt_lt\/shop\/linea-35-namu-kvapu-difuzorius-oud-darabia-200ml\/#primaryimage","url":"https:\/\/www.malinashop.lt\/wp-content\/uploads\/2025\/11\/LINEA-35-namu-kvapu-difuzorius-OUD-DARABIA-200ml.webp","contentUrl":"https:\/\/www.malinashop.lt\/wp-content\/uploads\/2025\/11\/LINEA-35-namu-kvapu-difuzorius-OUD-DARABIA-200ml.webp","width":768,"height":768},{"@type":"BreadcrumbList","@id":"https:\/\/www.malinashop.lt\/lt_lt\/shop\/linea-35-namu-kvapu-difuzorius-oud-darabia-200ml\/#breadcrumb","itemListElement":[{"@type":"ListItem","position":1,"name":"Home","item":"https:\/\/www.malinashop.lt\/en\/"},{"@type":"ListItem","position":2,"name":"Parduotuv\u0117","item":"https:\/\/www.malinashop.lt\/en\/parduotuve\/"},{"@type":"ListItem","position":3,"name":"LINEA 35 nam\u0173 kvap\u0173 difuzorius OUD D\u2019ARABIA, 200ml"}]},{"@type":"WebSite","@id":"https:\/\/www.malinashop.lt\/en\/#website","url":"https:\/\/www.malinashop.lt\/en\/","name":"COM Group Ecommerce","description":"MalinaShop.lt - Gro\u017eio ir sveikatos produktai i\u0161 patikim\u0173 preki\u0173 \u017eenkl\u0173. Atraskite auk\u0161tos kokyb\u0117s kosmetik\u0105 u\u017e puiki\u0105 kain\u0105.","publisher":{"@id":"https:\/\/www.malinashop.lt\/en\/#organization"},"potentialAction":[{"@type":"SearchAction","target":{"@type":"EntryPoint","urlTemplate":"https:\/\/www.malinashop.lt\/en\/?s={search_term_string}"},"query-input":{"@type":"PropertyValueSpecification","valueRequired":true,"valueName":"search_term_string"}}],"inLanguage":"en-GB"},{"@type":"Organization","@id":"https:\/\/www.malinashop.lt\/en\/#organization","name":"COM Group Ecommerce","url":"https:\/\/www.malinashop.lt\/en\/","logo":{"@type":"ImageObject","inLanguage":"en-GB","@id":"https:\/\/www.malinashop.lt\/en\/#\/schema\/logo\/image\/","url":"https:\/\/www.malinashop.lt\/wp-content\/uploads\/2024\/08\/462559670_3787732518133670_9795632669273463_n-e1731525914575.png","contentUrl":"https:\/\/www.malinashop.lt\/wp-content\/uploads\/2024\/08\/462559670_3787732518133670_9795632669273463_n-e1731525914575.png","width":180,"height":60,"caption":"COM Group Ecommerce"},"image":{"@id":"https:\/\/www.malinashop.lt\/en\/#\/schema\/logo\/image\/"}}]}},"jetpack_sharing_enabled":true,"_links":{"self":[{"href":"https:\/\/www.malinashop.lt\/en\/wp-json\/wp\/v2\/product\/61843","targetHints":{"allow":["GET"]}}],"collection":[{"href":"https:\/\/www.malinashop.lt\/en\/wp-json\/wp\/v2\/product"}],"about":[{"href":"https:\/\/www.malinashop.lt\/en\/wp-json\/wp\/v2\/types\/product"}],"version-history":[{"count":1,"href":"https:\/\/www.malinashop.lt\/en\/wp-json\/wp\/v2\/product\/61843\/revisions"}],"predecessor-version":[{"id":61845,"href":"https:\/\/www.malinashop.lt\/en\/wp-json\/wp\/v2\/product\/61843\/revisions\/61845"}],"wp:featuredmedia":[{"embeddable":true,"href":"https:\/\/www.malinashop.lt\/en\/wp-json\/wp\/v2\/media\/61844"}],"wp:attachment":[{"href":"https:\/\/www.malinashop.lt\/en\/wp-json\/wp\/v2\/media?parent=61843"}],"wp:term":[{"taxonomy":"product_brand","embeddable":true,"href":"https:\/\/www.malinashop.lt\/en\/wp-json\/wp\/v2\/product_brand?post=61843"},{"taxonomy":"product_cat","embeddable":true,"href":"https:\/\/www.malinashop.lt\/en\/wp-json\/wp\/v2\/product_cat?post=61843"},{"taxonomy":"product_tag","embeddable":true,"href":"https:\/\/www.malinashop.lt\/en\/wp-json\/wp\/v2\/product_tag?post=61843"}],"curies":[{"name":"wp","href":"https:\/\/api.w.org\/{rel}","templated":true}]}}