{"id":61503,"date":"2025-11-11T19:30:03","date_gmt":"2025-11-11T16:30:03","guid":{"rendered":"https:\/\/malinashop.lt\/?post_type=product&#038;p=61503"},"modified":"2026-02-12T12:38:25","modified_gmt":"2026-02-12T09:38:25","slug":"les-perles-dorient-kvepalu-rinkinys-moterims-la-bellavie-edp-150-ml-duso-gelis-100-ml-kosmetine","status":"publish","type":"product","link":"https:\/\/www.malinashop.lt\/en\/shop\/les-perles-dorient-kvepalu-rinkinys-moterims-la-bellavie-edp-150-ml-duso-gelis-100-ml-kosmetine\/","title":{"rendered":"LES PERLES D\u2019ORIENT kvepal\u0173 rinkinys moterims LA BELLAVIE EDP 150 ml + du\u0161o gelis 100 ml + kosmetin\u0117"},"content":{"rendered":"<p style=\"text-align: center;\" data-start=\"322\" data-end=\"584\"><span style=\"color: #000000;\"><strong data-start=\"322\" data-end=\"357\">LES PERLES D\u2019ORIENT LA BELLAVIE<\/strong> \u2013 tai <strong data-start=\"364\" data-end=\"413\">moteri\u0161kumo, \u0161velnumo ir elegancijos simbolis<\/strong>, kuriame dera pudrin\u0117s, sald\u017eios ir g\u0117li\u0161kos natos. \u0160is aromatas skirtas moteriai, kuri nori spinduliuoti pasitik\u0117jim\u0105 ir rafinuotum\u0105, kartu i\u0161laikydama subtil\u0173 \u017eaves\u012f.<\/span><\/p>\n<p style=\"text-align: center;\" data-start=\"586\" data-end=\"603\"><span style=\"color: #000000;\">Rinkin\u012f sudaro:<\/span><\/p>\n<ul style=\"text-align: center;\" data-start=\"604\" data-end=\"861\">\n<li data-start=\"604\" data-end=\"709\">\n<p data-start=\"606\" data-end=\"709\"><span style=\"color: #000000;\"><strong data-start=\"606\" data-end=\"631\">EDP kvepalai (150 ml)<\/strong> \u2013 intensyvus, saldus ir \u0161iltas kvapas, paliekantis ilgai i\u0161liekant\u012f \u0161leif\u0105.<\/span><\/p>\n<\/li>\n<li data-start=\"710\" data-end=\"791\">\n<p data-start=\"712\" data-end=\"791\"><span style=\"color: #000000;\"><strong data-start=\"712\" data-end=\"735\">Du\u0161o gelis (100 ml)<\/strong> \u2013 \u0161velniai valo od\u0105 ir suteikia jai kvapn\u0173 mink\u0161tum\u0105.<\/span><\/p>\n<\/li>\n<li data-start=\"792\" data-end=\"861\">\n<p data-start=\"794\" data-end=\"861\"><span style=\"color: #000000;\"><strong data-start=\"794\" data-end=\"807\">Kosmetin\u0117<\/strong> \u2013 eleganti\u0161kas priedas j\u016bs\u0173 kasdienai ar kelion\u0117ms.<\/span><\/p>\n<\/li>\n<\/ul>\n<p style=\"text-align: center;\" data-start=\"863\" data-end=\"883\"><span style=\"color: #000000;\"><strong data-start=\"863\" data-end=\"881\">Kvepal\u0173 natos:<\/strong><\/span><\/p>\n<ul style=\"text-align: center;\" data-start=\"884\" data-end=\"1067\">\n<li data-start=\"884\" data-end=\"938\">\n<p data-start=\"886\" data-end=\"938\"><span style=\"color: #000000;\"><strong data-start=\"886\" data-end=\"907\">Vir\u0161utin\u0117s natos:<\/strong> juodieji serbentai, kriau\u0161\u0117s<\/span><\/p>\n<\/li>\n<li data-start=\"939\" data-end=\"1001\">\n<p data-start=\"941\" data-end=\"1001\"><span style=\"color: #000000;\"><strong data-start=\"941\" data-end=\"961\">Vidurin\u0117s natos:<\/strong> vilkdalgis, jazminai, apelsin\u0173 \u017eiedai<\/span><\/p>\n<\/li>\n<li data-start=\"1002\" data-end=\"1067\">\n<p data-start=\"1004\" data-end=\"1067\"><span style=\"color: #000000;\"><strong data-start=\"1004\" data-end=\"1023\">Apatin\u0117s natos:<\/strong> praline, vanil\u0117, pa\u010diuliai, tonka pupel\u0117s<\/span><\/p>\n<\/li>\n<\/ul>\n<p style=\"text-align: center;\" data-start=\"1069\" data-end=\"1314\"><span style=\"color: #000000;\"><strong data-start=\"1069\" data-end=\"1084\">LA BELLAVIE<\/strong> \u2013 tai <strong data-start=\"1091\" data-end=\"1135\">moteri\u0161kas, \u0161iltas ir gurmani\u0161kas kvapas<\/strong>, kuriame sald\u017eios praline ir vanil\u0117s natos harmoningai dera su pa\u010diuliais ir g\u0117li\u0173 \u0161irdimi. Aromatas skleid\u017eiasi palaipsniui \u2013 nuo vaisi\u0173 gaivumo iki gundan\u010dio, saldaus \u0161leifo.<\/span><\/p>\n<p style=\"text-align: center;\" data-start=\"1316\" data-end=\"1584\"><span style=\"color: #000000;\">\u0160is rinkinys priklauso <strong data-start=\"1339\" data-end=\"1392\">naujajai LES PERLES D\u2019ORIENT aliuminio kolekcijai<\/strong>, gars\u0117jan\u010diai <strong data-start=\"1407\" data-end=\"1454\">itali\u0161ku dizainu, ilgaam\u017ei\u0161kumu ir prabanga<\/strong>. 150 ml buteliukas \u2013 eleganti\u0161kas, stilingas ir funkcionalus pasirinkimas moteriai, m\u0117gstan\u010diai subtil\u0173, bet i\u0161rai\u0161king\u0105 kvap\u0105.<\/span><\/p>\n<p style=\"text-align: center;\" data-start=\"1586\" data-end=\"1612\"><span style=\"color: #000000;\"><strong data-start=\"1586\" data-end=\"1610\">Pagaminta Italijoje.<\/strong><\/span><\/p>\n<p style=\"text-align: center;\" data-start=\"1614\" data-end=\"1644\"><span style=\"color: #000000;\"><strong data-start=\"1614\" data-end=\"1642\">Pagrindiniai privalumai:<\/strong><\/span><\/p>\n<ul data-start=\"1645\" data-end=\"1866\">\n<li style=\"text-align: center;\" data-start=\"1645\" data-end=\"1706\">\n<p data-start=\"1647\" data-end=\"1706\"><span style=\"color: #000000;\">Saldus ir pudrinis aromatas su vanil\u0117s bei g\u0117li\u0173 natomis.<\/span><\/p>\n<\/li>\n<li style=\"text-align: center;\" data-start=\"1707\" data-end=\"1752\">\n<p data-start=\"1709\" data-end=\"1752\"><span style=\"color: #000000;\">Ilgai i\u0161liekantis kvapas su \u0161iltu \u0161leifu.<\/span><\/p>\n<\/li>\n<li style=\"text-align: center;\" data-start=\"1753\" data-end=\"1803\">\n<p data-start=\"1755\" data-end=\"1803\"><span style=\"color: #000000;\">Prabangus rinkinys su du\u0161o geliu ir kosmetine.<\/span><\/p>\n<\/li>\n<li style=\"text-align: center;\" data-start=\"1804\" data-end=\"1833\">\n<p data-start=\"1806\" data-end=\"1833\"><span style=\"color: #000000;\">Ital\u0173 kokyb\u0117 ir dizainas.<\/span><\/p>\n<\/li>\n<li data-start=\"1834\" data-end=\"1866\">\n<p style=\"text-align: center;\" data-start=\"1836\" data-end=\"1866\"><span style=\"color: #000000;\">Puikus pasirinkimas dovanai.<\/span><\/p>\n<\/li>\n<\/ul>\n","protected":false},"excerpt":{"rendered":"<p data-start=\"157\" data-end=\"281\">LES PERLES D\u2019ORIENT LA BELLAVIE \u2013 saldus, eleganti\u0161kas ir ilgai i\u0161liekantis pudrinis aromatas su vanil\u0117s, pa\u010diuli\u0173 ir apelsin\u0173 \u017eied\u0173 natomis.<\/p>\n<h3 data-start=\"284\" data-end=\"304\"><\/h3>\n","protected":false},"featured_media":61504,"template":"","meta":[],"product_brand":[546],"product_cat":[1137,707,545],"product_tag":[1632],"class_list":{"0":"post-61503","1":"product","2":"type-product","3":"status-publish","4":"has-post-thumbnail","6":"product_brand-les-perles-dorient","7":"product_cat-dovanos","8":"product_cat-kvepalai","9":"product_cat-kvepalai-moterims","10":"product_tag-les-perles-dorient","12":"first","13":"instock","14":"sale","15":"taxable","16":"shipping-taxable","17":"purchasable","18":"product-type-simple"},"yoast_head":"<!-- This site is optimized with the Yoast SEO plugin v27.4 - https:\/\/yoast.com\/product\/yoast-seo-wordpress\/ -->\n<title>LES PERLES D\u2019ORIENT kvepal\u0173 rinkinys moterims LA BELLAVIE EDP 150 ml + du\u0161o gelis 100 ml + kosmetin\u0117 - MalinaShop.lt J\u016bs\u0173 sveikatai ir gro\u017eiui.<\/title>\n<meta name=\"description\" content=\"LES PERLES D\u2019ORIENT LA BELLAVIE \u2013 saldus, pudrinis aromatas su vanil\u0117s, apelsin\u0173 \u017eied\u0173 ir pa\u010diuli\u0173 natomis. Rinkinys su kvepalais, du\u0161o geliu ir kosmetine.\" \/>\n<meta name=\"robots\" content=\"index, follow, max-snippet:-1, max-image-preview:large, max-video-preview:-1\" \/>\n<link rel=\"canonical\" href=\"https:\/\/www.malinashop.lt\/en\/shop\/les-perles-dorient-kvepalu-rinkinys-moterims-la-bellavie-edp-150-ml-duso-gelis-100-ml-kosmetine\/\" \/>\n<meta property=\"og:locale\" content=\"en_GB\" \/>\n<meta property=\"og:type\" content=\"article\" \/>\n<meta property=\"og:title\" content=\"LES PERLES D\u2019ORIENT kvepal\u0173 rinkinys moterims LA BELLAVIE EDP 150 ml + du\u0161o gelis 100 ml + kosmetin\u0117 - MalinaShop.lt J\u016bs\u0173 sveikatai ir gro\u017eiui.\" \/>\n<meta property=\"og:description\" content=\"LES PERLES D\u2019ORIENT LA BELLAVIE \u2013 saldus, pudrinis aromatas su vanil\u0117s, apelsin\u0173 \u017eied\u0173 ir pa\u010diuli\u0173 natomis. Rinkinys su kvepalais, du\u0161o geliu ir kosmetine.\" \/>\n<meta property=\"og:url\" content=\"https:\/\/www.malinashop.lt\/en\/shop\/les-perles-dorient-kvepalu-rinkinys-moterims-la-bellavie-edp-150-ml-duso-gelis-100-ml-kosmetine\/\" \/>\n<meta property=\"og:site_name\" content=\"MalinaShop.lt J\u016bs\u0173 sveikatai ir gro\u017eiui.\" \/>\n<meta property=\"article:modified_time\" content=\"2026-02-12T09:38:25+00:00\" \/>\n<meta property=\"og:image\" content=\"https:\/\/www.malinashop.lt\/wp-content\/uploads\/2025\/11\/LES-PERLES-DORIENT-kvepalu-rinkinys-moterims-LA-BELLAVIE-EDP-150-ml-duso-gelis-100-ml-kosmetine.webp\" \/>\n\t<meta property=\"og:image:width\" content=\"768\" \/>\n\t<meta property=\"og:image:height\" content=\"768\" \/>\n\t<meta property=\"og:image:type\" content=\"image\/webp\" \/>\n<meta name=\"twitter:card\" content=\"summary_large_image\" \/>\n<script type=\"application\/ld+json\" class=\"yoast-schema-graph\">{\"@context\":\"https:\\\/\\\/schema.org\",\"@graph\":[{\"@type\":\"WebPage\",\"@id\":\"https:\\\/\\\/www.malinashop.lt\\\/lt_lt\\\/shop\\\/les-perles-dorient-kvepalu-rinkinys-moterims-la-bellavie-edp-150-ml-duso-gelis-100-ml-kosmetine\\\/\",\"url\":\"https:\\\/\\\/www.malinashop.lt\\\/lt_lt\\\/shop\\\/les-perles-dorient-kvepalu-rinkinys-moterims-la-bellavie-edp-150-ml-duso-gelis-100-ml-kosmetine\\\/\",\"name\":\"LES PERLES D\u2019ORIENT kvepal\u0173 rinkinys moterims LA BELLAVIE EDP 150 ml + du\u0161o gelis 100 ml + kosmetin\u0117 - MalinaShop.lt J\u016bs\u0173 sveikatai ir gro\u017eiui.\",\"isPartOf\":{\"@id\":\"https:\\\/\\\/www.malinashop.lt\\\/#website\"},\"primaryImageOfPage\":{\"@id\":\"https:\\\/\\\/www.malinashop.lt\\\/lt_lt\\\/shop\\\/les-perles-dorient-kvepalu-rinkinys-moterims-la-bellavie-edp-150-ml-duso-gelis-100-ml-kosmetine\\\/#primaryimage\"},\"image\":{\"@id\":\"https:\\\/\\\/www.malinashop.lt\\\/lt_lt\\\/shop\\\/les-perles-dorient-kvepalu-rinkinys-moterims-la-bellavie-edp-150-ml-duso-gelis-100-ml-kosmetine\\\/#primaryimage\"},\"thumbnailUrl\":\"https:\\\/\\\/www.malinashop.lt\\\/wp-content\\\/uploads\\\/2025\\\/11\\\/LES-PERLES-DORIENT-kvepalu-rinkinys-moterims-LA-BELLAVIE-EDP-150-ml-duso-gelis-100-ml-kosmetine.webp\",\"datePublished\":\"2025-11-11T16:30:03+00:00\",\"dateModified\":\"2026-02-12T09:38:25+00:00\",\"description\":\"LES PERLES D\u2019ORIENT LA BELLAVIE \u2013 saldus, pudrinis aromatas su vanil\u0117s, apelsin\u0173 \u017eied\u0173 ir pa\u010diuli\u0173 natomis. Rinkinys su kvepalais, du\u0161o geliu ir kosmetine.\",\"breadcrumb\":{\"@id\":\"https:\\\/\\\/www.malinashop.lt\\\/lt_lt\\\/shop\\\/les-perles-dorient-kvepalu-rinkinys-moterims-la-bellavie-edp-150-ml-duso-gelis-100-ml-kosmetine\\\/#breadcrumb\"},\"inLanguage\":\"en-GB\",\"potentialAction\":[{\"@type\":\"ReadAction\",\"target\":[\"https:\\\/\\\/www.malinashop.lt\\\/lt_lt\\\/shop\\\/les-perles-dorient-kvepalu-rinkinys-moterims-la-bellavie-edp-150-ml-duso-gelis-100-ml-kosmetine\\\/\"]}]},{\"@type\":\"ImageObject\",\"inLanguage\":\"en-GB\",\"@id\":\"https:\\\/\\\/www.malinashop.lt\\\/lt_lt\\\/shop\\\/les-perles-dorient-kvepalu-rinkinys-moterims-la-bellavie-edp-150-ml-duso-gelis-100-ml-kosmetine\\\/#primaryimage\",\"url\":\"https:\\\/\\\/www.malinashop.lt\\\/wp-content\\\/uploads\\\/2025\\\/11\\\/LES-PERLES-DORIENT-kvepalu-rinkinys-moterims-LA-BELLAVIE-EDP-150-ml-duso-gelis-100-ml-kosmetine.webp\",\"contentUrl\":\"https:\\\/\\\/www.malinashop.lt\\\/wp-content\\\/uploads\\\/2025\\\/11\\\/LES-PERLES-DORIENT-kvepalu-rinkinys-moterims-LA-BELLAVIE-EDP-150-ml-duso-gelis-100-ml-kosmetine.webp\",\"width\":768,\"height\":768},{\"@type\":\"BreadcrumbList\",\"@id\":\"https:\\\/\\\/www.malinashop.lt\\\/lt_lt\\\/shop\\\/les-perles-dorient-kvepalu-rinkinys-moterims-la-bellavie-edp-150-ml-duso-gelis-100-ml-kosmetine\\\/#breadcrumb\",\"itemListElement\":[{\"@type\":\"ListItem\",\"position\":1,\"name\":\"Pagrindinis\",\"item\":\"https:\\\/\\\/www.malinashop.lt\\\/\"},{\"@type\":\"ListItem\",\"position\":2,\"name\":\"Parduotuv\u0117\",\"item\":\"https:\\\/\\\/www.malinashop.lt\\\/en\\\/parduotuve\\\/\"},{\"@type\":\"ListItem\",\"position\":3,\"name\":\"LES PERLES D\u2019ORIENT kvepal\u0173 rinkinys moterims LA BELLAVIE EDP 150 ml + du\u0161o gelis 100 ml + kosmetin\u0117\"}]},{\"@type\":\"WebSite\",\"@id\":\"https:\\\/\\\/www.malinashop.lt\\\/#website\",\"url\":\"https:\\\/\\\/www.malinashop.lt\\\/\",\"name\":\"COM Group Ecommerce\",\"description\":\"MalinaShop.lt - Gro\u017eio ir sveikatos produktai i\u0161 patikim\u0173 preki\u0173 \u017eenkl\u0173. Atraskite auk\u0161tos kokyb\u0117s kosmetik\u0105 u\u017e puiki\u0105 kain\u0105.\",\"publisher\":{\"@id\":\"https:\\\/\\\/www.malinashop.lt\\\/#organization\"},\"potentialAction\":[{\"@type\":\"SearchAction\",\"target\":{\"@type\":\"EntryPoint\",\"urlTemplate\":\"https:\\\/\\\/www.malinashop.lt\\\/?s={search_term_string}\"},\"query-input\":{\"@type\":\"PropertyValueSpecification\",\"valueRequired\":true,\"valueName\":\"search_term_string\"}}],\"inLanguage\":\"en-GB\"},{\"@type\":\"Organization\",\"@id\":\"https:\\\/\\\/www.malinashop.lt\\\/#organization\",\"name\":\"COM Group Ecommerce\",\"url\":\"https:\\\/\\\/www.malinashop.lt\\\/\",\"logo\":{\"@type\":\"ImageObject\",\"inLanguage\":\"en-GB\",\"@id\":\"https:\\\/\\\/www.malinashop.lt\\\/#\\\/schema\\\/logo\\\/image\\\/\",\"url\":\"https:\\\/\\\/www.malinashop.lt\\\/wp-content\\\/uploads\\\/2024\\\/08\\\/462559670_3787732518133670_9795632669273463_n-e1731525914575.png\",\"contentUrl\":\"https:\\\/\\\/www.malinashop.lt\\\/wp-content\\\/uploads\\\/2024\\\/08\\\/462559670_3787732518133670_9795632669273463_n-e1731525914575.png\",\"width\":180,\"height\":60,\"caption\":\"COM Group Ecommerce\"},\"image\":{\"@id\":\"https:\\\/\\\/www.malinashop.lt\\\/#\\\/schema\\\/logo\\\/image\\\/\"}}]}<\/script>\n<!-- \/ Yoast SEO plugin. -->","yoast_head_json":{"title":"LES PERLES D\u2019ORIENT kvepal\u0173 rinkinys moterims LA BELLAVIE EDP 150 ml + du\u0161o gelis 100 ml + kosmetin\u0117 - MalinaShop.lt J\u016bs\u0173 sveikatai ir gro\u017eiui.","description":"LES PERLES D\u2019ORIENT LA BELLAVIE \u2013 saldus, pudrinis aromatas su vanil\u0117s, apelsin\u0173 \u017eied\u0173 ir pa\u010diuli\u0173 natomis. Rinkinys su kvepalais, du\u0161o geliu ir kosmetine.","robots":{"index":"index","follow":"follow","max-snippet":"max-snippet:-1","max-image-preview":"max-image-preview:large","max-video-preview":"max-video-preview:-1"},"canonical":"https:\/\/www.malinashop.lt\/en\/shop\/les-perles-dorient-kvepalu-rinkinys-moterims-la-bellavie-edp-150-ml-duso-gelis-100-ml-kosmetine\/","og_locale":"en_GB","og_type":"article","og_title":"LES PERLES D\u2019ORIENT kvepal\u0173 rinkinys moterims LA BELLAVIE EDP 150 ml + du\u0161o gelis 100 ml + kosmetin\u0117 - MalinaShop.lt J\u016bs\u0173 sveikatai ir gro\u017eiui.","og_description":"LES PERLES D\u2019ORIENT LA BELLAVIE \u2013 saldus, pudrinis aromatas su vanil\u0117s, apelsin\u0173 \u017eied\u0173 ir pa\u010diuli\u0173 natomis. Rinkinys su kvepalais, du\u0161o geliu ir kosmetine.","og_url":"https:\/\/www.malinashop.lt\/en\/shop\/les-perles-dorient-kvepalu-rinkinys-moterims-la-bellavie-edp-150-ml-duso-gelis-100-ml-kosmetine\/","og_site_name":"MalinaShop.lt J\u016bs\u0173 sveikatai ir gro\u017eiui.","article_modified_time":"2026-02-12T09:38:25+00:00","og_image":[{"width":768,"height":768,"url":"https:\/\/www.malinashop.lt\/wp-content\/uploads\/2025\/11\/LES-PERLES-DORIENT-kvepalu-rinkinys-moterims-LA-BELLAVIE-EDP-150-ml-duso-gelis-100-ml-kosmetine.webp","type":"image\/webp"}],"twitter_card":"summary_large_image","schema":{"@context":"https:\/\/schema.org","@graph":[{"@type":"WebPage","@id":"https:\/\/www.malinashop.lt\/lt_lt\/shop\/les-perles-dorient-kvepalu-rinkinys-moterims-la-bellavie-edp-150-ml-duso-gelis-100-ml-kosmetine\/","url":"https:\/\/www.malinashop.lt\/lt_lt\/shop\/les-perles-dorient-kvepalu-rinkinys-moterims-la-bellavie-edp-150-ml-duso-gelis-100-ml-kosmetine\/","name":"LES PERLES D\u2019ORIENT kvepal\u0173 rinkinys moterims LA BELLAVIE EDP 150 ml + du\u0161o gelis 100 ml + kosmetin\u0117 - MalinaShop.lt J\u016bs\u0173 sveikatai ir gro\u017eiui.","isPartOf":{"@id":"https:\/\/www.malinashop.lt\/#website"},"primaryImageOfPage":{"@id":"https:\/\/www.malinashop.lt\/lt_lt\/shop\/les-perles-dorient-kvepalu-rinkinys-moterims-la-bellavie-edp-150-ml-duso-gelis-100-ml-kosmetine\/#primaryimage"},"image":{"@id":"https:\/\/www.malinashop.lt\/lt_lt\/shop\/les-perles-dorient-kvepalu-rinkinys-moterims-la-bellavie-edp-150-ml-duso-gelis-100-ml-kosmetine\/#primaryimage"},"thumbnailUrl":"https:\/\/www.malinashop.lt\/wp-content\/uploads\/2025\/11\/LES-PERLES-DORIENT-kvepalu-rinkinys-moterims-LA-BELLAVIE-EDP-150-ml-duso-gelis-100-ml-kosmetine.webp","datePublished":"2025-11-11T16:30:03+00:00","dateModified":"2026-02-12T09:38:25+00:00","description":"LES PERLES D\u2019ORIENT LA BELLAVIE \u2013 saldus, pudrinis aromatas su vanil\u0117s, apelsin\u0173 \u017eied\u0173 ir pa\u010diuli\u0173 natomis. Rinkinys su kvepalais, du\u0161o geliu ir kosmetine.","breadcrumb":{"@id":"https:\/\/www.malinashop.lt\/lt_lt\/shop\/les-perles-dorient-kvepalu-rinkinys-moterims-la-bellavie-edp-150-ml-duso-gelis-100-ml-kosmetine\/#breadcrumb"},"inLanguage":"en-GB","potentialAction":[{"@type":"ReadAction","target":["https:\/\/www.malinashop.lt\/lt_lt\/shop\/les-perles-dorient-kvepalu-rinkinys-moterims-la-bellavie-edp-150-ml-duso-gelis-100-ml-kosmetine\/"]}]},{"@type":"ImageObject","inLanguage":"en-GB","@id":"https:\/\/www.malinashop.lt\/lt_lt\/shop\/les-perles-dorient-kvepalu-rinkinys-moterims-la-bellavie-edp-150-ml-duso-gelis-100-ml-kosmetine\/#primaryimage","url":"https:\/\/www.malinashop.lt\/wp-content\/uploads\/2025\/11\/LES-PERLES-DORIENT-kvepalu-rinkinys-moterims-LA-BELLAVIE-EDP-150-ml-duso-gelis-100-ml-kosmetine.webp","contentUrl":"https:\/\/www.malinashop.lt\/wp-content\/uploads\/2025\/11\/LES-PERLES-DORIENT-kvepalu-rinkinys-moterims-LA-BELLAVIE-EDP-150-ml-duso-gelis-100-ml-kosmetine.webp","width":768,"height":768},{"@type":"BreadcrumbList","@id":"https:\/\/www.malinashop.lt\/lt_lt\/shop\/les-perles-dorient-kvepalu-rinkinys-moterims-la-bellavie-edp-150-ml-duso-gelis-100-ml-kosmetine\/#breadcrumb","itemListElement":[{"@type":"ListItem","position":1,"name":"Pagrindinis","item":"https:\/\/www.malinashop.lt\/"},{"@type":"ListItem","position":2,"name":"Parduotuv\u0117","item":"https:\/\/www.malinashop.lt\/en\/parduotuve\/"},{"@type":"ListItem","position":3,"name":"LES PERLES D\u2019ORIENT kvepal\u0173 rinkinys moterims LA BELLAVIE EDP 150 ml + du\u0161o gelis 100 ml + kosmetin\u0117"}]},{"@type":"WebSite","@id":"https:\/\/www.malinashop.lt\/#website","url":"https:\/\/www.malinashop.lt\/","name":"COM Group Ecommerce","description":"MalinaShop.lt - Gro\u017eio ir sveikatos produktai i\u0161 patikim\u0173 preki\u0173 \u017eenkl\u0173. Atraskite auk\u0161tos kokyb\u0117s kosmetik\u0105 u\u017e puiki\u0105 kain\u0105.","publisher":{"@id":"https:\/\/www.malinashop.lt\/#organization"},"potentialAction":[{"@type":"SearchAction","target":{"@type":"EntryPoint","urlTemplate":"https:\/\/www.malinashop.lt\/?s={search_term_string}"},"query-input":{"@type":"PropertyValueSpecification","valueRequired":true,"valueName":"search_term_string"}}],"inLanguage":"en-GB"},{"@type":"Organization","@id":"https:\/\/www.malinashop.lt\/#organization","name":"COM Group Ecommerce","url":"https:\/\/www.malinashop.lt\/","logo":{"@type":"ImageObject","inLanguage":"en-GB","@id":"https:\/\/www.malinashop.lt\/#\/schema\/logo\/image\/","url":"https:\/\/www.malinashop.lt\/wp-content\/uploads\/2024\/08\/462559670_3787732518133670_9795632669273463_n-e1731525914575.png","contentUrl":"https:\/\/www.malinashop.lt\/wp-content\/uploads\/2024\/08\/462559670_3787732518133670_9795632669273463_n-e1731525914575.png","width":180,"height":60,"caption":"COM Group Ecommerce"},"image":{"@id":"https:\/\/www.malinashop.lt\/#\/schema\/logo\/image\/"}}]}},"jetpack_sharing_enabled":true,"_links":{"self":[{"href":"https:\/\/www.malinashop.lt\/en\/wp-json\/wp\/v2\/product\/61503","targetHints":{"allow":["GET"]}}],"collection":[{"href":"https:\/\/www.malinashop.lt\/en\/wp-json\/wp\/v2\/product"}],"about":[{"href":"https:\/\/www.malinashop.lt\/en\/wp-json\/wp\/v2\/types\/product"}],"version-history":[{"count":1,"href":"https:\/\/www.malinashop.lt\/en\/wp-json\/wp\/v2\/product\/61503\/revisions"}],"predecessor-version":[{"id":61505,"href":"https:\/\/www.malinashop.lt\/en\/wp-json\/wp\/v2\/product\/61503\/revisions\/61505"}],"wp:featuredmedia":[{"embeddable":true,"href":"https:\/\/www.malinashop.lt\/en\/wp-json\/wp\/v2\/media\/61504"}],"wp:attachment":[{"href":"https:\/\/www.malinashop.lt\/en\/wp-json\/wp\/v2\/media?parent=61503"}],"wp:term":[{"taxonomy":"product_brand","embeddable":true,"href":"https:\/\/www.malinashop.lt\/en\/wp-json\/wp\/v2\/product_brand?post=61503"},{"taxonomy":"product_cat","embeddable":true,"href":"https:\/\/www.malinashop.lt\/en\/wp-json\/wp\/v2\/product_cat?post=61503"},{"taxonomy":"product_tag","embeddable":true,"href":"https:\/\/www.malinashop.lt\/en\/wp-json\/wp\/v2\/product_tag?post=61503"}],"curies":[{"name":"wp","href":"https:\/\/api.w.org\/{rel}","templated":true}]}}