{"id":61422,"date":"2025-11-10T13:10:15","date_gmt":"2025-11-10T10:10:15","guid":{"rendered":"https:\/\/malinashop.lt\/?post_type=product&#038;p=61422"},"modified":"2026-03-18T12:27:52","modified_gmt":"2026-03-18T09:27:52","slug":"sinoz-vitamin-cocktail-veido-kremas-makiazo-baze-50ml","status":"publish","type":"product","link":"https:\/\/www.malinashop.lt\/en\/shop\/sinoz-vitamin-cocktail-veido-kremas-makiazo-baze-50ml\/","title":{"rendered":"SINOZ VITAMIN COCKTAIL veido kremas \u2013 makia\u017eo baz\u0117, 50ml"},"content":{"rendered":"<p data-start=\"279\" data-end=\"469\"><span style=\"color: #000000\"><strong data-start=\"279\" data-end=\"305\">SINOZ VITAMIN COCKTAIL<\/strong> veido kremas \u2013 makia\u017eo baz\u0117 \u2013 tai <strong data-start=\"340\" data-end=\"394\">intensyviai dr\u0117kinanti ir maitinti skirta priemon\u0117<\/strong>, kuri suteikia odai nat\u016bral\u0173 \u0161vyt\u0117jim\u0105 bei paruo\u0161ia j\u0105 tobulam makia\u017eui.<\/span><\/p>\n<p data-start=\"471\" data-end=\"774\"><span style=\"color: #000000\">Jo <strong data-start=\"474\" data-end=\"514\">lengva, greitai susigerianti formul\u0117<\/strong> nepalieka riebumo poj\u016b\u010dio, o oda tampa <strong data-start=\"554\" data-end=\"595\">lygi, mink\u0161ta ir spindinti vis\u0105 dien\u0105<\/strong>. Kremo sud\u0117tyje esantys <strong data-start=\"620\" data-end=\"685\">vitamin\u0173 kompleksai, taukmed\u017eio sviestas ir hialurono r\u016bg\u0161tis<\/strong> u\u017etikrina ilgalaik\u012f dr\u0117kinim\u0105, ma\u017eina por\u0173 matomum\u0105 ir suteikia odai tolygi\u0105 tekst\u016br\u0105.<\/span><\/p>\n<p data-start=\"776\" data-end=\"1056\"><span style=\"color: #000000\">Gaivus aromatas be dirbtini\u0173 kvapi\u0173j\u0173 med\u017eiag\u0173 suteikia malon\u0173 poj\u016bt\u012f naudojimo metu.<\/span><br data-start=\"861\" data-end=\"864\" \/><span style=\"color: #000000\">Tinka <strong data-start=\"870\" data-end=\"888\">vis\u0173 tip\u0173 odai<\/strong>, \u012fskaitant jautri\u0105. Kremas gali b\u016bti naudojamas tiek <strong data-start=\"942\" data-end=\"968\">kasdieninei prie\u017ei\u016brai<\/strong>, tiek kaip <strong data-start=\"980\" data-end=\"1001\">makia\u017eo pagrindas<\/strong>, u\u017etikrinantis tolyg\u0173 ir ilgai i\u0161liekant\u012f padengim\u0105.<\/span><\/p>\n<p data-start=\"1058\" data-end=\"1088\"><span style=\"color: #000000\"><strong data-start=\"1058\" data-end=\"1086\">Pagrindiniai privalumai:<\/strong><\/span><\/p>\n<ul data-start=\"1089\" data-end=\"1347\">\n<li data-start=\"1089\" data-end=\"1127\">\n<p data-start=\"1091\" data-end=\"1127\"><span style=\"color: #000000\">Giliai <strong data-start=\"1098\" data-end=\"1120\">dr\u0117kina ir maitina<\/strong> od\u0105.<\/span><\/p>\n<\/li>\n<li data-start=\"1128\" data-end=\"1168\">\n<p data-start=\"1130\" data-end=\"1168\"><span style=\"color: #000000\"><strong data-start=\"1130\" data-end=\"1152\">Suteikia \u0161vyt\u0117jimo<\/strong> ir skaistumo.<\/span><\/p>\n<\/li>\n<li data-start=\"1169\" data-end=\"1220\">\n<p data-start=\"1171\" data-end=\"1220\"><span style=\"color: #000000\"><strong data-start=\"1171\" data-end=\"1195\">Ma\u017eina por\u0173 matomum\u0105<\/strong>, gerina odos tekst\u016br\u0105.<\/span><\/p>\n<\/li>\n<li data-start=\"1221\" data-end=\"1278\">\n<p data-start=\"1223\" data-end=\"1278\"><span style=\"color: #000000\"><strong data-start=\"1223\" data-end=\"1242\">Lengva, neriebi<\/strong> konsistencija, greitai susigeria.<\/span><\/p>\n<\/li>\n<li data-start=\"1279\" data-end=\"1319\">\n<p data-start=\"1281\" data-end=\"1319\"><span style=\"color: #000000\"><strong data-start=\"1281\" data-end=\"1316\">Puikiai tinka kaip makia\u017eo baz\u0117<\/strong>.<\/span><\/p>\n<\/li>\n<li data-start=\"1320\" data-end=\"1347\">\n<p data-start=\"1322\" data-end=\"1347\"><span style=\"color: #000000\">Be dirbtini\u0173 kvapikli\u0173.<\/span><\/p>\n<\/li>\n<\/ul>\n<p data-start=\"1349\" data-end=\"1546\"><span style=\"color: #000000\"><strong data-start=\"1349\" data-end=\"1364\">Naudojimas:<\/strong><\/span><br data-start=\"1364\" data-end=\"1367\" \/><span style=\"color: #000000\">U\u017etepkite nedidel\u012f kiek\u012f kremo ant \u0161varios, sausos veido odos ryte ir\/ar vakare.<\/span><br data-start=\"1447\" data-end=\"1450\" \/><span style=\"color: #000000\">Naudojant kaip makia\u017eo pagrind\u0105, palaukite, kol kremas visi\u0161kai susigers prie\u0161 tepant makia\u017e\u0105.<\/span><\/p>\n","protected":false},"excerpt":{"rendered":"<p data-start=\"193\" data-end=\"282\">Dr\u0117kinantis veido kremas su vitamin\u0173 kompleksu, taukmed\u017eio sviestu ir hialurono r\u016bg\u0161timi suteikia odai \u0161vyt\u0117jimo ir tolyg\u0173 pagrind\u0105 makia\u017eui.<\/p>\n","protected":false},"featured_media":61423,"template":"","meta":[],"product_brand":[1354],"product_cat":[527,187,728],"product_tag":[1619],"class_list":{"0":"post-61422","1":"product","2":"type-product","3":"status-publish","4":"has-post-thumbnail","6":"product_brand-sinoz","7":"product_cat-makiazo-bazes","8":"product_cat-veido-kremai","9":"product_cat-veidui","10":"product_tag-sinoz","12":"first","13":"outofstock","14":"sale","15":"taxable","16":"shipping-taxable","17":"purchasable","18":"product-type-simple"},"yoast_head":"<!-- This site is optimized with the Yoast SEO plugin v27.4 - https:\/\/yoast.com\/product\/yoast-seo-wordpress\/ -->\n<title>SINOZ VITAMIN COCKTAIL veido kremas \u2013 makia\u017eo baz\u0117, 50ml - MalinaShop.lt J\u016bs\u0173 sveikatai ir gro\u017eiui.<\/title>\n<meta name=\"description\" content=\"SINOZ VITAMIN COCKTAIL veido kremas su hialurono r\u016bg\u0161timi dr\u0117kina, suteikia \u0161vyt\u0117jimo ir paruo\u0161ia od\u0105 makia\u017eui \u2013 lengvas, neriebus ir maitinantis.\" \/>\n<meta name=\"robots\" content=\"index, follow, max-snippet:-1, max-image-preview:large, max-video-preview:-1\" \/>\n<link rel=\"canonical\" href=\"https:\/\/www.malinashop.lt\/en\/shop\/sinoz-vitamin-cocktail-veido-kremas-makiazo-baze-50ml\/\" \/>\n<meta property=\"og:locale\" content=\"en_GB\" \/>\n<meta property=\"og:type\" content=\"article\" \/>\n<meta property=\"og:title\" content=\"SINOZ VITAMIN COCKTAIL veido kremas \u2013 makia\u017eo baz\u0117, 50ml - MalinaShop.lt J\u016bs\u0173 sveikatai ir gro\u017eiui.\" \/>\n<meta property=\"og:description\" content=\"SINOZ VITAMIN COCKTAIL veido kremas su hialurono r\u016bg\u0161timi dr\u0117kina, suteikia \u0161vyt\u0117jimo ir paruo\u0161ia od\u0105 makia\u017eui \u2013 lengvas, neriebus ir maitinantis.\" \/>\n<meta property=\"og:url\" content=\"https:\/\/www.malinashop.lt\/en\/shop\/sinoz-vitamin-cocktail-veido-kremas-makiazo-baze-50ml\/\" \/>\n<meta property=\"og:site_name\" content=\"MalinaShop.lt J\u016bs\u0173 sveikatai ir gro\u017eiui.\" \/>\n<meta property=\"article:modified_time\" content=\"2026-03-18T09:27:52+00:00\" \/>\n<meta property=\"og:image\" content=\"https:\/\/www.malinashop.lt\/wp-content\/uploads\/2025\/11\/SINOZ-VITAMIN-COCKTAIL-veido-kremas-\u2013-makiazo-baze-50ml.webp\" \/>\n\t<meta property=\"og:image:width\" content=\"768\" \/>\n\t<meta property=\"og:image:height\" content=\"768\" \/>\n\t<meta property=\"og:image:type\" content=\"image\/webp\" \/>\n<meta name=\"twitter:card\" content=\"summary_large_image\" \/>\n<script type=\"application\/ld+json\" class=\"yoast-schema-graph\">{\"@context\":\"https:\\\/\\\/schema.org\",\"@graph\":[{\"@type\":\"WebPage\",\"@id\":\"https:\\\/\\\/www.malinashop.lt\\\/lt_lt\\\/shop\\\/sinoz-vitamin-cocktail-veido-kremas-makiazo-baze-50ml\\\/\",\"url\":\"https:\\\/\\\/www.malinashop.lt\\\/lt_lt\\\/shop\\\/sinoz-vitamin-cocktail-veido-kremas-makiazo-baze-50ml\\\/\",\"name\":\"SINOZ VITAMIN COCKTAIL veido kremas \u2013 makia\u017eo baz\u0117, 50ml - MalinaShop.lt J\u016bs\u0173 sveikatai ir gro\u017eiui.\",\"isPartOf\":{\"@id\":\"https:\\\/\\\/www.malinashop.lt\\\/#website\"},\"primaryImageOfPage\":{\"@id\":\"https:\\\/\\\/www.malinashop.lt\\\/lt_lt\\\/shop\\\/sinoz-vitamin-cocktail-veido-kremas-makiazo-baze-50ml\\\/#primaryimage\"},\"image\":{\"@id\":\"https:\\\/\\\/www.malinashop.lt\\\/lt_lt\\\/shop\\\/sinoz-vitamin-cocktail-veido-kremas-makiazo-baze-50ml\\\/#primaryimage\"},\"thumbnailUrl\":\"https:\\\/\\\/www.malinashop.lt\\\/wp-content\\\/uploads\\\/2025\\\/11\\\/SINOZ-VITAMIN-COCKTAIL-veido-kremas-\u2013-makiazo-baze-50ml.webp\",\"datePublished\":\"2025-11-10T10:10:15+00:00\",\"dateModified\":\"2026-03-18T09:27:52+00:00\",\"description\":\"SINOZ VITAMIN COCKTAIL veido kremas su hialurono r\u016bg\u0161timi dr\u0117kina, suteikia \u0161vyt\u0117jimo ir paruo\u0161ia od\u0105 makia\u017eui \u2013 lengvas, neriebus ir maitinantis.\",\"breadcrumb\":{\"@id\":\"https:\\\/\\\/www.malinashop.lt\\\/lt_lt\\\/shop\\\/sinoz-vitamin-cocktail-veido-kremas-makiazo-baze-50ml\\\/#breadcrumb\"},\"inLanguage\":\"en-GB\",\"potentialAction\":[{\"@type\":\"ReadAction\",\"target\":[\"https:\\\/\\\/www.malinashop.lt\\\/lt_lt\\\/shop\\\/sinoz-vitamin-cocktail-veido-kremas-makiazo-baze-50ml\\\/\"]}]},{\"@type\":\"ImageObject\",\"inLanguage\":\"en-GB\",\"@id\":\"https:\\\/\\\/www.malinashop.lt\\\/lt_lt\\\/shop\\\/sinoz-vitamin-cocktail-veido-kremas-makiazo-baze-50ml\\\/#primaryimage\",\"url\":\"https:\\\/\\\/www.malinashop.lt\\\/wp-content\\\/uploads\\\/2025\\\/11\\\/SINOZ-VITAMIN-COCKTAIL-veido-kremas-\u2013-makiazo-baze-50ml.webp\",\"contentUrl\":\"https:\\\/\\\/www.malinashop.lt\\\/wp-content\\\/uploads\\\/2025\\\/11\\\/SINOZ-VITAMIN-COCKTAIL-veido-kremas-\u2013-makiazo-baze-50ml.webp\",\"width\":768,\"height\":768},{\"@type\":\"BreadcrumbList\",\"@id\":\"https:\\\/\\\/www.malinashop.lt\\\/lt_lt\\\/shop\\\/sinoz-vitamin-cocktail-veido-kremas-makiazo-baze-50ml\\\/#breadcrumb\",\"itemListElement\":[{\"@type\":\"ListItem\",\"position\":1,\"name\":\"Pagrindinis\",\"item\":\"https:\\\/\\\/www.malinashop.lt\\\/\"},{\"@type\":\"ListItem\",\"position\":2,\"name\":\"Parduotuv\u0117\",\"item\":\"https:\\\/\\\/www.malinashop.lt\\\/en\\\/parduotuve\\\/\"},{\"@type\":\"ListItem\",\"position\":3,\"name\":\"SINOZ VITAMIN COCKTAIL veido kremas \u2013 makia\u017eo baz\u0117, 50ml\"}]},{\"@type\":\"WebSite\",\"@id\":\"https:\\\/\\\/www.malinashop.lt\\\/#website\",\"url\":\"https:\\\/\\\/www.malinashop.lt\\\/\",\"name\":\"COM Group Ecommerce\",\"description\":\"MalinaShop.lt - Gro\u017eio ir sveikatos produktai i\u0161 patikim\u0173 preki\u0173 \u017eenkl\u0173. Atraskite auk\u0161tos kokyb\u0117s kosmetik\u0105 u\u017e puiki\u0105 kain\u0105.\",\"publisher\":{\"@id\":\"https:\\\/\\\/www.malinashop.lt\\\/#organization\"},\"potentialAction\":[{\"@type\":\"SearchAction\",\"target\":{\"@type\":\"EntryPoint\",\"urlTemplate\":\"https:\\\/\\\/www.malinashop.lt\\\/?s={search_term_string}\"},\"query-input\":{\"@type\":\"PropertyValueSpecification\",\"valueRequired\":true,\"valueName\":\"search_term_string\"}}],\"inLanguage\":\"en-GB\"},{\"@type\":\"Organization\",\"@id\":\"https:\\\/\\\/www.malinashop.lt\\\/#organization\",\"name\":\"COM Group Ecommerce\",\"url\":\"https:\\\/\\\/www.malinashop.lt\\\/\",\"logo\":{\"@type\":\"ImageObject\",\"inLanguage\":\"en-GB\",\"@id\":\"https:\\\/\\\/www.malinashop.lt\\\/#\\\/schema\\\/logo\\\/image\\\/\",\"url\":\"https:\\\/\\\/www.malinashop.lt\\\/wp-content\\\/uploads\\\/2024\\\/08\\\/462559670_3787732518133670_9795632669273463_n-e1731525914575.png\",\"contentUrl\":\"https:\\\/\\\/www.malinashop.lt\\\/wp-content\\\/uploads\\\/2024\\\/08\\\/462559670_3787732518133670_9795632669273463_n-e1731525914575.png\",\"width\":180,\"height\":60,\"caption\":\"COM Group Ecommerce\"},\"image\":{\"@id\":\"https:\\\/\\\/www.malinashop.lt\\\/#\\\/schema\\\/logo\\\/image\\\/\"}}]}<\/script>\n<!-- \/ Yoast SEO plugin. -->","yoast_head_json":{"title":"SINOZ VITAMIN COCKTAIL veido kremas \u2013 makia\u017eo baz\u0117, 50ml - MalinaShop.lt J\u016bs\u0173 sveikatai ir gro\u017eiui.","description":"SINOZ VITAMIN COCKTAIL veido kremas su hialurono r\u016bg\u0161timi dr\u0117kina, suteikia \u0161vyt\u0117jimo ir paruo\u0161ia od\u0105 makia\u017eui \u2013 lengvas, neriebus ir maitinantis.","robots":{"index":"index","follow":"follow","max-snippet":"max-snippet:-1","max-image-preview":"max-image-preview:large","max-video-preview":"max-video-preview:-1"},"canonical":"https:\/\/www.malinashop.lt\/en\/shop\/sinoz-vitamin-cocktail-veido-kremas-makiazo-baze-50ml\/","og_locale":"en_GB","og_type":"article","og_title":"SINOZ VITAMIN COCKTAIL veido kremas \u2013 makia\u017eo baz\u0117, 50ml - MalinaShop.lt J\u016bs\u0173 sveikatai ir gro\u017eiui.","og_description":"SINOZ VITAMIN COCKTAIL veido kremas su hialurono r\u016bg\u0161timi dr\u0117kina, suteikia \u0161vyt\u0117jimo ir paruo\u0161ia od\u0105 makia\u017eui \u2013 lengvas, neriebus ir maitinantis.","og_url":"https:\/\/www.malinashop.lt\/en\/shop\/sinoz-vitamin-cocktail-veido-kremas-makiazo-baze-50ml\/","og_site_name":"MalinaShop.lt J\u016bs\u0173 sveikatai ir gro\u017eiui.","article_modified_time":"2026-03-18T09:27:52+00:00","og_image":[{"width":768,"height":768,"url":"https:\/\/www.malinashop.lt\/wp-content\/uploads\/2025\/11\/SINOZ-VITAMIN-COCKTAIL-veido-kremas-\u2013-makiazo-baze-50ml.webp","type":"image\/webp"}],"twitter_card":"summary_large_image","schema":{"@context":"https:\/\/schema.org","@graph":[{"@type":"WebPage","@id":"https:\/\/www.malinashop.lt\/lt_lt\/shop\/sinoz-vitamin-cocktail-veido-kremas-makiazo-baze-50ml\/","url":"https:\/\/www.malinashop.lt\/lt_lt\/shop\/sinoz-vitamin-cocktail-veido-kremas-makiazo-baze-50ml\/","name":"SINOZ VITAMIN COCKTAIL veido kremas \u2013 makia\u017eo baz\u0117, 50ml - MalinaShop.lt J\u016bs\u0173 sveikatai ir gro\u017eiui.","isPartOf":{"@id":"https:\/\/www.malinashop.lt\/#website"},"primaryImageOfPage":{"@id":"https:\/\/www.malinashop.lt\/lt_lt\/shop\/sinoz-vitamin-cocktail-veido-kremas-makiazo-baze-50ml\/#primaryimage"},"image":{"@id":"https:\/\/www.malinashop.lt\/lt_lt\/shop\/sinoz-vitamin-cocktail-veido-kremas-makiazo-baze-50ml\/#primaryimage"},"thumbnailUrl":"https:\/\/www.malinashop.lt\/wp-content\/uploads\/2025\/11\/SINOZ-VITAMIN-COCKTAIL-veido-kremas-\u2013-makiazo-baze-50ml.webp","datePublished":"2025-11-10T10:10:15+00:00","dateModified":"2026-03-18T09:27:52+00:00","description":"SINOZ VITAMIN COCKTAIL veido kremas su hialurono r\u016bg\u0161timi dr\u0117kina, suteikia \u0161vyt\u0117jimo ir paruo\u0161ia od\u0105 makia\u017eui \u2013 lengvas, neriebus ir maitinantis.","breadcrumb":{"@id":"https:\/\/www.malinashop.lt\/lt_lt\/shop\/sinoz-vitamin-cocktail-veido-kremas-makiazo-baze-50ml\/#breadcrumb"},"inLanguage":"en-GB","potentialAction":[{"@type":"ReadAction","target":["https:\/\/www.malinashop.lt\/lt_lt\/shop\/sinoz-vitamin-cocktail-veido-kremas-makiazo-baze-50ml\/"]}]},{"@type":"ImageObject","inLanguage":"en-GB","@id":"https:\/\/www.malinashop.lt\/lt_lt\/shop\/sinoz-vitamin-cocktail-veido-kremas-makiazo-baze-50ml\/#primaryimage","url":"https:\/\/www.malinashop.lt\/wp-content\/uploads\/2025\/11\/SINOZ-VITAMIN-COCKTAIL-veido-kremas-\u2013-makiazo-baze-50ml.webp","contentUrl":"https:\/\/www.malinashop.lt\/wp-content\/uploads\/2025\/11\/SINOZ-VITAMIN-COCKTAIL-veido-kremas-\u2013-makiazo-baze-50ml.webp","width":768,"height":768},{"@type":"BreadcrumbList","@id":"https:\/\/www.malinashop.lt\/lt_lt\/shop\/sinoz-vitamin-cocktail-veido-kremas-makiazo-baze-50ml\/#breadcrumb","itemListElement":[{"@type":"ListItem","position":1,"name":"Pagrindinis","item":"https:\/\/www.malinashop.lt\/"},{"@type":"ListItem","position":2,"name":"Parduotuv\u0117","item":"https:\/\/www.malinashop.lt\/en\/parduotuve\/"},{"@type":"ListItem","position":3,"name":"SINOZ VITAMIN COCKTAIL veido kremas \u2013 makia\u017eo baz\u0117, 50ml"}]},{"@type":"WebSite","@id":"https:\/\/www.malinashop.lt\/#website","url":"https:\/\/www.malinashop.lt\/","name":"COM Group Ecommerce","description":"MalinaShop.lt - Gro\u017eio ir sveikatos produktai i\u0161 patikim\u0173 preki\u0173 \u017eenkl\u0173. Atraskite auk\u0161tos kokyb\u0117s kosmetik\u0105 u\u017e puiki\u0105 kain\u0105.","publisher":{"@id":"https:\/\/www.malinashop.lt\/#organization"},"potentialAction":[{"@type":"SearchAction","target":{"@type":"EntryPoint","urlTemplate":"https:\/\/www.malinashop.lt\/?s={search_term_string}"},"query-input":{"@type":"PropertyValueSpecification","valueRequired":true,"valueName":"search_term_string"}}],"inLanguage":"en-GB"},{"@type":"Organization","@id":"https:\/\/www.malinashop.lt\/#organization","name":"COM Group Ecommerce","url":"https:\/\/www.malinashop.lt\/","logo":{"@type":"ImageObject","inLanguage":"en-GB","@id":"https:\/\/www.malinashop.lt\/#\/schema\/logo\/image\/","url":"https:\/\/www.malinashop.lt\/wp-content\/uploads\/2024\/08\/462559670_3787732518133670_9795632669273463_n-e1731525914575.png","contentUrl":"https:\/\/www.malinashop.lt\/wp-content\/uploads\/2024\/08\/462559670_3787732518133670_9795632669273463_n-e1731525914575.png","width":180,"height":60,"caption":"COM Group Ecommerce"},"image":{"@id":"https:\/\/www.malinashop.lt\/#\/schema\/logo\/image\/"}}]}},"jetpack_sharing_enabled":true,"_links":{"self":[{"href":"https:\/\/www.malinashop.lt\/en\/wp-json\/wp\/v2\/product\/61422","targetHints":{"allow":["GET"]}}],"collection":[{"href":"https:\/\/www.malinashop.lt\/en\/wp-json\/wp\/v2\/product"}],"about":[{"href":"https:\/\/www.malinashop.lt\/en\/wp-json\/wp\/v2\/types\/product"}],"version-history":[{"count":2,"href":"https:\/\/www.malinashop.lt\/en\/wp-json\/wp\/v2\/product\/61422\/revisions"}],"predecessor-version":[{"id":72815,"href":"https:\/\/www.malinashop.lt\/en\/wp-json\/wp\/v2\/product\/61422\/revisions\/72815"}],"wp:featuredmedia":[{"embeddable":true,"href":"https:\/\/www.malinashop.lt\/en\/wp-json\/wp\/v2\/media\/61423"}],"wp:attachment":[{"href":"https:\/\/www.malinashop.lt\/en\/wp-json\/wp\/v2\/media?parent=61422"}],"wp:term":[{"taxonomy":"product_brand","embeddable":true,"href":"https:\/\/www.malinashop.lt\/en\/wp-json\/wp\/v2\/product_brand?post=61422"},{"taxonomy":"product_cat","embeddable":true,"href":"https:\/\/www.malinashop.lt\/en\/wp-json\/wp\/v2\/product_cat?post=61422"},{"taxonomy":"product_tag","embeddable":true,"href":"https:\/\/www.malinashop.lt\/en\/wp-json\/wp\/v2\/product_tag?post=61422"}],"curies":[{"name":"wp","href":"https:\/\/api.w.org\/{rel}","templated":true}]}}