{"id":61416,"date":"2025-11-10T13:07:05","date_gmt":"2025-11-10T10:07:05","guid":{"rendered":"https:\/\/malinashop.lt\/?post_type=product&#038;p=61416"},"modified":"2026-03-18T12:27:53","modified_gmt":"2026-03-18T09:27:53","slug":"sinoz-vanilla-kuno-sveitiklis-300g","status":"publish","type":"product","link":"https:\/\/www.malinashop.lt\/en\/shop\/sinoz-vanilla-kuno-sveitiklis-300g\/","title":{"rendered":"SINOZ VANILLA k\u016bno \u0161veitiklis, 300g"},"content":{"rendered":"<p data-start=\"263\" data-end=\"532\"><span style=\"color: #000000;\"><strong data-start=\"263\" data-end=\"280\">SINOZ VANILLA<\/strong> k\u016bno \u0161veitiklis \u2013 tai prabangi prie\u017ei\u016bros priemon\u0117, skirta odos \u0161velnumui ir spindesiui atkurti. Priemon\u0117 <strong data-start=\"387\" data-end=\"430\">\u0161velniai pa\u0161alina negyvas odos l\u0105steles<\/strong>, padeda <strong data-start=\"439\" data-end=\"477\">i\u0161laikyti nat\u016bral\u0173 dr\u0117gm\u0117s balans\u0105<\/strong>, suteikia <strong data-start=\"488\" data-end=\"522\">mink\u0161tumo ir \u0161ilkinio glotnumo<\/strong> poj\u016bt\u012f.<\/span><\/p>\n<p data-start=\"534\" data-end=\"794\"><span style=\"color: #000000;\">Kremo tekst\u016bros \u0161veitiklis praturtintas <strong data-start=\"574\" data-end=\"634\">kokos\u0173 aliejumi, \u017ealiosios arbatos ir agurk\u0173 ekstraktais<\/strong>, kurie ramina ir dr\u0117kina od\u0105, padeda jai tapti elastingesnei. Malonus <strong data-start=\"705\" data-end=\"723\">vanil\u0117s kvapas<\/strong> i\u0161lieka ant odos vis\u0105 dien\u0105, suteikdamas jaukumo ir komforto poj\u016bt\u012f.<\/span><\/p>\n<p data-start=\"796\" data-end=\"888\"><span style=\"color: #000000;\">Tinka naudoti tiek visam k\u016bnui, tiek <strong data-start=\"833\" data-end=\"854\">rankoms ir p\u0117doms<\/strong> \u2013 prie\u0161 maniki\u016br\u0105 ar pediki\u016br\u0105.<\/span><\/p>\n<p data-start=\"890\" data-end=\"930\"><span style=\"color: #000000;\"><strong data-start=\"890\" data-end=\"928\">Pagrindin\u0117s veikliosios med\u017eiagos:<\/strong><\/span><\/p>\n<ul data-start=\"931\" data-end=\"1205\">\n<li data-start=\"931\" data-end=\"993\">\n<p data-start=\"933\" data-end=\"993\"><span style=\"color: #000000;\"><strong data-start=\"933\" data-end=\"951\">Kokos\u0173 aliejus<\/strong> \u2013 intensyviai maitina ir mink\u0161tina od\u0105.<\/span><\/p>\n<\/li>\n<li data-start=\"994\" data-end=\"1076\">\n<p data-start=\"996\" data-end=\"1076\"><span style=\"color: #000000;\"><strong data-start=\"996\" data-end=\"1028\">\u017daliosios arbatos ekstraktas<\/strong> \u2013 tonizuoja ir apsaugo nuo laisv\u0173j\u0173 radikal\u0173.<\/span><\/p>\n<\/li>\n<li data-start=\"1077\" data-end=\"1135\">\n<p data-start=\"1079\" data-end=\"1135\"><span style=\"color: #000000;\"><strong data-start=\"1079\" data-end=\"1100\">Agurk\u0173 ekstraktas<\/strong> \u2013 atgaivina ir suteikia dr\u0117gm\u0117s.<\/span><\/p>\n<\/li>\n<li data-start=\"1136\" data-end=\"1205\">\n<p data-start=\"1138\" data-end=\"1205\"><span style=\"color: #000000;\"><strong data-start=\"1138\" data-end=\"1153\">Vitaminas E<\/strong> \u2013 stiprina odos barjer\u0105 ir saugo nuo i\u0161saus\u0117jimo.<\/span><\/p>\n<\/li>\n<\/ul>\n<p data-start=\"1207\" data-end=\"1478\"><span style=\"color: #000000;\"><strong data-start=\"1207\" data-end=\"1222\">Naudojimas:<\/strong><\/span><br data-start=\"1222\" data-end=\"1225\" \/><span style=\"color: #000000;\">U\u017etepkite nedidel\u012f kiek\u012f \u0161veitiklio ant dr\u0117gnos odos ir \u0161velniai masa\u017euokite sukamaisiais judesiais. Nuplaukite vandeniu.<\/span><br data-start=\"1346\" data-end=\"1349\" \/><span style=\"color: #000000;\">Naudokite <strong data-start=\"1359\" data-end=\"1387\">kelis kartus per savait\u0119<\/strong> arba kasdien, taip pat tik <strong data-start=\"1415\" data-end=\"1436\">rankoms ar p\u0117doms<\/strong> \u2013 poilsiui ir atgaivai po ilgos dienos.<\/span><\/p>\n","protected":false},"excerpt":{"rendered":"<p data-start=\"193\" data-end=\"282\">K\u016bno \u0161veitiklis su kokos\u0173 aliejumi, \u017ealiosios arbatos ir agurk\u0173 ekstraktais \u0161velniai valo, maitina ir suteikia odai \u0161vyt\u0117jimo bei vanil\u0117s aromat\u0105.<\/p>\n","protected":false},"featured_media":61417,"template":"","meta":[],"product_brand":[1354],"product_cat":[557,731],"product_tag":[1619],"class_list":{"0":"post-61416","1":"product","2":"type-product","3":"status-publish","4":"has-post-thumbnail","6":"product_brand-sinoz","7":"product_cat-kuno-sveitikliai","8":"product_cat-kunui","9":"product_tag-sinoz","11":"first","12":"instock","13":"sale","14":"taxable","15":"shipping-taxable","16":"purchasable","17":"product-type-simple"},"yoast_head":"<!-- This site is optimized with the Yoast SEO plugin v27.4 - https:\/\/yoast.com\/product\/yoast-seo-wordpress\/ -->\n<title>SINOZ VANILLA k\u016bno \u0161veitiklis, 300g - MalinaShop.lt J\u016bs\u0173 sveikatai ir gro\u017eiui.<\/title>\n<meta name=\"description\" content=\"SINOZ VANILLA k\u016bno \u0161veitiklis su kokos\u0173 aliejumi ir vanil\u0117s kvapu \u0161velniai valo, maitina ir suteikia odai \u0161vyt\u0117jimo bei \u0161velnumo.\" \/>\n<meta name=\"robots\" content=\"index, follow, max-snippet:-1, max-image-preview:large, max-video-preview:-1\" \/>\n<link rel=\"canonical\" href=\"https:\/\/www.malinashop.lt\/en\/shop\/sinoz-vanilla-kuno-sveitiklis-300g\/\" \/>\n<meta property=\"og:locale\" content=\"en_GB\" \/>\n<meta property=\"og:type\" content=\"article\" \/>\n<meta property=\"og:title\" content=\"SINOZ VANILLA k\u016bno \u0161veitiklis, 300g - MalinaShop.lt J\u016bs\u0173 sveikatai ir gro\u017eiui.\" \/>\n<meta property=\"og:description\" content=\"SINOZ VANILLA k\u016bno \u0161veitiklis su kokos\u0173 aliejumi ir vanil\u0117s kvapu \u0161velniai valo, maitina ir suteikia odai \u0161vyt\u0117jimo bei \u0161velnumo.\" \/>\n<meta property=\"og:url\" content=\"https:\/\/www.malinashop.lt\/en\/shop\/sinoz-vanilla-kuno-sveitiklis-300g\/\" \/>\n<meta property=\"og:site_name\" content=\"MalinaShop.lt J\u016bs\u0173 sveikatai ir gro\u017eiui.\" \/>\n<meta property=\"article:modified_time\" content=\"2026-03-18T09:27:53+00:00\" \/>\n<meta property=\"og:image\" content=\"https:\/\/www.malinashop.lt\/wp-content\/uploads\/2025\/11\/SINOZ-VANILLA-kuno-sveitiklis-300g.webp\" \/>\n\t<meta property=\"og:image:width\" content=\"768\" \/>\n\t<meta property=\"og:image:height\" content=\"768\" \/>\n\t<meta property=\"og:image:type\" content=\"image\/webp\" \/>\n<meta name=\"twitter:card\" content=\"summary_large_image\" \/>\n<script type=\"application\/ld+json\" class=\"yoast-schema-graph\">{\"@context\":\"https:\\\/\\\/schema.org\",\"@graph\":[{\"@type\":\"WebPage\",\"@id\":\"https:\\\/\\\/www.malinashop.lt\\\/lt_lt\\\/shop\\\/sinoz-vanilla-kuno-sveitiklis-300g\\\/\",\"url\":\"https:\\\/\\\/www.malinashop.lt\\\/lt_lt\\\/shop\\\/sinoz-vanilla-kuno-sveitiklis-300g\\\/\",\"name\":\"SINOZ VANILLA k\u016bno \u0161veitiklis, 300g - MalinaShop.lt J\u016bs\u0173 sveikatai ir gro\u017eiui.\",\"isPartOf\":{\"@id\":\"https:\\\/\\\/www.malinashop.lt\\\/#website\"},\"primaryImageOfPage\":{\"@id\":\"https:\\\/\\\/www.malinashop.lt\\\/lt_lt\\\/shop\\\/sinoz-vanilla-kuno-sveitiklis-300g\\\/#primaryimage\"},\"image\":{\"@id\":\"https:\\\/\\\/www.malinashop.lt\\\/lt_lt\\\/shop\\\/sinoz-vanilla-kuno-sveitiklis-300g\\\/#primaryimage\"},\"thumbnailUrl\":\"https:\\\/\\\/www.malinashop.lt\\\/wp-content\\\/uploads\\\/2025\\\/11\\\/SINOZ-VANILLA-kuno-sveitiklis-300g.webp\",\"datePublished\":\"2025-11-10T10:07:05+00:00\",\"dateModified\":\"2026-03-18T09:27:53+00:00\",\"description\":\"SINOZ VANILLA k\u016bno \u0161veitiklis su kokos\u0173 aliejumi ir vanil\u0117s kvapu \u0161velniai valo, maitina ir suteikia odai \u0161vyt\u0117jimo bei \u0161velnumo.\",\"breadcrumb\":{\"@id\":\"https:\\\/\\\/www.malinashop.lt\\\/lt_lt\\\/shop\\\/sinoz-vanilla-kuno-sveitiklis-300g\\\/#breadcrumb\"},\"inLanguage\":\"en-GB\",\"potentialAction\":[{\"@type\":\"ReadAction\",\"target\":[\"https:\\\/\\\/www.malinashop.lt\\\/lt_lt\\\/shop\\\/sinoz-vanilla-kuno-sveitiklis-300g\\\/\"]}]},{\"@type\":\"ImageObject\",\"inLanguage\":\"en-GB\",\"@id\":\"https:\\\/\\\/www.malinashop.lt\\\/lt_lt\\\/shop\\\/sinoz-vanilla-kuno-sveitiklis-300g\\\/#primaryimage\",\"url\":\"https:\\\/\\\/www.malinashop.lt\\\/wp-content\\\/uploads\\\/2025\\\/11\\\/SINOZ-VANILLA-kuno-sveitiklis-300g.webp\",\"contentUrl\":\"https:\\\/\\\/www.malinashop.lt\\\/wp-content\\\/uploads\\\/2025\\\/11\\\/SINOZ-VANILLA-kuno-sveitiklis-300g.webp\",\"width\":768,\"height\":768},{\"@type\":\"BreadcrumbList\",\"@id\":\"https:\\\/\\\/www.malinashop.lt\\\/lt_lt\\\/shop\\\/sinoz-vanilla-kuno-sveitiklis-300g\\\/#breadcrumb\",\"itemListElement\":[{\"@type\":\"ListItem\",\"position\":1,\"name\":\"Pagrindinis\",\"item\":\"https:\\\/\\\/www.malinashop.lt\\\/\"},{\"@type\":\"ListItem\",\"position\":2,\"name\":\"Parduotuv\u0117\",\"item\":\"https:\\\/\\\/www.malinashop.lt\\\/en\\\/parduotuve\\\/\"},{\"@type\":\"ListItem\",\"position\":3,\"name\":\"SINOZ VANILLA k\u016bno \u0161veitiklis, 300g\"}]},{\"@type\":\"WebSite\",\"@id\":\"https:\\\/\\\/www.malinashop.lt\\\/#website\",\"url\":\"https:\\\/\\\/www.malinashop.lt\\\/\",\"name\":\"COM Group Ecommerce\",\"description\":\"MalinaShop.lt - Gro\u017eio ir sveikatos produktai i\u0161 patikim\u0173 preki\u0173 \u017eenkl\u0173. Atraskite auk\u0161tos kokyb\u0117s kosmetik\u0105 u\u017e puiki\u0105 kain\u0105.\",\"publisher\":{\"@id\":\"https:\\\/\\\/www.malinashop.lt\\\/#organization\"},\"potentialAction\":[{\"@type\":\"SearchAction\",\"target\":{\"@type\":\"EntryPoint\",\"urlTemplate\":\"https:\\\/\\\/www.malinashop.lt\\\/?s={search_term_string}\"},\"query-input\":{\"@type\":\"PropertyValueSpecification\",\"valueRequired\":true,\"valueName\":\"search_term_string\"}}],\"inLanguage\":\"en-GB\"},{\"@type\":\"Organization\",\"@id\":\"https:\\\/\\\/www.malinashop.lt\\\/#organization\",\"name\":\"COM Group Ecommerce\",\"url\":\"https:\\\/\\\/www.malinashop.lt\\\/\",\"logo\":{\"@type\":\"ImageObject\",\"inLanguage\":\"en-GB\",\"@id\":\"https:\\\/\\\/www.malinashop.lt\\\/#\\\/schema\\\/logo\\\/image\\\/\",\"url\":\"https:\\\/\\\/www.malinashop.lt\\\/wp-content\\\/uploads\\\/2024\\\/08\\\/462559670_3787732518133670_9795632669273463_n-e1731525914575.png\",\"contentUrl\":\"https:\\\/\\\/www.malinashop.lt\\\/wp-content\\\/uploads\\\/2024\\\/08\\\/462559670_3787732518133670_9795632669273463_n-e1731525914575.png\",\"width\":180,\"height\":60,\"caption\":\"COM Group Ecommerce\"},\"image\":{\"@id\":\"https:\\\/\\\/www.malinashop.lt\\\/#\\\/schema\\\/logo\\\/image\\\/\"}}]}<\/script>\n<!-- \/ Yoast SEO plugin. -->","yoast_head_json":{"title":"SINOZ VANILLA k\u016bno \u0161veitiklis, 300g - MalinaShop.lt J\u016bs\u0173 sveikatai ir gro\u017eiui.","description":"SINOZ VANILLA k\u016bno \u0161veitiklis su kokos\u0173 aliejumi ir vanil\u0117s kvapu \u0161velniai valo, maitina ir suteikia odai \u0161vyt\u0117jimo bei \u0161velnumo.","robots":{"index":"index","follow":"follow","max-snippet":"max-snippet:-1","max-image-preview":"max-image-preview:large","max-video-preview":"max-video-preview:-1"},"canonical":"https:\/\/www.malinashop.lt\/en\/shop\/sinoz-vanilla-kuno-sveitiklis-300g\/","og_locale":"en_GB","og_type":"article","og_title":"SINOZ VANILLA k\u016bno \u0161veitiklis, 300g - MalinaShop.lt J\u016bs\u0173 sveikatai ir gro\u017eiui.","og_description":"SINOZ VANILLA k\u016bno \u0161veitiklis su kokos\u0173 aliejumi ir vanil\u0117s kvapu \u0161velniai valo, maitina ir suteikia odai \u0161vyt\u0117jimo bei \u0161velnumo.","og_url":"https:\/\/www.malinashop.lt\/en\/shop\/sinoz-vanilla-kuno-sveitiklis-300g\/","og_site_name":"MalinaShop.lt J\u016bs\u0173 sveikatai ir gro\u017eiui.","article_modified_time":"2026-03-18T09:27:53+00:00","og_image":[{"width":768,"height":768,"url":"https:\/\/www.malinashop.lt\/wp-content\/uploads\/2025\/11\/SINOZ-VANILLA-kuno-sveitiklis-300g.webp","type":"image\/webp"}],"twitter_card":"summary_large_image","schema":{"@context":"https:\/\/schema.org","@graph":[{"@type":"WebPage","@id":"https:\/\/www.malinashop.lt\/lt_lt\/shop\/sinoz-vanilla-kuno-sveitiklis-300g\/","url":"https:\/\/www.malinashop.lt\/lt_lt\/shop\/sinoz-vanilla-kuno-sveitiklis-300g\/","name":"SINOZ VANILLA k\u016bno \u0161veitiklis, 300g - MalinaShop.lt J\u016bs\u0173 sveikatai ir gro\u017eiui.","isPartOf":{"@id":"https:\/\/www.malinashop.lt\/#website"},"primaryImageOfPage":{"@id":"https:\/\/www.malinashop.lt\/lt_lt\/shop\/sinoz-vanilla-kuno-sveitiklis-300g\/#primaryimage"},"image":{"@id":"https:\/\/www.malinashop.lt\/lt_lt\/shop\/sinoz-vanilla-kuno-sveitiklis-300g\/#primaryimage"},"thumbnailUrl":"https:\/\/www.malinashop.lt\/wp-content\/uploads\/2025\/11\/SINOZ-VANILLA-kuno-sveitiklis-300g.webp","datePublished":"2025-11-10T10:07:05+00:00","dateModified":"2026-03-18T09:27:53+00:00","description":"SINOZ VANILLA k\u016bno \u0161veitiklis su kokos\u0173 aliejumi ir vanil\u0117s kvapu \u0161velniai valo, maitina ir suteikia odai \u0161vyt\u0117jimo bei \u0161velnumo.","breadcrumb":{"@id":"https:\/\/www.malinashop.lt\/lt_lt\/shop\/sinoz-vanilla-kuno-sveitiklis-300g\/#breadcrumb"},"inLanguage":"en-GB","potentialAction":[{"@type":"ReadAction","target":["https:\/\/www.malinashop.lt\/lt_lt\/shop\/sinoz-vanilla-kuno-sveitiklis-300g\/"]}]},{"@type":"ImageObject","inLanguage":"en-GB","@id":"https:\/\/www.malinashop.lt\/lt_lt\/shop\/sinoz-vanilla-kuno-sveitiklis-300g\/#primaryimage","url":"https:\/\/www.malinashop.lt\/wp-content\/uploads\/2025\/11\/SINOZ-VANILLA-kuno-sveitiklis-300g.webp","contentUrl":"https:\/\/www.malinashop.lt\/wp-content\/uploads\/2025\/11\/SINOZ-VANILLA-kuno-sveitiklis-300g.webp","width":768,"height":768},{"@type":"BreadcrumbList","@id":"https:\/\/www.malinashop.lt\/lt_lt\/shop\/sinoz-vanilla-kuno-sveitiklis-300g\/#breadcrumb","itemListElement":[{"@type":"ListItem","position":1,"name":"Pagrindinis","item":"https:\/\/www.malinashop.lt\/"},{"@type":"ListItem","position":2,"name":"Parduotuv\u0117","item":"https:\/\/www.malinashop.lt\/en\/parduotuve\/"},{"@type":"ListItem","position":3,"name":"SINOZ VANILLA k\u016bno \u0161veitiklis, 300g"}]},{"@type":"WebSite","@id":"https:\/\/www.malinashop.lt\/#website","url":"https:\/\/www.malinashop.lt\/","name":"COM Group Ecommerce","description":"MalinaShop.lt - Gro\u017eio ir sveikatos produktai i\u0161 patikim\u0173 preki\u0173 \u017eenkl\u0173. Atraskite auk\u0161tos kokyb\u0117s kosmetik\u0105 u\u017e puiki\u0105 kain\u0105.","publisher":{"@id":"https:\/\/www.malinashop.lt\/#organization"},"potentialAction":[{"@type":"SearchAction","target":{"@type":"EntryPoint","urlTemplate":"https:\/\/www.malinashop.lt\/?s={search_term_string}"},"query-input":{"@type":"PropertyValueSpecification","valueRequired":true,"valueName":"search_term_string"}}],"inLanguage":"en-GB"},{"@type":"Organization","@id":"https:\/\/www.malinashop.lt\/#organization","name":"COM Group Ecommerce","url":"https:\/\/www.malinashop.lt\/","logo":{"@type":"ImageObject","inLanguage":"en-GB","@id":"https:\/\/www.malinashop.lt\/#\/schema\/logo\/image\/","url":"https:\/\/www.malinashop.lt\/wp-content\/uploads\/2024\/08\/462559670_3787732518133670_9795632669273463_n-e1731525914575.png","contentUrl":"https:\/\/www.malinashop.lt\/wp-content\/uploads\/2024\/08\/462559670_3787732518133670_9795632669273463_n-e1731525914575.png","width":180,"height":60,"caption":"COM Group Ecommerce"},"image":{"@id":"https:\/\/www.malinashop.lt\/#\/schema\/logo\/image\/"}}]}},"jetpack_sharing_enabled":true,"_links":{"self":[{"href":"https:\/\/www.malinashop.lt\/en\/wp-json\/wp\/v2\/product\/61416","targetHints":{"allow":["GET"]}}],"collection":[{"href":"https:\/\/www.malinashop.lt\/en\/wp-json\/wp\/v2\/product"}],"about":[{"href":"https:\/\/www.malinashop.lt\/en\/wp-json\/wp\/v2\/types\/product"}],"version-history":[{"count":1,"href":"https:\/\/www.malinashop.lt\/en\/wp-json\/wp\/v2\/product\/61416\/revisions"}],"predecessor-version":[{"id":61418,"href":"https:\/\/www.malinashop.lt\/en\/wp-json\/wp\/v2\/product\/61416\/revisions\/61418"}],"wp:featuredmedia":[{"embeddable":true,"href":"https:\/\/www.malinashop.lt\/en\/wp-json\/wp\/v2\/media\/61417"}],"wp:attachment":[{"href":"https:\/\/www.malinashop.lt\/en\/wp-json\/wp\/v2\/media?parent=61416"}],"wp:term":[{"taxonomy":"product_brand","embeddable":true,"href":"https:\/\/www.malinashop.lt\/en\/wp-json\/wp\/v2\/product_brand?post=61416"},{"taxonomy":"product_cat","embeddable":true,"href":"https:\/\/www.malinashop.lt\/en\/wp-json\/wp\/v2\/product_cat?post=61416"},{"taxonomy":"product_tag","embeddable":true,"href":"https:\/\/www.malinashop.lt\/en\/wp-json\/wp\/v2\/product_tag?post=61416"}],"curies":[{"name":"wp","href":"https:\/\/api.w.org\/{rel}","templated":true}]}}