{"id":60047,"date":"2025-10-29T22:08:05","date_gmt":"2025-10-29T19:08:05","guid":{"rendered":"https:\/\/malinashop.lt\/?post_type=product&#038;p=60047"},"modified":"2026-02-12T12:37:08","modified_gmt":"2026-02-12T09:37:08","slug":"linea-35-vigneto-imperiale-namu-kvapu-difuzoriaus-ir-papildymo-rinkinys-500ml-500ml","status":"publish","type":"product","link":"https:\/\/www.malinashop.lt\/en\/shop\/linea-35-vigneto-imperiale-namu-kvapu-difuzoriaus-ir-papildymo-rinkinys-500ml-500ml\/","title":{"rendered":"LINEA 35 VIGNETO IMPERIALE nam\u0173 kvap\u0173 difuzoriaus ir papildymo rinkinys, 500ml + 500ml"},"content":{"rendered":"<p data-start=\"583\" data-end=\"903\"><strong data-start=\"583\" data-end=\"613\">LINEA 35 VIGNETO IMPERIALE<\/strong> kvap\u0173 difuzoriaus ir papildymo rinkinys \u2013 tai <strong data-start=\"660\" data-end=\"705\">sald\u017eios nostalgijos ir elegancijos derm\u0117<\/strong>, primenanti <strong data-start=\"718\" data-end=\"766\">vasaros pavakar\u0117s pasivaik\u0161\u010diojim\u0105 uog\u0173 sode<\/strong>. \u0160is aromatas skleid\u017eia <strong data-start=\"791\" data-end=\"844\">brand\u017ei\u0173 vaisi\u0173, \u0161velni\u0173 \u017eied\u0173 ir \u0161iltos medienos<\/strong> tonus, pripildydamas namus \u0161viesos, \u0161velnumo ir ramyb\u0117s.<\/p>\n<p data-start=\"905\" data-end=\"1234\">Vir\u0161utin\u0117s natos \u2013 <strong data-start=\"924\" data-end=\"958\">Mirabel\u0117s slyva, bra\u0161k\u0117, uogos<\/strong> \u2013 suteikia kvapui gaivos ir saldumo. Vidurin\u0117se natose atsiskleid\u017eia <strong data-start=\"1028\" data-end=\"1063\">\u017eibuokl\u0117, jazminas ir gardenija<\/strong>, suteikian\u010dios subtilios elegancijos ir \u0161velnaus moteri\u0161kumo. Bazin\u0117se natose dominuoja <strong data-start=\"1152\" data-end=\"1175\">brandintos medienos<\/strong> aromatas, kuris suteikia gilumo, \u0161ilumos ir i\u0161liekamumo.<\/p>\n<p data-start=\"1236\" data-end=\"1410\">Rinkinyje esantis <strong data-start=\"1254\" data-end=\"1296\">500 ml difuzorius ir 500 ml papildymas<\/strong> leid\u017eia m\u0117gautis \u0161iuo aromatu dar ilgiau, i\u0161laikant pastov\u0173 kvapo intensyvum\u0105 bei tolyg\u0173 sklidim\u0105 nam\u0173 erdv\u0117je.<\/p>\n<p data-start=\"1412\" data-end=\"1546\"><strong data-start=\"1412\" data-end=\"1433\">VIGNETO IMPERIALE<\/strong> \u2013 tai <strong data-start=\"1440\" data-end=\"1484\">romanti\u0161kas, vasari\u0161kas ir \u0161iltas kvapas<\/strong>, idealiai tinkantis svetainei, miegamajam ar poilsio zonai.<\/p>\n<p data-start=\"1548\" data-end=\"1566\"><strong data-start=\"1548\" data-end=\"1564\">Kvapo natos:<\/strong><\/p>\n<ul data-start=\"1567\" data-end=\"1689\">\n<li data-start=\"1567\" data-end=\"1613\">\n<p data-start=\"1569\" data-end=\"1613\">Vir\u0161utin\u0117s: Mirabel\u0117s slyva, bra\u0161k\u0117, uogos<\/p>\n<\/li>\n<li data-start=\"1614\" data-end=\"1658\">\n<p data-start=\"1616\" data-end=\"1658\">Vidurin\u0117s: \u017eibuokl\u0117, jazminas, gardenija<\/p>\n<\/li>\n<li data-start=\"1659\" data-end=\"1689\">\n<p data-start=\"1661\" data-end=\"1689\">Bazin\u0117s: brandinta mediena<\/p>\n<\/li>\n<\/ul>\n<p data-start=\"1691\" data-end=\"1719\"><strong data-start=\"1691\" data-end=\"1701\">Talpa:<\/strong> 500 ml + 500 ml<\/p>\n<p data-start=\"1721\" data-end=\"1882\"><strong data-start=\"1721\" data-end=\"1745\">Pagaminta Italijoje.<\/strong><br data-start=\"1745\" data-end=\"1748\" \/>Visi <strong data-start=\"1753\" data-end=\"1765\">LINEA 35<\/strong> nam\u0173 kvapai \u2013 difuzoriai gaminami Italijoje, pasi\u017eymi auk\u0161ta kokybe, ilgaam\u017ei\u0161kumu ir autenti\u0161ku itali\u0161ku aromatu.<\/p>\n","protected":false},"excerpt":{"rendered":"<p data-start=\"118\" data-end=\"292\">Itali\u0161kas LINEA 35 VIGNETO IMPERIALE difuzoriaus ir papildymo rinkinys \u2013 saldus uog\u0173, \u017eied\u0173 ir medienos kvapas, sukuriantis \u0161velnumo ir vasaros nostalgijos jausm\u0105.<\/p>\n","protected":false},"featured_media":60048,"template":"","meta":[],"product_brand":[1362],"product_cat":[1137,1140,573,1395],"product_tag":[1608],"class_list":{"0":"post-60047","1":"product","2":"type-product","3":"status-publish","4":"has-post-thumbnail","6":"product_brand-linea-35","7":"product_cat-dovanos","8":"product_cat-namu-kvapai","9":"product_cat-namu-kvapai-2","10":"product_cat-rinkiniai","11":"product_tag-linea35","13":"first","14":"instock","15":"sale","16":"taxable","17":"shipping-taxable","18":"purchasable","19":"product-type-simple"},"yoast_head":"<!-- This site is optimized with the Yoast SEO plugin v27.4 - https:\/\/yoast.com\/product\/yoast-seo-wordpress\/ -->\n<title>LINEA 35 VIGNETO IMPERIALE nam\u0173 kvap\u0173 difuzoriaus ir papildymo rinkinys, 500ml + 500ml - MalinaShop.lt J\u016bs\u0173 sveikatai ir gro\u017eiui.<\/title>\n<meta name=\"description\" content=\"LINEA 35 VIGNETO IMPERIALE \u2013 itali\u0161kas kvap\u0173 difuzoriaus ir papildymo rinkinys, dvelkiantis uogomis, \u017eiedais ir \u0161ilta mediena.\" \/>\n<meta name=\"robots\" content=\"index, follow, max-snippet:-1, max-image-preview:large, max-video-preview:-1\" \/>\n<link rel=\"canonical\" href=\"https:\/\/www.malinashop.lt\/en\/shop\/linea-35-vigneto-imperiale-namu-kvapu-difuzoriaus-ir-papildymo-rinkinys-500ml-500ml\/\" \/>\n<meta property=\"og:locale\" content=\"en_GB\" \/>\n<meta property=\"og:type\" content=\"article\" \/>\n<meta property=\"og:title\" content=\"LINEA 35 VIGNETO IMPERIALE nam\u0173 kvap\u0173 difuzoriaus ir papildymo rinkinys, 500ml + 500ml - MalinaShop.lt J\u016bs\u0173 sveikatai ir gro\u017eiui.\" \/>\n<meta property=\"og:description\" content=\"LINEA 35 VIGNETO IMPERIALE \u2013 itali\u0161kas kvap\u0173 difuzoriaus ir papildymo rinkinys, dvelkiantis uogomis, \u017eiedais ir \u0161ilta mediena.\" \/>\n<meta property=\"og:url\" content=\"https:\/\/www.malinashop.lt\/en\/shop\/linea-35-vigneto-imperiale-namu-kvapu-difuzoriaus-ir-papildymo-rinkinys-500ml-500ml\/\" \/>\n<meta property=\"og:site_name\" content=\"MalinaShop.lt J\u016bs\u0173 sveikatai ir gro\u017eiui.\" \/>\n<meta property=\"article:modified_time\" content=\"2026-02-12T09:37:08+00:00\" \/>\n<meta property=\"og:image\" content=\"https:\/\/www.malinashop.lt\/wp-content\/uploads\/2025\/10\/LINEA-35-VIGNETO-IMPERIALE-namu-kvapu-difuzoriaus-ir-papildymo-rinkinys-500ml-500ml.webp\" \/>\n\t<meta property=\"og:image:width\" content=\"990\" \/>\n\t<meta property=\"og:image:height\" content=\"990\" \/>\n\t<meta property=\"og:image:type\" content=\"image\/webp\" \/>\n<meta name=\"twitter:card\" content=\"summary_large_image\" \/>\n<script type=\"application\/ld+json\" class=\"yoast-schema-graph\">{\"@context\":\"https:\\\/\\\/schema.org\",\"@graph\":[{\"@type\":\"WebPage\",\"@id\":\"https:\\\/\\\/www.malinashop.lt\\\/en\\\/shop\\\/linea-35-vigneto-imperiale-namu-kvapu-difuzoriaus-ir-papildymo-rinkinys-500ml-500ml\\\/\",\"url\":\"https:\\\/\\\/www.malinashop.lt\\\/en\\\/shop\\\/linea-35-vigneto-imperiale-namu-kvapu-difuzoriaus-ir-papildymo-rinkinys-500ml-500ml\\\/\",\"name\":\"LINEA 35 VIGNETO IMPERIALE nam\u0173 kvap\u0173 difuzoriaus ir papildymo rinkinys, 500ml + 500ml - MalinaShop.lt J\u016bs\u0173 sveikatai ir gro\u017eiui.\",\"isPartOf\":{\"@id\":\"https:\\\/\\\/www.malinashop.lt\\\/en\\\/#website\"},\"primaryImageOfPage\":{\"@id\":\"https:\\\/\\\/www.malinashop.lt\\\/en\\\/shop\\\/linea-35-vigneto-imperiale-namu-kvapu-difuzoriaus-ir-papildymo-rinkinys-500ml-500ml\\\/#primaryimage\"},\"image\":{\"@id\":\"https:\\\/\\\/www.malinashop.lt\\\/en\\\/shop\\\/linea-35-vigneto-imperiale-namu-kvapu-difuzoriaus-ir-papildymo-rinkinys-500ml-500ml\\\/#primaryimage\"},\"thumbnailUrl\":\"https:\\\/\\\/www.malinashop.lt\\\/wp-content\\\/uploads\\\/2025\\\/10\\\/LINEA-35-VIGNETO-IMPERIALE-namu-kvapu-difuzoriaus-ir-papildymo-rinkinys-500ml-500ml.webp\",\"datePublished\":\"2025-10-29T19:08:05+00:00\",\"dateModified\":\"2026-02-12T09:37:08+00:00\",\"description\":\"LINEA 35 VIGNETO IMPERIALE \u2013 itali\u0161kas kvap\u0173 difuzoriaus ir papildymo rinkinys, dvelkiantis uogomis, \u017eiedais ir \u0161ilta mediena.\",\"breadcrumb\":{\"@id\":\"https:\\\/\\\/www.malinashop.lt\\\/en\\\/shop\\\/linea-35-vigneto-imperiale-namu-kvapu-difuzoriaus-ir-papildymo-rinkinys-500ml-500ml\\\/#breadcrumb\"},\"inLanguage\":\"en-GB\",\"potentialAction\":[{\"@type\":\"ReadAction\",\"target\":[\"https:\\\/\\\/www.malinashop.lt\\\/en\\\/shop\\\/linea-35-vigneto-imperiale-namu-kvapu-difuzoriaus-ir-papildymo-rinkinys-500ml-500ml\\\/\"]}]},{\"@type\":\"ImageObject\",\"inLanguage\":\"en-GB\",\"@id\":\"https:\\\/\\\/www.malinashop.lt\\\/en\\\/shop\\\/linea-35-vigneto-imperiale-namu-kvapu-difuzoriaus-ir-papildymo-rinkinys-500ml-500ml\\\/#primaryimage\",\"url\":\"https:\\\/\\\/www.malinashop.lt\\\/wp-content\\\/uploads\\\/2025\\\/10\\\/LINEA-35-VIGNETO-IMPERIALE-namu-kvapu-difuzoriaus-ir-papildymo-rinkinys-500ml-500ml.webp\",\"contentUrl\":\"https:\\\/\\\/www.malinashop.lt\\\/wp-content\\\/uploads\\\/2025\\\/10\\\/LINEA-35-VIGNETO-IMPERIALE-namu-kvapu-difuzoriaus-ir-papildymo-rinkinys-500ml-500ml.webp\",\"width\":990,\"height\":990},{\"@type\":\"BreadcrumbList\",\"@id\":\"https:\\\/\\\/www.malinashop.lt\\\/en\\\/shop\\\/linea-35-vigneto-imperiale-namu-kvapu-difuzoriaus-ir-papildymo-rinkinys-500ml-500ml\\\/#breadcrumb\",\"itemListElement\":[{\"@type\":\"ListItem\",\"position\":1,\"name\":\"Home\",\"item\":\"https:\\\/\\\/www.malinashop.lt\\\/en\\\/\"},{\"@type\":\"ListItem\",\"position\":2,\"name\":\"Parduotuv\u0117\",\"item\":\"https:\\\/\\\/www.malinashop.lt\\\/en\\\/parduotuve\\\/\"},{\"@type\":\"ListItem\",\"position\":3,\"name\":\"LINEA 35 VIGNETO IMPERIALE nam\u0173 kvap\u0173 difuzoriaus ir papildymo rinkinys, 500ml + 500ml\"}]},{\"@type\":\"WebSite\",\"@id\":\"https:\\\/\\\/www.malinashop.lt\\\/en\\\/#website\",\"url\":\"https:\\\/\\\/www.malinashop.lt\\\/en\\\/\",\"name\":\"COM Group Ecommerce\",\"description\":\"MalinaShop.lt - Gro\u017eio ir sveikatos produktai i\u0161 patikim\u0173 preki\u0173 \u017eenkl\u0173. Atraskite auk\u0161tos kokyb\u0117s kosmetik\u0105 u\u017e puiki\u0105 kain\u0105.\",\"publisher\":{\"@id\":\"https:\\\/\\\/www.malinashop.lt\\\/en\\\/#organization\"},\"potentialAction\":[{\"@type\":\"SearchAction\",\"target\":{\"@type\":\"EntryPoint\",\"urlTemplate\":\"https:\\\/\\\/www.malinashop.lt\\\/en\\\/?s={search_term_string}\"},\"query-input\":{\"@type\":\"PropertyValueSpecification\",\"valueRequired\":true,\"valueName\":\"search_term_string\"}}],\"inLanguage\":\"en-GB\"},{\"@type\":\"Organization\",\"@id\":\"https:\\\/\\\/www.malinashop.lt\\\/en\\\/#organization\",\"name\":\"COM Group Ecommerce\",\"url\":\"https:\\\/\\\/www.malinashop.lt\\\/en\\\/\",\"logo\":{\"@type\":\"ImageObject\",\"inLanguage\":\"en-GB\",\"@id\":\"https:\\\/\\\/www.malinashop.lt\\\/en\\\/#\\\/schema\\\/logo\\\/image\\\/\",\"url\":\"https:\\\/\\\/www.malinashop.lt\\\/wp-content\\\/uploads\\\/2024\\\/08\\\/462559670_3787732518133670_9795632669273463_n-e1731525914575.png\",\"contentUrl\":\"https:\\\/\\\/www.malinashop.lt\\\/wp-content\\\/uploads\\\/2024\\\/08\\\/462559670_3787732518133670_9795632669273463_n-e1731525914575.png\",\"width\":180,\"height\":60,\"caption\":\"COM Group Ecommerce\"},\"image\":{\"@id\":\"https:\\\/\\\/www.malinashop.lt\\\/en\\\/#\\\/schema\\\/logo\\\/image\\\/\"}}]}<\/script>\n<!-- \/ Yoast SEO plugin. -->","yoast_head_json":{"title":"LINEA 35 VIGNETO IMPERIALE nam\u0173 kvap\u0173 difuzoriaus ir papildymo rinkinys, 500ml + 500ml - MalinaShop.lt J\u016bs\u0173 sveikatai ir gro\u017eiui.","description":"LINEA 35 VIGNETO IMPERIALE \u2013 itali\u0161kas kvap\u0173 difuzoriaus ir papildymo rinkinys, dvelkiantis uogomis, \u017eiedais ir \u0161ilta mediena.","robots":{"index":"index","follow":"follow","max-snippet":"max-snippet:-1","max-image-preview":"max-image-preview:large","max-video-preview":"max-video-preview:-1"},"canonical":"https:\/\/www.malinashop.lt\/en\/shop\/linea-35-vigneto-imperiale-namu-kvapu-difuzoriaus-ir-papildymo-rinkinys-500ml-500ml\/","og_locale":"en_GB","og_type":"article","og_title":"LINEA 35 VIGNETO IMPERIALE nam\u0173 kvap\u0173 difuzoriaus ir papildymo rinkinys, 500ml + 500ml - MalinaShop.lt J\u016bs\u0173 sveikatai ir gro\u017eiui.","og_description":"LINEA 35 VIGNETO IMPERIALE \u2013 itali\u0161kas kvap\u0173 difuzoriaus ir papildymo rinkinys, dvelkiantis uogomis, \u017eiedais ir \u0161ilta mediena.","og_url":"https:\/\/www.malinashop.lt\/en\/shop\/linea-35-vigneto-imperiale-namu-kvapu-difuzoriaus-ir-papildymo-rinkinys-500ml-500ml\/","og_site_name":"MalinaShop.lt J\u016bs\u0173 sveikatai ir gro\u017eiui.","article_modified_time":"2026-02-12T09:37:08+00:00","og_image":[{"width":990,"height":990,"url":"https:\/\/www.malinashop.lt\/wp-content\/uploads\/2025\/10\/LINEA-35-VIGNETO-IMPERIALE-namu-kvapu-difuzoriaus-ir-papildymo-rinkinys-500ml-500ml.webp","type":"image\/webp"}],"twitter_card":"summary_large_image","schema":{"@context":"https:\/\/schema.org","@graph":[{"@type":"WebPage","@id":"https:\/\/www.malinashop.lt\/en\/shop\/linea-35-vigneto-imperiale-namu-kvapu-difuzoriaus-ir-papildymo-rinkinys-500ml-500ml\/","url":"https:\/\/www.malinashop.lt\/en\/shop\/linea-35-vigneto-imperiale-namu-kvapu-difuzoriaus-ir-papildymo-rinkinys-500ml-500ml\/","name":"LINEA 35 VIGNETO IMPERIALE nam\u0173 kvap\u0173 difuzoriaus ir papildymo rinkinys, 500ml + 500ml - MalinaShop.lt J\u016bs\u0173 sveikatai ir gro\u017eiui.","isPartOf":{"@id":"https:\/\/www.malinashop.lt\/en\/#website"},"primaryImageOfPage":{"@id":"https:\/\/www.malinashop.lt\/en\/shop\/linea-35-vigneto-imperiale-namu-kvapu-difuzoriaus-ir-papildymo-rinkinys-500ml-500ml\/#primaryimage"},"image":{"@id":"https:\/\/www.malinashop.lt\/en\/shop\/linea-35-vigneto-imperiale-namu-kvapu-difuzoriaus-ir-papildymo-rinkinys-500ml-500ml\/#primaryimage"},"thumbnailUrl":"https:\/\/www.malinashop.lt\/wp-content\/uploads\/2025\/10\/LINEA-35-VIGNETO-IMPERIALE-namu-kvapu-difuzoriaus-ir-papildymo-rinkinys-500ml-500ml.webp","datePublished":"2025-10-29T19:08:05+00:00","dateModified":"2026-02-12T09:37:08+00:00","description":"LINEA 35 VIGNETO IMPERIALE \u2013 itali\u0161kas kvap\u0173 difuzoriaus ir papildymo rinkinys, dvelkiantis uogomis, \u017eiedais ir \u0161ilta mediena.","breadcrumb":{"@id":"https:\/\/www.malinashop.lt\/en\/shop\/linea-35-vigneto-imperiale-namu-kvapu-difuzoriaus-ir-papildymo-rinkinys-500ml-500ml\/#breadcrumb"},"inLanguage":"en-GB","potentialAction":[{"@type":"ReadAction","target":["https:\/\/www.malinashop.lt\/en\/shop\/linea-35-vigneto-imperiale-namu-kvapu-difuzoriaus-ir-papildymo-rinkinys-500ml-500ml\/"]}]},{"@type":"ImageObject","inLanguage":"en-GB","@id":"https:\/\/www.malinashop.lt\/en\/shop\/linea-35-vigneto-imperiale-namu-kvapu-difuzoriaus-ir-papildymo-rinkinys-500ml-500ml\/#primaryimage","url":"https:\/\/www.malinashop.lt\/wp-content\/uploads\/2025\/10\/LINEA-35-VIGNETO-IMPERIALE-namu-kvapu-difuzoriaus-ir-papildymo-rinkinys-500ml-500ml.webp","contentUrl":"https:\/\/www.malinashop.lt\/wp-content\/uploads\/2025\/10\/LINEA-35-VIGNETO-IMPERIALE-namu-kvapu-difuzoriaus-ir-papildymo-rinkinys-500ml-500ml.webp","width":990,"height":990},{"@type":"BreadcrumbList","@id":"https:\/\/www.malinashop.lt\/en\/shop\/linea-35-vigneto-imperiale-namu-kvapu-difuzoriaus-ir-papildymo-rinkinys-500ml-500ml\/#breadcrumb","itemListElement":[{"@type":"ListItem","position":1,"name":"Home","item":"https:\/\/www.malinashop.lt\/en\/"},{"@type":"ListItem","position":2,"name":"Parduotuv\u0117","item":"https:\/\/www.malinashop.lt\/en\/parduotuve\/"},{"@type":"ListItem","position":3,"name":"LINEA 35 VIGNETO IMPERIALE nam\u0173 kvap\u0173 difuzoriaus ir papildymo rinkinys, 500ml + 500ml"}]},{"@type":"WebSite","@id":"https:\/\/www.malinashop.lt\/en\/#website","url":"https:\/\/www.malinashop.lt\/en\/","name":"COM Group Ecommerce","description":"MalinaShop.lt - Gro\u017eio ir sveikatos produktai i\u0161 patikim\u0173 preki\u0173 \u017eenkl\u0173. Atraskite auk\u0161tos kokyb\u0117s kosmetik\u0105 u\u017e puiki\u0105 kain\u0105.","publisher":{"@id":"https:\/\/www.malinashop.lt\/en\/#organization"},"potentialAction":[{"@type":"SearchAction","target":{"@type":"EntryPoint","urlTemplate":"https:\/\/www.malinashop.lt\/en\/?s={search_term_string}"},"query-input":{"@type":"PropertyValueSpecification","valueRequired":true,"valueName":"search_term_string"}}],"inLanguage":"en-GB"},{"@type":"Organization","@id":"https:\/\/www.malinashop.lt\/en\/#organization","name":"COM Group Ecommerce","url":"https:\/\/www.malinashop.lt\/en\/","logo":{"@type":"ImageObject","inLanguage":"en-GB","@id":"https:\/\/www.malinashop.lt\/en\/#\/schema\/logo\/image\/","url":"https:\/\/www.malinashop.lt\/wp-content\/uploads\/2024\/08\/462559670_3787732518133670_9795632669273463_n-e1731525914575.png","contentUrl":"https:\/\/www.malinashop.lt\/wp-content\/uploads\/2024\/08\/462559670_3787732518133670_9795632669273463_n-e1731525914575.png","width":180,"height":60,"caption":"COM Group Ecommerce"},"image":{"@id":"https:\/\/www.malinashop.lt\/en\/#\/schema\/logo\/image\/"}}]}},"jetpack_sharing_enabled":true,"_links":{"self":[{"href":"https:\/\/www.malinashop.lt\/en\/wp-json\/wp\/v2\/product\/60047","targetHints":{"allow":["GET"]}}],"collection":[{"href":"https:\/\/www.malinashop.lt\/en\/wp-json\/wp\/v2\/product"}],"about":[{"href":"https:\/\/www.malinashop.lt\/en\/wp-json\/wp\/v2\/types\/product"}],"version-history":[{"count":1,"href":"https:\/\/www.malinashop.lt\/en\/wp-json\/wp\/v2\/product\/60047\/revisions"}],"predecessor-version":[{"id":60049,"href":"https:\/\/www.malinashop.lt\/en\/wp-json\/wp\/v2\/product\/60047\/revisions\/60049"}],"wp:featuredmedia":[{"embeddable":true,"href":"https:\/\/www.malinashop.lt\/en\/wp-json\/wp\/v2\/media\/60048"}],"wp:attachment":[{"href":"https:\/\/www.malinashop.lt\/en\/wp-json\/wp\/v2\/media?parent=60047"}],"wp:term":[{"taxonomy":"product_brand","embeddable":true,"href":"https:\/\/www.malinashop.lt\/en\/wp-json\/wp\/v2\/product_brand?post=60047"},{"taxonomy":"product_cat","embeddable":true,"href":"https:\/\/www.malinashop.lt\/en\/wp-json\/wp\/v2\/product_cat?post=60047"},{"taxonomy":"product_tag","embeddable":true,"href":"https:\/\/www.malinashop.lt\/en\/wp-json\/wp\/v2\/product_tag?post=60047"}],"curies":[{"name":"wp","href":"https:\/\/api.w.org\/{rel}","templated":true}]}}