{"id":60044,"date":"2025-10-29T22:04:58","date_gmt":"2025-10-29T19:04:58","guid":{"rendered":"https:\/\/malinashop.lt\/?post_type=product&#038;p=60044"},"modified":"2026-02-12T12:37:08","modified_gmt":"2026-02-12T09:37:08","slug":"linea-35-vigneto-imperiale-purskiamas-namu-kvapas-250ml","status":"publish","type":"product","link":"https:\/\/www.malinashop.lt\/en\/shop\/linea-35-vigneto-imperiale-purskiamas-namu-kvapas-250ml\/","title":{"rendered":"LINEA 35 VIGNETO IMPERIALE pur\u0161kiamas nam\u0173 kvapas, 250ml"},"content":{"rendered":"<p data-start=\"579\" data-end=\"896\"><strong data-start=\"579\" data-end=\"609\">LINEA 35 VIGNETO IMPERIALE<\/strong> pur\u0161kiamas nam\u0173 kvapas \u2013 tai <strong data-start=\"639\" data-end=\"695\">sald\u017eios nostalgijos ir \u0161velnios elegancijos sintez\u0117<\/strong>, primenanti <strong data-start=\"708\" data-end=\"756\">vasaros pavakar\u0117s pasivaik\u0161\u010diojim\u0105 uog\u0173 sode<\/strong>. \u0160is aromatas skleid\u017eia <strong data-start=\"781\" data-end=\"826\">brand\u017ei\u0173 vaisi\u0173, \u017eied\u0173 ir \u0161iltos medienos<\/strong> derin\u012f, pripildydamas erdv\u0119 \u0161viesos, jaukumo ir nat\u016bralios ramyb\u0117s.<\/p>\n<p data-start=\"898\" data-end=\"1236\">Vir\u0161utin\u0117se natose atsiskleid\u017eia <strong data-start=\"931\" data-end=\"968\">Mirabel\u0117s slyvos, bra\u0161k\u0117s ir uog\u0173<\/strong> saldumas, kuris suteikia lengvumo bei gaivumo. Vidurin\u0117s natos \u2013 <strong data-start=\"1034\" data-end=\"1069\">\u017eibuokl\u0117, jazminas ir gardenija<\/strong> \u2013 kvapui suteikia subtilios elegancijos ir g\u0117li\u0161ko \u0161velnumo. Bazin\u0117je dalyje juntamas <strong data-start=\"1156\" data-end=\"1179\">brandintos medienos<\/strong> aromatas, suteikiantis gilumo, \u0161ilumos ir i\u0161liekamumo.<\/p>\n<p data-start=\"1238\" data-end=\"1463\"><strong data-start=\"1238\" data-end=\"1259\">VIGNETO IMPERIALE<\/strong> \u2013 tai <strong data-start=\"1266\" data-end=\"1298\">romanti\u0161kas ir jaukus kvapas<\/strong>, puikiai tinkantis svetainei, miegamajam ar poilsio zonai. Pur\u0161kiama forma leid\u017eia greitai ir tolygiai atgaivinti patalpas, u\u017epildant jas \u0161iltu, subtiliu aromatu.<\/p>\n<p data-start=\"1465\" data-end=\"1483\"><strong data-start=\"1465\" data-end=\"1481\">Kvapo natos:<\/strong><\/p>\n<ul data-start=\"1484\" data-end=\"1606\">\n<li data-start=\"1484\" data-end=\"1530\">\n<p data-start=\"1486\" data-end=\"1530\">Vir\u0161utin\u0117s: Mirabel\u0117s slyva, bra\u0161k\u0117, uogos<\/p>\n<\/li>\n<li data-start=\"1531\" data-end=\"1575\">\n<p data-start=\"1533\" data-end=\"1575\">Vidurin\u0117s: \u017eibuokl\u0117, jazminas, gardenija<\/p>\n<\/li>\n<li data-start=\"1576\" data-end=\"1606\">\n<p data-start=\"1578\" data-end=\"1606\">Bazin\u0117s: brandinta mediena<\/p>\n<\/li>\n<\/ul>\n<p data-start=\"1608\" data-end=\"1627\"><strong data-start=\"1608\" data-end=\"1618\">Talpa:<\/strong> 250 ml<\/p>\n<p data-start=\"1629\" data-end=\"1791\"><strong data-start=\"1629\" data-end=\"1653\">Pagaminta Italijoje.<\/strong><br data-start=\"1653\" data-end=\"1656\" \/>Visi <strong data-start=\"1661\" data-end=\"1673\">LINEA 35<\/strong> nam\u0173 kvapai gaminami Italijoje, pasi\u017eymi auk\u0161\u010diausia kokybe, ilgaam\u017ei\u0161kumu ir autenti\u0161ka itali\u0161ka aromato i\u0161rai\u0161ka.<\/p>\n","protected":false},"excerpt":{"rendered":"<p data-start=\"118\" data-end=\"292\">Itali\u0161kas LINEA 35 VIGNETO IMPERIALE pur\u0161kiamas nam\u0173 kvapas \u2013 saldus uog\u0173, g\u0117li\u0173 ir medienos aromatas, suteikiantis erdvei \u0161velnumo ir vasaros \u0161viesos poj\u016bt\u012f.<\/p>\n","protected":false},"featured_media":60045,"template":"","meta":[],"product_brand":[1362],"product_cat":[573,197],"product_tag":[1608],"class_list":{"0":"post-60044","1":"product","2":"type-product","3":"status-publish","4":"has-post-thumbnail","6":"product_brand-linea-35","7":"product_cat-namu-kvapai-2","8":"product_cat-purskiami-namu-kvapai","9":"product_tag-linea35","11":"first","12":"instock","13":"sale","14":"taxable","15":"shipping-taxable","16":"purchasable","17":"product-type-simple"},"yoast_head":"<!-- This site is optimized with the Yoast SEO plugin v27.4 - https:\/\/yoast.com\/product\/yoast-seo-wordpress\/ -->\n<title>LINEA 35 VIGNETO IMPERIALE pur\u0161kiamas nam\u0173 kvapas, 250ml - MalinaShop.lt J\u016bs\u0173 sveikatai ir gro\u017eiui.<\/title>\n<meta name=\"description\" content=\"LINEA 35 VIGNETO IMPERIALE \u2013 itali\u0161kas pur\u0161kiamas nam\u0173 kvapas su uog\u0173, g\u0117li\u0173 ir medienos natomis, sukuriantis \u0161ilumos bei elegancijos poj\u016bt\u012f.\" \/>\n<meta name=\"robots\" content=\"index, follow, max-snippet:-1, max-image-preview:large, max-video-preview:-1\" \/>\n<link rel=\"canonical\" href=\"https:\/\/www.malinashop.lt\/en\/shop\/linea-35-vigneto-imperiale-purskiamas-namu-kvapas-250ml\/\" \/>\n<meta property=\"og:locale\" content=\"en_GB\" \/>\n<meta property=\"og:type\" content=\"article\" \/>\n<meta property=\"og:title\" content=\"LINEA 35 VIGNETO IMPERIALE pur\u0161kiamas nam\u0173 kvapas, 250ml - MalinaShop.lt J\u016bs\u0173 sveikatai ir gro\u017eiui.\" \/>\n<meta property=\"og:description\" content=\"LINEA 35 VIGNETO IMPERIALE \u2013 itali\u0161kas pur\u0161kiamas nam\u0173 kvapas su uog\u0173, g\u0117li\u0173 ir medienos natomis, sukuriantis \u0161ilumos bei elegancijos poj\u016bt\u012f.\" \/>\n<meta property=\"og:url\" content=\"https:\/\/www.malinashop.lt\/en\/shop\/linea-35-vigneto-imperiale-purskiamas-namu-kvapas-250ml\/\" \/>\n<meta property=\"og:site_name\" content=\"MalinaShop.lt J\u016bs\u0173 sveikatai ir gro\u017eiui.\" \/>\n<meta property=\"article:modified_time\" content=\"2026-02-12T09:37:08+00:00\" \/>\n<meta property=\"og:image\" content=\"https:\/\/www.malinashop.lt\/wp-content\/uploads\/2025\/10\/LINEA-35-VIGNETO-IMPERIALE-purskiamas-namu-kvapas-250ml.webp\" \/>\n\t<meta property=\"og:image:width\" content=\"990\" \/>\n\t<meta property=\"og:image:height\" content=\"990\" \/>\n\t<meta property=\"og:image:type\" content=\"image\/webp\" \/>\n<meta name=\"twitter:card\" content=\"summary_large_image\" \/>\n<script type=\"application\/ld+json\" class=\"yoast-schema-graph\">{\"@context\":\"https:\\\/\\\/schema.org\",\"@graph\":[{\"@type\":\"WebPage\",\"@id\":\"https:\\\/\\\/www.malinashop.lt\\\/shop\\\/linea-35-vigneto-imperiale-purskiamas-namu-kvapas-250ml\\\/\",\"url\":\"https:\\\/\\\/www.malinashop.lt\\\/shop\\\/linea-35-vigneto-imperiale-purskiamas-namu-kvapas-250ml\\\/\",\"name\":\"LINEA 35 VIGNETO IMPERIALE pur\u0161kiamas nam\u0173 kvapas, 250ml - MalinaShop.lt J\u016bs\u0173 sveikatai ir gro\u017eiui.\",\"isPartOf\":{\"@id\":\"https:\\\/\\\/www.malinashop.lt\\\/#website\"},\"primaryImageOfPage\":{\"@id\":\"https:\\\/\\\/www.malinashop.lt\\\/shop\\\/linea-35-vigneto-imperiale-purskiamas-namu-kvapas-250ml\\\/#primaryimage\"},\"image\":{\"@id\":\"https:\\\/\\\/www.malinashop.lt\\\/shop\\\/linea-35-vigneto-imperiale-purskiamas-namu-kvapas-250ml\\\/#primaryimage\"},\"thumbnailUrl\":\"https:\\\/\\\/www.malinashop.lt\\\/wp-content\\\/uploads\\\/2025\\\/10\\\/LINEA-35-VIGNETO-IMPERIALE-purskiamas-namu-kvapas-250ml.webp\",\"datePublished\":\"2025-10-29T19:04:58+00:00\",\"dateModified\":\"2026-02-12T09:37:08+00:00\",\"description\":\"LINEA 35 VIGNETO IMPERIALE \u2013 itali\u0161kas pur\u0161kiamas nam\u0173 kvapas su uog\u0173, g\u0117li\u0173 ir medienos natomis, sukuriantis \u0161ilumos bei elegancijos poj\u016bt\u012f.\",\"breadcrumb\":{\"@id\":\"https:\\\/\\\/www.malinashop.lt\\\/shop\\\/linea-35-vigneto-imperiale-purskiamas-namu-kvapas-250ml\\\/#breadcrumb\"},\"inLanguage\":\"en-GB\",\"potentialAction\":[{\"@type\":\"ReadAction\",\"target\":[\"https:\\\/\\\/www.malinashop.lt\\\/shop\\\/linea-35-vigneto-imperiale-purskiamas-namu-kvapas-250ml\\\/\"]}]},{\"@type\":\"ImageObject\",\"inLanguage\":\"en-GB\",\"@id\":\"https:\\\/\\\/www.malinashop.lt\\\/shop\\\/linea-35-vigneto-imperiale-purskiamas-namu-kvapas-250ml\\\/#primaryimage\",\"url\":\"https:\\\/\\\/www.malinashop.lt\\\/wp-content\\\/uploads\\\/2025\\\/10\\\/LINEA-35-VIGNETO-IMPERIALE-purskiamas-namu-kvapas-250ml.webp\",\"contentUrl\":\"https:\\\/\\\/www.malinashop.lt\\\/wp-content\\\/uploads\\\/2025\\\/10\\\/LINEA-35-VIGNETO-IMPERIALE-purskiamas-namu-kvapas-250ml.webp\",\"width\":990,\"height\":990},{\"@type\":\"BreadcrumbList\",\"@id\":\"https:\\\/\\\/www.malinashop.lt\\\/shop\\\/linea-35-vigneto-imperiale-purskiamas-namu-kvapas-250ml\\\/#breadcrumb\",\"itemListElement\":[{\"@type\":\"ListItem\",\"position\":1,\"name\":\"Pagrindinis\",\"item\":\"https:\\\/\\\/www.malinashop.lt\\\/\"},{\"@type\":\"ListItem\",\"position\":2,\"name\":\"Parduotuv\u0117\",\"item\":\"https:\\\/\\\/www.malinashop.lt\\\/en\\\/parduotuve\\\/\"},{\"@type\":\"ListItem\",\"position\":3,\"name\":\"LINEA 35 VIGNETO IMPERIALE pur\u0161kiamas nam\u0173 kvapas, 250ml\"}]},{\"@type\":\"WebSite\",\"@id\":\"https:\\\/\\\/www.malinashop.lt\\\/#website\",\"url\":\"https:\\\/\\\/www.malinashop.lt\\\/\",\"name\":\"COM Group Ecommerce\",\"description\":\"MalinaShop.lt - Gro\u017eio ir sveikatos produktai i\u0161 patikim\u0173 preki\u0173 \u017eenkl\u0173. Atraskite auk\u0161tos kokyb\u0117s kosmetik\u0105 u\u017e puiki\u0105 kain\u0105.\",\"publisher\":{\"@id\":\"https:\\\/\\\/www.malinashop.lt\\\/#organization\"},\"potentialAction\":[{\"@type\":\"SearchAction\",\"target\":{\"@type\":\"EntryPoint\",\"urlTemplate\":\"https:\\\/\\\/www.malinashop.lt\\\/?s={search_term_string}\"},\"query-input\":{\"@type\":\"PropertyValueSpecification\",\"valueRequired\":true,\"valueName\":\"search_term_string\"}}],\"inLanguage\":\"en-GB\"},{\"@type\":\"Organization\",\"@id\":\"https:\\\/\\\/www.malinashop.lt\\\/#organization\",\"name\":\"COM Group Ecommerce\",\"url\":\"https:\\\/\\\/www.malinashop.lt\\\/\",\"logo\":{\"@type\":\"ImageObject\",\"inLanguage\":\"en-GB\",\"@id\":\"https:\\\/\\\/www.malinashop.lt\\\/#\\\/schema\\\/logo\\\/image\\\/\",\"url\":\"https:\\\/\\\/www.malinashop.lt\\\/wp-content\\\/uploads\\\/2024\\\/08\\\/462559670_3787732518133670_9795632669273463_n-e1731525914575.png\",\"contentUrl\":\"https:\\\/\\\/www.malinashop.lt\\\/wp-content\\\/uploads\\\/2024\\\/08\\\/462559670_3787732518133670_9795632669273463_n-e1731525914575.png\",\"width\":180,\"height\":60,\"caption\":\"COM Group Ecommerce\"},\"image\":{\"@id\":\"https:\\\/\\\/www.malinashop.lt\\\/#\\\/schema\\\/logo\\\/image\\\/\"}}]}<\/script>\n<!-- \/ Yoast SEO plugin. -->","yoast_head_json":{"title":"LINEA 35 VIGNETO IMPERIALE pur\u0161kiamas nam\u0173 kvapas, 250ml - MalinaShop.lt J\u016bs\u0173 sveikatai ir gro\u017eiui.","description":"LINEA 35 VIGNETO IMPERIALE \u2013 itali\u0161kas pur\u0161kiamas nam\u0173 kvapas su uog\u0173, g\u0117li\u0173 ir medienos natomis, sukuriantis \u0161ilumos bei elegancijos poj\u016bt\u012f.","robots":{"index":"index","follow":"follow","max-snippet":"max-snippet:-1","max-image-preview":"max-image-preview:large","max-video-preview":"max-video-preview:-1"},"canonical":"https:\/\/www.malinashop.lt\/en\/shop\/linea-35-vigneto-imperiale-purskiamas-namu-kvapas-250ml\/","og_locale":"en_GB","og_type":"article","og_title":"LINEA 35 VIGNETO IMPERIALE pur\u0161kiamas nam\u0173 kvapas, 250ml - MalinaShop.lt J\u016bs\u0173 sveikatai ir gro\u017eiui.","og_description":"LINEA 35 VIGNETO IMPERIALE \u2013 itali\u0161kas pur\u0161kiamas nam\u0173 kvapas su uog\u0173, g\u0117li\u0173 ir medienos natomis, sukuriantis \u0161ilumos bei elegancijos poj\u016bt\u012f.","og_url":"https:\/\/www.malinashop.lt\/en\/shop\/linea-35-vigneto-imperiale-purskiamas-namu-kvapas-250ml\/","og_site_name":"MalinaShop.lt J\u016bs\u0173 sveikatai ir gro\u017eiui.","article_modified_time":"2026-02-12T09:37:08+00:00","og_image":[{"width":990,"height":990,"url":"https:\/\/www.malinashop.lt\/wp-content\/uploads\/2025\/10\/LINEA-35-VIGNETO-IMPERIALE-purskiamas-namu-kvapas-250ml.webp","type":"image\/webp"}],"twitter_card":"summary_large_image","schema":{"@context":"https:\/\/schema.org","@graph":[{"@type":"WebPage","@id":"https:\/\/www.malinashop.lt\/shop\/linea-35-vigneto-imperiale-purskiamas-namu-kvapas-250ml\/","url":"https:\/\/www.malinashop.lt\/shop\/linea-35-vigneto-imperiale-purskiamas-namu-kvapas-250ml\/","name":"LINEA 35 VIGNETO IMPERIALE pur\u0161kiamas nam\u0173 kvapas, 250ml - MalinaShop.lt J\u016bs\u0173 sveikatai ir gro\u017eiui.","isPartOf":{"@id":"https:\/\/www.malinashop.lt\/#website"},"primaryImageOfPage":{"@id":"https:\/\/www.malinashop.lt\/shop\/linea-35-vigneto-imperiale-purskiamas-namu-kvapas-250ml\/#primaryimage"},"image":{"@id":"https:\/\/www.malinashop.lt\/shop\/linea-35-vigneto-imperiale-purskiamas-namu-kvapas-250ml\/#primaryimage"},"thumbnailUrl":"https:\/\/www.malinashop.lt\/wp-content\/uploads\/2025\/10\/LINEA-35-VIGNETO-IMPERIALE-purskiamas-namu-kvapas-250ml.webp","datePublished":"2025-10-29T19:04:58+00:00","dateModified":"2026-02-12T09:37:08+00:00","description":"LINEA 35 VIGNETO IMPERIALE \u2013 itali\u0161kas pur\u0161kiamas nam\u0173 kvapas su uog\u0173, g\u0117li\u0173 ir medienos natomis, sukuriantis \u0161ilumos bei elegancijos poj\u016bt\u012f.","breadcrumb":{"@id":"https:\/\/www.malinashop.lt\/shop\/linea-35-vigneto-imperiale-purskiamas-namu-kvapas-250ml\/#breadcrumb"},"inLanguage":"en-GB","potentialAction":[{"@type":"ReadAction","target":["https:\/\/www.malinashop.lt\/shop\/linea-35-vigneto-imperiale-purskiamas-namu-kvapas-250ml\/"]}]},{"@type":"ImageObject","inLanguage":"en-GB","@id":"https:\/\/www.malinashop.lt\/shop\/linea-35-vigneto-imperiale-purskiamas-namu-kvapas-250ml\/#primaryimage","url":"https:\/\/www.malinashop.lt\/wp-content\/uploads\/2025\/10\/LINEA-35-VIGNETO-IMPERIALE-purskiamas-namu-kvapas-250ml.webp","contentUrl":"https:\/\/www.malinashop.lt\/wp-content\/uploads\/2025\/10\/LINEA-35-VIGNETO-IMPERIALE-purskiamas-namu-kvapas-250ml.webp","width":990,"height":990},{"@type":"BreadcrumbList","@id":"https:\/\/www.malinashop.lt\/shop\/linea-35-vigneto-imperiale-purskiamas-namu-kvapas-250ml\/#breadcrumb","itemListElement":[{"@type":"ListItem","position":1,"name":"Pagrindinis","item":"https:\/\/www.malinashop.lt\/"},{"@type":"ListItem","position":2,"name":"Parduotuv\u0117","item":"https:\/\/www.malinashop.lt\/en\/parduotuve\/"},{"@type":"ListItem","position":3,"name":"LINEA 35 VIGNETO IMPERIALE pur\u0161kiamas nam\u0173 kvapas, 250ml"}]},{"@type":"WebSite","@id":"https:\/\/www.malinashop.lt\/#website","url":"https:\/\/www.malinashop.lt\/","name":"COM Group Ecommerce","description":"MalinaShop.lt - Gro\u017eio ir sveikatos produktai i\u0161 patikim\u0173 preki\u0173 \u017eenkl\u0173. Atraskite auk\u0161tos kokyb\u0117s kosmetik\u0105 u\u017e puiki\u0105 kain\u0105.","publisher":{"@id":"https:\/\/www.malinashop.lt\/#organization"},"potentialAction":[{"@type":"SearchAction","target":{"@type":"EntryPoint","urlTemplate":"https:\/\/www.malinashop.lt\/?s={search_term_string}"},"query-input":{"@type":"PropertyValueSpecification","valueRequired":true,"valueName":"search_term_string"}}],"inLanguage":"en-GB"},{"@type":"Organization","@id":"https:\/\/www.malinashop.lt\/#organization","name":"COM Group Ecommerce","url":"https:\/\/www.malinashop.lt\/","logo":{"@type":"ImageObject","inLanguage":"en-GB","@id":"https:\/\/www.malinashop.lt\/#\/schema\/logo\/image\/","url":"https:\/\/www.malinashop.lt\/wp-content\/uploads\/2024\/08\/462559670_3787732518133670_9795632669273463_n-e1731525914575.png","contentUrl":"https:\/\/www.malinashop.lt\/wp-content\/uploads\/2024\/08\/462559670_3787732518133670_9795632669273463_n-e1731525914575.png","width":180,"height":60,"caption":"COM Group Ecommerce"},"image":{"@id":"https:\/\/www.malinashop.lt\/#\/schema\/logo\/image\/"}}]}},"jetpack_sharing_enabled":true,"_links":{"self":[{"href":"https:\/\/www.malinashop.lt\/en\/wp-json\/wp\/v2\/product\/60044","targetHints":{"allow":["GET"]}}],"collection":[{"href":"https:\/\/www.malinashop.lt\/en\/wp-json\/wp\/v2\/product"}],"about":[{"href":"https:\/\/www.malinashop.lt\/en\/wp-json\/wp\/v2\/types\/product"}],"version-history":[{"count":1,"href":"https:\/\/www.malinashop.lt\/en\/wp-json\/wp\/v2\/product\/60044\/revisions"}],"predecessor-version":[{"id":60046,"href":"https:\/\/www.malinashop.lt\/en\/wp-json\/wp\/v2\/product\/60044\/revisions\/60046"}],"wp:featuredmedia":[{"embeddable":true,"href":"https:\/\/www.malinashop.lt\/en\/wp-json\/wp\/v2\/media\/60045"}],"wp:attachment":[{"href":"https:\/\/www.malinashop.lt\/en\/wp-json\/wp\/v2\/media?parent=60044"}],"wp:term":[{"taxonomy":"product_brand","embeddable":true,"href":"https:\/\/www.malinashop.lt\/en\/wp-json\/wp\/v2\/product_brand?post=60044"},{"taxonomy":"product_cat","embeddable":true,"href":"https:\/\/www.malinashop.lt\/en\/wp-json\/wp\/v2\/product_cat?post=60044"},{"taxonomy":"product_tag","embeddable":true,"href":"https:\/\/www.malinashop.lt\/en\/wp-json\/wp\/v2\/product_tag?post=60044"}],"curies":[{"name":"wp","href":"https:\/\/api.w.org\/{rel}","templated":true}]}}