{"id":60032,"date":"2025-10-29T21:57:51","date_gmt":"2025-10-29T18:57:51","guid":{"rendered":"https:\/\/malinashop.lt\/?post_type=product&#038;p=60032"},"modified":"2026-02-12T12:37:09","modified_gmt":"2026-02-12T09:37:09","slug":"linea-35-sensazioni-provenzali-namu-kvapu-difuzorius-500ml","status":"publish","type":"product","link":"https:\/\/www.malinashop.lt\/en\/shop\/linea-35-sensazioni-provenzali-namu-kvapu-difuzorius-500ml\/","title":{"rendered":"LINEA 35 SENSAZIONI PROVENZALI nam\u0173 kvap\u0173 difuzorius, 500ml"},"content":{"rendered":"<p data-start=\"443\" data-end=\"791\"><strong data-start=\"443\" data-end=\"477\">LINEA 35 SENSAZIONI PROVENZALI<\/strong> kvap\u0173 difuzorius \u2013 tai <strong data-start=\"501\" data-end=\"539\">gyvybingas ir harmoningas aromatas<\/strong>, nukeliantis \u012f <strong data-start=\"555\" data-end=\"602\">saul\u0117s nutviekst\u0105 Vidur\u017eemio j\u016bros pakrant\u0119<\/strong>, kur ore sklando <strong data-start=\"620\" data-end=\"668\">\u017eoleli\u0173, prieskoni\u0173 ir \u017eydin\u010di\u0173 kr\u016bm\u0173 kvapai<\/strong>. \u0160is kvapas suteikia \u0161vie\u017eumo, laisv\u0117s ir nat\u016bralios energijos poj\u016bt\u012f, pripildydamas namus \u0161viesos ir \u0161ilumos atmosfera.<\/p>\n<p data-start=\"793\" data-end=\"1147\">Vir\u0161utin\u0117se natose susilieja <strong data-start=\"822\" data-end=\"849\">citrusini\u0173 vaisi\u0173 gaiva<\/strong>, <strong data-start=\"851\" data-end=\"887\">kadagio uog\u0173, baziliko ir mirtos<\/strong> prieskonin\u0117s natos, kurios suteikia energijos ir \u0161viesos. Vidurin\u0117s natos \u2013 <strong data-start=\"964\" data-end=\"984\">jazminas ir ro\u017e\u0117<\/strong> \u2013 pripildo kvap\u0105 \u0161velnumo bei subtilaus g\u0117li\u0161ko gro\u017eio. Bazin\u0117je dalyje <strong data-start=\"1057\" data-end=\"1088\">medienos ir baltojo muskuso<\/strong> derinys u\u017etikrina kvapo \u0161varum\u0105, jaukum\u0105 ir i\u0161liekamum\u0105.<\/p>\n<p data-start=\"1149\" data-end=\"1309\"><strong data-start=\"1149\" data-end=\"1174\">SENSAZIONI PROVENZALI<\/strong> \u2013 tai <strong data-start=\"1181\" data-end=\"1213\">Provanso dvasia j\u016bs\u0173 namuose<\/strong>. Kvapas puikiai tinka kasdienai, suteikia erdvei gaivos, \u0161varos ir nat\u016bralios ramyb\u0117s poj\u016bt\u012f.<\/p>\n<p data-start=\"1311\" data-end=\"1329\"><strong data-start=\"1311\" data-end=\"1327\">Kvapo natos:<\/strong><\/p>\n<ul data-start=\"1330\" data-end=\"1468\">\n<li data-start=\"1330\" data-end=\"1398\">\n<p data-start=\"1332\" data-end=\"1398\">Vir\u0161utin\u0117s: citrusiniai vaisiai, kadagio uogos, bazilikas, mirta<\/p>\n<\/li>\n<li data-start=\"1399\" data-end=\"1428\">\n<p data-start=\"1401\" data-end=\"1428\">Vidurin\u0117s: jazminas, ro\u017e\u0117<\/p>\n<\/li>\n<li data-start=\"1429\" data-end=\"1468\">\n<p data-start=\"1431\" data-end=\"1468\">Bazin\u0117s: mediena, baltasis muskusas<\/p>\n<\/li>\n<\/ul>\n<p data-start=\"1470\" data-end=\"1749\"><strong data-start=\"1470\" data-end=\"1485\">Naudojimas:<\/strong><br data-start=\"1485\" data-end=\"1488\" \/>Nuimkite buteliuko dangtel\u012f, pakeiskite j\u012f dekoratyviniu ir \u012fmerkite pagaliukus \u012f kvap\u0105. Kad aromatas sklist\u0173 tolygiai, pagaliukus periodi\u0161kai apverskite. Produkt\u0105 laikykite ant stabilaus pavir\u0161iaus, atokiau nuo \u0161ilumos \u0161altini\u0173 ir tiesiogin\u0117s saul\u0117s \u0161viesos.<\/p>\n<p data-start=\"1751\" data-end=\"1925\"><strong data-start=\"1751\" data-end=\"1775\">Pagaminta Italijoje.<\/strong><br data-start=\"1775\" data-end=\"1778\" \/>Visi <strong data-start=\"1783\" data-end=\"1795\">LINEA 35<\/strong> nam\u0173 kvapai \u2013 difuzoriai gaminami Italijoje, pasi\u017eymintys auk\u0161ta kokybe, ilgaam\u017ei\u0161kumu ir autenti\u0161ka itali\u0161ka aromato i\u0161rai\u0161ka.<\/p>\n","protected":false},"excerpt":{"rendered":"<p data-start=\"118\" data-end=\"292\">Itali\u0161kas LINEA 35 SENSAZIONI PROVENZALI difuzorius \u2013 gaivus, \u017eoleli\u0173 ir citrus\u0173 kvapas, \u012fkv\u0117ptas saul\u0117tos Provanso pakrant\u0117s.<\/p>\n","protected":false},"featured_media":60033,"template":"","meta":[],"product_brand":[1362],"product_cat":[1140,573],"product_tag":[1608],"class_list":{"0":"post-60032","1":"product","2":"type-product","3":"status-publish","4":"has-post-thumbnail","6":"product_brand-linea-35","7":"product_cat-namu-kvapai","8":"product_cat-namu-kvapai-2","9":"product_tag-linea35","11":"first","12":"instock","13":"sale","14":"taxable","15":"shipping-taxable","16":"purchasable","17":"product-type-simple"},"yoast_head":"<!-- This site is optimized with the Yoast SEO plugin v27.4 - https:\/\/yoast.com\/product\/yoast-seo-wordpress\/ -->\n<title>LINEA 35 SENSAZIONI PROVENZALI nam\u0173 kvap\u0173 difuzorius, 500ml - MalinaShop.lt J\u016bs\u0173 sveikatai ir gro\u017eiui.<\/title>\n<meta name=\"description\" content=\"LINEA 35 SENSAZIONI PROVENZALI \u2013 gaivus citrus\u0173 ir \u017eoleli\u0173 kvapas, primenantis saul\u0117t\u0105 Provanso pakrant\u0119 ir j\u016bros briz\u0105 namuose.\" \/>\n<meta name=\"robots\" content=\"index, follow, max-snippet:-1, max-image-preview:large, max-video-preview:-1\" \/>\n<link rel=\"canonical\" href=\"https:\/\/www.malinashop.lt\/en\/shop\/linea-35-sensazioni-provenzali-namu-kvapu-difuzorius-500ml\/\" \/>\n<meta property=\"og:locale\" content=\"en_GB\" \/>\n<meta property=\"og:type\" content=\"article\" \/>\n<meta property=\"og:title\" content=\"LINEA 35 SENSAZIONI PROVENZALI nam\u0173 kvap\u0173 difuzorius, 500ml - MalinaShop.lt J\u016bs\u0173 sveikatai ir gro\u017eiui.\" \/>\n<meta property=\"og:description\" content=\"LINEA 35 SENSAZIONI PROVENZALI \u2013 gaivus citrus\u0173 ir \u017eoleli\u0173 kvapas, primenantis saul\u0117t\u0105 Provanso pakrant\u0119 ir j\u016bros briz\u0105 namuose.\" \/>\n<meta property=\"og:url\" content=\"https:\/\/www.malinashop.lt\/en\/shop\/linea-35-sensazioni-provenzali-namu-kvapu-difuzorius-500ml\/\" \/>\n<meta property=\"og:site_name\" content=\"MalinaShop.lt J\u016bs\u0173 sveikatai ir gro\u017eiui.\" \/>\n<meta property=\"article:modified_time\" content=\"2026-02-12T09:37:09+00:00\" \/>\n<meta property=\"og:image\" content=\"https:\/\/www.malinashop.lt\/wp-content\/uploads\/2025\/10\/LINEA-35-SENSAZIONI-PROVENZALI-namu-kvapu-difuzorius-500ml.webp\" \/>\n\t<meta property=\"og:image:width\" content=\"990\" \/>\n\t<meta property=\"og:image:height\" content=\"990\" \/>\n\t<meta property=\"og:image:type\" content=\"image\/webp\" \/>\n<meta name=\"twitter:card\" content=\"summary_large_image\" \/>\n<script type=\"application\/ld+json\" class=\"yoast-schema-graph\">{\"@context\":\"https:\\\/\\\/schema.org\",\"@graph\":[{\"@type\":\"WebPage\",\"@id\":\"https:\\\/\\\/www.malinashop.lt\\\/en\\\/shop\\\/linea-35-sensazioni-provenzali-namu-kvapu-difuzorius-500ml\\\/\",\"url\":\"https:\\\/\\\/www.malinashop.lt\\\/en\\\/shop\\\/linea-35-sensazioni-provenzali-namu-kvapu-difuzorius-500ml\\\/\",\"name\":\"LINEA 35 SENSAZIONI PROVENZALI nam\u0173 kvap\u0173 difuzorius, 500ml - MalinaShop.lt J\u016bs\u0173 sveikatai ir gro\u017eiui.\",\"isPartOf\":{\"@id\":\"https:\\\/\\\/www.malinashop.lt\\\/#website\"},\"primaryImageOfPage\":{\"@id\":\"https:\\\/\\\/www.malinashop.lt\\\/en\\\/shop\\\/linea-35-sensazioni-provenzali-namu-kvapu-difuzorius-500ml\\\/#primaryimage\"},\"image\":{\"@id\":\"https:\\\/\\\/www.malinashop.lt\\\/en\\\/shop\\\/linea-35-sensazioni-provenzali-namu-kvapu-difuzorius-500ml\\\/#primaryimage\"},\"thumbnailUrl\":\"https:\\\/\\\/www.malinashop.lt\\\/wp-content\\\/uploads\\\/2025\\\/10\\\/LINEA-35-SENSAZIONI-PROVENZALI-namu-kvapu-difuzorius-500ml.webp\",\"datePublished\":\"2025-10-29T18:57:51+00:00\",\"dateModified\":\"2026-02-12T09:37:09+00:00\",\"description\":\"LINEA 35 SENSAZIONI PROVENZALI \u2013 gaivus citrus\u0173 ir \u017eoleli\u0173 kvapas, primenantis saul\u0117t\u0105 Provanso pakrant\u0119 ir j\u016bros briz\u0105 namuose.\",\"breadcrumb\":{\"@id\":\"https:\\\/\\\/www.malinashop.lt\\\/en\\\/shop\\\/linea-35-sensazioni-provenzali-namu-kvapu-difuzorius-500ml\\\/#breadcrumb\"},\"inLanguage\":\"en-GB\",\"potentialAction\":[{\"@type\":\"ReadAction\",\"target\":[\"https:\\\/\\\/www.malinashop.lt\\\/en\\\/shop\\\/linea-35-sensazioni-provenzali-namu-kvapu-difuzorius-500ml\\\/\"]}]},{\"@type\":\"ImageObject\",\"inLanguage\":\"en-GB\",\"@id\":\"https:\\\/\\\/www.malinashop.lt\\\/en\\\/shop\\\/linea-35-sensazioni-provenzali-namu-kvapu-difuzorius-500ml\\\/#primaryimage\",\"url\":\"https:\\\/\\\/www.malinashop.lt\\\/wp-content\\\/uploads\\\/2025\\\/10\\\/LINEA-35-SENSAZIONI-PROVENZALI-namu-kvapu-difuzorius-500ml.webp\",\"contentUrl\":\"https:\\\/\\\/www.malinashop.lt\\\/wp-content\\\/uploads\\\/2025\\\/10\\\/LINEA-35-SENSAZIONI-PROVENZALI-namu-kvapu-difuzorius-500ml.webp\",\"width\":990,\"height\":990},{\"@type\":\"BreadcrumbList\",\"@id\":\"https:\\\/\\\/www.malinashop.lt\\\/en\\\/shop\\\/linea-35-sensazioni-provenzali-namu-kvapu-difuzorius-500ml\\\/#breadcrumb\",\"itemListElement\":[{\"@type\":\"ListItem\",\"position\":1,\"name\":\"Pagrindinis\",\"item\":\"https:\\\/\\\/www.malinashop.lt\\\/\"},{\"@type\":\"ListItem\",\"position\":2,\"name\":\"Parduotuv\u0117\",\"item\":\"https:\\\/\\\/www.malinashop.lt\\\/en\\\/parduotuve\\\/\"},{\"@type\":\"ListItem\",\"position\":3,\"name\":\"LINEA 35 SENSAZIONI PROVENZALI nam\u0173 kvap\u0173 difuzorius, 500ml\"}]},{\"@type\":\"WebSite\",\"@id\":\"https:\\\/\\\/www.malinashop.lt\\\/#website\",\"url\":\"https:\\\/\\\/www.malinashop.lt\\\/\",\"name\":\"COM Group Ecommerce\",\"description\":\"MalinaShop.lt - Gro\u017eio ir sveikatos produktai i\u0161 patikim\u0173 preki\u0173 \u017eenkl\u0173. Atraskite auk\u0161tos kokyb\u0117s kosmetik\u0105 u\u017e puiki\u0105 kain\u0105.\",\"publisher\":{\"@id\":\"https:\\\/\\\/www.malinashop.lt\\\/#organization\"},\"potentialAction\":[{\"@type\":\"SearchAction\",\"target\":{\"@type\":\"EntryPoint\",\"urlTemplate\":\"https:\\\/\\\/www.malinashop.lt\\\/?s={search_term_string}\"},\"query-input\":{\"@type\":\"PropertyValueSpecification\",\"valueRequired\":true,\"valueName\":\"search_term_string\"}}],\"inLanguage\":\"en-GB\"},{\"@type\":\"Organization\",\"@id\":\"https:\\\/\\\/www.malinashop.lt\\\/#organization\",\"name\":\"COM Group Ecommerce\",\"url\":\"https:\\\/\\\/www.malinashop.lt\\\/\",\"logo\":{\"@type\":\"ImageObject\",\"inLanguage\":\"en-GB\",\"@id\":\"https:\\\/\\\/www.malinashop.lt\\\/#\\\/schema\\\/logo\\\/image\\\/\",\"url\":\"https:\\\/\\\/www.malinashop.lt\\\/wp-content\\\/uploads\\\/2024\\\/08\\\/462559670_3787732518133670_9795632669273463_n-e1731525914575.png\",\"contentUrl\":\"https:\\\/\\\/www.malinashop.lt\\\/wp-content\\\/uploads\\\/2024\\\/08\\\/462559670_3787732518133670_9795632669273463_n-e1731525914575.png\",\"width\":180,\"height\":60,\"caption\":\"COM Group Ecommerce\"},\"image\":{\"@id\":\"https:\\\/\\\/www.malinashop.lt\\\/#\\\/schema\\\/logo\\\/image\\\/\"}}]}<\/script>\n<!-- \/ Yoast SEO plugin. -->","yoast_head_json":{"title":"LINEA 35 SENSAZIONI PROVENZALI nam\u0173 kvap\u0173 difuzorius, 500ml - MalinaShop.lt J\u016bs\u0173 sveikatai ir gro\u017eiui.","description":"LINEA 35 SENSAZIONI PROVENZALI \u2013 gaivus citrus\u0173 ir \u017eoleli\u0173 kvapas, primenantis saul\u0117t\u0105 Provanso pakrant\u0119 ir j\u016bros briz\u0105 namuose.","robots":{"index":"index","follow":"follow","max-snippet":"max-snippet:-1","max-image-preview":"max-image-preview:large","max-video-preview":"max-video-preview:-1"},"canonical":"https:\/\/www.malinashop.lt\/en\/shop\/linea-35-sensazioni-provenzali-namu-kvapu-difuzorius-500ml\/","og_locale":"en_GB","og_type":"article","og_title":"LINEA 35 SENSAZIONI PROVENZALI nam\u0173 kvap\u0173 difuzorius, 500ml - MalinaShop.lt J\u016bs\u0173 sveikatai ir gro\u017eiui.","og_description":"LINEA 35 SENSAZIONI PROVENZALI \u2013 gaivus citrus\u0173 ir \u017eoleli\u0173 kvapas, primenantis saul\u0117t\u0105 Provanso pakrant\u0119 ir j\u016bros briz\u0105 namuose.","og_url":"https:\/\/www.malinashop.lt\/en\/shop\/linea-35-sensazioni-provenzali-namu-kvapu-difuzorius-500ml\/","og_site_name":"MalinaShop.lt J\u016bs\u0173 sveikatai ir gro\u017eiui.","article_modified_time":"2026-02-12T09:37:09+00:00","og_image":[{"width":990,"height":990,"url":"https:\/\/www.malinashop.lt\/wp-content\/uploads\/2025\/10\/LINEA-35-SENSAZIONI-PROVENZALI-namu-kvapu-difuzorius-500ml.webp","type":"image\/webp"}],"twitter_card":"summary_large_image","schema":{"@context":"https:\/\/schema.org","@graph":[{"@type":"WebPage","@id":"https:\/\/www.malinashop.lt\/en\/shop\/linea-35-sensazioni-provenzali-namu-kvapu-difuzorius-500ml\/","url":"https:\/\/www.malinashop.lt\/en\/shop\/linea-35-sensazioni-provenzali-namu-kvapu-difuzorius-500ml\/","name":"LINEA 35 SENSAZIONI PROVENZALI nam\u0173 kvap\u0173 difuzorius, 500ml - MalinaShop.lt J\u016bs\u0173 sveikatai ir gro\u017eiui.","isPartOf":{"@id":"https:\/\/www.malinashop.lt\/#website"},"primaryImageOfPage":{"@id":"https:\/\/www.malinashop.lt\/en\/shop\/linea-35-sensazioni-provenzali-namu-kvapu-difuzorius-500ml\/#primaryimage"},"image":{"@id":"https:\/\/www.malinashop.lt\/en\/shop\/linea-35-sensazioni-provenzali-namu-kvapu-difuzorius-500ml\/#primaryimage"},"thumbnailUrl":"https:\/\/www.malinashop.lt\/wp-content\/uploads\/2025\/10\/LINEA-35-SENSAZIONI-PROVENZALI-namu-kvapu-difuzorius-500ml.webp","datePublished":"2025-10-29T18:57:51+00:00","dateModified":"2026-02-12T09:37:09+00:00","description":"LINEA 35 SENSAZIONI PROVENZALI \u2013 gaivus citrus\u0173 ir \u017eoleli\u0173 kvapas, primenantis saul\u0117t\u0105 Provanso pakrant\u0119 ir j\u016bros briz\u0105 namuose.","breadcrumb":{"@id":"https:\/\/www.malinashop.lt\/en\/shop\/linea-35-sensazioni-provenzali-namu-kvapu-difuzorius-500ml\/#breadcrumb"},"inLanguage":"en-GB","potentialAction":[{"@type":"ReadAction","target":["https:\/\/www.malinashop.lt\/en\/shop\/linea-35-sensazioni-provenzali-namu-kvapu-difuzorius-500ml\/"]}]},{"@type":"ImageObject","inLanguage":"en-GB","@id":"https:\/\/www.malinashop.lt\/en\/shop\/linea-35-sensazioni-provenzali-namu-kvapu-difuzorius-500ml\/#primaryimage","url":"https:\/\/www.malinashop.lt\/wp-content\/uploads\/2025\/10\/LINEA-35-SENSAZIONI-PROVENZALI-namu-kvapu-difuzorius-500ml.webp","contentUrl":"https:\/\/www.malinashop.lt\/wp-content\/uploads\/2025\/10\/LINEA-35-SENSAZIONI-PROVENZALI-namu-kvapu-difuzorius-500ml.webp","width":990,"height":990},{"@type":"BreadcrumbList","@id":"https:\/\/www.malinashop.lt\/en\/shop\/linea-35-sensazioni-provenzali-namu-kvapu-difuzorius-500ml\/#breadcrumb","itemListElement":[{"@type":"ListItem","position":1,"name":"Pagrindinis","item":"https:\/\/www.malinashop.lt\/"},{"@type":"ListItem","position":2,"name":"Parduotuv\u0117","item":"https:\/\/www.malinashop.lt\/en\/parduotuve\/"},{"@type":"ListItem","position":3,"name":"LINEA 35 SENSAZIONI PROVENZALI nam\u0173 kvap\u0173 difuzorius, 500ml"}]},{"@type":"WebSite","@id":"https:\/\/www.malinashop.lt\/#website","url":"https:\/\/www.malinashop.lt\/","name":"COM Group Ecommerce","description":"MalinaShop.lt - Gro\u017eio ir sveikatos produktai i\u0161 patikim\u0173 preki\u0173 \u017eenkl\u0173. Atraskite auk\u0161tos kokyb\u0117s kosmetik\u0105 u\u017e puiki\u0105 kain\u0105.","publisher":{"@id":"https:\/\/www.malinashop.lt\/#organization"},"potentialAction":[{"@type":"SearchAction","target":{"@type":"EntryPoint","urlTemplate":"https:\/\/www.malinashop.lt\/?s={search_term_string}"},"query-input":{"@type":"PropertyValueSpecification","valueRequired":true,"valueName":"search_term_string"}}],"inLanguage":"en-GB"},{"@type":"Organization","@id":"https:\/\/www.malinashop.lt\/#organization","name":"COM Group Ecommerce","url":"https:\/\/www.malinashop.lt\/","logo":{"@type":"ImageObject","inLanguage":"en-GB","@id":"https:\/\/www.malinashop.lt\/#\/schema\/logo\/image\/","url":"https:\/\/www.malinashop.lt\/wp-content\/uploads\/2024\/08\/462559670_3787732518133670_9795632669273463_n-e1731525914575.png","contentUrl":"https:\/\/www.malinashop.lt\/wp-content\/uploads\/2024\/08\/462559670_3787732518133670_9795632669273463_n-e1731525914575.png","width":180,"height":60,"caption":"COM Group Ecommerce"},"image":{"@id":"https:\/\/www.malinashop.lt\/#\/schema\/logo\/image\/"}}]}},"jetpack_sharing_enabled":true,"_links":{"self":[{"href":"https:\/\/www.malinashop.lt\/en\/wp-json\/wp\/v2\/product\/60032","targetHints":{"allow":["GET"]}}],"collection":[{"href":"https:\/\/www.malinashop.lt\/en\/wp-json\/wp\/v2\/product"}],"about":[{"href":"https:\/\/www.malinashop.lt\/en\/wp-json\/wp\/v2\/types\/product"}],"version-history":[{"count":1,"href":"https:\/\/www.malinashop.lt\/en\/wp-json\/wp\/v2\/product\/60032\/revisions"}],"predecessor-version":[{"id":60034,"href":"https:\/\/www.malinashop.lt\/en\/wp-json\/wp\/v2\/product\/60032\/revisions\/60034"}],"wp:featuredmedia":[{"embeddable":true,"href":"https:\/\/www.malinashop.lt\/en\/wp-json\/wp\/v2\/media\/60033"}],"wp:attachment":[{"href":"https:\/\/www.malinashop.lt\/en\/wp-json\/wp\/v2\/media?parent=60032"}],"wp:term":[{"taxonomy":"product_brand","embeddable":true,"href":"https:\/\/www.malinashop.lt\/en\/wp-json\/wp\/v2\/product_brand?post=60032"},{"taxonomy":"product_cat","embeddable":true,"href":"https:\/\/www.malinashop.lt\/en\/wp-json\/wp\/v2\/product_cat?post=60032"},{"taxonomy":"product_tag","embeddable":true,"href":"https:\/\/www.malinashop.lt\/en\/wp-json\/wp\/v2\/product_tag?post=60032"}],"curies":[{"name":"wp","href":"https:\/\/api.w.org\/{rel}","templated":true}]}}