{"id":60029,"date":"2025-10-29T21:55:24","date_gmt":"2025-10-29T18:55:24","guid":{"rendered":"https:\/\/malinashop.lt\/?post_type=product&#038;p=60029"},"modified":"2026-02-12T12:37:09","modified_gmt":"2026-02-12T09:37:09","slug":"linea-35-oud-darabia-namu-kvapu-difuzorius-500ml","status":"publish","type":"product","link":"https:\/\/www.malinashop.lt\/en\/shop\/linea-35-oud-darabia-namu-kvapu-difuzorius-500ml\/","title":{"rendered":"LINEA 35 OUD D\u2019ARABIA nam\u0173 kvap\u0173 difuzorius, 500ml"},"content":{"rendered":"<p data-start=\"469\" data-end=\"787\"><strong data-start=\"469\" data-end=\"494\">LINEA 35 OUD D\u2019ARABIA<\/strong> kvap\u0173 difuzorius \u2013 tai <strong data-start=\"518\" data-end=\"565\">intymi kelion\u0117 per rytieti\u0161k\u0173 kvap\u0173 pasaul\u012f<\/strong>, kur <strong data-start=\"571\" data-end=\"601\">saul\u0117s nutvieksti citrusai<\/strong> susitinka su <strong data-start=\"615\" data-end=\"656\">\u0161iltais medienos ir prieskoni\u0173 tonais<\/strong>. \u0160is aromatas skleid\u017eia <strong data-start=\"681\" data-end=\"733\">prabangos, paslaptingumo ir jaukios tylos poj\u016bt\u012f<\/strong>, u\u017epildydamas erdv\u0119 subtiliu i\u0161skirtinumo dvelksmu.<\/p>\n<p data-start=\"789\" data-end=\"1173\">Vir\u0161utin\u0117se natose dominuoja <strong data-start=\"818\" data-end=\"858\">bergamot\u0117, citrina ir augalin\u0117 derva<\/strong>, suteikian\u010dios kvapui lengvumo ir gaivos. Vidurin\u0117je dalyje atsiskleid\u017eia <strong data-start=\"933\" data-end=\"973\">oda, palmi\u0173 datul\u0117s, kedras ir medus<\/strong>, \u012fne\u0161antys \u0161ilumos ir sald\u017eios rafinuotos elegancijos. Bazin\u0117se natose slypi <strong data-start=\"1051\" data-end=\"1113\">tonka pupel\u0117s, pa\u010diulis, labdanumas, benzoinas ir muskusas<\/strong>, kurie suteikia kvapui i\u0161liekamumo, sodrumo ir prabangos.<\/p>\n<p data-start=\"1175\" data-end=\"1377\"><strong data-start=\"1175\" data-end=\"1191\">OUD D\u2019ARABIA<\/strong> \u2013 tai <strong data-start=\"1198\" data-end=\"1250\">i\u0161rai\u0161kingas, paslaptingas ir harmoningas kvapas<\/strong>, puikiai tinkantis vakariniam laikui ar erdv\u0117ms, kuriose norisi sukurti ramyb\u0117s, gilumos ir i\u0161skirtin\u0117s prabangos atmosfer\u0105.<\/p>\n<p data-start=\"1379\" data-end=\"1397\"><strong data-start=\"1379\" data-end=\"1395\">Kvapo natos:<\/strong><\/p>\n<ul data-start=\"1398\" data-end=\"1575\">\n<li data-start=\"1398\" data-end=\"1455\">\n<p data-start=\"1400\" data-end=\"1455\">Vir\u0161utin\u0117s: bergamot\u0117, citrina, kvapni augalin\u0117 derva<\/p>\n<\/li>\n<li data-start=\"1456\" data-end=\"1505\">\n<p data-start=\"1458\" data-end=\"1505\">Vidurin\u0117s: oda, palmi\u0173 datul\u0117s, kedras, medus<\/p>\n<\/li>\n<li data-start=\"1506\" data-end=\"1575\">\n<p data-start=\"1508\" data-end=\"1575\">Bazin\u0117s: tonka pupel\u0117s, pa\u010diulis, labdanumas, benzoinas, muskusas<\/p>\n<\/li>\n<\/ul>\n<p data-start=\"1577\" data-end=\"1856\"><strong data-start=\"1577\" data-end=\"1592\">Naudojimas:<\/strong><br data-start=\"1592\" data-end=\"1595\" \/>Nuimkite buteliuko dangtel\u012f, pakeiskite j\u012f dekoratyviniu ir \u012fmerkite pagaliukus \u012f kvap\u0105. Kad aromatas sklist\u0173 tolygiai, pagaliukus periodi\u0161kai apverskite. Produkt\u0105 laikykite ant stabilaus pavir\u0161iaus, atokiau nuo \u0161ilumos \u0161altini\u0173 ir tiesiogin\u0117s saul\u0117s \u0161viesos.<\/p>\n<p data-start=\"1858\" data-end=\"2040\"><strong data-start=\"1858\" data-end=\"1882\">Pagaminta Italijoje.<\/strong><br data-start=\"1882\" data-end=\"1885\" \/>Visi <strong data-start=\"1890\" data-end=\"1902\">LINEA 35<\/strong> nam\u0173 kvapai \u2013 difuzoriai gaminami Italijoje, u\u017etikrinant nepriekai\u0161ting\u0105 kokyb\u0119, ilgaam\u017ei\u0161kum\u0105 ir autenti\u0161k\u0105 itali\u0161k\u0105 aromato i\u0161rai\u0161k\u0105.<\/p>\n","protected":false},"excerpt":{"rendered":"<p data-start=\"118\" data-end=\"292\">Itali\u0161kas LINEA 35 OUD D\u2019ARABIA difuzorius \u2013 prabangus rytieti\u0161kas kvapas su citrus\u0173, medienos ir prieskoni\u0173 natomis. Sukuria \u0161ilt\u0105, rafinuot\u0105 atmosfer\u0105.<\/p>\n","protected":false},"featured_media":60030,"template":"","meta":[],"product_brand":[1362],"product_cat":[1140,573],"product_tag":[1608],"class_list":{"0":"post-60029","1":"product","2":"type-product","3":"status-publish","4":"has-post-thumbnail","6":"product_brand-linea-35","7":"product_cat-namu-kvapai","8":"product_cat-namu-kvapai-2","9":"product_tag-linea35","11":"first","12":"instock","13":"sale","14":"taxable","15":"shipping-taxable","16":"purchasable","17":"product-type-simple"},"yoast_head":"<!-- This site is optimized with the Yoast SEO plugin v27.4 - https:\/\/yoast.com\/product\/yoast-seo-wordpress\/ -->\n<title>LINEA 35 OUD D\u2019ARABIA nam\u0173 kvap\u0173 difuzorius, 500ml - MalinaShop.lt J\u016bs\u0173 sveikatai ir gro\u017eiui.<\/title>\n<meta name=\"description\" content=\"LINEA 35 OUD D\u2019ARABIA \u2013 rytieti\u0161kas citrus\u0173, medienos ir prieskoni\u0173 kvapas, pripildantis namus \u0161ilumos, prabangos ir paslaptingumo.\" \/>\n<meta name=\"robots\" content=\"index, follow, max-snippet:-1, max-image-preview:large, max-video-preview:-1\" \/>\n<link rel=\"canonical\" href=\"https:\/\/www.malinashop.lt\/en\/shop\/linea-35-oud-darabia-namu-kvapu-difuzorius-500ml\/\" \/>\n<meta property=\"og:locale\" content=\"en_GB\" \/>\n<meta property=\"og:type\" content=\"article\" \/>\n<meta property=\"og:title\" content=\"LINEA 35 OUD D\u2019ARABIA nam\u0173 kvap\u0173 difuzorius, 500ml - MalinaShop.lt J\u016bs\u0173 sveikatai ir gro\u017eiui.\" \/>\n<meta property=\"og:description\" content=\"LINEA 35 OUD D\u2019ARABIA \u2013 rytieti\u0161kas citrus\u0173, medienos ir prieskoni\u0173 kvapas, pripildantis namus \u0161ilumos, prabangos ir paslaptingumo.\" \/>\n<meta property=\"og:url\" content=\"https:\/\/www.malinashop.lt\/en\/shop\/linea-35-oud-darabia-namu-kvapu-difuzorius-500ml\/\" \/>\n<meta property=\"og:site_name\" content=\"MalinaShop.lt J\u016bs\u0173 sveikatai ir gro\u017eiui.\" \/>\n<meta property=\"article:modified_time\" content=\"2026-02-12T09:37:09+00:00\" \/>\n<meta property=\"og:image\" content=\"https:\/\/www.malinashop.lt\/wp-content\/uploads\/2025\/10\/LINEA-35-OUD-DARABIA-namu-kvapu-difuzorius-500ml.webp\" \/>\n\t<meta property=\"og:image:width\" content=\"990\" \/>\n\t<meta property=\"og:image:height\" content=\"990\" \/>\n\t<meta property=\"og:image:type\" content=\"image\/webp\" \/>\n<meta name=\"twitter:card\" content=\"summary_large_image\" \/>\n<script type=\"application\/ld+json\" class=\"yoast-schema-graph\">{\"@context\":\"https:\\\/\\\/schema.org\",\"@graph\":[{\"@type\":\"WebPage\",\"@id\":\"https:\\\/\\\/www.malinashop.lt\\\/lt_lt\\\/shop\\\/linea-35-oud-darabia-namu-kvapu-difuzorius-500ml\\\/\",\"url\":\"https:\\\/\\\/www.malinashop.lt\\\/lt_lt\\\/shop\\\/linea-35-oud-darabia-namu-kvapu-difuzorius-500ml\\\/\",\"name\":\"LINEA 35 OUD D\u2019ARABIA nam\u0173 kvap\u0173 difuzorius, 500ml - MalinaShop.lt J\u016bs\u0173 sveikatai ir gro\u017eiui.\",\"isPartOf\":{\"@id\":\"https:\\\/\\\/www.malinashop.lt\\\/#website\"},\"primaryImageOfPage\":{\"@id\":\"https:\\\/\\\/www.malinashop.lt\\\/lt_lt\\\/shop\\\/linea-35-oud-darabia-namu-kvapu-difuzorius-500ml\\\/#primaryimage\"},\"image\":{\"@id\":\"https:\\\/\\\/www.malinashop.lt\\\/lt_lt\\\/shop\\\/linea-35-oud-darabia-namu-kvapu-difuzorius-500ml\\\/#primaryimage\"},\"thumbnailUrl\":\"https:\\\/\\\/www.malinashop.lt\\\/wp-content\\\/uploads\\\/2025\\\/10\\\/LINEA-35-OUD-DARABIA-namu-kvapu-difuzorius-500ml.webp\",\"datePublished\":\"2025-10-29T18:55:24+00:00\",\"dateModified\":\"2026-02-12T09:37:09+00:00\",\"description\":\"LINEA 35 OUD D\u2019ARABIA \u2013 rytieti\u0161kas citrus\u0173, medienos ir prieskoni\u0173 kvapas, pripildantis namus \u0161ilumos, prabangos ir paslaptingumo.\",\"breadcrumb\":{\"@id\":\"https:\\\/\\\/www.malinashop.lt\\\/lt_lt\\\/shop\\\/linea-35-oud-darabia-namu-kvapu-difuzorius-500ml\\\/#breadcrumb\"},\"inLanguage\":\"en-GB\",\"potentialAction\":[{\"@type\":\"ReadAction\",\"target\":[\"https:\\\/\\\/www.malinashop.lt\\\/lt_lt\\\/shop\\\/linea-35-oud-darabia-namu-kvapu-difuzorius-500ml\\\/\"]}]},{\"@type\":\"ImageObject\",\"inLanguage\":\"en-GB\",\"@id\":\"https:\\\/\\\/www.malinashop.lt\\\/lt_lt\\\/shop\\\/linea-35-oud-darabia-namu-kvapu-difuzorius-500ml\\\/#primaryimage\",\"url\":\"https:\\\/\\\/www.malinashop.lt\\\/wp-content\\\/uploads\\\/2025\\\/10\\\/LINEA-35-OUD-DARABIA-namu-kvapu-difuzorius-500ml.webp\",\"contentUrl\":\"https:\\\/\\\/www.malinashop.lt\\\/wp-content\\\/uploads\\\/2025\\\/10\\\/LINEA-35-OUD-DARABIA-namu-kvapu-difuzorius-500ml.webp\",\"width\":990,\"height\":990},{\"@type\":\"BreadcrumbList\",\"@id\":\"https:\\\/\\\/www.malinashop.lt\\\/lt_lt\\\/shop\\\/linea-35-oud-darabia-namu-kvapu-difuzorius-500ml\\\/#breadcrumb\",\"itemListElement\":[{\"@type\":\"ListItem\",\"position\":1,\"name\":\"Pagrindinis\",\"item\":\"https:\\\/\\\/www.malinashop.lt\\\/\"},{\"@type\":\"ListItem\",\"position\":2,\"name\":\"Parduotuv\u0117\",\"item\":\"https:\\\/\\\/www.malinashop.lt\\\/en\\\/parduotuve\\\/\"},{\"@type\":\"ListItem\",\"position\":3,\"name\":\"LINEA 35 OUD D\u2019ARABIA nam\u0173 kvap\u0173 difuzorius, 500ml\"}]},{\"@type\":\"WebSite\",\"@id\":\"https:\\\/\\\/www.malinashop.lt\\\/#website\",\"url\":\"https:\\\/\\\/www.malinashop.lt\\\/\",\"name\":\"COM Group Ecommerce\",\"description\":\"MalinaShop.lt - Gro\u017eio ir sveikatos produktai i\u0161 patikim\u0173 preki\u0173 \u017eenkl\u0173. Atraskite auk\u0161tos kokyb\u0117s kosmetik\u0105 u\u017e puiki\u0105 kain\u0105.\",\"publisher\":{\"@id\":\"https:\\\/\\\/www.malinashop.lt\\\/#organization\"},\"potentialAction\":[{\"@type\":\"SearchAction\",\"target\":{\"@type\":\"EntryPoint\",\"urlTemplate\":\"https:\\\/\\\/www.malinashop.lt\\\/?s={search_term_string}\"},\"query-input\":{\"@type\":\"PropertyValueSpecification\",\"valueRequired\":true,\"valueName\":\"search_term_string\"}}],\"inLanguage\":\"en-GB\"},{\"@type\":\"Organization\",\"@id\":\"https:\\\/\\\/www.malinashop.lt\\\/#organization\",\"name\":\"COM Group Ecommerce\",\"url\":\"https:\\\/\\\/www.malinashop.lt\\\/\",\"logo\":{\"@type\":\"ImageObject\",\"inLanguage\":\"en-GB\",\"@id\":\"https:\\\/\\\/www.malinashop.lt\\\/#\\\/schema\\\/logo\\\/image\\\/\",\"url\":\"https:\\\/\\\/www.malinashop.lt\\\/wp-content\\\/uploads\\\/2024\\\/08\\\/462559670_3787732518133670_9795632669273463_n-e1731525914575.png\",\"contentUrl\":\"https:\\\/\\\/www.malinashop.lt\\\/wp-content\\\/uploads\\\/2024\\\/08\\\/462559670_3787732518133670_9795632669273463_n-e1731525914575.png\",\"width\":180,\"height\":60,\"caption\":\"COM Group Ecommerce\"},\"image\":{\"@id\":\"https:\\\/\\\/www.malinashop.lt\\\/#\\\/schema\\\/logo\\\/image\\\/\"}}]}<\/script>\n<!-- \/ Yoast SEO plugin. -->","yoast_head_json":{"title":"LINEA 35 OUD D\u2019ARABIA nam\u0173 kvap\u0173 difuzorius, 500ml - MalinaShop.lt J\u016bs\u0173 sveikatai ir gro\u017eiui.","description":"LINEA 35 OUD D\u2019ARABIA \u2013 rytieti\u0161kas citrus\u0173, medienos ir prieskoni\u0173 kvapas, pripildantis namus \u0161ilumos, prabangos ir paslaptingumo.","robots":{"index":"index","follow":"follow","max-snippet":"max-snippet:-1","max-image-preview":"max-image-preview:large","max-video-preview":"max-video-preview:-1"},"canonical":"https:\/\/www.malinashop.lt\/en\/shop\/linea-35-oud-darabia-namu-kvapu-difuzorius-500ml\/","og_locale":"en_GB","og_type":"article","og_title":"LINEA 35 OUD D\u2019ARABIA nam\u0173 kvap\u0173 difuzorius, 500ml - MalinaShop.lt J\u016bs\u0173 sveikatai ir gro\u017eiui.","og_description":"LINEA 35 OUD D\u2019ARABIA \u2013 rytieti\u0161kas citrus\u0173, medienos ir prieskoni\u0173 kvapas, pripildantis namus \u0161ilumos, prabangos ir paslaptingumo.","og_url":"https:\/\/www.malinashop.lt\/en\/shop\/linea-35-oud-darabia-namu-kvapu-difuzorius-500ml\/","og_site_name":"MalinaShop.lt J\u016bs\u0173 sveikatai ir gro\u017eiui.","article_modified_time":"2026-02-12T09:37:09+00:00","og_image":[{"width":990,"height":990,"url":"https:\/\/www.malinashop.lt\/wp-content\/uploads\/2025\/10\/LINEA-35-OUD-DARABIA-namu-kvapu-difuzorius-500ml.webp","type":"image\/webp"}],"twitter_card":"summary_large_image","schema":{"@context":"https:\/\/schema.org","@graph":[{"@type":"WebPage","@id":"https:\/\/www.malinashop.lt\/lt_lt\/shop\/linea-35-oud-darabia-namu-kvapu-difuzorius-500ml\/","url":"https:\/\/www.malinashop.lt\/lt_lt\/shop\/linea-35-oud-darabia-namu-kvapu-difuzorius-500ml\/","name":"LINEA 35 OUD D\u2019ARABIA nam\u0173 kvap\u0173 difuzorius, 500ml - MalinaShop.lt J\u016bs\u0173 sveikatai ir gro\u017eiui.","isPartOf":{"@id":"https:\/\/www.malinashop.lt\/#website"},"primaryImageOfPage":{"@id":"https:\/\/www.malinashop.lt\/lt_lt\/shop\/linea-35-oud-darabia-namu-kvapu-difuzorius-500ml\/#primaryimage"},"image":{"@id":"https:\/\/www.malinashop.lt\/lt_lt\/shop\/linea-35-oud-darabia-namu-kvapu-difuzorius-500ml\/#primaryimage"},"thumbnailUrl":"https:\/\/www.malinashop.lt\/wp-content\/uploads\/2025\/10\/LINEA-35-OUD-DARABIA-namu-kvapu-difuzorius-500ml.webp","datePublished":"2025-10-29T18:55:24+00:00","dateModified":"2026-02-12T09:37:09+00:00","description":"LINEA 35 OUD D\u2019ARABIA \u2013 rytieti\u0161kas citrus\u0173, medienos ir prieskoni\u0173 kvapas, pripildantis namus \u0161ilumos, prabangos ir paslaptingumo.","breadcrumb":{"@id":"https:\/\/www.malinashop.lt\/lt_lt\/shop\/linea-35-oud-darabia-namu-kvapu-difuzorius-500ml\/#breadcrumb"},"inLanguage":"en-GB","potentialAction":[{"@type":"ReadAction","target":["https:\/\/www.malinashop.lt\/lt_lt\/shop\/linea-35-oud-darabia-namu-kvapu-difuzorius-500ml\/"]}]},{"@type":"ImageObject","inLanguage":"en-GB","@id":"https:\/\/www.malinashop.lt\/lt_lt\/shop\/linea-35-oud-darabia-namu-kvapu-difuzorius-500ml\/#primaryimage","url":"https:\/\/www.malinashop.lt\/wp-content\/uploads\/2025\/10\/LINEA-35-OUD-DARABIA-namu-kvapu-difuzorius-500ml.webp","contentUrl":"https:\/\/www.malinashop.lt\/wp-content\/uploads\/2025\/10\/LINEA-35-OUD-DARABIA-namu-kvapu-difuzorius-500ml.webp","width":990,"height":990},{"@type":"BreadcrumbList","@id":"https:\/\/www.malinashop.lt\/lt_lt\/shop\/linea-35-oud-darabia-namu-kvapu-difuzorius-500ml\/#breadcrumb","itemListElement":[{"@type":"ListItem","position":1,"name":"Pagrindinis","item":"https:\/\/www.malinashop.lt\/"},{"@type":"ListItem","position":2,"name":"Parduotuv\u0117","item":"https:\/\/www.malinashop.lt\/en\/parduotuve\/"},{"@type":"ListItem","position":3,"name":"LINEA 35 OUD D\u2019ARABIA nam\u0173 kvap\u0173 difuzorius, 500ml"}]},{"@type":"WebSite","@id":"https:\/\/www.malinashop.lt\/#website","url":"https:\/\/www.malinashop.lt\/","name":"COM Group Ecommerce","description":"MalinaShop.lt - Gro\u017eio ir sveikatos produktai i\u0161 patikim\u0173 preki\u0173 \u017eenkl\u0173. Atraskite auk\u0161tos kokyb\u0117s kosmetik\u0105 u\u017e puiki\u0105 kain\u0105.","publisher":{"@id":"https:\/\/www.malinashop.lt\/#organization"},"potentialAction":[{"@type":"SearchAction","target":{"@type":"EntryPoint","urlTemplate":"https:\/\/www.malinashop.lt\/?s={search_term_string}"},"query-input":{"@type":"PropertyValueSpecification","valueRequired":true,"valueName":"search_term_string"}}],"inLanguage":"en-GB"},{"@type":"Organization","@id":"https:\/\/www.malinashop.lt\/#organization","name":"COM Group Ecommerce","url":"https:\/\/www.malinashop.lt\/","logo":{"@type":"ImageObject","inLanguage":"en-GB","@id":"https:\/\/www.malinashop.lt\/#\/schema\/logo\/image\/","url":"https:\/\/www.malinashop.lt\/wp-content\/uploads\/2024\/08\/462559670_3787732518133670_9795632669273463_n-e1731525914575.png","contentUrl":"https:\/\/www.malinashop.lt\/wp-content\/uploads\/2024\/08\/462559670_3787732518133670_9795632669273463_n-e1731525914575.png","width":180,"height":60,"caption":"COM Group Ecommerce"},"image":{"@id":"https:\/\/www.malinashop.lt\/#\/schema\/logo\/image\/"}}]}},"jetpack_sharing_enabled":true,"_links":{"self":[{"href":"https:\/\/www.malinashop.lt\/en\/wp-json\/wp\/v2\/product\/60029","targetHints":{"allow":["GET"]}}],"collection":[{"href":"https:\/\/www.malinashop.lt\/en\/wp-json\/wp\/v2\/product"}],"about":[{"href":"https:\/\/www.malinashop.lt\/en\/wp-json\/wp\/v2\/types\/product"}],"version-history":[{"count":1,"href":"https:\/\/www.malinashop.lt\/en\/wp-json\/wp\/v2\/product\/60029\/revisions"}],"predecessor-version":[{"id":60031,"href":"https:\/\/www.malinashop.lt\/en\/wp-json\/wp\/v2\/product\/60029\/revisions\/60031"}],"wp:featuredmedia":[{"embeddable":true,"href":"https:\/\/www.malinashop.lt\/en\/wp-json\/wp\/v2\/media\/60030"}],"wp:attachment":[{"href":"https:\/\/www.malinashop.lt\/en\/wp-json\/wp\/v2\/media?parent=60029"}],"wp:term":[{"taxonomy":"product_brand","embeddable":true,"href":"https:\/\/www.malinashop.lt\/en\/wp-json\/wp\/v2\/product_brand?post=60029"},{"taxonomy":"product_cat","embeddable":true,"href":"https:\/\/www.malinashop.lt\/en\/wp-json\/wp\/v2\/product_cat?post=60029"},{"taxonomy":"product_tag","embeddable":true,"href":"https:\/\/www.malinashop.lt\/en\/wp-json\/wp\/v2\/product_tag?post=60029"}],"curies":[{"name":"wp","href":"https:\/\/api.w.org\/{rel}","templated":true}]}}