{"id":60018,"date":"2025-10-29T21:49:43","date_gmt":"2025-10-29T18:49:43","guid":{"rendered":"https:\/\/malinashop.lt\/?post_type=product&#038;p=60018"},"modified":"2026-02-12T12:37:10","modified_gmt":"2026-02-12T09:37:10","slug":"linea-35-fico-dindia-e-rosa-namu-kvapu-difuzorius-500ml","status":"publish","type":"product","link":"https:\/\/www.malinashop.lt\/en\/shop\/linea-35-fico-dindia-e-rosa-namu-kvapu-difuzorius-500ml\/","title":{"rendered":"LINEA 35 FICO D\u2019INDIA E ROSA nam\u0173 kvap\u0173 difuzorius, 500ml"},"content":{"rendered":"<p data-start=\"434\" data-end=\"711\"><strong data-start=\"434\" data-end=\"458\">LINEA 35 FICO E ROSA<\/strong> kvap\u0173 difuzorius \u2013 tai <strong data-start=\"482\" data-end=\"506\">vaisi\u0173 sodo aromatas<\/strong>, kuriame darniai susilieja <strong data-start=\"534\" data-end=\"567\">figos, ro\u017e\u0117s ir persik\u0173 \u017eied\u0173<\/strong> nat\u0173 \u0161velnumas. \u0160is kvapas atne\u0161a <strong data-start=\"602\" data-end=\"656\">vasari\u0161kos saul\u0117s, d\u017eiaugsmo ir elegancijos poj\u016bt\u012f<\/strong>, paversdamas j\u016bs\u0173 namus jaukia, \u0161viesos kupina oaze.<\/p>\n<p data-start=\"713\" data-end=\"1075\">Vir\u0161utin\u0117se natose juntami <strong data-start=\"740\" data-end=\"804\">apelsinas, bergamot\u0117, raudonos uogos, greipfrutas ir obuolys<\/strong>, suteikiantys energijos ir gaivos. Vidurin\u0117s natos \u2013 <strong data-start=\"858\" data-end=\"918\">persik\u0173 \u017eiedai, ro\u017e\u0117, figa, baltos g\u0117l\u0117s ir \u017ealios natos<\/strong> \u2013 pripildo kvap\u0105 \u0161velnumo bei nat\u016bralaus saldumo. Pagrind\u0105 u\u017ebaigia <strong data-start=\"987\" data-end=\"1027\">saldymed\u017eio, muskuso ir raudonmed\u017eio<\/strong> \u0161iluma, suteikianti ilgaam\u017ei\u0161kumo ir jaukumo.<\/p>\n<p data-start=\"1077\" data-end=\"1242\"><strong data-start=\"1077\" data-end=\"1092\">FICO E ROSA<\/strong> \u2013 tai <strong data-start=\"1099\" data-end=\"1129\">saul\u0117s ir \u0161viesos aromatas<\/strong>, puikiai tinkantis gyvenamajai erdvei ar miegamajam, kuriame norisi ramyb\u0117s, \u0161velnumo ir pozityvios energijos.<\/p>\n<p data-start=\"1244\" data-end=\"1262\"><strong data-start=\"1244\" data-end=\"1260\">Kvapo natos:<\/strong><\/p>\n<ul data-start=\"1263\" data-end=\"1454\">\n<li data-start=\"1263\" data-end=\"1337\">\n<p data-start=\"1265\" data-end=\"1337\">Vir\u0161utin\u0117s: apelsinas, bergamot\u0117, raudonos uogos, greipfrutas, obuolys<\/p>\n<\/li>\n<li data-start=\"1338\" data-end=\"1407\">\n<p data-start=\"1340\" data-end=\"1407\">Vidurin\u0117s: persik\u0173 \u017eiedai, ro\u017e\u0117, figa, baltos g\u0117l\u0117s, \u017ealios natos<\/p>\n<\/li>\n<li data-start=\"1408\" data-end=\"1454\">\n<p data-start=\"1410\" data-end=\"1454\">Bazin\u0117s: saldymedis, muskusas, raudonmedis<\/p>\n<\/li>\n<\/ul>\n<p data-start=\"1456\" data-end=\"1704\"><strong data-start=\"1456\" data-end=\"1471\">Naudojimas:<\/strong><br data-start=\"1471\" data-end=\"1474\" \/>Nuimkite buteliuko dangtel\u012f, pakeiskite j\u012f dekoratyviniu ir \u012fmerkite pagaliukus \u012f kvap\u0105. Norint i\u0161laikyti intensyv\u0173 aromat\u0105, juos periodi\u0161kai apverskite. Produkt\u0105 statykite ant stabilaus pavir\u0161iaus, atokiau nuo \u0161ilumos \u0161altini\u0173.<\/p>\n<p data-start=\"1706\" data-end=\"1884\"><strong data-start=\"1706\" data-end=\"1730\">Pagaminta Italijoje.<\/strong><br data-start=\"1730\" data-end=\"1733\" \/>Visi <strong data-start=\"1738\" data-end=\"1750\">LINEA 35<\/strong> nam\u0173 kvapai \u2013 difuzoriai gaminami Italijoje, u\u017etikrinant auk\u0161\u010diausi\u0105 kokyb\u0119, ilgaam\u017ei\u0161kum\u0105 ir autenti\u0161k\u0105 itali\u0161k\u0105 aromato i\u0161rai\u0161k\u0105.<\/p>\n","protected":false},"excerpt":{"rendered":"<p data-start=\"118\" data-end=\"292\">Itali\u0161kas LINEA 35 FICO E ROSA difuzorius \u2013 gaivus, saldus ir eleganti\u0161kas fig\u0173 bei ro\u017ei\u0173 aromatas, pripildantis namus \u0161viesos ir \u0161ilumos.<\/p>\n","protected":false},"featured_media":60021,"template":"","meta":[],"product_brand":[1362],"product_cat":[1140,573],"product_tag":[1608],"class_list":{"0":"post-60018","1":"product","2":"type-product","3":"status-publish","4":"has-post-thumbnail","6":"product_brand-linea-35","7":"product_cat-namu-kvapai","8":"product_cat-namu-kvapai-2","9":"product_tag-linea35","11":"first","12":"instock","13":"sale","14":"taxable","15":"shipping-taxable","16":"purchasable","17":"product-type-simple"},"yoast_head":"<!-- This site is optimized with the Yoast SEO plugin v27.4 - https:\/\/yoast.com\/product\/yoast-seo-wordpress\/ -->\n<title>LINEA 35 FICO D\u2019INDIA E ROSA nam\u0173 kvap\u0173 difuzorius, 500ml - MalinaShop.lt J\u016bs\u0173 sveikatai ir gro\u017eiui.<\/title>\n<meta name=\"description\" content=\"LINEA 35 FICO E ROSA \u2013 itali\u0161kas fig\u0173, ro\u017ei\u0173 ir vaisi\u0173 kvapas, suteikiantis namams \u0161ilumos, \u0161velnumo ir saul\u0117tos vasaros dvelksm\u0105.\" \/>\n<meta name=\"robots\" content=\"index, follow, max-snippet:-1, max-image-preview:large, max-video-preview:-1\" \/>\n<link rel=\"canonical\" href=\"https:\/\/www.malinashop.lt\/en\/shop\/linea-35-fico-dindia-e-rosa-namu-kvapu-difuzorius-500ml\/\" \/>\n<meta property=\"og:locale\" content=\"en_GB\" \/>\n<meta property=\"og:type\" content=\"article\" \/>\n<meta property=\"og:title\" content=\"LINEA 35 FICO D\u2019INDIA E ROSA nam\u0173 kvap\u0173 difuzorius, 500ml - MalinaShop.lt J\u016bs\u0173 sveikatai ir gro\u017eiui.\" \/>\n<meta property=\"og:description\" content=\"LINEA 35 FICO E ROSA \u2013 itali\u0161kas fig\u0173, ro\u017ei\u0173 ir vaisi\u0173 kvapas, suteikiantis namams \u0161ilumos, \u0161velnumo ir saul\u0117tos vasaros dvelksm\u0105.\" \/>\n<meta property=\"og:url\" content=\"https:\/\/www.malinashop.lt\/en\/shop\/linea-35-fico-dindia-e-rosa-namu-kvapu-difuzorius-500ml\/\" \/>\n<meta property=\"og:site_name\" content=\"MalinaShop.lt J\u016bs\u0173 sveikatai ir gro\u017eiui.\" \/>\n<meta property=\"article:modified_time\" content=\"2026-02-12T09:37:10+00:00\" \/>\n<meta property=\"og:image\" content=\"https:\/\/www.malinashop.lt\/wp-content\/uploads\/2025\/10\/LINEA-35-FICO-DINDIA-E-ROSA-namu-kvapu-difuzorius-500ml.webp\" \/>\n\t<meta property=\"og:image:width\" content=\"990\" \/>\n\t<meta property=\"og:image:height\" content=\"990\" \/>\n\t<meta property=\"og:image:type\" content=\"image\/webp\" \/>\n<meta name=\"twitter:card\" content=\"summary_large_image\" \/>\n<script type=\"application\/ld+json\" class=\"yoast-schema-graph\">{\"@context\":\"https:\\\/\\\/schema.org\",\"@graph\":[{\"@type\":\"WebPage\",\"@id\":\"https:\\\/\\\/www.malinashop.lt\\\/en\\\/shop\\\/linea-35-fico-dindia-e-rosa-namu-kvapu-difuzorius-500ml\\\/\",\"url\":\"https:\\\/\\\/www.malinashop.lt\\\/en\\\/shop\\\/linea-35-fico-dindia-e-rosa-namu-kvapu-difuzorius-500ml\\\/\",\"name\":\"LINEA 35 FICO D\u2019INDIA E ROSA nam\u0173 kvap\u0173 difuzorius, 500ml - MalinaShop.lt J\u016bs\u0173 sveikatai ir gro\u017eiui.\",\"isPartOf\":{\"@id\":\"https:\\\/\\\/www.malinashop.lt\\\/#website\"},\"primaryImageOfPage\":{\"@id\":\"https:\\\/\\\/www.malinashop.lt\\\/en\\\/shop\\\/linea-35-fico-dindia-e-rosa-namu-kvapu-difuzorius-500ml\\\/#primaryimage\"},\"image\":{\"@id\":\"https:\\\/\\\/www.malinashop.lt\\\/en\\\/shop\\\/linea-35-fico-dindia-e-rosa-namu-kvapu-difuzorius-500ml\\\/#primaryimage\"},\"thumbnailUrl\":\"https:\\\/\\\/www.malinashop.lt\\\/wp-content\\\/uploads\\\/2025\\\/10\\\/LINEA-35-FICO-DINDIA-E-ROSA-namu-kvapu-difuzorius-500ml.webp\",\"datePublished\":\"2025-10-29T18:49:43+00:00\",\"dateModified\":\"2026-02-12T09:37:10+00:00\",\"description\":\"LINEA 35 FICO E ROSA \u2013 itali\u0161kas fig\u0173, ro\u017ei\u0173 ir vaisi\u0173 kvapas, suteikiantis namams \u0161ilumos, \u0161velnumo ir saul\u0117tos vasaros dvelksm\u0105.\",\"breadcrumb\":{\"@id\":\"https:\\\/\\\/www.malinashop.lt\\\/en\\\/shop\\\/linea-35-fico-dindia-e-rosa-namu-kvapu-difuzorius-500ml\\\/#breadcrumb\"},\"inLanguage\":\"en-GB\",\"potentialAction\":[{\"@type\":\"ReadAction\",\"target\":[\"https:\\\/\\\/www.malinashop.lt\\\/en\\\/shop\\\/linea-35-fico-dindia-e-rosa-namu-kvapu-difuzorius-500ml\\\/\"]}]},{\"@type\":\"ImageObject\",\"inLanguage\":\"en-GB\",\"@id\":\"https:\\\/\\\/www.malinashop.lt\\\/en\\\/shop\\\/linea-35-fico-dindia-e-rosa-namu-kvapu-difuzorius-500ml\\\/#primaryimage\",\"url\":\"https:\\\/\\\/www.malinashop.lt\\\/wp-content\\\/uploads\\\/2025\\\/10\\\/LINEA-35-FICO-DINDIA-E-ROSA-namu-kvapu-difuzorius-500ml.webp\",\"contentUrl\":\"https:\\\/\\\/www.malinashop.lt\\\/wp-content\\\/uploads\\\/2025\\\/10\\\/LINEA-35-FICO-DINDIA-E-ROSA-namu-kvapu-difuzorius-500ml.webp\",\"width\":990,\"height\":990},{\"@type\":\"BreadcrumbList\",\"@id\":\"https:\\\/\\\/www.malinashop.lt\\\/en\\\/shop\\\/linea-35-fico-dindia-e-rosa-namu-kvapu-difuzorius-500ml\\\/#breadcrumb\",\"itemListElement\":[{\"@type\":\"ListItem\",\"position\":1,\"name\":\"Pagrindinis\",\"item\":\"https:\\\/\\\/www.malinashop.lt\\\/\"},{\"@type\":\"ListItem\",\"position\":2,\"name\":\"Parduotuv\u0117\",\"item\":\"https:\\\/\\\/www.malinashop.lt\\\/en\\\/parduotuve\\\/\"},{\"@type\":\"ListItem\",\"position\":3,\"name\":\"LINEA 35 FICO D\u2019INDIA E ROSA nam\u0173 kvap\u0173 difuzorius, 500ml\"}]},{\"@type\":\"WebSite\",\"@id\":\"https:\\\/\\\/www.malinashop.lt\\\/#website\",\"url\":\"https:\\\/\\\/www.malinashop.lt\\\/\",\"name\":\"COM Group Ecommerce\",\"description\":\"MalinaShop.lt - Gro\u017eio ir sveikatos produktai i\u0161 patikim\u0173 preki\u0173 \u017eenkl\u0173. Atraskite auk\u0161tos kokyb\u0117s kosmetik\u0105 u\u017e puiki\u0105 kain\u0105.\",\"publisher\":{\"@id\":\"https:\\\/\\\/www.malinashop.lt\\\/#organization\"},\"potentialAction\":[{\"@type\":\"SearchAction\",\"target\":{\"@type\":\"EntryPoint\",\"urlTemplate\":\"https:\\\/\\\/www.malinashop.lt\\\/?s={search_term_string}\"},\"query-input\":{\"@type\":\"PropertyValueSpecification\",\"valueRequired\":true,\"valueName\":\"search_term_string\"}}],\"inLanguage\":\"en-GB\"},{\"@type\":\"Organization\",\"@id\":\"https:\\\/\\\/www.malinashop.lt\\\/#organization\",\"name\":\"COM Group Ecommerce\",\"url\":\"https:\\\/\\\/www.malinashop.lt\\\/\",\"logo\":{\"@type\":\"ImageObject\",\"inLanguage\":\"en-GB\",\"@id\":\"https:\\\/\\\/www.malinashop.lt\\\/#\\\/schema\\\/logo\\\/image\\\/\",\"url\":\"https:\\\/\\\/www.malinashop.lt\\\/wp-content\\\/uploads\\\/2024\\\/08\\\/462559670_3787732518133670_9795632669273463_n-e1731525914575.png\",\"contentUrl\":\"https:\\\/\\\/www.malinashop.lt\\\/wp-content\\\/uploads\\\/2024\\\/08\\\/462559670_3787732518133670_9795632669273463_n-e1731525914575.png\",\"width\":180,\"height\":60,\"caption\":\"COM Group Ecommerce\"},\"image\":{\"@id\":\"https:\\\/\\\/www.malinashop.lt\\\/#\\\/schema\\\/logo\\\/image\\\/\"}}]}<\/script>\n<!-- \/ Yoast SEO plugin. -->","yoast_head_json":{"title":"LINEA 35 FICO D\u2019INDIA E ROSA nam\u0173 kvap\u0173 difuzorius, 500ml - MalinaShop.lt J\u016bs\u0173 sveikatai ir gro\u017eiui.","description":"LINEA 35 FICO E ROSA \u2013 itali\u0161kas fig\u0173, ro\u017ei\u0173 ir vaisi\u0173 kvapas, suteikiantis namams \u0161ilumos, \u0161velnumo ir saul\u0117tos vasaros dvelksm\u0105.","robots":{"index":"index","follow":"follow","max-snippet":"max-snippet:-1","max-image-preview":"max-image-preview:large","max-video-preview":"max-video-preview:-1"},"canonical":"https:\/\/www.malinashop.lt\/en\/shop\/linea-35-fico-dindia-e-rosa-namu-kvapu-difuzorius-500ml\/","og_locale":"en_GB","og_type":"article","og_title":"LINEA 35 FICO D\u2019INDIA E ROSA nam\u0173 kvap\u0173 difuzorius, 500ml - MalinaShop.lt J\u016bs\u0173 sveikatai ir gro\u017eiui.","og_description":"LINEA 35 FICO E ROSA \u2013 itali\u0161kas fig\u0173, ro\u017ei\u0173 ir vaisi\u0173 kvapas, suteikiantis namams \u0161ilumos, \u0161velnumo ir saul\u0117tos vasaros dvelksm\u0105.","og_url":"https:\/\/www.malinashop.lt\/en\/shop\/linea-35-fico-dindia-e-rosa-namu-kvapu-difuzorius-500ml\/","og_site_name":"MalinaShop.lt J\u016bs\u0173 sveikatai ir gro\u017eiui.","article_modified_time":"2026-02-12T09:37:10+00:00","og_image":[{"width":990,"height":990,"url":"https:\/\/www.malinashop.lt\/wp-content\/uploads\/2025\/10\/LINEA-35-FICO-DINDIA-E-ROSA-namu-kvapu-difuzorius-500ml.webp","type":"image\/webp"}],"twitter_card":"summary_large_image","schema":{"@context":"https:\/\/schema.org","@graph":[{"@type":"WebPage","@id":"https:\/\/www.malinashop.lt\/en\/shop\/linea-35-fico-dindia-e-rosa-namu-kvapu-difuzorius-500ml\/","url":"https:\/\/www.malinashop.lt\/en\/shop\/linea-35-fico-dindia-e-rosa-namu-kvapu-difuzorius-500ml\/","name":"LINEA 35 FICO D\u2019INDIA E ROSA nam\u0173 kvap\u0173 difuzorius, 500ml - MalinaShop.lt J\u016bs\u0173 sveikatai ir gro\u017eiui.","isPartOf":{"@id":"https:\/\/www.malinashop.lt\/#website"},"primaryImageOfPage":{"@id":"https:\/\/www.malinashop.lt\/en\/shop\/linea-35-fico-dindia-e-rosa-namu-kvapu-difuzorius-500ml\/#primaryimage"},"image":{"@id":"https:\/\/www.malinashop.lt\/en\/shop\/linea-35-fico-dindia-e-rosa-namu-kvapu-difuzorius-500ml\/#primaryimage"},"thumbnailUrl":"https:\/\/www.malinashop.lt\/wp-content\/uploads\/2025\/10\/LINEA-35-FICO-DINDIA-E-ROSA-namu-kvapu-difuzorius-500ml.webp","datePublished":"2025-10-29T18:49:43+00:00","dateModified":"2026-02-12T09:37:10+00:00","description":"LINEA 35 FICO E ROSA \u2013 itali\u0161kas fig\u0173, ro\u017ei\u0173 ir vaisi\u0173 kvapas, suteikiantis namams \u0161ilumos, \u0161velnumo ir saul\u0117tos vasaros dvelksm\u0105.","breadcrumb":{"@id":"https:\/\/www.malinashop.lt\/en\/shop\/linea-35-fico-dindia-e-rosa-namu-kvapu-difuzorius-500ml\/#breadcrumb"},"inLanguage":"en-GB","potentialAction":[{"@type":"ReadAction","target":["https:\/\/www.malinashop.lt\/en\/shop\/linea-35-fico-dindia-e-rosa-namu-kvapu-difuzorius-500ml\/"]}]},{"@type":"ImageObject","inLanguage":"en-GB","@id":"https:\/\/www.malinashop.lt\/en\/shop\/linea-35-fico-dindia-e-rosa-namu-kvapu-difuzorius-500ml\/#primaryimage","url":"https:\/\/www.malinashop.lt\/wp-content\/uploads\/2025\/10\/LINEA-35-FICO-DINDIA-E-ROSA-namu-kvapu-difuzorius-500ml.webp","contentUrl":"https:\/\/www.malinashop.lt\/wp-content\/uploads\/2025\/10\/LINEA-35-FICO-DINDIA-E-ROSA-namu-kvapu-difuzorius-500ml.webp","width":990,"height":990},{"@type":"BreadcrumbList","@id":"https:\/\/www.malinashop.lt\/en\/shop\/linea-35-fico-dindia-e-rosa-namu-kvapu-difuzorius-500ml\/#breadcrumb","itemListElement":[{"@type":"ListItem","position":1,"name":"Pagrindinis","item":"https:\/\/www.malinashop.lt\/"},{"@type":"ListItem","position":2,"name":"Parduotuv\u0117","item":"https:\/\/www.malinashop.lt\/en\/parduotuve\/"},{"@type":"ListItem","position":3,"name":"LINEA 35 FICO D\u2019INDIA E ROSA nam\u0173 kvap\u0173 difuzorius, 500ml"}]},{"@type":"WebSite","@id":"https:\/\/www.malinashop.lt\/#website","url":"https:\/\/www.malinashop.lt\/","name":"COM Group Ecommerce","description":"MalinaShop.lt - Gro\u017eio ir sveikatos produktai i\u0161 patikim\u0173 preki\u0173 \u017eenkl\u0173. Atraskite auk\u0161tos kokyb\u0117s kosmetik\u0105 u\u017e puiki\u0105 kain\u0105.","publisher":{"@id":"https:\/\/www.malinashop.lt\/#organization"},"potentialAction":[{"@type":"SearchAction","target":{"@type":"EntryPoint","urlTemplate":"https:\/\/www.malinashop.lt\/?s={search_term_string}"},"query-input":{"@type":"PropertyValueSpecification","valueRequired":true,"valueName":"search_term_string"}}],"inLanguage":"en-GB"},{"@type":"Organization","@id":"https:\/\/www.malinashop.lt\/#organization","name":"COM Group Ecommerce","url":"https:\/\/www.malinashop.lt\/","logo":{"@type":"ImageObject","inLanguage":"en-GB","@id":"https:\/\/www.malinashop.lt\/#\/schema\/logo\/image\/","url":"https:\/\/www.malinashop.lt\/wp-content\/uploads\/2024\/08\/462559670_3787732518133670_9795632669273463_n-e1731525914575.png","contentUrl":"https:\/\/www.malinashop.lt\/wp-content\/uploads\/2024\/08\/462559670_3787732518133670_9795632669273463_n-e1731525914575.png","width":180,"height":60,"caption":"COM Group Ecommerce"},"image":{"@id":"https:\/\/www.malinashop.lt\/#\/schema\/logo\/image\/"}}]}},"jetpack_sharing_enabled":true,"_links":{"self":[{"href":"https:\/\/www.malinashop.lt\/en\/wp-json\/wp\/v2\/product\/60018","targetHints":{"allow":["GET"]}}],"collection":[{"href":"https:\/\/www.malinashop.lt\/en\/wp-json\/wp\/v2\/product"}],"about":[{"href":"https:\/\/www.malinashop.lt\/en\/wp-json\/wp\/v2\/types\/product"}],"version-history":[{"count":2,"href":"https:\/\/www.malinashop.lt\/en\/wp-json\/wp\/v2\/product\/60018\/revisions"}],"predecessor-version":[{"id":60022,"href":"https:\/\/www.malinashop.lt\/en\/wp-json\/wp\/v2\/product\/60018\/revisions\/60022"}],"wp:featuredmedia":[{"embeddable":true,"href":"https:\/\/www.malinashop.lt\/en\/wp-json\/wp\/v2\/media\/60021"}],"wp:attachment":[{"href":"https:\/\/www.malinashop.lt\/en\/wp-json\/wp\/v2\/media?parent=60018"}],"wp:term":[{"taxonomy":"product_brand","embeddable":true,"href":"https:\/\/www.malinashop.lt\/en\/wp-json\/wp\/v2\/product_brand?post=60018"},{"taxonomy":"product_cat","embeddable":true,"href":"https:\/\/www.malinashop.lt\/en\/wp-json\/wp\/v2\/product_cat?post=60018"},{"taxonomy":"product_tag","embeddable":true,"href":"https:\/\/www.malinashop.lt\/en\/wp-json\/wp\/v2\/product_tag?post=60018"}],"curies":[{"name":"wp","href":"https:\/\/api.w.org\/{rel}","templated":true}]}}