{"id":59988,"date":"2025-10-20T18:19:02","date_gmt":"2025-10-20T15:19:02","guid":{"rendered":"https:\/\/malinashop.lt\/?post_type=product&#038;p=59988"},"modified":"2026-02-12T12:37:13","modified_gmt":"2026-02-12T09:37:13","slug":"linea-35-sensazioni-provenzali-namu-kvapu-papildymas-500ml","status":"publish","type":"product","link":"https:\/\/www.malinashop.lt\/en\/shop\/linea-35-sensazioni-provenzali-namu-kvapu-papildymas-500ml\/","title":{"rendered":"LINEA 35 SENSAZIONI PROVENZALI nam\u0173 kvap\u0173 papildymas, 500ml"},"content":{"rendered":"<p data-start=\"358\" data-end=\"670\"><strong data-start=\"358\" data-end=\"392\">LINEA 35 Sensazioni Provenzali<\/strong> nam\u0173 kvap\u0173 papildymas \u2013 tai <strong data-start=\"421\" data-end=\"454\">gyvybingas ir gaivus aromatas<\/strong>, kuris nukelia \u012f <strong data-start=\"472\" data-end=\"503\">saul\u0117t\u0105 Vidur\u017eemio pakrant\u0119<\/strong>, kur ore tvyro prieskoni\u0173, \u017eoleli\u0173 ir \u017eydin\u010di\u0173 kr\u016bm\u0173 kvapai.<br data-start=\"564\" data-end=\"567\" \/>\u0160is kvapas sukurtas tiems, kurie nori savo namuose jausti <strong data-start=\"625\" data-end=\"660\">\u0161varos, energijos ir nat\u016bralumo<\/strong> poj\u016bt\u012f.<\/p>\n<p data-start=\"672\" data-end=\"999\">Vir\u0161utin\u0117s <strong data-start=\"683\" data-end=\"738\">citrusini\u0173 vaisi\u0173, kadagio uog\u0173, baziliko ir mirtos<\/strong> natos suteikia gaivumo, \u0161viesos ir pozityvios energijos.<br data-start=\"795\" data-end=\"798\" \/>Vidurin\u0117se natose <strong data-start=\"816\" data-end=\"836\">jazminas ir ro\u017e\u0117<\/strong> \u012fne\u0161a \u0161velnumo, g\u0117li\u0173 subtilumo ir elegancijos.<br data-start=\"884\" data-end=\"887\" \/>Baz\u0117je <strong data-start=\"894\" data-end=\"925\">medienos ir baltojo muskuso<\/strong> natos sukuria \u0161ilt\u0105, i\u0161baigt\u0105 aromato p\u0117dsak\u0105, kuris ilgai i\u0161lieka ore.<\/p>\n<p data-start=\"1001\" data-end=\"1124\"><strong data-start=\"1001\" data-end=\"1026\">Sensazioni Provenzali<\/strong> \u2013 tai <strong data-start=\"1033\" data-end=\"1072\">vasari\u0161kos ramyb\u0117s ir \u0161varos kvapas<\/strong>, atspindintis nat\u016brali\u0105 Italijos piet\u0173 harmonij\u0105.<\/p>\n<hr data-start=\"1126\" data-end=\"1129\" \/>\n<h3 data-start=\"1131\" data-end=\"1155\"><strong data-start=\"1135\" data-end=\"1153\">Kvap\u0173 sud\u0117tis:<\/strong><\/h3>\n<ul data-start=\"1156\" data-end=\"1324\">\n<li data-start=\"1156\" data-end=\"1234\">\n<p data-start=\"1158\" data-end=\"1234\"><strong data-start=\"1158\" data-end=\"1179\">Vir\u0161utin\u0117s natos:<\/strong> citrusiniai vaisiai, kadagio uogos, bazilikas, mirta<\/p>\n<\/li>\n<li data-start=\"1235\" data-end=\"1274\">\n<p data-start=\"1237\" data-end=\"1274\"><strong data-start=\"1237\" data-end=\"1257\">Vidurin\u0117s natos:<\/strong> jazminas, ro\u017e\u0117<\/p>\n<\/li>\n<li data-start=\"1275\" data-end=\"1324\">\n<p data-start=\"1277\" data-end=\"1324\"><strong data-start=\"1277\" data-end=\"1295\">Bazin\u0117s natos:<\/strong> mediena, baltasis muskusas<\/p>\n<\/li>\n<\/ul>\n<hr data-start=\"1326\" data-end=\"1329\" \/>\n<h3 data-start=\"1331\" data-end=\"1352\"><strong data-start=\"1335\" data-end=\"1350\">Naudojimas:<\/strong><\/h3>\n<p data-start=\"1353\" data-end=\"1600\">Papildykite turim\u0105 LINEA 35 kvap\u0173 difuzori\u0173 ir \u012fmerkite lazdeles. Nor\u0117dami i\u0161laikyti kvapo intensyvum\u0105, <strong data-start=\"1457\" data-end=\"1492\">periodi\u0161kai apverskite lazdeles<\/strong>. Produkt\u0105 laikykite ant stabilaus pavir\u0161iaus, atokiau nuo \u0161ilumos \u0161altini\u0173 ir tiesiogin\u0117s saul\u0117s \u0161viesos.<\/p>\n<hr data-start=\"1602\" data-end=\"1605\" \/>\n<h3 data-start=\"1607\" data-end=\"1636\"><strong data-start=\"1611\" data-end=\"1634\">Pagaminta Italijoje<\/strong><\/h3>\n<p data-start=\"1637\" data-end=\"1787\">Visi <strong data-start=\"1642\" data-end=\"1654\">LINEA 35<\/strong> nam\u0173 kvap\u0173 papildymai <strong data-start=\"1677\" data-end=\"1700\">pagaminti Italijoje<\/strong>, u\u017etikrinant <strong data-start=\"1714\" data-end=\"1785\">auk\u0161\u010diausi\u0105 kokyb\u0119, nat\u016bralum\u0105 ir i\u0161skirtin\u012f aromato ilgaam\u017ei\u0161kum\u0105.<\/strong><\/p>\n","protected":false},"excerpt":{"rendered":"<p data-start=\"119\" data-end=\"295\"><strong data-start=\"122\" data-end=\"156\">LINEA 35 Sensazioni Provenzali<\/strong> \u2013 gaivus ir harmoningas itali\u0161kas nam\u0173 kvapas su <strong data-start=\"206\" data-end=\"255\">citrus\u0173, baziliko, jazmino ir balt\u0173j\u0173 muskuso<\/strong> natomis. \u012e namus \u012fne\u0161a \u0161viesos, gyvyb\u0117s ir Provanso gaivos poj\u016bt\u012f.<\/p>\n","protected":false},"featured_media":59989,"template":"","meta":[],"product_brand":[1362],"product_cat":[196,573],"product_tag":[1608],"class_list":{"0":"post-59988","1":"product","2":"type-product","3":"status-publish","4":"has-post-thumbnail","6":"product_brand-linea-35","7":"product_cat-namu-kvapu-papildymai","8":"product_cat-namu-kvapai-2","9":"product_tag-linea35","11":"first","12":"instock","13":"sale","14":"taxable","15":"shipping-taxable","16":"purchasable","17":"product-type-simple"},"yoast_head":"<!-- This site is optimized with the Yoast SEO plugin v27.4 - https:\/\/yoast.com\/product\/yoast-seo-wordpress\/ -->\n<title>LINEA 35 SENSAZIONI PROVENZALI nam\u0173 kvap\u0173 papildymas, 500ml - MalinaShop.lt J\u016bs\u0173 sveikatai ir gro\u017eiui.<\/title>\n<meta name=\"description\" content=\"LINEA 35 Sensazioni Provenzali \u2013 itali\u0161kas nam\u0173 kvapas su citrus\u0173, jazmino ir muskuso natomis. Gaivus, \u0161varus ir harmoningas aromatas Provanso dvasia.\" \/>\n<meta name=\"robots\" content=\"index, follow, max-snippet:-1, max-image-preview:large, max-video-preview:-1\" \/>\n<link rel=\"canonical\" href=\"https:\/\/www.malinashop.lt\/en\/shop\/linea-35-sensazioni-provenzali-namu-kvapu-papildymas-500ml\/\" \/>\n<meta property=\"og:locale\" content=\"en_GB\" \/>\n<meta property=\"og:type\" content=\"article\" \/>\n<meta property=\"og:title\" content=\"LINEA 35 SENSAZIONI PROVENZALI nam\u0173 kvap\u0173 papildymas, 500ml - MalinaShop.lt J\u016bs\u0173 sveikatai ir gro\u017eiui.\" \/>\n<meta property=\"og:description\" content=\"LINEA 35 Sensazioni Provenzali \u2013 itali\u0161kas nam\u0173 kvapas su citrus\u0173, jazmino ir muskuso natomis. Gaivus, \u0161varus ir harmoningas aromatas Provanso dvasia.\" \/>\n<meta property=\"og:url\" content=\"https:\/\/www.malinashop.lt\/en\/shop\/linea-35-sensazioni-provenzali-namu-kvapu-papildymas-500ml\/\" \/>\n<meta property=\"og:site_name\" content=\"MalinaShop.lt J\u016bs\u0173 sveikatai ir gro\u017eiui.\" \/>\n<meta property=\"article:modified_time\" content=\"2026-02-12T09:37:13+00:00\" \/>\n<meta property=\"og:image\" content=\"https:\/\/www.malinashop.lt\/wp-content\/uploads\/2025\/10\/LINEA-35-SENSAZIONI-PROVENZALI-namu-kvapu-papildymas-500ml.webp\" \/>\n\t<meta property=\"og:image:width\" content=\"990\" \/>\n\t<meta property=\"og:image:height\" content=\"990\" \/>\n\t<meta property=\"og:image:type\" content=\"image\/webp\" \/>\n<meta name=\"twitter:card\" content=\"summary_large_image\" \/>\n<script type=\"application\/ld+json\" class=\"yoast-schema-graph\">{\"@context\":\"https:\\\/\\\/schema.org\",\"@graph\":[{\"@type\":\"WebPage\",\"@id\":\"https:\\\/\\\/www.malinashop.lt\\\/shop\\\/linea-35-sensazioni-provenzali-namu-kvapu-papildymas-500ml\\\/\",\"url\":\"https:\\\/\\\/www.malinashop.lt\\\/shop\\\/linea-35-sensazioni-provenzali-namu-kvapu-papildymas-500ml\\\/\",\"name\":\"LINEA 35 SENSAZIONI PROVENZALI nam\u0173 kvap\u0173 papildymas, 500ml - MalinaShop.lt J\u016bs\u0173 sveikatai ir gro\u017eiui.\",\"isPartOf\":{\"@id\":\"https:\\\/\\\/www.malinashop.lt\\\/#website\"},\"primaryImageOfPage\":{\"@id\":\"https:\\\/\\\/www.malinashop.lt\\\/shop\\\/linea-35-sensazioni-provenzali-namu-kvapu-papildymas-500ml\\\/#primaryimage\"},\"image\":{\"@id\":\"https:\\\/\\\/www.malinashop.lt\\\/shop\\\/linea-35-sensazioni-provenzali-namu-kvapu-papildymas-500ml\\\/#primaryimage\"},\"thumbnailUrl\":\"https:\\\/\\\/www.malinashop.lt\\\/wp-content\\\/uploads\\\/2025\\\/10\\\/LINEA-35-SENSAZIONI-PROVENZALI-namu-kvapu-papildymas-500ml.webp\",\"datePublished\":\"2025-10-20T15:19:02+00:00\",\"dateModified\":\"2026-02-12T09:37:13+00:00\",\"description\":\"LINEA 35 Sensazioni Provenzali \u2013 itali\u0161kas nam\u0173 kvapas su citrus\u0173, jazmino ir muskuso natomis. Gaivus, \u0161varus ir harmoningas aromatas Provanso dvasia.\",\"breadcrumb\":{\"@id\":\"https:\\\/\\\/www.malinashop.lt\\\/shop\\\/linea-35-sensazioni-provenzali-namu-kvapu-papildymas-500ml\\\/#breadcrumb\"},\"inLanguage\":\"en-GB\",\"potentialAction\":[{\"@type\":\"ReadAction\",\"target\":[\"https:\\\/\\\/www.malinashop.lt\\\/shop\\\/linea-35-sensazioni-provenzali-namu-kvapu-papildymas-500ml\\\/\"]}]},{\"@type\":\"ImageObject\",\"inLanguage\":\"en-GB\",\"@id\":\"https:\\\/\\\/www.malinashop.lt\\\/shop\\\/linea-35-sensazioni-provenzali-namu-kvapu-papildymas-500ml\\\/#primaryimage\",\"url\":\"https:\\\/\\\/www.malinashop.lt\\\/wp-content\\\/uploads\\\/2025\\\/10\\\/LINEA-35-SENSAZIONI-PROVENZALI-namu-kvapu-papildymas-500ml.webp\",\"contentUrl\":\"https:\\\/\\\/www.malinashop.lt\\\/wp-content\\\/uploads\\\/2025\\\/10\\\/LINEA-35-SENSAZIONI-PROVENZALI-namu-kvapu-papildymas-500ml.webp\",\"width\":990,\"height\":990},{\"@type\":\"BreadcrumbList\",\"@id\":\"https:\\\/\\\/www.malinashop.lt\\\/shop\\\/linea-35-sensazioni-provenzali-namu-kvapu-papildymas-500ml\\\/#breadcrumb\",\"itemListElement\":[{\"@type\":\"ListItem\",\"position\":1,\"name\":\"Pagrindinis\",\"item\":\"https:\\\/\\\/www.malinashop.lt\\\/\"},{\"@type\":\"ListItem\",\"position\":2,\"name\":\"Parduotuv\u0117\",\"item\":\"https:\\\/\\\/www.malinashop.lt\\\/en\\\/parduotuve\\\/\"},{\"@type\":\"ListItem\",\"position\":3,\"name\":\"LINEA 35 SENSAZIONI PROVENZALI nam\u0173 kvap\u0173 papildymas, 500ml\"}]},{\"@type\":\"WebSite\",\"@id\":\"https:\\\/\\\/www.malinashop.lt\\\/#website\",\"url\":\"https:\\\/\\\/www.malinashop.lt\\\/\",\"name\":\"COM Group Ecommerce\",\"description\":\"MalinaShop.lt - Gro\u017eio ir sveikatos produktai i\u0161 patikim\u0173 preki\u0173 \u017eenkl\u0173. Atraskite auk\u0161tos kokyb\u0117s kosmetik\u0105 u\u017e puiki\u0105 kain\u0105.\",\"publisher\":{\"@id\":\"https:\\\/\\\/www.malinashop.lt\\\/#organization\"},\"potentialAction\":[{\"@type\":\"SearchAction\",\"target\":{\"@type\":\"EntryPoint\",\"urlTemplate\":\"https:\\\/\\\/www.malinashop.lt\\\/?s={search_term_string}\"},\"query-input\":{\"@type\":\"PropertyValueSpecification\",\"valueRequired\":true,\"valueName\":\"search_term_string\"}}],\"inLanguage\":\"en-GB\"},{\"@type\":\"Organization\",\"@id\":\"https:\\\/\\\/www.malinashop.lt\\\/#organization\",\"name\":\"COM Group Ecommerce\",\"url\":\"https:\\\/\\\/www.malinashop.lt\\\/\",\"logo\":{\"@type\":\"ImageObject\",\"inLanguage\":\"en-GB\",\"@id\":\"https:\\\/\\\/www.malinashop.lt\\\/#\\\/schema\\\/logo\\\/image\\\/\",\"url\":\"https:\\\/\\\/www.malinashop.lt\\\/wp-content\\\/uploads\\\/2024\\\/08\\\/462559670_3787732518133670_9795632669273463_n-e1731525914575.png\",\"contentUrl\":\"https:\\\/\\\/www.malinashop.lt\\\/wp-content\\\/uploads\\\/2024\\\/08\\\/462559670_3787732518133670_9795632669273463_n-e1731525914575.png\",\"width\":180,\"height\":60,\"caption\":\"COM Group Ecommerce\"},\"image\":{\"@id\":\"https:\\\/\\\/www.malinashop.lt\\\/#\\\/schema\\\/logo\\\/image\\\/\"}}]}<\/script>\n<!-- \/ Yoast SEO plugin. -->","yoast_head_json":{"title":"LINEA 35 SENSAZIONI PROVENZALI nam\u0173 kvap\u0173 papildymas, 500ml - MalinaShop.lt J\u016bs\u0173 sveikatai ir gro\u017eiui.","description":"LINEA 35 Sensazioni Provenzali \u2013 itali\u0161kas nam\u0173 kvapas su citrus\u0173, jazmino ir muskuso natomis. Gaivus, \u0161varus ir harmoningas aromatas Provanso dvasia.","robots":{"index":"index","follow":"follow","max-snippet":"max-snippet:-1","max-image-preview":"max-image-preview:large","max-video-preview":"max-video-preview:-1"},"canonical":"https:\/\/www.malinashop.lt\/en\/shop\/linea-35-sensazioni-provenzali-namu-kvapu-papildymas-500ml\/","og_locale":"en_GB","og_type":"article","og_title":"LINEA 35 SENSAZIONI PROVENZALI nam\u0173 kvap\u0173 papildymas, 500ml - MalinaShop.lt J\u016bs\u0173 sveikatai ir gro\u017eiui.","og_description":"LINEA 35 Sensazioni Provenzali \u2013 itali\u0161kas nam\u0173 kvapas su citrus\u0173, jazmino ir muskuso natomis. Gaivus, \u0161varus ir harmoningas aromatas Provanso dvasia.","og_url":"https:\/\/www.malinashop.lt\/en\/shop\/linea-35-sensazioni-provenzali-namu-kvapu-papildymas-500ml\/","og_site_name":"MalinaShop.lt J\u016bs\u0173 sveikatai ir gro\u017eiui.","article_modified_time":"2026-02-12T09:37:13+00:00","og_image":[{"width":990,"height":990,"url":"https:\/\/www.malinashop.lt\/wp-content\/uploads\/2025\/10\/LINEA-35-SENSAZIONI-PROVENZALI-namu-kvapu-papildymas-500ml.webp","type":"image\/webp"}],"twitter_card":"summary_large_image","schema":{"@context":"https:\/\/schema.org","@graph":[{"@type":"WebPage","@id":"https:\/\/www.malinashop.lt\/shop\/linea-35-sensazioni-provenzali-namu-kvapu-papildymas-500ml\/","url":"https:\/\/www.malinashop.lt\/shop\/linea-35-sensazioni-provenzali-namu-kvapu-papildymas-500ml\/","name":"LINEA 35 SENSAZIONI PROVENZALI nam\u0173 kvap\u0173 papildymas, 500ml - MalinaShop.lt J\u016bs\u0173 sveikatai ir gro\u017eiui.","isPartOf":{"@id":"https:\/\/www.malinashop.lt\/#website"},"primaryImageOfPage":{"@id":"https:\/\/www.malinashop.lt\/shop\/linea-35-sensazioni-provenzali-namu-kvapu-papildymas-500ml\/#primaryimage"},"image":{"@id":"https:\/\/www.malinashop.lt\/shop\/linea-35-sensazioni-provenzali-namu-kvapu-papildymas-500ml\/#primaryimage"},"thumbnailUrl":"https:\/\/www.malinashop.lt\/wp-content\/uploads\/2025\/10\/LINEA-35-SENSAZIONI-PROVENZALI-namu-kvapu-papildymas-500ml.webp","datePublished":"2025-10-20T15:19:02+00:00","dateModified":"2026-02-12T09:37:13+00:00","description":"LINEA 35 Sensazioni Provenzali \u2013 itali\u0161kas nam\u0173 kvapas su citrus\u0173, jazmino ir muskuso natomis. Gaivus, \u0161varus ir harmoningas aromatas Provanso dvasia.","breadcrumb":{"@id":"https:\/\/www.malinashop.lt\/shop\/linea-35-sensazioni-provenzali-namu-kvapu-papildymas-500ml\/#breadcrumb"},"inLanguage":"en-GB","potentialAction":[{"@type":"ReadAction","target":["https:\/\/www.malinashop.lt\/shop\/linea-35-sensazioni-provenzali-namu-kvapu-papildymas-500ml\/"]}]},{"@type":"ImageObject","inLanguage":"en-GB","@id":"https:\/\/www.malinashop.lt\/shop\/linea-35-sensazioni-provenzali-namu-kvapu-papildymas-500ml\/#primaryimage","url":"https:\/\/www.malinashop.lt\/wp-content\/uploads\/2025\/10\/LINEA-35-SENSAZIONI-PROVENZALI-namu-kvapu-papildymas-500ml.webp","contentUrl":"https:\/\/www.malinashop.lt\/wp-content\/uploads\/2025\/10\/LINEA-35-SENSAZIONI-PROVENZALI-namu-kvapu-papildymas-500ml.webp","width":990,"height":990},{"@type":"BreadcrumbList","@id":"https:\/\/www.malinashop.lt\/shop\/linea-35-sensazioni-provenzali-namu-kvapu-papildymas-500ml\/#breadcrumb","itemListElement":[{"@type":"ListItem","position":1,"name":"Pagrindinis","item":"https:\/\/www.malinashop.lt\/"},{"@type":"ListItem","position":2,"name":"Parduotuv\u0117","item":"https:\/\/www.malinashop.lt\/en\/parduotuve\/"},{"@type":"ListItem","position":3,"name":"LINEA 35 SENSAZIONI PROVENZALI nam\u0173 kvap\u0173 papildymas, 500ml"}]},{"@type":"WebSite","@id":"https:\/\/www.malinashop.lt\/#website","url":"https:\/\/www.malinashop.lt\/","name":"COM Group Ecommerce","description":"MalinaShop.lt - Gro\u017eio ir sveikatos produktai i\u0161 patikim\u0173 preki\u0173 \u017eenkl\u0173. Atraskite auk\u0161tos kokyb\u0117s kosmetik\u0105 u\u017e puiki\u0105 kain\u0105.","publisher":{"@id":"https:\/\/www.malinashop.lt\/#organization"},"potentialAction":[{"@type":"SearchAction","target":{"@type":"EntryPoint","urlTemplate":"https:\/\/www.malinashop.lt\/?s={search_term_string}"},"query-input":{"@type":"PropertyValueSpecification","valueRequired":true,"valueName":"search_term_string"}}],"inLanguage":"en-GB"},{"@type":"Organization","@id":"https:\/\/www.malinashop.lt\/#organization","name":"COM Group Ecommerce","url":"https:\/\/www.malinashop.lt\/","logo":{"@type":"ImageObject","inLanguage":"en-GB","@id":"https:\/\/www.malinashop.lt\/#\/schema\/logo\/image\/","url":"https:\/\/www.malinashop.lt\/wp-content\/uploads\/2024\/08\/462559670_3787732518133670_9795632669273463_n-e1731525914575.png","contentUrl":"https:\/\/www.malinashop.lt\/wp-content\/uploads\/2024\/08\/462559670_3787732518133670_9795632669273463_n-e1731525914575.png","width":180,"height":60,"caption":"COM Group Ecommerce"},"image":{"@id":"https:\/\/www.malinashop.lt\/#\/schema\/logo\/image\/"}}]}},"jetpack_sharing_enabled":true,"_links":{"self":[{"href":"https:\/\/www.malinashop.lt\/en\/wp-json\/wp\/v2\/product\/59988","targetHints":{"allow":["GET"]}}],"collection":[{"href":"https:\/\/www.malinashop.lt\/en\/wp-json\/wp\/v2\/product"}],"about":[{"href":"https:\/\/www.malinashop.lt\/en\/wp-json\/wp\/v2\/types\/product"}],"version-history":[{"count":1,"href":"https:\/\/www.malinashop.lt\/en\/wp-json\/wp\/v2\/product\/59988\/revisions"}],"predecessor-version":[{"id":59990,"href":"https:\/\/www.malinashop.lt\/en\/wp-json\/wp\/v2\/product\/59988\/revisions\/59990"}],"wp:featuredmedia":[{"embeddable":true,"href":"https:\/\/www.malinashop.lt\/en\/wp-json\/wp\/v2\/media\/59989"}],"wp:attachment":[{"href":"https:\/\/www.malinashop.lt\/en\/wp-json\/wp\/v2\/media?parent=59988"}],"wp:term":[{"taxonomy":"product_brand","embeddable":true,"href":"https:\/\/www.malinashop.lt\/en\/wp-json\/wp\/v2\/product_brand?post=59988"},{"taxonomy":"product_cat","embeddable":true,"href":"https:\/\/www.malinashop.lt\/en\/wp-json\/wp\/v2\/product_cat?post=59988"},{"taxonomy":"product_tag","embeddable":true,"href":"https:\/\/www.malinashop.lt\/en\/wp-json\/wp\/v2\/product_tag?post=59988"}],"curies":[{"name":"wp","href":"https:\/\/api.w.org\/{rel}","templated":true}]}}