{"id":59972,"date":"2025-10-20T17:48:03","date_gmt":"2025-10-20T14:48:03","guid":{"rendered":"https:\/\/malinashop.lt\/?post_type=product&#038;p=59972"},"modified":"2026-02-12T12:37:14","modified_gmt":"2026-02-12T09:37:14","slug":"linea-35-fico-e-rosa-namu-kvapu-papildymas-500ml","status":"publish","type":"product","link":"https:\/\/www.malinashop.lt\/en\/shop\/linea-35-fico-e-rosa-namu-kvapu-papildymas-500ml\/","title":{"rendered":"LINEA 35 FICO E ROSA nam\u0173 kvap\u0173 papildymas, 500ml"},"content":{"rendered":"<p data-start=\"317\" data-end=\"641\">\u012ekv\u0117pkite ry\u0161ki\u0173 emocij\u0173 ir <strong data-start=\"345\" data-end=\"363\">gaivi\u0173 poj\u016b\u010di\u0173<\/strong> su <strong data-start=\"367\" data-end=\"391\">LINEA 35 Fico e Rosa<\/strong> nam\u0173 kvap\u0173 papildymu.<br data-start=\"413\" data-end=\"416\" \/>\u0160is aromatas nukelia \u012f <strong data-start=\"439\" data-end=\"479\">saul\u0117t\u0105 Vidur\u017eemio j\u016bros vaisi\u0173 sod\u0105<\/strong>, kuriame dera saldumas, \u0161velnumas ir elegancija. Kvapas subtiliai jungia vaisi\u0173 energij\u0105 su g\u0117li\u0173 \u0161iluma, kurdamas harmoning\u0105 ir jauki\u0105 atmosfer\u0105 j\u016bs\u0173 namuose.<\/p>\n<p data-start=\"643\" data-end=\"1069\">Vir\u0161utin\u0117se natose spindi <strong data-start=\"669\" data-end=\"730\">apelsino, bergamot\u0117s, raudon\u0173 uog\u0173, greipfruto ir obuolio<\/strong> derinys \u2013 jis pripildo or\u0105 gaiva ir vaisi\u0161ku \u017eaismingumu.<br data-start=\"788\" data-end=\"791\" \/>Vidurin\u0117se natose atsiskleid\u017eia <strong data-start=\"823\" data-end=\"883\">persik\u0173 \u017eiedai, ro\u017e\u0117, figa, baltos g\u0117l\u0117s ir \u017ealios natos<\/strong>, kurios suteikia kvapui g\u0117li\u0161ko \u0161velnumo bei subtilios prabangos.<br data-start=\"949\" data-end=\"952\" \/>Baz\u0119 sudaro <strong data-start=\"964\" data-end=\"1003\">saldymedis, muskusas ir raudonmedis<\/strong>, kurie u\u017etikrina \u0161ilum\u0105, i\u0161liekamum\u0105 ir malon\u0173 aromato balans\u0105.<\/p>\n<p data-start=\"1071\" data-end=\"1209\"><strong data-start=\"1071\" data-end=\"1086\">Fico e Rosa<\/strong> \u2013 tai kvapas, kuris skleid\u017eia <strong data-start=\"1117\" data-end=\"1164\">pozityvum\u0105, jaukum\u0105 ir moteri\u0161k\u0105 elegancij\u0105<\/strong>, suteikdamas namams i\u0161skirtin\u012f charakter\u012f.<\/p>\n<hr data-start=\"1211\" data-end=\"1214\" \/>\n<h3 data-start=\"1216\" data-end=\"1240\"><strong data-start=\"1220\" data-end=\"1238\">Kvap\u0173 sud\u0117tis:<\/strong><\/h3>\n<ul data-start=\"1241\" data-end=\"1462\">\n<li data-start=\"1241\" data-end=\"1325\">\n<p data-start=\"1243\" data-end=\"1325\"><strong data-start=\"1243\" data-end=\"1264\">Vir\u0161utin\u0117s natos:<\/strong> apelsinas, bergamot\u0117, raudonos uogos, greipfrutas, obuolys<\/p>\n<\/li>\n<li data-start=\"1326\" data-end=\"1405\">\n<p data-start=\"1328\" data-end=\"1405\"><strong data-start=\"1328\" data-end=\"1348\">Vidurin\u0117s natos:<\/strong> persik\u0173 \u017eiedai, ro\u017e\u0117, figa, baltos g\u0117l\u0117s, \u017ealios natos<\/p>\n<\/li>\n<li data-start=\"1406\" data-end=\"1462\">\n<p data-start=\"1408\" data-end=\"1462\"><strong data-start=\"1408\" data-end=\"1426\">Bazin\u0117s natos:<\/strong> saldymedis, muskusas, raudonmedis<\/p>\n<\/li>\n<\/ul>\n<hr data-start=\"1464\" data-end=\"1467\" \/>\n<h3 data-start=\"1469\" data-end=\"1490\"><strong data-start=\"1473\" data-end=\"1488\">Naudojimas:<\/strong><\/h3>\n<p data-start=\"1491\" data-end=\"1721\">Papildykite savo LINEA 35 difuzori\u0173 \u0161iuo kvapu ir \u012fmerkite kvap\u0173 lazdeles. Nor\u0117dami sustiprinti aromat\u0105, <strong data-start=\"1596\" data-end=\"1631\">periodi\u0161kai apverskite lazdeles<\/strong>. Produkt\u0105 laikykite ant stabilaus pavir\u0161iaus, atokiau nuo tiesiogini\u0173 saul\u0117s spinduli\u0173.<\/p>\n<hr data-start=\"1723\" data-end=\"1726\" \/>\n<h3 data-start=\"1728\" data-end=\"1757\"><strong data-start=\"1732\" data-end=\"1755\">Pagaminta Italijoje<\/strong><\/h3>\n<p data-start=\"1758\" data-end=\"1924\">Visi <strong data-start=\"1763\" data-end=\"1775\">LINEA 35<\/strong> nam\u0173 kvap\u0173 papildymai <strong data-start=\"1798\" data-end=\"1821\">pagaminti Italijoje<\/strong>, naudojant auk\u0161tos kokyb\u0117s ingredientus ir u\u017etikrinant <strong data-start=\"1877\" data-end=\"1921\">ilgalaik\u012f, subalansuot\u0105 aromato sklidim\u0105<\/strong>.<\/p>\n","protected":false},"excerpt":{"rendered":"<p data-start=\"112\" data-end=\"283\"><strong data-start=\"112\" data-end=\"136\">LINEA 35 Fico e Rosa<\/strong> \u2013 vaisi\u0161kai g\u0117li\u0161kas itali\u0161kas nam\u0173 kvapas su <strong data-start=\"183\" data-end=\"221\">fig\u0173, ro\u017ei\u0173, bergamot\u0117s ir muskuso<\/strong> natomis. \u012ekvepia gaivumo, \u0161velnumo ir saul\u0117tos elegancijos.<\/p>\n","protected":false},"featured_media":59973,"template":"","meta":[],"product_brand":[1362],"product_cat":[196,573],"product_tag":[1608],"class_list":{"0":"post-59972","1":"product","2":"type-product","3":"status-publish","4":"has-post-thumbnail","6":"product_brand-linea-35","7":"product_cat-namu-kvapu-papildymai","8":"product_cat-namu-kvapai-2","9":"product_tag-linea35","11":"first","12":"instock","13":"sale","14":"taxable","15":"shipping-taxable","16":"purchasable","17":"product-type-simple"},"yoast_head":"<!-- This site is optimized with the Yoast SEO plugin v27.4 - https:\/\/yoast.com\/product\/yoast-seo-wordpress\/ -->\n<title>LINEA 35 FICO E ROSA nam\u0173 kvap\u0173 papildymas, 500ml - MalinaShop.lt J\u016bs\u0173 sveikatai ir gro\u017eiui.<\/title>\n<meta name=\"description\" content=\"LINEA 35 Fico e Rosa \u2013 itali\u0161kas nam\u0173 kvapas su fig\u0173, ro\u017ei\u0173 ir bergamot\u0117s natomis. Gaivus, \u0161velnus ir eleganti\u0161kas aromatas j\u016bs\u0173 nam\u0173 atmosferai.\" \/>\n<meta name=\"robots\" content=\"index, follow, max-snippet:-1, max-image-preview:large, max-video-preview:-1\" \/>\n<link rel=\"canonical\" href=\"https:\/\/www.malinashop.lt\/en\/shop\/linea-35-fico-e-rosa-namu-kvapu-papildymas-500ml\/\" \/>\n<meta property=\"og:locale\" content=\"en_GB\" \/>\n<meta property=\"og:type\" content=\"article\" \/>\n<meta property=\"og:title\" content=\"LINEA 35 FICO E ROSA nam\u0173 kvap\u0173 papildymas, 500ml - MalinaShop.lt J\u016bs\u0173 sveikatai ir gro\u017eiui.\" \/>\n<meta property=\"og:description\" content=\"LINEA 35 Fico e Rosa \u2013 itali\u0161kas nam\u0173 kvapas su fig\u0173, ro\u017ei\u0173 ir bergamot\u0117s natomis. Gaivus, \u0161velnus ir eleganti\u0161kas aromatas j\u016bs\u0173 nam\u0173 atmosferai.\" \/>\n<meta property=\"og:url\" content=\"https:\/\/www.malinashop.lt\/en\/shop\/linea-35-fico-e-rosa-namu-kvapu-papildymas-500ml\/\" \/>\n<meta property=\"og:site_name\" content=\"MalinaShop.lt J\u016bs\u0173 sveikatai ir gro\u017eiui.\" \/>\n<meta property=\"article:modified_time\" content=\"2026-02-12T09:37:14+00:00\" \/>\n<meta property=\"og:image\" content=\"https:\/\/www.malinashop.lt\/wp-content\/uploads\/2025\/10\/LINEA-35-FICO-E-ROSA-namu-kvapu-papildymas-500ml.webp\" \/>\n\t<meta property=\"og:image:width\" content=\"990\" \/>\n\t<meta property=\"og:image:height\" content=\"990\" \/>\n\t<meta property=\"og:image:type\" content=\"image\/webp\" \/>\n<meta name=\"twitter:card\" content=\"summary_large_image\" \/>\n<script type=\"application\/ld+json\" class=\"yoast-schema-graph\">{\"@context\":\"https:\\\/\\\/schema.org\",\"@graph\":[{\"@type\":\"WebPage\",\"@id\":\"https:\\\/\\\/www.malinashop.lt\\\/lt_lt\\\/shop\\\/linea-35-fico-e-rosa-namu-kvapu-papildymas-500ml\\\/\",\"url\":\"https:\\\/\\\/www.malinashop.lt\\\/lt_lt\\\/shop\\\/linea-35-fico-e-rosa-namu-kvapu-papildymas-500ml\\\/\",\"name\":\"LINEA 35 FICO E ROSA nam\u0173 kvap\u0173 papildymas, 500ml - MalinaShop.lt J\u016bs\u0173 sveikatai ir gro\u017eiui.\",\"isPartOf\":{\"@id\":\"https:\\\/\\\/www.malinashop.lt\\\/#website\"},\"primaryImageOfPage\":{\"@id\":\"https:\\\/\\\/www.malinashop.lt\\\/lt_lt\\\/shop\\\/linea-35-fico-e-rosa-namu-kvapu-papildymas-500ml\\\/#primaryimage\"},\"image\":{\"@id\":\"https:\\\/\\\/www.malinashop.lt\\\/lt_lt\\\/shop\\\/linea-35-fico-e-rosa-namu-kvapu-papildymas-500ml\\\/#primaryimage\"},\"thumbnailUrl\":\"https:\\\/\\\/www.malinashop.lt\\\/wp-content\\\/uploads\\\/2025\\\/10\\\/LINEA-35-FICO-E-ROSA-namu-kvapu-papildymas-500ml.webp\",\"datePublished\":\"2025-10-20T14:48:03+00:00\",\"dateModified\":\"2026-02-12T09:37:14+00:00\",\"description\":\"LINEA 35 Fico e Rosa \u2013 itali\u0161kas nam\u0173 kvapas su fig\u0173, ro\u017ei\u0173 ir bergamot\u0117s natomis. Gaivus, \u0161velnus ir eleganti\u0161kas aromatas j\u016bs\u0173 nam\u0173 atmosferai.\",\"breadcrumb\":{\"@id\":\"https:\\\/\\\/www.malinashop.lt\\\/lt_lt\\\/shop\\\/linea-35-fico-e-rosa-namu-kvapu-papildymas-500ml\\\/#breadcrumb\"},\"inLanguage\":\"en-GB\",\"potentialAction\":[{\"@type\":\"ReadAction\",\"target\":[\"https:\\\/\\\/www.malinashop.lt\\\/lt_lt\\\/shop\\\/linea-35-fico-e-rosa-namu-kvapu-papildymas-500ml\\\/\"]}]},{\"@type\":\"ImageObject\",\"inLanguage\":\"en-GB\",\"@id\":\"https:\\\/\\\/www.malinashop.lt\\\/lt_lt\\\/shop\\\/linea-35-fico-e-rosa-namu-kvapu-papildymas-500ml\\\/#primaryimage\",\"url\":\"https:\\\/\\\/www.malinashop.lt\\\/wp-content\\\/uploads\\\/2025\\\/10\\\/LINEA-35-FICO-E-ROSA-namu-kvapu-papildymas-500ml.webp\",\"contentUrl\":\"https:\\\/\\\/www.malinashop.lt\\\/wp-content\\\/uploads\\\/2025\\\/10\\\/LINEA-35-FICO-E-ROSA-namu-kvapu-papildymas-500ml.webp\",\"width\":990,\"height\":990},{\"@type\":\"BreadcrumbList\",\"@id\":\"https:\\\/\\\/www.malinashop.lt\\\/lt_lt\\\/shop\\\/linea-35-fico-e-rosa-namu-kvapu-papildymas-500ml\\\/#breadcrumb\",\"itemListElement\":[{\"@type\":\"ListItem\",\"position\":1,\"name\":\"Pagrindinis\",\"item\":\"https:\\\/\\\/www.malinashop.lt\\\/\"},{\"@type\":\"ListItem\",\"position\":2,\"name\":\"Parduotuv\u0117\",\"item\":\"https:\\\/\\\/www.malinashop.lt\\\/en\\\/parduotuve\\\/\"},{\"@type\":\"ListItem\",\"position\":3,\"name\":\"LINEA 35 FICO E ROSA nam\u0173 kvap\u0173 papildymas, 500ml\"}]},{\"@type\":\"WebSite\",\"@id\":\"https:\\\/\\\/www.malinashop.lt\\\/#website\",\"url\":\"https:\\\/\\\/www.malinashop.lt\\\/\",\"name\":\"COM Group Ecommerce\",\"description\":\"MalinaShop.lt - Gro\u017eio ir sveikatos produktai i\u0161 patikim\u0173 preki\u0173 \u017eenkl\u0173. Atraskite auk\u0161tos kokyb\u0117s kosmetik\u0105 u\u017e puiki\u0105 kain\u0105.\",\"publisher\":{\"@id\":\"https:\\\/\\\/www.malinashop.lt\\\/#organization\"},\"potentialAction\":[{\"@type\":\"SearchAction\",\"target\":{\"@type\":\"EntryPoint\",\"urlTemplate\":\"https:\\\/\\\/www.malinashop.lt\\\/?s={search_term_string}\"},\"query-input\":{\"@type\":\"PropertyValueSpecification\",\"valueRequired\":true,\"valueName\":\"search_term_string\"}}],\"inLanguage\":\"en-GB\"},{\"@type\":\"Organization\",\"@id\":\"https:\\\/\\\/www.malinashop.lt\\\/#organization\",\"name\":\"COM Group Ecommerce\",\"url\":\"https:\\\/\\\/www.malinashop.lt\\\/\",\"logo\":{\"@type\":\"ImageObject\",\"inLanguage\":\"en-GB\",\"@id\":\"https:\\\/\\\/www.malinashop.lt\\\/#\\\/schema\\\/logo\\\/image\\\/\",\"url\":\"https:\\\/\\\/www.malinashop.lt\\\/wp-content\\\/uploads\\\/2024\\\/08\\\/462559670_3787732518133670_9795632669273463_n-e1731525914575.png\",\"contentUrl\":\"https:\\\/\\\/www.malinashop.lt\\\/wp-content\\\/uploads\\\/2024\\\/08\\\/462559670_3787732518133670_9795632669273463_n-e1731525914575.png\",\"width\":180,\"height\":60,\"caption\":\"COM Group Ecommerce\"},\"image\":{\"@id\":\"https:\\\/\\\/www.malinashop.lt\\\/#\\\/schema\\\/logo\\\/image\\\/\"}}]}<\/script>\n<!-- \/ Yoast SEO plugin. -->","yoast_head_json":{"title":"LINEA 35 FICO E ROSA nam\u0173 kvap\u0173 papildymas, 500ml - MalinaShop.lt J\u016bs\u0173 sveikatai ir gro\u017eiui.","description":"LINEA 35 Fico e Rosa \u2013 itali\u0161kas nam\u0173 kvapas su fig\u0173, ro\u017ei\u0173 ir bergamot\u0117s natomis. Gaivus, \u0161velnus ir eleganti\u0161kas aromatas j\u016bs\u0173 nam\u0173 atmosferai.","robots":{"index":"index","follow":"follow","max-snippet":"max-snippet:-1","max-image-preview":"max-image-preview:large","max-video-preview":"max-video-preview:-1"},"canonical":"https:\/\/www.malinashop.lt\/en\/shop\/linea-35-fico-e-rosa-namu-kvapu-papildymas-500ml\/","og_locale":"en_GB","og_type":"article","og_title":"LINEA 35 FICO E ROSA nam\u0173 kvap\u0173 papildymas, 500ml - MalinaShop.lt J\u016bs\u0173 sveikatai ir gro\u017eiui.","og_description":"LINEA 35 Fico e Rosa \u2013 itali\u0161kas nam\u0173 kvapas su fig\u0173, ro\u017ei\u0173 ir bergamot\u0117s natomis. Gaivus, \u0161velnus ir eleganti\u0161kas aromatas j\u016bs\u0173 nam\u0173 atmosferai.","og_url":"https:\/\/www.malinashop.lt\/en\/shop\/linea-35-fico-e-rosa-namu-kvapu-papildymas-500ml\/","og_site_name":"MalinaShop.lt J\u016bs\u0173 sveikatai ir gro\u017eiui.","article_modified_time":"2026-02-12T09:37:14+00:00","og_image":[{"width":990,"height":990,"url":"https:\/\/www.malinashop.lt\/wp-content\/uploads\/2025\/10\/LINEA-35-FICO-E-ROSA-namu-kvapu-papildymas-500ml.webp","type":"image\/webp"}],"twitter_card":"summary_large_image","schema":{"@context":"https:\/\/schema.org","@graph":[{"@type":"WebPage","@id":"https:\/\/www.malinashop.lt\/lt_lt\/shop\/linea-35-fico-e-rosa-namu-kvapu-papildymas-500ml\/","url":"https:\/\/www.malinashop.lt\/lt_lt\/shop\/linea-35-fico-e-rosa-namu-kvapu-papildymas-500ml\/","name":"LINEA 35 FICO E ROSA nam\u0173 kvap\u0173 papildymas, 500ml - MalinaShop.lt J\u016bs\u0173 sveikatai ir gro\u017eiui.","isPartOf":{"@id":"https:\/\/www.malinashop.lt\/#website"},"primaryImageOfPage":{"@id":"https:\/\/www.malinashop.lt\/lt_lt\/shop\/linea-35-fico-e-rosa-namu-kvapu-papildymas-500ml\/#primaryimage"},"image":{"@id":"https:\/\/www.malinashop.lt\/lt_lt\/shop\/linea-35-fico-e-rosa-namu-kvapu-papildymas-500ml\/#primaryimage"},"thumbnailUrl":"https:\/\/www.malinashop.lt\/wp-content\/uploads\/2025\/10\/LINEA-35-FICO-E-ROSA-namu-kvapu-papildymas-500ml.webp","datePublished":"2025-10-20T14:48:03+00:00","dateModified":"2026-02-12T09:37:14+00:00","description":"LINEA 35 Fico e Rosa \u2013 itali\u0161kas nam\u0173 kvapas su fig\u0173, ro\u017ei\u0173 ir bergamot\u0117s natomis. Gaivus, \u0161velnus ir eleganti\u0161kas aromatas j\u016bs\u0173 nam\u0173 atmosferai.","breadcrumb":{"@id":"https:\/\/www.malinashop.lt\/lt_lt\/shop\/linea-35-fico-e-rosa-namu-kvapu-papildymas-500ml\/#breadcrumb"},"inLanguage":"en-GB","potentialAction":[{"@type":"ReadAction","target":["https:\/\/www.malinashop.lt\/lt_lt\/shop\/linea-35-fico-e-rosa-namu-kvapu-papildymas-500ml\/"]}]},{"@type":"ImageObject","inLanguage":"en-GB","@id":"https:\/\/www.malinashop.lt\/lt_lt\/shop\/linea-35-fico-e-rosa-namu-kvapu-papildymas-500ml\/#primaryimage","url":"https:\/\/www.malinashop.lt\/wp-content\/uploads\/2025\/10\/LINEA-35-FICO-E-ROSA-namu-kvapu-papildymas-500ml.webp","contentUrl":"https:\/\/www.malinashop.lt\/wp-content\/uploads\/2025\/10\/LINEA-35-FICO-E-ROSA-namu-kvapu-papildymas-500ml.webp","width":990,"height":990},{"@type":"BreadcrumbList","@id":"https:\/\/www.malinashop.lt\/lt_lt\/shop\/linea-35-fico-e-rosa-namu-kvapu-papildymas-500ml\/#breadcrumb","itemListElement":[{"@type":"ListItem","position":1,"name":"Pagrindinis","item":"https:\/\/www.malinashop.lt\/"},{"@type":"ListItem","position":2,"name":"Parduotuv\u0117","item":"https:\/\/www.malinashop.lt\/en\/parduotuve\/"},{"@type":"ListItem","position":3,"name":"LINEA 35 FICO E ROSA nam\u0173 kvap\u0173 papildymas, 500ml"}]},{"@type":"WebSite","@id":"https:\/\/www.malinashop.lt\/#website","url":"https:\/\/www.malinashop.lt\/","name":"COM Group Ecommerce","description":"MalinaShop.lt - Gro\u017eio ir sveikatos produktai i\u0161 patikim\u0173 preki\u0173 \u017eenkl\u0173. Atraskite auk\u0161tos kokyb\u0117s kosmetik\u0105 u\u017e puiki\u0105 kain\u0105.","publisher":{"@id":"https:\/\/www.malinashop.lt\/#organization"},"potentialAction":[{"@type":"SearchAction","target":{"@type":"EntryPoint","urlTemplate":"https:\/\/www.malinashop.lt\/?s={search_term_string}"},"query-input":{"@type":"PropertyValueSpecification","valueRequired":true,"valueName":"search_term_string"}}],"inLanguage":"en-GB"},{"@type":"Organization","@id":"https:\/\/www.malinashop.lt\/#organization","name":"COM Group Ecommerce","url":"https:\/\/www.malinashop.lt\/","logo":{"@type":"ImageObject","inLanguage":"en-GB","@id":"https:\/\/www.malinashop.lt\/#\/schema\/logo\/image\/","url":"https:\/\/www.malinashop.lt\/wp-content\/uploads\/2024\/08\/462559670_3787732518133670_9795632669273463_n-e1731525914575.png","contentUrl":"https:\/\/www.malinashop.lt\/wp-content\/uploads\/2024\/08\/462559670_3787732518133670_9795632669273463_n-e1731525914575.png","width":180,"height":60,"caption":"COM Group Ecommerce"},"image":{"@id":"https:\/\/www.malinashop.lt\/#\/schema\/logo\/image\/"}}]}},"jetpack_sharing_enabled":true,"_links":{"self":[{"href":"https:\/\/www.malinashop.lt\/en\/wp-json\/wp\/v2\/product\/59972","targetHints":{"allow":["GET"]}}],"collection":[{"href":"https:\/\/www.malinashop.lt\/en\/wp-json\/wp\/v2\/product"}],"about":[{"href":"https:\/\/www.malinashop.lt\/en\/wp-json\/wp\/v2\/types\/product"}],"version-history":[{"count":1,"href":"https:\/\/www.malinashop.lt\/en\/wp-json\/wp\/v2\/product\/59972\/revisions"}],"predecessor-version":[{"id":59974,"href":"https:\/\/www.malinashop.lt\/en\/wp-json\/wp\/v2\/product\/59972\/revisions\/59974"}],"wp:featuredmedia":[{"embeddable":true,"href":"https:\/\/www.malinashop.lt\/en\/wp-json\/wp\/v2\/media\/59973"}],"wp:attachment":[{"href":"https:\/\/www.malinashop.lt\/en\/wp-json\/wp\/v2\/media?parent=59972"}],"wp:term":[{"taxonomy":"product_brand","embeddable":true,"href":"https:\/\/www.malinashop.lt\/en\/wp-json\/wp\/v2\/product_brand?post=59972"},{"taxonomy":"product_cat","embeddable":true,"href":"https:\/\/www.malinashop.lt\/en\/wp-json\/wp\/v2\/product_cat?post=59972"},{"taxonomy":"product_tag","embeddable":true,"href":"https:\/\/www.malinashop.lt\/en\/wp-json\/wp\/v2\/product_tag?post=59972"}],"curies":[{"name":"wp","href":"https:\/\/api.w.org\/{rel}","templated":true}]}}