{"id":59969,"date":"2025-10-20T17:37:10","date_gmt":"2025-10-20T14:37:10","guid":{"rendered":"https:\/\/malinashop.lt\/?post_type=product&#038;p=59969"},"modified":"2026-02-12T12:37:15","modified_gmt":"2026-02-12T09:37:15","slug":"linea-35-agrumeto-mediterraneo-namu-kvapu-papildymas-500ml","status":"publish","type":"product","link":"https:\/\/www.malinashop.lt\/en\/shop\/linea-35-agrumeto-mediterraneo-namu-kvapu-papildymas-500ml\/","title":{"rendered":"LINEA 35 AGRUMETO MEDITERRANEO nam\u0173 kvap\u0173 papildymas, 500ml"},"content":{"rendered":"<p data-start=\"342\" data-end=\"655\"><strong data-start=\"342\" data-end=\"376\">LINEA 35 Agrumeto Mediterraneo<\/strong> nam\u0173 kvap\u0173 papildymas \u2013 tai <strong data-start=\"405\" data-end=\"446\">grynumo, energijos ir \u0161viesos poj\u016btis<\/strong>, atne\u0161antis \u012f namus gaivaus oro g\u016bs\u012f ir saul\u0117s nutvieksto rytme\u010dio nuotaik\u0105.<br data-start=\"523\" data-end=\"526\" \/>\u0160is aromatas tarsi nukelia \u012f <strong data-start=\"555\" data-end=\"584\">Vidur\u017eemio j\u016bros pakrant\u0119<\/strong>, kur oras prisotintas citrusini\u0173 vaisi\u0173 gaivos ir nat\u016bralios \u0161varos.<\/p>\n<p data-start=\"657\" data-end=\"1028\">Kvapo prad\u017eioje atsiskleid\u017eia <strong data-start=\"687\" data-end=\"724\">apelsino, mandarino ir greipfruto<\/strong> vir\u0161utin\u0117s natos \u2013 jos sukuria spindin\u010di\u0105, gaivi\u0105 ir \u017eaisming\u0105 atmosfer\u0105.<br data-start=\"798\" data-end=\"801\" \/>Vidurin\u0117se natose juntamas <strong data-start=\"828\" data-end=\"847\">\u017ealumos akordas<\/strong>, kuris suteikia kvapui nat\u016bralumo ir balansuoja citrusin\u012f \u0161vie\u017eum\u0105.<br data-start=\"915\" data-end=\"918\" \/>Baz\u0117je dominuoja <strong data-start=\"935\" data-end=\"956\">baltasis muskusas<\/strong>, u\u017etikrinantis \u0161velnum\u0105, elegancij\u0105 ir ilgalaik\u012f aromato i\u0161liekamum\u0105.<\/p>\n<p data-start=\"1030\" data-end=\"1166\"><strong data-start=\"1030\" data-end=\"1055\">Agrumeto Mediterraneo<\/strong> \u2013 tai kvapas, kuris puikiai tinka tiems, kurie nori savo namuose <strong data-start=\"1121\" data-end=\"1163\">lengvumo, gaivos ir saul\u0117tos energijos<\/strong>.<\/p>\n<hr data-start=\"1168\" data-end=\"1171\" \/>\n<h3 data-start=\"1173\" data-end=\"1197\"><strong data-start=\"1177\" data-end=\"1195\">Kvap\u0173 sud\u0117tis:<\/strong><\/h3>\n<ul data-start=\"1198\" data-end=\"1337\">\n<li data-start=\"1198\" data-end=\"1258\">\n<p data-start=\"1200\" data-end=\"1258\"><strong data-start=\"1200\" data-end=\"1221\">Vir\u0161utin\u0117s natos:<\/strong> apelsinas, mandarinas, greipfrutas<\/p>\n<\/li>\n<li data-start=\"1259\" data-end=\"1296\">\n<p data-start=\"1261\" data-end=\"1296\"><strong data-start=\"1261\" data-end=\"1281\">Vidurin\u0117s natos:<\/strong> \u017ealios natos<\/p>\n<\/li>\n<li data-start=\"1297\" data-end=\"1337\">\n<p data-start=\"1299\" data-end=\"1337\"><strong data-start=\"1299\" data-end=\"1317\">Bazin\u0117s natos:<\/strong> baltasis muskusas<\/p>\n<\/li>\n<\/ul>\n<hr data-start=\"1339\" data-end=\"1342\" \/>\n<h3 data-start=\"1344\" data-end=\"1365\"><strong data-start=\"1348\" data-end=\"1363\">Naudojimas:<\/strong><\/h3>\n<p data-start=\"1366\" data-end=\"1607\">Supilkite papildym\u0105 \u012f turim\u0105 LINEA 35 kvap\u0173 difuzoriaus buteliuk\u0105 ir \u012fmerkite lazdeles. Norint i\u0161laikyti kvapo intensyvum\u0105, <strong data-start=\"1490\" data-end=\"1525\">periodi\u0161kai apverskite lazdeles<\/strong>. Laikykite gamin\u012f atokiau nuo \u0161ilumos \u0161altini\u0173 ir tiesiogini\u0173 saul\u0117s spinduli\u0173.<\/p>\n<hr data-start=\"1609\" data-end=\"1612\" \/>\n<h3 data-start=\"1614\" data-end=\"1643\"><strong data-start=\"1618\" data-end=\"1641\">Pagaminta Italijoje<\/strong><\/h3>\n<p data-start=\"1644\" data-end=\"1804\">Visi <strong data-start=\"1649\" data-end=\"1661\">LINEA 35<\/strong> nam\u0173 kvap\u0173 papildymai <strong data-start=\"1684\" data-end=\"1707\">pagaminti Italijoje<\/strong>, naudojant auk\u0161tos kokyb\u0117s \u017ealiavas ir u\u017etikrinant ilgaam\u017ei\u0161k\u0105, subalansuot\u0105 aromato sklidim\u0105.<\/p>\n","protected":false},"excerpt":{"rendered":"<p data-start=\"122\" data-end=\"308\"><strong data-start=\"122\" data-end=\"156\">LINEA 35 Agrumeto Mediterraneo<\/strong> \u2013 gaivus ir \u0161viesus itali\u0161kas nam\u0173 kvapas su <strong data-start=\"202\" data-end=\"256\">apelsino, mandarino, greipfruto ir baltojo muskuso<\/strong> natomis. \u012ekvepia energijos ir saul\u0117tos nuotaikos.<\/p>\n","protected":false},"featured_media":59970,"template":"","meta":[],"product_brand":[1362],"product_cat":[196,573],"product_tag":[1608],"class_list":{"0":"post-59969","1":"product","2":"type-product","3":"status-publish","4":"has-post-thumbnail","6":"product_brand-linea-35","7":"product_cat-namu-kvapu-papildymai","8":"product_cat-namu-kvapai-2","9":"product_tag-linea35","11":"first","12":"instock","13":"sale","14":"taxable","15":"shipping-taxable","16":"purchasable","17":"product-type-simple"},"yoast_head":"<!-- This site is optimized with the Yoast SEO plugin v27.4 - https:\/\/yoast.com\/product\/yoast-seo-wordpress\/ -->\n<title>LINEA 35 AGRUMETO MEDITERRANEO nam\u0173 kvap\u0173 papildymas, 500ml - MalinaShop.lt J\u016bs\u0173 sveikatai ir gro\u017eiui.<\/title>\n<meta name=\"description\" content=\"LINEA 35 Agrumeto Mediterraneo \u2013 itali\u0161kas citrusinis nam\u0173 kvapas su apelsino, mandarino ir muskuso natomis. Gaivus, \u0161viesus ir energizuojantis aromatas.\" \/>\n<meta name=\"robots\" content=\"index, follow, max-snippet:-1, max-image-preview:large, max-video-preview:-1\" \/>\n<link rel=\"canonical\" href=\"https:\/\/www.malinashop.lt\/en\/shop\/linea-35-agrumeto-mediterraneo-namu-kvapu-papildymas-500ml\/\" \/>\n<meta property=\"og:locale\" content=\"en_GB\" \/>\n<meta property=\"og:type\" content=\"article\" \/>\n<meta property=\"og:title\" content=\"LINEA 35 AGRUMETO MEDITERRANEO nam\u0173 kvap\u0173 papildymas, 500ml - MalinaShop.lt J\u016bs\u0173 sveikatai ir gro\u017eiui.\" \/>\n<meta property=\"og:description\" content=\"LINEA 35 Agrumeto Mediterraneo \u2013 itali\u0161kas citrusinis nam\u0173 kvapas su apelsino, mandarino ir muskuso natomis. Gaivus, \u0161viesus ir energizuojantis aromatas.\" \/>\n<meta property=\"og:url\" content=\"https:\/\/www.malinashop.lt\/en\/shop\/linea-35-agrumeto-mediterraneo-namu-kvapu-papildymas-500ml\/\" \/>\n<meta property=\"og:site_name\" content=\"MalinaShop.lt J\u016bs\u0173 sveikatai ir gro\u017eiui.\" \/>\n<meta property=\"article:modified_time\" content=\"2026-02-12T09:37:15+00:00\" \/>\n<meta property=\"og:image\" content=\"https:\/\/www.malinashop.lt\/wp-content\/uploads\/2025\/10\/LINEA-35-AGRUMETO-MEDITERRANEO-namu-kvapu-papildymas-500ml.webp\" \/>\n\t<meta property=\"og:image:width\" content=\"990\" \/>\n\t<meta property=\"og:image:height\" content=\"990\" \/>\n\t<meta property=\"og:image:type\" content=\"image\/webp\" \/>\n<meta name=\"twitter:card\" content=\"summary_large_image\" \/>\n<script type=\"application\/ld+json\" class=\"yoast-schema-graph\">{\"@context\":\"https:\\\/\\\/schema.org\",\"@graph\":[{\"@type\":\"WebPage\",\"@id\":\"https:\\\/\\\/www.malinashop.lt\\\/lt_lt\\\/shop\\\/linea-35-agrumeto-mediterraneo-namu-kvapu-papildymas-500ml\\\/\",\"url\":\"https:\\\/\\\/www.malinashop.lt\\\/lt_lt\\\/shop\\\/linea-35-agrumeto-mediterraneo-namu-kvapu-papildymas-500ml\\\/\",\"name\":\"LINEA 35 AGRUMETO MEDITERRANEO nam\u0173 kvap\u0173 papildymas, 500ml - MalinaShop.lt J\u016bs\u0173 sveikatai ir gro\u017eiui.\",\"isPartOf\":{\"@id\":\"https:\\\/\\\/www.malinashop.lt\\\/#website\"},\"primaryImageOfPage\":{\"@id\":\"https:\\\/\\\/www.malinashop.lt\\\/lt_lt\\\/shop\\\/linea-35-agrumeto-mediterraneo-namu-kvapu-papildymas-500ml\\\/#primaryimage\"},\"image\":{\"@id\":\"https:\\\/\\\/www.malinashop.lt\\\/lt_lt\\\/shop\\\/linea-35-agrumeto-mediterraneo-namu-kvapu-papildymas-500ml\\\/#primaryimage\"},\"thumbnailUrl\":\"https:\\\/\\\/www.malinashop.lt\\\/wp-content\\\/uploads\\\/2025\\\/10\\\/LINEA-35-AGRUMETO-MEDITERRANEO-namu-kvapu-papildymas-500ml.webp\",\"datePublished\":\"2025-10-20T14:37:10+00:00\",\"dateModified\":\"2026-02-12T09:37:15+00:00\",\"description\":\"LINEA 35 Agrumeto Mediterraneo \u2013 itali\u0161kas citrusinis nam\u0173 kvapas su apelsino, mandarino ir muskuso natomis. Gaivus, \u0161viesus ir energizuojantis aromatas.\",\"breadcrumb\":{\"@id\":\"https:\\\/\\\/www.malinashop.lt\\\/lt_lt\\\/shop\\\/linea-35-agrumeto-mediterraneo-namu-kvapu-papildymas-500ml\\\/#breadcrumb\"},\"inLanguage\":\"en-GB\",\"potentialAction\":[{\"@type\":\"ReadAction\",\"target\":[\"https:\\\/\\\/www.malinashop.lt\\\/lt_lt\\\/shop\\\/linea-35-agrumeto-mediterraneo-namu-kvapu-papildymas-500ml\\\/\"]}]},{\"@type\":\"ImageObject\",\"inLanguage\":\"en-GB\",\"@id\":\"https:\\\/\\\/www.malinashop.lt\\\/lt_lt\\\/shop\\\/linea-35-agrumeto-mediterraneo-namu-kvapu-papildymas-500ml\\\/#primaryimage\",\"url\":\"https:\\\/\\\/www.malinashop.lt\\\/wp-content\\\/uploads\\\/2025\\\/10\\\/LINEA-35-AGRUMETO-MEDITERRANEO-namu-kvapu-papildymas-500ml.webp\",\"contentUrl\":\"https:\\\/\\\/www.malinashop.lt\\\/wp-content\\\/uploads\\\/2025\\\/10\\\/LINEA-35-AGRUMETO-MEDITERRANEO-namu-kvapu-papildymas-500ml.webp\",\"width\":990,\"height\":990},{\"@type\":\"BreadcrumbList\",\"@id\":\"https:\\\/\\\/www.malinashop.lt\\\/lt_lt\\\/shop\\\/linea-35-agrumeto-mediterraneo-namu-kvapu-papildymas-500ml\\\/#breadcrumb\",\"itemListElement\":[{\"@type\":\"ListItem\",\"position\":1,\"name\":\"Pagrindinis\",\"item\":\"https:\\\/\\\/www.malinashop.lt\\\/\"},{\"@type\":\"ListItem\",\"position\":2,\"name\":\"Parduotuv\u0117\",\"item\":\"https:\\\/\\\/www.malinashop.lt\\\/en\\\/parduotuve\\\/\"},{\"@type\":\"ListItem\",\"position\":3,\"name\":\"LINEA 35 AGRUMETO MEDITERRANEO nam\u0173 kvap\u0173 papildymas, 500ml\"}]},{\"@type\":\"WebSite\",\"@id\":\"https:\\\/\\\/www.malinashop.lt\\\/#website\",\"url\":\"https:\\\/\\\/www.malinashop.lt\\\/\",\"name\":\"COM Group Ecommerce\",\"description\":\"MalinaShop.lt - Gro\u017eio ir sveikatos produktai i\u0161 patikim\u0173 preki\u0173 \u017eenkl\u0173. Atraskite auk\u0161tos kokyb\u0117s kosmetik\u0105 u\u017e puiki\u0105 kain\u0105.\",\"publisher\":{\"@id\":\"https:\\\/\\\/www.malinashop.lt\\\/#organization\"},\"potentialAction\":[{\"@type\":\"SearchAction\",\"target\":{\"@type\":\"EntryPoint\",\"urlTemplate\":\"https:\\\/\\\/www.malinashop.lt\\\/?s={search_term_string}\"},\"query-input\":{\"@type\":\"PropertyValueSpecification\",\"valueRequired\":true,\"valueName\":\"search_term_string\"}}],\"inLanguage\":\"en-GB\"},{\"@type\":\"Organization\",\"@id\":\"https:\\\/\\\/www.malinashop.lt\\\/#organization\",\"name\":\"COM Group Ecommerce\",\"url\":\"https:\\\/\\\/www.malinashop.lt\\\/\",\"logo\":{\"@type\":\"ImageObject\",\"inLanguage\":\"en-GB\",\"@id\":\"https:\\\/\\\/www.malinashop.lt\\\/#\\\/schema\\\/logo\\\/image\\\/\",\"url\":\"https:\\\/\\\/www.malinashop.lt\\\/wp-content\\\/uploads\\\/2024\\\/08\\\/462559670_3787732518133670_9795632669273463_n-e1731525914575.png\",\"contentUrl\":\"https:\\\/\\\/www.malinashop.lt\\\/wp-content\\\/uploads\\\/2024\\\/08\\\/462559670_3787732518133670_9795632669273463_n-e1731525914575.png\",\"width\":180,\"height\":60,\"caption\":\"COM Group Ecommerce\"},\"image\":{\"@id\":\"https:\\\/\\\/www.malinashop.lt\\\/#\\\/schema\\\/logo\\\/image\\\/\"}}]}<\/script>\n<!-- \/ Yoast SEO plugin. -->","yoast_head_json":{"title":"LINEA 35 AGRUMETO MEDITERRANEO nam\u0173 kvap\u0173 papildymas, 500ml - MalinaShop.lt J\u016bs\u0173 sveikatai ir gro\u017eiui.","description":"LINEA 35 Agrumeto Mediterraneo \u2013 itali\u0161kas citrusinis nam\u0173 kvapas su apelsino, mandarino ir muskuso natomis. Gaivus, \u0161viesus ir energizuojantis aromatas.","robots":{"index":"index","follow":"follow","max-snippet":"max-snippet:-1","max-image-preview":"max-image-preview:large","max-video-preview":"max-video-preview:-1"},"canonical":"https:\/\/www.malinashop.lt\/en\/shop\/linea-35-agrumeto-mediterraneo-namu-kvapu-papildymas-500ml\/","og_locale":"en_GB","og_type":"article","og_title":"LINEA 35 AGRUMETO MEDITERRANEO nam\u0173 kvap\u0173 papildymas, 500ml - MalinaShop.lt J\u016bs\u0173 sveikatai ir gro\u017eiui.","og_description":"LINEA 35 Agrumeto Mediterraneo \u2013 itali\u0161kas citrusinis nam\u0173 kvapas su apelsino, mandarino ir muskuso natomis. Gaivus, \u0161viesus ir energizuojantis aromatas.","og_url":"https:\/\/www.malinashop.lt\/en\/shop\/linea-35-agrumeto-mediterraneo-namu-kvapu-papildymas-500ml\/","og_site_name":"MalinaShop.lt J\u016bs\u0173 sveikatai ir gro\u017eiui.","article_modified_time":"2026-02-12T09:37:15+00:00","og_image":[{"width":990,"height":990,"url":"https:\/\/www.malinashop.lt\/wp-content\/uploads\/2025\/10\/LINEA-35-AGRUMETO-MEDITERRANEO-namu-kvapu-papildymas-500ml.webp","type":"image\/webp"}],"twitter_card":"summary_large_image","schema":{"@context":"https:\/\/schema.org","@graph":[{"@type":"WebPage","@id":"https:\/\/www.malinashop.lt\/lt_lt\/shop\/linea-35-agrumeto-mediterraneo-namu-kvapu-papildymas-500ml\/","url":"https:\/\/www.malinashop.lt\/lt_lt\/shop\/linea-35-agrumeto-mediterraneo-namu-kvapu-papildymas-500ml\/","name":"LINEA 35 AGRUMETO MEDITERRANEO nam\u0173 kvap\u0173 papildymas, 500ml - MalinaShop.lt J\u016bs\u0173 sveikatai ir gro\u017eiui.","isPartOf":{"@id":"https:\/\/www.malinashop.lt\/#website"},"primaryImageOfPage":{"@id":"https:\/\/www.malinashop.lt\/lt_lt\/shop\/linea-35-agrumeto-mediterraneo-namu-kvapu-papildymas-500ml\/#primaryimage"},"image":{"@id":"https:\/\/www.malinashop.lt\/lt_lt\/shop\/linea-35-agrumeto-mediterraneo-namu-kvapu-papildymas-500ml\/#primaryimage"},"thumbnailUrl":"https:\/\/www.malinashop.lt\/wp-content\/uploads\/2025\/10\/LINEA-35-AGRUMETO-MEDITERRANEO-namu-kvapu-papildymas-500ml.webp","datePublished":"2025-10-20T14:37:10+00:00","dateModified":"2026-02-12T09:37:15+00:00","description":"LINEA 35 Agrumeto Mediterraneo \u2013 itali\u0161kas citrusinis nam\u0173 kvapas su apelsino, mandarino ir muskuso natomis. Gaivus, \u0161viesus ir energizuojantis aromatas.","breadcrumb":{"@id":"https:\/\/www.malinashop.lt\/lt_lt\/shop\/linea-35-agrumeto-mediterraneo-namu-kvapu-papildymas-500ml\/#breadcrumb"},"inLanguage":"en-GB","potentialAction":[{"@type":"ReadAction","target":["https:\/\/www.malinashop.lt\/lt_lt\/shop\/linea-35-agrumeto-mediterraneo-namu-kvapu-papildymas-500ml\/"]}]},{"@type":"ImageObject","inLanguage":"en-GB","@id":"https:\/\/www.malinashop.lt\/lt_lt\/shop\/linea-35-agrumeto-mediterraneo-namu-kvapu-papildymas-500ml\/#primaryimage","url":"https:\/\/www.malinashop.lt\/wp-content\/uploads\/2025\/10\/LINEA-35-AGRUMETO-MEDITERRANEO-namu-kvapu-papildymas-500ml.webp","contentUrl":"https:\/\/www.malinashop.lt\/wp-content\/uploads\/2025\/10\/LINEA-35-AGRUMETO-MEDITERRANEO-namu-kvapu-papildymas-500ml.webp","width":990,"height":990},{"@type":"BreadcrumbList","@id":"https:\/\/www.malinashop.lt\/lt_lt\/shop\/linea-35-agrumeto-mediterraneo-namu-kvapu-papildymas-500ml\/#breadcrumb","itemListElement":[{"@type":"ListItem","position":1,"name":"Pagrindinis","item":"https:\/\/www.malinashop.lt\/"},{"@type":"ListItem","position":2,"name":"Parduotuv\u0117","item":"https:\/\/www.malinashop.lt\/en\/parduotuve\/"},{"@type":"ListItem","position":3,"name":"LINEA 35 AGRUMETO MEDITERRANEO nam\u0173 kvap\u0173 papildymas, 500ml"}]},{"@type":"WebSite","@id":"https:\/\/www.malinashop.lt\/#website","url":"https:\/\/www.malinashop.lt\/","name":"COM Group Ecommerce","description":"MalinaShop.lt - Gro\u017eio ir sveikatos produktai i\u0161 patikim\u0173 preki\u0173 \u017eenkl\u0173. Atraskite auk\u0161tos kokyb\u0117s kosmetik\u0105 u\u017e puiki\u0105 kain\u0105.","publisher":{"@id":"https:\/\/www.malinashop.lt\/#organization"},"potentialAction":[{"@type":"SearchAction","target":{"@type":"EntryPoint","urlTemplate":"https:\/\/www.malinashop.lt\/?s={search_term_string}"},"query-input":{"@type":"PropertyValueSpecification","valueRequired":true,"valueName":"search_term_string"}}],"inLanguage":"en-GB"},{"@type":"Organization","@id":"https:\/\/www.malinashop.lt\/#organization","name":"COM Group Ecommerce","url":"https:\/\/www.malinashop.lt\/","logo":{"@type":"ImageObject","inLanguage":"en-GB","@id":"https:\/\/www.malinashop.lt\/#\/schema\/logo\/image\/","url":"https:\/\/www.malinashop.lt\/wp-content\/uploads\/2024\/08\/462559670_3787732518133670_9795632669273463_n-e1731525914575.png","contentUrl":"https:\/\/www.malinashop.lt\/wp-content\/uploads\/2024\/08\/462559670_3787732518133670_9795632669273463_n-e1731525914575.png","width":180,"height":60,"caption":"COM Group Ecommerce"},"image":{"@id":"https:\/\/www.malinashop.lt\/#\/schema\/logo\/image\/"}}]}},"jetpack_sharing_enabled":true,"_links":{"self":[{"href":"https:\/\/www.malinashop.lt\/en\/wp-json\/wp\/v2\/product\/59969","targetHints":{"allow":["GET"]}}],"collection":[{"href":"https:\/\/www.malinashop.lt\/en\/wp-json\/wp\/v2\/product"}],"about":[{"href":"https:\/\/www.malinashop.lt\/en\/wp-json\/wp\/v2\/types\/product"}],"version-history":[{"count":1,"href":"https:\/\/www.malinashop.lt\/en\/wp-json\/wp\/v2\/product\/59969\/revisions"}],"predecessor-version":[{"id":59971,"href":"https:\/\/www.malinashop.lt\/en\/wp-json\/wp\/v2\/product\/59969\/revisions\/59971"}],"wp:featuredmedia":[{"embeddable":true,"href":"https:\/\/www.malinashop.lt\/en\/wp-json\/wp\/v2\/media\/59970"}],"wp:attachment":[{"href":"https:\/\/www.malinashop.lt\/en\/wp-json\/wp\/v2\/media?parent=59969"}],"wp:term":[{"taxonomy":"product_brand","embeddable":true,"href":"https:\/\/www.malinashop.lt\/en\/wp-json\/wp\/v2\/product_brand?post=59969"},{"taxonomy":"product_cat","embeddable":true,"href":"https:\/\/www.malinashop.lt\/en\/wp-json\/wp\/v2\/product_cat?post=59969"},{"taxonomy":"product_tag","embeddable":true,"href":"https:\/\/www.malinashop.lt\/en\/wp-json\/wp\/v2\/product_tag?post=59969"}],"curies":[{"name":"wp","href":"https:\/\/api.w.org\/{rel}","templated":true}]}}