{"id":59966,"date":"2025-10-20T17:13:46","date_gmt":"2025-10-20T14:13:46","guid":{"rendered":"https:\/\/malinashop.lt\/?post_type=product&#038;p=59966"},"modified":"2026-02-12T12:37:15","modified_gmt":"2026-02-12T09:37:15","slug":"linea-home-ocean-breeze-namu-kvapu-difuzorius-250ml","status":"publish","type":"product","link":"https:\/\/www.malinashop.lt\/en\/shop\/linea-home-ocean-breeze-namu-kvapu-difuzorius-250ml\/","title":{"rendered":"LINEA HOME OCEAN BREEZE nam\u0173 kvap\u0173 difuzorius, 250ml"},"content":{"rendered":"<p data-start=\"336\" data-end=\"629\"><strong data-start=\"336\" data-end=\"363\">LINEA HOME Ocean Breeze<\/strong> nam\u0173 kvap\u0173 difuzorius \u2013 tai <strong data-start=\"392\" data-end=\"423\">gaivos ir ramyb\u0117s \u012fkv\u0117pimas<\/strong>, primenantis j\u016bros v\u0117j\u0105 ir saul\u0117s nutviekst\u0105 horizont\u0105.<br data-start=\"479\" data-end=\"482\" \/>\u0160is aromatas sukuria <strong data-start=\"503\" data-end=\"549\">\u0161varos, lengvumo ir atsipalaidavimo poj\u016bt\u012f<\/strong>, puikiai tinkant\u012f tiek nam\u0173 svetainei, tiek vonios kambariui ar darbo erdvei.<\/p>\n<p data-start=\"631\" data-end=\"916\">Vir\u0161utin\u0117se natose atsiskleid\u017eia <strong data-start=\"664\" data-end=\"681\">gaivi citrina<\/strong>, suteikianti energijos ir gaivos.<br data-start=\"715\" data-end=\"718\" \/>Vidurin\u0117s natos \u2013 <strong data-start=\"736\" data-end=\"756\">ro\u017e\u0117 ir pa\u010diulis<\/strong> \u2013 \u012fne\u0161a subtil\u0173 g\u0117li\u0173 akord\u0105 su lengva \u017eemi\u0161ka \u0161iluma.<br data-start=\"811\" data-end=\"814\" \/>Kvapo pagrind\u0105 sudaro <strong data-start=\"836\" data-end=\"856\">vandenyno ozonas<\/strong>, kuris pripildo erdv\u0119 gaiviu j\u016bros oru ir \u0161varos poj\u016b\u010diu.<\/p>\n<p data-start=\"918\" data-end=\"1067\"><strong data-start=\"918\" data-end=\"934\">Ocean Breeze<\/strong> \u2013 tai kvapas, sukuriantis <strong data-start=\"961\" data-end=\"1008\">harmoning\u0105, \u0161velni\u0105 ir raminan\u010di\u0105 atmosfer\u0105<\/strong>, kurioje kiekviena akimirka tampa lengvesn\u0117 ir gaivesn\u0117.<\/p>\n<hr data-start=\"1069\" data-end=\"1072\" \/>\n<h3 data-start=\"1074\" data-end=\"1098\"><strong data-start=\"1078\" data-end=\"1096\">Kvap\u0173 sud\u0117tis:<\/strong><\/h3>\n<ul data-start=\"1099\" data-end=\"1212\">\n<li data-start=\"1099\" data-end=\"1132\">\n<p data-start=\"1101\" data-end=\"1132\"><strong data-start=\"1101\" data-end=\"1122\">Vir\u0161utin\u0117s natos:<\/strong> citrina<\/p>\n<\/li>\n<li data-start=\"1133\" data-end=\"1172\">\n<p data-start=\"1135\" data-end=\"1172\"><strong data-start=\"1135\" data-end=\"1155\">Vidurin\u0117s natos:<\/strong> ro\u017e\u0117, pa\u010diulis<\/p>\n<\/li>\n<li data-start=\"1173\" data-end=\"1212\">\n<p data-start=\"1175\" data-end=\"1212\"><strong data-start=\"1175\" data-end=\"1193\">Bazin\u0117s natos:<\/strong> vandenyno ozonas<\/p>\n<\/li>\n<\/ul>\n<hr data-start=\"1214\" data-end=\"1217\" \/>\n<h3 data-start=\"1219\" data-end=\"1240\"><strong data-start=\"1223\" data-end=\"1238\">Naudojimas:<\/strong><\/h3>\n<p data-start=\"1241\" data-end=\"1491\">Nuimkite buteliuko dangtel\u012f ir \u012fmerkite kvap\u0173 lazdeles \u012f buteliuk\u0105. Nor\u0117dami palaikyti kvapo intensyvum\u0105, <strong data-start=\"1347\" data-end=\"1382\">periodi\u0161kai apverskite lazdeles<\/strong>. Produkt\u0105 statykite ant stabilaus pavir\u0161iaus, toliau nuo tiesiogini\u0173 saul\u0117s spinduli\u0173 ir \u0161ilumos \u0161altini\u0173.<\/p>\n<hr data-start=\"1493\" data-end=\"1496\" \/>\n<h3 data-start=\"1498\" data-end=\"1527\"><strong data-start=\"1502\" data-end=\"1525\">Pagaminta Italijoje<\/strong><\/h3>\n<p data-start=\"1528\" data-end=\"1682\">Visi <strong data-start=\"1533\" data-end=\"1547\">LINEA HOME<\/strong> nam\u0173 kvapai \u2013 difuzoriai <strong data-start=\"1573\" data-end=\"1596\">pagaminti Italijoje<\/strong>, u\u017etikrinant <strong data-start=\"1610\" data-end=\"1679\">auk\u0161\u010diausi\u0105 kokyb\u0119, ilgalaik\u012f aromat\u0105 ir i\u0161skirtin\u012f \u0161varos poj\u016bt\u012f<\/strong>.<\/p>\n","protected":false},"excerpt":{"rendered":"<p><strong data-start=\"115\" data-end=\"142\">LINEA HOME Ocean Breeze<\/strong> \u2013 gaivus, \u0161varus ir atpalaiduojantis aromatas su <strong data-start=\"192\" data-end=\"240\">citrinos, ro\u017e\u0117s, pa\u010diulio ir vandenyno ozono<\/strong> natomis. Sukuria \u0161velni\u0105 j\u016bros v\u0117jo atmosfer\u0105 j\u016bs\u0173 namuose.<\/p>\n","protected":false},"featured_media":59967,"template":"","meta":[],"product_brand":[1362],"product_cat":[1140,573],"product_tag":[1608],"class_list":{"0":"post-59966","1":"product","2":"type-product","3":"status-publish","4":"has-post-thumbnail","6":"product_brand-linea-35","7":"product_cat-namu-kvapai","8":"product_cat-namu-kvapai-2","9":"product_tag-linea35","11":"first","12":"instock","13":"sale","14":"taxable","15":"shipping-taxable","16":"purchasable","17":"product-type-simple"},"yoast_head":"<!-- This site is optimized with the Yoast SEO plugin v27.4 - https:\/\/yoast.com\/product\/yoast-seo-wordpress\/ -->\n<title>LINEA HOME OCEAN BREEZE nam\u0173 kvap\u0173 difuzorius, 250ml - MalinaShop.lt J\u016bs\u0173 sveikatai ir gro\u017eiui.<\/title>\n<meta name=\"description\" content=\"LINEA HOME Ocean Breeze \u2013 itali\u0161kas nam\u0173 kvapas su citrinos, ro\u017e\u0117s ir ozono natomis. Gaivus, \u0161varus ir j\u016bros v\u0117jo \u012fkv\u0117ptas aromatas j\u016bs\u0173 namams.\" \/>\n<meta name=\"robots\" content=\"index, follow, max-snippet:-1, max-image-preview:large, max-video-preview:-1\" \/>\n<link rel=\"canonical\" href=\"https:\/\/www.malinashop.lt\/en\/shop\/linea-home-ocean-breeze-namu-kvapu-difuzorius-250ml\/\" \/>\n<meta property=\"og:locale\" content=\"en_GB\" \/>\n<meta property=\"og:type\" content=\"article\" \/>\n<meta property=\"og:title\" content=\"LINEA HOME OCEAN BREEZE nam\u0173 kvap\u0173 difuzorius, 250ml - MalinaShop.lt J\u016bs\u0173 sveikatai ir gro\u017eiui.\" \/>\n<meta property=\"og:description\" content=\"LINEA HOME Ocean Breeze \u2013 itali\u0161kas nam\u0173 kvapas su citrinos, ro\u017e\u0117s ir ozono natomis. Gaivus, \u0161varus ir j\u016bros v\u0117jo \u012fkv\u0117ptas aromatas j\u016bs\u0173 namams.\" \/>\n<meta property=\"og:url\" content=\"https:\/\/www.malinashop.lt\/en\/shop\/linea-home-ocean-breeze-namu-kvapu-difuzorius-250ml\/\" \/>\n<meta property=\"og:site_name\" content=\"MalinaShop.lt J\u016bs\u0173 sveikatai ir gro\u017eiui.\" \/>\n<meta property=\"article:modified_time\" content=\"2026-02-12T09:37:15+00:00\" \/>\n<meta property=\"og:image\" content=\"https:\/\/www.malinashop.lt\/wp-content\/uploads\/2025\/10\/LINEA-HOME-OCEAN-BREEZE-namu-kvapu-difuzorius-250ml.webp\" \/>\n\t<meta property=\"og:image:width\" content=\"990\" \/>\n\t<meta property=\"og:image:height\" content=\"990\" \/>\n\t<meta property=\"og:image:type\" content=\"image\/webp\" \/>\n<meta name=\"twitter:card\" content=\"summary_large_image\" \/>\n<script type=\"application\/ld+json\" class=\"yoast-schema-graph\">{\"@context\":\"https:\\\/\\\/schema.org\",\"@graph\":[{\"@type\":\"WebPage\",\"@id\":\"https:\\\/\\\/www.malinashop.lt\\\/lt_lt\\\/shop\\\/linea-home-ocean-breeze-namu-kvapu-difuzorius-250ml\\\/\",\"url\":\"https:\\\/\\\/www.malinashop.lt\\\/lt_lt\\\/shop\\\/linea-home-ocean-breeze-namu-kvapu-difuzorius-250ml\\\/\",\"name\":\"LINEA HOME OCEAN BREEZE nam\u0173 kvap\u0173 difuzorius, 250ml - MalinaShop.lt J\u016bs\u0173 sveikatai ir gro\u017eiui.\",\"isPartOf\":{\"@id\":\"https:\\\/\\\/www.malinashop.lt\\\/#website\"},\"primaryImageOfPage\":{\"@id\":\"https:\\\/\\\/www.malinashop.lt\\\/lt_lt\\\/shop\\\/linea-home-ocean-breeze-namu-kvapu-difuzorius-250ml\\\/#primaryimage\"},\"image\":{\"@id\":\"https:\\\/\\\/www.malinashop.lt\\\/lt_lt\\\/shop\\\/linea-home-ocean-breeze-namu-kvapu-difuzorius-250ml\\\/#primaryimage\"},\"thumbnailUrl\":\"https:\\\/\\\/www.malinashop.lt\\\/wp-content\\\/uploads\\\/2025\\\/10\\\/LINEA-HOME-OCEAN-BREEZE-namu-kvapu-difuzorius-250ml.webp\",\"datePublished\":\"2025-10-20T14:13:46+00:00\",\"dateModified\":\"2026-02-12T09:37:15+00:00\",\"description\":\"LINEA HOME Ocean Breeze \u2013 itali\u0161kas nam\u0173 kvapas su citrinos, ro\u017e\u0117s ir ozono natomis. Gaivus, \u0161varus ir j\u016bros v\u0117jo \u012fkv\u0117ptas aromatas j\u016bs\u0173 namams.\",\"breadcrumb\":{\"@id\":\"https:\\\/\\\/www.malinashop.lt\\\/lt_lt\\\/shop\\\/linea-home-ocean-breeze-namu-kvapu-difuzorius-250ml\\\/#breadcrumb\"},\"inLanguage\":\"en-GB\",\"potentialAction\":[{\"@type\":\"ReadAction\",\"target\":[\"https:\\\/\\\/www.malinashop.lt\\\/lt_lt\\\/shop\\\/linea-home-ocean-breeze-namu-kvapu-difuzorius-250ml\\\/\"]}]},{\"@type\":\"ImageObject\",\"inLanguage\":\"en-GB\",\"@id\":\"https:\\\/\\\/www.malinashop.lt\\\/lt_lt\\\/shop\\\/linea-home-ocean-breeze-namu-kvapu-difuzorius-250ml\\\/#primaryimage\",\"url\":\"https:\\\/\\\/www.malinashop.lt\\\/wp-content\\\/uploads\\\/2025\\\/10\\\/LINEA-HOME-OCEAN-BREEZE-namu-kvapu-difuzorius-250ml.webp\",\"contentUrl\":\"https:\\\/\\\/www.malinashop.lt\\\/wp-content\\\/uploads\\\/2025\\\/10\\\/LINEA-HOME-OCEAN-BREEZE-namu-kvapu-difuzorius-250ml.webp\",\"width\":990,\"height\":990},{\"@type\":\"BreadcrumbList\",\"@id\":\"https:\\\/\\\/www.malinashop.lt\\\/lt_lt\\\/shop\\\/linea-home-ocean-breeze-namu-kvapu-difuzorius-250ml\\\/#breadcrumb\",\"itemListElement\":[{\"@type\":\"ListItem\",\"position\":1,\"name\":\"Pagrindinis\",\"item\":\"https:\\\/\\\/www.malinashop.lt\\\/\"},{\"@type\":\"ListItem\",\"position\":2,\"name\":\"Parduotuv\u0117\",\"item\":\"https:\\\/\\\/www.malinashop.lt\\\/en\\\/parduotuve\\\/\"},{\"@type\":\"ListItem\",\"position\":3,\"name\":\"LINEA HOME OCEAN BREEZE nam\u0173 kvap\u0173 difuzorius, 250ml\"}]},{\"@type\":\"WebSite\",\"@id\":\"https:\\\/\\\/www.malinashop.lt\\\/#website\",\"url\":\"https:\\\/\\\/www.malinashop.lt\\\/\",\"name\":\"COM Group Ecommerce\",\"description\":\"MalinaShop.lt - Gro\u017eio ir sveikatos produktai i\u0161 patikim\u0173 preki\u0173 \u017eenkl\u0173. Atraskite auk\u0161tos kokyb\u0117s kosmetik\u0105 u\u017e puiki\u0105 kain\u0105.\",\"publisher\":{\"@id\":\"https:\\\/\\\/www.malinashop.lt\\\/#organization\"},\"potentialAction\":[{\"@type\":\"SearchAction\",\"target\":{\"@type\":\"EntryPoint\",\"urlTemplate\":\"https:\\\/\\\/www.malinashop.lt\\\/?s={search_term_string}\"},\"query-input\":{\"@type\":\"PropertyValueSpecification\",\"valueRequired\":true,\"valueName\":\"search_term_string\"}}],\"inLanguage\":\"en-GB\"},{\"@type\":\"Organization\",\"@id\":\"https:\\\/\\\/www.malinashop.lt\\\/#organization\",\"name\":\"COM Group Ecommerce\",\"url\":\"https:\\\/\\\/www.malinashop.lt\\\/\",\"logo\":{\"@type\":\"ImageObject\",\"inLanguage\":\"en-GB\",\"@id\":\"https:\\\/\\\/www.malinashop.lt\\\/#\\\/schema\\\/logo\\\/image\\\/\",\"url\":\"https:\\\/\\\/www.malinashop.lt\\\/wp-content\\\/uploads\\\/2024\\\/08\\\/462559670_3787732518133670_9795632669273463_n-e1731525914575.png\",\"contentUrl\":\"https:\\\/\\\/www.malinashop.lt\\\/wp-content\\\/uploads\\\/2024\\\/08\\\/462559670_3787732518133670_9795632669273463_n-e1731525914575.png\",\"width\":180,\"height\":60,\"caption\":\"COM Group Ecommerce\"},\"image\":{\"@id\":\"https:\\\/\\\/www.malinashop.lt\\\/#\\\/schema\\\/logo\\\/image\\\/\"}}]}<\/script>\n<!-- \/ Yoast SEO plugin. -->","yoast_head_json":{"title":"LINEA HOME OCEAN BREEZE nam\u0173 kvap\u0173 difuzorius, 250ml - MalinaShop.lt J\u016bs\u0173 sveikatai ir gro\u017eiui.","description":"LINEA HOME Ocean Breeze \u2013 itali\u0161kas nam\u0173 kvapas su citrinos, ro\u017e\u0117s ir ozono natomis. Gaivus, \u0161varus ir j\u016bros v\u0117jo \u012fkv\u0117ptas aromatas j\u016bs\u0173 namams.","robots":{"index":"index","follow":"follow","max-snippet":"max-snippet:-1","max-image-preview":"max-image-preview:large","max-video-preview":"max-video-preview:-1"},"canonical":"https:\/\/www.malinashop.lt\/en\/shop\/linea-home-ocean-breeze-namu-kvapu-difuzorius-250ml\/","og_locale":"en_GB","og_type":"article","og_title":"LINEA HOME OCEAN BREEZE nam\u0173 kvap\u0173 difuzorius, 250ml - MalinaShop.lt J\u016bs\u0173 sveikatai ir gro\u017eiui.","og_description":"LINEA HOME Ocean Breeze \u2013 itali\u0161kas nam\u0173 kvapas su citrinos, ro\u017e\u0117s ir ozono natomis. Gaivus, \u0161varus ir j\u016bros v\u0117jo \u012fkv\u0117ptas aromatas j\u016bs\u0173 namams.","og_url":"https:\/\/www.malinashop.lt\/en\/shop\/linea-home-ocean-breeze-namu-kvapu-difuzorius-250ml\/","og_site_name":"MalinaShop.lt J\u016bs\u0173 sveikatai ir gro\u017eiui.","article_modified_time":"2026-02-12T09:37:15+00:00","og_image":[{"width":990,"height":990,"url":"https:\/\/www.malinashop.lt\/wp-content\/uploads\/2025\/10\/LINEA-HOME-OCEAN-BREEZE-namu-kvapu-difuzorius-250ml.webp","type":"image\/webp"}],"twitter_card":"summary_large_image","schema":{"@context":"https:\/\/schema.org","@graph":[{"@type":"WebPage","@id":"https:\/\/www.malinashop.lt\/lt_lt\/shop\/linea-home-ocean-breeze-namu-kvapu-difuzorius-250ml\/","url":"https:\/\/www.malinashop.lt\/lt_lt\/shop\/linea-home-ocean-breeze-namu-kvapu-difuzorius-250ml\/","name":"LINEA HOME OCEAN BREEZE nam\u0173 kvap\u0173 difuzorius, 250ml - MalinaShop.lt J\u016bs\u0173 sveikatai ir gro\u017eiui.","isPartOf":{"@id":"https:\/\/www.malinashop.lt\/#website"},"primaryImageOfPage":{"@id":"https:\/\/www.malinashop.lt\/lt_lt\/shop\/linea-home-ocean-breeze-namu-kvapu-difuzorius-250ml\/#primaryimage"},"image":{"@id":"https:\/\/www.malinashop.lt\/lt_lt\/shop\/linea-home-ocean-breeze-namu-kvapu-difuzorius-250ml\/#primaryimage"},"thumbnailUrl":"https:\/\/www.malinashop.lt\/wp-content\/uploads\/2025\/10\/LINEA-HOME-OCEAN-BREEZE-namu-kvapu-difuzorius-250ml.webp","datePublished":"2025-10-20T14:13:46+00:00","dateModified":"2026-02-12T09:37:15+00:00","description":"LINEA HOME Ocean Breeze \u2013 itali\u0161kas nam\u0173 kvapas su citrinos, ro\u017e\u0117s ir ozono natomis. Gaivus, \u0161varus ir j\u016bros v\u0117jo \u012fkv\u0117ptas aromatas j\u016bs\u0173 namams.","breadcrumb":{"@id":"https:\/\/www.malinashop.lt\/lt_lt\/shop\/linea-home-ocean-breeze-namu-kvapu-difuzorius-250ml\/#breadcrumb"},"inLanguage":"en-GB","potentialAction":[{"@type":"ReadAction","target":["https:\/\/www.malinashop.lt\/lt_lt\/shop\/linea-home-ocean-breeze-namu-kvapu-difuzorius-250ml\/"]}]},{"@type":"ImageObject","inLanguage":"en-GB","@id":"https:\/\/www.malinashop.lt\/lt_lt\/shop\/linea-home-ocean-breeze-namu-kvapu-difuzorius-250ml\/#primaryimage","url":"https:\/\/www.malinashop.lt\/wp-content\/uploads\/2025\/10\/LINEA-HOME-OCEAN-BREEZE-namu-kvapu-difuzorius-250ml.webp","contentUrl":"https:\/\/www.malinashop.lt\/wp-content\/uploads\/2025\/10\/LINEA-HOME-OCEAN-BREEZE-namu-kvapu-difuzorius-250ml.webp","width":990,"height":990},{"@type":"BreadcrumbList","@id":"https:\/\/www.malinashop.lt\/lt_lt\/shop\/linea-home-ocean-breeze-namu-kvapu-difuzorius-250ml\/#breadcrumb","itemListElement":[{"@type":"ListItem","position":1,"name":"Pagrindinis","item":"https:\/\/www.malinashop.lt\/"},{"@type":"ListItem","position":2,"name":"Parduotuv\u0117","item":"https:\/\/www.malinashop.lt\/en\/parduotuve\/"},{"@type":"ListItem","position":3,"name":"LINEA HOME OCEAN BREEZE nam\u0173 kvap\u0173 difuzorius, 250ml"}]},{"@type":"WebSite","@id":"https:\/\/www.malinashop.lt\/#website","url":"https:\/\/www.malinashop.lt\/","name":"COM Group Ecommerce","description":"MalinaShop.lt - Gro\u017eio ir sveikatos produktai i\u0161 patikim\u0173 preki\u0173 \u017eenkl\u0173. Atraskite auk\u0161tos kokyb\u0117s kosmetik\u0105 u\u017e puiki\u0105 kain\u0105.","publisher":{"@id":"https:\/\/www.malinashop.lt\/#organization"},"potentialAction":[{"@type":"SearchAction","target":{"@type":"EntryPoint","urlTemplate":"https:\/\/www.malinashop.lt\/?s={search_term_string}"},"query-input":{"@type":"PropertyValueSpecification","valueRequired":true,"valueName":"search_term_string"}}],"inLanguage":"en-GB"},{"@type":"Organization","@id":"https:\/\/www.malinashop.lt\/#organization","name":"COM Group Ecommerce","url":"https:\/\/www.malinashop.lt\/","logo":{"@type":"ImageObject","inLanguage":"en-GB","@id":"https:\/\/www.malinashop.lt\/#\/schema\/logo\/image\/","url":"https:\/\/www.malinashop.lt\/wp-content\/uploads\/2024\/08\/462559670_3787732518133670_9795632669273463_n-e1731525914575.png","contentUrl":"https:\/\/www.malinashop.lt\/wp-content\/uploads\/2024\/08\/462559670_3787732518133670_9795632669273463_n-e1731525914575.png","width":180,"height":60,"caption":"COM Group Ecommerce"},"image":{"@id":"https:\/\/www.malinashop.lt\/#\/schema\/logo\/image\/"}}]}},"jetpack_sharing_enabled":true,"_links":{"self":[{"href":"https:\/\/www.malinashop.lt\/en\/wp-json\/wp\/v2\/product\/59966","targetHints":{"allow":["GET"]}}],"collection":[{"href":"https:\/\/www.malinashop.lt\/en\/wp-json\/wp\/v2\/product"}],"about":[{"href":"https:\/\/www.malinashop.lt\/en\/wp-json\/wp\/v2\/types\/product"}],"version-history":[{"count":1,"href":"https:\/\/www.malinashop.lt\/en\/wp-json\/wp\/v2\/product\/59966\/revisions"}],"predecessor-version":[{"id":59968,"href":"https:\/\/www.malinashop.lt\/en\/wp-json\/wp\/v2\/product\/59966\/revisions\/59968"}],"wp:featuredmedia":[{"embeddable":true,"href":"https:\/\/www.malinashop.lt\/en\/wp-json\/wp\/v2\/media\/59967"}],"wp:attachment":[{"href":"https:\/\/www.malinashop.lt\/en\/wp-json\/wp\/v2\/media?parent=59966"}],"wp:term":[{"taxonomy":"product_brand","embeddable":true,"href":"https:\/\/www.malinashop.lt\/en\/wp-json\/wp\/v2\/product_brand?post=59966"},{"taxonomy":"product_cat","embeddable":true,"href":"https:\/\/www.malinashop.lt\/en\/wp-json\/wp\/v2\/product_cat?post=59966"},{"taxonomy":"product_tag","embeddable":true,"href":"https:\/\/www.malinashop.lt\/en\/wp-json\/wp\/v2\/product_tag?post=59966"}],"curies":[{"name":"wp","href":"https:\/\/api.w.org\/{rel}","templated":true}]}}