{"id":59954,"date":"2025-10-29T16:40:08","date_gmt":"2025-10-29T13:40:08","guid":{"rendered":"https:\/\/malinashop.lt\/?post_type=product&#038;p=59954"},"modified":"2026-02-12T12:37:12","modified_gmt":"2026-02-12T09:37:12","slug":"linea-home-too-ginger-namu-kvapu-difuzorius-250ml","status":"publish","type":"product","link":"https:\/\/www.malinashop.lt\/en\/shop\/linea-home-too-ginger-namu-kvapu-difuzorius-250ml\/","title":{"rendered":"LINEA HOME TOO GINGER nam\u0173 kvap\u0173 difuzorius, 250ml"},"content":{"rendered":"<p data-start=\"326\" data-end=\"631\"><strong data-start=\"326\" data-end=\"351\">LINEA HOME Too Ginger<\/strong> nam\u0173 kvap\u0173 difuzorius \u2013 tai <strong data-start=\"380\" data-end=\"419\">dr\u0105sus ir netik\u0117tai \u0161iltas aromatas<\/strong>, skirtas tiems, kurie m\u0117gsta i\u0161siskirti.<br data-start=\"460\" data-end=\"463\" \/>Kvapas sujungia <strong data-start=\"479\" data-end=\"504\">a\u0161tr\u0173 imbiero gaivum\u0105<\/strong>, <strong data-start=\"506\" data-end=\"536\">romanti\u0161kos ro\u017e\u0117s \u0161velnum\u0105<\/strong> ir <strong data-start=\"540\" data-end=\"572\">tonka pupeli\u0173 sald\u017ei\u0105 \u0161ilum\u0105<\/strong>, sukuriant unikali\u0105 harmonij\u0105 tarp energijos ir jaukumo.<\/p>\n<p data-start=\"633\" data-end=\"915\">Pirmiausia atsiveria <strong data-start=\"654\" data-end=\"677\">intensyvus imbieras<\/strong>, suteikiantis aromatui \u017evalumo ir gaivumo.<br data-start=\"720\" data-end=\"723\" \/>Vidurin\u0117je natos dalyje <strong data-start=\"747\" data-end=\"755\">ro\u017e\u0117<\/strong> susilieja su imbieru, su\u0161velnindama jo a\u0161trum\u0105 ir pridedama elegancijos.<br data-start=\"828\" data-end=\"831\" \/>Kvap\u0105 u\u017ebaigia <strong data-start=\"846\" data-end=\"863\">tonka pupel\u0117s<\/strong>, suteikdamos sald\u0173, \u0161ilt\u0105 ir ilgaam\u017ei\u0161k\u0105 poskon\u012f.<\/p>\n<p data-start=\"917\" data-end=\"1083\"><strong data-start=\"917\" data-end=\"931\">Too Ginger<\/strong> \u2013 tai aromatas, sukurtas <strong data-start=\"957\" data-end=\"995\">modernioms, k\u016brybingoms asmenyb\u0117ms<\/strong>, kurios vertina netik\u0117tus derinius, dr\u0105s\u0105 ir subtil\u0173 balans\u0105 tarp \u0161ilumos bei gaivos.<\/p>\n<hr data-start=\"1085\" data-end=\"1088\" \/>\n<h3 data-start=\"1090\" data-end=\"1114\"><strong data-start=\"1094\" data-end=\"1112\">Kvap\u0173 sud\u0117tis:<\/strong><\/h3>\n<ul data-start=\"1115\" data-end=\"1237\">\n<li data-start=\"1115\" data-end=\"1160\">\n<p data-start=\"1117\" data-end=\"1160\"><strong data-start=\"1117\" data-end=\"1138\">Vir\u0161utin\u0117s natos:<\/strong> intensyvus imbieras<\/p>\n<\/li>\n<li data-start=\"1161\" data-end=\"1200\">\n<p data-start=\"1163\" data-end=\"1200\"><strong data-start=\"1163\" data-end=\"1183\">Vidurin\u0117s natos:<\/strong> ro\u017e\u0117, imbieras<\/p>\n<\/li>\n<li data-start=\"1201\" data-end=\"1237\">\n<p data-start=\"1203\" data-end=\"1237\"><strong data-start=\"1203\" data-end=\"1221\">Bazin\u0117s natos:<\/strong> tonka pupel\u0117s<\/p>\n<\/li>\n<\/ul>\n<hr data-start=\"1239\" data-end=\"1242\" \/>\n<h3 data-start=\"1244\" data-end=\"1265\"><strong data-start=\"1248\" data-end=\"1263\">Naudojimas:<\/strong><\/h3>\n<p data-start=\"1266\" data-end=\"1526\">Nuimkite buteliuko dangtel\u012f ir \u012fmerkite kvap\u0173 lazdeles \u012f buteliuk\u0105. Kad kvapas sklist\u0173 tolygiai ir i\u0161likt\u0173 ilgiau, <strong data-start=\"1381\" data-end=\"1416\">periodi\u0161kai apverskite lazdeles<\/strong>. Produkt\u0105 laikykite ant stabilaus pavir\u0161iaus, atokiau nuo tiesiogini\u0173 saul\u0117s spinduli\u0173 ar \u0161ilumos \u0161altini\u0173.<\/p>\n<hr data-start=\"1528\" data-end=\"1531\" \/>\n<h3 data-start=\"1533\" data-end=\"1562\"><strong data-start=\"1537\" data-end=\"1560\">Pagaminta Italijoje<\/strong><\/h3>\n<p data-start=\"1563\" data-end=\"1712\">Visi <strong data-start=\"1568\" data-end=\"1582\">LINEA HOME<\/strong> nam\u0173 kvapai \u2013 difuzoriai <strong data-start=\"1608\" data-end=\"1631\">pagaminti Italijoje<\/strong>, u\u017etikrinant <strong data-start=\"1645\" data-end=\"1709\">auk\u0161t\u0105 kokyb\u0119, i\u0161skirtin\u012f aromato balans\u0105 ir prabang\u0173 poj\u016bt\u012f<\/strong>.<\/p>\n","protected":false},"excerpt":{"rendered":"<p><strong data-start=\"113\" data-end=\"138\">LINEA HOME Too Ginger<\/strong> \u2013 i\u0161rai\u0161kingas kvapas su <strong data-start=\"164\" data-end=\"199\">imbiero, ro\u017e\u0117s ir tonka pupeli\u0173<\/strong> natomis. A\u0161trus, bet \u0161iltas aromatas, sukuriantis moderni\u0105, energing\u0105 ir jauki\u0105 atmosfer\u0105.<\/p>\n","protected":false},"featured_media":59955,"template":"","meta":[],"product_brand":[1362],"product_cat":[1140,573],"product_tag":[1608],"class_list":{"0":"post-59954","1":"product","2":"type-product","3":"status-publish","4":"has-post-thumbnail","6":"product_brand-linea-35","7":"product_cat-namu-kvapai","8":"product_cat-namu-kvapai-2","9":"product_tag-linea35","11":"first","12":"instock","13":"sale","14":"taxable","15":"shipping-taxable","16":"purchasable","17":"product-type-simple"},"yoast_head":"<!-- This site is optimized with the Yoast SEO plugin v27.4 - https:\/\/yoast.com\/product\/yoast-seo-wordpress\/ -->\n<title>LINEA HOME TOO GINGER nam\u0173 kvap\u0173 difuzorius, 250ml - MalinaShop.lt J\u016bs\u0173 sveikatai ir gro\u017eiui.<\/title>\n<meta name=\"description\" content=\"LINEA HOME Too Ginger \u2013 itali\u0161kas nam\u0173 kvapas su imbiero, ro\u017e\u0117s ir tonka pupeli\u0173 natomis. A\u0161trus, \u0161iltas ir i\u0161rai\u0161kingas aromatas moderniai erdvei.\" \/>\n<meta name=\"robots\" content=\"index, follow, max-snippet:-1, max-image-preview:large, max-video-preview:-1\" \/>\n<link rel=\"canonical\" href=\"https:\/\/www.malinashop.lt\/en\/shop\/linea-home-too-ginger-namu-kvapu-difuzorius-250ml\/\" \/>\n<meta property=\"og:locale\" content=\"en_GB\" \/>\n<meta property=\"og:type\" content=\"article\" \/>\n<meta property=\"og:title\" content=\"LINEA HOME TOO GINGER nam\u0173 kvap\u0173 difuzorius, 250ml - MalinaShop.lt J\u016bs\u0173 sveikatai ir gro\u017eiui.\" \/>\n<meta property=\"og:description\" content=\"LINEA HOME Too Ginger \u2013 itali\u0161kas nam\u0173 kvapas su imbiero, ro\u017e\u0117s ir tonka pupeli\u0173 natomis. A\u0161trus, \u0161iltas ir i\u0161rai\u0161kingas aromatas moderniai erdvei.\" \/>\n<meta property=\"og:url\" content=\"https:\/\/www.malinashop.lt\/en\/shop\/linea-home-too-ginger-namu-kvapu-difuzorius-250ml\/\" \/>\n<meta property=\"og:site_name\" content=\"MalinaShop.lt J\u016bs\u0173 sveikatai ir gro\u017eiui.\" \/>\n<meta property=\"article:modified_time\" content=\"2026-02-12T09:37:12+00:00\" \/>\n<meta property=\"og:image\" content=\"https:\/\/www.malinashop.lt\/wp-content\/uploads\/2025\/10\/LINEA-HOME-TOO-GINGER-namu-kvapu-difuzorius-250ml.webp\" \/>\n\t<meta property=\"og:image:width\" content=\"990\" \/>\n\t<meta property=\"og:image:height\" content=\"990\" \/>\n\t<meta property=\"og:image:type\" content=\"image\/webp\" \/>\n<meta name=\"twitter:card\" content=\"summary_large_image\" \/>\n<script type=\"application\/ld+json\" class=\"yoast-schema-graph\">{\"@context\":\"https:\\\/\\\/schema.org\",\"@graph\":[{\"@type\":\"WebPage\",\"@id\":\"https:\\\/\\\/www.malinashop.lt\\\/lt_lt\\\/shop\\\/linea-home-too-ginger-namu-kvapu-difuzorius-250ml\\\/\",\"url\":\"https:\\\/\\\/www.malinashop.lt\\\/lt_lt\\\/shop\\\/linea-home-too-ginger-namu-kvapu-difuzorius-250ml\\\/\",\"name\":\"LINEA HOME TOO GINGER nam\u0173 kvap\u0173 difuzorius, 250ml - MalinaShop.lt J\u016bs\u0173 sveikatai ir gro\u017eiui.\",\"isPartOf\":{\"@id\":\"https:\\\/\\\/www.malinashop.lt\\\/#website\"},\"primaryImageOfPage\":{\"@id\":\"https:\\\/\\\/www.malinashop.lt\\\/lt_lt\\\/shop\\\/linea-home-too-ginger-namu-kvapu-difuzorius-250ml\\\/#primaryimage\"},\"image\":{\"@id\":\"https:\\\/\\\/www.malinashop.lt\\\/lt_lt\\\/shop\\\/linea-home-too-ginger-namu-kvapu-difuzorius-250ml\\\/#primaryimage\"},\"thumbnailUrl\":\"https:\\\/\\\/www.malinashop.lt\\\/wp-content\\\/uploads\\\/2025\\\/10\\\/LINEA-HOME-TOO-GINGER-namu-kvapu-difuzorius-250ml.webp\",\"datePublished\":\"2025-10-29T13:40:08+00:00\",\"dateModified\":\"2026-02-12T09:37:12+00:00\",\"description\":\"LINEA HOME Too Ginger \u2013 itali\u0161kas nam\u0173 kvapas su imbiero, ro\u017e\u0117s ir tonka pupeli\u0173 natomis. A\u0161trus, \u0161iltas ir i\u0161rai\u0161kingas aromatas moderniai erdvei.\",\"breadcrumb\":{\"@id\":\"https:\\\/\\\/www.malinashop.lt\\\/lt_lt\\\/shop\\\/linea-home-too-ginger-namu-kvapu-difuzorius-250ml\\\/#breadcrumb\"},\"inLanguage\":\"en-GB\",\"potentialAction\":[{\"@type\":\"ReadAction\",\"target\":[\"https:\\\/\\\/www.malinashop.lt\\\/lt_lt\\\/shop\\\/linea-home-too-ginger-namu-kvapu-difuzorius-250ml\\\/\"]}]},{\"@type\":\"ImageObject\",\"inLanguage\":\"en-GB\",\"@id\":\"https:\\\/\\\/www.malinashop.lt\\\/lt_lt\\\/shop\\\/linea-home-too-ginger-namu-kvapu-difuzorius-250ml\\\/#primaryimage\",\"url\":\"https:\\\/\\\/www.malinashop.lt\\\/wp-content\\\/uploads\\\/2025\\\/10\\\/LINEA-HOME-TOO-GINGER-namu-kvapu-difuzorius-250ml.webp\",\"contentUrl\":\"https:\\\/\\\/www.malinashop.lt\\\/wp-content\\\/uploads\\\/2025\\\/10\\\/LINEA-HOME-TOO-GINGER-namu-kvapu-difuzorius-250ml.webp\",\"width\":990,\"height\":990},{\"@type\":\"BreadcrumbList\",\"@id\":\"https:\\\/\\\/www.malinashop.lt\\\/lt_lt\\\/shop\\\/linea-home-too-ginger-namu-kvapu-difuzorius-250ml\\\/#breadcrumb\",\"itemListElement\":[{\"@type\":\"ListItem\",\"position\":1,\"name\":\"Pagrindinis\",\"item\":\"https:\\\/\\\/www.malinashop.lt\\\/\"},{\"@type\":\"ListItem\",\"position\":2,\"name\":\"Parduotuv\u0117\",\"item\":\"https:\\\/\\\/www.malinashop.lt\\\/en\\\/parduotuve\\\/\"},{\"@type\":\"ListItem\",\"position\":3,\"name\":\"LINEA HOME TOO GINGER nam\u0173 kvap\u0173 difuzorius, 250ml\"}]},{\"@type\":\"WebSite\",\"@id\":\"https:\\\/\\\/www.malinashop.lt\\\/#website\",\"url\":\"https:\\\/\\\/www.malinashop.lt\\\/\",\"name\":\"COM Group Ecommerce\",\"description\":\"MalinaShop.lt - Gro\u017eio ir sveikatos produktai i\u0161 patikim\u0173 preki\u0173 \u017eenkl\u0173. Atraskite auk\u0161tos kokyb\u0117s kosmetik\u0105 u\u017e puiki\u0105 kain\u0105.\",\"publisher\":{\"@id\":\"https:\\\/\\\/www.malinashop.lt\\\/#organization\"},\"potentialAction\":[{\"@type\":\"SearchAction\",\"target\":{\"@type\":\"EntryPoint\",\"urlTemplate\":\"https:\\\/\\\/www.malinashop.lt\\\/?s={search_term_string}\"},\"query-input\":{\"@type\":\"PropertyValueSpecification\",\"valueRequired\":true,\"valueName\":\"search_term_string\"}}],\"inLanguage\":\"en-GB\"},{\"@type\":\"Organization\",\"@id\":\"https:\\\/\\\/www.malinashop.lt\\\/#organization\",\"name\":\"COM Group Ecommerce\",\"url\":\"https:\\\/\\\/www.malinashop.lt\\\/\",\"logo\":{\"@type\":\"ImageObject\",\"inLanguage\":\"en-GB\",\"@id\":\"https:\\\/\\\/www.malinashop.lt\\\/#\\\/schema\\\/logo\\\/image\\\/\",\"url\":\"https:\\\/\\\/www.malinashop.lt\\\/wp-content\\\/uploads\\\/2024\\\/08\\\/462559670_3787732518133670_9795632669273463_n-e1731525914575.png\",\"contentUrl\":\"https:\\\/\\\/www.malinashop.lt\\\/wp-content\\\/uploads\\\/2024\\\/08\\\/462559670_3787732518133670_9795632669273463_n-e1731525914575.png\",\"width\":180,\"height\":60,\"caption\":\"COM Group Ecommerce\"},\"image\":{\"@id\":\"https:\\\/\\\/www.malinashop.lt\\\/#\\\/schema\\\/logo\\\/image\\\/\"}}]}<\/script>\n<!-- \/ Yoast SEO plugin. -->","yoast_head_json":{"title":"LINEA HOME TOO GINGER nam\u0173 kvap\u0173 difuzorius, 250ml - MalinaShop.lt J\u016bs\u0173 sveikatai ir gro\u017eiui.","description":"LINEA HOME Too Ginger \u2013 itali\u0161kas nam\u0173 kvapas su imbiero, ro\u017e\u0117s ir tonka pupeli\u0173 natomis. A\u0161trus, \u0161iltas ir i\u0161rai\u0161kingas aromatas moderniai erdvei.","robots":{"index":"index","follow":"follow","max-snippet":"max-snippet:-1","max-image-preview":"max-image-preview:large","max-video-preview":"max-video-preview:-1"},"canonical":"https:\/\/www.malinashop.lt\/en\/shop\/linea-home-too-ginger-namu-kvapu-difuzorius-250ml\/","og_locale":"en_GB","og_type":"article","og_title":"LINEA HOME TOO GINGER nam\u0173 kvap\u0173 difuzorius, 250ml - MalinaShop.lt J\u016bs\u0173 sveikatai ir gro\u017eiui.","og_description":"LINEA HOME Too Ginger \u2013 itali\u0161kas nam\u0173 kvapas su imbiero, ro\u017e\u0117s ir tonka pupeli\u0173 natomis. A\u0161trus, \u0161iltas ir i\u0161rai\u0161kingas aromatas moderniai erdvei.","og_url":"https:\/\/www.malinashop.lt\/en\/shop\/linea-home-too-ginger-namu-kvapu-difuzorius-250ml\/","og_site_name":"MalinaShop.lt J\u016bs\u0173 sveikatai ir gro\u017eiui.","article_modified_time":"2026-02-12T09:37:12+00:00","og_image":[{"width":990,"height":990,"url":"https:\/\/www.malinashop.lt\/wp-content\/uploads\/2025\/10\/LINEA-HOME-TOO-GINGER-namu-kvapu-difuzorius-250ml.webp","type":"image\/webp"}],"twitter_card":"summary_large_image","schema":{"@context":"https:\/\/schema.org","@graph":[{"@type":"WebPage","@id":"https:\/\/www.malinashop.lt\/lt_lt\/shop\/linea-home-too-ginger-namu-kvapu-difuzorius-250ml\/","url":"https:\/\/www.malinashop.lt\/lt_lt\/shop\/linea-home-too-ginger-namu-kvapu-difuzorius-250ml\/","name":"LINEA HOME TOO GINGER nam\u0173 kvap\u0173 difuzorius, 250ml - MalinaShop.lt J\u016bs\u0173 sveikatai ir gro\u017eiui.","isPartOf":{"@id":"https:\/\/www.malinashop.lt\/#website"},"primaryImageOfPage":{"@id":"https:\/\/www.malinashop.lt\/lt_lt\/shop\/linea-home-too-ginger-namu-kvapu-difuzorius-250ml\/#primaryimage"},"image":{"@id":"https:\/\/www.malinashop.lt\/lt_lt\/shop\/linea-home-too-ginger-namu-kvapu-difuzorius-250ml\/#primaryimage"},"thumbnailUrl":"https:\/\/www.malinashop.lt\/wp-content\/uploads\/2025\/10\/LINEA-HOME-TOO-GINGER-namu-kvapu-difuzorius-250ml.webp","datePublished":"2025-10-29T13:40:08+00:00","dateModified":"2026-02-12T09:37:12+00:00","description":"LINEA HOME Too Ginger \u2013 itali\u0161kas nam\u0173 kvapas su imbiero, ro\u017e\u0117s ir tonka pupeli\u0173 natomis. A\u0161trus, \u0161iltas ir i\u0161rai\u0161kingas aromatas moderniai erdvei.","breadcrumb":{"@id":"https:\/\/www.malinashop.lt\/lt_lt\/shop\/linea-home-too-ginger-namu-kvapu-difuzorius-250ml\/#breadcrumb"},"inLanguage":"en-GB","potentialAction":[{"@type":"ReadAction","target":["https:\/\/www.malinashop.lt\/lt_lt\/shop\/linea-home-too-ginger-namu-kvapu-difuzorius-250ml\/"]}]},{"@type":"ImageObject","inLanguage":"en-GB","@id":"https:\/\/www.malinashop.lt\/lt_lt\/shop\/linea-home-too-ginger-namu-kvapu-difuzorius-250ml\/#primaryimage","url":"https:\/\/www.malinashop.lt\/wp-content\/uploads\/2025\/10\/LINEA-HOME-TOO-GINGER-namu-kvapu-difuzorius-250ml.webp","contentUrl":"https:\/\/www.malinashop.lt\/wp-content\/uploads\/2025\/10\/LINEA-HOME-TOO-GINGER-namu-kvapu-difuzorius-250ml.webp","width":990,"height":990},{"@type":"BreadcrumbList","@id":"https:\/\/www.malinashop.lt\/lt_lt\/shop\/linea-home-too-ginger-namu-kvapu-difuzorius-250ml\/#breadcrumb","itemListElement":[{"@type":"ListItem","position":1,"name":"Pagrindinis","item":"https:\/\/www.malinashop.lt\/"},{"@type":"ListItem","position":2,"name":"Parduotuv\u0117","item":"https:\/\/www.malinashop.lt\/en\/parduotuve\/"},{"@type":"ListItem","position":3,"name":"LINEA HOME TOO GINGER nam\u0173 kvap\u0173 difuzorius, 250ml"}]},{"@type":"WebSite","@id":"https:\/\/www.malinashop.lt\/#website","url":"https:\/\/www.malinashop.lt\/","name":"COM Group Ecommerce","description":"MalinaShop.lt - Gro\u017eio ir sveikatos produktai i\u0161 patikim\u0173 preki\u0173 \u017eenkl\u0173. Atraskite auk\u0161tos kokyb\u0117s kosmetik\u0105 u\u017e puiki\u0105 kain\u0105.","publisher":{"@id":"https:\/\/www.malinashop.lt\/#organization"},"potentialAction":[{"@type":"SearchAction","target":{"@type":"EntryPoint","urlTemplate":"https:\/\/www.malinashop.lt\/?s={search_term_string}"},"query-input":{"@type":"PropertyValueSpecification","valueRequired":true,"valueName":"search_term_string"}}],"inLanguage":"en-GB"},{"@type":"Organization","@id":"https:\/\/www.malinashop.lt\/#organization","name":"COM Group Ecommerce","url":"https:\/\/www.malinashop.lt\/","logo":{"@type":"ImageObject","inLanguage":"en-GB","@id":"https:\/\/www.malinashop.lt\/#\/schema\/logo\/image\/","url":"https:\/\/www.malinashop.lt\/wp-content\/uploads\/2024\/08\/462559670_3787732518133670_9795632669273463_n-e1731525914575.png","contentUrl":"https:\/\/www.malinashop.lt\/wp-content\/uploads\/2024\/08\/462559670_3787732518133670_9795632669273463_n-e1731525914575.png","width":180,"height":60,"caption":"COM Group Ecommerce"},"image":{"@id":"https:\/\/www.malinashop.lt\/#\/schema\/logo\/image\/"}}]}},"jetpack_sharing_enabled":true,"_links":{"self":[{"href":"https:\/\/www.malinashop.lt\/en\/wp-json\/wp\/v2\/product\/59954","targetHints":{"allow":["GET"]}}],"collection":[{"href":"https:\/\/www.malinashop.lt\/en\/wp-json\/wp\/v2\/product"}],"about":[{"href":"https:\/\/www.malinashop.lt\/en\/wp-json\/wp\/v2\/types\/product"}],"version-history":[{"count":1,"href":"https:\/\/www.malinashop.lt\/en\/wp-json\/wp\/v2\/product\/59954\/revisions"}],"predecessor-version":[{"id":59956,"href":"https:\/\/www.malinashop.lt\/en\/wp-json\/wp\/v2\/product\/59954\/revisions\/59956"}],"wp:featuredmedia":[{"embeddable":true,"href":"https:\/\/www.malinashop.lt\/en\/wp-json\/wp\/v2\/media\/59955"}],"wp:attachment":[{"href":"https:\/\/www.malinashop.lt\/en\/wp-json\/wp\/v2\/media?parent=59954"}],"wp:term":[{"taxonomy":"product_brand","embeddable":true,"href":"https:\/\/www.malinashop.lt\/en\/wp-json\/wp\/v2\/product_brand?post=59954"},{"taxonomy":"product_cat","embeddable":true,"href":"https:\/\/www.malinashop.lt\/en\/wp-json\/wp\/v2\/product_cat?post=59954"},{"taxonomy":"product_tag","embeddable":true,"href":"https:\/\/www.malinashop.lt\/en\/wp-json\/wp\/v2\/product_tag?post=59954"}],"curies":[{"name":"wp","href":"https:\/\/api.w.org\/{rel}","templated":true}]}}