{"id":59948,"date":"2025-10-20T16:32:32","date_gmt":"2025-10-20T13:32:32","guid":{"rendered":"https:\/\/malinashop.lt\/?post_type=product&#038;p=59948"},"modified":"2026-02-12T12:37:16","modified_gmt":"2026-02-12T09:37:16","slug":"linea-home-luxury-woods-namu-kvapu-difuzorius-250ml","status":"publish","type":"product","link":"https:\/\/www.malinashop.lt\/en\/shop\/linea-home-luxury-woods-namu-kvapu-difuzorius-250ml\/","title":{"rendered":"LINEA HOME LUXURY WOODS nam\u0173 kvap\u0173 difuzorius, 250ml"},"content":{"rendered":"<p data-start=\"345\" data-end=\"566\"><strong data-start=\"345\" data-end=\"372\">LINEA HOME Luxury Woods<\/strong> nam\u0173 kvap\u0173 difuzorius \u2013 tai <strong data-start=\"401\" data-end=\"436\">prabangos ir nat\u016bralumo sintez\u0117<\/strong>, \u012fk\u016bnijanti mi\u0161ko ramyb\u0119 ir rafinuot\u0105 elegancij\u0105. Kvapas tarsi \u0161velni medienos dulksna pripildo erdv\u0119 jaukumu, \u0161vara ir \u0161iluma.<\/p>\n<p data-start=\"568\" data-end=\"883\">Vir\u0161utin\u0117je natos dalyje juntama <strong data-start=\"601\" data-end=\"614\">bergamot\u0117<\/strong> suteikia gaivos ir subtilaus \u0161vyt\u0117jimo.<br data-start=\"654\" data-end=\"657\" \/>Kvapo \u0161irdyje atsiskleid\u017eia <strong data-start=\"685\" data-end=\"697\">pa\u010diulis<\/strong>, pridedantis \u017eemi\u0161ko gilumo ir aromato i\u0161skirtinumo.<br data-start=\"750\" data-end=\"753\" \/>Kompozicij\u0105 u\u017ebaigia <strong data-start=\"774\" data-end=\"796\">aksominis gintaras<\/strong>, kuris sukuria \u0161ilt\u0105, apgaubiant\u012f prabangos poj\u016bt\u012f, \u012fne\u0161damas harmonijos ir ramyb\u0117s.<\/p>\n<p data-start=\"885\" data-end=\"1019\"><strong data-start=\"885\" data-end=\"901\">Luxury Woods<\/strong> \u2013 tai kvapas, sukurtas tiems, kurie vertina <strong data-start=\"946\" data-end=\"1016\">klasikin\u0119 elegancij\u0105, nat\u016bralius tonus ir ilgalaik\u012f jaukumo poj\u016bt\u012f<\/strong>.<\/p>\n<hr data-start=\"1021\" data-end=\"1024\" \/>\n<h3 data-start=\"1026\" data-end=\"1050\"><strong data-start=\"1030\" data-end=\"1048\">Kvap\u0173 sud\u0117tis:<\/strong><\/h3>\n<ul data-start=\"1051\" data-end=\"1162\">\n<li data-start=\"1051\" data-end=\"1086\">\n<p data-start=\"1053\" data-end=\"1086\"><strong data-start=\"1053\" data-end=\"1074\">Vir\u0161utin\u0117s natos:<\/strong> bergamot\u0117<\/p>\n<\/li>\n<li data-start=\"1087\" data-end=\"1120\">\n<p data-start=\"1089\" data-end=\"1120\"><strong data-start=\"1089\" data-end=\"1109\">Vidurin\u0117s natos:<\/strong> pa\u010diulis<\/p>\n<\/li>\n<li data-start=\"1121\" data-end=\"1162\">\n<p data-start=\"1123\" data-end=\"1162\"><strong data-start=\"1123\" data-end=\"1141\">Bazin\u0117s natos:<\/strong> aksominis gintaras<\/p>\n<\/li>\n<\/ul>\n<hr data-start=\"1164\" data-end=\"1167\" \/>\n<h3 data-start=\"1169\" data-end=\"1190\"><strong data-start=\"1173\" data-end=\"1188\">Naudojimas:<\/strong><\/h3>\n<p data-start=\"1191\" data-end=\"1440\">Nuimkite buteliuko dangtel\u012f ir \u012fmerkite kvap\u0173 lazdeles \u012f buteliuk\u0105. Norint i\u0161laikyti kvapo intensyvum\u0105, <strong data-start=\"1295\" data-end=\"1330\">periodi\u0161kai apverskite lazdeles<\/strong>. Produkt\u0105 laikykite ant stabilaus pavir\u0161iaus, atokiau nuo tiesiogini\u0173 saul\u0117s spinduli\u0173 ar \u0161ilumos \u0161altini\u0173.<\/p>\n<hr data-start=\"1442\" data-end=\"1445\" \/>\n<h3 data-start=\"1447\" data-end=\"1476\"><strong data-start=\"1451\" data-end=\"1474\">Pagaminta Italijoje<\/strong><\/h3>\n<p data-start=\"1477\" data-end=\"1613\">Visi <strong data-start=\"1482\" data-end=\"1496\">LINEA HOME<\/strong> nam\u0173 kvapai \u2013 difuzoriai <strong data-start=\"1522\" data-end=\"1545\">pagaminti Italijoje<\/strong>, u\u017etikrinant <strong data-start=\"1559\" data-end=\"1610\">auk\u0161\u010diausi\u0105 kokyb\u0119, ilgaam\u017ei\u0161kum\u0105 ir elegancij\u0105<\/strong>.<\/p>\n","protected":false},"excerpt":{"rendered":"<p data-start=\"115\" data-end=\"311\"><strong data-start=\"115\" data-end=\"142\">LINEA HOME Luxury Woods<\/strong> \u2013 prabangus, subtilus ir nat\u016bralus aromatas su <strong data-start=\"190\" data-end=\"235\">bergamot\u0117s, pa\u010diulio ir aksominio gintaro<\/strong> natomis. Sukuria eleganti\u0161k\u0105, \u0161ilt\u0105 ir raminan\u010di\u0105 atmosfer\u0105 j\u016bs\u0173 namuose.<\/p>\n","protected":false},"featured_media":59949,"template":"","meta":[],"product_brand":[1362],"product_cat":[1140,573],"product_tag":[1608],"class_list":{"0":"post-59948","1":"product","2":"type-product","3":"status-publish","4":"has-post-thumbnail","6":"product_brand-linea-35","7":"product_cat-namu-kvapai","8":"product_cat-namu-kvapai-2","9":"product_tag-linea35","11":"first","12":"instock","13":"sale","14":"taxable","15":"shipping-taxable","16":"purchasable","17":"product-type-simple"},"yoast_head":"<!-- This site is optimized with the Yoast SEO plugin v27.4 - https:\/\/yoast.com\/product\/yoast-seo-wordpress\/ -->\n<title>LINEA HOME LUXURY WOODS nam\u0173 kvap\u0173 difuzorius, 250ml - MalinaShop.lt J\u016bs\u0173 sveikatai ir gro\u017eiui.<\/title>\n<meta name=\"description\" content=\"LINEA HOME Luxury Woods \u2013 itali\u0161kas nam\u0173 kvapas su bergamot\u0117s, pa\u010diulio ir gintaro natomis. Prabangus, raminantis ir \u0161ilumos kupinas aromatas namams.\" \/>\n<meta name=\"robots\" content=\"index, follow, max-snippet:-1, max-image-preview:large, max-video-preview:-1\" \/>\n<link rel=\"canonical\" href=\"https:\/\/www.malinashop.lt\/en\/shop\/linea-home-luxury-woods-namu-kvapu-difuzorius-250ml\/\" \/>\n<meta property=\"og:locale\" content=\"en_GB\" \/>\n<meta property=\"og:type\" content=\"article\" \/>\n<meta property=\"og:title\" content=\"LINEA HOME LUXURY WOODS nam\u0173 kvap\u0173 difuzorius, 250ml - MalinaShop.lt J\u016bs\u0173 sveikatai ir gro\u017eiui.\" \/>\n<meta property=\"og:description\" content=\"LINEA HOME Luxury Woods \u2013 itali\u0161kas nam\u0173 kvapas su bergamot\u0117s, pa\u010diulio ir gintaro natomis. Prabangus, raminantis ir \u0161ilumos kupinas aromatas namams.\" \/>\n<meta property=\"og:url\" content=\"https:\/\/www.malinashop.lt\/en\/shop\/linea-home-luxury-woods-namu-kvapu-difuzorius-250ml\/\" \/>\n<meta property=\"og:site_name\" content=\"MalinaShop.lt J\u016bs\u0173 sveikatai ir gro\u017eiui.\" \/>\n<meta property=\"article:modified_time\" content=\"2026-02-12T09:37:16+00:00\" \/>\n<meta property=\"og:image\" content=\"https:\/\/www.malinashop.lt\/wp-content\/uploads\/2025\/10\/LINEA-HOME-LUXURY-WOODS-namu-kvapu-difuzorius-250ml.webp\" \/>\n\t<meta property=\"og:image:width\" content=\"990\" \/>\n\t<meta property=\"og:image:height\" content=\"990\" \/>\n\t<meta property=\"og:image:type\" content=\"image\/webp\" \/>\n<meta name=\"twitter:card\" content=\"summary_large_image\" \/>\n<script type=\"application\/ld+json\" class=\"yoast-schema-graph\">{\"@context\":\"https:\\\/\\\/schema.org\",\"@graph\":[{\"@type\":\"WebPage\",\"@id\":\"https:\\\/\\\/www.malinashop.lt\\\/lt_lt\\\/shop\\\/linea-home-luxury-woods-namu-kvapu-difuzorius-250ml\\\/\",\"url\":\"https:\\\/\\\/www.malinashop.lt\\\/lt_lt\\\/shop\\\/linea-home-luxury-woods-namu-kvapu-difuzorius-250ml\\\/\",\"name\":\"LINEA HOME LUXURY WOODS nam\u0173 kvap\u0173 difuzorius, 250ml - MalinaShop.lt J\u016bs\u0173 sveikatai ir gro\u017eiui.\",\"isPartOf\":{\"@id\":\"https:\\\/\\\/www.malinashop.lt\\\/#website\"},\"primaryImageOfPage\":{\"@id\":\"https:\\\/\\\/www.malinashop.lt\\\/lt_lt\\\/shop\\\/linea-home-luxury-woods-namu-kvapu-difuzorius-250ml\\\/#primaryimage\"},\"image\":{\"@id\":\"https:\\\/\\\/www.malinashop.lt\\\/lt_lt\\\/shop\\\/linea-home-luxury-woods-namu-kvapu-difuzorius-250ml\\\/#primaryimage\"},\"thumbnailUrl\":\"https:\\\/\\\/www.malinashop.lt\\\/wp-content\\\/uploads\\\/2025\\\/10\\\/LINEA-HOME-LUXURY-WOODS-namu-kvapu-difuzorius-250ml.webp\",\"datePublished\":\"2025-10-20T13:32:32+00:00\",\"dateModified\":\"2026-02-12T09:37:16+00:00\",\"description\":\"LINEA HOME Luxury Woods \u2013 itali\u0161kas nam\u0173 kvapas su bergamot\u0117s, pa\u010diulio ir gintaro natomis. Prabangus, raminantis ir \u0161ilumos kupinas aromatas namams.\",\"breadcrumb\":{\"@id\":\"https:\\\/\\\/www.malinashop.lt\\\/lt_lt\\\/shop\\\/linea-home-luxury-woods-namu-kvapu-difuzorius-250ml\\\/#breadcrumb\"},\"inLanguage\":\"en-GB\",\"potentialAction\":[{\"@type\":\"ReadAction\",\"target\":[\"https:\\\/\\\/www.malinashop.lt\\\/lt_lt\\\/shop\\\/linea-home-luxury-woods-namu-kvapu-difuzorius-250ml\\\/\"]}]},{\"@type\":\"ImageObject\",\"inLanguage\":\"en-GB\",\"@id\":\"https:\\\/\\\/www.malinashop.lt\\\/lt_lt\\\/shop\\\/linea-home-luxury-woods-namu-kvapu-difuzorius-250ml\\\/#primaryimage\",\"url\":\"https:\\\/\\\/www.malinashop.lt\\\/wp-content\\\/uploads\\\/2025\\\/10\\\/LINEA-HOME-LUXURY-WOODS-namu-kvapu-difuzorius-250ml.webp\",\"contentUrl\":\"https:\\\/\\\/www.malinashop.lt\\\/wp-content\\\/uploads\\\/2025\\\/10\\\/LINEA-HOME-LUXURY-WOODS-namu-kvapu-difuzorius-250ml.webp\",\"width\":990,\"height\":990},{\"@type\":\"BreadcrumbList\",\"@id\":\"https:\\\/\\\/www.malinashop.lt\\\/lt_lt\\\/shop\\\/linea-home-luxury-woods-namu-kvapu-difuzorius-250ml\\\/#breadcrumb\",\"itemListElement\":[{\"@type\":\"ListItem\",\"position\":1,\"name\":\"Pagrindinis\",\"item\":\"https:\\\/\\\/www.malinashop.lt\\\/\"},{\"@type\":\"ListItem\",\"position\":2,\"name\":\"Parduotuv\u0117\",\"item\":\"https:\\\/\\\/www.malinashop.lt\\\/en\\\/parduotuve\\\/\"},{\"@type\":\"ListItem\",\"position\":3,\"name\":\"LINEA HOME LUXURY WOODS nam\u0173 kvap\u0173 difuzorius, 250ml\"}]},{\"@type\":\"WebSite\",\"@id\":\"https:\\\/\\\/www.malinashop.lt\\\/#website\",\"url\":\"https:\\\/\\\/www.malinashop.lt\\\/\",\"name\":\"COM Group Ecommerce\",\"description\":\"MalinaShop.lt - Gro\u017eio ir sveikatos produktai i\u0161 patikim\u0173 preki\u0173 \u017eenkl\u0173. Atraskite auk\u0161tos kokyb\u0117s kosmetik\u0105 u\u017e puiki\u0105 kain\u0105.\",\"publisher\":{\"@id\":\"https:\\\/\\\/www.malinashop.lt\\\/#organization\"},\"potentialAction\":[{\"@type\":\"SearchAction\",\"target\":{\"@type\":\"EntryPoint\",\"urlTemplate\":\"https:\\\/\\\/www.malinashop.lt\\\/?s={search_term_string}\"},\"query-input\":{\"@type\":\"PropertyValueSpecification\",\"valueRequired\":true,\"valueName\":\"search_term_string\"}}],\"inLanguage\":\"en-GB\"},{\"@type\":\"Organization\",\"@id\":\"https:\\\/\\\/www.malinashop.lt\\\/#organization\",\"name\":\"COM Group Ecommerce\",\"url\":\"https:\\\/\\\/www.malinashop.lt\\\/\",\"logo\":{\"@type\":\"ImageObject\",\"inLanguage\":\"en-GB\",\"@id\":\"https:\\\/\\\/www.malinashop.lt\\\/#\\\/schema\\\/logo\\\/image\\\/\",\"url\":\"https:\\\/\\\/www.malinashop.lt\\\/wp-content\\\/uploads\\\/2024\\\/08\\\/462559670_3787732518133670_9795632669273463_n-e1731525914575.png\",\"contentUrl\":\"https:\\\/\\\/www.malinashop.lt\\\/wp-content\\\/uploads\\\/2024\\\/08\\\/462559670_3787732518133670_9795632669273463_n-e1731525914575.png\",\"width\":180,\"height\":60,\"caption\":\"COM Group Ecommerce\"},\"image\":{\"@id\":\"https:\\\/\\\/www.malinashop.lt\\\/#\\\/schema\\\/logo\\\/image\\\/\"}}]}<\/script>\n<!-- \/ Yoast SEO plugin. -->","yoast_head_json":{"title":"LINEA HOME LUXURY WOODS nam\u0173 kvap\u0173 difuzorius, 250ml - MalinaShop.lt J\u016bs\u0173 sveikatai ir gro\u017eiui.","description":"LINEA HOME Luxury Woods \u2013 itali\u0161kas nam\u0173 kvapas su bergamot\u0117s, pa\u010diulio ir gintaro natomis. Prabangus, raminantis ir \u0161ilumos kupinas aromatas namams.","robots":{"index":"index","follow":"follow","max-snippet":"max-snippet:-1","max-image-preview":"max-image-preview:large","max-video-preview":"max-video-preview:-1"},"canonical":"https:\/\/www.malinashop.lt\/en\/shop\/linea-home-luxury-woods-namu-kvapu-difuzorius-250ml\/","og_locale":"en_GB","og_type":"article","og_title":"LINEA HOME LUXURY WOODS nam\u0173 kvap\u0173 difuzorius, 250ml - MalinaShop.lt J\u016bs\u0173 sveikatai ir gro\u017eiui.","og_description":"LINEA HOME Luxury Woods \u2013 itali\u0161kas nam\u0173 kvapas su bergamot\u0117s, pa\u010diulio ir gintaro natomis. Prabangus, raminantis ir \u0161ilumos kupinas aromatas namams.","og_url":"https:\/\/www.malinashop.lt\/en\/shop\/linea-home-luxury-woods-namu-kvapu-difuzorius-250ml\/","og_site_name":"MalinaShop.lt J\u016bs\u0173 sveikatai ir gro\u017eiui.","article_modified_time":"2026-02-12T09:37:16+00:00","og_image":[{"width":990,"height":990,"url":"https:\/\/www.malinashop.lt\/wp-content\/uploads\/2025\/10\/LINEA-HOME-LUXURY-WOODS-namu-kvapu-difuzorius-250ml.webp","type":"image\/webp"}],"twitter_card":"summary_large_image","schema":{"@context":"https:\/\/schema.org","@graph":[{"@type":"WebPage","@id":"https:\/\/www.malinashop.lt\/lt_lt\/shop\/linea-home-luxury-woods-namu-kvapu-difuzorius-250ml\/","url":"https:\/\/www.malinashop.lt\/lt_lt\/shop\/linea-home-luxury-woods-namu-kvapu-difuzorius-250ml\/","name":"LINEA HOME LUXURY WOODS nam\u0173 kvap\u0173 difuzorius, 250ml - MalinaShop.lt J\u016bs\u0173 sveikatai ir gro\u017eiui.","isPartOf":{"@id":"https:\/\/www.malinashop.lt\/#website"},"primaryImageOfPage":{"@id":"https:\/\/www.malinashop.lt\/lt_lt\/shop\/linea-home-luxury-woods-namu-kvapu-difuzorius-250ml\/#primaryimage"},"image":{"@id":"https:\/\/www.malinashop.lt\/lt_lt\/shop\/linea-home-luxury-woods-namu-kvapu-difuzorius-250ml\/#primaryimage"},"thumbnailUrl":"https:\/\/www.malinashop.lt\/wp-content\/uploads\/2025\/10\/LINEA-HOME-LUXURY-WOODS-namu-kvapu-difuzorius-250ml.webp","datePublished":"2025-10-20T13:32:32+00:00","dateModified":"2026-02-12T09:37:16+00:00","description":"LINEA HOME Luxury Woods \u2013 itali\u0161kas nam\u0173 kvapas su bergamot\u0117s, pa\u010diulio ir gintaro natomis. Prabangus, raminantis ir \u0161ilumos kupinas aromatas namams.","breadcrumb":{"@id":"https:\/\/www.malinashop.lt\/lt_lt\/shop\/linea-home-luxury-woods-namu-kvapu-difuzorius-250ml\/#breadcrumb"},"inLanguage":"en-GB","potentialAction":[{"@type":"ReadAction","target":["https:\/\/www.malinashop.lt\/lt_lt\/shop\/linea-home-luxury-woods-namu-kvapu-difuzorius-250ml\/"]}]},{"@type":"ImageObject","inLanguage":"en-GB","@id":"https:\/\/www.malinashop.lt\/lt_lt\/shop\/linea-home-luxury-woods-namu-kvapu-difuzorius-250ml\/#primaryimage","url":"https:\/\/www.malinashop.lt\/wp-content\/uploads\/2025\/10\/LINEA-HOME-LUXURY-WOODS-namu-kvapu-difuzorius-250ml.webp","contentUrl":"https:\/\/www.malinashop.lt\/wp-content\/uploads\/2025\/10\/LINEA-HOME-LUXURY-WOODS-namu-kvapu-difuzorius-250ml.webp","width":990,"height":990},{"@type":"BreadcrumbList","@id":"https:\/\/www.malinashop.lt\/lt_lt\/shop\/linea-home-luxury-woods-namu-kvapu-difuzorius-250ml\/#breadcrumb","itemListElement":[{"@type":"ListItem","position":1,"name":"Pagrindinis","item":"https:\/\/www.malinashop.lt\/"},{"@type":"ListItem","position":2,"name":"Parduotuv\u0117","item":"https:\/\/www.malinashop.lt\/en\/parduotuve\/"},{"@type":"ListItem","position":3,"name":"LINEA HOME LUXURY WOODS nam\u0173 kvap\u0173 difuzorius, 250ml"}]},{"@type":"WebSite","@id":"https:\/\/www.malinashop.lt\/#website","url":"https:\/\/www.malinashop.lt\/","name":"COM Group Ecommerce","description":"MalinaShop.lt - Gro\u017eio ir sveikatos produktai i\u0161 patikim\u0173 preki\u0173 \u017eenkl\u0173. Atraskite auk\u0161tos kokyb\u0117s kosmetik\u0105 u\u017e puiki\u0105 kain\u0105.","publisher":{"@id":"https:\/\/www.malinashop.lt\/#organization"},"potentialAction":[{"@type":"SearchAction","target":{"@type":"EntryPoint","urlTemplate":"https:\/\/www.malinashop.lt\/?s={search_term_string}"},"query-input":{"@type":"PropertyValueSpecification","valueRequired":true,"valueName":"search_term_string"}}],"inLanguage":"en-GB"},{"@type":"Organization","@id":"https:\/\/www.malinashop.lt\/#organization","name":"COM Group Ecommerce","url":"https:\/\/www.malinashop.lt\/","logo":{"@type":"ImageObject","inLanguage":"en-GB","@id":"https:\/\/www.malinashop.lt\/#\/schema\/logo\/image\/","url":"https:\/\/www.malinashop.lt\/wp-content\/uploads\/2024\/08\/462559670_3787732518133670_9795632669273463_n-e1731525914575.png","contentUrl":"https:\/\/www.malinashop.lt\/wp-content\/uploads\/2024\/08\/462559670_3787732518133670_9795632669273463_n-e1731525914575.png","width":180,"height":60,"caption":"COM Group Ecommerce"},"image":{"@id":"https:\/\/www.malinashop.lt\/#\/schema\/logo\/image\/"}}]}},"jetpack_sharing_enabled":true,"_links":{"self":[{"href":"https:\/\/www.malinashop.lt\/en\/wp-json\/wp\/v2\/product\/59948","targetHints":{"allow":["GET"]}}],"collection":[{"href":"https:\/\/www.malinashop.lt\/en\/wp-json\/wp\/v2\/product"}],"about":[{"href":"https:\/\/www.malinashop.lt\/en\/wp-json\/wp\/v2\/types\/product"}],"version-history":[{"count":1,"href":"https:\/\/www.malinashop.lt\/en\/wp-json\/wp\/v2\/product\/59948\/revisions"}],"predecessor-version":[{"id":59950,"href":"https:\/\/www.malinashop.lt\/en\/wp-json\/wp\/v2\/product\/59948\/revisions\/59950"}],"wp:featuredmedia":[{"embeddable":true,"href":"https:\/\/www.malinashop.lt\/en\/wp-json\/wp\/v2\/media\/59949"}],"wp:attachment":[{"href":"https:\/\/www.malinashop.lt\/en\/wp-json\/wp\/v2\/media?parent=59948"}],"wp:term":[{"taxonomy":"product_brand","embeddable":true,"href":"https:\/\/www.malinashop.lt\/en\/wp-json\/wp\/v2\/product_brand?post=59948"},{"taxonomy":"product_cat","embeddable":true,"href":"https:\/\/www.malinashop.lt\/en\/wp-json\/wp\/v2\/product_cat?post=59948"},{"taxonomy":"product_tag","embeddable":true,"href":"https:\/\/www.malinashop.lt\/en\/wp-json\/wp\/v2\/product_tag?post=59948"}],"curies":[{"name":"wp","href":"https:\/\/api.w.org\/{rel}","templated":true}]}}