{"id":59945,"date":"2025-10-29T16:29:12","date_gmt":"2025-10-29T13:29:12","guid":{"rendered":"https:\/\/malinashop.lt\/?post_type=product&#038;p=59945"},"modified":"2026-02-12T12:37:12","modified_gmt":"2026-02-12T09:37:12","slug":"linea-home-red-fruits-namu-kvapu-difuzorius-250ml","status":"publish","type":"product","link":"https:\/\/www.malinashop.lt\/en\/shop\/linea-home-red-fruits-namu-kvapu-difuzorius-250ml\/","title":{"rendered":"LINEA HOME RED FRUITS nam\u0173 kvap\u0173 difuzorius, 250ml"},"content":{"rendered":"<p data-start=\"323\" data-end=\"569\"><strong data-start=\"323\" data-end=\"348\">LINEA HOME Red Fruits<\/strong> nam\u0173 kvap\u0173 difuzorius \u2013 tai <strong data-start=\"377\" data-end=\"405\">vaisi\u0173 ir saldumo \u0161vent\u0117<\/strong>, pripildanti namus \u0161ilumos, energijos ir teigiam\u0173 emocij\u0173.<br data-start=\"464\" data-end=\"467\" \/>Kvapas alsuoja gyvybingumu ir d\u017eiaugsmu \u2013 puikiai tinka tiek jaukiam vakarui, tiek dienos \u012fkv\u0117pimui.<\/p>\n<p data-start=\"571\" data-end=\"863\">Pirmiausia juntamas <strong data-start=\"591\" data-end=\"603\">granatas<\/strong>, suteikiantis gaivos ir \u0161velnaus r\u016bg\u0161tumo.<br data-start=\"646\" data-end=\"649\" \/>Vidurin\u0117je kvapo \u0161irdyje atsiskleid\u017eia <strong data-start=\"688\" data-end=\"700\">persikas<\/strong>, kuris \u012fne\u0161a saldumo, mink\u0161tumo ir \u0161ilumos poj\u016bt\u012f.<br data-start=\"751\" data-end=\"754\" \/>Galiausiai <strong data-start=\"765\" data-end=\"776\">vanil\u0117s<\/strong> natos u\u017ebaigia aromat\u0105, sukurdamos subtil\u0173, \u0161ilt\u0105 ir ilgai i\u0161liekant\u012f sald\u0173 poskon\u012f.<\/p>\n<p data-start=\"865\" data-end=\"1001\"><strong data-start=\"865\" data-end=\"879\">Red Fruits<\/strong> \u2013 tai <strong data-start=\"886\" data-end=\"936\">\u0161velnaus saldumo ir vaisin\u0117s energijos derinys<\/strong>, sukuriantis jauki\u0105 atmosfer\u0105 kiekviename j\u016bs\u0173 nam\u0173 kampelyje.<\/p>\n<hr data-start=\"1003\" data-end=\"1006\" \/>\n<h3 data-start=\"1008\" data-end=\"1032\"><strong data-start=\"1012\" data-end=\"1030\">Kvap\u0173 sud\u0117tis:<\/strong><\/h3>\n<ul data-start=\"1033\" data-end=\"1131\">\n<li data-start=\"1033\" data-end=\"1067\">\n<p data-start=\"1035\" data-end=\"1067\"><strong data-start=\"1035\" data-end=\"1056\">Vir\u0161utin\u0117s natos:<\/strong> granatas<\/p>\n<\/li>\n<li data-start=\"1068\" data-end=\"1101\">\n<p data-start=\"1070\" data-end=\"1101\"><strong data-start=\"1070\" data-end=\"1090\">Vidurin\u0117s natos:<\/strong> persikas<\/p>\n<\/li>\n<li data-start=\"1102\" data-end=\"1131\">\n<p data-start=\"1104\" data-end=\"1131\"><strong data-start=\"1104\" data-end=\"1122\">Bazin\u0117s natos:<\/strong> vanil\u0117<\/p>\n<\/li>\n<\/ul>\n<hr data-start=\"1133\" data-end=\"1136\" \/>\n<h3 data-start=\"1138\" data-end=\"1159\"><strong data-start=\"1142\" data-end=\"1157\">Naudojimas:<\/strong><\/h3>\n<p data-start=\"1160\" data-end=\"1397\">Nuimkite buteliuko dangtel\u012f ir \u012fmerkite kvap\u0173 lazdeles \u012f buteliuk\u0105. Norint i\u0161laikyti intensyv\u0173 kvapo sklidim\u0105, <strong data-start=\"1271\" data-end=\"1306\">periodi\u0161kai apverskite lazdeles<\/strong>. Produkt\u0105 laikykite <strong data-start=\"1327\" data-end=\"1355\">ant stabilaus pavir\u0161iaus<\/strong>, toliau nuo saul\u0117s ar \u0161ilumos \u0161altini\u0173.<\/p>\n<hr data-start=\"1399\" data-end=\"1402\" \/>\n<h3 data-start=\"1404\" data-end=\"1433\"><strong data-start=\"1408\" data-end=\"1431\">Pagaminta Italijoje<\/strong><\/h3>\n<p data-start=\"1434\" data-end=\"1583\">Visi <strong data-start=\"1439\" data-end=\"1453\">LINEA HOME<\/strong> nam\u0173 kvapai \u2013 difuzoriai <strong data-start=\"1479\" data-end=\"1502\">pagaminti Italijoje<\/strong>, garantuojant <strong data-start=\"1517\" data-end=\"1583\">auk\u0161\u010diausi\u0105 kokyb\u0119, elegancij\u0105 ir ilgalaik\u012f kvapo i\u0161liekamum\u0105.<\/strong><\/p>\n","protected":false},"excerpt":{"rendered":"<p><strong data-start=\"113\" data-end=\"138\">LINEA HOME Red Fruits<\/strong> \u2013 saldus, vaisi\u0161kas ir \u0161iltas aromatas su <strong data-start=\"181\" data-end=\"212\">granato, persiko ir vanil\u0117s<\/strong> natomis. Sukuria jauki\u0105, d\u017eiaugsming\u0105 ir gyvybing\u0105 atmosfer\u0105 j\u016bs\u0173 namuose.<\/p>\n","protected":false},"featured_media":59946,"template":"","meta":[],"product_brand":[1362],"product_cat":[1140,573],"product_tag":[1608],"class_list":{"0":"post-59945","1":"product","2":"type-product","3":"status-publish","4":"has-post-thumbnail","6":"product_brand-linea-35","7":"product_cat-namu-kvapai","8":"product_cat-namu-kvapai-2","9":"product_tag-linea35","11":"first","12":"instock","13":"sale","14":"taxable","15":"shipping-taxable","16":"purchasable","17":"product-type-simple"},"yoast_head":"<!-- This site is optimized with the Yoast SEO plugin v27.4 - https:\/\/yoast.com\/product\/yoast-seo-wordpress\/ -->\n<title>LINEA HOME RED FRUITS nam\u0173 kvap\u0173 difuzorius, 250ml - MalinaShop.lt J\u016bs\u0173 sveikatai ir gro\u017eiui.<\/title>\n<meta name=\"description\" content=\"LINEA HOME Red Fruits \u2013 itali\u0161kas nam\u0173 kvapas su granato, persiko ir vanil\u0117s natomis. Saldus, vaisi\u0161kas ir jaukus aromatas \u0161iltai atmosferai kurti.\" \/>\n<meta name=\"robots\" content=\"index, follow, max-snippet:-1, max-image-preview:large, max-video-preview:-1\" \/>\n<link rel=\"canonical\" href=\"https:\/\/www.malinashop.lt\/en\/shop\/linea-home-red-fruits-namu-kvapu-difuzorius-250ml\/\" \/>\n<meta property=\"og:locale\" content=\"en_GB\" \/>\n<meta property=\"og:type\" content=\"article\" \/>\n<meta property=\"og:title\" content=\"LINEA HOME RED FRUITS nam\u0173 kvap\u0173 difuzorius, 250ml - MalinaShop.lt J\u016bs\u0173 sveikatai ir gro\u017eiui.\" \/>\n<meta property=\"og:description\" content=\"LINEA HOME Red Fruits \u2013 itali\u0161kas nam\u0173 kvapas su granato, persiko ir vanil\u0117s natomis. Saldus, vaisi\u0161kas ir jaukus aromatas \u0161iltai atmosferai kurti.\" \/>\n<meta property=\"og:url\" content=\"https:\/\/www.malinashop.lt\/en\/shop\/linea-home-red-fruits-namu-kvapu-difuzorius-250ml\/\" \/>\n<meta property=\"og:site_name\" content=\"MalinaShop.lt J\u016bs\u0173 sveikatai ir gro\u017eiui.\" \/>\n<meta property=\"article:modified_time\" content=\"2026-02-12T09:37:12+00:00\" \/>\n<meta property=\"og:image\" content=\"https:\/\/www.malinashop.lt\/wp-content\/uploads\/2025\/10\/LINEA-HOME-RED-FRUITS-namu-kvapu-difuzorius-250ml.webp\" \/>\n\t<meta property=\"og:image:width\" content=\"990\" \/>\n\t<meta property=\"og:image:height\" content=\"990\" \/>\n\t<meta property=\"og:image:type\" content=\"image\/webp\" \/>\n<meta name=\"twitter:card\" content=\"summary_large_image\" \/>\n<script type=\"application\/ld+json\" class=\"yoast-schema-graph\">{\"@context\":\"https:\\\/\\\/schema.org\",\"@graph\":[{\"@type\":\"WebPage\",\"@id\":\"https:\\\/\\\/www.malinashop.lt\\\/shop\\\/linea-home-red-fruits-namu-kvapu-difuzorius-250ml\\\/\",\"url\":\"https:\\\/\\\/www.malinashop.lt\\\/shop\\\/linea-home-red-fruits-namu-kvapu-difuzorius-250ml\\\/\",\"name\":\"LINEA HOME RED FRUITS nam\u0173 kvap\u0173 difuzorius, 250ml - MalinaShop.lt J\u016bs\u0173 sveikatai ir gro\u017eiui.\",\"isPartOf\":{\"@id\":\"https:\\\/\\\/www.malinashop.lt\\\/#website\"},\"primaryImageOfPage\":{\"@id\":\"https:\\\/\\\/www.malinashop.lt\\\/shop\\\/linea-home-red-fruits-namu-kvapu-difuzorius-250ml\\\/#primaryimage\"},\"image\":{\"@id\":\"https:\\\/\\\/www.malinashop.lt\\\/shop\\\/linea-home-red-fruits-namu-kvapu-difuzorius-250ml\\\/#primaryimage\"},\"thumbnailUrl\":\"https:\\\/\\\/www.malinashop.lt\\\/wp-content\\\/uploads\\\/2025\\\/10\\\/LINEA-HOME-RED-FRUITS-namu-kvapu-difuzorius-250ml.webp\",\"datePublished\":\"2025-10-29T13:29:12+00:00\",\"dateModified\":\"2026-02-12T09:37:12+00:00\",\"description\":\"LINEA HOME Red Fruits \u2013 itali\u0161kas nam\u0173 kvapas su granato, persiko ir vanil\u0117s natomis. Saldus, vaisi\u0161kas ir jaukus aromatas \u0161iltai atmosferai kurti.\",\"breadcrumb\":{\"@id\":\"https:\\\/\\\/www.malinashop.lt\\\/shop\\\/linea-home-red-fruits-namu-kvapu-difuzorius-250ml\\\/#breadcrumb\"},\"inLanguage\":\"en-GB\",\"potentialAction\":[{\"@type\":\"ReadAction\",\"target\":[\"https:\\\/\\\/www.malinashop.lt\\\/shop\\\/linea-home-red-fruits-namu-kvapu-difuzorius-250ml\\\/\"]}]},{\"@type\":\"ImageObject\",\"inLanguage\":\"en-GB\",\"@id\":\"https:\\\/\\\/www.malinashop.lt\\\/shop\\\/linea-home-red-fruits-namu-kvapu-difuzorius-250ml\\\/#primaryimage\",\"url\":\"https:\\\/\\\/www.malinashop.lt\\\/wp-content\\\/uploads\\\/2025\\\/10\\\/LINEA-HOME-RED-FRUITS-namu-kvapu-difuzorius-250ml.webp\",\"contentUrl\":\"https:\\\/\\\/www.malinashop.lt\\\/wp-content\\\/uploads\\\/2025\\\/10\\\/LINEA-HOME-RED-FRUITS-namu-kvapu-difuzorius-250ml.webp\",\"width\":990,\"height\":990},{\"@type\":\"BreadcrumbList\",\"@id\":\"https:\\\/\\\/www.malinashop.lt\\\/shop\\\/linea-home-red-fruits-namu-kvapu-difuzorius-250ml\\\/#breadcrumb\",\"itemListElement\":[{\"@type\":\"ListItem\",\"position\":1,\"name\":\"Pagrindinis\",\"item\":\"https:\\\/\\\/www.malinashop.lt\\\/\"},{\"@type\":\"ListItem\",\"position\":2,\"name\":\"Parduotuv\u0117\",\"item\":\"https:\\\/\\\/www.malinashop.lt\\\/en\\\/parduotuve\\\/\"},{\"@type\":\"ListItem\",\"position\":3,\"name\":\"LINEA HOME RED FRUITS nam\u0173 kvap\u0173 difuzorius, 250ml\"}]},{\"@type\":\"WebSite\",\"@id\":\"https:\\\/\\\/www.malinashop.lt\\\/#website\",\"url\":\"https:\\\/\\\/www.malinashop.lt\\\/\",\"name\":\"COM Group Ecommerce\",\"description\":\"MalinaShop.lt - Gro\u017eio ir sveikatos produktai i\u0161 patikim\u0173 preki\u0173 \u017eenkl\u0173. Atraskite auk\u0161tos kokyb\u0117s kosmetik\u0105 u\u017e puiki\u0105 kain\u0105.\",\"publisher\":{\"@id\":\"https:\\\/\\\/www.malinashop.lt\\\/#organization\"},\"potentialAction\":[{\"@type\":\"SearchAction\",\"target\":{\"@type\":\"EntryPoint\",\"urlTemplate\":\"https:\\\/\\\/www.malinashop.lt\\\/?s={search_term_string}\"},\"query-input\":{\"@type\":\"PropertyValueSpecification\",\"valueRequired\":true,\"valueName\":\"search_term_string\"}}],\"inLanguage\":\"en-GB\"},{\"@type\":\"Organization\",\"@id\":\"https:\\\/\\\/www.malinashop.lt\\\/#organization\",\"name\":\"COM Group Ecommerce\",\"url\":\"https:\\\/\\\/www.malinashop.lt\\\/\",\"logo\":{\"@type\":\"ImageObject\",\"inLanguage\":\"en-GB\",\"@id\":\"https:\\\/\\\/www.malinashop.lt\\\/#\\\/schema\\\/logo\\\/image\\\/\",\"url\":\"https:\\\/\\\/www.malinashop.lt\\\/wp-content\\\/uploads\\\/2024\\\/08\\\/462559670_3787732518133670_9795632669273463_n-e1731525914575.png\",\"contentUrl\":\"https:\\\/\\\/www.malinashop.lt\\\/wp-content\\\/uploads\\\/2024\\\/08\\\/462559670_3787732518133670_9795632669273463_n-e1731525914575.png\",\"width\":180,\"height\":60,\"caption\":\"COM Group Ecommerce\"},\"image\":{\"@id\":\"https:\\\/\\\/www.malinashop.lt\\\/#\\\/schema\\\/logo\\\/image\\\/\"}}]}<\/script>\n<!-- \/ Yoast SEO plugin. -->","yoast_head_json":{"title":"LINEA HOME RED FRUITS nam\u0173 kvap\u0173 difuzorius, 250ml - MalinaShop.lt J\u016bs\u0173 sveikatai ir gro\u017eiui.","description":"LINEA HOME Red Fruits \u2013 itali\u0161kas nam\u0173 kvapas su granato, persiko ir vanil\u0117s natomis. Saldus, vaisi\u0161kas ir jaukus aromatas \u0161iltai atmosferai kurti.","robots":{"index":"index","follow":"follow","max-snippet":"max-snippet:-1","max-image-preview":"max-image-preview:large","max-video-preview":"max-video-preview:-1"},"canonical":"https:\/\/www.malinashop.lt\/en\/shop\/linea-home-red-fruits-namu-kvapu-difuzorius-250ml\/","og_locale":"en_GB","og_type":"article","og_title":"LINEA HOME RED FRUITS nam\u0173 kvap\u0173 difuzorius, 250ml - MalinaShop.lt J\u016bs\u0173 sveikatai ir gro\u017eiui.","og_description":"LINEA HOME Red Fruits \u2013 itali\u0161kas nam\u0173 kvapas su granato, persiko ir vanil\u0117s natomis. Saldus, vaisi\u0161kas ir jaukus aromatas \u0161iltai atmosferai kurti.","og_url":"https:\/\/www.malinashop.lt\/en\/shop\/linea-home-red-fruits-namu-kvapu-difuzorius-250ml\/","og_site_name":"MalinaShop.lt J\u016bs\u0173 sveikatai ir gro\u017eiui.","article_modified_time":"2026-02-12T09:37:12+00:00","og_image":[{"width":990,"height":990,"url":"https:\/\/www.malinashop.lt\/wp-content\/uploads\/2025\/10\/LINEA-HOME-RED-FRUITS-namu-kvapu-difuzorius-250ml.webp","type":"image\/webp"}],"twitter_card":"summary_large_image","schema":{"@context":"https:\/\/schema.org","@graph":[{"@type":"WebPage","@id":"https:\/\/www.malinashop.lt\/shop\/linea-home-red-fruits-namu-kvapu-difuzorius-250ml\/","url":"https:\/\/www.malinashop.lt\/shop\/linea-home-red-fruits-namu-kvapu-difuzorius-250ml\/","name":"LINEA HOME RED FRUITS nam\u0173 kvap\u0173 difuzorius, 250ml - MalinaShop.lt J\u016bs\u0173 sveikatai ir gro\u017eiui.","isPartOf":{"@id":"https:\/\/www.malinashop.lt\/#website"},"primaryImageOfPage":{"@id":"https:\/\/www.malinashop.lt\/shop\/linea-home-red-fruits-namu-kvapu-difuzorius-250ml\/#primaryimage"},"image":{"@id":"https:\/\/www.malinashop.lt\/shop\/linea-home-red-fruits-namu-kvapu-difuzorius-250ml\/#primaryimage"},"thumbnailUrl":"https:\/\/www.malinashop.lt\/wp-content\/uploads\/2025\/10\/LINEA-HOME-RED-FRUITS-namu-kvapu-difuzorius-250ml.webp","datePublished":"2025-10-29T13:29:12+00:00","dateModified":"2026-02-12T09:37:12+00:00","description":"LINEA HOME Red Fruits \u2013 itali\u0161kas nam\u0173 kvapas su granato, persiko ir vanil\u0117s natomis. Saldus, vaisi\u0161kas ir jaukus aromatas \u0161iltai atmosferai kurti.","breadcrumb":{"@id":"https:\/\/www.malinashop.lt\/shop\/linea-home-red-fruits-namu-kvapu-difuzorius-250ml\/#breadcrumb"},"inLanguage":"en-GB","potentialAction":[{"@type":"ReadAction","target":["https:\/\/www.malinashop.lt\/shop\/linea-home-red-fruits-namu-kvapu-difuzorius-250ml\/"]}]},{"@type":"ImageObject","inLanguage":"en-GB","@id":"https:\/\/www.malinashop.lt\/shop\/linea-home-red-fruits-namu-kvapu-difuzorius-250ml\/#primaryimage","url":"https:\/\/www.malinashop.lt\/wp-content\/uploads\/2025\/10\/LINEA-HOME-RED-FRUITS-namu-kvapu-difuzorius-250ml.webp","contentUrl":"https:\/\/www.malinashop.lt\/wp-content\/uploads\/2025\/10\/LINEA-HOME-RED-FRUITS-namu-kvapu-difuzorius-250ml.webp","width":990,"height":990},{"@type":"BreadcrumbList","@id":"https:\/\/www.malinashop.lt\/shop\/linea-home-red-fruits-namu-kvapu-difuzorius-250ml\/#breadcrumb","itemListElement":[{"@type":"ListItem","position":1,"name":"Pagrindinis","item":"https:\/\/www.malinashop.lt\/"},{"@type":"ListItem","position":2,"name":"Parduotuv\u0117","item":"https:\/\/www.malinashop.lt\/en\/parduotuve\/"},{"@type":"ListItem","position":3,"name":"LINEA HOME RED FRUITS nam\u0173 kvap\u0173 difuzorius, 250ml"}]},{"@type":"WebSite","@id":"https:\/\/www.malinashop.lt\/#website","url":"https:\/\/www.malinashop.lt\/","name":"COM Group Ecommerce","description":"MalinaShop.lt - Gro\u017eio ir sveikatos produktai i\u0161 patikim\u0173 preki\u0173 \u017eenkl\u0173. Atraskite auk\u0161tos kokyb\u0117s kosmetik\u0105 u\u017e puiki\u0105 kain\u0105.","publisher":{"@id":"https:\/\/www.malinashop.lt\/#organization"},"potentialAction":[{"@type":"SearchAction","target":{"@type":"EntryPoint","urlTemplate":"https:\/\/www.malinashop.lt\/?s={search_term_string}"},"query-input":{"@type":"PropertyValueSpecification","valueRequired":true,"valueName":"search_term_string"}}],"inLanguage":"en-GB"},{"@type":"Organization","@id":"https:\/\/www.malinashop.lt\/#organization","name":"COM Group Ecommerce","url":"https:\/\/www.malinashop.lt\/","logo":{"@type":"ImageObject","inLanguage":"en-GB","@id":"https:\/\/www.malinashop.lt\/#\/schema\/logo\/image\/","url":"https:\/\/www.malinashop.lt\/wp-content\/uploads\/2024\/08\/462559670_3787732518133670_9795632669273463_n-e1731525914575.png","contentUrl":"https:\/\/www.malinashop.lt\/wp-content\/uploads\/2024\/08\/462559670_3787732518133670_9795632669273463_n-e1731525914575.png","width":180,"height":60,"caption":"COM Group Ecommerce"},"image":{"@id":"https:\/\/www.malinashop.lt\/#\/schema\/logo\/image\/"}}]}},"jetpack_sharing_enabled":true,"_links":{"self":[{"href":"https:\/\/www.malinashop.lt\/en\/wp-json\/wp\/v2\/product\/59945","targetHints":{"allow":["GET"]}}],"collection":[{"href":"https:\/\/www.malinashop.lt\/en\/wp-json\/wp\/v2\/product"}],"about":[{"href":"https:\/\/www.malinashop.lt\/en\/wp-json\/wp\/v2\/types\/product"}],"version-history":[{"count":1,"href":"https:\/\/www.malinashop.lt\/en\/wp-json\/wp\/v2\/product\/59945\/revisions"}],"predecessor-version":[{"id":59947,"href":"https:\/\/www.malinashop.lt\/en\/wp-json\/wp\/v2\/product\/59945\/revisions\/59947"}],"wp:featuredmedia":[{"embeddable":true,"href":"https:\/\/www.malinashop.lt\/en\/wp-json\/wp\/v2\/media\/59946"}],"wp:attachment":[{"href":"https:\/\/www.malinashop.lt\/en\/wp-json\/wp\/v2\/media?parent=59945"}],"wp:term":[{"taxonomy":"product_brand","embeddable":true,"href":"https:\/\/www.malinashop.lt\/en\/wp-json\/wp\/v2\/product_brand?post=59945"},{"taxonomy":"product_cat","embeddable":true,"href":"https:\/\/www.malinashop.lt\/en\/wp-json\/wp\/v2\/product_cat?post=59945"},{"taxonomy":"product_tag","embeddable":true,"href":"https:\/\/www.malinashop.lt\/en\/wp-json\/wp\/v2\/product_tag?post=59945"}],"curies":[{"name":"wp","href":"https:\/\/api.w.org\/{rel}","templated":true}]}}