{"id":59857,"date":"2026-02-10T12:15:40","date_gmt":"2026-02-10T09:15:40","guid":{"rendered":"https:\/\/malinashop.lt\/?post_type=product&#038;p=59857"},"modified":"2026-04-08T00:34:38","modified_gmt":"2026-04-07T21:34:38","slug":"medicube-deep-vita-c-capsule-skaistinantis-veido-kremas-55-g","status":"publish","type":"product","link":"https:\/\/www.malinashop.lt\/en\/shop\/medicube-deep-vita-c-capsule-skaistinantis-veido-kremas-55-g\/","title":{"rendered":"MEDICUBE Deep Vita C Capsule skaistinantis veido kremas, 55 g"},"content":{"rendered":"<p data-start=\"336\" data-end=\"642\"><strong data-start=\"336\" data-end=\"402\">MEDICUBE Deep Vita C Capsule skaistinantis veido kremas (55 g)<\/strong> \u2013 tai <strong data-start=\"409\" data-end=\"444\">unikalus dviej\u0173 tekst\u016br\u0173 kremas<\/strong>, kuriame derinamas <strong data-start=\"464\" data-end=\"525\">50 % vitamin\u0173 vandens ir penki\u0173 r\u016b\u0161i\u0173 vitamino C dariniai<\/strong>. \u0160i inovatyvi formul\u0117 padeda <strong data-start=\"555\" data-end=\"600\">pa\u0161viesinti, sudr\u0117kinti ir atgaivinti od\u0105<\/strong>, suteikdama jai \u0161vyt\u0117jimo bei glotnumo.<\/p>\n<p data-start=\"644\" data-end=\"861\"><strong data-start=\"644\" data-end=\"667\">Vitamino C kapsul\u0117s<\/strong> prisotina od\u0105 antioksidantais, skatina kolageno gamyb\u0105 ir ma\u017eina pilk\u0105 odos atspalv\u012f, o <strong data-start=\"756\" data-end=\"772\">niacinamidas<\/strong> padeda <strong data-start=\"780\" data-end=\"811\">suma\u017einti pigmentines d\u0117mes<\/strong>, suvienodina ton\u0105 ir suteikia \u0161vyt\u0117jimo efekt\u0105.<\/p>\n<p data-start=\"863\" data-end=\"1069\">Kremas veikia ne tik pavir\u0161iuje \u2013 jis <strong data-start=\"901\" data-end=\"938\">aktyviai atkuria odos gyvybingum\u0105<\/strong>, gerina elastingum\u0105 ir stiprina apsaugin\u012f barjer\u0105. Tinka <strong data-start=\"996\" data-end=\"1014\">vis\u0173 tip\u0173 odai<\/strong>, ypa\u010d pavargusiai, pilk\u0161vai ar spindes\u012f praradusiai.<\/p>\n<hr data-start=\"1071\" data-end=\"1074\" \/>\n<h3 data-start=\"1076\" data-end=\"1097\"><strong data-start=\"1080\" data-end=\"1095\">Naudojimas:<\/strong><\/h3>\n<ol data-start=\"1098\" data-end=\"1382\">\n<li data-start=\"1098\" data-end=\"1155\">\n<p data-start=\"1101\" data-end=\"1155\">Naudokite krem\u0105 paskutiniame veido prie\u017ei\u016bros etape.<\/p>\n<\/li>\n<li data-start=\"1156\" data-end=\"1219\">\n<p data-start=\"1159\" data-end=\"1219\">Sumai\u0161ykite geltonas kapsules ir skaidri\u0105 \u017eel\u0119 ant rankos.<\/p>\n<\/li>\n<li data-start=\"1220\" data-end=\"1271\">\n<p data-start=\"1223\" data-end=\"1271\">Tepkite ant \u0161varios odos \u0161velniai masa\u017euodami.<\/p>\n<\/li>\n<li data-start=\"1272\" data-end=\"1382\">\n<p data-start=\"1275\" data-end=\"1382\">Norint lengvesn\u0117s tekst\u016bros \u2013 naudokite daugiau \u017eel\u0117s. Norint intensyvesnio dr\u0117kinimo \u2013 daugiau kapsuli\u0173.<\/p>\n<\/li>\n<\/ol>\n<hr data-start=\"1384\" data-end=\"1387\" \/>\n<h3 data-start=\"1389\" data-end=\"1433\"><strong data-start=\"1393\" data-end=\"1431\">Pagrindin\u0117s veikliosios med\u017eiagos:<\/strong><\/h3>\n<ul data-start=\"1434\" data-end=\"1623\">\n<li data-start=\"1434\" data-end=\"1491\">\n<p data-start=\"1436\" data-end=\"1491\"><strong data-start=\"1436\" data-end=\"1461\">50 % vitamin\u0173 vandens<\/strong> \u2013 maitina ir skaistina od\u0105.<\/p>\n<\/li>\n<li data-start=\"1492\" data-end=\"1570\">\n<p data-start=\"1494\" data-end=\"1570\"><strong data-start=\"1494\" data-end=\"1525\">5 r\u016b\u0161i\u0173 vitamino C dariniai<\/strong> \u2013 suteikia spindesio, ma\u017eina pigmentacij\u0105.<\/p>\n<\/li>\n<li data-start=\"1571\" data-end=\"1623\">\n<p data-start=\"1573\" data-end=\"1623\"><strong data-start=\"1573\" data-end=\"1589\">Niacinamidas<\/strong> \u2013 \u0161viesina ir lygina odos ton\u0105.<\/p>\n<\/li>\n<\/ul>\n<hr data-start=\"1625\" data-end=\"1628\" \/>\n<h3 data-start=\"1630\" data-end=\"1661\"><strong data-start=\"1634\" data-end=\"1659\">Aromatas ir tekst\u016bra:<\/strong><\/h3>\n<ul data-start=\"1662\" data-end=\"1748\">\n<li data-start=\"1662\" data-end=\"1708\">\n<p data-start=\"1664\" data-end=\"1708\">Dviguba tekst\u016bra: \u017eel\u0117 + vitamin\u0173 kapsul\u0117s<\/p>\n<\/li>\n<li data-start=\"1709\" data-end=\"1748\">\n<p data-start=\"1711\" data-end=\"1748\">Lengvai \u012fsigeria, nepalieka riebumo<\/p>\n<\/li>\n<\/ul>\n","protected":false},"excerpt":{"rendered":"<p><strong data-start=\"125\" data-end=\"157\">MEDICUBE Deep Vita C Capsule<\/strong> \u2013 dvigubos formul\u0117s veido kremas su penkiais vitamino C dariniais ir niacinamidu, kuris suteikia odai spindesio, tolyg\u0173 atspalv\u012f ir dr\u0117kinim\u0105.<\/p>\n","protected":false},"featured_media":74298,"template":"","meta":[],"product_brand":[1361],"product_cat":[187,728],"product_tag":[1611],"class_list":{"0":"post-59857","1":"product","2":"type-product","3":"status-publish","4":"has-post-thumbnail","6":"product_brand-medicube","7":"product_cat-veido-kremai","8":"product_cat-veidui","9":"product_tag-medicube","11":"first","12":"instock","13":"sale","14":"taxable","15":"shipping-taxable","16":"purchasable","17":"product-type-simple"},"yoast_head":"<!-- This site is optimized with the Yoast SEO plugin v27.4 - https:\/\/yoast.com\/product\/yoast-seo-wordpress\/ -->\n<title>MEDICUBE Deep Vita C Capsule skaistinantis veido kremas, 55 g - MalinaShop.lt J\u016bs\u0173 sveikatai ir gro\u017eiui.<\/title>\n<meta name=\"description\" content=\"MEDICUBE Deep Vita C Capsule \u2013 skaistinantis kremas su penkiais vitamino C dariniais ir niacinamidu, suteikiantis odai spindesio, glotnumo ir dr\u0117gm\u0117s.\" \/>\n<meta name=\"robots\" content=\"index, follow, max-snippet:-1, max-image-preview:large, max-video-preview:-1\" \/>\n<link rel=\"canonical\" href=\"https:\/\/www.malinashop.lt\/en\/shop\/medicube-deep-vita-c-capsule-skaistinantis-veido-kremas-55-g\/\" \/>\n<meta property=\"og:locale\" content=\"en_GB\" \/>\n<meta property=\"og:type\" content=\"article\" \/>\n<meta property=\"og:title\" content=\"MEDICUBE Deep Vita C Capsule skaistinantis veido kremas, 55 g - MalinaShop.lt J\u016bs\u0173 sveikatai ir gro\u017eiui.\" \/>\n<meta property=\"og:description\" content=\"MEDICUBE Deep Vita C Capsule \u2013 skaistinantis kremas su penkiais vitamino C dariniais ir niacinamidu, suteikiantis odai spindesio, glotnumo ir dr\u0117gm\u0117s.\" \/>\n<meta property=\"og:url\" content=\"https:\/\/www.malinashop.lt\/en\/shop\/medicube-deep-vita-c-capsule-skaistinantis-veido-kremas-55-g\/\" \/>\n<meta property=\"og:site_name\" content=\"MalinaShop.lt J\u016bs\u0173 sveikatai ir gro\u017eiui.\" \/>\n<meta property=\"article:modified_time\" content=\"2026-04-07T21:34:38+00:00\" \/>\n<meta property=\"og:image\" content=\"https:\/\/www.malinashop.lt\/wp-content\/uploads\/2026\/02\/MEDICUBE-Deep-Vita-C-Capsule-skaistinantis-veido-kremas-55-g.webp\" \/>\n\t<meta property=\"og:image:width\" content=\"1200\" \/>\n\t<meta property=\"og:image:height\" content=\"1200\" \/>\n\t<meta property=\"og:image:type\" content=\"image\/webp\" \/>\n<meta name=\"twitter:card\" content=\"summary_large_image\" \/>\n<script type=\"application\/ld+json\" class=\"yoast-schema-graph\">{\"@context\":\"https:\\\/\\\/schema.org\",\"@graph\":[{\"@type\":\"WebPage\",\"@id\":\"https:\\\/\\\/www.malinashop.lt\\\/lt_lt\\\/shop\\\/medicube-deep-vita-c-capsule-skaistinantis-veido-kremas-55-g\\\/\",\"url\":\"https:\\\/\\\/www.malinashop.lt\\\/lt_lt\\\/shop\\\/medicube-deep-vita-c-capsule-skaistinantis-veido-kremas-55-g\\\/\",\"name\":\"MEDICUBE Deep Vita C Capsule skaistinantis veido kremas, 55 g - MalinaShop.lt J\u016bs\u0173 sveikatai ir gro\u017eiui.\",\"isPartOf\":{\"@id\":\"https:\\\/\\\/www.malinashop.lt\\\/#website\"},\"primaryImageOfPage\":{\"@id\":\"https:\\\/\\\/www.malinashop.lt\\\/lt_lt\\\/shop\\\/medicube-deep-vita-c-capsule-skaistinantis-veido-kremas-55-g\\\/#primaryimage\"},\"image\":{\"@id\":\"https:\\\/\\\/www.malinashop.lt\\\/lt_lt\\\/shop\\\/medicube-deep-vita-c-capsule-skaistinantis-veido-kremas-55-g\\\/#primaryimage\"},\"thumbnailUrl\":\"https:\\\/\\\/www.malinashop.lt\\\/wp-content\\\/uploads\\\/2026\\\/02\\\/MEDICUBE-Deep-Vita-C-Capsule-skaistinantis-veido-kremas-55-g.webp\",\"datePublished\":\"2026-02-10T09:15:40+00:00\",\"dateModified\":\"2026-04-07T21:34:38+00:00\",\"description\":\"MEDICUBE Deep Vita C Capsule \u2013 skaistinantis kremas su penkiais vitamino C dariniais ir niacinamidu, suteikiantis odai spindesio, glotnumo ir dr\u0117gm\u0117s.\",\"breadcrumb\":{\"@id\":\"https:\\\/\\\/www.malinashop.lt\\\/lt_lt\\\/shop\\\/medicube-deep-vita-c-capsule-skaistinantis-veido-kremas-55-g\\\/#breadcrumb\"},\"inLanguage\":\"en-GB\",\"potentialAction\":[{\"@type\":\"ReadAction\",\"target\":[\"https:\\\/\\\/www.malinashop.lt\\\/lt_lt\\\/shop\\\/medicube-deep-vita-c-capsule-skaistinantis-veido-kremas-55-g\\\/\"]}]},{\"@type\":\"ImageObject\",\"inLanguage\":\"en-GB\",\"@id\":\"https:\\\/\\\/www.malinashop.lt\\\/lt_lt\\\/shop\\\/medicube-deep-vita-c-capsule-skaistinantis-veido-kremas-55-g\\\/#primaryimage\",\"url\":\"https:\\\/\\\/www.malinashop.lt\\\/wp-content\\\/uploads\\\/2026\\\/02\\\/MEDICUBE-Deep-Vita-C-Capsule-skaistinantis-veido-kremas-55-g.webp\",\"contentUrl\":\"https:\\\/\\\/www.malinashop.lt\\\/wp-content\\\/uploads\\\/2026\\\/02\\\/MEDICUBE-Deep-Vita-C-Capsule-skaistinantis-veido-kremas-55-g.webp\",\"width\":1200,\"height\":1200},{\"@type\":\"BreadcrumbList\",\"@id\":\"https:\\\/\\\/www.malinashop.lt\\\/lt_lt\\\/shop\\\/medicube-deep-vita-c-capsule-skaistinantis-veido-kremas-55-g\\\/#breadcrumb\",\"itemListElement\":[{\"@type\":\"ListItem\",\"position\":1,\"name\":\"Pagrindinis\",\"item\":\"https:\\\/\\\/www.malinashop.lt\\\/\"},{\"@type\":\"ListItem\",\"position\":2,\"name\":\"Parduotuv\u0117\",\"item\":\"https:\\\/\\\/www.malinashop.lt\\\/en\\\/parduotuve\\\/\"},{\"@type\":\"ListItem\",\"position\":3,\"name\":\"MEDICUBE Deep Vita C Capsule skaistinantis veido kremas, 55 g\"}]},{\"@type\":\"WebSite\",\"@id\":\"https:\\\/\\\/www.malinashop.lt\\\/#website\",\"url\":\"https:\\\/\\\/www.malinashop.lt\\\/\",\"name\":\"COM Group Ecommerce\",\"description\":\"MalinaShop.lt - Gro\u017eio ir sveikatos produktai i\u0161 patikim\u0173 preki\u0173 \u017eenkl\u0173. Atraskite auk\u0161tos kokyb\u0117s kosmetik\u0105 u\u017e puiki\u0105 kain\u0105.\",\"publisher\":{\"@id\":\"https:\\\/\\\/www.malinashop.lt\\\/#organization\"},\"potentialAction\":[{\"@type\":\"SearchAction\",\"target\":{\"@type\":\"EntryPoint\",\"urlTemplate\":\"https:\\\/\\\/www.malinashop.lt\\\/?s={search_term_string}\"},\"query-input\":{\"@type\":\"PropertyValueSpecification\",\"valueRequired\":true,\"valueName\":\"search_term_string\"}}],\"inLanguage\":\"en-GB\"},{\"@type\":\"Organization\",\"@id\":\"https:\\\/\\\/www.malinashop.lt\\\/#organization\",\"name\":\"COM Group Ecommerce\",\"url\":\"https:\\\/\\\/www.malinashop.lt\\\/\",\"logo\":{\"@type\":\"ImageObject\",\"inLanguage\":\"en-GB\",\"@id\":\"https:\\\/\\\/www.malinashop.lt\\\/#\\\/schema\\\/logo\\\/image\\\/\",\"url\":\"https:\\\/\\\/www.malinashop.lt\\\/wp-content\\\/uploads\\\/2024\\\/08\\\/462559670_3787732518133670_9795632669273463_n-e1731525914575.png\",\"contentUrl\":\"https:\\\/\\\/www.malinashop.lt\\\/wp-content\\\/uploads\\\/2024\\\/08\\\/462559670_3787732518133670_9795632669273463_n-e1731525914575.png\",\"width\":180,\"height\":60,\"caption\":\"COM Group Ecommerce\"},\"image\":{\"@id\":\"https:\\\/\\\/www.malinashop.lt\\\/#\\\/schema\\\/logo\\\/image\\\/\"}}]}<\/script>\n<!-- \/ Yoast SEO plugin. -->","yoast_head_json":{"title":"MEDICUBE Deep Vita C Capsule skaistinantis veido kremas, 55 g - MalinaShop.lt J\u016bs\u0173 sveikatai ir gro\u017eiui.","description":"MEDICUBE Deep Vita C Capsule \u2013 skaistinantis kremas su penkiais vitamino C dariniais ir niacinamidu, suteikiantis odai spindesio, glotnumo ir dr\u0117gm\u0117s.","robots":{"index":"index","follow":"follow","max-snippet":"max-snippet:-1","max-image-preview":"max-image-preview:large","max-video-preview":"max-video-preview:-1"},"canonical":"https:\/\/www.malinashop.lt\/en\/shop\/medicube-deep-vita-c-capsule-skaistinantis-veido-kremas-55-g\/","og_locale":"en_GB","og_type":"article","og_title":"MEDICUBE Deep Vita C Capsule skaistinantis veido kremas, 55 g - MalinaShop.lt J\u016bs\u0173 sveikatai ir gro\u017eiui.","og_description":"MEDICUBE Deep Vita C Capsule \u2013 skaistinantis kremas su penkiais vitamino C dariniais ir niacinamidu, suteikiantis odai spindesio, glotnumo ir dr\u0117gm\u0117s.","og_url":"https:\/\/www.malinashop.lt\/en\/shop\/medicube-deep-vita-c-capsule-skaistinantis-veido-kremas-55-g\/","og_site_name":"MalinaShop.lt J\u016bs\u0173 sveikatai ir gro\u017eiui.","article_modified_time":"2026-04-07T21:34:38+00:00","og_image":[{"width":1200,"height":1200,"url":"https:\/\/www.malinashop.lt\/wp-content\/uploads\/2026\/02\/MEDICUBE-Deep-Vita-C-Capsule-skaistinantis-veido-kremas-55-g.webp","type":"image\/webp"}],"twitter_card":"summary_large_image","schema":{"@context":"https:\/\/schema.org","@graph":[{"@type":"WebPage","@id":"https:\/\/www.malinashop.lt\/lt_lt\/shop\/medicube-deep-vita-c-capsule-skaistinantis-veido-kremas-55-g\/","url":"https:\/\/www.malinashop.lt\/lt_lt\/shop\/medicube-deep-vita-c-capsule-skaistinantis-veido-kremas-55-g\/","name":"MEDICUBE Deep Vita C Capsule skaistinantis veido kremas, 55 g - MalinaShop.lt J\u016bs\u0173 sveikatai ir gro\u017eiui.","isPartOf":{"@id":"https:\/\/www.malinashop.lt\/#website"},"primaryImageOfPage":{"@id":"https:\/\/www.malinashop.lt\/lt_lt\/shop\/medicube-deep-vita-c-capsule-skaistinantis-veido-kremas-55-g\/#primaryimage"},"image":{"@id":"https:\/\/www.malinashop.lt\/lt_lt\/shop\/medicube-deep-vita-c-capsule-skaistinantis-veido-kremas-55-g\/#primaryimage"},"thumbnailUrl":"https:\/\/www.malinashop.lt\/wp-content\/uploads\/2026\/02\/MEDICUBE-Deep-Vita-C-Capsule-skaistinantis-veido-kremas-55-g.webp","datePublished":"2026-02-10T09:15:40+00:00","dateModified":"2026-04-07T21:34:38+00:00","description":"MEDICUBE Deep Vita C Capsule \u2013 skaistinantis kremas su penkiais vitamino C dariniais ir niacinamidu, suteikiantis odai spindesio, glotnumo ir dr\u0117gm\u0117s.","breadcrumb":{"@id":"https:\/\/www.malinashop.lt\/lt_lt\/shop\/medicube-deep-vita-c-capsule-skaistinantis-veido-kremas-55-g\/#breadcrumb"},"inLanguage":"en-GB","potentialAction":[{"@type":"ReadAction","target":["https:\/\/www.malinashop.lt\/lt_lt\/shop\/medicube-deep-vita-c-capsule-skaistinantis-veido-kremas-55-g\/"]}]},{"@type":"ImageObject","inLanguage":"en-GB","@id":"https:\/\/www.malinashop.lt\/lt_lt\/shop\/medicube-deep-vita-c-capsule-skaistinantis-veido-kremas-55-g\/#primaryimage","url":"https:\/\/www.malinashop.lt\/wp-content\/uploads\/2026\/02\/MEDICUBE-Deep-Vita-C-Capsule-skaistinantis-veido-kremas-55-g.webp","contentUrl":"https:\/\/www.malinashop.lt\/wp-content\/uploads\/2026\/02\/MEDICUBE-Deep-Vita-C-Capsule-skaistinantis-veido-kremas-55-g.webp","width":1200,"height":1200},{"@type":"BreadcrumbList","@id":"https:\/\/www.malinashop.lt\/lt_lt\/shop\/medicube-deep-vita-c-capsule-skaistinantis-veido-kremas-55-g\/#breadcrumb","itemListElement":[{"@type":"ListItem","position":1,"name":"Pagrindinis","item":"https:\/\/www.malinashop.lt\/"},{"@type":"ListItem","position":2,"name":"Parduotuv\u0117","item":"https:\/\/www.malinashop.lt\/en\/parduotuve\/"},{"@type":"ListItem","position":3,"name":"MEDICUBE Deep Vita C Capsule skaistinantis veido kremas, 55 g"}]},{"@type":"WebSite","@id":"https:\/\/www.malinashop.lt\/#website","url":"https:\/\/www.malinashop.lt\/","name":"COM Group Ecommerce","description":"MalinaShop.lt - Gro\u017eio ir sveikatos produktai i\u0161 patikim\u0173 preki\u0173 \u017eenkl\u0173. Atraskite auk\u0161tos kokyb\u0117s kosmetik\u0105 u\u017e puiki\u0105 kain\u0105.","publisher":{"@id":"https:\/\/www.malinashop.lt\/#organization"},"potentialAction":[{"@type":"SearchAction","target":{"@type":"EntryPoint","urlTemplate":"https:\/\/www.malinashop.lt\/?s={search_term_string}"},"query-input":{"@type":"PropertyValueSpecification","valueRequired":true,"valueName":"search_term_string"}}],"inLanguage":"en-GB"},{"@type":"Organization","@id":"https:\/\/www.malinashop.lt\/#organization","name":"COM Group Ecommerce","url":"https:\/\/www.malinashop.lt\/","logo":{"@type":"ImageObject","inLanguage":"en-GB","@id":"https:\/\/www.malinashop.lt\/#\/schema\/logo\/image\/","url":"https:\/\/www.malinashop.lt\/wp-content\/uploads\/2024\/08\/462559670_3787732518133670_9795632669273463_n-e1731525914575.png","contentUrl":"https:\/\/www.malinashop.lt\/wp-content\/uploads\/2024\/08\/462559670_3787732518133670_9795632669273463_n-e1731525914575.png","width":180,"height":60,"caption":"COM Group Ecommerce"},"image":{"@id":"https:\/\/www.malinashop.lt\/#\/schema\/logo\/image\/"}}]}},"jetpack_sharing_enabled":true,"_links":{"self":[{"href":"https:\/\/www.malinashop.lt\/en\/wp-json\/wp\/v2\/product\/59857","targetHints":{"allow":["GET"]}}],"collection":[{"href":"https:\/\/www.malinashop.lt\/en\/wp-json\/wp\/v2\/product"}],"about":[{"href":"https:\/\/www.malinashop.lt\/en\/wp-json\/wp\/v2\/types\/product"}],"version-history":[{"count":1,"href":"https:\/\/www.malinashop.lt\/en\/wp-json\/wp\/v2\/product\/59857\/revisions"}],"predecessor-version":[{"id":59861,"href":"https:\/\/www.malinashop.lt\/en\/wp-json\/wp\/v2\/product\/59857\/revisions\/59861"}],"wp:featuredmedia":[{"embeddable":true,"href":"https:\/\/www.malinashop.lt\/en\/wp-json\/wp\/v2\/media\/74298"}],"wp:attachment":[{"href":"https:\/\/www.malinashop.lt\/en\/wp-json\/wp\/v2\/media?parent=59857"}],"wp:term":[{"taxonomy":"product_brand","embeddable":true,"href":"https:\/\/www.malinashop.lt\/en\/wp-json\/wp\/v2\/product_brand?post=59857"},{"taxonomy":"product_cat","embeddable":true,"href":"https:\/\/www.malinashop.lt\/en\/wp-json\/wp\/v2\/product_cat?post=59857"},{"taxonomy":"product_tag","embeddable":true,"href":"https:\/\/www.malinashop.lt\/en\/wp-json\/wp\/v2\/product_tag?post=59857"}],"curies":[{"name":"wp","href":"https:\/\/api.w.org\/{rel}","templated":true}]}}