{"id":59813,"date":"2025-10-28T22:42:44","date_gmt":"2025-10-28T19:42:44","guid":{"rendered":"https:\/\/malinashop.lt\/?post_type=product&#038;p=59813"},"modified":"2026-03-18T12:32:56","modified_gmt":"2026-03-18T09:32:56","slug":"once-moteru-kvepalu-rinkinys-lorev-edp-100ml-10ml-kosmetine-2","status":"publish","type":"product","link":"https:\/\/www.malinashop.lt\/en\/shop\/once-moteru-kvepalu-rinkinys-lorev-edp-100ml-10ml-kosmetine-2\/","title":{"rendered":"ONCE moter\u0173 kvepal\u0173 rinkinys LOREV EDP (100ml + 10ml) + kosmetin\u0117"},"content":{"rendered":"<p data-start=\"308\" data-end=\"433\"><strong data-start=\"308\" data-end=\"348\">ONCE LOREV kvepal\u0173 moterims rinkinys<\/strong> \u2013 tai elegancijos, jausmingumo ir moteri\u0161kos stipryb\u0117s i\u0161rai\u0161ka. Rinkinyje rasite:<\/p>\n<ul data-start=\"434\" data-end=\"600\">\n<li data-start=\"434\" data-end=\"494\">\n<p data-start=\"436\" data-end=\"494\"><strong data-start=\"436\" data-end=\"461\">ONCE LOREV EDP 100 ml<\/strong> \u2013 klasikin\u012f aromat\u0105 kasdienai;<\/p>\n<\/li>\n<li data-start=\"495\" data-end=\"544\">\n<p data-start=\"497\" data-end=\"544\"><strong data-start=\"497\" data-end=\"521\">ONCE LOREV EDP 10 ml<\/strong> \u2013 kelionin\u0119 versij\u0105;<\/p>\n<\/li>\n<li data-start=\"545\" data-end=\"600\">\n<p data-start=\"547\" data-end=\"600\"><strong data-start=\"547\" data-end=\"565\">ONCE kosmetin\u0119<\/strong> \u2013 prakti\u0161k\u0105 ir stiling\u0105 akcent\u0105.<\/p>\n<\/li>\n<\/ul>\n<p data-start=\"602\" data-end=\"693\">Visa tai supakuota \u012f <strong data-start=\"623\" data-end=\"650\">prabangi\u0105 dovan\u0173 d\u0117\u017eut\u0119<\/strong>, tod\u0117l rinkinys idealiai tinka dovanoti.<\/p>\n<p data-start=\"695\" data-end=\"922\"><strong data-start=\"695\" data-end=\"709\">ONCE LOREV<\/strong> \u2013 tai <strong data-start=\"716\" data-end=\"766\">kompozicija, kurioje susilieja \u0161viesa ir dr\u0105sa<\/strong>, sukurianti moteri\u0161kumo ir pasitik\u0117jimo savimi aur\u0105. Aromatas \u017eadina poj\u016b\u010dius, o jo strukt\u016bra harmoningai balansuoja tarp gaivos, \u0161ilumos ir elegancijos.<\/p>\n<hr data-start=\"924\" data-end=\"927\" \/>\n<h3 data-start=\"929\" data-end=\"951\"><strong data-start=\"933\" data-end=\"949\">Kvap\u0173 natos:<\/strong><\/h3>\n<ul data-start=\"952\" data-end=\"1160\">\n<li data-start=\"952\" data-end=\"1026\">\n<p data-start=\"954\" data-end=\"1026\"><strong data-start=\"954\" data-end=\"969\">Vir\u0161utin\u0117s:<\/strong> bij\u016bnas, violetin\u0117 frezija, persikas, ro\u017einis pipiras.<\/p>\n<\/li>\n<li data-start=\"1027\" data-end=\"1100\">\n<p data-start=\"1029\" data-end=\"1100\"><strong data-start=\"1029\" data-end=\"1043\">Vidurin\u0117s:<\/strong> arabinis jazminas, kvapioji tuberoza, apelsin\u0173 \u017eiedai.<\/p>\n<\/li>\n<li data-start=\"1101\" data-end=\"1160\">\n<p data-start=\"1103\" data-end=\"1160\"><strong data-start=\"1103\" data-end=\"1115\">Bazin\u0117s:<\/strong> pa\u010diuliai, vetiverija, aksominis muskusas.<\/p>\n<\/li>\n<\/ul>\n<hr data-start=\"1162\" data-end=\"1165\" \/>\n<h3 data-start=\"1167\" data-end=\"1200\"><strong data-start=\"1171\" data-end=\"1198\">K\u016br\u0117jas \u2013 Lucas Sieuzac<\/strong><\/h3>\n<p data-start=\"1201\" data-end=\"1511\">Kvepal\u0173 meistras <strong data-start=\"1218\" data-end=\"1235\">Lucas Sieuzac<\/strong>, kil\u0119s i\u0161 pranc\u016bz\u0173 parfumeri\u0173 dinastijos, gars\u0117ja savo geb\u0117jimu kurti <strong data-start=\"1306\" data-end=\"1329\">emocijas per kvapus<\/strong>. \u201eKvapas \u2013 tai kelion\u0117, vedanti \u012f prisiminimus ir jausmus\u201c, \u2013 teigia jis. Kiekvienas jo k\u016brinys \u2013 <strong data-start=\"1428\" data-end=\"1460\">harmoninga aromat\u0173 aran\u017euot\u0117<\/strong>, kuri skirta skleisti individualum\u0105 ir \u012fkv\u0117pim\u0105.<\/p>\n<hr data-start=\"1513\" data-end=\"1516\" \/>\n<h3 data-start=\"1518\" data-end=\"1551\"><strong data-start=\"1522\" data-end=\"1549\">ONCE perfume filosofija<\/strong><\/h3>\n<p data-start=\"1552\" data-end=\"1801\">ONCE kvepalai pasakoja <strong data-start=\"1575\" data-end=\"1609\">asmenines istorijas per kvapus<\/strong> \u2013 kiekvienas aromatas atspindi emocij\u0105: <strong data-start=\"1650\" data-end=\"1716\">meil\u0119, d\u017eiaugsm\u0105, dr\u0105s\u0105, tro\u0161kim\u0105, jausmingum\u0105 ar pasitik\u0117jim\u0105<\/strong>.<br data-start=\"1717\" data-end=\"1720\" \/>Tai <strong data-start=\"1724\" data-end=\"1755\">unikal\u016bs, ilgai i\u0161liekantys<\/strong> kvapai, sukurti tiek moterims, tiek vyrams.<\/p>\n<p data-start=\"1803\" data-end=\"1987\">Kolekcijoje: <em data-start=\"1816\" data-end=\"1894\">Lipsens, Hotis, Handfidance, Lorev, Desight, Josy, Exiro, Courield, Braries.<\/em><br data-start=\"1894\" data-end=\"1897\" \/>Visi ONCE aromatai <strong data-start=\"1916\" data-end=\"1939\">pagaminti Italijoje<\/strong> ir <strong data-start=\"1943\" data-end=\"1987\">pasi\u017eymi i\u0161skirtine kokybe bei prabanga.<\/strong><\/p>\n","protected":false},"excerpt":{"rendered":"<p data-start=\"120\" data-end=\"278\">ONCE LOREV \u2013 prabangus moter\u0173 kvepal\u0173 rinkinys su 100 ml ir 10 ml aromatu bei kosmetine. G\u0117li\u0173 ir muskuso derinys, \u012fk\u016bnijantis \u0161vies\u0105, dr\u0105s\u0105 ir moteri\u0161kum\u0105.<\/p>\n","protected":false},"featured_media":59811,"template":"","meta":[],"product_brand":[558],"product_cat":[1137,707,545,978],"product_tag":[1636],"class_list":{"0":"post-59813","1":"product","2":"type-product","3":"status-publish","4":"has-post-thumbnail","6":"product_brand-once-perfume","7":"product_cat-dovanos","8":"product_cat-kvepalai","9":"product_cat-kvepalai-moterims","10":"product_cat-kvepalu-rinkiniai","11":"product_tag-once-perfume","13":"first","14":"instock","15":"sale","16":"taxable","17":"shipping-taxable","18":"purchasable","19":"product-type-simple"},"yoast_head":"<!-- This site is optimized with the Yoast SEO plugin v27.4 - https:\/\/yoast.com\/product\/yoast-seo-wordpress\/ -->\n<title>ONCE moter\u0173 kvepal\u0173 rinkinys LOREV EDP (100ml + 10ml) + kosmetin\u0117 - MalinaShop.lt J\u016bs\u0173 sveikatai ir gro\u017eiui.<\/title>\n<meta name=\"description\" content=\"ONCE LOREV \u2013 prabangus kvepal\u0173 rinkinys moterims su 100 ml ir 10 ml buteliukais bei kosmetine. \u0160viesos, dr\u0105sos ir elegancijos aromatas.\" \/>\n<meta name=\"robots\" content=\"index, follow, max-snippet:-1, max-image-preview:large, max-video-preview:-1\" \/>\n<link rel=\"canonical\" href=\"https:\/\/www.malinashop.lt\/en\/shop\/once-moteru-kvepalu-rinkinys-lorev-edp-100ml-10ml-kosmetine-2\/\" \/>\n<meta property=\"og:locale\" content=\"en_GB\" \/>\n<meta property=\"og:type\" content=\"article\" \/>\n<meta property=\"og:title\" content=\"ONCE moter\u0173 kvepal\u0173 rinkinys LOREV EDP (100ml + 10ml) + kosmetin\u0117 - MalinaShop.lt J\u016bs\u0173 sveikatai ir gro\u017eiui.\" \/>\n<meta property=\"og:description\" content=\"ONCE LOREV \u2013 prabangus kvepal\u0173 rinkinys moterims su 100 ml ir 10 ml buteliukais bei kosmetine. \u0160viesos, dr\u0105sos ir elegancijos aromatas.\" \/>\n<meta property=\"og:url\" content=\"https:\/\/www.malinashop.lt\/en\/shop\/once-moteru-kvepalu-rinkinys-lorev-edp-100ml-10ml-kosmetine-2\/\" \/>\n<meta property=\"og:site_name\" content=\"MalinaShop.lt J\u016bs\u0173 sveikatai ir gro\u017eiui.\" \/>\n<meta property=\"article:modified_time\" content=\"2026-03-18T09:32:56+00:00\" \/>\n<meta property=\"og:image\" content=\"https:\/\/www.malinashop.lt\/wp-content\/uploads\/2024\/11\/ONCE-moteru-kvepalu-rinkinys-LOREV-EDP-100ml-10ml-kosmetine.webp\" \/>\n\t<meta property=\"og:image:width\" content=\"990\" \/>\n\t<meta property=\"og:image:height\" content=\"990\" \/>\n\t<meta property=\"og:image:type\" content=\"image\/webp\" \/>\n<meta name=\"twitter:card\" content=\"summary_large_image\" \/>\n<script type=\"application\/ld+json\" class=\"yoast-schema-graph\">{\"@context\":\"https:\\\/\\\/schema.org\",\"@graph\":[{\"@type\":\"WebPage\",\"@id\":\"https:\\\/\\\/www.malinashop.lt\\\/en\\\/shop\\\/once-moteru-kvepalu-rinkinys-lorev-edp-100ml-10ml-kosmetine-2\\\/\",\"url\":\"https:\\\/\\\/www.malinashop.lt\\\/en\\\/shop\\\/once-moteru-kvepalu-rinkinys-lorev-edp-100ml-10ml-kosmetine-2\\\/\",\"name\":\"ONCE moter\u0173 kvepal\u0173 rinkinys LOREV EDP (100ml + 10ml) + kosmetin\u0117 - MalinaShop.lt J\u016bs\u0173 sveikatai ir gro\u017eiui.\",\"isPartOf\":{\"@id\":\"https:\\\/\\\/www.malinashop.lt\\\/#website\"},\"primaryImageOfPage\":{\"@id\":\"https:\\\/\\\/www.malinashop.lt\\\/en\\\/shop\\\/once-moteru-kvepalu-rinkinys-lorev-edp-100ml-10ml-kosmetine-2\\\/#primaryimage\"},\"image\":{\"@id\":\"https:\\\/\\\/www.malinashop.lt\\\/en\\\/shop\\\/once-moteru-kvepalu-rinkinys-lorev-edp-100ml-10ml-kosmetine-2\\\/#primaryimage\"},\"thumbnailUrl\":\"https:\\\/\\\/www.malinashop.lt\\\/wp-content\\\/uploads\\\/2024\\\/11\\\/ONCE-moteru-kvepalu-rinkinys-LOREV-EDP-100ml-10ml-kosmetine.webp\",\"datePublished\":\"2025-10-28T19:42:44+00:00\",\"dateModified\":\"2026-03-18T09:32:56+00:00\",\"description\":\"ONCE LOREV \u2013 prabangus kvepal\u0173 rinkinys moterims su 100 ml ir 10 ml buteliukais bei kosmetine. \u0160viesos, dr\u0105sos ir elegancijos aromatas.\",\"breadcrumb\":{\"@id\":\"https:\\\/\\\/www.malinashop.lt\\\/en\\\/shop\\\/once-moteru-kvepalu-rinkinys-lorev-edp-100ml-10ml-kosmetine-2\\\/#breadcrumb\"},\"inLanguage\":\"en-GB\",\"potentialAction\":[{\"@type\":\"ReadAction\",\"target\":[\"https:\\\/\\\/www.malinashop.lt\\\/en\\\/shop\\\/once-moteru-kvepalu-rinkinys-lorev-edp-100ml-10ml-kosmetine-2\\\/\"]}]},{\"@type\":\"ImageObject\",\"inLanguage\":\"en-GB\",\"@id\":\"https:\\\/\\\/www.malinashop.lt\\\/en\\\/shop\\\/once-moteru-kvepalu-rinkinys-lorev-edp-100ml-10ml-kosmetine-2\\\/#primaryimage\",\"url\":\"https:\\\/\\\/www.malinashop.lt\\\/wp-content\\\/uploads\\\/2024\\\/11\\\/ONCE-moteru-kvepalu-rinkinys-LOREV-EDP-100ml-10ml-kosmetine.webp\",\"contentUrl\":\"https:\\\/\\\/www.malinashop.lt\\\/wp-content\\\/uploads\\\/2024\\\/11\\\/ONCE-moteru-kvepalu-rinkinys-LOREV-EDP-100ml-10ml-kosmetine.webp\",\"width\":990,\"height\":990},{\"@type\":\"BreadcrumbList\",\"@id\":\"https:\\\/\\\/www.malinashop.lt\\\/en\\\/shop\\\/once-moteru-kvepalu-rinkinys-lorev-edp-100ml-10ml-kosmetine-2\\\/#breadcrumb\",\"itemListElement\":[{\"@type\":\"ListItem\",\"position\":1,\"name\":\"Pagrindinis\",\"item\":\"https:\\\/\\\/www.malinashop.lt\\\/\"},{\"@type\":\"ListItem\",\"position\":2,\"name\":\"Parduotuv\u0117\",\"item\":\"https:\\\/\\\/www.malinashop.lt\\\/en\\\/parduotuve\\\/\"},{\"@type\":\"ListItem\",\"position\":3,\"name\":\"ONCE moter\u0173 kvepal\u0173 rinkinys LOREV EDP (100ml + 10ml) + kosmetin\u0117\"}]},{\"@type\":\"WebSite\",\"@id\":\"https:\\\/\\\/www.malinashop.lt\\\/#website\",\"url\":\"https:\\\/\\\/www.malinashop.lt\\\/\",\"name\":\"COM Group Ecommerce\",\"description\":\"MalinaShop.lt - Gro\u017eio ir sveikatos produktai i\u0161 patikim\u0173 preki\u0173 \u017eenkl\u0173. Atraskite auk\u0161tos kokyb\u0117s kosmetik\u0105 u\u017e puiki\u0105 kain\u0105.\",\"publisher\":{\"@id\":\"https:\\\/\\\/www.malinashop.lt\\\/#organization\"},\"potentialAction\":[{\"@type\":\"SearchAction\",\"target\":{\"@type\":\"EntryPoint\",\"urlTemplate\":\"https:\\\/\\\/www.malinashop.lt\\\/?s={search_term_string}\"},\"query-input\":{\"@type\":\"PropertyValueSpecification\",\"valueRequired\":true,\"valueName\":\"search_term_string\"}}],\"inLanguage\":\"en-GB\"},{\"@type\":\"Organization\",\"@id\":\"https:\\\/\\\/www.malinashop.lt\\\/#organization\",\"name\":\"COM Group Ecommerce\",\"url\":\"https:\\\/\\\/www.malinashop.lt\\\/\",\"logo\":{\"@type\":\"ImageObject\",\"inLanguage\":\"en-GB\",\"@id\":\"https:\\\/\\\/www.malinashop.lt\\\/#\\\/schema\\\/logo\\\/image\\\/\",\"url\":\"https:\\\/\\\/www.malinashop.lt\\\/wp-content\\\/uploads\\\/2024\\\/08\\\/462559670_3787732518133670_9795632669273463_n-e1731525914575.png\",\"contentUrl\":\"https:\\\/\\\/www.malinashop.lt\\\/wp-content\\\/uploads\\\/2024\\\/08\\\/462559670_3787732518133670_9795632669273463_n-e1731525914575.png\",\"width\":180,\"height\":60,\"caption\":\"COM Group Ecommerce\"},\"image\":{\"@id\":\"https:\\\/\\\/www.malinashop.lt\\\/#\\\/schema\\\/logo\\\/image\\\/\"}}]}<\/script>\n<!-- \/ Yoast SEO plugin. -->","yoast_head_json":{"title":"ONCE moter\u0173 kvepal\u0173 rinkinys LOREV EDP (100ml + 10ml) + kosmetin\u0117 - MalinaShop.lt J\u016bs\u0173 sveikatai ir gro\u017eiui.","description":"ONCE LOREV \u2013 prabangus kvepal\u0173 rinkinys moterims su 100 ml ir 10 ml buteliukais bei kosmetine. \u0160viesos, dr\u0105sos ir elegancijos aromatas.","robots":{"index":"index","follow":"follow","max-snippet":"max-snippet:-1","max-image-preview":"max-image-preview:large","max-video-preview":"max-video-preview:-1"},"canonical":"https:\/\/www.malinashop.lt\/en\/shop\/once-moteru-kvepalu-rinkinys-lorev-edp-100ml-10ml-kosmetine-2\/","og_locale":"en_GB","og_type":"article","og_title":"ONCE moter\u0173 kvepal\u0173 rinkinys LOREV EDP (100ml + 10ml) + kosmetin\u0117 - MalinaShop.lt J\u016bs\u0173 sveikatai ir gro\u017eiui.","og_description":"ONCE LOREV \u2013 prabangus kvepal\u0173 rinkinys moterims su 100 ml ir 10 ml buteliukais bei kosmetine. \u0160viesos, dr\u0105sos ir elegancijos aromatas.","og_url":"https:\/\/www.malinashop.lt\/en\/shop\/once-moteru-kvepalu-rinkinys-lorev-edp-100ml-10ml-kosmetine-2\/","og_site_name":"MalinaShop.lt J\u016bs\u0173 sveikatai ir gro\u017eiui.","article_modified_time":"2026-03-18T09:32:56+00:00","og_image":[{"width":990,"height":990,"url":"https:\/\/www.malinashop.lt\/wp-content\/uploads\/2024\/11\/ONCE-moteru-kvepalu-rinkinys-LOREV-EDP-100ml-10ml-kosmetine.webp","type":"image\/webp"}],"twitter_card":"summary_large_image","schema":{"@context":"https:\/\/schema.org","@graph":[{"@type":"WebPage","@id":"https:\/\/www.malinashop.lt\/en\/shop\/once-moteru-kvepalu-rinkinys-lorev-edp-100ml-10ml-kosmetine-2\/","url":"https:\/\/www.malinashop.lt\/en\/shop\/once-moteru-kvepalu-rinkinys-lorev-edp-100ml-10ml-kosmetine-2\/","name":"ONCE moter\u0173 kvepal\u0173 rinkinys LOREV EDP (100ml + 10ml) + kosmetin\u0117 - MalinaShop.lt J\u016bs\u0173 sveikatai ir gro\u017eiui.","isPartOf":{"@id":"https:\/\/www.malinashop.lt\/#website"},"primaryImageOfPage":{"@id":"https:\/\/www.malinashop.lt\/en\/shop\/once-moteru-kvepalu-rinkinys-lorev-edp-100ml-10ml-kosmetine-2\/#primaryimage"},"image":{"@id":"https:\/\/www.malinashop.lt\/en\/shop\/once-moteru-kvepalu-rinkinys-lorev-edp-100ml-10ml-kosmetine-2\/#primaryimage"},"thumbnailUrl":"https:\/\/www.malinashop.lt\/wp-content\/uploads\/2024\/11\/ONCE-moteru-kvepalu-rinkinys-LOREV-EDP-100ml-10ml-kosmetine.webp","datePublished":"2025-10-28T19:42:44+00:00","dateModified":"2026-03-18T09:32:56+00:00","description":"ONCE LOREV \u2013 prabangus kvepal\u0173 rinkinys moterims su 100 ml ir 10 ml buteliukais bei kosmetine. \u0160viesos, dr\u0105sos ir elegancijos aromatas.","breadcrumb":{"@id":"https:\/\/www.malinashop.lt\/en\/shop\/once-moteru-kvepalu-rinkinys-lorev-edp-100ml-10ml-kosmetine-2\/#breadcrumb"},"inLanguage":"en-GB","potentialAction":[{"@type":"ReadAction","target":["https:\/\/www.malinashop.lt\/en\/shop\/once-moteru-kvepalu-rinkinys-lorev-edp-100ml-10ml-kosmetine-2\/"]}]},{"@type":"ImageObject","inLanguage":"en-GB","@id":"https:\/\/www.malinashop.lt\/en\/shop\/once-moteru-kvepalu-rinkinys-lorev-edp-100ml-10ml-kosmetine-2\/#primaryimage","url":"https:\/\/www.malinashop.lt\/wp-content\/uploads\/2024\/11\/ONCE-moteru-kvepalu-rinkinys-LOREV-EDP-100ml-10ml-kosmetine.webp","contentUrl":"https:\/\/www.malinashop.lt\/wp-content\/uploads\/2024\/11\/ONCE-moteru-kvepalu-rinkinys-LOREV-EDP-100ml-10ml-kosmetine.webp","width":990,"height":990},{"@type":"BreadcrumbList","@id":"https:\/\/www.malinashop.lt\/en\/shop\/once-moteru-kvepalu-rinkinys-lorev-edp-100ml-10ml-kosmetine-2\/#breadcrumb","itemListElement":[{"@type":"ListItem","position":1,"name":"Pagrindinis","item":"https:\/\/www.malinashop.lt\/"},{"@type":"ListItem","position":2,"name":"Parduotuv\u0117","item":"https:\/\/www.malinashop.lt\/en\/parduotuve\/"},{"@type":"ListItem","position":3,"name":"ONCE moter\u0173 kvepal\u0173 rinkinys LOREV EDP (100ml + 10ml) + kosmetin\u0117"}]},{"@type":"WebSite","@id":"https:\/\/www.malinashop.lt\/#website","url":"https:\/\/www.malinashop.lt\/","name":"COM Group Ecommerce","description":"MalinaShop.lt - Gro\u017eio ir sveikatos produktai i\u0161 patikim\u0173 preki\u0173 \u017eenkl\u0173. Atraskite auk\u0161tos kokyb\u0117s kosmetik\u0105 u\u017e puiki\u0105 kain\u0105.","publisher":{"@id":"https:\/\/www.malinashop.lt\/#organization"},"potentialAction":[{"@type":"SearchAction","target":{"@type":"EntryPoint","urlTemplate":"https:\/\/www.malinashop.lt\/?s={search_term_string}"},"query-input":{"@type":"PropertyValueSpecification","valueRequired":true,"valueName":"search_term_string"}}],"inLanguage":"en-GB"},{"@type":"Organization","@id":"https:\/\/www.malinashop.lt\/#organization","name":"COM Group Ecommerce","url":"https:\/\/www.malinashop.lt\/","logo":{"@type":"ImageObject","inLanguage":"en-GB","@id":"https:\/\/www.malinashop.lt\/#\/schema\/logo\/image\/","url":"https:\/\/www.malinashop.lt\/wp-content\/uploads\/2024\/08\/462559670_3787732518133670_9795632669273463_n-e1731525914575.png","contentUrl":"https:\/\/www.malinashop.lt\/wp-content\/uploads\/2024\/08\/462559670_3787732518133670_9795632669273463_n-e1731525914575.png","width":180,"height":60,"caption":"COM Group Ecommerce"},"image":{"@id":"https:\/\/www.malinashop.lt\/#\/schema\/logo\/image\/"}}]}},"jetpack_sharing_enabled":true,"_links":{"self":[{"href":"https:\/\/www.malinashop.lt\/en\/wp-json\/wp\/v2\/product\/59813","targetHints":{"allow":["GET"]}}],"collection":[{"href":"https:\/\/www.malinashop.lt\/en\/wp-json\/wp\/v2\/product"}],"about":[{"href":"https:\/\/www.malinashop.lt\/en\/wp-json\/wp\/v2\/types\/product"}],"version-history":[{"count":1,"href":"https:\/\/www.malinashop.lt\/en\/wp-json\/wp\/v2\/product\/59813\/revisions"}],"predecessor-version":[{"id":59814,"href":"https:\/\/www.malinashop.lt\/en\/wp-json\/wp\/v2\/product\/59813\/revisions\/59814"}],"wp:featuredmedia":[{"embeddable":true,"href":"https:\/\/www.malinashop.lt\/en\/wp-json\/wp\/v2\/media\/59811"}],"wp:attachment":[{"href":"https:\/\/www.malinashop.lt\/en\/wp-json\/wp\/v2\/media?parent=59813"}],"wp:term":[{"taxonomy":"product_brand","embeddable":true,"href":"https:\/\/www.malinashop.lt\/en\/wp-json\/wp\/v2\/product_brand?post=59813"},{"taxonomy":"product_cat","embeddable":true,"href":"https:\/\/www.malinashop.lt\/en\/wp-json\/wp\/v2\/product_cat?post=59813"},{"taxonomy":"product_tag","embeddable":true,"href":"https:\/\/www.malinashop.lt\/en\/wp-json\/wp\/v2\/product_tag?post=59813"}],"curies":[{"name":"wp","href":"https:\/\/api.w.org\/{rel}","templated":true}]}}