{"id":59726,"date":"2026-01-31T11:48:59","date_gmt":"2026-01-31T08:48:59","guid":{"rendered":"https:\/\/malinashop.lt\/?post_type=product&#038;p=59726"},"modified":"2026-04-08T00:22:03","modified_gmt":"2026-04-07T21:22:03","slug":"biodance-bio-collagen-real-deep-veido-kauke-34-g","status":"publish","type":"product","link":"https:\/\/www.malinashop.lt\/en\/shop\/biodance-bio-collagen-real-deep-veido-kauke-34-g\/","title":{"rendered":"BIODANCE BIO COLLAGEN-REAL DEEP veido kauk\u0117, 34 g"},"content":{"rendered":"<p data-start=\"297\" data-end=\"520\"><strong data-start=\"297\" data-end=\"344\">BIODANCE BIO COLLAGEN-REAL DEEP veido kauk\u0117<\/strong> \u2013 tai itin veiksminga <strong data-start=\"367\" data-end=\"387\">hidrogelio kauk\u0117<\/strong>, sukurta i\u0161 <strong data-start=\"400\" data-end=\"438\">1,19 uncijos koncentruotos ampul\u0117s<\/strong>, kuri papildyta <strong data-start=\"455\" data-end=\"491\">ma\u017eos molekulin\u0117s mas\u0117s kolagenu<\/strong> ir <strong data-start=\"495\" data-end=\"517\">hialurono r\u016bg\u0161timi<\/strong>.<\/p>\n<p data-start=\"522\" data-end=\"806\">\u0160i formul\u0117 intensyviai <strong data-start=\"545\" data-end=\"595\">dr\u0117kina, stangrina ir atkuria odos elastingum\u0105<\/strong>, suteikdama jai skaistumo ir glotnumo. Kauk\u0117s sud\u0117tyje esantis <strong data-start=\"659\" data-end=\"673\">adenozinas<\/strong> ir <strong data-start=\"677\" data-end=\"711\">galaktomic\u0173 ferment\u0173 filtratas<\/strong> padeda suma\u017einti rauk\u0161les, pagerina odos tekst\u016br\u0105 bei padeda i\u0161laikyti jaunatvi\u0161k\u0105 i\u0161vaizd\u0105.<\/p>\n<p data-start=\"808\" data-end=\"983\">Rekomenduojama naudoti <strong data-start=\"831\" data-end=\"856\">ma\u017eiausiai 3 valandas<\/strong>, kad veikliosios med\u017eiagos b\u016bt\u0173 maksimaliai \u012fsisavintos \u2013 kaukei tapus permatomai, ji parodo, kad oda pasisavino vis\u0105 naud\u0105.<\/p>\n<p data-start=\"985\" data-end=\"1002\"><strong data-start=\"985\" data-end=\"1000\">Naudojimas:<\/strong><\/p>\n<ol data-start=\"1003\" data-end=\"1371\">\n<li data-start=\"1003\" data-end=\"1055\">\n<p data-start=\"1006\" data-end=\"1055\">Nuvalykite veid\u0105 ir naudokite tonik\u0105 ar serum\u0105.<\/p>\n<\/li>\n<li data-start=\"1056\" data-end=\"1167\">\n<p data-start=\"1059\" data-end=\"1167\">Atidarykite pakuot\u0119, nuimkite apsaugin\u0119 pl\u0117vel\u0119 ir u\u017ed\u0117kite apatin\u0119 kauk\u0117s dal\u012f, sulygiuodami j\u0105 su burna.<\/p>\n<\/li>\n<li data-start=\"1168\" data-end=\"1226\">\n<p data-start=\"1171\" data-end=\"1226\">Tada u\u017ed\u0117kite vir\u0161utin\u0119 dal\u012f, sulygiuodami su akimis.<\/p>\n<\/li>\n<li data-start=\"1227\" data-end=\"1286\">\n<p data-start=\"1230\" data-end=\"1286\">Palikite <strong data-start=\"1239\" data-end=\"1255\">3\u20134 valandas<\/strong> arba kol kauk\u0117 taps skaidri.<\/p>\n<\/li>\n<li data-start=\"1287\" data-end=\"1371\">\n<p data-start=\"1290\" data-end=\"1371\">Nuimkite ir \u0161velniai \u012fmasa\u017euokite likus\u012f serum\u0105.<br data-start=\"1338\" data-end=\"1341\" \/>Tinka kasdieniam naudojimui.<\/p>\n<\/li>\n<\/ol>\n","protected":false},"excerpt":{"rendered":"<p>BIODANCE BIO COLLAGEN-REAL DEEP \u2013 hidrogelio veido kauk\u0117 su kolagenu ir hialurono r\u016bg\u0161timi, intensyviai dr\u0117kinanti, stangrinanti ir suteikianti odai elastingumo.<\/p>\n","protected":false},"featured_media":59728,"template":"","meta":[],"product_brand":[1359],"product_cat":[1136,562,728],"product_tag":[1593],"class_list":{"0":"post-59726","1":"product","2":"type-product","3":"status-publish","4":"has-post-thumbnail","6":"product_brand-biodance","7":"product_cat-lakstines-veido-kaukes","8":"product_cat-sandelio-valymas","9":"product_cat-veidui","10":"product_tag-biodance","12":"first","13":"instock","14":"sale","15":"taxable","16":"shipping-taxable","17":"purchasable","18":"product-type-simple"},"yoast_head":"<!-- This site is optimized with the Yoast SEO plugin v27.4 - https:\/\/yoast.com\/product\/yoast-seo-wordpress\/ -->\n<title>BIODANCE BIO COLLAGEN-REAL DEEP veido kauk\u0117, 34 g - MalinaShop.lt J\u016bs\u0173 sveikatai ir gro\u017eiui.<\/title>\n<meta name=\"description\" content=\"BIODANCE BIO COLLAGEN-REAL DEEP \u2013 kolageno ir hialurono kauk\u0117, giliai dr\u0117kina, stangrina ir atkuria odos elastingum\u0105.\" \/>\n<meta name=\"robots\" content=\"index, follow, max-snippet:-1, max-image-preview:large, max-video-preview:-1\" \/>\n<link rel=\"canonical\" href=\"https:\/\/www.malinashop.lt\/en\/shop\/biodance-bio-collagen-real-deep-veido-kauke-34-g\/\" \/>\n<meta property=\"og:locale\" content=\"en_GB\" \/>\n<meta property=\"og:type\" content=\"article\" \/>\n<meta property=\"og:title\" content=\"BIODANCE BIO COLLAGEN-REAL DEEP veido kauk\u0117, 34 g - MalinaShop.lt J\u016bs\u0173 sveikatai ir gro\u017eiui.\" \/>\n<meta property=\"og:description\" content=\"BIODANCE BIO COLLAGEN-REAL DEEP \u2013 kolageno ir hialurono kauk\u0117, giliai dr\u0117kina, stangrina ir atkuria odos elastingum\u0105.\" \/>\n<meta property=\"og:url\" content=\"https:\/\/www.malinashop.lt\/en\/shop\/biodance-bio-collagen-real-deep-veido-kauke-34-g\/\" \/>\n<meta property=\"og:site_name\" content=\"MalinaShop.lt J\u016bs\u0173 sveikatai ir gro\u017eiui.\" \/>\n<meta property=\"article:modified_time\" content=\"2026-04-07T21:22:03+00:00\" \/>\n<meta property=\"og:image\" content=\"https:\/\/www.malinashop.lt\/wp-content\/uploads\/2025\/10\/BIODANCE-BIO-COLLAGEN-REAL-DEEP-veido-kauke-34-g.jpg\" \/>\n\t<meta property=\"og:image:width\" content=\"650\" \/>\n\t<meta property=\"og:image:height\" content=\"650\" \/>\n\t<meta property=\"og:image:type\" content=\"image\/jpeg\" \/>\n<meta name=\"twitter:card\" content=\"summary_large_image\" \/>\n<script type=\"application\/ld+json\" class=\"yoast-schema-graph\">{\"@context\":\"https:\\\/\\\/schema.org\",\"@graph\":[{\"@type\":\"WebPage\",\"@id\":\"https:\\\/\\\/www.malinashop.lt\\\/lt_lt\\\/shop\\\/biodance-bio-collagen-real-deep-veido-kauke-34-g\\\/\",\"url\":\"https:\\\/\\\/www.malinashop.lt\\\/lt_lt\\\/shop\\\/biodance-bio-collagen-real-deep-veido-kauke-34-g\\\/\",\"name\":\"BIODANCE BIO COLLAGEN-REAL DEEP veido kauk\u0117, 34 g - MalinaShop.lt J\u016bs\u0173 sveikatai ir gro\u017eiui.\",\"isPartOf\":{\"@id\":\"https:\\\/\\\/www.malinashop.lt\\\/en\\\/#website\"},\"primaryImageOfPage\":{\"@id\":\"https:\\\/\\\/www.malinashop.lt\\\/lt_lt\\\/shop\\\/biodance-bio-collagen-real-deep-veido-kauke-34-g\\\/#primaryimage\"},\"image\":{\"@id\":\"https:\\\/\\\/www.malinashop.lt\\\/lt_lt\\\/shop\\\/biodance-bio-collagen-real-deep-veido-kauke-34-g\\\/#primaryimage\"},\"thumbnailUrl\":\"https:\\\/\\\/www.malinashop.lt\\\/wp-content\\\/uploads\\\/2025\\\/10\\\/BIODANCE-BIO-COLLAGEN-REAL-DEEP-veido-kauke-34-g.jpg\",\"datePublished\":\"2026-01-31T08:48:59+00:00\",\"dateModified\":\"2026-04-07T21:22:03+00:00\",\"description\":\"BIODANCE BIO COLLAGEN-REAL DEEP \u2013 kolageno ir hialurono kauk\u0117, giliai dr\u0117kina, stangrina ir atkuria odos elastingum\u0105.\",\"breadcrumb\":{\"@id\":\"https:\\\/\\\/www.malinashop.lt\\\/lt_lt\\\/shop\\\/biodance-bio-collagen-real-deep-veido-kauke-34-g\\\/#breadcrumb\"},\"inLanguage\":\"en-GB\",\"potentialAction\":[{\"@type\":\"ReadAction\",\"target\":[\"https:\\\/\\\/www.malinashop.lt\\\/lt_lt\\\/shop\\\/biodance-bio-collagen-real-deep-veido-kauke-34-g\\\/\"]}]},{\"@type\":\"ImageObject\",\"inLanguage\":\"en-GB\",\"@id\":\"https:\\\/\\\/www.malinashop.lt\\\/lt_lt\\\/shop\\\/biodance-bio-collagen-real-deep-veido-kauke-34-g\\\/#primaryimage\",\"url\":\"https:\\\/\\\/www.malinashop.lt\\\/wp-content\\\/uploads\\\/2025\\\/10\\\/BIODANCE-BIO-COLLAGEN-REAL-DEEP-veido-kauke-34-g.jpg\",\"contentUrl\":\"https:\\\/\\\/www.malinashop.lt\\\/wp-content\\\/uploads\\\/2025\\\/10\\\/BIODANCE-BIO-COLLAGEN-REAL-DEEP-veido-kauke-34-g.jpg\",\"width\":650,\"height\":650},{\"@type\":\"BreadcrumbList\",\"@id\":\"https:\\\/\\\/www.malinashop.lt\\\/lt_lt\\\/shop\\\/biodance-bio-collagen-real-deep-veido-kauke-34-g\\\/#breadcrumb\",\"itemListElement\":[{\"@type\":\"ListItem\",\"position\":1,\"name\":\"Home\",\"item\":\"https:\\\/\\\/www.malinashop.lt\\\/en\\\/\"},{\"@type\":\"ListItem\",\"position\":2,\"name\":\"Parduotuv\u0117\",\"item\":\"https:\\\/\\\/www.malinashop.lt\\\/en\\\/parduotuve\\\/\"},{\"@type\":\"ListItem\",\"position\":3,\"name\":\"BIODANCE BIO COLLAGEN-REAL DEEP veido kauk\u0117, 34 g\"}]},{\"@type\":\"WebSite\",\"@id\":\"https:\\\/\\\/www.malinashop.lt\\\/en\\\/#website\",\"url\":\"https:\\\/\\\/www.malinashop.lt\\\/en\\\/\",\"name\":\"COM Group Ecommerce\",\"description\":\"MalinaShop.lt - Gro\u017eio ir sveikatos produktai i\u0161 patikim\u0173 preki\u0173 \u017eenkl\u0173. Atraskite auk\u0161tos kokyb\u0117s kosmetik\u0105 u\u017e puiki\u0105 kain\u0105.\",\"publisher\":{\"@id\":\"https:\\\/\\\/www.malinashop.lt\\\/en\\\/#organization\"},\"potentialAction\":[{\"@type\":\"SearchAction\",\"target\":{\"@type\":\"EntryPoint\",\"urlTemplate\":\"https:\\\/\\\/www.malinashop.lt\\\/en\\\/?s={search_term_string}\"},\"query-input\":{\"@type\":\"PropertyValueSpecification\",\"valueRequired\":true,\"valueName\":\"search_term_string\"}}],\"inLanguage\":\"en-GB\"},{\"@type\":\"Organization\",\"@id\":\"https:\\\/\\\/www.malinashop.lt\\\/en\\\/#organization\",\"name\":\"COM Group Ecommerce\",\"url\":\"https:\\\/\\\/www.malinashop.lt\\\/en\\\/\",\"logo\":{\"@type\":\"ImageObject\",\"inLanguage\":\"en-GB\",\"@id\":\"https:\\\/\\\/www.malinashop.lt\\\/en\\\/#\\\/schema\\\/logo\\\/image\\\/\",\"url\":\"https:\\\/\\\/www.malinashop.lt\\\/wp-content\\\/uploads\\\/2024\\\/08\\\/462559670_3787732518133670_9795632669273463_n-e1731525914575.png\",\"contentUrl\":\"https:\\\/\\\/www.malinashop.lt\\\/wp-content\\\/uploads\\\/2024\\\/08\\\/462559670_3787732518133670_9795632669273463_n-e1731525914575.png\",\"width\":180,\"height\":60,\"caption\":\"COM Group Ecommerce\"},\"image\":{\"@id\":\"https:\\\/\\\/www.malinashop.lt\\\/en\\\/#\\\/schema\\\/logo\\\/image\\\/\"}}]}<\/script>\n<!-- \/ Yoast SEO plugin. -->","yoast_head_json":{"title":"BIODANCE BIO COLLAGEN-REAL DEEP veido kauk\u0117, 34 g - MalinaShop.lt J\u016bs\u0173 sveikatai ir gro\u017eiui.","description":"BIODANCE BIO COLLAGEN-REAL DEEP \u2013 kolageno ir hialurono kauk\u0117, giliai dr\u0117kina, stangrina ir atkuria odos elastingum\u0105.","robots":{"index":"index","follow":"follow","max-snippet":"max-snippet:-1","max-image-preview":"max-image-preview:large","max-video-preview":"max-video-preview:-1"},"canonical":"https:\/\/www.malinashop.lt\/en\/shop\/biodance-bio-collagen-real-deep-veido-kauke-34-g\/","og_locale":"en_GB","og_type":"article","og_title":"BIODANCE BIO COLLAGEN-REAL DEEP veido kauk\u0117, 34 g - MalinaShop.lt J\u016bs\u0173 sveikatai ir gro\u017eiui.","og_description":"BIODANCE BIO COLLAGEN-REAL DEEP \u2013 kolageno ir hialurono kauk\u0117, giliai dr\u0117kina, stangrina ir atkuria odos elastingum\u0105.","og_url":"https:\/\/www.malinashop.lt\/en\/shop\/biodance-bio-collagen-real-deep-veido-kauke-34-g\/","og_site_name":"MalinaShop.lt J\u016bs\u0173 sveikatai ir gro\u017eiui.","article_modified_time":"2026-04-07T21:22:03+00:00","og_image":[{"width":650,"height":650,"url":"https:\/\/www.malinashop.lt\/wp-content\/uploads\/2025\/10\/BIODANCE-BIO-COLLAGEN-REAL-DEEP-veido-kauke-34-g.jpg","type":"image\/jpeg"}],"twitter_card":"summary_large_image","schema":{"@context":"https:\/\/schema.org","@graph":[{"@type":"WebPage","@id":"https:\/\/www.malinashop.lt\/lt_lt\/shop\/biodance-bio-collagen-real-deep-veido-kauke-34-g\/","url":"https:\/\/www.malinashop.lt\/lt_lt\/shop\/biodance-bio-collagen-real-deep-veido-kauke-34-g\/","name":"BIODANCE BIO COLLAGEN-REAL DEEP veido kauk\u0117, 34 g - MalinaShop.lt J\u016bs\u0173 sveikatai ir gro\u017eiui.","isPartOf":{"@id":"https:\/\/www.malinashop.lt\/en\/#website"},"primaryImageOfPage":{"@id":"https:\/\/www.malinashop.lt\/lt_lt\/shop\/biodance-bio-collagen-real-deep-veido-kauke-34-g\/#primaryimage"},"image":{"@id":"https:\/\/www.malinashop.lt\/lt_lt\/shop\/biodance-bio-collagen-real-deep-veido-kauke-34-g\/#primaryimage"},"thumbnailUrl":"https:\/\/www.malinashop.lt\/wp-content\/uploads\/2025\/10\/BIODANCE-BIO-COLLAGEN-REAL-DEEP-veido-kauke-34-g.jpg","datePublished":"2026-01-31T08:48:59+00:00","dateModified":"2026-04-07T21:22:03+00:00","description":"BIODANCE BIO COLLAGEN-REAL DEEP \u2013 kolageno ir hialurono kauk\u0117, giliai dr\u0117kina, stangrina ir atkuria odos elastingum\u0105.","breadcrumb":{"@id":"https:\/\/www.malinashop.lt\/lt_lt\/shop\/biodance-bio-collagen-real-deep-veido-kauke-34-g\/#breadcrumb"},"inLanguage":"en-GB","potentialAction":[{"@type":"ReadAction","target":["https:\/\/www.malinashop.lt\/lt_lt\/shop\/biodance-bio-collagen-real-deep-veido-kauke-34-g\/"]}]},{"@type":"ImageObject","inLanguage":"en-GB","@id":"https:\/\/www.malinashop.lt\/lt_lt\/shop\/biodance-bio-collagen-real-deep-veido-kauke-34-g\/#primaryimage","url":"https:\/\/www.malinashop.lt\/wp-content\/uploads\/2025\/10\/BIODANCE-BIO-COLLAGEN-REAL-DEEP-veido-kauke-34-g.jpg","contentUrl":"https:\/\/www.malinashop.lt\/wp-content\/uploads\/2025\/10\/BIODANCE-BIO-COLLAGEN-REAL-DEEP-veido-kauke-34-g.jpg","width":650,"height":650},{"@type":"BreadcrumbList","@id":"https:\/\/www.malinashop.lt\/lt_lt\/shop\/biodance-bio-collagen-real-deep-veido-kauke-34-g\/#breadcrumb","itemListElement":[{"@type":"ListItem","position":1,"name":"Home","item":"https:\/\/www.malinashop.lt\/en\/"},{"@type":"ListItem","position":2,"name":"Parduotuv\u0117","item":"https:\/\/www.malinashop.lt\/en\/parduotuve\/"},{"@type":"ListItem","position":3,"name":"BIODANCE BIO COLLAGEN-REAL DEEP veido kauk\u0117, 34 g"}]},{"@type":"WebSite","@id":"https:\/\/www.malinashop.lt\/en\/#website","url":"https:\/\/www.malinashop.lt\/en\/","name":"COM Group Ecommerce","description":"MalinaShop.lt - Gro\u017eio ir sveikatos produktai i\u0161 patikim\u0173 preki\u0173 \u017eenkl\u0173. Atraskite auk\u0161tos kokyb\u0117s kosmetik\u0105 u\u017e puiki\u0105 kain\u0105.","publisher":{"@id":"https:\/\/www.malinashop.lt\/en\/#organization"},"potentialAction":[{"@type":"SearchAction","target":{"@type":"EntryPoint","urlTemplate":"https:\/\/www.malinashop.lt\/en\/?s={search_term_string}"},"query-input":{"@type":"PropertyValueSpecification","valueRequired":true,"valueName":"search_term_string"}}],"inLanguage":"en-GB"},{"@type":"Organization","@id":"https:\/\/www.malinashop.lt\/en\/#organization","name":"COM Group Ecommerce","url":"https:\/\/www.malinashop.lt\/en\/","logo":{"@type":"ImageObject","inLanguage":"en-GB","@id":"https:\/\/www.malinashop.lt\/en\/#\/schema\/logo\/image\/","url":"https:\/\/www.malinashop.lt\/wp-content\/uploads\/2024\/08\/462559670_3787732518133670_9795632669273463_n-e1731525914575.png","contentUrl":"https:\/\/www.malinashop.lt\/wp-content\/uploads\/2024\/08\/462559670_3787732518133670_9795632669273463_n-e1731525914575.png","width":180,"height":60,"caption":"COM Group Ecommerce"},"image":{"@id":"https:\/\/www.malinashop.lt\/en\/#\/schema\/logo\/image\/"}}]}},"jetpack_sharing_enabled":true,"_links":{"self":[{"href":"https:\/\/www.malinashop.lt\/en\/wp-json\/wp\/v2\/product\/59726","targetHints":{"allow":["GET"]}}],"collection":[{"href":"https:\/\/www.malinashop.lt\/en\/wp-json\/wp\/v2\/product"}],"about":[{"href":"https:\/\/www.malinashop.lt\/en\/wp-json\/wp\/v2\/types\/product"}],"version-history":[{"count":1,"href":"https:\/\/www.malinashop.lt\/en\/wp-json\/wp\/v2\/product\/59726\/revisions"}],"predecessor-version":[{"id":59729,"href":"https:\/\/www.malinashop.lt\/en\/wp-json\/wp\/v2\/product\/59726\/revisions\/59729"}],"wp:featuredmedia":[{"embeddable":true,"href":"https:\/\/www.malinashop.lt\/en\/wp-json\/wp\/v2\/media\/59728"}],"wp:attachment":[{"href":"https:\/\/www.malinashop.lt\/en\/wp-json\/wp\/v2\/media?parent=59726"}],"wp:term":[{"taxonomy":"product_brand","embeddable":true,"href":"https:\/\/www.malinashop.lt\/en\/wp-json\/wp\/v2\/product_brand?post=59726"},{"taxonomy":"product_cat","embeddable":true,"href":"https:\/\/www.malinashop.lt\/en\/wp-json\/wp\/v2\/product_cat?post=59726"},{"taxonomy":"product_tag","embeddable":true,"href":"https:\/\/www.malinashop.lt\/en\/wp-json\/wp\/v2\/product_tag?post=59726"}],"curies":[{"name":"wp","href":"https:\/\/api.w.org\/{rel}","templated":true}]}}