{"id":59681,"date":"2025-10-27T13:09:28","date_gmt":"2025-10-27T10:09:28","guid":{"rendered":"https:\/\/malinashop.lt\/?post_type=product&#038;p=59681"},"modified":"2026-03-18T12:41:20","modified_gmt":"2026-03-18T09:41:20","slug":"nejha-svytejimo-suteikianti-drekinamoji-ir-stipriai-maskuojanti-kremine-pudra-p06-caramel-supernova-27ml","status":"publish","type":"product","link":"https:\/\/www.malinashop.lt\/en\/shop\/nejha-svytejimo-suteikianti-drekinamoji-ir-stipriai-maskuojanti-kremine-pudra-p06-caramel-supernova-27ml\/","title":{"rendered":"NEJHA \u0161vyt\u0117jimo suteikianti dr\u0117kinamoji ir stipriai maskuojanti kremin\u0117 pudra (P06 Caramel) SUPERNOVA, 27ml"},"content":{"rendered":"<p data-start=\"321\" data-end=\"480\"><strong data-start=\"321\" data-end=\"354\">NEJHA SUPERNOVA (P06 Caramel)<\/strong> \u2013 tai <strong data-start=\"361\" data-end=\"413\">dr\u0117kinamoji, \u0161vyt\u0117jimo suteikianti kremin\u0117 pudra<\/strong>, kuri suteikia odai nepriekai\u0161tingai tolyg\u0173 ir spindint\u012f efekt\u0105.<\/p>\n<p data-start=\"482\" data-end=\"787\">Jos <strong data-start=\"486\" data-end=\"534\">lengva, ta\u010diau stipriai maskuojanti tekst\u016bra<\/strong> nat\u016braliai sulygina odos ton\u0105, paslepia netobulumus ir suteikia <strong data-start=\"599\" data-end=\"619\">gaiv\u0173, elasting\u0105<\/strong> odos poj\u016bt\u012f. Formul\u0117 <strong data-start=\"641\" data-end=\"673\">praturtinta migdol\u0173 aliejumi<\/strong> ir <strong data-start=\"677\" data-end=\"720\">nat\u016braliomis maitinan\u010diomis med\u017eiagomis<\/strong>, kurios palaiko odos dr\u0117gm\u0117s balans\u0105 ir apsaugo nuo i\u0161saus\u0117jimo.<\/p>\n<p data-start=\"789\" data-end=\"882\">Rezultatas \u2013 <strong data-start=\"802\" data-end=\"840\">\u0161velni, sudr\u0117kinta ir \u0161vytinti oda<\/strong>, i\u0161liekanti nepriekai\u0161tinga vis\u0105 dien\u0105.<\/p>\n<p data-start=\"884\" data-end=\"1040\"><strong data-start=\"884\" data-end=\"899\">Naudojimas:<\/strong> tolygiai paskirstykite pudr\u0105 ant veido pir\u0161t\u0173 galiukais, \u0161epet\u0117liu arba kempin\u0117le. Norimam efektui pasiekti pakanka vos dviej\u0173 paspaudim\u0173.<\/p>\n","protected":false},"excerpt":{"rendered":"<p data-start=\"127\" data-end=\"291\">NEJHA SUPERNOVA (P06 Caramel) \u2013 dr\u0117kinanti ir \u0161vyt\u0117jimo suteikianti pudra su migdol\u0173 aliejumi, kuri lygina od\u0105, slepia netobulumus ir suteikia ilgalaik\u012f spindes\u012f.<\/p>\n","protected":false},"featured_media":59683,"template":"","meta":[],"product_brand":[1358],"product_cat":[102,792],"product_tag":[1573],"class_list":{"0":"post-59681","1":"product","2":"type-product","3":"status-publish","4":"has-post-thumbnail","6":"product_brand-nejha","7":"product_cat-dekoratyvine-kosmetika","8":"product_cat-veido-pudros","9":"product_tag-nejha","11":"first","12":"instock","13":"sale","14":"taxable","15":"shipping-taxable","16":"purchasable","17":"product-type-simple"},"yoast_head":"<!-- This site is optimized with the Yoast SEO plugin v27.4 - https:\/\/yoast.com\/product\/yoast-seo-wordpress\/ -->\n<title>NEJHA \u0161vyt\u0117jimo suteikianti dr\u0117kinamoji ir stipriai maskuojanti kremin\u0117 pudra (P06 Caramel) SUPERNOVA, 27ml - MalinaShop.lt J\u016bs\u0173 sveikatai ir gro\u017eiui.<\/title>\n<meta name=\"description\" content=\"NEJHA SUPERNOVA (P06 Caramel) \u2013 dr\u0117kinanti ir \u0161vyt\u0117jimo suteikianti pudra su migdol\u0173 aliejumi, u\u017etikrinanti glotni\u0105, elasting\u0105 ir spindin\u010di\u0105 od\u0105.\" \/>\n<meta name=\"robots\" content=\"index, follow, max-snippet:-1, max-image-preview:large, max-video-preview:-1\" \/>\n<link rel=\"canonical\" href=\"https:\/\/www.malinashop.lt\/en\/shop\/nejha-svytejimo-suteikianti-drekinamoji-ir-stipriai-maskuojanti-kremine-pudra-p06-caramel-supernova-27ml\/\" \/>\n<meta property=\"og:locale\" content=\"en_GB\" \/>\n<meta property=\"og:type\" content=\"article\" \/>\n<meta property=\"og:title\" content=\"NEJHA \u0161vyt\u0117jimo suteikianti dr\u0117kinamoji ir stipriai maskuojanti kremin\u0117 pudra (P06 Caramel) SUPERNOVA, 27ml - MalinaShop.lt J\u016bs\u0173 sveikatai ir gro\u017eiui.\" \/>\n<meta property=\"og:description\" content=\"NEJHA SUPERNOVA (P06 Caramel) \u2013 dr\u0117kinanti ir \u0161vyt\u0117jimo suteikianti pudra su migdol\u0173 aliejumi, u\u017etikrinanti glotni\u0105, elasting\u0105 ir spindin\u010di\u0105 od\u0105.\" \/>\n<meta property=\"og:url\" content=\"https:\/\/www.malinashop.lt\/en\/shop\/nejha-svytejimo-suteikianti-drekinamoji-ir-stipriai-maskuojanti-kremine-pudra-p06-caramel-supernova-27ml\/\" \/>\n<meta property=\"og:site_name\" content=\"MalinaShop.lt J\u016bs\u0173 sveikatai ir gro\u017eiui.\" \/>\n<meta property=\"article:modified_time\" content=\"2026-03-18T09:41:20+00:00\" \/>\n<meta property=\"og:image\" content=\"https:\/\/www.malinashop.lt\/wp-content\/uploads\/2025\/10\/NEJHA-svytejimo-suteikianti-kremine-pudra-SUPERNOVA-P06-Caramel-27-ml.webp\" \/>\n\t<meta property=\"og:image:width\" content=\"768\" \/>\n\t<meta property=\"og:image:height\" content=\"768\" \/>\n\t<meta property=\"og:image:type\" content=\"image\/webp\" \/>\n<meta name=\"twitter:card\" content=\"summary_large_image\" \/>\n<script type=\"application\/ld+json\" class=\"yoast-schema-graph\">{\"@context\":\"https:\\\/\\\/schema.org\",\"@graph\":[{\"@type\":\"WebPage\",\"@id\":\"https:\\\/\\\/www.malinashop.lt\\\/shop\\\/nejha-svytejimo-suteikianti-drekinamoji-ir-stipriai-maskuojanti-kremine-pudra-p06-caramel-supernova-27ml\\\/\",\"url\":\"https:\\\/\\\/www.malinashop.lt\\\/shop\\\/nejha-svytejimo-suteikianti-drekinamoji-ir-stipriai-maskuojanti-kremine-pudra-p06-caramel-supernova-27ml\\\/\",\"name\":\"NEJHA \u0161vyt\u0117jimo suteikianti dr\u0117kinamoji ir stipriai maskuojanti kremin\u0117 pudra (P06 Caramel) SUPERNOVA, 27ml - MalinaShop.lt J\u016bs\u0173 sveikatai ir gro\u017eiui.\",\"isPartOf\":{\"@id\":\"https:\\\/\\\/www.malinashop.lt\\\/#website\"},\"primaryImageOfPage\":{\"@id\":\"https:\\\/\\\/www.malinashop.lt\\\/shop\\\/nejha-svytejimo-suteikianti-drekinamoji-ir-stipriai-maskuojanti-kremine-pudra-p06-caramel-supernova-27ml\\\/#primaryimage\"},\"image\":{\"@id\":\"https:\\\/\\\/www.malinashop.lt\\\/shop\\\/nejha-svytejimo-suteikianti-drekinamoji-ir-stipriai-maskuojanti-kremine-pudra-p06-caramel-supernova-27ml\\\/#primaryimage\"},\"thumbnailUrl\":\"https:\\\/\\\/www.malinashop.lt\\\/wp-content\\\/uploads\\\/2025\\\/10\\\/NEJHA-svytejimo-suteikianti-kremine-pudra-SUPERNOVA-P06-Caramel-27-ml.webp\",\"datePublished\":\"2025-10-27T10:09:28+00:00\",\"dateModified\":\"2026-03-18T09:41:20+00:00\",\"description\":\"NEJHA SUPERNOVA (P06 Caramel) \u2013 dr\u0117kinanti ir \u0161vyt\u0117jimo suteikianti pudra su migdol\u0173 aliejumi, u\u017etikrinanti glotni\u0105, elasting\u0105 ir spindin\u010di\u0105 od\u0105.\",\"breadcrumb\":{\"@id\":\"https:\\\/\\\/www.malinashop.lt\\\/shop\\\/nejha-svytejimo-suteikianti-drekinamoji-ir-stipriai-maskuojanti-kremine-pudra-p06-caramel-supernova-27ml\\\/#breadcrumb\"},\"inLanguage\":\"en-GB\",\"potentialAction\":[{\"@type\":\"ReadAction\",\"target\":[\"https:\\\/\\\/www.malinashop.lt\\\/shop\\\/nejha-svytejimo-suteikianti-drekinamoji-ir-stipriai-maskuojanti-kremine-pudra-p06-caramel-supernova-27ml\\\/\"]}]},{\"@type\":\"ImageObject\",\"inLanguage\":\"en-GB\",\"@id\":\"https:\\\/\\\/www.malinashop.lt\\\/shop\\\/nejha-svytejimo-suteikianti-drekinamoji-ir-stipriai-maskuojanti-kremine-pudra-p06-caramel-supernova-27ml\\\/#primaryimage\",\"url\":\"https:\\\/\\\/www.malinashop.lt\\\/wp-content\\\/uploads\\\/2025\\\/10\\\/NEJHA-svytejimo-suteikianti-kremine-pudra-SUPERNOVA-P06-Caramel-27-ml.webp\",\"contentUrl\":\"https:\\\/\\\/www.malinashop.lt\\\/wp-content\\\/uploads\\\/2025\\\/10\\\/NEJHA-svytejimo-suteikianti-kremine-pudra-SUPERNOVA-P06-Caramel-27-ml.webp\",\"width\":768,\"height\":768},{\"@type\":\"BreadcrumbList\",\"@id\":\"https:\\\/\\\/www.malinashop.lt\\\/shop\\\/nejha-svytejimo-suteikianti-drekinamoji-ir-stipriai-maskuojanti-kremine-pudra-p06-caramel-supernova-27ml\\\/#breadcrumb\",\"itemListElement\":[{\"@type\":\"ListItem\",\"position\":1,\"name\":\"Pagrindinis\",\"item\":\"https:\\\/\\\/www.malinashop.lt\\\/\"},{\"@type\":\"ListItem\",\"position\":2,\"name\":\"Parduotuv\u0117\",\"item\":\"https:\\\/\\\/www.malinashop.lt\\\/en\\\/parduotuve\\\/\"},{\"@type\":\"ListItem\",\"position\":3,\"name\":\"NEJHA \u0161vyt\u0117jimo suteikianti dr\u0117kinamoji ir stipriai maskuojanti kremin\u0117 pudra (P06 Caramel) SUPERNOVA, 27ml\"}]},{\"@type\":\"WebSite\",\"@id\":\"https:\\\/\\\/www.malinashop.lt\\\/#website\",\"url\":\"https:\\\/\\\/www.malinashop.lt\\\/\",\"name\":\"COM Group Ecommerce\",\"description\":\"MalinaShop.lt - Gro\u017eio ir sveikatos produktai i\u0161 patikim\u0173 preki\u0173 \u017eenkl\u0173. Atraskite auk\u0161tos kokyb\u0117s kosmetik\u0105 u\u017e puiki\u0105 kain\u0105.\",\"publisher\":{\"@id\":\"https:\\\/\\\/www.malinashop.lt\\\/#organization\"},\"potentialAction\":[{\"@type\":\"SearchAction\",\"target\":{\"@type\":\"EntryPoint\",\"urlTemplate\":\"https:\\\/\\\/www.malinashop.lt\\\/?s={search_term_string}\"},\"query-input\":{\"@type\":\"PropertyValueSpecification\",\"valueRequired\":true,\"valueName\":\"search_term_string\"}}],\"inLanguage\":\"en-GB\"},{\"@type\":\"Organization\",\"@id\":\"https:\\\/\\\/www.malinashop.lt\\\/#organization\",\"name\":\"COM Group Ecommerce\",\"url\":\"https:\\\/\\\/www.malinashop.lt\\\/\",\"logo\":{\"@type\":\"ImageObject\",\"inLanguage\":\"en-GB\",\"@id\":\"https:\\\/\\\/www.malinashop.lt\\\/#\\\/schema\\\/logo\\\/image\\\/\",\"url\":\"https:\\\/\\\/www.malinashop.lt\\\/wp-content\\\/uploads\\\/2024\\\/08\\\/462559670_3787732518133670_9795632669273463_n-e1731525914575.png\",\"contentUrl\":\"https:\\\/\\\/www.malinashop.lt\\\/wp-content\\\/uploads\\\/2024\\\/08\\\/462559670_3787732518133670_9795632669273463_n-e1731525914575.png\",\"width\":180,\"height\":60,\"caption\":\"COM Group Ecommerce\"},\"image\":{\"@id\":\"https:\\\/\\\/www.malinashop.lt\\\/#\\\/schema\\\/logo\\\/image\\\/\"}}]}<\/script>\n<!-- \/ Yoast SEO plugin. -->","yoast_head_json":{"title":"NEJHA \u0161vyt\u0117jimo suteikianti dr\u0117kinamoji ir stipriai maskuojanti kremin\u0117 pudra (P06 Caramel) SUPERNOVA, 27ml - MalinaShop.lt J\u016bs\u0173 sveikatai ir gro\u017eiui.","description":"NEJHA SUPERNOVA (P06 Caramel) \u2013 dr\u0117kinanti ir \u0161vyt\u0117jimo suteikianti pudra su migdol\u0173 aliejumi, u\u017etikrinanti glotni\u0105, elasting\u0105 ir spindin\u010di\u0105 od\u0105.","robots":{"index":"index","follow":"follow","max-snippet":"max-snippet:-1","max-image-preview":"max-image-preview:large","max-video-preview":"max-video-preview:-1"},"canonical":"https:\/\/www.malinashop.lt\/en\/shop\/nejha-svytejimo-suteikianti-drekinamoji-ir-stipriai-maskuojanti-kremine-pudra-p06-caramel-supernova-27ml\/","og_locale":"en_GB","og_type":"article","og_title":"NEJHA \u0161vyt\u0117jimo suteikianti dr\u0117kinamoji ir stipriai maskuojanti kremin\u0117 pudra (P06 Caramel) SUPERNOVA, 27ml - MalinaShop.lt J\u016bs\u0173 sveikatai ir gro\u017eiui.","og_description":"NEJHA SUPERNOVA (P06 Caramel) \u2013 dr\u0117kinanti ir \u0161vyt\u0117jimo suteikianti pudra su migdol\u0173 aliejumi, u\u017etikrinanti glotni\u0105, elasting\u0105 ir spindin\u010di\u0105 od\u0105.","og_url":"https:\/\/www.malinashop.lt\/en\/shop\/nejha-svytejimo-suteikianti-drekinamoji-ir-stipriai-maskuojanti-kremine-pudra-p06-caramel-supernova-27ml\/","og_site_name":"MalinaShop.lt J\u016bs\u0173 sveikatai ir gro\u017eiui.","article_modified_time":"2026-03-18T09:41:20+00:00","og_image":[{"width":768,"height":768,"url":"https:\/\/www.malinashop.lt\/wp-content\/uploads\/2025\/10\/NEJHA-svytejimo-suteikianti-kremine-pudra-SUPERNOVA-P06-Caramel-27-ml.webp","type":"image\/webp"}],"twitter_card":"summary_large_image","schema":{"@context":"https:\/\/schema.org","@graph":[{"@type":"WebPage","@id":"https:\/\/www.malinashop.lt\/shop\/nejha-svytejimo-suteikianti-drekinamoji-ir-stipriai-maskuojanti-kremine-pudra-p06-caramel-supernova-27ml\/","url":"https:\/\/www.malinashop.lt\/shop\/nejha-svytejimo-suteikianti-drekinamoji-ir-stipriai-maskuojanti-kremine-pudra-p06-caramel-supernova-27ml\/","name":"NEJHA \u0161vyt\u0117jimo suteikianti dr\u0117kinamoji ir stipriai maskuojanti kremin\u0117 pudra (P06 Caramel) SUPERNOVA, 27ml - MalinaShop.lt J\u016bs\u0173 sveikatai ir gro\u017eiui.","isPartOf":{"@id":"https:\/\/www.malinashop.lt\/#website"},"primaryImageOfPage":{"@id":"https:\/\/www.malinashop.lt\/shop\/nejha-svytejimo-suteikianti-drekinamoji-ir-stipriai-maskuojanti-kremine-pudra-p06-caramel-supernova-27ml\/#primaryimage"},"image":{"@id":"https:\/\/www.malinashop.lt\/shop\/nejha-svytejimo-suteikianti-drekinamoji-ir-stipriai-maskuojanti-kremine-pudra-p06-caramel-supernova-27ml\/#primaryimage"},"thumbnailUrl":"https:\/\/www.malinashop.lt\/wp-content\/uploads\/2025\/10\/NEJHA-svytejimo-suteikianti-kremine-pudra-SUPERNOVA-P06-Caramel-27-ml.webp","datePublished":"2025-10-27T10:09:28+00:00","dateModified":"2026-03-18T09:41:20+00:00","description":"NEJHA SUPERNOVA (P06 Caramel) \u2013 dr\u0117kinanti ir \u0161vyt\u0117jimo suteikianti pudra su migdol\u0173 aliejumi, u\u017etikrinanti glotni\u0105, elasting\u0105 ir spindin\u010di\u0105 od\u0105.","breadcrumb":{"@id":"https:\/\/www.malinashop.lt\/shop\/nejha-svytejimo-suteikianti-drekinamoji-ir-stipriai-maskuojanti-kremine-pudra-p06-caramel-supernova-27ml\/#breadcrumb"},"inLanguage":"en-GB","potentialAction":[{"@type":"ReadAction","target":["https:\/\/www.malinashop.lt\/shop\/nejha-svytejimo-suteikianti-drekinamoji-ir-stipriai-maskuojanti-kremine-pudra-p06-caramel-supernova-27ml\/"]}]},{"@type":"ImageObject","inLanguage":"en-GB","@id":"https:\/\/www.malinashop.lt\/shop\/nejha-svytejimo-suteikianti-drekinamoji-ir-stipriai-maskuojanti-kremine-pudra-p06-caramel-supernova-27ml\/#primaryimage","url":"https:\/\/www.malinashop.lt\/wp-content\/uploads\/2025\/10\/NEJHA-svytejimo-suteikianti-kremine-pudra-SUPERNOVA-P06-Caramel-27-ml.webp","contentUrl":"https:\/\/www.malinashop.lt\/wp-content\/uploads\/2025\/10\/NEJHA-svytejimo-suteikianti-kremine-pudra-SUPERNOVA-P06-Caramel-27-ml.webp","width":768,"height":768},{"@type":"BreadcrumbList","@id":"https:\/\/www.malinashop.lt\/shop\/nejha-svytejimo-suteikianti-drekinamoji-ir-stipriai-maskuojanti-kremine-pudra-p06-caramel-supernova-27ml\/#breadcrumb","itemListElement":[{"@type":"ListItem","position":1,"name":"Pagrindinis","item":"https:\/\/www.malinashop.lt\/"},{"@type":"ListItem","position":2,"name":"Parduotuv\u0117","item":"https:\/\/www.malinashop.lt\/en\/parduotuve\/"},{"@type":"ListItem","position":3,"name":"NEJHA \u0161vyt\u0117jimo suteikianti dr\u0117kinamoji ir stipriai maskuojanti kremin\u0117 pudra (P06 Caramel) SUPERNOVA, 27ml"}]},{"@type":"WebSite","@id":"https:\/\/www.malinashop.lt\/#website","url":"https:\/\/www.malinashop.lt\/","name":"COM Group Ecommerce","description":"MalinaShop.lt - Gro\u017eio ir sveikatos produktai i\u0161 patikim\u0173 preki\u0173 \u017eenkl\u0173. Atraskite auk\u0161tos kokyb\u0117s kosmetik\u0105 u\u017e puiki\u0105 kain\u0105.","publisher":{"@id":"https:\/\/www.malinashop.lt\/#organization"},"potentialAction":[{"@type":"SearchAction","target":{"@type":"EntryPoint","urlTemplate":"https:\/\/www.malinashop.lt\/?s={search_term_string}"},"query-input":{"@type":"PropertyValueSpecification","valueRequired":true,"valueName":"search_term_string"}}],"inLanguage":"en-GB"},{"@type":"Organization","@id":"https:\/\/www.malinashop.lt\/#organization","name":"COM Group Ecommerce","url":"https:\/\/www.malinashop.lt\/","logo":{"@type":"ImageObject","inLanguage":"en-GB","@id":"https:\/\/www.malinashop.lt\/#\/schema\/logo\/image\/","url":"https:\/\/www.malinashop.lt\/wp-content\/uploads\/2024\/08\/462559670_3787732518133670_9795632669273463_n-e1731525914575.png","contentUrl":"https:\/\/www.malinashop.lt\/wp-content\/uploads\/2024\/08\/462559670_3787732518133670_9795632669273463_n-e1731525914575.png","width":180,"height":60,"caption":"COM Group Ecommerce"},"image":{"@id":"https:\/\/www.malinashop.lt\/#\/schema\/logo\/image\/"}}]}},"jetpack_sharing_enabled":true,"_links":{"self":[{"href":"https:\/\/www.malinashop.lt\/en\/wp-json\/wp\/v2\/product\/59681","targetHints":{"allow":["GET"]}}],"collection":[{"href":"https:\/\/www.malinashop.lt\/en\/wp-json\/wp\/v2\/product"}],"about":[{"href":"https:\/\/www.malinashop.lt\/en\/wp-json\/wp\/v2\/types\/product"}],"version-history":[{"count":2,"href":"https:\/\/www.malinashop.lt\/en\/wp-json\/wp\/v2\/product\/59681\/revisions"}],"predecessor-version":[{"id":59699,"href":"https:\/\/www.malinashop.lt\/en\/wp-json\/wp\/v2\/product\/59681\/revisions\/59699"}],"wp:featuredmedia":[{"embeddable":true,"href":"https:\/\/www.malinashop.lt\/en\/wp-json\/wp\/v2\/media\/59683"}],"wp:attachment":[{"href":"https:\/\/www.malinashop.lt\/en\/wp-json\/wp\/v2\/media?parent=59681"}],"wp:term":[{"taxonomy":"product_brand","embeddable":true,"href":"https:\/\/www.malinashop.lt\/en\/wp-json\/wp\/v2\/product_brand?post=59681"},{"taxonomy":"product_cat","embeddable":true,"href":"https:\/\/www.malinashop.lt\/en\/wp-json\/wp\/v2\/product_cat?post=59681"},{"taxonomy":"product_tag","embeddable":true,"href":"https:\/\/www.malinashop.lt\/en\/wp-json\/wp\/v2\/product_tag?post=59681"}],"curies":[{"name":"wp","href":"https:\/\/api.w.org\/{rel}","templated":true}]}}