{"id":59637,"date":"2025-10-27T12:35:31","date_gmt":"2025-10-27T09:35:31","guid":{"rendered":"https:\/\/malinashop.lt\/?post_type=product&#038;p=59637"},"modified":"2026-03-18T12:41:24","modified_gmt":"2026-03-18T09:41:24","slug":"nejha-paakiu-ir-veido-maskuoklis-cover-killer-01-porcelain-6ml","status":"publish","type":"product","link":"https:\/\/www.malinashop.lt\/en\/shop\/nejha-paakiu-ir-veido-maskuoklis-cover-killer-01-porcelain-6ml\/","title":{"rendered":"NEJHA paaki\u0173 ir veido maskuoklis COVER KILLER (01 Porcelain), 6ml"},"content":{"rendered":"<p data-start=\"301\" data-end=\"651\"><strong data-start=\"301\" data-end=\"349\">NEJHA maskuoklis COVER KILLER (01 Porcelain)<\/strong> \u2013 tai <strong data-start=\"356\" data-end=\"402\">auk\u0161tos kokyb\u0117s paaki\u0173 ir veido maskuoklis<\/strong>, skirtas pasl\u0117pti netobulumus, pa\u0161viesinti od\u0105 ir sukurti nat\u016braliai skaist\u0173 efekt\u0105. Jo <strong data-start=\"491\" data-end=\"532\">lengva, bet itin maskuojanti tekst\u016bra<\/strong> akimirksniu <strong data-start=\"545\" data-end=\"582\">atgaivina, patempia ir lygina od\u0105<\/strong>, u\u017emaskuodama tamsius paakius, paraudimus bei smulkias rauk\u0161leles.<\/p>\n<p data-start=\"653\" data-end=\"848\">Formul\u0117 sukurta taip, kad <strong data-start=\"679\" data-end=\"705\">nesub\u0117gt\u0173 \u012f rauk\u0161leles<\/strong>, i\u0161likt\u0173 vis\u0105 dien\u0105 ir suteikt\u0173 <strong data-start=\"738\" data-end=\"766\">trimat\u012f \u0161vyt\u0117jimo efekt\u0105<\/strong>. Idealiai tinka \u0161viesiai odai, norin\u010diai nat\u016braliai skaistaus ir tolygaus tono.<\/p>\n<p data-start=\"850\" data-end=\"1020\"><strong data-start=\"850\" data-end=\"865\">Naudojimas:<\/strong> tepkite maskuokl\u012f po akimis ar ant norim\u0173 sri\u010di\u0173 pir\u0161t\u0173 galiukais, makia\u017eo \u0161epet\u0117liu arba kempin\u0117le. Keli perbraukimai suteiks gaiv\u0173 ir \u0161vytint\u012f efekt\u0105.<\/p>\n","protected":false},"excerpt":{"rendered":"<p data-start=\"102\" data-end=\"240\">NEJHA COVER KILLER (01 Porcelain) \u2013 \u0161viesus, didelio maskavimo skystas maskuoklis, kuris suteikia odai \u0161vyt\u0117jimo, glotnumo ir nepriekai\u0161ting\u0105 i\u0161vaizd\u0105 visai dienai.<\/p>\n","protected":false},"featured_media":59639,"template":"","meta":[],"product_brand":[1358],"product_cat":[102,798],"product_tag":[1573],"class_list":{"0":"post-59637","1":"product","2":"type-product","3":"status-publish","4":"has-post-thumbnail","6":"product_brand-nejha","7":"product_cat-dekoratyvine-kosmetika","8":"product_cat-maskavimo-priemones","9":"product_tag-nejha","11":"first","12":"instock","13":"sale","14":"taxable","15":"shipping-taxable","16":"purchasable","17":"product-type-simple"},"yoast_head":"<!-- This site is optimized with the Yoast SEO plugin v27.4 - https:\/\/yoast.com\/product\/yoast-seo-wordpress\/ -->\n<title>NEJHA paaki\u0173 ir veido maskuoklis COVER KILLER (01 Porcelain), 6ml - MalinaShop.lt J\u016bs\u0173 sveikatai ir gro\u017eiui.<\/title>\n<meta name=\"description\" content=\"NEJHA COVER KILLER (01 Porcelain) \u2013 \u0161viesus maskuoklis, paslepiantis netobulumus ir suteikiantis odai \u0161vyt\u0117jimo bei nepriekai\u0161ting\u0105 lygum\u0105.\" \/>\n<meta name=\"robots\" content=\"index, follow, max-snippet:-1, max-image-preview:large, max-video-preview:-1\" \/>\n<link rel=\"canonical\" href=\"https:\/\/www.malinashop.lt\/en\/shop\/nejha-paakiu-ir-veido-maskuoklis-cover-killer-01-porcelain-6ml\/\" \/>\n<meta property=\"og:locale\" content=\"en_GB\" \/>\n<meta property=\"og:type\" content=\"article\" \/>\n<meta property=\"og:title\" content=\"NEJHA paaki\u0173 ir veido maskuoklis COVER KILLER (01 Porcelain), 6ml - MalinaShop.lt J\u016bs\u0173 sveikatai ir gro\u017eiui.\" \/>\n<meta property=\"og:description\" content=\"NEJHA COVER KILLER (01 Porcelain) \u2013 \u0161viesus maskuoklis, paslepiantis netobulumus ir suteikiantis odai \u0161vyt\u0117jimo bei nepriekai\u0161ting\u0105 lygum\u0105.\" \/>\n<meta property=\"og:url\" content=\"https:\/\/www.malinashop.lt\/en\/shop\/nejha-paakiu-ir-veido-maskuoklis-cover-killer-01-porcelain-6ml\/\" \/>\n<meta property=\"og:site_name\" content=\"MalinaShop.lt J\u016bs\u0173 sveikatai ir gro\u017eiui.\" \/>\n<meta property=\"article:modified_time\" content=\"2026-03-18T09:41:24+00:00\" \/>\n<meta property=\"og:image\" content=\"https:\/\/www.malinashop.lt\/wp-content\/uploads\/2025\/10\/NEJHA-paakiu-ir-veido-maskuoklis-COVER-KILLER-01-Porcelain-6ml.webp\" \/>\n\t<meta property=\"og:image:width\" content=\"768\" \/>\n\t<meta property=\"og:image:height\" content=\"768\" \/>\n\t<meta property=\"og:image:type\" content=\"image\/webp\" \/>\n<meta name=\"twitter:card\" content=\"summary_large_image\" \/>\n<script type=\"application\/ld+json\" class=\"yoast-schema-graph\">{\"@context\":\"https:\\\/\\\/schema.org\",\"@graph\":[{\"@type\":\"WebPage\",\"@id\":\"https:\\\/\\\/www.malinashop.lt\\\/shop\\\/nejha-paakiu-ir-veido-maskuoklis-cover-killer-01-porcelain-6ml\\\/\",\"url\":\"https:\\\/\\\/www.malinashop.lt\\\/shop\\\/nejha-paakiu-ir-veido-maskuoklis-cover-killer-01-porcelain-6ml\\\/\",\"name\":\"NEJHA paaki\u0173 ir veido maskuoklis COVER KILLER (01 Porcelain), 6ml - MalinaShop.lt J\u016bs\u0173 sveikatai ir gro\u017eiui.\",\"isPartOf\":{\"@id\":\"https:\\\/\\\/www.malinashop.lt\\\/#website\"},\"primaryImageOfPage\":{\"@id\":\"https:\\\/\\\/www.malinashop.lt\\\/shop\\\/nejha-paakiu-ir-veido-maskuoklis-cover-killer-01-porcelain-6ml\\\/#primaryimage\"},\"image\":{\"@id\":\"https:\\\/\\\/www.malinashop.lt\\\/shop\\\/nejha-paakiu-ir-veido-maskuoklis-cover-killer-01-porcelain-6ml\\\/#primaryimage\"},\"thumbnailUrl\":\"https:\\\/\\\/www.malinashop.lt\\\/wp-content\\\/uploads\\\/2025\\\/10\\\/NEJHA-paakiu-ir-veido-maskuoklis-COVER-KILLER-01-Porcelain-6ml.webp\",\"datePublished\":\"2025-10-27T09:35:31+00:00\",\"dateModified\":\"2026-03-18T09:41:24+00:00\",\"description\":\"NEJHA COVER KILLER (01 Porcelain) \u2013 \u0161viesus maskuoklis, paslepiantis netobulumus ir suteikiantis odai \u0161vyt\u0117jimo bei nepriekai\u0161ting\u0105 lygum\u0105.\",\"breadcrumb\":{\"@id\":\"https:\\\/\\\/www.malinashop.lt\\\/shop\\\/nejha-paakiu-ir-veido-maskuoklis-cover-killer-01-porcelain-6ml\\\/#breadcrumb\"},\"inLanguage\":\"en-GB\",\"potentialAction\":[{\"@type\":\"ReadAction\",\"target\":[\"https:\\\/\\\/www.malinashop.lt\\\/shop\\\/nejha-paakiu-ir-veido-maskuoklis-cover-killer-01-porcelain-6ml\\\/\"]}]},{\"@type\":\"ImageObject\",\"inLanguage\":\"en-GB\",\"@id\":\"https:\\\/\\\/www.malinashop.lt\\\/shop\\\/nejha-paakiu-ir-veido-maskuoklis-cover-killer-01-porcelain-6ml\\\/#primaryimage\",\"url\":\"https:\\\/\\\/www.malinashop.lt\\\/wp-content\\\/uploads\\\/2025\\\/10\\\/NEJHA-paakiu-ir-veido-maskuoklis-COVER-KILLER-01-Porcelain-6ml.webp\",\"contentUrl\":\"https:\\\/\\\/www.malinashop.lt\\\/wp-content\\\/uploads\\\/2025\\\/10\\\/NEJHA-paakiu-ir-veido-maskuoklis-COVER-KILLER-01-Porcelain-6ml.webp\",\"width\":768,\"height\":768},{\"@type\":\"BreadcrumbList\",\"@id\":\"https:\\\/\\\/www.malinashop.lt\\\/shop\\\/nejha-paakiu-ir-veido-maskuoklis-cover-killer-01-porcelain-6ml\\\/#breadcrumb\",\"itemListElement\":[{\"@type\":\"ListItem\",\"position\":1,\"name\":\"Pagrindinis\",\"item\":\"https:\\\/\\\/www.malinashop.lt\\\/\"},{\"@type\":\"ListItem\",\"position\":2,\"name\":\"Parduotuv\u0117\",\"item\":\"https:\\\/\\\/www.malinashop.lt\\\/en\\\/parduotuve\\\/\"},{\"@type\":\"ListItem\",\"position\":3,\"name\":\"NEJHA paaki\u0173 ir veido maskuoklis COVER KILLER (01 Porcelain), 6ml\"}]},{\"@type\":\"WebSite\",\"@id\":\"https:\\\/\\\/www.malinashop.lt\\\/#website\",\"url\":\"https:\\\/\\\/www.malinashop.lt\\\/\",\"name\":\"COM Group Ecommerce\",\"description\":\"MalinaShop.lt - Gro\u017eio ir sveikatos produktai i\u0161 patikim\u0173 preki\u0173 \u017eenkl\u0173. Atraskite auk\u0161tos kokyb\u0117s kosmetik\u0105 u\u017e puiki\u0105 kain\u0105.\",\"publisher\":{\"@id\":\"https:\\\/\\\/www.malinashop.lt\\\/#organization\"},\"potentialAction\":[{\"@type\":\"SearchAction\",\"target\":{\"@type\":\"EntryPoint\",\"urlTemplate\":\"https:\\\/\\\/www.malinashop.lt\\\/?s={search_term_string}\"},\"query-input\":{\"@type\":\"PropertyValueSpecification\",\"valueRequired\":true,\"valueName\":\"search_term_string\"}}],\"inLanguage\":\"en-GB\"},{\"@type\":\"Organization\",\"@id\":\"https:\\\/\\\/www.malinashop.lt\\\/#organization\",\"name\":\"COM Group Ecommerce\",\"url\":\"https:\\\/\\\/www.malinashop.lt\\\/\",\"logo\":{\"@type\":\"ImageObject\",\"inLanguage\":\"en-GB\",\"@id\":\"https:\\\/\\\/www.malinashop.lt\\\/#\\\/schema\\\/logo\\\/image\\\/\",\"url\":\"https:\\\/\\\/www.malinashop.lt\\\/wp-content\\\/uploads\\\/2024\\\/08\\\/462559670_3787732518133670_9795632669273463_n-e1731525914575.png\",\"contentUrl\":\"https:\\\/\\\/www.malinashop.lt\\\/wp-content\\\/uploads\\\/2024\\\/08\\\/462559670_3787732518133670_9795632669273463_n-e1731525914575.png\",\"width\":180,\"height\":60,\"caption\":\"COM Group Ecommerce\"},\"image\":{\"@id\":\"https:\\\/\\\/www.malinashop.lt\\\/#\\\/schema\\\/logo\\\/image\\\/\"}}]}<\/script>\n<!-- \/ Yoast SEO plugin. -->","yoast_head_json":{"title":"NEJHA paaki\u0173 ir veido maskuoklis COVER KILLER (01 Porcelain), 6ml - MalinaShop.lt J\u016bs\u0173 sveikatai ir gro\u017eiui.","description":"NEJHA COVER KILLER (01 Porcelain) \u2013 \u0161viesus maskuoklis, paslepiantis netobulumus ir suteikiantis odai \u0161vyt\u0117jimo bei nepriekai\u0161ting\u0105 lygum\u0105.","robots":{"index":"index","follow":"follow","max-snippet":"max-snippet:-1","max-image-preview":"max-image-preview:large","max-video-preview":"max-video-preview:-1"},"canonical":"https:\/\/www.malinashop.lt\/en\/shop\/nejha-paakiu-ir-veido-maskuoklis-cover-killer-01-porcelain-6ml\/","og_locale":"en_GB","og_type":"article","og_title":"NEJHA paaki\u0173 ir veido maskuoklis COVER KILLER (01 Porcelain), 6ml - MalinaShop.lt J\u016bs\u0173 sveikatai ir gro\u017eiui.","og_description":"NEJHA COVER KILLER (01 Porcelain) \u2013 \u0161viesus maskuoklis, paslepiantis netobulumus ir suteikiantis odai \u0161vyt\u0117jimo bei nepriekai\u0161ting\u0105 lygum\u0105.","og_url":"https:\/\/www.malinashop.lt\/en\/shop\/nejha-paakiu-ir-veido-maskuoklis-cover-killer-01-porcelain-6ml\/","og_site_name":"MalinaShop.lt J\u016bs\u0173 sveikatai ir gro\u017eiui.","article_modified_time":"2026-03-18T09:41:24+00:00","og_image":[{"width":768,"height":768,"url":"https:\/\/www.malinashop.lt\/wp-content\/uploads\/2025\/10\/NEJHA-paakiu-ir-veido-maskuoklis-COVER-KILLER-01-Porcelain-6ml.webp","type":"image\/webp"}],"twitter_card":"summary_large_image","schema":{"@context":"https:\/\/schema.org","@graph":[{"@type":"WebPage","@id":"https:\/\/www.malinashop.lt\/shop\/nejha-paakiu-ir-veido-maskuoklis-cover-killer-01-porcelain-6ml\/","url":"https:\/\/www.malinashop.lt\/shop\/nejha-paakiu-ir-veido-maskuoklis-cover-killer-01-porcelain-6ml\/","name":"NEJHA paaki\u0173 ir veido maskuoklis COVER KILLER (01 Porcelain), 6ml - MalinaShop.lt J\u016bs\u0173 sveikatai ir gro\u017eiui.","isPartOf":{"@id":"https:\/\/www.malinashop.lt\/#website"},"primaryImageOfPage":{"@id":"https:\/\/www.malinashop.lt\/shop\/nejha-paakiu-ir-veido-maskuoklis-cover-killer-01-porcelain-6ml\/#primaryimage"},"image":{"@id":"https:\/\/www.malinashop.lt\/shop\/nejha-paakiu-ir-veido-maskuoklis-cover-killer-01-porcelain-6ml\/#primaryimage"},"thumbnailUrl":"https:\/\/www.malinashop.lt\/wp-content\/uploads\/2025\/10\/NEJHA-paakiu-ir-veido-maskuoklis-COVER-KILLER-01-Porcelain-6ml.webp","datePublished":"2025-10-27T09:35:31+00:00","dateModified":"2026-03-18T09:41:24+00:00","description":"NEJHA COVER KILLER (01 Porcelain) \u2013 \u0161viesus maskuoklis, paslepiantis netobulumus ir suteikiantis odai \u0161vyt\u0117jimo bei nepriekai\u0161ting\u0105 lygum\u0105.","breadcrumb":{"@id":"https:\/\/www.malinashop.lt\/shop\/nejha-paakiu-ir-veido-maskuoklis-cover-killer-01-porcelain-6ml\/#breadcrumb"},"inLanguage":"en-GB","potentialAction":[{"@type":"ReadAction","target":["https:\/\/www.malinashop.lt\/shop\/nejha-paakiu-ir-veido-maskuoklis-cover-killer-01-porcelain-6ml\/"]}]},{"@type":"ImageObject","inLanguage":"en-GB","@id":"https:\/\/www.malinashop.lt\/shop\/nejha-paakiu-ir-veido-maskuoklis-cover-killer-01-porcelain-6ml\/#primaryimage","url":"https:\/\/www.malinashop.lt\/wp-content\/uploads\/2025\/10\/NEJHA-paakiu-ir-veido-maskuoklis-COVER-KILLER-01-Porcelain-6ml.webp","contentUrl":"https:\/\/www.malinashop.lt\/wp-content\/uploads\/2025\/10\/NEJHA-paakiu-ir-veido-maskuoklis-COVER-KILLER-01-Porcelain-6ml.webp","width":768,"height":768},{"@type":"BreadcrumbList","@id":"https:\/\/www.malinashop.lt\/shop\/nejha-paakiu-ir-veido-maskuoklis-cover-killer-01-porcelain-6ml\/#breadcrumb","itemListElement":[{"@type":"ListItem","position":1,"name":"Pagrindinis","item":"https:\/\/www.malinashop.lt\/"},{"@type":"ListItem","position":2,"name":"Parduotuv\u0117","item":"https:\/\/www.malinashop.lt\/en\/parduotuve\/"},{"@type":"ListItem","position":3,"name":"NEJHA paaki\u0173 ir veido maskuoklis COVER KILLER (01 Porcelain), 6ml"}]},{"@type":"WebSite","@id":"https:\/\/www.malinashop.lt\/#website","url":"https:\/\/www.malinashop.lt\/","name":"COM Group Ecommerce","description":"MalinaShop.lt - Gro\u017eio ir sveikatos produktai i\u0161 patikim\u0173 preki\u0173 \u017eenkl\u0173. Atraskite auk\u0161tos kokyb\u0117s kosmetik\u0105 u\u017e puiki\u0105 kain\u0105.","publisher":{"@id":"https:\/\/www.malinashop.lt\/#organization"},"potentialAction":[{"@type":"SearchAction","target":{"@type":"EntryPoint","urlTemplate":"https:\/\/www.malinashop.lt\/?s={search_term_string}"},"query-input":{"@type":"PropertyValueSpecification","valueRequired":true,"valueName":"search_term_string"}}],"inLanguage":"en-GB"},{"@type":"Organization","@id":"https:\/\/www.malinashop.lt\/#organization","name":"COM Group Ecommerce","url":"https:\/\/www.malinashop.lt\/","logo":{"@type":"ImageObject","inLanguage":"en-GB","@id":"https:\/\/www.malinashop.lt\/#\/schema\/logo\/image\/","url":"https:\/\/www.malinashop.lt\/wp-content\/uploads\/2024\/08\/462559670_3787732518133670_9795632669273463_n-e1731525914575.png","contentUrl":"https:\/\/www.malinashop.lt\/wp-content\/uploads\/2024\/08\/462559670_3787732518133670_9795632669273463_n-e1731525914575.png","width":180,"height":60,"caption":"COM Group Ecommerce"},"image":{"@id":"https:\/\/www.malinashop.lt\/#\/schema\/logo\/image\/"}}]}},"jetpack_sharing_enabled":true,"_links":{"self":[{"href":"https:\/\/www.malinashop.lt\/en\/wp-json\/wp\/v2\/product\/59637","targetHints":{"allow":["GET"]}}],"collection":[{"href":"https:\/\/www.malinashop.lt\/en\/wp-json\/wp\/v2\/product"}],"about":[{"href":"https:\/\/www.malinashop.lt\/en\/wp-json\/wp\/v2\/types\/product"}],"version-history":[{"count":1,"href":"https:\/\/www.malinashop.lt\/en\/wp-json\/wp\/v2\/product\/59637\/revisions"}],"predecessor-version":[{"id":59640,"href":"https:\/\/www.malinashop.lt\/en\/wp-json\/wp\/v2\/product\/59637\/revisions\/59640"}],"wp:featuredmedia":[{"embeddable":true,"href":"https:\/\/www.malinashop.lt\/en\/wp-json\/wp\/v2\/media\/59639"}],"wp:attachment":[{"href":"https:\/\/www.malinashop.lt\/en\/wp-json\/wp\/v2\/media?parent=59637"}],"wp:term":[{"taxonomy":"product_brand","embeddable":true,"href":"https:\/\/www.malinashop.lt\/en\/wp-json\/wp\/v2\/product_brand?post=59637"},{"taxonomy":"product_cat","embeddable":true,"href":"https:\/\/www.malinashop.lt\/en\/wp-json\/wp\/v2\/product_cat?post=59637"},{"taxonomy":"product_tag","embeddable":true,"href":"https:\/\/www.malinashop.lt\/en\/wp-json\/wp\/v2\/product_tag?post=59637"}],"curies":[{"name":"wp","href":"https:\/\/api.w.org\/{rel}","templated":true}]}}