{"id":59599,"date":"2025-10-27T00:42:20","date_gmt":"2025-10-26T21:42:20","guid":{"rendered":"https:\/\/malinashop.lt\/?post_type=product&#038;p=59599"},"modified":"2026-03-18T12:41:26","modified_gmt":"2026-03-18T09:41:26","slug":"nejha-kompaktine-pudra-dolls-cit-01-universal-93-g","status":"publish","type":"product","link":"https:\/\/www.malinashop.lt\/en\/shop\/nejha-kompaktine-pudra-dolls-cit-01-universal-93-g\/","title":{"rendered":"NEJHA kompaktin\u0117 pudra DOLLS CIT (01 Universal), 9,3 g"},"content":{"rendered":"<p data-start=\"273\" data-end=\"527\"><strong data-start=\"273\" data-end=\"324\">NEJHA kompaktin\u0117 pudra DOLLS CIT (01 Universal)<\/strong> \u2013 tobulo makia\u017eo paslaptis, tinkanti visiems odos tipams. \u0160i <strong data-start=\"386\" data-end=\"414\">smulkios tekst\u016bros pudra<\/strong> \u0161velniai i\u0161lygina odos atspalv\u012f, pa\u0161alina blizges\u012f ir suteikia \u0161var\u0173, matin\u012f efekt\u0105, kuris i\u0161lieka vis\u0105 dien\u0105.<\/p>\n<p data-start=\"529\" data-end=\"746\">Formul\u0117 sukurta taip, kad <strong data-start=\"555\" data-end=\"589\">kontroliuot\u0173 riebal\u0173 pertekli\u0173<\/strong>, o <strong data-start=\"593\" data-end=\"612\">lengva tekst\u016bra<\/strong> neapsunkint\u0173 odos ir leist\u0173 jai kv\u0117puoti. Ji idealiai tinka tiek <strong data-start=\"678\" data-end=\"700\">makia\u017eo fiksavimui<\/strong>, tiek <strong data-start=\"707\" data-end=\"743\">greitam atnaujinimui dienos metu<\/strong>.<\/p>\n<p data-start=\"748\" data-end=\"807\">Rezultatas \u2013 \u0161velni, tolygi ir \u0161vytinti oda be blizgesio.<\/p>\n<p data-start=\"809\" data-end=\"934\"><strong data-start=\"809\" data-end=\"824\">Naudojimas:<\/strong> paskirstykite pudr\u0105 ant veido odos makia\u017eo \u0161epet\u0117liu, ypating\u0105 d\u0117mes\u012f skirdami zonoms, linkusioms blizg\u0117ti.<\/p>\n","protected":false},"excerpt":{"rendered":"<p data-start=\"105\" data-end=\"279\">NEJHA DOLLS CIT (01 Universal) \u2013 universali kompaktin\u0117 pudra, suteikianti odai lygumo, matin\u012f efekt\u0105 ir ilgalaik\u012f makia\u017eo fiksavim\u0105.<\/p>\n","protected":false},"featured_media":59602,"template":"","meta":[],"product_brand":[1358],"product_cat":[102,792],"product_tag":[1573],"class_list":{"0":"post-59599","1":"product","2":"type-product","3":"status-publish","4":"has-post-thumbnail","6":"product_brand-nejha","7":"product_cat-dekoratyvine-kosmetika","8":"product_cat-veido-pudros","9":"product_tag-nejha","11":"first","12":"instock","13":"sale","14":"taxable","15":"shipping-taxable","16":"purchasable","17":"product-type-simple"},"yoast_head":"<!-- This site is optimized with the Yoast SEO plugin v27.4 - https:\/\/yoast.com\/product\/yoast-seo-wordpress\/ -->\n<title>NEJHA kompaktin\u0117 pudra DOLLS CIT (01 Universal), 9,3 g - MalinaShop.lt J\u016bs\u0173 sveikatai ir gro\u017eiui.<\/title>\n<meta name=\"description\" content=\"NEJHA DOLLS CIT (01 Universal) \u2013 universali kompaktin\u0117 pudra, i\u0161lyginanti od\u0105, suteikianti matin\u012f efekt\u0105 ir ilgai i\u0161liekant\u012f makia\u017e\u0105.\" \/>\n<meta name=\"robots\" content=\"index, follow, max-snippet:-1, max-image-preview:large, max-video-preview:-1\" \/>\n<link rel=\"canonical\" href=\"https:\/\/www.malinashop.lt\/en\/shop\/nejha-kompaktine-pudra-dolls-cit-01-universal-93-g\/\" \/>\n<meta property=\"og:locale\" content=\"en_GB\" \/>\n<meta property=\"og:type\" content=\"article\" \/>\n<meta property=\"og:title\" content=\"NEJHA kompaktin\u0117 pudra DOLLS CIT (01 Universal), 9,3 g - MalinaShop.lt J\u016bs\u0173 sveikatai ir gro\u017eiui.\" \/>\n<meta property=\"og:description\" content=\"NEJHA DOLLS CIT (01 Universal) \u2013 universali kompaktin\u0117 pudra, i\u0161lyginanti od\u0105, suteikianti matin\u012f efekt\u0105 ir ilgai i\u0161liekant\u012f makia\u017e\u0105.\" \/>\n<meta property=\"og:url\" content=\"https:\/\/www.malinashop.lt\/en\/shop\/nejha-kompaktine-pudra-dolls-cit-01-universal-93-g\/\" \/>\n<meta property=\"og:site_name\" content=\"MalinaShop.lt J\u016bs\u0173 sveikatai ir gro\u017eiui.\" \/>\n<meta property=\"article:modified_time\" content=\"2026-03-18T09:41:26+00:00\" \/>\n<meta property=\"og:image\" content=\"https:\/\/www.malinashop.lt\/wp-content\/uploads\/2025\/10\/NEJHA-kompaktine-pudra-DOLLS-CIT-01-Universal-93-g.webp\" \/>\n\t<meta property=\"og:image:width\" content=\"600\" \/>\n\t<meta property=\"og:image:height\" content=\"600\" \/>\n\t<meta property=\"og:image:type\" content=\"image\/webp\" \/>\n<meta name=\"twitter:card\" content=\"summary_large_image\" \/>\n<script type=\"application\/ld+json\" class=\"yoast-schema-graph\">{\"@context\":\"https:\\\/\\\/schema.org\",\"@graph\":[{\"@type\":\"WebPage\",\"@id\":\"https:\\\/\\\/www.malinashop.lt\\\/en\\\/shop\\\/nejha-kompaktine-pudra-dolls-cit-01-universal-93-g\\\/\",\"url\":\"https:\\\/\\\/www.malinashop.lt\\\/en\\\/shop\\\/nejha-kompaktine-pudra-dolls-cit-01-universal-93-g\\\/\",\"name\":\"NEJHA kompaktin\u0117 pudra DOLLS CIT (01 Universal), 9,3 g - MalinaShop.lt J\u016bs\u0173 sveikatai ir gro\u017eiui.\",\"isPartOf\":{\"@id\":\"https:\\\/\\\/www.malinashop.lt\\\/en\\\/#website\"},\"primaryImageOfPage\":{\"@id\":\"https:\\\/\\\/www.malinashop.lt\\\/en\\\/shop\\\/nejha-kompaktine-pudra-dolls-cit-01-universal-93-g\\\/#primaryimage\"},\"image\":{\"@id\":\"https:\\\/\\\/www.malinashop.lt\\\/en\\\/shop\\\/nejha-kompaktine-pudra-dolls-cit-01-universal-93-g\\\/#primaryimage\"},\"thumbnailUrl\":\"https:\\\/\\\/www.malinashop.lt\\\/wp-content\\\/uploads\\\/2025\\\/10\\\/NEJHA-kompaktine-pudra-DOLLS-CIT-01-Universal-93-g.webp\",\"datePublished\":\"2025-10-26T21:42:20+00:00\",\"dateModified\":\"2026-03-18T09:41:26+00:00\",\"description\":\"NEJHA DOLLS CIT (01 Universal) \u2013 universali kompaktin\u0117 pudra, i\u0161lyginanti od\u0105, suteikianti matin\u012f efekt\u0105 ir ilgai i\u0161liekant\u012f makia\u017e\u0105.\",\"breadcrumb\":{\"@id\":\"https:\\\/\\\/www.malinashop.lt\\\/en\\\/shop\\\/nejha-kompaktine-pudra-dolls-cit-01-universal-93-g\\\/#breadcrumb\"},\"inLanguage\":\"en-GB\",\"potentialAction\":[{\"@type\":\"ReadAction\",\"target\":[\"https:\\\/\\\/www.malinashop.lt\\\/en\\\/shop\\\/nejha-kompaktine-pudra-dolls-cit-01-universal-93-g\\\/\"]}]},{\"@type\":\"ImageObject\",\"inLanguage\":\"en-GB\",\"@id\":\"https:\\\/\\\/www.malinashop.lt\\\/en\\\/shop\\\/nejha-kompaktine-pudra-dolls-cit-01-universal-93-g\\\/#primaryimage\",\"url\":\"https:\\\/\\\/www.malinashop.lt\\\/wp-content\\\/uploads\\\/2025\\\/10\\\/NEJHA-kompaktine-pudra-DOLLS-CIT-01-Universal-93-g.webp\",\"contentUrl\":\"https:\\\/\\\/www.malinashop.lt\\\/wp-content\\\/uploads\\\/2025\\\/10\\\/NEJHA-kompaktine-pudra-DOLLS-CIT-01-Universal-93-g.webp\",\"width\":600,\"height\":600},{\"@type\":\"BreadcrumbList\",\"@id\":\"https:\\\/\\\/www.malinashop.lt\\\/en\\\/shop\\\/nejha-kompaktine-pudra-dolls-cit-01-universal-93-g\\\/#breadcrumb\",\"itemListElement\":[{\"@type\":\"ListItem\",\"position\":1,\"name\":\"Home\",\"item\":\"https:\\\/\\\/www.malinashop.lt\\\/en\\\/\"},{\"@type\":\"ListItem\",\"position\":2,\"name\":\"Parduotuv\u0117\",\"item\":\"https:\\\/\\\/www.malinashop.lt\\\/en\\\/parduotuve\\\/\"},{\"@type\":\"ListItem\",\"position\":3,\"name\":\"NEJHA kompaktin\u0117 pudra DOLLS CIT (01 Universal), 9,3 g\"}]},{\"@type\":\"WebSite\",\"@id\":\"https:\\\/\\\/www.malinashop.lt\\\/en\\\/#website\",\"url\":\"https:\\\/\\\/www.malinashop.lt\\\/en\\\/\",\"name\":\"COM Group Ecommerce\",\"description\":\"MalinaShop.lt - Gro\u017eio ir sveikatos produktai i\u0161 patikim\u0173 preki\u0173 \u017eenkl\u0173. Atraskite auk\u0161tos kokyb\u0117s kosmetik\u0105 u\u017e puiki\u0105 kain\u0105.\",\"publisher\":{\"@id\":\"https:\\\/\\\/www.malinashop.lt\\\/en\\\/#organization\"},\"potentialAction\":[{\"@type\":\"SearchAction\",\"target\":{\"@type\":\"EntryPoint\",\"urlTemplate\":\"https:\\\/\\\/www.malinashop.lt\\\/en\\\/?s={search_term_string}\"},\"query-input\":{\"@type\":\"PropertyValueSpecification\",\"valueRequired\":true,\"valueName\":\"search_term_string\"}}],\"inLanguage\":\"en-GB\"},{\"@type\":\"Organization\",\"@id\":\"https:\\\/\\\/www.malinashop.lt\\\/en\\\/#organization\",\"name\":\"COM Group Ecommerce\",\"url\":\"https:\\\/\\\/www.malinashop.lt\\\/en\\\/\",\"logo\":{\"@type\":\"ImageObject\",\"inLanguage\":\"en-GB\",\"@id\":\"https:\\\/\\\/www.malinashop.lt\\\/en\\\/#\\\/schema\\\/logo\\\/image\\\/\",\"url\":\"https:\\\/\\\/www.malinashop.lt\\\/wp-content\\\/uploads\\\/2024\\\/08\\\/462559670_3787732518133670_9795632669273463_n-e1731525914575.png\",\"contentUrl\":\"https:\\\/\\\/www.malinashop.lt\\\/wp-content\\\/uploads\\\/2024\\\/08\\\/462559670_3787732518133670_9795632669273463_n-e1731525914575.png\",\"width\":180,\"height\":60,\"caption\":\"COM Group Ecommerce\"},\"image\":{\"@id\":\"https:\\\/\\\/www.malinashop.lt\\\/en\\\/#\\\/schema\\\/logo\\\/image\\\/\"}}]}<\/script>\n<!-- \/ Yoast SEO plugin. -->","yoast_head_json":{"title":"NEJHA kompaktin\u0117 pudra DOLLS CIT (01 Universal), 9,3 g - MalinaShop.lt J\u016bs\u0173 sveikatai ir gro\u017eiui.","description":"NEJHA DOLLS CIT (01 Universal) \u2013 universali kompaktin\u0117 pudra, i\u0161lyginanti od\u0105, suteikianti matin\u012f efekt\u0105 ir ilgai i\u0161liekant\u012f makia\u017e\u0105.","robots":{"index":"index","follow":"follow","max-snippet":"max-snippet:-1","max-image-preview":"max-image-preview:large","max-video-preview":"max-video-preview:-1"},"canonical":"https:\/\/www.malinashop.lt\/en\/shop\/nejha-kompaktine-pudra-dolls-cit-01-universal-93-g\/","og_locale":"en_GB","og_type":"article","og_title":"NEJHA kompaktin\u0117 pudra DOLLS CIT (01 Universal), 9,3 g - MalinaShop.lt J\u016bs\u0173 sveikatai ir gro\u017eiui.","og_description":"NEJHA DOLLS CIT (01 Universal) \u2013 universali kompaktin\u0117 pudra, i\u0161lyginanti od\u0105, suteikianti matin\u012f efekt\u0105 ir ilgai i\u0161liekant\u012f makia\u017e\u0105.","og_url":"https:\/\/www.malinashop.lt\/en\/shop\/nejha-kompaktine-pudra-dolls-cit-01-universal-93-g\/","og_site_name":"MalinaShop.lt J\u016bs\u0173 sveikatai ir gro\u017eiui.","article_modified_time":"2026-03-18T09:41:26+00:00","og_image":[{"width":600,"height":600,"url":"https:\/\/www.malinashop.lt\/wp-content\/uploads\/2025\/10\/NEJHA-kompaktine-pudra-DOLLS-CIT-01-Universal-93-g.webp","type":"image\/webp"}],"twitter_card":"summary_large_image","schema":{"@context":"https:\/\/schema.org","@graph":[{"@type":"WebPage","@id":"https:\/\/www.malinashop.lt\/en\/shop\/nejha-kompaktine-pudra-dolls-cit-01-universal-93-g\/","url":"https:\/\/www.malinashop.lt\/en\/shop\/nejha-kompaktine-pudra-dolls-cit-01-universal-93-g\/","name":"NEJHA kompaktin\u0117 pudra DOLLS CIT (01 Universal), 9,3 g - MalinaShop.lt J\u016bs\u0173 sveikatai ir gro\u017eiui.","isPartOf":{"@id":"https:\/\/www.malinashop.lt\/en\/#website"},"primaryImageOfPage":{"@id":"https:\/\/www.malinashop.lt\/en\/shop\/nejha-kompaktine-pudra-dolls-cit-01-universal-93-g\/#primaryimage"},"image":{"@id":"https:\/\/www.malinashop.lt\/en\/shop\/nejha-kompaktine-pudra-dolls-cit-01-universal-93-g\/#primaryimage"},"thumbnailUrl":"https:\/\/www.malinashop.lt\/wp-content\/uploads\/2025\/10\/NEJHA-kompaktine-pudra-DOLLS-CIT-01-Universal-93-g.webp","datePublished":"2025-10-26T21:42:20+00:00","dateModified":"2026-03-18T09:41:26+00:00","description":"NEJHA DOLLS CIT (01 Universal) \u2013 universali kompaktin\u0117 pudra, i\u0161lyginanti od\u0105, suteikianti matin\u012f efekt\u0105 ir ilgai i\u0161liekant\u012f makia\u017e\u0105.","breadcrumb":{"@id":"https:\/\/www.malinashop.lt\/en\/shop\/nejha-kompaktine-pudra-dolls-cit-01-universal-93-g\/#breadcrumb"},"inLanguage":"en-GB","potentialAction":[{"@type":"ReadAction","target":["https:\/\/www.malinashop.lt\/en\/shop\/nejha-kompaktine-pudra-dolls-cit-01-universal-93-g\/"]}]},{"@type":"ImageObject","inLanguage":"en-GB","@id":"https:\/\/www.malinashop.lt\/en\/shop\/nejha-kompaktine-pudra-dolls-cit-01-universal-93-g\/#primaryimage","url":"https:\/\/www.malinashop.lt\/wp-content\/uploads\/2025\/10\/NEJHA-kompaktine-pudra-DOLLS-CIT-01-Universal-93-g.webp","contentUrl":"https:\/\/www.malinashop.lt\/wp-content\/uploads\/2025\/10\/NEJHA-kompaktine-pudra-DOLLS-CIT-01-Universal-93-g.webp","width":600,"height":600},{"@type":"BreadcrumbList","@id":"https:\/\/www.malinashop.lt\/en\/shop\/nejha-kompaktine-pudra-dolls-cit-01-universal-93-g\/#breadcrumb","itemListElement":[{"@type":"ListItem","position":1,"name":"Home","item":"https:\/\/www.malinashop.lt\/en\/"},{"@type":"ListItem","position":2,"name":"Parduotuv\u0117","item":"https:\/\/www.malinashop.lt\/en\/parduotuve\/"},{"@type":"ListItem","position":3,"name":"NEJHA kompaktin\u0117 pudra DOLLS CIT (01 Universal), 9,3 g"}]},{"@type":"WebSite","@id":"https:\/\/www.malinashop.lt\/en\/#website","url":"https:\/\/www.malinashop.lt\/en\/","name":"COM Group Ecommerce","description":"MalinaShop.lt - Gro\u017eio ir sveikatos produktai i\u0161 patikim\u0173 preki\u0173 \u017eenkl\u0173. Atraskite auk\u0161tos kokyb\u0117s kosmetik\u0105 u\u017e puiki\u0105 kain\u0105.","publisher":{"@id":"https:\/\/www.malinashop.lt\/en\/#organization"},"potentialAction":[{"@type":"SearchAction","target":{"@type":"EntryPoint","urlTemplate":"https:\/\/www.malinashop.lt\/en\/?s={search_term_string}"},"query-input":{"@type":"PropertyValueSpecification","valueRequired":true,"valueName":"search_term_string"}}],"inLanguage":"en-GB"},{"@type":"Organization","@id":"https:\/\/www.malinashop.lt\/en\/#organization","name":"COM Group Ecommerce","url":"https:\/\/www.malinashop.lt\/en\/","logo":{"@type":"ImageObject","inLanguage":"en-GB","@id":"https:\/\/www.malinashop.lt\/en\/#\/schema\/logo\/image\/","url":"https:\/\/www.malinashop.lt\/wp-content\/uploads\/2024\/08\/462559670_3787732518133670_9795632669273463_n-e1731525914575.png","contentUrl":"https:\/\/www.malinashop.lt\/wp-content\/uploads\/2024\/08\/462559670_3787732518133670_9795632669273463_n-e1731525914575.png","width":180,"height":60,"caption":"COM Group Ecommerce"},"image":{"@id":"https:\/\/www.malinashop.lt\/en\/#\/schema\/logo\/image\/"}}]}},"jetpack_sharing_enabled":true,"_links":{"self":[{"href":"https:\/\/www.malinashop.lt\/en\/wp-json\/wp\/v2\/product\/59599","targetHints":{"allow":["GET"]}}],"collection":[{"href":"https:\/\/www.malinashop.lt\/en\/wp-json\/wp\/v2\/product"}],"about":[{"href":"https:\/\/www.malinashop.lt\/en\/wp-json\/wp\/v2\/types\/product"}],"version-history":[{"count":1,"href":"https:\/\/www.malinashop.lt\/en\/wp-json\/wp\/v2\/product\/59599\/revisions"}],"predecessor-version":[{"id":59603,"href":"https:\/\/www.malinashop.lt\/en\/wp-json\/wp\/v2\/product\/59599\/revisions\/59603"}],"wp:featuredmedia":[{"embeddable":true,"href":"https:\/\/www.malinashop.lt\/en\/wp-json\/wp\/v2\/media\/59602"}],"wp:attachment":[{"href":"https:\/\/www.malinashop.lt\/en\/wp-json\/wp\/v2\/media?parent=59599"}],"wp:term":[{"taxonomy":"product_brand","embeddable":true,"href":"https:\/\/www.malinashop.lt\/en\/wp-json\/wp\/v2\/product_brand?post=59599"},{"taxonomy":"product_cat","embeddable":true,"href":"https:\/\/www.malinashop.lt\/en\/wp-json\/wp\/v2\/product_cat?post=59599"},{"taxonomy":"product_tag","embeddable":true,"href":"https:\/\/www.malinashop.lt\/en\/wp-json\/wp\/v2\/product_tag?post=59599"}],"curies":[{"name":"wp","href":"https:\/\/api.w.org\/{rel}","templated":true}]}}