{"id":59582,"date":"2025-10-27T00:30:25","date_gmt":"2025-10-26T21:30:25","guid":{"rendered":"https:\/\/malinashop.lt\/?post_type=product&#038;p=59582"},"modified":"2026-03-18T12:41:27","modified_gmt":"2026-03-18T09:41:27","slug":"nejha-bronzantas-tan-manifesto-01-caramel-94-g","status":"publish","type":"product","link":"https:\/\/www.malinashop.lt\/en\/shop\/nejha-bronzantas-tan-manifesto-01-caramel-94-g\/","title":{"rendered":"NEJHA bronzantas TAN MANIFESTO (01 Caramel), 9,4 g"},"content":{"rendered":"<p data-start=\"309\" data-end=\"560\">Atraskite <strong data-start=\"319\" data-end=\"365\">NEJHA bronzant\u0105 TAN MANIFESTO (01 Caramel)<\/strong> \u2013 tobul\u0105 priemon\u0119 \u0161vytin\u010diai, nat\u016braliai \u012fdegusiai odai. \u0160is <strong data-start=\"427\" data-end=\"462\">lengvai paskirstomas bronzantas<\/strong> suteikia veidui \u0161ilumos, i\u0161rai\u0161kingumo ir spindesio, tarsi oda b\u016bt\u0173 \u0161velniai nubu\u010diuota saul\u0117s.<\/p>\n<p data-start=\"562\" data-end=\"821\">Formul\u0117 sukurta i\u0161 <strong data-start=\"581\" data-end=\"629\">dr\u0117kinan\u010di\u0173 ir od\u0105 puosel\u0117jan\u010di\u0173 ingredient\u0173<\/strong>, tarp kuri\u0173 \u2013 <strong data-start=\"644\" data-end=\"674\">ramun\u0117li\u0173 \u017eied\u0173 ekstraktas<\/strong>, <strong data-start=\"676\" data-end=\"695\">medetk\u0173 aliejus<\/strong> ir <strong data-start=\"699\" data-end=\"714\">vitaminas E<\/strong>. Jie maitina, ramina ir saugo od\u0105, o <strong data-start=\"752\" data-end=\"772\">\u0161ilkin\u0117 tekst\u016bra<\/strong> leid\u017eia produkt\u0105 lengvai paskirstyti be d\u0117mi\u0173.<\/p>\n<p data-start=\"823\" data-end=\"952\">Puikiai tinka <strong data-start=\"837\" data-end=\"859\">veido kont\u016bravimui<\/strong>, <strong data-start=\"861\" data-end=\"885\">\u0161vyt\u0117jimo suteikimui<\/strong> ir <strong data-start=\"889\" data-end=\"916\">\u012fdegio efekto i\u0161gavimui<\/strong> tiek veido, tiek dekolt\u0117 srityje.<\/p>\n<p data-start=\"954\" data-end=\"1160\"><strong data-start=\"954\" data-end=\"969\">Naudojimas:<\/strong> tepkite mink\u0161tu \u0161epet\u0117liu. Kont\u016bravimui tepkite \u017eemiau skruostikauli\u0173, ant nosies ir aplink veido kont\u016br\u0105. Nor\u0117dami \u012fdegio efekto \u2013 tepkite ant viet\u0173, kurios nat\u016braliai \u012fdega grei\u010diausiai.<\/p>\n","protected":false},"excerpt":{"rendered":"<p data-start=\"105\" data-end=\"279\">NEJHA TAN MANIFESTO (01 Caramel) \u2013 \u0161ilkin\u0117s tekst\u016bros bronzantas su ramun\u0117li\u0173 ekstraktu, medetk\u0173 aliejumi ir vitaminu E, suteikiantis \u0161ilt\u0105, saul\u0117s nubu\u010diuotos odos efekt\u0105.<\/p>\n","protected":false},"featured_media":59585,"template":"","meta":[],"product_brand":[1358],"product_cat":[793,102],"product_tag":[1573],"class_list":{"0":"post-59582","1":"product","2":"type-product","3":"status-publish","4":"has-post-thumbnail","6":"product_brand-nejha","7":"product_cat-bronzantai-2","8":"product_cat-dekoratyvine-kosmetika","9":"product_tag-nejha","11":"first","12":"instock","13":"sale","14":"taxable","15":"shipping-taxable","16":"purchasable","17":"product-type-simple"},"yoast_head":"<!-- This site is optimized with the Yoast SEO plugin v27.4 - https:\/\/yoast.com\/product\/yoast-seo-wordpress\/ -->\n<title>NEJHA bronzantas TAN MANIFESTO (01 Caramel), 9,4 g - MalinaShop.lt J\u016bs\u0173 sveikatai ir gro\u017eiui.<\/title>\n<meta name=\"description\" content=\"NEJHA TAN MANIFESTO (01 Caramel) \u2013 \u0161ilkinis bronzantas su ramun\u0117li\u0173 ekstraktu, medetk\u0173 aliejumi ir vitaminu E, suteikiantis \u0161ilt\u0105 \u012fdegio \u0161vyt\u0117jim\u0105.\" \/>\n<meta name=\"robots\" content=\"index, follow, max-snippet:-1, max-image-preview:large, max-video-preview:-1\" \/>\n<link rel=\"canonical\" href=\"https:\/\/www.malinashop.lt\/en\/shop\/nejha-bronzantas-tan-manifesto-01-caramel-94-g\/\" \/>\n<meta property=\"og:locale\" content=\"en_GB\" \/>\n<meta property=\"og:type\" content=\"article\" \/>\n<meta property=\"og:title\" content=\"NEJHA bronzantas TAN MANIFESTO (01 Caramel), 9,4 g - MalinaShop.lt J\u016bs\u0173 sveikatai ir gro\u017eiui.\" \/>\n<meta property=\"og:description\" content=\"NEJHA TAN MANIFESTO (01 Caramel) \u2013 \u0161ilkinis bronzantas su ramun\u0117li\u0173 ekstraktu, medetk\u0173 aliejumi ir vitaminu E, suteikiantis \u0161ilt\u0105 \u012fdegio \u0161vyt\u0117jim\u0105.\" \/>\n<meta property=\"og:url\" content=\"https:\/\/www.malinashop.lt\/en\/shop\/nejha-bronzantas-tan-manifesto-01-caramel-94-g\/\" \/>\n<meta property=\"og:site_name\" content=\"MalinaShop.lt J\u016bs\u0173 sveikatai ir gro\u017eiui.\" \/>\n<meta property=\"article:modified_time\" content=\"2026-03-18T09:41:27+00:00\" \/>\n<meta property=\"og:image\" content=\"https:\/\/www.malinashop.lt\/wp-content\/uploads\/2025\/10\/NEJHA-bronzantas-TAN-MANIFESTO-01-Caramel-94-g.webp\" \/>\n\t<meta property=\"og:image:width\" content=\"600\" \/>\n\t<meta property=\"og:image:height\" content=\"600\" \/>\n\t<meta property=\"og:image:type\" content=\"image\/webp\" \/>\n<meta name=\"twitter:card\" content=\"summary_large_image\" \/>\n<script type=\"application\/ld+json\" class=\"yoast-schema-graph\">{\"@context\":\"https:\\\/\\\/schema.org\",\"@graph\":[{\"@type\":\"WebPage\",\"@id\":\"https:\\\/\\\/www.malinashop.lt\\\/en\\\/shop\\\/nejha-bronzantas-tan-manifesto-01-caramel-94-g\\\/\",\"url\":\"https:\\\/\\\/www.malinashop.lt\\\/en\\\/shop\\\/nejha-bronzantas-tan-manifesto-01-caramel-94-g\\\/\",\"name\":\"NEJHA bronzantas TAN MANIFESTO (01 Caramel), 9,4 g - MalinaShop.lt J\u016bs\u0173 sveikatai ir gro\u017eiui.\",\"isPartOf\":{\"@id\":\"https:\\\/\\\/www.malinashop.lt\\\/en\\\/#website\"},\"primaryImageOfPage\":{\"@id\":\"https:\\\/\\\/www.malinashop.lt\\\/en\\\/shop\\\/nejha-bronzantas-tan-manifesto-01-caramel-94-g\\\/#primaryimage\"},\"image\":{\"@id\":\"https:\\\/\\\/www.malinashop.lt\\\/en\\\/shop\\\/nejha-bronzantas-tan-manifesto-01-caramel-94-g\\\/#primaryimage\"},\"thumbnailUrl\":\"https:\\\/\\\/www.malinashop.lt\\\/wp-content\\\/uploads\\\/2025\\\/10\\\/NEJHA-bronzantas-TAN-MANIFESTO-01-Caramel-94-g.webp\",\"datePublished\":\"2025-10-26T21:30:25+00:00\",\"dateModified\":\"2026-03-18T09:41:27+00:00\",\"description\":\"NEJHA TAN MANIFESTO (01 Caramel) \u2013 \u0161ilkinis bronzantas su ramun\u0117li\u0173 ekstraktu, medetk\u0173 aliejumi ir vitaminu E, suteikiantis \u0161ilt\u0105 \u012fdegio \u0161vyt\u0117jim\u0105.\",\"breadcrumb\":{\"@id\":\"https:\\\/\\\/www.malinashop.lt\\\/en\\\/shop\\\/nejha-bronzantas-tan-manifesto-01-caramel-94-g\\\/#breadcrumb\"},\"inLanguage\":\"en-GB\",\"potentialAction\":[{\"@type\":\"ReadAction\",\"target\":[\"https:\\\/\\\/www.malinashop.lt\\\/en\\\/shop\\\/nejha-bronzantas-tan-manifesto-01-caramel-94-g\\\/\"]}]},{\"@type\":\"ImageObject\",\"inLanguage\":\"en-GB\",\"@id\":\"https:\\\/\\\/www.malinashop.lt\\\/en\\\/shop\\\/nejha-bronzantas-tan-manifesto-01-caramel-94-g\\\/#primaryimage\",\"url\":\"https:\\\/\\\/www.malinashop.lt\\\/wp-content\\\/uploads\\\/2025\\\/10\\\/NEJHA-bronzantas-TAN-MANIFESTO-01-Caramel-94-g.webp\",\"contentUrl\":\"https:\\\/\\\/www.malinashop.lt\\\/wp-content\\\/uploads\\\/2025\\\/10\\\/NEJHA-bronzantas-TAN-MANIFESTO-01-Caramel-94-g.webp\",\"width\":600,\"height\":600},{\"@type\":\"BreadcrumbList\",\"@id\":\"https:\\\/\\\/www.malinashop.lt\\\/en\\\/shop\\\/nejha-bronzantas-tan-manifesto-01-caramel-94-g\\\/#breadcrumb\",\"itemListElement\":[{\"@type\":\"ListItem\",\"position\":1,\"name\":\"Home\",\"item\":\"https:\\\/\\\/www.malinashop.lt\\\/en\\\/\"},{\"@type\":\"ListItem\",\"position\":2,\"name\":\"Parduotuv\u0117\",\"item\":\"https:\\\/\\\/www.malinashop.lt\\\/en\\\/parduotuve\\\/\"},{\"@type\":\"ListItem\",\"position\":3,\"name\":\"NEJHA bronzantas TAN MANIFESTO (01 Caramel), 9,4 g\"}]},{\"@type\":\"WebSite\",\"@id\":\"https:\\\/\\\/www.malinashop.lt\\\/en\\\/#website\",\"url\":\"https:\\\/\\\/www.malinashop.lt\\\/en\\\/\",\"name\":\"COM Group Ecommerce\",\"description\":\"MalinaShop.lt - Gro\u017eio ir sveikatos produktai i\u0161 patikim\u0173 preki\u0173 \u017eenkl\u0173. Atraskite auk\u0161tos kokyb\u0117s kosmetik\u0105 u\u017e puiki\u0105 kain\u0105.\",\"publisher\":{\"@id\":\"https:\\\/\\\/www.malinashop.lt\\\/en\\\/#organization\"},\"potentialAction\":[{\"@type\":\"SearchAction\",\"target\":{\"@type\":\"EntryPoint\",\"urlTemplate\":\"https:\\\/\\\/www.malinashop.lt\\\/en\\\/?s={search_term_string}\"},\"query-input\":{\"@type\":\"PropertyValueSpecification\",\"valueRequired\":true,\"valueName\":\"search_term_string\"}}],\"inLanguage\":\"en-GB\"},{\"@type\":\"Organization\",\"@id\":\"https:\\\/\\\/www.malinashop.lt\\\/en\\\/#organization\",\"name\":\"COM Group Ecommerce\",\"url\":\"https:\\\/\\\/www.malinashop.lt\\\/en\\\/\",\"logo\":{\"@type\":\"ImageObject\",\"inLanguage\":\"en-GB\",\"@id\":\"https:\\\/\\\/www.malinashop.lt\\\/en\\\/#\\\/schema\\\/logo\\\/image\\\/\",\"url\":\"https:\\\/\\\/www.malinashop.lt\\\/wp-content\\\/uploads\\\/2024\\\/08\\\/462559670_3787732518133670_9795632669273463_n-e1731525914575.png\",\"contentUrl\":\"https:\\\/\\\/www.malinashop.lt\\\/wp-content\\\/uploads\\\/2024\\\/08\\\/462559670_3787732518133670_9795632669273463_n-e1731525914575.png\",\"width\":180,\"height\":60,\"caption\":\"COM Group Ecommerce\"},\"image\":{\"@id\":\"https:\\\/\\\/www.malinashop.lt\\\/en\\\/#\\\/schema\\\/logo\\\/image\\\/\"}}]}<\/script>\n<!-- \/ Yoast SEO plugin. -->","yoast_head_json":{"title":"NEJHA bronzantas TAN MANIFESTO (01 Caramel), 9,4 g - MalinaShop.lt J\u016bs\u0173 sveikatai ir gro\u017eiui.","description":"NEJHA TAN MANIFESTO (01 Caramel) \u2013 \u0161ilkinis bronzantas su ramun\u0117li\u0173 ekstraktu, medetk\u0173 aliejumi ir vitaminu E, suteikiantis \u0161ilt\u0105 \u012fdegio \u0161vyt\u0117jim\u0105.","robots":{"index":"index","follow":"follow","max-snippet":"max-snippet:-1","max-image-preview":"max-image-preview:large","max-video-preview":"max-video-preview:-1"},"canonical":"https:\/\/www.malinashop.lt\/en\/shop\/nejha-bronzantas-tan-manifesto-01-caramel-94-g\/","og_locale":"en_GB","og_type":"article","og_title":"NEJHA bronzantas TAN MANIFESTO (01 Caramel), 9,4 g - MalinaShop.lt J\u016bs\u0173 sveikatai ir gro\u017eiui.","og_description":"NEJHA TAN MANIFESTO (01 Caramel) \u2013 \u0161ilkinis bronzantas su ramun\u0117li\u0173 ekstraktu, medetk\u0173 aliejumi ir vitaminu E, suteikiantis \u0161ilt\u0105 \u012fdegio \u0161vyt\u0117jim\u0105.","og_url":"https:\/\/www.malinashop.lt\/en\/shop\/nejha-bronzantas-tan-manifesto-01-caramel-94-g\/","og_site_name":"MalinaShop.lt J\u016bs\u0173 sveikatai ir gro\u017eiui.","article_modified_time":"2026-03-18T09:41:27+00:00","og_image":[{"width":600,"height":600,"url":"https:\/\/www.malinashop.lt\/wp-content\/uploads\/2025\/10\/NEJHA-bronzantas-TAN-MANIFESTO-01-Caramel-94-g.webp","type":"image\/webp"}],"twitter_card":"summary_large_image","schema":{"@context":"https:\/\/schema.org","@graph":[{"@type":"WebPage","@id":"https:\/\/www.malinashop.lt\/en\/shop\/nejha-bronzantas-tan-manifesto-01-caramel-94-g\/","url":"https:\/\/www.malinashop.lt\/en\/shop\/nejha-bronzantas-tan-manifesto-01-caramel-94-g\/","name":"NEJHA bronzantas TAN MANIFESTO (01 Caramel), 9,4 g - MalinaShop.lt J\u016bs\u0173 sveikatai ir gro\u017eiui.","isPartOf":{"@id":"https:\/\/www.malinashop.lt\/en\/#website"},"primaryImageOfPage":{"@id":"https:\/\/www.malinashop.lt\/en\/shop\/nejha-bronzantas-tan-manifesto-01-caramel-94-g\/#primaryimage"},"image":{"@id":"https:\/\/www.malinashop.lt\/en\/shop\/nejha-bronzantas-tan-manifesto-01-caramel-94-g\/#primaryimage"},"thumbnailUrl":"https:\/\/www.malinashop.lt\/wp-content\/uploads\/2025\/10\/NEJHA-bronzantas-TAN-MANIFESTO-01-Caramel-94-g.webp","datePublished":"2025-10-26T21:30:25+00:00","dateModified":"2026-03-18T09:41:27+00:00","description":"NEJHA TAN MANIFESTO (01 Caramel) \u2013 \u0161ilkinis bronzantas su ramun\u0117li\u0173 ekstraktu, medetk\u0173 aliejumi ir vitaminu E, suteikiantis \u0161ilt\u0105 \u012fdegio \u0161vyt\u0117jim\u0105.","breadcrumb":{"@id":"https:\/\/www.malinashop.lt\/en\/shop\/nejha-bronzantas-tan-manifesto-01-caramel-94-g\/#breadcrumb"},"inLanguage":"en-GB","potentialAction":[{"@type":"ReadAction","target":["https:\/\/www.malinashop.lt\/en\/shop\/nejha-bronzantas-tan-manifesto-01-caramel-94-g\/"]}]},{"@type":"ImageObject","inLanguage":"en-GB","@id":"https:\/\/www.malinashop.lt\/en\/shop\/nejha-bronzantas-tan-manifesto-01-caramel-94-g\/#primaryimage","url":"https:\/\/www.malinashop.lt\/wp-content\/uploads\/2025\/10\/NEJHA-bronzantas-TAN-MANIFESTO-01-Caramel-94-g.webp","contentUrl":"https:\/\/www.malinashop.lt\/wp-content\/uploads\/2025\/10\/NEJHA-bronzantas-TAN-MANIFESTO-01-Caramel-94-g.webp","width":600,"height":600},{"@type":"BreadcrumbList","@id":"https:\/\/www.malinashop.lt\/en\/shop\/nejha-bronzantas-tan-manifesto-01-caramel-94-g\/#breadcrumb","itemListElement":[{"@type":"ListItem","position":1,"name":"Home","item":"https:\/\/www.malinashop.lt\/en\/"},{"@type":"ListItem","position":2,"name":"Parduotuv\u0117","item":"https:\/\/www.malinashop.lt\/en\/parduotuve\/"},{"@type":"ListItem","position":3,"name":"NEJHA bronzantas TAN MANIFESTO (01 Caramel), 9,4 g"}]},{"@type":"WebSite","@id":"https:\/\/www.malinashop.lt\/en\/#website","url":"https:\/\/www.malinashop.lt\/en\/","name":"COM Group Ecommerce","description":"MalinaShop.lt - Gro\u017eio ir sveikatos produktai i\u0161 patikim\u0173 preki\u0173 \u017eenkl\u0173. Atraskite auk\u0161tos kokyb\u0117s kosmetik\u0105 u\u017e puiki\u0105 kain\u0105.","publisher":{"@id":"https:\/\/www.malinashop.lt\/en\/#organization"},"potentialAction":[{"@type":"SearchAction","target":{"@type":"EntryPoint","urlTemplate":"https:\/\/www.malinashop.lt\/en\/?s={search_term_string}"},"query-input":{"@type":"PropertyValueSpecification","valueRequired":true,"valueName":"search_term_string"}}],"inLanguage":"en-GB"},{"@type":"Organization","@id":"https:\/\/www.malinashop.lt\/en\/#organization","name":"COM Group Ecommerce","url":"https:\/\/www.malinashop.lt\/en\/","logo":{"@type":"ImageObject","inLanguage":"en-GB","@id":"https:\/\/www.malinashop.lt\/en\/#\/schema\/logo\/image\/","url":"https:\/\/www.malinashop.lt\/wp-content\/uploads\/2024\/08\/462559670_3787732518133670_9795632669273463_n-e1731525914575.png","contentUrl":"https:\/\/www.malinashop.lt\/wp-content\/uploads\/2024\/08\/462559670_3787732518133670_9795632669273463_n-e1731525914575.png","width":180,"height":60,"caption":"COM Group Ecommerce"},"image":{"@id":"https:\/\/www.malinashop.lt\/en\/#\/schema\/logo\/image\/"}}]}},"jetpack_sharing_enabled":true,"_links":{"self":[{"href":"https:\/\/www.malinashop.lt\/en\/wp-json\/wp\/v2\/product\/59582","targetHints":{"allow":["GET"]}}],"collection":[{"href":"https:\/\/www.malinashop.lt\/en\/wp-json\/wp\/v2\/product"}],"about":[{"href":"https:\/\/www.malinashop.lt\/en\/wp-json\/wp\/v2\/types\/product"}],"version-history":[{"count":1,"href":"https:\/\/www.malinashop.lt\/en\/wp-json\/wp\/v2\/product\/59582\/revisions"}],"predecessor-version":[{"id":59588,"href":"https:\/\/www.malinashop.lt\/en\/wp-json\/wp\/v2\/product\/59582\/revisions\/59588"}],"wp:featuredmedia":[{"embeddable":true,"href":"https:\/\/www.malinashop.lt\/en\/wp-json\/wp\/v2\/media\/59585"}],"wp:attachment":[{"href":"https:\/\/www.malinashop.lt\/en\/wp-json\/wp\/v2\/media?parent=59582"}],"wp:term":[{"taxonomy":"product_brand","embeddable":true,"href":"https:\/\/www.malinashop.lt\/en\/wp-json\/wp\/v2\/product_brand?post=59582"},{"taxonomy":"product_cat","embeddable":true,"href":"https:\/\/www.malinashop.lt\/en\/wp-json\/wp\/v2\/product_cat?post=59582"},{"taxonomy":"product_tag","embeddable":true,"href":"https:\/\/www.malinashop.lt\/en\/wp-json\/wp\/v2\/product_tag?post=59582"}],"curies":[{"name":"wp","href":"https:\/\/api.w.org\/{rel}","templated":true}]}}