{"id":59532,"date":"2025-10-26T23:44:25","date_gmt":"2025-10-26T20:44:25","guid":{"rendered":"https:\/\/malinashop.lt\/?post_type=product&#038;p=59532"},"modified":"2026-03-18T12:41:30","modified_gmt":"2026-03-18T09:41:30","slug":"nejha-akiu-seseliai-partner-in-eye-03-blue-21-g","status":"publish","type":"product","link":"https:\/\/www.malinashop.lt\/en\/shop\/nejha-akiu-seseliai-partner-in-eye-03-blue-21-g\/","title":{"rendered":"NEJHA aki\u0173 \u0161e\u0161\u0117liai PARTNER IN EYE (03 Blue), 2,1 g"},"content":{"rendered":"<p data-start=\"300\" data-end=\"545\">Atraskite ry\u0161k\u0173 ir i\u0161skirtin\u012f \u017evilgsn\u012f su <strong data-start=\"342\" data-end=\"391\">NEJHA aki\u0173 \u0161e\u0161\u0117liais PARTNER IN EYE (03 Blue)<\/strong>. \u0160ie <strong data-start=\"397\" data-end=\"437\">pudriniai, itin pigmentuoti \u0161e\u0161\u0117liai<\/strong> pasi\u017eymi <strong data-start=\"447\" data-end=\"486\">\u0161velnia, \u0161ilkin\u0117s tekst\u016bros formule<\/strong>, kuri tolygiai dengiasi, nesubyra ir i\u0161lieka vis\u0105 dien\u0105.<\/p>\n<p data-start=\"547\" data-end=\"783\">Formul\u0117 praturtinta <strong data-start=\"567\" data-end=\"588\">ramun\u0117li\u0173 sviestu<\/strong>, <strong data-start=\"590\" data-end=\"601\">migdol\u0173<\/strong> ir <strong data-start=\"605\" data-end=\"625\">medetk\u0173 aliejais<\/strong>, tod\u0117l \u0161e\u0161\u0117liai ne tik suteikia sodri\u0105 spalv\u0105, bet ir <strong data-start=\"680\" data-end=\"710\">puosel\u0117ja jautri\u0105 vok\u0173 od\u0105<\/strong>.<br data-start=\"711\" data-end=\"714\" \/>Intensyvi m\u0117lyna spalva suteikia \u017evilgsniui gylio ir paslaptingumo.<\/p>\n<p data-start=\"785\" data-end=\"913\"><strong data-start=\"785\" data-end=\"800\">Naudojimas:<\/strong> tepkite \u0161e\u0161\u0117lius pir\u0161tais, teptuku arba poroloniniu aplikatoriumi, kad i\u0161gautum\u0117te norim\u0105 spalvos intensyvum\u0105.<\/p>\n","protected":false},"excerpt":{"rendered":"<p data-start=\"111\" data-end=\"273\">NEJHA PARTNER IN EYE (03 Blue) \u2013 \u0161velnios tekst\u016bros, ilgai i\u0161liekantys ir intensyviai pigmentuoti aki\u0173 \u0161e\u0161\u0117liai su ramun\u0117li\u0173 sviestu, migdol\u0173 ir medetk\u0173 aliejais.<\/p>\n","protected":false},"featured_media":59534,"template":"","meta":[],"product_brand":[1358],"product_cat":[525,102],"product_tag":[1573],"class_list":{"0":"post-59532","1":"product","2":"type-product","3":"status-publish","4":"has-post-thumbnail","6":"product_brand-nejha","7":"product_cat-akiu-seseliai","8":"product_cat-dekoratyvine-kosmetika","9":"product_tag-nejha","11":"first","12":"instock","13":"sale","14":"taxable","15":"shipping-taxable","16":"purchasable","17":"product-type-simple"},"yoast_head":"<!-- This site is optimized with the Yoast SEO plugin v27.4 - https:\/\/yoast.com\/product\/yoast-seo-wordpress\/ -->\n<title>NEJHA aki\u0173 \u0161e\u0161\u0117liai PARTNER IN EYE (03 Blue), 2,1 g - MalinaShop.lt J\u016bs\u0173 sveikatai ir gro\u017eiui.<\/title>\n<meta name=\"description\" content=\"NEJHA PARTNER IN EYE (03 Blue) \u2013 ilgai i\u0161liekantys, \u0161velnios tekst\u016bros aki\u0173 \u0161e\u0161\u0117liai su ramun\u0117li\u0173 sviestu, migdol\u0173 ir medetk\u0173 aliejais.\" \/>\n<meta name=\"robots\" content=\"index, follow, max-snippet:-1, max-image-preview:large, max-video-preview:-1\" \/>\n<link rel=\"canonical\" href=\"https:\/\/www.malinashop.lt\/en\/shop\/nejha-akiu-seseliai-partner-in-eye-03-blue-21-g\/\" \/>\n<meta property=\"og:locale\" content=\"en_GB\" \/>\n<meta property=\"og:type\" content=\"article\" \/>\n<meta property=\"og:title\" content=\"NEJHA aki\u0173 \u0161e\u0161\u0117liai PARTNER IN EYE (03 Blue), 2,1 g - MalinaShop.lt J\u016bs\u0173 sveikatai ir gro\u017eiui.\" \/>\n<meta property=\"og:description\" content=\"NEJHA PARTNER IN EYE (03 Blue) \u2013 ilgai i\u0161liekantys, \u0161velnios tekst\u016bros aki\u0173 \u0161e\u0161\u0117liai su ramun\u0117li\u0173 sviestu, migdol\u0173 ir medetk\u0173 aliejais.\" \/>\n<meta property=\"og:url\" content=\"https:\/\/www.malinashop.lt\/en\/shop\/nejha-akiu-seseliai-partner-in-eye-03-blue-21-g\/\" \/>\n<meta property=\"og:site_name\" content=\"MalinaShop.lt J\u016bs\u0173 sveikatai ir gro\u017eiui.\" \/>\n<meta property=\"article:modified_time\" content=\"2026-03-18T09:41:30+00:00\" \/>\n<meta property=\"og:image\" content=\"https:\/\/www.malinashop.lt\/wp-content\/uploads\/2025\/10\/NEJHA-akiu-seseliai-PARTNER-IN-EYE-03-Blue-21-g.webp\" \/>\n\t<meta property=\"og:image:width\" content=\"600\" \/>\n\t<meta property=\"og:image:height\" content=\"600\" \/>\n\t<meta property=\"og:image:type\" content=\"image\/webp\" \/>\n<meta name=\"twitter:card\" content=\"summary_large_image\" \/>\n<script type=\"application\/ld+json\" class=\"yoast-schema-graph\">{\"@context\":\"https:\\\/\\\/schema.org\",\"@graph\":[{\"@type\":\"WebPage\",\"@id\":\"https:\\\/\\\/www.malinashop.lt\\\/en\\\/shop\\\/nejha-akiu-seseliai-partner-in-eye-03-blue-21-g\\\/\",\"url\":\"https:\\\/\\\/www.malinashop.lt\\\/en\\\/shop\\\/nejha-akiu-seseliai-partner-in-eye-03-blue-21-g\\\/\",\"name\":\"NEJHA aki\u0173 \u0161e\u0161\u0117liai PARTNER IN EYE (03 Blue), 2,1 g - MalinaShop.lt J\u016bs\u0173 sveikatai ir gro\u017eiui.\",\"isPartOf\":{\"@id\":\"https:\\\/\\\/www.malinashop.lt\\\/en\\\/#website\"},\"primaryImageOfPage\":{\"@id\":\"https:\\\/\\\/www.malinashop.lt\\\/en\\\/shop\\\/nejha-akiu-seseliai-partner-in-eye-03-blue-21-g\\\/#primaryimage\"},\"image\":{\"@id\":\"https:\\\/\\\/www.malinashop.lt\\\/en\\\/shop\\\/nejha-akiu-seseliai-partner-in-eye-03-blue-21-g\\\/#primaryimage\"},\"thumbnailUrl\":\"https:\\\/\\\/www.malinashop.lt\\\/wp-content\\\/uploads\\\/2025\\\/10\\\/NEJHA-akiu-seseliai-PARTNER-IN-EYE-03-Blue-21-g.webp\",\"datePublished\":\"2025-10-26T20:44:25+00:00\",\"dateModified\":\"2026-03-18T09:41:30+00:00\",\"description\":\"NEJHA PARTNER IN EYE (03 Blue) \u2013 ilgai i\u0161liekantys, \u0161velnios tekst\u016bros aki\u0173 \u0161e\u0161\u0117liai su ramun\u0117li\u0173 sviestu, migdol\u0173 ir medetk\u0173 aliejais.\",\"breadcrumb\":{\"@id\":\"https:\\\/\\\/www.malinashop.lt\\\/en\\\/shop\\\/nejha-akiu-seseliai-partner-in-eye-03-blue-21-g\\\/#breadcrumb\"},\"inLanguage\":\"en-GB\",\"potentialAction\":[{\"@type\":\"ReadAction\",\"target\":[\"https:\\\/\\\/www.malinashop.lt\\\/en\\\/shop\\\/nejha-akiu-seseliai-partner-in-eye-03-blue-21-g\\\/\"]}]},{\"@type\":\"ImageObject\",\"inLanguage\":\"en-GB\",\"@id\":\"https:\\\/\\\/www.malinashop.lt\\\/en\\\/shop\\\/nejha-akiu-seseliai-partner-in-eye-03-blue-21-g\\\/#primaryimage\",\"url\":\"https:\\\/\\\/www.malinashop.lt\\\/wp-content\\\/uploads\\\/2025\\\/10\\\/NEJHA-akiu-seseliai-PARTNER-IN-EYE-03-Blue-21-g.webp\",\"contentUrl\":\"https:\\\/\\\/www.malinashop.lt\\\/wp-content\\\/uploads\\\/2025\\\/10\\\/NEJHA-akiu-seseliai-PARTNER-IN-EYE-03-Blue-21-g.webp\",\"width\":600,\"height\":600},{\"@type\":\"BreadcrumbList\",\"@id\":\"https:\\\/\\\/www.malinashop.lt\\\/en\\\/shop\\\/nejha-akiu-seseliai-partner-in-eye-03-blue-21-g\\\/#breadcrumb\",\"itemListElement\":[{\"@type\":\"ListItem\",\"position\":1,\"name\":\"Home\",\"item\":\"https:\\\/\\\/www.malinashop.lt\\\/en\\\/\"},{\"@type\":\"ListItem\",\"position\":2,\"name\":\"Parduotuv\u0117\",\"item\":\"https:\\\/\\\/www.malinashop.lt\\\/en\\\/parduotuve\\\/\"},{\"@type\":\"ListItem\",\"position\":3,\"name\":\"NEJHA aki\u0173 \u0161e\u0161\u0117liai PARTNER IN EYE (03 Blue), 2,1 g\"}]},{\"@type\":\"WebSite\",\"@id\":\"https:\\\/\\\/www.malinashop.lt\\\/en\\\/#website\",\"url\":\"https:\\\/\\\/www.malinashop.lt\\\/en\\\/\",\"name\":\"COM Group Ecommerce\",\"description\":\"MalinaShop.lt - Gro\u017eio ir sveikatos produktai i\u0161 patikim\u0173 preki\u0173 \u017eenkl\u0173. Atraskite auk\u0161tos kokyb\u0117s kosmetik\u0105 u\u017e puiki\u0105 kain\u0105.\",\"publisher\":{\"@id\":\"https:\\\/\\\/www.malinashop.lt\\\/en\\\/#organization\"},\"potentialAction\":[{\"@type\":\"SearchAction\",\"target\":{\"@type\":\"EntryPoint\",\"urlTemplate\":\"https:\\\/\\\/www.malinashop.lt\\\/en\\\/?s={search_term_string}\"},\"query-input\":{\"@type\":\"PropertyValueSpecification\",\"valueRequired\":true,\"valueName\":\"search_term_string\"}}],\"inLanguage\":\"en-GB\"},{\"@type\":\"Organization\",\"@id\":\"https:\\\/\\\/www.malinashop.lt\\\/en\\\/#organization\",\"name\":\"COM Group Ecommerce\",\"url\":\"https:\\\/\\\/www.malinashop.lt\\\/en\\\/\",\"logo\":{\"@type\":\"ImageObject\",\"inLanguage\":\"en-GB\",\"@id\":\"https:\\\/\\\/www.malinashop.lt\\\/en\\\/#\\\/schema\\\/logo\\\/image\\\/\",\"url\":\"https:\\\/\\\/www.malinashop.lt\\\/wp-content\\\/uploads\\\/2024\\\/08\\\/462559670_3787732518133670_9795632669273463_n-e1731525914575.png\",\"contentUrl\":\"https:\\\/\\\/www.malinashop.lt\\\/wp-content\\\/uploads\\\/2024\\\/08\\\/462559670_3787732518133670_9795632669273463_n-e1731525914575.png\",\"width\":180,\"height\":60,\"caption\":\"COM Group Ecommerce\"},\"image\":{\"@id\":\"https:\\\/\\\/www.malinashop.lt\\\/en\\\/#\\\/schema\\\/logo\\\/image\\\/\"}}]}<\/script>\n<!-- \/ Yoast SEO plugin. -->","yoast_head_json":{"title":"NEJHA aki\u0173 \u0161e\u0161\u0117liai PARTNER IN EYE (03 Blue), 2,1 g - MalinaShop.lt J\u016bs\u0173 sveikatai ir gro\u017eiui.","description":"NEJHA PARTNER IN EYE (03 Blue) \u2013 ilgai i\u0161liekantys, \u0161velnios tekst\u016bros aki\u0173 \u0161e\u0161\u0117liai su ramun\u0117li\u0173 sviestu, migdol\u0173 ir medetk\u0173 aliejais.","robots":{"index":"index","follow":"follow","max-snippet":"max-snippet:-1","max-image-preview":"max-image-preview:large","max-video-preview":"max-video-preview:-1"},"canonical":"https:\/\/www.malinashop.lt\/en\/shop\/nejha-akiu-seseliai-partner-in-eye-03-blue-21-g\/","og_locale":"en_GB","og_type":"article","og_title":"NEJHA aki\u0173 \u0161e\u0161\u0117liai PARTNER IN EYE (03 Blue), 2,1 g - MalinaShop.lt J\u016bs\u0173 sveikatai ir gro\u017eiui.","og_description":"NEJHA PARTNER IN EYE (03 Blue) \u2013 ilgai i\u0161liekantys, \u0161velnios tekst\u016bros aki\u0173 \u0161e\u0161\u0117liai su ramun\u0117li\u0173 sviestu, migdol\u0173 ir medetk\u0173 aliejais.","og_url":"https:\/\/www.malinashop.lt\/en\/shop\/nejha-akiu-seseliai-partner-in-eye-03-blue-21-g\/","og_site_name":"MalinaShop.lt J\u016bs\u0173 sveikatai ir gro\u017eiui.","article_modified_time":"2026-03-18T09:41:30+00:00","og_image":[{"width":600,"height":600,"url":"https:\/\/www.malinashop.lt\/wp-content\/uploads\/2025\/10\/NEJHA-akiu-seseliai-PARTNER-IN-EYE-03-Blue-21-g.webp","type":"image\/webp"}],"twitter_card":"summary_large_image","schema":{"@context":"https:\/\/schema.org","@graph":[{"@type":"WebPage","@id":"https:\/\/www.malinashop.lt\/en\/shop\/nejha-akiu-seseliai-partner-in-eye-03-blue-21-g\/","url":"https:\/\/www.malinashop.lt\/en\/shop\/nejha-akiu-seseliai-partner-in-eye-03-blue-21-g\/","name":"NEJHA aki\u0173 \u0161e\u0161\u0117liai PARTNER IN EYE (03 Blue), 2,1 g - MalinaShop.lt J\u016bs\u0173 sveikatai ir gro\u017eiui.","isPartOf":{"@id":"https:\/\/www.malinashop.lt\/en\/#website"},"primaryImageOfPage":{"@id":"https:\/\/www.malinashop.lt\/en\/shop\/nejha-akiu-seseliai-partner-in-eye-03-blue-21-g\/#primaryimage"},"image":{"@id":"https:\/\/www.malinashop.lt\/en\/shop\/nejha-akiu-seseliai-partner-in-eye-03-blue-21-g\/#primaryimage"},"thumbnailUrl":"https:\/\/www.malinashop.lt\/wp-content\/uploads\/2025\/10\/NEJHA-akiu-seseliai-PARTNER-IN-EYE-03-Blue-21-g.webp","datePublished":"2025-10-26T20:44:25+00:00","dateModified":"2026-03-18T09:41:30+00:00","description":"NEJHA PARTNER IN EYE (03 Blue) \u2013 ilgai i\u0161liekantys, \u0161velnios tekst\u016bros aki\u0173 \u0161e\u0161\u0117liai su ramun\u0117li\u0173 sviestu, migdol\u0173 ir medetk\u0173 aliejais.","breadcrumb":{"@id":"https:\/\/www.malinashop.lt\/en\/shop\/nejha-akiu-seseliai-partner-in-eye-03-blue-21-g\/#breadcrumb"},"inLanguage":"en-GB","potentialAction":[{"@type":"ReadAction","target":["https:\/\/www.malinashop.lt\/en\/shop\/nejha-akiu-seseliai-partner-in-eye-03-blue-21-g\/"]}]},{"@type":"ImageObject","inLanguage":"en-GB","@id":"https:\/\/www.malinashop.lt\/en\/shop\/nejha-akiu-seseliai-partner-in-eye-03-blue-21-g\/#primaryimage","url":"https:\/\/www.malinashop.lt\/wp-content\/uploads\/2025\/10\/NEJHA-akiu-seseliai-PARTNER-IN-EYE-03-Blue-21-g.webp","contentUrl":"https:\/\/www.malinashop.lt\/wp-content\/uploads\/2025\/10\/NEJHA-akiu-seseliai-PARTNER-IN-EYE-03-Blue-21-g.webp","width":600,"height":600},{"@type":"BreadcrumbList","@id":"https:\/\/www.malinashop.lt\/en\/shop\/nejha-akiu-seseliai-partner-in-eye-03-blue-21-g\/#breadcrumb","itemListElement":[{"@type":"ListItem","position":1,"name":"Home","item":"https:\/\/www.malinashop.lt\/en\/"},{"@type":"ListItem","position":2,"name":"Parduotuv\u0117","item":"https:\/\/www.malinashop.lt\/en\/parduotuve\/"},{"@type":"ListItem","position":3,"name":"NEJHA aki\u0173 \u0161e\u0161\u0117liai PARTNER IN EYE (03 Blue), 2,1 g"}]},{"@type":"WebSite","@id":"https:\/\/www.malinashop.lt\/en\/#website","url":"https:\/\/www.malinashop.lt\/en\/","name":"COM Group Ecommerce","description":"MalinaShop.lt - Gro\u017eio ir sveikatos produktai i\u0161 patikim\u0173 preki\u0173 \u017eenkl\u0173. Atraskite auk\u0161tos kokyb\u0117s kosmetik\u0105 u\u017e puiki\u0105 kain\u0105.","publisher":{"@id":"https:\/\/www.malinashop.lt\/en\/#organization"},"potentialAction":[{"@type":"SearchAction","target":{"@type":"EntryPoint","urlTemplate":"https:\/\/www.malinashop.lt\/en\/?s={search_term_string}"},"query-input":{"@type":"PropertyValueSpecification","valueRequired":true,"valueName":"search_term_string"}}],"inLanguage":"en-GB"},{"@type":"Organization","@id":"https:\/\/www.malinashop.lt\/en\/#organization","name":"COM Group Ecommerce","url":"https:\/\/www.malinashop.lt\/en\/","logo":{"@type":"ImageObject","inLanguage":"en-GB","@id":"https:\/\/www.malinashop.lt\/en\/#\/schema\/logo\/image\/","url":"https:\/\/www.malinashop.lt\/wp-content\/uploads\/2024\/08\/462559670_3787732518133670_9795632669273463_n-e1731525914575.png","contentUrl":"https:\/\/www.malinashop.lt\/wp-content\/uploads\/2024\/08\/462559670_3787732518133670_9795632669273463_n-e1731525914575.png","width":180,"height":60,"caption":"COM Group Ecommerce"},"image":{"@id":"https:\/\/www.malinashop.lt\/en\/#\/schema\/logo\/image\/"}}]}},"jetpack_sharing_enabled":true,"_links":{"self":[{"href":"https:\/\/www.malinashop.lt\/en\/wp-json\/wp\/v2\/product\/59532","targetHints":{"allow":["GET"]}}],"collection":[{"href":"https:\/\/www.malinashop.lt\/en\/wp-json\/wp\/v2\/product"}],"about":[{"href":"https:\/\/www.malinashop.lt\/en\/wp-json\/wp\/v2\/types\/product"}],"version-history":[{"count":1,"href":"https:\/\/www.malinashop.lt\/en\/wp-json\/wp\/v2\/product\/59532\/revisions"}],"predecessor-version":[{"id":59535,"href":"https:\/\/www.malinashop.lt\/en\/wp-json\/wp\/v2\/product\/59532\/revisions\/59535"}],"wp:featuredmedia":[{"embeddable":true,"href":"https:\/\/www.malinashop.lt\/en\/wp-json\/wp\/v2\/media\/59534"}],"wp:attachment":[{"href":"https:\/\/www.malinashop.lt\/en\/wp-json\/wp\/v2\/media?parent=59532"}],"wp:term":[{"taxonomy":"product_brand","embeddable":true,"href":"https:\/\/www.malinashop.lt\/en\/wp-json\/wp\/v2\/product_brand?post=59532"},{"taxonomy":"product_cat","embeddable":true,"href":"https:\/\/www.malinashop.lt\/en\/wp-json\/wp\/v2\/product_cat?post=59532"},{"taxonomy":"product_tag","embeddable":true,"href":"https:\/\/www.malinashop.lt\/en\/wp-json\/wp\/v2\/product_tag?post=59532"}],"curies":[{"name":"wp","href":"https:\/\/api.w.org\/{rel}","templated":true}]}}