{"id":59504,"date":"2025-10-26T23:23:17","date_gmt":"2025-10-26T20:23:17","guid":{"rendered":"https:\/\/malinashop.lt\/?post_type=product&#038;p=59504"},"modified":"2026-03-18T12:41:33","modified_gmt":"2026-03-18T09:41:33","slug":"nejha-akiu-seseliai-partner-in-eye-10-silver-21-g","status":"publish","type":"product","link":"https:\/\/www.malinashop.lt\/en\/shop\/nejha-akiu-seseliai-partner-in-eye-10-silver-21-g\/","title":{"rendered":"NEJHA aki\u0173 \u0161e\u0161\u0117liai PARTNER IN EYE (10 Silver), 2,1 g"},"content":{"rendered":"<p data-start=\"276\" data-end=\"508\">Sukurkite i\u0161rai\u0161king\u0105 \u017evilgsn\u012f su <strong data-start=\"310\" data-end=\"361\">NEJHA aki\u0173 \u0161e\u0161\u0117liais PARTNER IN EYE (10 Silver)<\/strong>. \u0160ie <strong data-start=\"367\" data-end=\"409\">pudriniai, \u0161velnios tekst\u016bros \u0161e\u0161\u0117liai<\/strong> pasi\u017eymi <strong data-start=\"419\" data-end=\"449\">auk\u0161tu pigmentacijos lygiu<\/strong>, tod\u0117l u\u017etikrina <strong data-start=\"467\" data-end=\"505\">sodr\u0173 ir ilgai i\u0161liekant\u012f atspalv\u012f<\/strong>.<\/p>\n<p data-start=\"510\" data-end=\"803\">Lengvai paskirstoma formul\u0117 leid\u017eia <strong data-start=\"546\" data-end=\"565\">tolygiai dengti<\/strong> vok\u0105 be nubyra\u00admo efekto, tod\u0117l makia\u017eas atrodo profesionaliai vis\u0105 dien\u0105.<br data-start=\"640\" data-end=\"643\" \/>Sud\u0117tyje esantys <strong data-start=\"660\" data-end=\"682\">ramun\u0117li\u0173 sviestas<\/strong>, <strong data-start=\"684\" data-end=\"695\">migdol\u0173<\/strong> ir <strong data-start=\"699\" data-end=\"718\">medetk\u0173 aliejai<\/strong> \u0161velniai <strong data-start=\"728\" data-end=\"757\">puosel\u0117ja od\u0105 aplink akis<\/strong>, suteikdami papildomos dr\u0117gm\u0117s ir komforto.<\/p>\n<p data-start=\"805\" data-end=\"914\"><strong data-start=\"805\" data-end=\"820\">Naudojimas:<\/strong> tepkite aki\u0173 \u0161e\u0161\u0117lius pir\u0161tais, teptuku arba poroloniniu aplikatoriumi pagal norim\u0105 efekt\u0105.<\/p>\n","protected":false},"excerpt":{"rendered":"<p>NEJHA PARTNER IN EYE (10 Silver) \u2013 \u0161velnios tekst\u016bros, itin pigmentuoti aki\u0173 \u0161e\u0161\u0117liai su ramun\u0117li\u0173 sviestu, migdol\u0173 ir medetk\u0173 aliejais.<\/p>\n","protected":false},"featured_media":59506,"template":"","meta":[],"product_brand":[1358],"product_cat":[525,102],"product_tag":[1573],"class_list":{"0":"post-59504","1":"product","2":"type-product","3":"status-publish","4":"has-post-thumbnail","6":"product_brand-nejha","7":"product_cat-akiu-seseliai","8":"product_cat-dekoratyvine-kosmetika","9":"product_tag-nejha","11":"first","12":"instock","13":"sale","14":"taxable","15":"shipping-taxable","16":"purchasable","17":"product-type-simple"},"yoast_head":"<!-- This site is optimized with the Yoast SEO plugin v27.4 - https:\/\/yoast.com\/product\/yoast-seo-wordpress\/ -->\n<title>NEJHA aki\u0173 \u0161e\u0161\u0117liai PARTNER IN EYE (10 Silver), 2,1 g - MalinaShop.lt J\u016bs\u0173 sveikatai ir gro\u017eiui.<\/title>\n<meta name=\"description\" content=\"NEJHA PARTNER IN EYE (10 Silver) \u2013 \u0161velnios tekst\u016bros, itin pigmentuoti aki\u0173 \u0161e\u0161\u0117liai su ramun\u0117li\u0173 sviestu, migdol\u0173 ir medetk\u0173 aliejais. NEJHA PARTNER IN EYE (10 Silver) \u2013 \u0161velnios tekst\u016bros, ilgai i\u0161liekantys aki\u0173 \u0161e\u0161\u0117liai su ramun\u0117li\u0173 sviestu, migdol\u0173 ir medetk\u0173 aliejais.\" \/>\n<meta name=\"robots\" content=\"index, follow, max-snippet:-1, max-image-preview:large, max-video-preview:-1\" \/>\n<link rel=\"canonical\" href=\"https:\/\/www.malinashop.lt\/en\/shop\/nejha-akiu-seseliai-partner-in-eye-10-silver-21-g\/\" \/>\n<meta property=\"og:locale\" content=\"en_GB\" \/>\n<meta property=\"og:type\" content=\"article\" \/>\n<meta property=\"og:title\" content=\"NEJHA aki\u0173 \u0161e\u0161\u0117liai PARTNER IN EYE (10 Silver), 2,1 g - MalinaShop.lt J\u016bs\u0173 sveikatai ir gro\u017eiui.\" \/>\n<meta property=\"og:description\" content=\"NEJHA PARTNER IN EYE (10 Silver) \u2013 \u0161velnios tekst\u016bros, itin pigmentuoti aki\u0173 \u0161e\u0161\u0117liai su ramun\u0117li\u0173 sviestu, migdol\u0173 ir medetk\u0173 aliejais. NEJHA PARTNER IN EYE (10 Silver) \u2013 \u0161velnios tekst\u016bros, ilgai i\u0161liekantys aki\u0173 \u0161e\u0161\u0117liai su ramun\u0117li\u0173 sviestu, migdol\u0173 ir medetk\u0173 aliejais.\" \/>\n<meta property=\"og:url\" content=\"https:\/\/www.malinashop.lt\/en\/shop\/nejha-akiu-seseliai-partner-in-eye-10-silver-21-g\/\" \/>\n<meta property=\"og:site_name\" content=\"MalinaShop.lt J\u016bs\u0173 sveikatai ir gro\u017eiui.\" \/>\n<meta property=\"article:modified_time\" content=\"2026-03-18T09:41:33+00:00\" \/>\n<meta property=\"og:image\" content=\"https:\/\/www.malinashop.lt\/wp-content\/uploads\/2025\/10\/NEJHA-akiu-seseliai-PARTNER-IN-EYE-10-Silver-21-g.webp\" \/>\n\t<meta property=\"og:image:width\" content=\"600\" \/>\n\t<meta property=\"og:image:height\" content=\"600\" \/>\n\t<meta property=\"og:image:type\" content=\"image\/webp\" \/>\n<meta name=\"twitter:card\" content=\"summary_large_image\" \/>\n<script type=\"application\/ld+json\" class=\"yoast-schema-graph\">{\"@context\":\"https:\\\/\\\/schema.org\",\"@graph\":[{\"@type\":\"WebPage\",\"@id\":\"https:\\\/\\\/www.malinashop.lt\\\/en\\\/shop\\\/nejha-akiu-seseliai-partner-in-eye-10-silver-21-g\\\/\",\"url\":\"https:\\\/\\\/www.malinashop.lt\\\/en\\\/shop\\\/nejha-akiu-seseliai-partner-in-eye-10-silver-21-g\\\/\",\"name\":\"NEJHA aki\u0173 \u0161e\u0161\u0117liai PARTNER IN EYE (10 Silver), 2,1 g - MalinaShop.lt J\u016bs\u0173 sveikatai ir gro\u017eiui.\",\"isPartOf\":{\"@id\":\"https:\\\/\\\/www.malinashop.lt\\\/en\\\/#website\"},\"primaryImageOfPage\":{\"@id\":\"https:\\\/\\\/www.malinashop.lt\\\/en\\\/shop\\\/nejha-akiu-seseliai-partner-in-eye-10-silver-21-g\\\/#primaryimage\"},\"image\":{\"@id\":\"https:\\\/\\\/www.malinashop.lt\\\/en\\\/shop\\\/nejha-akiu-seseliai-partner-in-eye-10-silver-21-g\\\/#primaryimage\"},\"thumbnailUrl\":\"https:\\\/\\\/www.malinashop.lt\\\/wp-content\\\/uploads\\\/2025\\\/10\\\/NEJHA-akiu-seseliai-PARTNER-IN-EYE-10-Silver-21-g.webp\",\"datePublished\":\"2025-10-26T20:23:17+00:00\",\"dateModified\":\"2026-03-18T09:41:33+00:00\",\"description\":\"NEJHA PARTNER IN EYE (10 Silver) \u2013 \u0161velnios tekst\u016bros, itin pigmentuoti aki\u0173 \u0161e\u0161\u0117liai su ramun\u0117li\u0173 sviestu, migdol\u0173 ir medetk\u0173 aliejais. NEJHA PARTNER IN EYE (10 Silver) \u2013 \u0161velnios tekst\u016bros, ilgai i\u0161liekantys aki\u0173 \u0161e\u0161\u0117liai su ramun\u0117li\u0173 sviestu, migdol\u0173 ir medetk\u0173 aliejais.\",\"breadcrumb\":{\"@id\":\"https:\\\/\\\/www.malinashop.lt\\\/en\\\/shop\\\/nejha-akiu-seseliai-partner-in-eye-10-silver-21-g\\\/#breadcrumb\"},\"inLanguage\":\"en-GB\",\"potentialAction\":[{\"@type\":\"ReadAction\",\"target\":[\"https:\\\/\\\/www.malinashop.lt\\\/en\\\/shop\\\/nejha-akiu-seseliai-partner-in-eye-10-silver-21-g\\\/\"]}]},{\"@type\":\"ImageObject\",\"inLanguage\":\"en-GB\",\"@id\":\"https:\\\/\\\/www.malinashop.lt\\\/en\\\/shop\\\/nejha-akiu-seseliai-partner-in-eye-10-silver-21-g\\\/#primaryimage\",\"url\":\"https:\\\/\\\/www.malinashop.lt\\\/wp-content\\\/uploads\\\/2025\\\/10\\\/NEJHA-akiu-seseliai-PARTNER-IN-EYE-10-Silver-21-g.webp\",\"contentUrl\":\"https:\\\/\\\/www.malinashop.lt\\\/wp-content\\\/uploads\\\/2025\\\/10\\\/NEJHA-akiu-seseliai-PARTNER-IN-EYE-10-Silver-21-g.webp\",\"width\":600,\"height\":600},{\"@type\":\"BreadcrumbList\",\"@id\":\"https:\\\/\\\/www.malinashop.lt\\\/en\\\/shop\\\/nejha-akiu-seseliai-partner-in-eye-10-silver-21-g\\\/#breadcrumb\",\"itemListElement\":[{\"@type\":\"ListItem\",\"position\":1,\"name\":\"Home\",\"item\":\"https:\\\/\\\/www.malinashop.lt\\\/en\\\/\"},{\"@type\":\"ListItem\",\"position\":2,\"name\":\"Parduotuv\u0117\",\"item\":\"https:\\\/\\\/www.malinashop.lt\\\/en\\\/parduotuve\\\/\"},{\"@type\":\"ListItem\",\"position\":3,\"name\":\"NEJHA aki\u0173 \u0161e\u0161\u0117liai PARTNER IN EYE (10 Silver), 2,1 g\"}]},{\"@type\":\"WebSite\",\"@id\":\"https:\\\/\\\/www.malinashop.lt\\\/en\\\/#website\",\"url\":\"https:\\\/\\\/www.malinashop.lt\\\/en\\\/\",\"name\":\"COM Group Ecommerce\",\"description\":\"MalinaShop.lt - Gro\u017eio ir sveikatos produktai i\u0161 patikim\u0173 preki\u0173 \u017eenkl\u0173. Atraskite auk\u0161tos kokyb\u0117s kosmetik\u0105 u\u017e puiki\u0105 kain\u0105.\",\"publisher\":{\"@id\":\"https:\\\/\\\/www.malinashop.lt\\\/en\\\/#organization\"},\"potentialAction\":[{\"@type\":\"SearchAction\",\"target\":{\"@type\":\"EntryPoint\",\"urlTemplate\":\"https:\\\/\\\/www.malinashop.lt\\\/en\\\/?s={search_term_string}\"},\"query-input\":{\"@type\":\"PropertyValueSpecification\",\"valueRequired\":true,\"valueName\":\"search_term_string\"}}],\"inLanguage\":\"en-GB\"},{\"@type\":\"Organization\",\"@id\":\"https:\\\/\\\/www.malinashop.lt\\\/en\\\/#organization\",\"name\":\"COM Group Ecommerce\",\"url\":\"https:\\\/\\\/www.malinashop.lt\\\/en\\\/\",\"logo\":{\"@type\":\"ImageObject\",\"inLanguage\":\"en-GB\",\"@id\":\"https:\\\/\\\/www.malinashop.lt\\\/en\\\/#\\\/schema\\\/logo\\\/image\\\/\",\"url\":\"https:\\\/\\\/www.malinashop.lt\\\/wp-content\\\/uploads\\\/2024\\\/08\\\/462559670_3787732518133670_9795632669273463_n-e1731525914575.png\",\"contentUrl\":\"https:\\\/\\\/www.malinashop.lt\\\/wp-content\\\/uploads\\\/2024\\\/08\\\/462559670_3787732518133670_9795632669273463_n-e1731525914575.png\",\"width\":180,\"height\":60,\"caption\":\"COM Group Ecommerce\"},\"image\":{\"@id\":\"https:\\\/\\\/www.malinashop.lt\\\/en\\\/#\\\/schema\\\/logo\\\/image\\\/\"}}]}<\/script>\n<!-- \/ Yoast SEO plugin. -->","yoast_head_json":{"title":"NEJHA aki\u0173 \u0161e\u0161\u0117liai PARTNER IN EYE (10 Silver), 2,1 g - MalinaShop.lt J\u016bs\u0173 sveikatai ir gro\u017eiui.","description":"NEJHA PARTNER IN EYE (10 Silver) \u2013 \u0161velnios tekst\u016bros, itin pigmentuoti aki\u0173 \u0161e\u0161\u0117liai su ramun\u0117li\u0173 sviestu, migdol\u0173 ir medetk\u0173 aliejais. NEJHA PARTNER IN EYE (10 Silver) \u2013 \u0161velnios tekst\u016bros, ilgai i\u0161liekantys aki\u0173 \u0161e\u0161\u0117liai su ramun\u0117li\u0173 sviestu, migdol\u0173 ir medetk\u0173 aliejais.","robots":{"index":"index","follow":"follow","max-snippet":"max-snippet:-1","max-image-preview":"max-image-preview:large","max-video-preview":"max-video-preview:-1"},"canonical":"https:\/\/www.malinashop.lt\/en\/shop\/nejha-akiu-seseliai-partner-in-eye-10-silver-21-g\/","og_locale":"en_GB","og_type":"article","og_title":"NEJHA aki\u0173 \u0161e\u0161\u0117liai PARTNER IN EYE (10 Silver), 2,1 g - MalinaShop.lt J\u016bs\u0173 sveikatai ir gro\u017eiui.","og_description":"NEJHA PARTNER IN EYE (10 Silver) \u2013 \u0161velnios tekst\u016bros, itin pigmentuoti aki\u0173 \u0161e\u0161\u0117liai su ramun\u0117li\u0173 sviestu, migdol\u0173 ir medetk\u0173 aliejais. NEJHA PARTNER IN EYE (10 Silver) \u2013 \u0161velnios tekst\u016bros, ilgai i\u0161liekantys aki\u0173 \u0161e\u0161\u0117liai su ramun\u0117li\u0173 sviestu, migdol\u0173 ir medetk\u0173 aliejais.","og_url":"https:\/\/www.malinashop.lt\/en\/shop\/nejha-akiu-seseliai-partner-in-eye-10-silver-21-g\/","og_site_name":"MalinaShop.lt J\u016bs\u0173 sveikatai ir gro\u017eiui.","article_modified_time":"2026-03-18T09:41:33+00:00","og_image":[{"width":600,"height":600,"url":"https:\/\/www.malinashop.lt\/wp-content\/uploads\/2025\/10\/NEJHA-akiu-seseliai-PARTNER-IN-EYE-10-Silver-21-g.webp","type":"image\/webp"}],"twitter_card":"summary_large_image","schema":{"@context":"https:\/\/schema.org","@graph":[{"@type":"WebPage","@id":"https:\/\/www.malinashop.lt\/en\/shop\/nejha-akiu-seseliai-partner-in-eye-10-silver-21-g\/","url":"https:\/\/www.malinashop.lt\/en\/shop\/nejha-akiu-seseliai-partner-in-eye-10-silver-21-g\/","name":"NEJHA aki\u0173 \u0161e\u0161\u0117liai PARTNER IN EYE (10 Silver), 2,1 g - MalinaShop.lt J\u016bs\u0173 sveikatai ir gro\u017eiui.","isPartOf":{"@id":"https:\/\/www.malinashop.lt\/en\/#website"},"primaryImageOfPage":{"@id":"https:\/\/www.malinashop.lt\/en\/shop\/nejha-akiu-seseliai-partner-in-eye-10-silver-21-g\/#primaryimage"},"image":{"@id":"https:\/\/www.malinashop.lt\/en\/shop\/nejha-akiu-seseliai-partner-in-eye-10-silver-21-g\/#primaryimage"},"thumbnailUrl":"https:\/\/www.malinashop.lt\/wp-content\/uploads\/2025\/10\/NEJHA-akiu-seseliai-PARTNER-IN-EYE-10-Silver-21-g.webp","datePublished":"2025-10-26T20:23:17+00:00","dateModified":"2026-03-18T09:41:33+00:00","description":"NEJHA PARTNER IN EYE (10 Silver) \u2013 \u0161velnios tekst\u016bros, itin pigmentuoti aki\u0173 \u0161e\u0161\u0117liai su ramun\u0117li\u0173 sviestu, migdol\u0173 ir medetk\u0173 aliejais. NEJHA PARTNER IN EYE (10 Silver) \u2013 \u0161velnios tekst\u016bros, ilgai i\u0161liekantys aki\u0173 \u0161e\u0161\u0117liai su ramun\u0117li\u0173 sviestu, migdol\u0173 ir medetk\u0173 aliejais.","breadcrumb":{"@id":"https:\/\/www.malinashop.lt\/en\/shop\/nejha-akiu-seseliai-partner-in-eye-10-silver-21-g\/#breadcrumb"},"inLanguage":"en-GB","potentialAction":[{"@type":"ReadAction","target":["https:\/\/www.malinashop.lt\/en\/shop\/nejha-akiu-seseliai-partner-in-eye-10-silver-21-g\/"]}]},{"@type":"ImageObject","inLanguage":"en-GB","@id":"https:\/\/www.malinashop.lt\/en\/shop\/nejha-akiu-seseliai-partner-in-eye-10-silver-21-g\/#primaryimage","url":"https:\/\/www.malinashop.lt\/wp-content\/uploads\/2025\/10\/NEJHA-akiu-seseliai-PARTNER-IN-EYE-10-Silver-21-g.webp","contentUrl":"https:\/\/www.malinashop.lt\/wp-content\/uploads\/2025\/10\/NEJHA-akiu-seseliai-PARTNER-IN-EYE-10-Silver-21-g.webp","width":600,"height":600},{"@type":"BreadcrumbList","@id":"https:\/\/www.malinashop.lt\/en\/shop\/nejha-akiu-seseliai-partner-in-eye-10-silver-21-g\/#breadcrumb","itemListElement":[{"@type":"ListItem","position":1,"name":"Home","item":"https:\/\/www.malinashop.lt\/en\/"},{"@type":"ListItem","position":2,"name":"Parduotuv\u0117","item":"https:\/\/www.malinashop.lt\/en\/parduotuve\/"},{"@type":"ListItem","position":3,"name":"NEJHA aki\u0173 \u0161e\u0161\u0117liai PARTNER IN EYE (10 Silver), 2,1 g"}]},{"@type":"WebSite","@id":"https:\/\/www.malinashop.lt\/en\/#website","url":"https:\/\/www.malinashop.lt\/en\/","name":"COM Group Ecommerce","description":"MalinaShop.lt - Gro\u017eio ir sveikatos produktai i\u0161 patikim\u0173 preki\u0173 \u017eenkl\u0173. Atraskite auk\u0161tos kokyb\u0117s kosmetik\u0105 u\u017e puiki\u0105 kain\u0105.","publisher":{"@id":"https:\/\/www.malinashop.lt\/en\/#organization"},"potentialAction":[{"@type":"SearchAction","target":{"@type":"EntryPoint","urlTemplate":"https:\/\/www.malinashop.lt\/en\/?s={search_term_string}"},"query-input":{"@type":"PropertyValueSpecification","valueRequired":true,"valueName":"search_term_string"}}],"inLanguage":"en-GB"},{"@type":"Organization","@id":"https:\/\/www.malinashop.lt\/en\/#organization","name":"COM Group Ecommerce","url":"https:\/\/www.malinashop.lt\/en\/","logo":{"@type":"ImageObject","inLanguage":"en-GB","@id":"https:\/\/www.malinashop.lt\/en\/#\/schema\/logo\/image\/","url":"https:\/\/www.malinashop.lt\/wp-content\/uploads\/2024\/08\/462559670_3787732518133670_9795632669273463_n-e1731525914575.png","contentUrl":"https:\/\/www.malinashop.lt\/wp-content\/uploads\/2024\/08\/462559670_3787732518133670_9795632669273463_n-e1731525914575.png","width":180,"height":60,"caption":"COM Group Ecommerce"},"image":{"@id":"https:\/\/www.malinashop.lt\/en\/#\/schema\/logo\/image\/"}}]}},"jetpack_sharing_enabled":true,"_links":{"self":[{"href":"https:\/\/www.malinashop.lt\/en\/wp-json\/wp\/v2\/product\/59504","targetHints":{"allow":["GET"]}}],"collection":[{"href":"https:\/\/www.malinashop.lt\/en\/wp-json\/wp\/v2\/product"}],"about":[{"href":"https:\/\/www.malinashop.lt\/en\/wp-json\/wp\/v2\/types\/product"}],"version-history":[{"count":1,"href":"https:\/\/www.malinashop.lt\/en\/wp-json\/wp\/v2\/product\/59504\/revisions"}],"predecessor-version":[{"id":59507,"href":"https:\/\/www.malinashop.lt\/en\/wp-json\/wp\/v2\/product\/59504\/revisions\/59507"}],"wp:featuredmedia":[{"embeddable":true,"href":"https:\/\/www.malinashop.lt\/en\/wp-json\/wp\/v2\/media\/59506"}],"wp:attachment":[{"href":"https:\/\/www.malinashop.lt\/en\/wp-json\/wp\/v2\/media?parent=59504"}],"wp:term":[{"taxonomy":"product_brand","embeddable":true,"href":"https:\/\/www.malinashop.lt\/en\/wp-json\/wp\/v2\/product_brand?post=59504"},{"taxonomy":"product_cat","embeddable":true,"href":"https:\/\/www.malinashop.lt\/en\/wp-json\/wp\/v2\/product_cat?post=59504"},{"taxonomy":"product_tag","embeddable":true,"href":"https:\/\/www.malinashop.lt\/en\/wp-json\/wp\/v2\/product_tag?post=59504"}],"curies":[{"name":"wp","href":"https:\/\/api.w.org\/{rel}","templated":true}]}}