{"id":59456,"date":"2025-10-25T00:52:04","date_gmt":"2025-10-24T21:52:04","guid":{"rendered":"https:\/\/malinashop.lt\/?post_type=product&#038;p=59456"},"modified":"2026-03-18T12:41:35","modified_gmt":"2026-03-18T09:41:35","slug":"nejha-antakiu-piestukas-fatal-04-deep-brown-009-g","status":"publish","type":"product","link":"https:\/\/www.malinashop.lt\/en\/shop\/nejha-antakiu-piestukas-fatal-04-deep-brown-009-g\/","title":{"rendered":"NEJHA antaki\u0173 pie\u0161tukas FATAL (04 Deep Brown), 0,09 g"},"content":{"rendered":"<p data-start=\"279\" data-end=\"510\">Sukurkite ideali\u0105 antaki\u0173 form\u0105 su <strong data-start=\"314\" data-end=\"362\">NEJHA antaki\u0173 pie\u0161tuku FATAL (04 Deep Brown)<\/strong>. \u0160is <strong data-start=\"368\" data-end=\"393\">itin plonas pie\u0161tukas<\/strong> leid\u017eia precizi\u0161kai <strong data-start=\"414\" data-end=\"434\">u\u017epildyti tarpus<\/strong>, <strong data-start=\"436\" data-end=\"450\">pary\u0161kinti<\/strong> bei <strong data-start=\"455\" data-end=\"477\">su\u0161ukuoti antakius<\/strong>, i\u0161laikant nat\u016bral\u0173 rezultat\u0105.<\/p>\n<p data-start=\"512\" data-end=\"746\">Formul\u0117 praturtinta <strong data-start=\"532\" data-end=\"562\">91 % nat\u016brali\u0173 ingredient\u0173<\/strong>, taip pat <strong data-start=\"573\" data-end=\"587\">vitaminu C<\/strong> ir <strong data-start=\"591\" data-end=\"605\">vitaminu E<\/strong>, kurie <strong data-start=\"613\" data-end=\"636\">puosel\u0117ja, stiprina<\/strong> ir <strong data-start=\"640\" data-end=\"670\">apsaugo antaki\u0173 plaukelius<\/strong>. Lengva, kremin\u0117 tekst\u016bra slysta \u0161velniai, nesuteikdama dirbtinio efekto.<\/p>\n<p data-start=\"748\" data-end=\"929\"><strong data-start=\"748\" data-end=\"763\">Naudojimas:<\/strong> br\u0117\u017ekite trumpais br\u016bk\u0161neliais, formuodami antakius iki norimos formos. Pie\u0161tuko galiuku apibr\u0117\u017ekite kont\u016brus ir u\u017epildykite tarpus nat\u016braliam rezultatui pasiekti.<\/p>\n","protected":false},"excerpt":{"rendered":"<article class=\"text-token-text-primary w-full focus:outline-none [--shadow-height:45px] has-data-writing-block:pointer-events-none has-data-writing-block:-mt-(--shadow-height) has-data-writing-block:pt-(--shadow-height) [&amp;:has([data-writing-block])&gt;*]:pointer-events-auto scroll-mt-[calc(var(--header-height)+min(200px,max(70px,20svh)))]\" dir=\"auto\" data-turn-id=\"request-68c31e5c-f8ac-832b-9925-96755f033da8-28\" data-testid=\"conversation-turn-402\" data-scroll-anchor=\"true\" data-turn=\"assistant\">\n<div class=\"text-base my-auto mx-auto pb-10 [--thread-content-margin:--spacing(4)] thread-sm:[--thread-content-margin:--spacing(6)] thread-lg:[--thread-content-margin:--spacing(16)] px-(--thread-content-margin)\">\n<div class=\"[--thread-content-max-width:40rem] thread-lg:[--thread-content-max-width:48rem] mx-auto max-w-(--thread-content-max-width) flex-1 group\/turn-messages focus-visible:outline-hidden relative flex w-full min-w-0 flex-col agent-turn\">\n<div class=\"flex max-w-full flex-col grow\">\n<div class=\"min-h-8 text-message relative flex w-full flex-col items-end gap-2 text-start break-words whitespace-normal [.text-message+&amp;]:mt-1\" dir=\"auto\" data-message-author-role=\"assistant\" data-message-id=\"d2dc36c7-a230-474b-b843-83ca5ed702e7\" data-message-model-slug=\"gpt-5\">\n<div class=\"flex w-full flex-col gap-1 empty:hidden first:pt-[1px]\">\n<div class=\"markdown prose dark:prose-invert w-full break-words light markdown-new-styling\">\n<p data-start=\"135\" data-end=\"302\">NEJHA FATAL (04 Deep Brown) \u2013 itin plonas antaki\u0173 pie\u0161tukas su vitaminu C, E ir 91 % nat\u016brali\u0173 ingredient\u0173 nat\u016braliam antaki\u0173 pary\u0161kinimui.<\/p>\n<\/div>\n<\/div>\n<\/div>\n<\/div>\n<\/div>\n<\/div>\n<\/article>\n","protected":false},"featured_media":59458,"template":"","meta":[],"product_brand":[1358],"product_cat":[1297,102,1299],"product_tag":[1573],"class_list":{"0":"post-59456","1":"product","2":"type-product","3":"status-publish","4":"has-post-thumbnail","6":"product_brand-nejha","7":"product_cat-antakiams","8":"product_cat-dekoratyvine-kosmetika","9":"product_cat-produktai-su-dovanomis","10":"product_tag-nejha","12":"first","13":"instock","14":"sale","15":"taxable","16":"shipping-taxable","17":"purchasable","18":"product-type-simple"},"yoast_head":"<!-- This site is optimized with the Yoast SEO plugin v27.4 - https:\/\/yoast.com\/product\/yoast-seo-wordpress\/ -->\n<title>NEJHA antaki\u0173 pie\u0161tukas FATAL (04 Deep Brown), 0,09 g - MalinaShop.lt J\u016bs\u0173 sveikatai ir gro\u017eiui.<\/title>\n<meta name=\"description\" content=\"NEJHA FATAL (04 Deep Brown) \u2013 plonas antaki\u0173 pie\u0161tukas su vitaminu C, E ir 91 % nat\u016brali\u0173 ingredient\u0173, nat\u016braliems ir tvarkingiems antakiams.\" \/>\n<meta name=\"robots\" content=\"index, follow, max-snippet:-1, max-image-preview:large, max-video-preview:-1\" \/>\n<link rel=\"canonical\" href=\"https:\/\/www.malinashop.lt\/en\/shop\/nejha-antakiu-piestukas-fatal-04-deep-brown-009-g\/\" \/>\n<meta property=\"og:locale\" content=\"en_GB\" \/>\n<meta property=\"og:type\" content=\"article\" \/>\n<meta property=\"og:title\" content=\"NEJHA antaki\u0173 pie\u0161tukas FATAL (04 Deep Brown), 0,09 g - MalinaShop.lt J\u016bs\u0173 sveikatai ir gro\u017eiui.\" \/>\n<meta property=\"og:description\" content=\"NEJHA FATAL (04 Deep Brown) \u2013 plonas antaki\u0173 pie\u0161tukas su vitaminu C, E ir 91 % nat\u016brali\u0173 ingredient\u0173, nat\u016braliems ir tvarkingiems antakiams.\" \/>\n<meta property=\"og:url\" content=\"https:\/\/www.malinashop.lt\/en\/shop\/nejha-antakiu-piestukas-fatal-04-deep-brown-009-g\/\" \/>\n<meta property=\"og:site_name\" content=\"MalinaShop.lt J\u016bs\u0173 sveikatai ir gro\u017eiui.\" \/>\n<meta property=\"article:modified_time\" content=\"2026-03-18T09:41:35+00:00\" \/>\n<meta property=\"og:image\" content=\"https:\/\/www.malinashop.lt\/wp-content\/uploads\/2025\/10\/NEJHA-antakiu-piestukas-FATAL-04-Deep-Brown-009-g.webp\" \/>\n\t<meta property=\"og:image:width\" content=\"600\" \/>\n\t<meta property=\"og:image:height\" content=\"600\" \/>\n\t<meta property=\"og:image:type\" content=\"image\/webp\" \/>\n<meta name=\"twitter:card\" content=\"summary_large_image\" \/>\n<script type=\"application\/ld+json\" class=\"yoast-schema-graph\">{\"@context\":\"https:\\\/\\\/schema.org\",\"@graph\":[{\"@type\":\"WebPage\",\"@id\":\"https:\\\/\\\/www.malinashop.lt\\\/en\\\/shop\\\/nejha-antakiu-piestukas-fatal-04-deep-brown-009-g\\\/\",\"url\":\"https:\\\/\\\/www.malinashop.lt\\\/en\\\/shop\\\/nejha-antakiu-piestukas-fatal-04-deep-brown-009-g\\\/\",\"name\":\"NEJHA antaki\u0173 pie\u0161tukas FATAL (04 Deep Brown), 0,09 g - MalinaShop.lt J\u016bs\u0173 sveikatai ir gro\u017eiui.\",\"isPartOf\":{\"@id\":\"https:\\\/\\\/www.malinashop.lt\\\/en\\\/#website\"},\"primaryImageOfPage\":{\"@id\":\"https:\\\/\\\/www.malinashop.lt\\\/en\\\/shop\\\/nejha-antakiu-piestukas-fatal-04-deep-brown-009-g\\\/#primaryimage\"},\"image\":{\"@id\":\"https:\\\/\\\/www.malinashop.lt\\\/en\\\/shop\\\/nejha-antakiu-piestukas-fatal-04-deep-brown-009-g\\\/#primaryimage\"},\"thumbnailUrl\":\"https:\\\/\\\/www.malinashop.lt\\\/wp-content\\\/uploads\\\/2025\\\/10\\\/NEJHA-antakiu-piestukas-FATAL-04-Deep-Brown-009-g.webp\",\"datePublished\":\"2025-10-24T21:52:04+00:00\",\"dateModified\":\"2026-03-18T09:41:35+00:00\",\"description\":\"NEJHA FATAL (04 Deep Brown) \u2013 plonas antaki\u0173 pie\u0161tukas su vitaminu C, E ir 91 % nat\u016brali\u0173 ingredient\u0173, nat\u016braliems ir tvarkingiems antakiams.\",\"breadcrumb\":{\"@id\":\"https:\\\/\\\/www.malinashop.lt\\\/en\\\/shop\\\/nejha-antakiu-piestukas-fatal-04-deep-brown-009-g\\\/#breadcrumb\"},\"inLanguage\":\"en-GB\",\"potentialAction\":[{\"@type\":\"ReadAction\",\"target\":[\"https:\\\/\\\/www.malinashop.lt\\\/en\\\/shop\\\/nejha-antakiu-piestukas-fatal-04-deep-brown-009-g\\\/\"]}]},{\"@type\":\"ImageObject\",\"inLanguage\":\"en-GB\",\"@id\":\"https:\\\/\\\/www.malinashop.lt\\\/en\\\/shop\\\/nejha-antakiu-piestukas-fatal-04-deep-brown-009-g\\\/#primaryimage\",\"url\":\"https:\\\/\\\/www.malinashop.lt\\\/wp-content\\\/uploads\\\/2025\\\/10\\\/NEJHA-antakiu-piestukas-FATAL-04-Deep-Brown-009-g.webp\",\"contentUrl\":\"https:\\\/\\\/www.malinashop.lt\\\/wp-content\\\/uploads\\\/2025\\\/10\\\/NEJHA-antakiu-piestukas-FATAL-04-Deep-Brown-009-g.webp\",\"width\":600,\"height\":600},{\"@type\":\"BreadcrumbList\",\"@id\":\"https:\\\/\\\/www.malinashop.lt\\\/en\\\/shop\\\/nejha-antakiu-piestukas-fatal-04-deep-brown-009-g\\\/#breadcrumb\",\"itemListElement\":[{\"@type\":\"ListItem\",\"position\":1,\"name\":\"Home\",\"item\":\"https:\\\/\\\/www.malinashop.lt\\\/en\\\/\"},{\"@type\":\"ListItem\",\"position\":2,\"name\":\"Parduotuv\u0117\",\"item\":\"https:\\\/\\\/www.malinashop.lt\\\/en\\\/parduotuve\\\/\"},{\"@type\":\"ListItem\",\"position\":3,\"name\":\"NEJHA antaki\u0173 pie\u0161tukas FATAL (04 Deep Brown), 0,09 g\"}]},{\"@type\":\"WebSite\",\"@id\":\"https:\\\/\\\/www.malinashop.lt\\\/en\\\/#website\",\"url\":\"https:\\\/\\\/www.malinashop.lt\\\/en\\\/\",\"name\":\"COM Group Ecommerce\",\"description\":\"MalinaShop.lt - Gro\u017eio ir sveikatos produktai i\u0161 patikim\u0173 preki\u0173 \u017eenkl\u0173. Atraskite auk\u0161tos kokyb\u0117s kosmetik\u0105 u\u017e puiki\u0105 kain\u0105.\",\"publisher\":{\"@id\":\"https:\\\/\\\/www.malinashop.lt\\\/en\\\/#organization\"},\"potentialAction\":[{\"@type\":\"SearchAction\",\"target\":{\"@type\":\"EntryPoint\",\"urlTemplate\":\"https:\\\/\\\/www.malinashop.lt\\\/en\\\/?s={search_term_string}\"},\"query-input\":{\"@type\":\"PropertyValueSpecification\",\"valueRequired\":true,\"valueName\":\"search_term_string\"}}],\"inLanguage\":\"en-GB\"},{\"@type\":\"Organization\",\"@id\":\"https:\\\/\\\/www.malinashop.lt\\\/en\\\/#organization\",\"name\":\"COM Group Ecommerce\",\"url\":\"https:\\\/\\\/www.malinashop.lt\\\/en\\\/\",\"logo\":{\"@type\":\"ImageObject\",\"inLanguage\":\"en-GB\",\"@id\":\"https:\\\/\\\/www.malinashop.lt\\\/en\\\/#\\\/schema\\\/logo\\\/image\\\/\",\"url\":\"https:\\\/\\\/www.malinashop.lt\\\/wp-content\\\/uploads\\\/2024\\\/08\\\/462559670_3787732518133670_9795632669273463_n-e1731525914575.png\",\"contentUrl\":\"https:\\\/\\\/www.malinashop.lt\\\/wp-content\\\/uploads\\\/2024\\\/08\\\/462559670_3787732518133670_9795632669273463_n-e1731525914575.png\",\"width\":180,\"height\":60,\"caption\":\"COM Group Ecommerce\"},\"image\":{\"@id\":\"https:\\\/\\\/www.malinashop.lt\\\/en\\\/#\\\/schema\\\/logo\\\/image\\\/\"}}]}<\/script>\n<!-- \/ Yoast SEO plugin. -->","yoast_head_json":{"title":"NEJHA antaki\u0173 pie\u0161tukas FATAL (04 Deep Brown), 0,09 g - MalinaShop.lt J\u016bs\u0173 sveikatai ir gro\u017eiui.","description":"NEJHA FATAL (04 Deep Brown) \u2013 plonas antaki\u0173 pie\u0161tukas su vitaminu C, E ir 91 % nat\u016brali\u0173 ingredient\u0173, nat\u016braliems ir tvarkingiems antakiams.","robots":{"index":"index","follow":"follow","max-snippet":"max-snippet:-1","max-image-preview":"max-image-preview:large","max-video-preview":"max-video-preview:-1"},"canonical":"https:\/\/www.malinashop.lt\/en\/shop\/nejha-antakiu-piestukas-fatal-04-deep-brown-009-g\/","og_locale":"en_GB","og_type":"article","og_title":"NEJHA antaki\u0173 pie\u0161tukas FATAL (04 Deep Brown), 0,09 g - MalinaShop.lt J\u016bs\u0173 sveikatai ir gro\u017eiui.","og_description":"NEJHA FATAL (04 Deep Brown) \u2013 plonas antaki\u0173 pie\u0161tukas su vitaminu C, E ir 91 % nat\u016brali\u0173 ingredient\u0173, nat\u016braliems ir tvarkingiems antakiams.","og_url":"https:\/\/www.malinashop.lt\/en\/shop\/nejha-antakiu-piestukas-fatal-04-deep-brown-009-g\/","og_site_name":"MalinaShop.lt J\u016bs\u0173 sveikatai ir gro\u017eiui.","article_modified_time":"2026-03-18T09:41:35+00:00","og_image":[{"width":600,"height":600,"url":"https:\/\/www.malinashop.lt\/wp-content\/uploads\/2025\/10\/NEJHA-antakiu-piestukas-FATAL-04-Deep-Brown-009-g.webp","type":"image\/webp"}],"twitter_card":"summary_large_image","schema":{"@context":"https:\/\/schema.org","@graph":[{"@type":"WebPage","@id":"https:\/\/www.malinashop.lt\/en\/shop\/nejha-antakiu-piestukas-fatal-04-deep-brown-009-g\/","url":"https:\/\/www.malinashop.lt\/en\/shop\/nejha-antakiu-piestukas-fatal-04-deep-brown-009-g\/","name":"NEJHA antaki\u0173 pie\u0161tukas FATAL (04 Deep Brown), 0,09 g - MalinaShop.lt J\u016bs\u0173 sveikatai ir gro\u017eiui.","isPartOf":{"@id":"https:\/\/www.malinashop.lt\/en\/#website"},"primaryImageOfPage":{"@id":"https:\/\/www.malinashop.lt\/en\/shop\/nejha-antakiu-piestukas-fatal-04-deep-brown-009-g\/#primaryimage"},"image":{"@id":"https:\/\/www.malinashop.lt\/en\/shop\/nejha-antakiu-piestukas-fatal-04-deep-brown-009-g\/#primaryimage"},"thumbnailUrl":"https:\/\/www.malinashop.lt\/wp-content\/uploads\/2025\/10\/NEJHA-antakiu-piestukas-FATAL-04-Deep-Brown-009-g.webp","datePublished":"2025-10-24T21:52:04+00:00","dateModified":"2026-03-18T09:41:35+00:00","description":"NEJHA FATAL (04 Deep Brown) \u2013 plonas antaki\u0173 pie\u0161tukas su vitaminu C, E ir 91 % nat\u016brali\u0173 ingredient\u0173, nat\u016braliems ir tvarkingiems antakiams.","breadcrumb":{"@id":"https:\/\/www.malinashop.lt\/en\/shop\/nejha-antakiu-piestukas-fatal-04-deep-brown-009-g\/#breadcrumb"},"inLanguage":"en-GB","potentialAction":[{"@type":"ReadAction","target":["https:\/\/www.malinashop.lt\/en\/shop\/nejha-antakiu-piestukas-fatal-04-deep-brown-009-g\/"]}]},{"@type":"ImageObject","inLanguage":"en-GB","@id":"https:\/\/www.malinashop.lt\/en\/shop\/nejha-antakiu-piestukas-fatal-04-deep-brown-009-g\/#primaryimage","url":"https:\/\/www.malinashop.lt\/wp-content\/uploads\/2025\/10\/NEJHA-antakiu-piestukas-FATAL-04-Deep-Brown-009-g.webp","contentUrl":"https:\/\/www.malinashop.lt\/wp-content\/uploads\/2025\/10\/NEJHA-antakiu-piestukas-FATAL-04-Deep-Brown-009-g.webp","width":600,"height":600},{"@type":"BreadcrumbList","@id":"https:\/\/www.malinashop.lt\/en\/shop\/nejha-antakiu-piestukas-fatal-04-deep-brown-009-g\/#breadcrumb","itemListElement":[{"@type":"ListItem","position":1,"name":"Home","item":"https:\/\/www.malinashop.lt\/en\/"},{"@type":"ListItem","position":2,"name":"Parduotuv\u0117","item":"https:\/\/www.malinashop.lt\/en\/parduotuve\/"},{"@type":"ListItem","position":3,"name":"NEJHA antaki\u0173 pie\u0161tukas FATAL (04 Deep Brown), 0,09 g"}]},{"@type":"WebSite","@id":"https:\/\/www.malinashop.lt\/en\/#website","url":"https:\/\/www.malinashop.lt\/en\/","name":"COM Group Ecommerce","description":"MalinaShop.lt - Gro\u017eio ir sveikatos produktai i\u0161 patikim\u0173 preki\u0173 \u017eenkl\u0173. Atraskite auk\u0161tos kokyb\u0117s kosmetik\u0105 u\u017e puiki\u0105 kain\u0105.","publisher":{"@id":"https:\/\/www.malinashop.lt\/en\/#organization"},"potentialAction":[{"@type":"SearchAction","target":{"@type":"EntryPoint","urlTemplate":"https:\/\/www.malinashop.lt\/en\/?s={search_term_string}"},"query-input":{"@type":"PropertyValueSpecification","valueRequired":true,"valueName":"search_term_string"}}],"inLanguage":"en-GB"},{"@type":"Organization","@id":"https:\/\/www.malinashop.lt\/en\/#organization","name":"COM Group Ecommerce","url":"https:\/\/www.malinashop.lt\/en\/","logo":{"@type":"ImageObject","inLanguage":"en-GB","@id":"https:\/\/www.malinashop.lt\/en\/#\/schema\/logo\/image\/","url":"https:\/\/www.malinashop.lt\/wp-content\/uploads\/2024\/08\/462559670_3787732518133670_9795632669273463_n-e1731525914575.png","contentUrl":"https:\/\/www.malinashop.lt\/wp-content\/uploads\/2024\/08\/462559670_3787732518133670_9795632669273463_n-e1731525914575.png","width":180,"height":60,"caption":"COM Group Ecommerce"},"image":{"@id":"https:\/\/www.malinashop.lt\/en\/#\/schema\/logo\/image\/"}}]}},"jetpack_sharing_enabled":true,"_links":{"self":[{"href":"https:\/\/www.malinashop.lt\/en\/wp-json\/wp\/v2\/product\/59456","targetHints":{"allow":["GET"]}}],"collection":[{"href":"https:\/\/www.malinashop.lt\/en\/wp-json\/wp\/v2\/product"}],"about":[{"href":"https:\/\/www.malinashop.lt\/en\/wp-json\/wp\/v2\/types\/product"}],"version-history":[{"count":2,"href":"https:\/\/www.malinashop.lt\/en\/wp-json\/wp\/v2\/product\/59456\/revisions"}],"predecessor-version":[{"id":73301,"href":"https:\/\/www.malinashop.lt\/en\/wp-json\/wp\/v2\/product\/59456\/revisions\/73301"}],"wp:featuredmedia":[{"embeddable":true,"href":"https:\/\/www.malinashop.lt\/en\/wp-json\/wp\/v2\/media\/59458"}],"wp:attachment":[{"href":"https:\/\/www.malinashop.lt\/en\/wp-json\/wp\/v2\/media?parent=59456"}],"wp:term":[{"taxonomy":"product_brand","embeddable":true,"href":"https:\/\/www.malinashop.lt\/en\/wp-json\/wp\/v2\/product_brand?post=59456"},{"taxonomy":"product_cat","embeddable":true,"href":"https:\/\/www.malinashop.lt\/en\/wp-json\/wp\/v2\/product_cat?post=59456"},{"taxonomy":"product_tag","embeddable":true,"href":"https:\/\/www.malinashop.lt\/en\/wp-json\/wp\/v2\/product_tag?post=59456"}],"curies":[{"name":"wp","href":"https:\/\/api.w.org\/{rel}","templated":true}]}}