{"id":59379,"date":"2025-10-24T23:57:26","date_gmt":"2025-10-24T20:57:26","guid":{"rendered":"https:\/\/malinashop.lt\/?post_type=product&#038;p=59379"},"modified":"2026-03-18T12:41:40","modified_gmt":"2026-03-18T09:41:40","slug":"nejha-ilgalaikis-ir-vandeniui-atsparus-lupu-piestukas-ossession-07-plum-12-g","status":"publish","type":"product","link":"https:\/\/www.malinashop.lt\/en\/shop\/nejha-ilgalaikis-ir-vandeniui-atsparus-lupu-piestukas-ossession-07-plum-12-g\/","title":{"rendered":"NEJHA ilgalaikis ir vandeniui atsparus l\u016bp\u0173 pie\u0161tukas OSSESSION (07 Plum), 1,2 g"},"content":{"rendered":"<p data-start=\"354\" data-end=\"553\"><strong data-start=\"354\" data-end=\"431\">NEJHA ilgalaikis ir vandeniui atsparus l\u016bp\u0173 pie\u0161tukas OSSESSION (07 Plum)<\/strong> \u2013 tai <strong data-start=\"438\" data-end=\"474\">gilaus slyv\u0173 atspalvio pie\u0161tukas<\/strong>, kuris suteikia l\u016bpoms rafinuotumo, elegancijos ir ilgalaik\u012f spalvos efekt\u0105.<\/p>\n<p data-start=\"555\" data-end=\"794\">Jo <strong data-start=\"558\" data-end=\"602\">stipriai pigmentuota ir kremin\u0117 tekst\u016bra<\/strong> slysta lengvai, u\u017etikrindama tolyg\u0173 padengim\u0105 bei tiksl\u0173 kont\u016br\u0105 be i\u0161siliejimo. <strong data-start=\"684\" data-end=\"713\">Vandeniui atspari formul\u0117<\/strong> garantuoja, kad spalva i\u0161liks intensyvi vis\u0105 dien\u0105, nebluks ir nepaliks \u017eymi\u0173.<\/p>\n<p data-start=\"796\" data-end=\"1043\">Formul\u0117je esantis <strong data-start=\"814\" data-end=\"833\">jojobos aliejus<\/strong> dr\u0117kina, maitina ir apsaugo l\u016bpas, suteikdamas joms \u0161velnumo bei komforto poj\u016bt\u012f. Pie\u0161tukas puikiai tinka naudoti tiek kont\u016brui, tiek pilnam l\u016bp\u0173 u\u017epildymui, norint i\u0161gauti sodr\u0173, ilgai i\u0161liekant\u012f rezultat\u0105.<\/p>\n<p data-start=\"1045\" data-end=\"1075\"><strong data-start=\"1045\" data-end=\"1073\">Pagrindiniai privalumai:<\/strong><\/p>\n<ul data-start=\"1076\" data-end=\"1271\">\n<li data-start=\"1076\" data-end=\"1102\">\n<p data-start=\"1078\" data-end=\"1102\">Gilus slyv\u0173 atspalvis;<\/p>\n<\/li>\n<li data-start=\"1103\" data-end=\"1146\">\n<p data-start=\"1105\" data-end=\"1146\">Ilgalaikis, vandeniui atsparus efektas;<\/p>\n<\/li>\n<li data-start=\"1147\" data-end=\"1190\">\n<p data-start=\"1149\" data-end=\"1190\">Maitinanti formul\u0117 su jojobos aliejumi;<\/p>\n<\/li>\n<li data-start=\"1191\" data-end=\"1230\">\n<p data-start=\"1193\" data-end=\"1230\">Glotni, lengvai slystanti tekst\u016bra;<\/p>\n<\/li>\n<li data-start=\"1231\" data-end=\"1271\">\n<p data-start=\"1233\" data-end=\"1271\">Tinka kont\u016brui ir pilnam padengimui.<\/p>\n<\/li>\n<\/ul>\n<p data-start=\"1273\" data-end=\"1417\"><strong data-start=\"1273\" data-end=\"1288\">Naudojimas:<\/strong><br data-start=\"1288\" data-end=\"1291\" \/>Naudokite kont\u016brui apibr\u0117\u017eti arba padengkite visas l\u016bpas prie\u0161 tepant da\u017eus, kad spalva b\u016bt\u0173 intensyvesn\u0117 ir i\u0161likt\u0173 ilgiau.<\/p>\n","protected":false},"excerpt":{"rendered":"<article class=\"text-token-text-primary w-full focus:outline-none [--shadow-height:45px] has-data-writing-block:pointer-events-none has-data-writing-block:-mt-(--shadow-height) has-data-writing-block:pt-(--shadow-height) [&amp;:has([data-writing-block])&gt;*]:pointer-events-auto scroll-mt-[calc(var(--header-height)+min(200px,max(70px,20svh)))]\" dir=\"auto\" tabindex=\"-1\" data-turn-id=\"request-68c31e5c-f8ac-832b-9925-96755f033da8-28\" data-testid=\"conversation-turn-402\" data-scroll-anchor=\"true\" data-turn=\"assistant\">\n<div class=\"text-base my-auto mx-auto pb-10 [--thread-content-margin:--spacing(4)] thread-sm:[--thread-content-margin:--spacing(6)] thread-lg:[--thread-content-margin:--spacing(16)] px-(--thread-content-margin)\">\n<div class=\"[--thread-content-max-width:40rem] thread-lg:[--thread-content-max-width:48rem] mx-auto max-w-(--thread-content-max-width) flex-1 group\/turn-messages focus-visible:outline-hidden relative flex w-full min-w-0 flex-col agent-turn\" tabindex=\"-1\">\n<div class=\"flex max-w-full flex-col grow\">\n<div class=\"min-h-8 text-message relative flex w-full flex-col items-end gap-2 text-start break-words whitespace-normal [.text-message+&amp;]:mt-1\" dir=\"auto\" data-message-author-role=\"assistant\" data-message-id=\"d2dc36c7-a230-474b-b843-83ca5ed702e7\" data-message-model-slug=\"gpt-5\">\n<div class=\"flex w-full flex-col gap-1 empty:hidden first:pt-[1px]\">\n<div class=\"markdown prose dark:prose-invert w-full break-words light markdown-new-styling\">\n<p data-start=\"113\" data-end=\"276\">NEJHA OSSESSION (07 Plum) \u2013 slyv\u0173 atspalvio ilgalaikis, vandeniui atsparus l\u016bp\u0173 pie\u0161tukas su jojobos aliejumi, u\u017etikrinantis precizi\u0161k\u0105 kont\u016br\u0105 ir sodri\u0105, i\u0161rai\u0161king\u0105 spalv\u0105 visai dienai.<\/p>\n<\/div>\n<\/div>\n<\/div>\n<\/div>\n<\/div>\n<\/div>\n<\/article>\n","protected":false},"featured_media":59381,"template":"","meta":[],"product_brand":[1358],"product_cat":[102,708,529,1299],"product_tag":[1573],"class_list":{"0":"post-59379","1":"product","2":"type-product","3":"status-publish","4":"has-post-thumbnail","6":"product_brand-nejha","7":"product_cat-dekoratyvine-kosmetika","8":"product_cat-lupoms","9":"product_cat-lupu-piestukai","10":"product_cat-produktai-su-dovanomis","11":"product_tag-nejha","13":"first","14":"instock","15":"sale","16":"taxable","17":"shipping-taxable","18":"purchasable","19":"product-type-simple"},"yoast_head":"<!-- This site is optimized with the Yoast SEO plugin v27.4 - https:\/\/yoast.com\/product\/yoast-seo-wordpress\/ -->\n<title>NEJHA ilgalaikis ir vandeniui atsparus l\u016bp\u0173 pie\u0161tukas OSSESSION (07 Plum), 1,2 g - MalinaShop.lt J\u016bs\u0173 sveikatai ir gro\u017eiui.<\/title>\n<meta name=\"description\" content=\"NEJHA OSSESSION (07 Plum) \u2013 slyv\u0173 atspalvio ilgalaikis, vandeniui atsparus l\u016bp\u0173 pie\u0161tukas su jojobos aliejumi, suteikiantis sodri\u0105 spalv\u0105 ir precizi\u0161k\u0105 kont\u016br\u0105.\" \/>\n<meta name=\"robots\" content=\"index, follow, max-snippet:-1, max-image-preview:large, max-video-preview:-1\" \/>\n<link rel=\"canonical\" href=\"https:\/\/www.malinashop.lt\/en\/shop\/nejha-ilgalaikis-ir-vandeniui-atsparus-lupu-piestukas-ossession-07-plum-12-g\/\" \/>\n<meta property=\"og:locale\" content=\"en_GB\" \/>\n<meta property=\"og:type\" content=\"article\" \/>\n<meta property=\"og:title\" content=\"NEJHA ilgalaikis ir vandeniui atsparus l\u016bp\u0173 pie\u0161tukas OSSESSION (07 Plum), 1,2 g - MalinaShop.lt J\u016bs\u0173 sveikatai ir gro\u017eiui.\" \/>\n<meta property=\"og:description\" content=\"NEJHA OSSESSION (07 Plum) \u2013 slyv\u0173 atspalvio ilgalaikis, vandeniui atsparus l\u016bp\u0173 pie\u0161tukas su jojobos aliejumi, suteikiantis sodri\u0105 spalv\u0105 ir precizi\u0161k\u0105 kont\u016br\u0105.\" \/>\n<meta property=\"og:url\" content=\"https:\/\/www.malinashop.lt\/en\/shop\/nejha-ilgalaikis-ir-vandeniui-atsparus-lupu-piestukas-ossession-07-plum-12-g\/\" \/>\n<meta property=\"og:site_name\" content=\"MalinaShop.lt J\u016bs\u0173 sveikatai ir gro\u017eiui.\" \/>\n<meta property=\"article:modified_time\" content=\"2026-03-18T09:41:40+00:00\" \/>\n<meta property=\"og:image\" content=\"https:\/\/www.malinashop.lt\/wp-content\/uploads\/2025\/10\/NEJHA-ilgalaikis-ir-vandeniui-atsparus-lupu-piestukas-OSSESSION-07-Plum-12-g.webp\" \/>\n\t<meta property=\"og:image:width\" content=\"600\" \/>\n\t<meta property=\"og:image:height\" content=\"600\" \/>\n\t<meta property=\"og:image:type\" content=\"image\/webp\" \/>\n<meta name=\"twitter:card\" content=\"summary_large_image\" \/>\n<script type=\"application\/ld+json\" class=\"yoast-schema-graph\">{\"@context\":\"https:\\\/\\\/schema.org\",\"@graph\":[{\"@type\":\"WebPage\",\"@id\":\"https:\\\/\\\/www.malinashop.lt\\\/shop\\\/nejha-ilgalaikis-ir-vandeniui-atsparus-lupu-piestukas-ossession-07-plum-12-g\\\/\",\"url\":\"https:\\\/\\\/www.malinashop.lt\\\/shop\\\/nejha-ilgalaikis-ir-vandeniui-atsparus-lupu-piestukas-ossession-07-plum-12-g\\\/\",\"name\":\"NEJHA ilgalaikis ir vandeniui atsparus l\u016bp\u0173 pie\u0161tukas OSSESSION (07 Plum), 1,2 g - MalinaShop.lt J\u016bs\u0173 sveikatai ir gro\u017eiui.\",\"isPartOf\":{\"@id\":\"https:\\\/\\\/www.malinashop.lt\\\/#website\"},\"primaryImageOfPage\":{\"@id\":\"https:\\\/\\\/www.malinashop.lt\\\/shop\\\/nejha-ilgalaikis-ir-vandeniui-atsparus-lupu-piestukas-ossession-07-plum-12-g\\\/#primaryimage\"},\"image\":{\"@id\":\"https:\\\/\\\/www.malinashop.lt\\\/shop\\\/nejha-ilgalaikis-ir-vandeniui-atsparus-lupu-piestukas-ossession-07-plum-12-g\\\/#primaryimage\"},\"thumbnailUrl\":\"https:\\\/\\\/www.malinashop.lt\\\/wp-content\\\/uploads\\\/2025\\\/10\\\/NEJHA-ilgalaikis-ir-vandeniui-atsparus-lupu-piestukas-OSSESSION-07-Plum-12-g.webp\",\"datePublished\":\"2025-10-24T20:57:26+00:00\",\"dateModified\":\"2026-03-18T09:41:40+00:00\",\"description\":\"NEJHA OSSESSION (07 Plum) \u2013 slyv\u0173 atspalvio ilgalaikis, vandeniui atsparus l\u016bp\u0173 pie\u0161tukas su jojobos aliejumi, suteikiantis sodri\u0105 spalv\u0105 ir precizi\u0161k\u0105 kont\u016br\u0105.\",\"breadcrumb\":{\"@id\":\"https:\\\/\\\/www.malinashop.lt\\\/shop\\\/nejha-ilgalaikis-ir-vandeniui-atsparus-lupu-piestukas-ossession-07-plum-12-g\\\/#breadcrumb\"},\"inLanguage\":\"en-GB\",\"potentialAction\":[{\"@type\":\"ReadAction\",\"target\":[\"https:\\\/\\\/www.malinashop.lt\\\/shop\\\/nejha-ilgalaikis-ir-vandeniui-atsparus-lupu-piestukas-ossession-07-plum-12-g\\\/\"]}]},{\"@type\":\"ImageObject\",\"inLanguage\":\"en-GB\",\"@id\":\"https:\\\/\\\/www.malinashop.lt\\\/shop\\\/nejha-ilgalaikis-ir-vandeniui-atsparus-lupu-piestukas-ossession-07-plum-12-g\\\/#primaryimage\",\"url\":\"https:\\\/\\\/www.malinashop.lt\\\/wp-content\\\/uploads\\\/2025\\\/10\\\/NEJHA-ilgalaikis-ir-vandeniui-atsparus-lupu-piestukas-OSSESSION-07-Plum-12-g.webp\",\"contentUrl\":\"https:\\\/\\\/www.malinashop.lt\\\/wp-content\\\/uploads\\\/2025\\\/10\\\/NEJHA-ilgalaikis-ir-vandeniui-atsparus-lupu-piestukas-OSSESSION-07-Plum-12-g.webp\",\"width\":600,\"height\":600},{\"@type\":\"BreadcrumbList\",\"@id\":\"https:\\\/\\\/www.malinashop.lt\\\/shop\\\/nejha-ilgalaikis-ir-vandeniui-atsparus-lupu-piestukas-ossession-07-plum-12-g\\\/#breadcrumb\",\"itemListElement\":[{\"@type\":\"ListItem\",\"position\":1,\"name\":\"Pagrindinis\",\"item\":\"https:\\\/\\\/www.malinashop.lt\\\/\"},{\"@type\":\"ListItem\",\"position\":2,\"name\":\"Parduotuv\u0117\",\"item\":\"https:\\\/\\\/www.malinashop.lt\\\/en\\\/parduotuve\\\/\"},{\"@type\":\"ListItem\",\"position\":3,\"name\":\"NEJHA ilgalaikis ir vandeniui atsparus l\u016bp\u0173 pie\u0161tukas OSSESSION (07 Plum), 1,2 g\"}]},{\"@type\":\"WebSite\",\"@id\":\"https:\\\/\\\/www.malinashop.lt\\\/#website\",\"url\":\"https:\\\/\\\/www.malinashop.lt\\\/\",\"name\":\"COM Group Ecommerce\",\"description\":\"MalinaShop.lt - Gro\u017eio ir sveikatos produktai i\u0161 patikim\u0173 preki\u0173 \u017eenkl\u0173. Atraskite auk\u0161tos kokyb\u0117s kosmetik\u0105 u\u017e puiki\u0105 kain\u0105.\",\"publisher\":{\"@id\":\"https:\\\/\\\/www.malinashop.lt\\\/#organization\"},\"potentialAction\":[{\"@type\":\"SearchAction\",\"target\":{\"@type\":\"EntryPoint\",\"urlTemplate\":\"https:\\\/\\\/www.malinashop.lt\\\/?s={search_term_string}\"},\"query-input\":{\"@type\":\"PropertyValueSpecification\",\"valueRequired\":true,\"valueName\":\"search_term_string\"}}],\"inLanguage\":\"en-GB\"},{\"@type\":\"Organization\",\"@id\":\"https:\\\/\\\/www.malinashop.lt\\\/#organization\",\"name\":\"COM Group Ecommerce\",\"url\":\"https:\\\/\\\/www.malinashop.lt\\\/\",\"logo\":{\"@type\":\"ImageObject\",\"inLanguage\":\"en-GB\",\"@id\":\"https:\\\/\\\/www.malinashop.lt\\\/#\\\/schema\\\/logo\\\/image\\\/\",\"url\":\"https:\\\/\\\/www.malinashop.lt\\\/wp-content\\\/uploads\\\/2024\\\/08\\\/462559670_3787732518133670_9795632669273463_n-e1731525914575.png\",\"contentUrl\":\"https:\\\/\\\/www.malinashop.lt\\\/wp-content\\\/uploads\\\/2024\\\/08\\\/462559670_3787732518133670_9795632669273463_n-e1731525914575.png\",\"width\":180,\"height\":60,\"caption\":\"COM Group Ecommerce\"},\"image\":{\"@id\":\"https:\\\/\\\/www.malinashop.lt\\\/#\\\/schema\\\/logo\\\/image\\\/\"}}]}<\/script>\n<!-- \/ Yoast SEO plugin. -->","yoast_head_json":{"title":"NEJHA ilgalaikis ir vandeniui atsparus l\u016bp\u0173 pie\u0161tukas OSSESSION (07 Plum), 1,2 g - MalinaShop.lt J\u016bs\u0173 sveikatai ir gro\u017eiui.","description":"NEJHA OSSESSION (07 Plum) \u2013 slyv\u0173 atspalvio ilgalaikis, vandeniui atsparus l\u016bp\u0173 pie\u0161tukas su jojobos aliejumi, suteikiantis sodri\u0105 spalv\u0105 ir precizi\u0161k\u0105 kont\u016br\u0105.","robots":{"index":"index","follow":"follow","max-snippet":"max-snippet:-1","max-image-preview":"max-image-preview:large","max-video-preview":"max-video-preview:-1"},"canonical":"https:\/\/www.malinashop.lt\/en\/shop\/nejha-ilgalaikis-ir-vandeniui-atsparus-lupu-piestukas-ossession-07-plum-12-g\/","og_locale":"en_GB","og_type":"article","og_title":"NEJHA ilgalaikis ir vandeniui atsparus l\u016bp\u0173 pie\u0161tukas OSSESSION (07 Plum), 1,2 g - MalinaShop.lt J\u016bs\u0173 sveikatai ir gro\u017eiui.","og_description":"NEJHA OSSESSION (07 Plum) \u2013 slyv\u0173 atspalvio ilgalaikis, vandeniui atsparus l\u016bp\u0173 pie\u0161tukas su jojobos aliejumi, suteikiantis sodri\u0105 spalv\u0105 ir precizi\u0161k\u0105 kont\u016br\u0105.","og_url":"https:\/\/www.malinashop.lt\/en\/shop\/nejha-ilgalaikis-ir-vandeniui-atsparus-lupu-piestukas-ossession-07-plum-12-g\/","og_site_name":"MalinaShop.lt J\u016bs\u0173 sveikatai ir gro\u017eiui.","article_modified_time":"2026-03-18T09:41:40+00:00","og_image":[{"width":600,"height":600,"url":"https:\/\/www.malinashop.lt\/wp-content\/uploads\/2025\/10\/NEJHA-ilgalaikis-ir-vandeniui-atsparus-lupu-piestukas-OSSESSION-07-Plum-12-g.webp","type":"image\/webp"}],"twitter_card":"summary_large_image","schema":{"@context":"https:\/\/schema.org","@graph":[{"@type":"WebPage","@id":"https:\/\/www.malinashop.lt\/shop\/nejha-ilgalaikis-ir-vandeniui-atsparus-lupu-piestukas-ossession-07-plum-12-g\/","url":"https:\/\/www.malinashop.lt\/shop\/nejha-ilgalaikis-ir-vandeniui-atsparus-lupu-piestukas-ossession-07-plum-12-g\/","name":"NEJHA ilgalaikis ir vandeniui atsparus l\u016bp\u0173 pie\u0161tukas OSSESSION (07 Plum), 1,2 g - MalinaShop.lt J\u016bs\u0173 sveikatai ir gro\u017eiui.","isPartOf":{"@id":"https:\/\/www.malinashop.lt\/#website"},"primaryImageOfPage":{"@id":"https:\/\/www.malinashop.lt\/shop\/nejha-ilgalaikis-ir-vandeniui-atsparus-lupu-piestukas-ossession-07-plum-12-g\/#primaryimage"},"image":{"@id":"https:\/\/www.malinashop.lt\/shop\/nejha-ilgalaikis-ir-vandeniui-atsparus-lupu-piestukas-ossession-07-plum-12-g\/#primaryimage"},"thumbnailUrl":"https:\/\/www.malinashop.lt\/wp-content\/uploads\/2025\/10\/NEJHA-ilgalaikis-ir-vandeniui-atsparus-lupu-piestukas-OSSESSION-07-Plum-12-g.webp","datePublished":"2025-10-24T20:57:26+00:00","dateModified":"2026-03-18T09:41:40+00:00","description":"NEJHA OSSESSION (07 Plum) \u2013 slyv\u0173 atspalvio ilgalaikis, vandeniui atsparus l\u016bp\u0173 pie\u0161tukas su jojobos aliejumi, suteikiantis sodri\u0105 spalv\u0105 ir precizi\u0161k\u0105 kont\u016br\u0105.","breadcrumb":{"@id":"https:\/\/www.malinashop.lt\/shop\/nejha-ilgalaikis-ir-vandeniui-atsparus-lupu-piestukas-ossession-07-plum-12-g\/#breadcrumb"},"inLanguage":"en-GB","potentialAction":[{"@type":"ReadAction","target":["https:\/\/www.malinashop.lt\/shop\/nejha-ilgalaikis-ir-vandeniui-atsparus-lupu-piestukas-ossession-07-plum-12-g\/"]}]},{"@type":"ImageObject","inLanguage":"en-GB","@id":"https:\/\/www.malinashop.lt\/shop\/nejha-ilgalaikis-ir-vandeniui-atsparus-lupu-piestukas-ossession-07-plum-12-g\/#primaryimage","url":"https:\/\/www.malinashop.lt\/wp-content\/uploads\/2025\/10\/NEJHA-ilgalaikis-ir-vandeniui-atsparus-lupu-piestukas-OSSESSION-07-Plum-12-g.webp","contentUrl":"https:\/\/www.malinashop.lt\/wp-content\/uploads\/2025\/10\/NEJHA-ilgalaikis-ir-vandeniui-atsparus-lupu-piestukas-OSSESSION-07-Plum-12-g.webp","width":600,"height":600},{"@type":"BreadcrumbList","@id":"https:\/\/www.malinashop.lt\/shop\/nejha-ilgalaikis-ir-vandeniui-atsparus-lupu-piestukas-ossession-07-plum-12-g\/#breadcrumb","itemListElement":[{"@type":"ListItem","position":1,"name":"Pagrindinis","item":"https:\/\/www.malinashop.lt\/"},{"@type":"ListItem","position":2,"name":"Parduotuv\u0117","item":"https:\/\/www.malinashop.lt\/en\/parduotuve\/"},{"@type":"ListItem","position":3,"name":"NEJHA ilgalaikis ir vandeniui atsparus l\u016bp\u0173 pie\u0161tukas OSSESSION (07 Plum), 1,2 g"}]},{"@type":"WebSite","@id":"https:\/\/www.malinashop.lt\/#website","url":"https:\/\/www.malinashop.lt\/","name":"COM Group Ecommerce","description":"MalinaShop.lt - Gro\u017eio ir sveikatos produktai i\u0161 patikim\u0173 preki\u0173 \u017eenkl\u0173. Atraskite auk\u0161tos kokyb\u0117s kosmetik\u0105 u\u017e puiki\u0105 kain\u0105.","publisher":{"@id":"https:\/\/www.malinashop.lt\/#organization"},"potentialAction":[{"@type":"SearchAction","target":{"@type":"EntryPoint","urlTemplate":"https:\/\/www.malinashop.lt\/?s={search_term_string}"},"query-input":{"@type":"PropertyValueSpecification","valueRequired":true,"valueName":"search_term_string"}}],"inLanguage":"en-GB"},{"@type":"Organization","@id":"https:\/\/www.malinashop.lt\/#organization","name":"COM Group Ecommerce","url":"https:\/\/www.malinashop.lt\/","logo":{"@type":"ImageObject","inLanguage":"en-GB","@id":"https:\/\/www.malinashop.lt\/#\/schema\/logo\/image\/","url":"https:\/\/www.malinashop.lt\/wp-content\/uploads\/2024\/08\/462559670_3787732518133670_9795632669273463_n-e1731525914575.png","contentUrl":"https:\/\/www.malinashop.lt\/wp-content\/uploads\/2024\/08\/462559670_3787732518133670_9795632669273463_n-e1731525914575.png","width":180,"height":60,"caption":"COM Group Ecommerce"},"image":{"@id":"https:\/\/www.malinashop.lt\/#\/schema\/logo\/image\/"}}]}},"jetpack_sharing_enabled":true,"_links":{"self":[{"href":"https:\/\/www.malinashop.lt\/en\/wp-json\/wp\/v2\/product\/59379","targetHints":{"allow":["GET"]}}],"collection":[{"href":"https:\/\/www.malinashop.lt\/en\/wp-json\/wp\/v2\/product"}],"about":[{"href":"https:\/\/www.malinashop.lt\/en\/wp-json\/wp\/v2\/types\/product"}],"version-history":[{"count":1,"href":"https:\/\/www.malinashop.lt\/en\/wp-json\/wp\/v2\/product\/59379\/revisions"}],"predecessor-version":[{"id":59382,"href":"https:\/\/www.malinashop.lt\/en\/wp-json\/wp\/v2\/product\/59379\/revisions\/59382"}],"wp:featuredmedia":[{"embeddable":true,"href":"https:\/\/www.malinashop.lt\/en\/wp-json\/wp\/v2\/media\/59381"}],"wp:attachment":[{"href":"https:\/\/www.malinashop.lt\/en\/wp-json\/wp\/v2\/media?parent=59379"}],"wp:term":[{"taxonomy":"product_brand","embeddable":true,"href":"https:\/\/www.malinashop.lt\/en\/wp-json\/wp\/v2\/product_brand?post=59379"},{"taxonomy":"product_cat","embeddable":true,"href":"https:\/\/www.malinashop.lt\/en\/wp-json\/wp\/v2\/product_cat?post=59379"},{"taxonomy":"product_tag","embeddable":true,"href":"https:\/\/www.malinashop.lt\/en\/wp-json\/wp\/v2\/product_tag?post=59379"}],"curies":[{"name":"wp","href":"https:\/\/api.w.org\/{rel}","templated":true}]}}