{"id":59349,"date":"2025-10-24T23:30:25","date_gmt":"2025-10-24T20:30:25","guid":{"rendered":"https:\/\/malinashop.lt\/?post_type=product&#038;p=59349"},"modified":"2026-03-18T12:41:42","modified_gmt":"2026-03-18T09:41:42","slug":"nejha-kreminiai-lupu-dazai-ossession-06-chocolate-35-g","status":"publish","type":"product","link":"https:\/\/www.malinashop.lt\/en\/shop\/nejha-kreminiai-lupu-dazai-ossession-06-chocolate-35-g\/","title":{"rendered":"NEJHA kreminiai l\u016bp\u0173 da\u017eai OSSESSION (06 Chocolate), 3,5 g"},"content":{"rendered":"<p data-start=\"308\" data-end=\"482\"><strong data-start=\"308\" data-end=\"363\">NEJHA kreminiai l\u016bp\u0173 da\u017eai OSSESSION (06 Chocolate)<\/strong> \u2013 tai <strong data-start=\"370\" data-end=\"408\">turtingas \u0161ilto \u0161okolado atspalvis<\/strong>, suteikiantis l\u016bpoms eleganti\u0161k\u0105, jauk\u0173 ir nat\u016braliai prabang\u0173 \u012fvaizd\u012f.<\/p>\n<p data-start=\"484\" data-end=\"725\">Kremin\u0117s tekst\u016bros formul\u0117 lengvai slysta per l\u016bpas, u\u017etikrina tolyg\u0173 padengim\u0105 ir ry\u0161k\u0173 spindes\u012f be lipnumo poj\u016b\u010dio. <strong data-start=\"602\" data-end=\"633\">Emolientini\u0173 aliej\u0173 mi\u0161inys<\/strong> maitina, dr\u0117kina ir mink\u0161tina l\u016bpas, tod\u0117l jos i\u0161lieka elastingos ir \u0161velnios vis\u0105 dien\u0105.<\/p>\n<p data-start=\"727\" data-end=\"852\"><strong data-start=\"727\" data-end=\"740\">Chocolate<\/strong> \u2013 universalus, subtiliai i\u0161rai\u0161kingas atspalvis, puikiai tinkantis tiek kasdieniam, tiek vakariniam makia\u017eui.<\/p>\n<p data-start=\"854\" data-end=\"884\"><strong data-start=\"854\" data-end=\"882\">Pagrindiniai privalumai:<\/strong><\/p>\n<ul data-start=\"885\" data-end=\"1069\">\n<li data-start=\"885\" data-end=\"915\">\n<p data-start=\"887\" data-end=\"915\">Sodrus \u0161okolado atspalvis;<\/p>\n<\/li>\n<li data-start=\"916\" data-end=\"956\">\n<p data-start=\"918\" data-end=\"956\">Kremin\u0117, \u0161velni ir nelipni tekst\u016bra;<\/p>\n<\/li>\n<li data-start=\"957\" data-end=\"994\">\n<p data-start=\"959\" data-end=\"994\">Maitinanti ir dr\u0117kinanti formul\u0117;<\/p>\n<\/li>\n<li data-start=\"995\" data-end=\"1027\">\n<p data-start=\"997\" data-end=\"1027\">Ilgai i\u0161liekantis blizgesys;<\/p>\n<\/li>\n<li data-start=\"1028\" data-end=\"1069\">\n<p data-start=\"1030\" data-end=\"1069\">L\u016bpoms suteikia komforto ir glotnumo.<\/p>\n<\/li>\n<\/ul>\n<p data-start=\"1071\" data-end=\"1182\"><strong data-start=\"1071\" data-end=\"1086\">Naudojimas:<\/strong><br data-start=\"1086\" data-end=\"1089\" \/>Tepkite tiesiai ant l\u016bp\u0173. Apatin\u0119 l\u016bp\u0105 tepkite nuo kampo iki kampo, vir\u0161utin\u0119 \u2013 nuo centro.<\/p>\n","protected":false},"excerpt":{"rendered":"<article class=\"text-token-text-primary w-full focus:outline-none [--shadow-height:45px] has-data-writing-block:pointer-events-none has-data-writing-block:-mt-(--shadow-height) has-data-writing-block:pt-(--shadow-height) [&amp;:has([data-writing-block])&gt;*]:pointer-events-auto scroll-mt-[calc(var(--header-height)+min(200px,max(70px,20svh)))]\" dir=\"auto\" tabindex=\"-1\" data-turn-id=\"request-68c31e5c-f8ac-832b-9925-96755f033da8-28\" data-testid=\"conversation-turn-402\" data-scroll-anchor=\"true\" data-turn=\"assistant\">\n<div class=\"text-base my-auto mx-auto pb-10 [--thread-content-margin:--spacing(4)] thread-sm:[--thread-content-margin:--spacing(6)] thread-lg:[--thread-content-margin:--spacing(16)] px-(--thread-content-margin)\">\n<div class=\"[--thread-content-max-width:40rem] thread-lg:[--thread-content-max-width:48rem] mx-auto max-w-(--thread-content-max-width) flex-1 group\/turn-messages focus-visible:outline-hidden relative flex w-full min-w-0 flex-col agent-turn\" tabindex=\"-1\">\n<div class=\"flex max-w-full flex-col grow\">\n<div class=\"min-h-8 text-message relative flex w-full flex-col items-end gap-2 text-start break-words whitespace-normal [.text-message+&amp;]:mt-1\" dir=\"auto\" data-message-author-role=\"assistant\" data-message-id=\"d2dc36c7-a230-474b-b843-83ca5ed702e7\" data-message-model-slug=\"gpt-5\">\n<div class=\"flex w-full flex-col gap-1 empty:hidden first:pt-[1px]\">\n<div class=\"markdown prose dark:prose-invert w-full break-words light markdown-new-styling\">\n<p data-start=\"108\" data-end=\"263\">NEJHA OSSESSION (06 Chocolate) \u2013 \u0161okoladinio atspalvio kreminiai l\u016bp\u0173 da\u017eai su dr\u0117kinan\u010dia formule ir spindin\u010diu efektu, suteikiantys l\u016bpoms \u0161velnumo bei komforto.<\/p>\n<\/div>\n<\/div>\n<\/div>\n<\/div>\n<\/div>\n<\/div>\n<\/article>\n","protected":false},"featured_media":59350,"template":"","meta":[],"product_brand":[1358],"product_cat":[102,708,533,1299],"product_tag":[1573],"class_list":{"0":"post-59349","1":"product","2":"type-product","3":"status-publish","4":"has-post-thumbnail","6":"product_brand-nejha","7":"product_cat-dekoratyvine-kosmetika","8":"product_cat-lupoms","9":"product_cat-lupu-dazai","10":"product_cat-produktai-su-dovanomis","11":"product_tag-nejha","13":"first","14":"instock","15":"sale","16":"taxable","17":"shipping-taxable","18":"purchasable","19":"product-type-simple"},"yoast_head":"<!-- This site is optimized with the Yoast SEO plugin v27.4 - https:\/\/yoast.com\/product\/yoast-seo-wordpress\/ -->\n<title>NEJHA kreminiai l\u016bp\u0173 da\u017eai OSSESSION (06 Chocolate), 3,5 g - MalinaShop.lt J\u016bs\u0173 sveikatai ir gro\u017eiui.<\/title>\n<meta name=\"description\" content=\"NEJHA OSSESSION (06 Chocolate) \u2013 kreminiai \u0161okolado atspalvio l\u016bp\u0173 da\u017eai su dr\u0117kinan\u010dia formule, suteikiantys l\u016bpoms \u0161velnumo ir spindesio visai dienai.\" \/>\n<meta name=\"robots\" content=\"index, follow, max-snippet:-1, max-image-preview:large, max-video-preview:-1\" \/>\n<link rel=\"canonical\" href=\"https:\/\/www.malinashop.lt\/en\/shop\/nejha-kreminiai-lupu-dazai-ossession-06-chocolate-35-g\/\" \/>\n<meta property=\"og:locale\" content=\"en_GB\" \/>\n<meta property=\"og:type\" content=\"article\" \/>\n<meta property=\"og:title\" content=\"NEJHA kreminiai l\u016bp\u0173 da\u017eai OSSESSION (06 Chocolate), 3,5 g - MalinaShop.lt J\u016bs\u0173 sveikatai ir gro\u017eiui.\" \/>\n<meta property=\"og:description\" content=\"NEJHA OSSESSION (06 Chocolate) \u2013 kreminiai \u0161okolado atspalvio l\u016bp\u0173 da\u017eai su dr\u0117kinan\u010dia formule, suteikiantys l\u016bpoms \u0161velnumo ir spindesio visai dienai.\" \/>\n<meta property=\"og:url\" content=\"https:\/\/www.malinashop.lt\/en\/shop\/nejha-kreminiai-lupu-dazai-ossession-06-chocolate-35-g\/\" \/>\n<meta property=\"og:site_name\" content=\"MalinaShop.lt J\u016bs\u0173 sveikatai ir gro\u017eiui.\" \/>\n<meta property=\"article:modified_time\" content=\"2026-03-18T09:41:42+00:00\" \/>\n<meta property=\"og:image\" content=\"https:\/\/www.malinashop.lt\/wp-content\/uploads\/2025\/10\/NEJHA-kreminiai-lupu-dazai-OSSESSION-06-Chocolate-35-g.webp\" \/>\n\t<meta property=\"og:image:width\" content=\"600\" \/>\n\t<meta property=\"og:image:height\" content=\"600\" \/>\n\t<meta property=\"og:image:type\" content=\"image\/webp\" \/>\n<meta name=\"twitter:card\" content=\"summary_large_image\" \/>\n<script type=\"application\/ld+json\" class=\"yoast-schema-graph\">{\"@context\":\"https:\\\/\\\/schema.org\",\"@graph\":[{\"@type\":\"WebPage\",\"@id\":\"https:\\\/\\\/www.malinashop.lt\\\/shop\\\/nejha-kreminiai-lupu-dazai-ossession-06-chocolate-35-g\\\/\",\"url\":\"https:\\\/\\\/www.malinashop.lt\\\/shop\\\/nejha-kreminiai-lupu-dazai-ossession-06-chocolate-35-g\\\/\",\"name\":\"NEJHA kreminiai l\u016bp\u0173 da\u017eai OSSESSION (06 Chocolate), 3,5 g - MalinaShop.lt J\u016bs\u0173 sveikatai ir gro\u017eiui.\",\"isPartOf\":{\"@id\":\"https:\\\/\\\/www.malinashop.lt\\\/#website\"},\"primaryImageOfPage\":{\"@id\":\"https:\\\/\\\/www.malinashop.lt\\\/shop\\\/nejha-kreminiai-lupu-dazai-ossession-06-chocolate-35-g\\\/#primaryimage\"},\"image\":{\"@id\":\"https:\\\/\\\/www.malinashop.lt\\\/shop\\\/nejha-kreminiai-lupu-dazai-ossession-06-chocolate-35-g\\\/#primaryimage\"},\"thumbnailUrl\":\"https:\\\/\\\/www.malinashop.lt\\\/wp-content\\\/uploads\\\/2025\\\/10\\\/NEJHA-kreminiai-lupu-dazai-OSSESSION-06-Chocolate-35-g.webp\",\"datePublished\":\"2025-10-24T20:30:25+00:00\",\"dateModified\":\"2026-03-18T09:41:42+00:00\",\"description\":\"NEJHA OSSESSION (06 Chocolate) \u2013 kreminiai \u0161okolado atspalvio l\u016bp\u0173 da\u017eai su dr\u0117kinan\u010dia formule, suteikiantys l\u016bpoms \u0161velnumo ir spindesio visai dienai.\",\"breadcrumb\":{\"@id\":\"https:\\\/\\\/www.malinashop.lt\\\/shop\\\/nejha-kreminiai-lupu-dazai-ossession-06-chocolate-35-g\\\/#breadcrumb\"},\"inLanguage\":\"en-GB\",\"potentialAction\":[{\"@type\":\"ReadAction\",\"target\":[\"https:\\\/\\\/www.malinashop.lt\\\/shop\\\/nejha-kreminiai-lupu-dazai-ossession-06-chocolate-35-g\\\/\"]}]},{\"@type\":\"ImageObject\",\"inLanguage\":\"en-GB\",\"@id\":\"https:\\\/\\\/www.malinashop.lt\\\/shop\\\/nejha-kreminiai-lupu-dazai-ossession-06-chocolate-35-g\\\/#primaryimage\",\"url\":\"https:\\\/\\\/www.malinashop.lt\\\/wp-content\\\/uploads\\\/2025\\\/10\\\/NEJHA-kreminiai-lupu-dazai-OSSESSION-06-Chocolate-35-g.webp\",\"contentUrl\":\"https:\\\/\\\/www.malinashop.lt\\\/wp-content\\\/uploads\\\/2025\\\/10\\\/NEJHA-kreminiai-lupu-dazai-OSSESSION-06-Chocolate-35-g.webp\",\"width\":600,\"height\":600},{\"@type\":\"BreadcrumbList\",\"@id\":\"https:\\\/\\\/www.malinashop.lt\\\/shop\\\/nejha-kreminiai-lupu-dazai-ossession-06-chocolate-35-g\\\/#breadcrumb\",\"itemListElement\":[{\"@type\":\"ListItem\",\"position\":1,\"name\":\"Pagrindinis\",\"item\":\"https:\\\/\\\/www.malinashop.lt\\\/\"},{\"@type\":\"ListItem\",\"position\":2,\"name\":\"Parduotuv\u0117\",\"item\":\"https:\\\/\\\/www.malinashop.lt\\\/en\\\/parduotuve\\\/\"},{\"@type\":\"ListItem\",\"position\":3,\"name\":\"NEJHA kreminiai l\u016bp\u0173 da\u017eai OSSESSION (06 Chocolate), 3,5 g\"}]},{\"@type\":\"WebSite\",\"@id\":\"https:\\\/\\\/www.malinashop.lt\\\/#website\",\"url\":\"https:\\\/\\\/www.malinashop.lt\\\/\",\"name\":\"COM Group Ecommerce\",\"description\":\"MalinaShop.lt - Gro\u017eio ir sveikatos produktai i\u0161 patikim\u0173 preki\u0173 \u017eenkl\u0173. Atraskite auk\u0161tos kokyb\u0117s kosmetik\u0105 u\u017e puiki\u0105 kain\u0105.\",\"publisher\":{\"@id\":\"https:\\\/\\\/www.malinashop.lt\\\/#organization\"},\"potentialAction\":[{\"@type\":\"SearchAction\",\"target\":{\"@type\":\"EntryPoint\",\"urlTemplate\":\"https:\\\/\\\/www.malinashop.lt\\\/?s={search_term_string}\"},\"query-input\":{\"@type\":\"PropertyValueSpecification\",\"valueRequired\":true,\"valueName\":\"search_term_string\"}}],\"inLanguage\":\"en-GB\"},{\"@type\":\"Organization\",\"@id\":\"https:\\\/\\\/www.malinashop.lt\\\/#organization\",\"name\":\"COM Group Ecommerce\",\"url\":\"https:\\\/\\\/www.malinashop.lt\\\/\",\"logo\":{\"@type\":\"ImageObject\",\"inLanguage\":\"en-GB\",\"@id\":\"https:\\\/\\\/www.malinashop.lt\\\/#\\\/schema\\\/logo\\\/image\\\/\",\"url\":\"https:\\\/\\\/www.malinashop.lt\\\/wp-content\\\/uploads\\\/2024\\\/08\\\/462559670_3787732518133670_9795632669273463_n-e1731525914575.png\",\"contentUrl\":\"https:\\\/\\\/www.malinashop.lt\\\/wp-content\\\/uploads\\\/2024\\\/08\\\/462559670_3787732518133670_9795632669273463_n-e1731525914575.png\",\"width\":180,\"height\":60,\"caption\":\"COM Group Ecommerce\"},\"image\":{\"@id\":\"https:\\\/\\\/www.malinashop.lt\\\/#\\\/schema\\\/logo\\\/image\\\/\"}}]}<\/script>\n<!-- \/ Yoast SEO plugin. -->","yoast_head_json":{"title":"NEJHA kreminiai l\u016bp\u0173 da\u017eai OSSESSION (06 Chocolate), 3,5 g - MalinaShop.lt J\u016bs\u0173 sveikatai ir gro\u017eiui.","description":"NEJHA OSSESSION (06 Chocolate) \u2013 kreminiai \u0161okolado atspalvio l\u016bp\u0173 da\u017eai su dr\u0117kinan\u010dia formule, suteikiantys l\u016bpoms \u0161velnumo ir spindesio visai dienai.","robots":{"index":"index","follow":"follow","max-snippet":"max-snippet:-1","max-image-preview":"max-image-preview:large","max-video-preview":"max-video-preview:-1"},"canonical":"https:\/\/www.malinashop.lt\/en\/shop\/nejha-kreminiai-lupu-dazai-ossession-06-chocolate-35-g\/","og_locale":"en_GB","og_type":"article","og_title":"NEJHA kreminiai l\u016bp\u0173 da\u017eai OSSESSION (06 Chocolate), 3,5 g - MalinaShop.lt J\u016bs\u0173 sveikatai ir gro\u017eiui.","og_description":"NEJHA OSSESSION (06 Chocolate) \u2013 kreminiai \u0161okolado atspalvio l\u016bp\u0173 da\u017eai su dr\u0117kinan\u010dia formule, suteikiantys l\u016bpoms \u0161velnumo ir spindesio visai dienai.","og_url":"https:\/\/www.malinashop.lt\/en\/shop\/nejha-kreminiai-lupu-dazai-ossession-06-chocolate-35-g\/","og_site_name":"MalinaShop.lt J\u016bs\u0173 sveikatai ir gro\u017eiui.","article_modified_time":"2026-03-18T09:41:42+00:00","og_image":[{"width":600,"height":600,"url":"https:\/\/www.malinashop.lt\/wp-content\/uploads\/2025\/10\/NEJHA-kreminiai-lupu-dazai-OSSESSION-06-Chocolate-35-g.webp","type":"image\/webp"}],"twitter_card":"summary_large_image","schema":{"@context":"https:\/\/schema.org","@graph":[{"@type":"WebPage","@id":"https:\/\/www.malinashop.lt\/shop\/nejha-kreminiai-lupu-dazai-ossession-06-chocolate-35-g\/","url":"https:\/\/www.malinashop.lt\/shop\/nejha-kreminiai-lupu-dazai-ossession-06-chocolate-35-g\/","name":"NEJHA kreminiai l\u016bp\u0173 da\u017eai OSSESSION (06 Chocolate), 3,5 g - MalinaShop.lt J\u016bs\u0173 sveikatai ir gro\u017eiui.","isPartOf":{"@id":"https:\/\/www.malinashop.lt\/#website"},"primaryImageOfPage":{"@id":"https:\/\/www.malinashop.lt\/shop\/nejha-kreminiai-lupu-dazai-ossession-06-chocolate-35-g\/#primaryimage"},"image":{"@id":"https:\/\/www.malinashop.lt\/shop\/nejha-kreminiai-lupu-dazai-ossession-06-chocolate-35-g\/#primaryimage"},"thumbnailUrl":"https:\/\/www.malinashop.lt\/wp-content\/uploads\/2025\/10\/NEJHA-kreminiai-lupu-dazai-OSSESSION-06-Chocolate-35-g.webp","datePublished":"2025-10-24T20:30:25+00:00","dateModified":"2026-03-18T09:41:42+00:00","description":"NEJHA OSSESSION (06 Chocolate) \u2013 kreminiai \u0161okolado atspalvio l\u016bp\u0173 da\u017eai su dr\u0117kinan\u010dia formule, suteikiantys l\u016bpoms \u0161velnumo ir spindesio visai dienai.","breadcrumb":{"@id":"https:\/\/www.malinashop.lt\/shop\/nejha-kreminiai-lupu-dazai-ossession-06-chocolate-35-g\/#breadcrumb"},"inLanguage":"en-GB","potentialAction":[{"@type":"ReadAction","target":["https:\/\/www.malinashop.lt\/shop\/nejha-kreminiai-lupu-dazai-ossession-06-chocolate-35-g\/"]}]},{"@type":"ImageObject","inLanguage":"en-GB","@id":"https:\/\/www.malinashop.lt\/shop\/nejha-kreminiai-lupu-dazai-ossession-06-chocolate-35-g\/#primaryimage","url":"https:\/\/www.malinashop.lt\/wp-content\/uploads\/2025\/10\/NEJHA-kreminiai-lupu-dazai-OSSESSION-06-Chocolate-35-g.webp","contentUrl":"https:\/\/www.malinashop.lt\/wp-content\/uploads\/2025\/10\/NEJHA-kreminiai-lupu-dazai-OSSESSION-06-Chocolate-35-g.webp","width":600,"height":600},{"@type":"BreadcrumbList","@id":"https:\/\/www.malinashop.lt\/shop\/nejha-kreminiai-lupu-dazai-ossession-06-chocolate-35-g\/#breadcrumb","itemListElement":[{"@type":"ListItem","position":1,"name":"Pagrindinis","item":"https:\/\/www.malinashop.lt\/"},{"@type":"ListItem","position":2,"name":"Parduotuv\u0117","item":"https:\/\/www.malinashop.lt\/en\/parduotuve\/"},{"@type":"ListItem","position":3,"name":"NEJHA kreminiai l\u016bp\u0173 da\u017eai OSSESSION (06 Chocolate), 3,5 g"}]},{"@type":"WebSite","@id":"https:\/\/www.malinashop.lt\/#website","url":"https:\/\/www.malinashop.lt\/","name":"COM Group Ecommerce","description":"MalinaShop.lt - Gro\u017eio ir sveikatos produktai i\u0161 patikim\u0173 preki\u0173 \u017eenkl\u0173. Atraskite auk\u0161tos kokyb\u0117s kosmetik\u0105 u\u017e puiki\u0105 kain\u0105.","publisher":{"@id":"https:\/\/www.malinashop.lt\/#organization"},"potentialAction":[{"@type":"SearchAction","target":{"@type":"EntryPoint","urlTemplate":"https:\/\/www.malinashop.lt\/?s={search_term_string}"},"query-input":{"@type":"PropertyValueSpecification","valueRequired":true,"valueName":"search_term_string"}}],"inLanguage":"en-GB"},{"@type":"Organization","@id":"https:\/\/www.malinashop.lt\/#organization","name":"COM Group Ecommerce","url":"https:\/\/www.malinashop.lt\/","logo":{"@type":"ImageObject","inLanguage":"en-GB","@id":"https:\/\/www.malinashop.lt\/#\/schema\/logo\/image\/","url":"https:\/\/www.malinashop.lt\/wp-content\/uploads\/2024\/08\/462559670_3787732518133670_9795632669273463_n-e1731525914575.png","contentUrl":"https:\/\/www.malinashop.lt\/wp-content\/uploads\/2024\/08\/462559670_3787732518133670_9795632669273463_n-e1731525914575.png","width":180,"height":60,"caption":"COM Group Ecommerce"},"image":{"@id":"https:\/\/www.malinashop.lt\/#\/schema\/logo\/image\/"}}]}},"jetpack_sharing_enabled":true,"_links":{"self":[{"href":"https:\/\/www.malinashop.lt\/en\/wp-json\/wp\/v2\/product\/59349","targetHints":{"allow":["GET"]}}],"collection":[{"href":"https:\/\/www.malinashop.lt\/en\/wp-json\/wp\/v2\/product"}],"about":[{"href":"https:\/\/www.malinashop.lt\/en\/wp-json\/wp\/v2\/types\/product"}],"version-history":[{"count":1,"href":"https:\/\/www.malinashop.lt\/en\/wp-json\/wp\/v2\/product\/59349\/revisions"}],"predecessor-version":[{"id":59351,"href":"https:\/\/www.malinashop.lt\/en\/wp-json\/wp\/v2\/product\/59349\/revisions\/59351"}],"wp:featuredmedia":[{"embeddable":true,"href":"https:\/\/www.malinashop.lt\/en\/wp-json\/wp\/v2\/media\/59350"}],"wp:attachment":[{"href":"https:\/\/www.malinashop.lt\/en\/wp-json\/wp\/v2\/media?parent=59349"}],"wp:term":[{"taxonomy":"product_brand","embeddable":true,"href":"https:\/\/www.malinashop.lt\/en\/wp-json\/wp\/v2\/product_brand?post=59349"},{"taxonomy":"product_cat","embeddable":true,"href":"https:\/\/www.malinashop.lt\/en\/wp-json\/wp\/v2\/product_cat?post=59349"},{"taxonomy":"product_tag","embeddable":true,"href":"https:\/\/www.malinashop.lt\/en\/wp-json\/wp\/v2\/product_tag?post=59349"}],"curies":[{"name":"wp","href":"https:\/\/api.w.org\/{rel}","templated":true}]}}