{"id":59334,"date":"2025-10-24T23:16:49","date_gmt":"2025-10-24T20:16:49","guid":{"rendered":"https:\/\/malinashop.lt\/?post_type=product&#038;p=59334"},"modified":"2026-03-18T12:41:44","modified_gmt":"2026-03-18T09:41:44","slug":"nejha-skysti-matiniai-lupu-dazai-phoria-01-flamingo-45-ml","status":"publish","type":"product","link":"https:\/\/www.malinashop.lt\/en\/shop\/nejha-skysti-matiniai-lupu-dazai-phoria-01-flamingo-45-ml\/","title":{"rendered":"NEJHA skysti matiniai l\u016bp\u0173 da\u017eai PHORIA (01 Flamingo), 4,5 ml"},"content":{"rendered":"<p data-start=\"279\" data-end=\"449\"><strong data-start=\"279\" data-end=\"350\">NEJHA skysti, ilgalaikiai, matiniai l\u016bp\u0173 da\u017eai PHORIA (01 Flamingo)<\/strong> \u2013 tai <strong data-start=\"357\" data-end=\"405\">spalvingi ir i\u0161rai\u0161kingi ro\u017einiai l\u016bp\u0173 da\u017eai<\/strong>, suteikiantys gaiv\u0173 ir energing\u0105 \u012fvaizd\u012f.<\/p>\n<p data-start=\"451\" data-end=\"669\">Lengva, <strong data-start=\"459\" data-end=\"480\">aksomin\u0117 tekst\u016bra<\/strong> u\u017etikrina nepriekai\u0161ting\u0105 dengim\u0105 ir komforti\u0161k\u0105 poj\u016bt\u012f visos dienos metu. Dr\u0117kinanti formul\u0117 saugo l\u016bpas nuo i\u0161saus\u0117jimo, tod\u0117l jos i\u0161lieka \u0161velnios ir elastingos net po ilgo ne\u0161iojimo.<\/p>\n<p data-start=\"671\" data-end=\"823\">\u0160is <strong data-start=\"675\" data-end=\"711\">gyvas flamingo ro\u017einis atspalvis<\/strong> puikiai tinka norin\u010dioms i\u0161siskirti \u2013 suteikia l\u016bpoms sodr\u0173 atspalv\u012f ir ry\u0161k\u0173, bet eleganti\u0161k\u0105 matin\u012f efekt\u0105.<\/p>\n<p data-start=\"825\" data-end=\"855\"><strong data-start=\"825\" data-end=\"853\">Pagrindiniai privalumai:<\/strong><\/p>\n<ul data-start=\"856\" data-end=\"1059\">\n<li data-start=\"856\" data-end=\"894\">\n<p data-start=\"858\" data-end=\"894\">Ry\u0161kus flamingo ro\u017einis atspalvis;<\/p>\n<\/li>\n<li data-start=\"895\" data-end=\"927\">\n<p data-start=\"897\" data-end=\"927\">\u0160velni, dr\u0117kinanti tekst\u016bra;<\/p>\n<\/li>\n<li data-start=\"928\" data-end=\"973\">\n<p data-start=\"930\" data-end=\"973\">Ilgai i\u0161liekantis, nesausinantis efektas;<\/p>\n<\/li>\n<li data-start=\"974\" data-end=\"1005\">\n<p data-start=\"976\" data-end=\"1005\">Tobulai tolygus padengimas;<\/p>\n<\/li>\n<li data-start=\"1006\" data-end=\"1059\">\n<p data-start=\"1008\" data-end=\"1059\">Idealiai tinka kasdieniam ar vakariniam makia\u017eui.<\/p>\n<\/li>\n<\/ul>\n<p data-start=\"1061\" data-end=\"1186\"><strong data-start=\"1061\" data-end=\"1076\">Naudojimas:<\/strong><br data-start=\"1076\" data-end=\"1079\" \/>Tepkite tiesiai ant l\u016bp\u0173 aplikatoriumi. Apatin\u0119 l\u016bp\u0105 tepkite nuo kampo iki kampo, vir\u0161utin\u0119 \u2013 nuo centro.<\/p>\n","protected":false},"excerpt":{"rendered":"<article class=\"text-token-text-primary w-full focus:outline-none [--shadow-height:45px] has-data-writing-block:pointer-events-none has-data-writing-block:-mt-(--shadow-height) has-data-writing-block:pt-(--shadow-height) [&amp;:has([data-writing-block])&gt;*]:pointer-events-auto scroll-mt-[calc(var(--header-height)+min(200px,max(70px,20svh)))]\" dir=\"auto\" tabindex=\"-1\" data-turn-id=\"request-68c31e5c-f8ac-832b-9925-96755f033da8-28\" data-testid=\"conversation-turn-402\" data-scroll-anchor=\"true\" data-turn=\"assistant\">\n<div class=\"text-base my-auto mx-auto pb-10 [--thread-content-margin:--spacing(4)] thread-sm:[--thread-content-margin:--spacing(6)] thread-lg:[--thread-content-margin:--spacing(16)] px-(--thread-content-margin)\">\n<div class=\"[--thread-content-max-width:40rem] thread-lg:[--thread-content-max-width:48rem] mx-auto max-w-(--thread-content-max-width) flex-1 group\/turn-messages focus-visible:outline-hidden relative flex w-full min-w-0 flex-col agent-turn\" tabindex=\"-1\">\n<div class=\"flex max-w-full flex-col grow\">\n<div class=\"min-h-8 text-message relative flex w-full flex-col items-end gap-2 text-start break-words whitespace-normal [.text-message+&amp;]:mt-1\" dir=\"auto\" data-message-author-role=\"assistant\" data-message-id=\"d2dc36c7-a230-474b-b843-83ca5ed702e7\" data-message-model-slug=\"gpt-5\">\n<div class=\"flex w-full flex-col gap-1 empty:hidden first:pt-[1px]\">\n<div class=\"markdown prose dark:prose-invert w-full break-words light markdown-new-styling\">\n<p data-start=\"115\" data-end=\"246\">NEJHA PHORIA (01 Flamingo) \u2013 ilgalaikiai matiniai l\u016bp\u0173 da\u017eai su ry\u0161kiu ro\u017einiu atspalviu, aksomine tekst\u016bra ir dr\u0117kinan\u010dia formule.<\/p>\n<\/div>\n<\/div>\n<\/div>\n<\/div>\n<\/div>\n<\/div>\n<\/article>\n","protected":false},"featured_media":59335,"template":"","meta":[],"product_brand":[1358],"product_cat":[102,708,533,1299],"product_tag":[1573],"class_list":{"0":"post-59334","1":"product","2":"type-product","3":"status-publish","4":"has-post-thumbnail","6":"product_brand-nejha","7":"product_cat-dekoratyvine-kosmetika","8":"product_cat-lupoms","9":"product_cat-lupu-dazai","10":"product_cat-produktai-su-dovanomis","11":"product_tag-nejha","13":"first","14":"instock","15":"sale","16":"taxable","17":"shipping-taxable","18":"purchasable","19":"product-type-simple"},"yoast_head":"<!-- This site is optimized with the Yoast SEO plugin v27.4 - https:\/\/yoast.com\/product\/yoast-seo-wordpress\/ -->\n<title>NEJHA skysti matiniai l\u016bp\u0173 da\u017eai PHORIA (01 Flamingo), 4,5 ml - MalinaShop.lt J\u016bs\u0173 sveikatai ir gro\u017eiui.<\/title>\n<meta name=\"description\" content=\"NEJHA PHORIA (01 Flamingo) \u2013 ilgalaikiai matiniai l\u016bp\u0173 da\u017eai su ry\u0161kiu flamingo ro\u017einiu atspalviu, \u0161velnia aksomine tekst\u016bra ir dr\u0117kinan\u010dia formule.\" \/>\n<meta name=\"robots\" content=\"index, follow, max-snippet:-1, max-image-preview:large, max-video-preview:-1\" \/>\n<link rel=\"canonical\" href=\"https:\/\/www.malinashop.lt\/en\/shop\/nejha-skysti-matiniai-lupu-dazai-phoria-01-flamingo-45-ml\/\" \/>\n<meta property=\"og:locale\" content=\"en_GB\" \/>\n<meta property=\"og:type\" content=\"article\" \/>\n<meta property=\"og:title\" content=\"NEJHA skysti matiniai l\u016bp\u0173 da\u017eai PHORIA (01 Flamingo), 4,5 ml - MalinaShop.lt J\u016bs\u0173 sveikatai ir gro\u017eiui.\" \/>\n<meta property=\"og:description\" content=\"NEJHA PHORIA (01 Flamingo) \u2013 ilgalaikiai matiniai l\u016bp\u0173 da\u017eai su ry\u0161kiu flamingo ro\u017einiu atspalviu, \u0161velnia aksomine tekst\u016bra ir dr\u0117kinan\u010dia formule.\" \/>\n<meta property=\"og:url\" content=\"https:\/\/www.malinashop.lt\/en\/shop\/nejha-skysti-matiniai-lupu-dazai-phoria-01-flamingo-45-ml\/\" \/>\n<meta property=\"og:site_name\" content=\"MalinaShop.lt J\u016bs\u0173 sveikatai ir gro\u017eiui.\" \/>\n<meta property=\"article:modified_time\" content=\"2026-03-18T09:41:44+00:00\" \/>\n<meta property=\"og:image\" content=\"https:\/\/www.malinashop.lt\/wp-content\/uploads\/2025\/10\/NEJHA-skysti-matiniai-lupu-dazai-PHORIA-01-Flamingo-45-ml.webp\" \/>\n\t<meta property=\"og:image:width\" content=\"600\" \/>\n\t<meta property=\"og:image:height\" content=\"600\" \/>\n\t<meta property=\"og:image:type\" content=\"image\/webp\" \/>\n<meta name=\"twitter:card\" content=\"summary_large_image\" \/>\n<script type=\"application\/ld+json\" class=\"yoast-schema-graph\">{\"@context\":\"https:\\\/\\\/schema.org\",\"@graph\":[{\"@type\":\"WebPage\",\"@id\":\"https:\\\/\\\/www.malinashop.lt\\\/lt_lt\\\/shop\\\/nejha-skysti-matiniai-lupu-dazai-phoria-01-flamingo-45-ml\\\/\",\"url\":\"https:\\\/\\\/www.malinashop.lt\\\/lt_lt\\\/shop\\\/nejha-skysti-matiniai-lupu-dazai-phoria-01-flamingo-45-ml\\\/\",\"name\":\"NEJHA skysti matiniai l\u016bp\u0173 da\u017eai PHORIA (01 Flamingo), 4,5 ml - MalinaShop.lt J\u016bs\u0173 sveikatai ir gro\u017eiui.\",\"isPartOf\":{\"@id\":\"https:\\\/\\\/www.malinashop.lt\\\/#website\"},\"primaryImageOfPage\":{\"@id\":\"https:\\\/\\\/www.malinashop.lt\\\/lt_lt\\\/shop\\\/nejha-skysti-matiniai-lupu-dazai-phoria-01-flamingo-45-ml\\\/#primaryimage\"},\"image\":{\"@id\":\"https:\\\/\\\/www.malinashop.lt\\\/lt_lt\\\/shop\\\/nejha-skysti-matiniai-lupu-dazai-phoria-01-flamingo-45-ml\\\/#primaryimage\"},\"thumbnailUrl\":\"https:\\\/\\\/www.malinashop.lt\\\/wp-content\\\/uploads\\\/2025\\\/10\\\/NEJHA-skysti-matiniai-lupu-dazai-PHORIA-01-Flamingo-45-ml.webp\",\"datePublished\":\"2025-10-24T20:16:49+00:00\",\"dateModified\":\"2026-03-18T09:41:44+00:00\",\"description\":\"NEJHA PHORIA (01 Flamingo) \u2013 ilgalaikiai matiniai l\u016bp\u0173 da\u017eai su ry\u0161kiu flamingo ro\u017einiu atspalviu, \u0161velnia aksomine tekst\u016bra ir dr\u0117kinan\u010dia formule.\",\"breadcrumb\":{\"@id\":\"https:\\\/\\\/www.malinashop.lt\\\/lt_lt\\\/shop\\\/nejha-skysti-matiniai-lupu-dazai-phoria-01-flamingo-45-ml\\\/#breadcrumb\"},\"inLanguage\":\"en-GB\",\"potentialAction\":[{\"@type\":\"ReadAction\",\"target\":[\"https:\\\/\\\/www.malinashop.lt\\\/lt_lt\\\/shop\\\/nejha-skysti-matiniai-lupu-dazai-phoria-01-flamingo-45-ml\\\/\"]}]},{\"@type\":\"ImageObject\",\"inLanguage\":\"en-GB\",\"@id\":\"https:\\\/\\\/www.malinashop.lt\\\/lt_lt\\\/shop\\\/nejha-skysti-matiniai-lupu-dazai-phoria-01-flamingo-45-ml\\\/#primaryimage\",\"url\":\"https:\\\/\\\/www.malinashop.lt\\\/wp-content\\\/uploads\\\/2025\\\/10\\\/NEJHA-skysti-matiniai-lupu-dazai-PHORIA-01-Flamingo-45-ml.webp\",\"contentUrl\":\"https:\\\/\\\/www.malinashop.lt\\\/wp-content\\\/uploads\\\/2025\\\/10\\\/NEJHA-skysti-matiniai-lupu-dazai-PHORIA-01-Flamingo-45-ml.webp\",\"width\":600,\"height\":600},{\"@type\":\"BreadcrumbList\",\"@id\":\"https:\\\/\\\/www.malinashop.lt\\\/lt_lt\\\/shop\\\/nejha-skysti-matiniai-lupu-dazai-phoria-01-flamingo-45-ml\\\/#breadcrumb\",\"itemListElement\":[{\"@type\":\"ListItem\",\"position\":1,\"name\":\"Pagrindinis\",\"item\":\"https:\\\/\\\/www.malinashop.lt\\\/\"},{\"@type\":\"ListItem\",\"position\":2,\"name\":\"Parduotuv\u0117\",\"item\":\"https:\\\/\\\/www.malinashop.lt\\\/en\\\/parduotuve\\\/\"},{\"@type\":\"ListItem\",\"position\":3,\"name\":\"NEJHA skysti matiniai l\u016bp\u0173 da\u017eai PHORIA (01 Flamingo), 4,5 ml\"}]},{\"@type\":\"WebSite\",\"@id\":\"https:\\\/\\\/www.malinashop.lt\\\/#website\",\"url\":\"https:\\\/\\\/www.malinashop.lt\\\/\",\"name\":\"COM Group Ecommerce\",\"description\":\"MalinaShop.lt - Gro\u017eio ir sveikatos produktai i\u0161 patikim\u0173 preki\u0173 \u017eenkl\u0173. Atraskite auk\u0161tos kokyb\u0117s kosmetik\u0105 u\u017e puiki\u0105 kain\u0105.\",\"publisher\":{\"@id\":\"https:\\\/\\\/www.malinashop.lt\\\/#organization\"},\"potentialAction\":[{\"@type\":\"SearchAction\",\"target\":{\"@type\":\"EntryPoint\",\"urlTemplate\":\"https:\\\/\\\/www.malinashop.lt\\\/?s={search_term_string}\"},\"query-input\":{\"@type\":\"PropertyValueSpecification\",\"valueRequired\":true,\"valueName\":\"search_term_string\"}}],\"inLanguage\":\"en-GB\"},{\"@type\":\"Organization\",\"@id\":\"https:\\\/\\\/www.malinashop.lt\\\/#organization\",\"name\":\"COM Group Ecommerce\",\"url\":\"https:\\\/\\\/www.malinashop.lt\\\/\",\"logo\":{\"@type\":\"ImageObject\",\"inLanguage\":\"en-GB\",\"@id\":\"https:\\\/\\\/www.malinashop.lt\\\/#\\\/schema\\\/logo\\\/image\\\/\",\"url\":\"https:\\\/\\\/www.malinashop.lt\\\/wp-content\\\/uploads\\\/2024\\\/08\\\/462559670_3787732518133670_9795632669273463_n-e1731525914575.png\",\"contentUrl\":\"https:\\\/\\\/www.malinashop.lt\\\/wp-content\\\/uploads\\\/2024\\\/08\\\/462559670_3787732518133670_9795632669273463_n-e1731525914575.png\",\"width\":180,\"height\":60,\"caption\":\"COM Group Ecommerce\"},\"image\":{\"@id\":\"https:\\\/\\\/www.malinashop.lt\\\/#\\\/schema\\\/logo\\\/image\\\/\"}}]}<\/script>\n<!-- \/ Yoast SEO plugin. -->","yoast_head_json":{"title":"NEJHA skysti matiniai l\u016bp\u0173 da\u017eai PHORIA (01 Flamingo), 4,5 ml - MalinaShop.lt J\u016bs\u0173 sveikatai ir gro\u017eiui.","description":"NEJHA PHORIA (01 Flamingo) \u2013 ilgalaikiai matiniai l\u016bp\u0173 da\u017eai su ry\u0161kiu flamingo ro\u017einiu atspalviu, \u0161velnia aksomine tekst\u016bra ir dr\u0117kinan\u010dia formule.","robots":{"index":"index","follow":"follow","max-snippet":"max-snippet:-1","max-image-preview":"max-image-preview:large","max-video-preview":"max-video-preview:-1"},"canonical":"https:\/\/www.malinashop.lt\/en\/shop\/nejha-skysti-matiniai-lupu-dazai-phoria-01-flamingo-45-ml\/","og_locale":"en_GB","og_type":"article","og_title":"NEJHA skysti matiniai l\u016bp\u0173 da\u017eai PHORIA (01 Flamingo), 4,5 ml - MalinaShop.lt J\u016bs\u0173 sveikatai ir gro\u017eiui.","og_description":"NEJHA PHORIA (01 Flamingo) \u2013 ilgalaikiai matiniai l\u016bp\u0173 da\u017eai su ry\u0161kiu flamingo ro\u017einiu atspalviu, \u0161velnia aksomine tekst\u016bra ir dr\u0117kinan\u010dia formule.","og_url":"https:\/\/www.malinashop.lt\/en\/shop\/nejha-skysti-matiniai-lupu-dazai-phoria-01-flamingo-45-ml\/","og_site_name":"MalinaShop.lt J\u016bs\u0173 sveikatai ir gro\u017eiui.","article_modified_time":"2026-03-18T09:41:44+00:00","og_image":[{"width":600,"height":600,"url":"https:\/\/www.malinashop.lt\/wp-content\/uploads\/2025\/10\/NEJHA-skysti-matiniai-lupu-dazai-PHORIA-01-Flamingo-45-ml.webp","type":"image\/webp"}],"twitter_card":"summary_large_image","schema":{"@context":"https:\/\/schema.org","@graph":[{"@type":"WebPage","@id":"https:\/\/www.malinashop.lt\/lt_lt\/shop\/nejha-skysti-matiniai-lupu-dazai-phoria-01-flamingo-45-ml\/","url":"https:\/\/www.malinashop.lt\/lt_lt\/shop\/nejha-skysti-matiniai-lupu-dazai-phoria-01-flamingo-45-ml\/","name":"NEJHA skysti matiniai l\u016bp\u0173 da\u017eai PHORIA (01 Flamingo), 4,5 ml - MalinaShop.lt J\u016bs\u0173 sveikatai ir gro\u017eiui.","isPartOf":{"@id":"https:\/\/www.malinashop.lt\/#website"},"primaryImageOfPage":{"@id":"https:\/\/www.malinashop.lt\/lt_lt\/shop\/nejha-skysti-matiniai-lupu-dazai-phoria-01-flamingo-45-ml\/#primaryimage"},"image":{"@id":"https:\/\/www.malinashop.lt\/lt_lt\/shop\/nejha-skysti-matiniai-lupu-dazai-phoria-01-flamingo-45-ml\/#primaryimage"},"thumbnailUrl":"https:\/\/www.malinashop.lt\/wp-content\/uploads\/2025\/10\/NEJHA-skysti-matiniai-lupu-dazai-PHORIA-01-Flamingo-45-ml.webp","datePublished":"2025-10-24T20:16:49+00:00","dateModified":"2026-03-18T09:41:44+00:00","description":"NEJHA PHORIA (01 Flamingo) \u2013 ilgalaikiai matiniai l\u016bp\u0173 da\u017eai su ry\u0161kiu flamingo ro\u017einiu atspalviu, \u0161velnia aksomine tekst\u016bra ir dr\u0117kinan\u010dia formule.","breadcrumb":{"@id":"https:\/\/www.malinashop.lt\/lt_lt\/shop\/nejha-skysti-matiniai-lupu-dazai-phoria-01-flamingo-45-ml\/#breadcrumb"},"inLanguage":"en-GB","potentialAction":[{"@type":"ReadAction","target":["https:\/\/www.malinashop.lt\/lt_lt\/shop\/nejha-skysti-matiniai-lupu-dazai-phoria-01-flamingo-45-ml\/"]}]},{"@type":"ImageObject","inLanguage":"en-GB","@id":"https:\/\/www.malinashop.lt\/lt_lt\/shop\/nejha-skysti-matiniai-lupu-dazai-phoria-01-flamingo-45-ml\/#primaryimage","url":"https:\/\/www.malinashop.lt\/wp-content\/uploads\/2025\/10\/NEJHA-skysti-matiniai-lupu-dazai-PHORIA-01-Flamingo-45-ml.webp","contentUrl":"https:\/\/www.malinashop.lt\/wp-content\/uploads\/2025\/10\/NEJHA-skysti-matiniai-lupu-dazai-PHORIA-01-Flamingo-45-ml.webp","width":600,"height":600},{"@type":"BreadcrumbList","@id":"https:\/\/www.malinashop.lt\/lt_lt\/shop\/nejha-skysti-matiniai-lupu-dazai-phoria-01-flamingo-45-ml\/#breadcrumb","itemListElement":[{"@type":"ListItem","position":1,"name":"Pagrindinis","item":"https:\/\/www.malinashop.lt\/"},{"@type":"ListItem","position":2,"name":"Parduotuv\u0117","item":"https:\/\/www.malinashop.lt\/en\/parduotuve\/"},{"@type":"ListItem","position":3,"name":"NEJHA skysti matiniai l\u016bp\u0173 da\u017eai PHORIA (01 Flamingo), 4,5 ml"}]},{"@type":"WebSite","@id":"https:\/\/www.malinashop.lt\/#website","url":"https:\/\/www.malinashop.lt\/","name":"COM Group Ecommerce","description":"MalinaShop.lt - Gro\u017eio ir sveikatos produktai i\u0161 patikim\u0173 preki\u0173 \u017eenkl\u0173. Atraskite auk\u0161tos kokyb\u0117s kosmetik\u0105 u\u017e puiki\u0105 kain\u0105.","publisher":{"@id":"https:\/\/www.malinashop.lt\/#organization"},"potentialAction":[{"@type":"SearchAction","target":{"@type":"EntryPoint","urlTemplate":"https:\/\/www.malinashop.lt\/?s={search_term_string}"},"query-input":{"@type":"PropertyValueSpecification","valueRequired":true,"valueName":"search_term_string"}}],"inLanguage":"en-GB"},{"@type":"Organization","@id":"https:\/\/www.malinashop.lt\/#organization","name":"COM Group Ecommerce","url":"https:\/\/www.malinashop.lt\/","logo":{"@type":"ImageObject","inLanguage":"en-GB","@id":"https:\/\/www.malinashop.lt\/#\/schema\/logo\/image\/","url":"https:\/\/www.malinashop.lt\/wp-content\/uploads\/2024\/08\/462559670_3787732518133670_9795632669273463_n-e1731525914575.png","contentUrl":"https:\/\/www.malinashop.lt\/wp-content\/uploads\/2024\/08\/462559670_3787732518133670_9795632669273463_n-e1731525914575.png","width":180,"height":60,"caption":"COM Group Ecommerce"},"image":{"@id":"https:\/\/www.malinashop.lt\/#\/schema\/logo\/image\/"}}]}},"jetpack_sharing_enabled":true,"_links":{"self":[{"href":"https:\/\/www.malinashop.lt\/en\/wp-json\/wp\/v2\/product\/59334","targetHints":{"allow":["GET"]}}],"collection":[{"href":"https:\/\/www.malinashop.lt\/en\/wp-json\/wp\/v2\/product"}],"about":[{"href":"https:\/\/www.malinashop.lt\/en\/wp-json\/wp\/v2\/types\/product"}],"version-history":[{"count":1,"href":"https:\/\/www.malinashop.lt\/en\/wp-json\/wp\/v2\/product\/59334\/revisions"}],"predecessor-version":[{"id":59336,"href":"https:\/\/www.malinashop.lt\/en\/wp-json\/wp\/v2\/product\/59334\/revisions\/59336"}],"wp:featuredmedia":[{"embeddable":true,"href":"https:\/\/www.malinashop.lt\/en\/wp-json\/wp\/v2\/media\/59335"}],"wp:attachment":[{"href":"https:\/\/www.malinashop.lt\/en\/wp-json\/wp\/v2\/media?parent=59334"}],"wp:term":[{"taxonomy":"product_brand","embeddable":true,"href":"https:\/\/www.malinashop.lt\/en\/wp-json\/wp\/v2\/product_brand?post=59334"},{"taxonomy":"product_cat","embeddable":true,"href":"https:\/\/www.malinashop.lt\/en\/wp-json\/wp\/v2\/product_cat?post=59334"},{"taxonomy":"product_tag","embeddable":true,"href":"https:\/\/www.malinashop.lt\/en\/wp-json\/wp\/v2\/product_tag?post=59334"}],"curies":[{"name":"wp","href":"https:\/\/api.w.org\/{rel}","templated":true}]}}