{"id":59299,"date":"2025-10-24T22:48:20","date_gmt":"2025-10-24T19:48:20","guid":{"rendered":"https:\/\/malinashop.lt\/?post_type=product&#038;p=59299"},"modified":"2026-03-18T12:41:48","modified_gmt":"2026-03-18T09:41:48","slug":"nejha-putlinamasis-lupu-blizgesys-plump-boss-02-pink-85-ml","status":"publish","type":"product","link":"https:\/\/www.malinashop.lt\/en\/shop\/nejha-putlinamasis-lupu-blizgesys-plump-boss-02-pink-85-ml\/","title":{"rendered":"NEJHA putlinamasis l\u016bp\u0173 blizgesys PLUMP BOSS (02 Pink), 8,5 ml"},"content":{"rendered":"<p data-start=\"301\" data-end=\"481\"><strong data-start=\"301\" data-end=\"359\">NEJHA putlinamasis l\u016bp\u0173 blizgesys PLUMP BOSS (02 Pink)<\/strong> \u2013 tai <strong data-start=\"366\" data-end=\"396\">dr\u0117kinantis ir putlinantis<\/strong> l\u016bp\u0173 blizgesys, suteikiantis i\u0161rai\u0161kingumo, spindesio ir gaivaus rausvo atspalvio.<\/p>\n<p data-start=\"483\" data-end=\"754\">Unikali <strong data-start=\"491\" data-end=\"533\">hialurono r\u016bg\u0161ties ir migdol\u0173 aliejaus<\/strong> formul\u0117 veikia kaip nat\u016bralus u\u017epildas \u2013 <strong data-start=\"575\" data-end=\"617\">dr\u0117kina, glotnina ir suteikia apimties<\/strong>, kartu saugodama l\u016bpas nuo i\u0161saus\u0117jimo. L\u016bpos akimirksniu atrodo pilnesn\u0117s, \u0161velnesn\u0117s ir labiau spindin\u010dios, o efektas i\u0161lieka ilgai.<\/p>\n<p data-start=\"756\" data-end=\"871\">Atspalvis <strong data-start=\"766\" data-end=\"779\">\u201e02 Pink\u201c<\/strong> \u2013 gaivus, ry\u0161kesnis ro\u017einis tonas, puikiai tinkantis tiek dienos, tiek vakaro \u012fvaizd\u017eiui.<\/p>\n<p data-start=\"873\" data-end=\"903\"><strong data-start=\"873\" data-end=\"901\">Pagrindiniai privalumai:<\/strong><\/p>\n<ul data-start=\"904\" data-end=\"1135\">\n<li data-start=\"904\" data-end=\"960\">\n<p data-start=\"906\" data-end=\"960\">Hialurono r\u016bg\u0161tis suteikia gil\u0173 dr\u0117kinim\u0105 ir apimt\u012f.<\/p>\n<\/li>\n<li data-start=\"961\" data-end=\"1007\">\n<p data-start=\"963\" data-end=\"1007\">Migdol\u0173 aliejus maitina ir \u0161velnina l\u016bpas.<\/p>\n<\/li>\n<li data-start=\"1008\" data-end=\"1050\">\n<p data-start=\"1010\" data-end=\"1050\">Akimirksniu matomas putlinimo efektas.<\/p>\n<\/li>\n<li data-start=\"1051\" data-end=\"1089\">\n<p data-start=\"1053\" data-end=\"1089\">Nelipni tekst\u016bra, \u0161velnus poj\u016btis.<\/p>\n<\/li>\n<li data-start=\"1090\" data-end=\"1135\">\n<p data-start=\"1092\" data-end=\"1135\">Ilgai i\u0161liekantis blizgesys ir komfortas.<\/p>\n<\/li>\n<\/ul>\n<p data-start=\"1137\" data-end=\"1260\"><strong data-start=\"1137\" data-end=\"1152\">Naudojimas:<\/strong><br data-start=\"1152\" data-end=\"1155\" \/>Aplikatoriumi tolygiai paskirstykite blizges\u012f ant \u0161vari\u0173 l\u016bp\u0173. Galima naudoti vien\u0105 arba ant l\u016bp\u0173 da\u017e\u0173.<\/p>\n","protected":false},"excerpt":{"rendered":"<p data-start=\"119\" data-end=\"258\">NEJHA PLUMP BOSS (02 Pink) \u2013 l\u016bp\u0173 blizgesys su hialuronu ir migdol\u0173 aliejumi, suteikiantis akimirksniu matom\u0105 putlinimo efekt\u0105 ir gaiv\u0173 rausv\u0105 spindes\u012f.<\/p>\n","protected":false},"featured_media":59301,"template":"","meta":[],"product_brand":[1358],"product_cat":[102,523,1299],"product_tag":[1573],"class_list":{"0":"post-59299","1":"product","2":"type-product","3":"status-publish","4":"has-post-thumbnail","6":"product_brand-nejha","7":"product_cat-dekoratyvine-kosmetika","8":"product_cat-lupu-blizgiai","9":"product_cat-produktai-su-dovanomis","10":"product_tag-nejha","12":"first","13":"instock","14":"sale","15":"taxable","16":"shipping-taxable","17":"purchasable","18":"product-type-simple"},"yoast_head":"<!-- This site is optimized with the Yoast SEO plugin v27.4 - https:\/\/yoast.com\/product\/yoast-seo-wordpress\/ -->\n<title>NEJHA putlinamasis l\u016bp\u0173 blizgesys PLUMP BOSS (02 Pink), 8,5 ml - MalinaShop.lt J\u016bs\u0173 sveikatai ir gro\u017eiui.<\/title>\n<meta name=\"description\" content=\"NEJHA PLUMP BOSS (02 Pink) \u2013 putlinantis l\u016bp\u0173 blizgesys su hialuronu ir migdol\u0173 aliejumi, suteikiantis apimties, dr\u0117gm\u0117s ir subtilaus rausvo spindesio.\" \/>\n<meta name=\"robots\" content=\"index, follow, max-snippet:-1, max-image-preview:large, max-video-preview:-1\" \/>\n<link rel=\"canonical\" href=\"https:\/\/www.malinashop.lt\/en\/shop\/nejha-putlinamasis-lupu-blizgesys-plump-boss-02-pink-85-ml\/\" \/>\n<meta property=\"og:locale\" content=\"en_GB\" \/>\n<meta property=\"og:type\" content=\"article\" \/>\n<meta property=\"og:title\" content=\"NEJHA putlinamasis l\u016bp\u0173 blizgesys PLUMP BOSS (02 Pink), 8,5 ml - MalinaShop.lt J\u016bs\u0173 sveikatai ir gro\u017eiui.\" \/>\n<meta property=\"og:description\" content=\"NEJHA PLUMP BOSS (02 Pink) \u2013 putlinantis l\u016bp\u0173 blizgesys su hialuronu ir migdol\u0173 aliejumi, suteikiantis apimties, dr\u0117gm\u0117s ir subtilaus rausvo spindesio.\" \/>\n<meta property=\"og:url\" content=\"https:\/\/www.malinashop.lt\/en\/shop\/nejha-putlinamasis-lupu-blizgesys-plump-boss-02-pink-85-ml\/\" \/>\n<meta property=\"og:site_name\" content=\"MalinaShop.lt J\u016bs\u0173 sveikatai ir gro\u017eiui.\" \/>\n<meta property=\"article:modified_time\" content=\"2026-03-18T09:41:48+00:00\" \/>\n<meta property=\"og:image\" content=\"https:\/\/www.malinashop.lt\/wp-content\/uploads\/2025\/10\/NEJHA-putlinamasis-lupu-blizgesys-PLUMP-BOSS-02-Pink-85-ml.webp\" \/>\n\t<meta property=\"og:image:width\" content=\"600\" \/>\n\t<meta property=\"og:image:height\" content=\"600\" \/>\n\t<meta property=\"og:image:type\" content=\"image\/webp\" \/>\n<meta name=\"twitter:card\" content=\"summary_large_image\" \/>\n<script type=\"application\/ld+json\" class=\"yoast-schema-graph\">{\"@context\":\"https:\\\/\\\/schema.org\",\"@graph\":[{\"@type\":\"WebPage\",\"@id\":\"https:\\\/\\\/www.malinashop.lt\\\/en\\\/shop\\\/nejha-putlinamasis-lupu-blizgesys-plump-boss-02-pink-85-ml\\\/\",\"url\":\"https:\\\/\\\/www.malinashop.lt\\\/en\\\/shop\\\/nejha-putlinamasis-lupu-blizgesys-plump-boss-02-pink-85-ml\\\/\",\"name\":\"NEJHA putlinamasis l\u016bp\u0173 blizgesys PLUMP BOSS (02 Pink), 8,5 ml - MalinaShop.lt J\u016bs\u0173 sveikatai ir gro\u017eiui.\",\"isPartOf\":{\"@id\":\"https:\\\/\\\/www.malinashop.lt\\\/en\\\/#website\"},\"primaryImageOfPage\":{\"@id\":\"https:\\\/\\\/www.malinashop.lt\\\/en\\\/shop\\\/nejha-putlinamasis-lupu-blizgesys-plump-boss-02-pink-85-ml\\\/#primaryimage\"},\"image\":{\"@id\":\"https:\\\/\\\/www.malinashop.lt\\\/en\\\/shop\\\/nejha-putlinamasis-lupu-blizgesys-plump-boss-02-pink-85-ml\\\/#primaryimage\"},\"thumbnailUrl\":\"https:\\\/\\\/www.malinashop.lt\\\/wp-content\\\/uploads\\\/2025\\\/10\\\/NEJHA-putlinamasis-lupu-blizgesys-PLUMP-BOSS-02-Pink-85-ml.webp\",\"datePublished\":\"2025-10-24T19:48:20+00:00\",\"dateModified\":\"2026-03-18T09:41:48+00:00\",\"description\":\"NEJHA PLUMP BOSS (02 Pink) \u2013 putlinantis l\u016bp\u0173 blizgesys su hialuronu ir migdol\u0173 aliejumi, suteikiantis apimties, dr\u0117gm\u0117s ir subtilaus rausvo spindesio.\",\"breadcrumb\":{\"@id\":\"https:\\\/\\\/www.malinashop.lt\\\/en\\\/shop\\\/nejha-putlinamasis-lupu-blizgesys-plump-boss-02-pink-85-ml\\\/#breadcrumb\"},\"inLanguage\":\"en-GB\",\"potentialAction\":[{\"@type\":\"ReadAction\",\"target\":[\"https:\\\/\\\/www.malinashop.lt\\\/en\\\/shop\\\/nejha-putlinamasis-lupu-blizgesys-plump-boss-02-pink-85-ml\\\/\"]}]},{\"@type\":\"ImageObject\",\"inLanguage\":\"en-GB\",\"@id\":\"https:\\\/\\\/www.malinashop.lt\\\/en\\\/shop\\\/nejha-putlinamasis-lupu-blizgesys-plump-boss-02-pink-85-ml\\\/#primaryimage\",\"url\":\"https:\\\/\\\/www.malinashop.lt\\\/wp-content\\\/uploads\\\/2025\\\/10\\\/NEJHA-putlinamasis-lupu-blizgesys-PLUMP-BOSS-02-Pink-85-ml.webp\",\"contentUrl\":\"https:\\\/\\\/www.malinashop.lt\\\/wp-content\\\/uploads\\\/2025\\\/10\\\/NEJHA-putlinamasis-lupu-blizgesys-PLUMP-BOSS-02-Pink-85-ml.webp\",\"width\":600,\"height\":600},{\"@type\":\"BreadcrumbList\",\"@id\":\"https:\\\/\\\/www.malinashop.lt\\\/en\\\/shop\\\/nejha-putlinamasis-lupu-blizgesys-plump-boss-02-pink-85-ml\\\/#breadcrumb\",\"itemListElement\":[{\"@type\":\"ListItem\",\"position\":1,\"name\":\"Home\",\"item\":\"https:\\\/\\\/www.malinashop.lt\\\/en\\\/\"},{\"@type\":\"ListItem\",\"position\":2,\"name\":\"Parduotuv\u0117\",\"item\":\"https:\\\/\\\/www.malinashop.lt\\\/en\\\/parduotuve\\\/\"},{\"@type\":\"ListItem\",\"position\":3,\"name\":\"NEJHA putlinamasis l\u016bp\u0173 blizgesys PLUMP BOSS (02 Pink), 8,5 ml\"}]},{\"@type\":\"WebSite\",\"@id\":\"https:\\\/\\\/www.malinashop.lt\\\/en\\\/#website\",\"url\":\"https:\\\/\\\/www.malinashop.lt\\\/en\\\/\",\"name\":\"COM Group Ecommerce\",\"description\":\"MalinaShop.lt - Gro\u017eio ir sveikatos produktai i\u0161 patikim\u0173 preki\u0173 \u017eenkl\u0173. Atraskite auk\u0161tos kokyb\u0117s kosmetik\u0105 u\u017e puiki\u0105 kain\u0105.\",\"publisher\":{\"@id\":\"https:\\\/\\\/www.malinashop.lt\\\/en\\\/#organization\"},\"potentialAction\":[{\"@type\":\"SearchAction\",\"target\":{\"@type\":\"EntryPoint\",\"urlTemplate\":\"https:\\\/\\\/www.malinashop.lt\\\/en\\\/?s={search_term_string}\"},\"query-input\":{\"@type\":\"PropertyValueSpecification\",\"valueRequired\":true,\"valueName\":\"search_term_string\"}}],\"inLanguage\":\"en-GB\"},{\"@type\":\"Organization\",\"@id\":\"https:\\\/\\\/www.malinashop.lt\\\/en\\\/#organization\",\"name\":\"COM Group Ecommerce\",\"url\":\"https:\\\/\\\/www.malinashop.lt\\\/en\\\/\",\"logo\":{\"@type\":\"ImageObject\",\"inLanguage\":\"en-GB\",\"@id\":\"https:\\\/\\\/www.malinashop.lt\\\/en\\\/#\\\/schema\\\/logo\\\/image\\\/\",\"url\":\"https:\\\/\\\/www.malinashop.lt\\\/wp-content\\\/uploads\\\/2024\\\/08\\\/462559670_3787732518133670_9795632669273463_n-e1731525914575.png\",\"contentUrl\":\"https:\\\/\\\/www.malinashop.lt\\\/wp-content\\\/uploads\\\/2024\\\/08\\\/462559670_3787732518133670_9795632669273463_n-e1731525914575.png\",\"width\":180,\"height\":60,\"caption\":\"COM Group Ecommerce\"},\"image\":{\"@id\":\"https:\\\/\\\/www.malinashop.lt\\\/en\\\/#\\\/schema\\\/logo\\\/image\\\/\"}}]}<\/script>\n<!-- \/ Yoast SEO plugin. -->","yoast_head_json":{"title":"NEJHA putlinamasis l\u016bp\u0173 blizgesys PLUMP BOSS (02 Pink), 8,5 ml - MalinaShop.lt J\u016bs\u0173 sveikatai ir gro\u017eiui.","description":"NEJHA PLUMP BOSS (02 Pink) \u2013 putlinantis l\u016bp\u0173 blizgesys su hialuronu ir migdol\u0173 aliejumi, suteikiantis apimties, dr\u0117gm\u0117s ir subtilaus rausvo spindesio.","robots":{"index":"index","follow":"follow","max-snippet":"max-snippet:-1","max-image-preview":"max-image-preview:large","max-video-preview":"max-video-preview:-1"},"canonical":"https:\/\/www.malinashop.lt\/en\/shop\/nejha-putlinamasis-lupu-blizgesys-plump-boss-02-pink-85-ml\/","og_locale":"en_GB","og_type":"article","og_title":"NEJHA putlinamasis l\u016bp\u0173 blizgesys PLUMP BOSS (02 Pink), 8,5 ml - MalinaShop.lt J\u016bs\u0173 sveikatai ir gro\u017eiui.","og_description":"NEJHA PLUMP BOSS (02 Pink) \u2013 putlinantis l\u016bp\u0173 blizgesys su hialuronu ir migdol\u0173 aliejumi, suteikiantis apimties, dr\u0117gm\u0117s ir subtilaus rausvo spindesio.","og_url":"https:\/\/www.malinashop.lt\/en\/shop\/nejha-putlinamasis-lupu-blizgesys-plump-boss-02-pink-85-ml\/","og_site_name":"MalinaShop.lt J\u016bs\u0173 sveikatai ir gro\u017eiui.","article_modified_time":"2026-03-18T09:41:48+00:00","og_image":[{"width":600,"height":600,"url":"https:\/\/www.malinashop.lt\/wp-content\/uploads\/2025\/10\/NEJHA-putlinamasis-lupu-blizgesys-PLUMP-BOSS-02-Pink-85-ml.webp","type":"image\/webp"}],"twitter_card":"summary_large_image","schema":{"@context":"https:\/\/schema.org","@graph":[{"@type":"WebPage","@id":"https:\/\/www.malinashop.lt\/en\/shop\/nejha-putlinamasis-lupu-blizgesys-plump-boss-02-pink-85-ml\/","url":"https:\/\/www.malinashop.lt\/en\/shop\/nejha-putlinamasis-lupu-blizgesys-plump-boss-02-pink-85-ml\/","name":"NEJHA putlinamasis l\u016bp\u0173 blizgesys PLUMP BOSS (02 Pink), 8,5 ml - MalinaShop.lt J\u016bs\u0173 sveikatai ir gro\u017eiui.","isPartOf":{"@id":"https:\/\/www.malinashop.lt\/en\/#website"},"primaryImageOfPage":{"@id":"https:\/\/www.malinashop.lt\/en\/shop\/nejha-putlinamasis-lupu-blizgesys-plump-boss-02-pink-85-ml\/#primaryimage"},"image":{"@id":"https:\/\/www.malinashop.lt\/en\/shop\/nejha-putlinamasis-lupu-blizgesys-plump-boss-02-pink-85-ml\/#primaryimage"},"thumbnailUrl":"https:\/\/www.malinashop.lt\/wp-content\/uploads\/2025\/10\/NEJHA-putlinamasis-lupu-blizgesys-PLUMP-BOSS-02-Pink-85-ml.webp","datePublished":"2025-10-24T19:48:20+00:00","dateModified":"2026-03-18T09:41:48+00:00","description":"NEJHA PLUMP BOSS (02 Pink) \u2013 putlinantis l\u016bp\u0173 blizgesys su hialuronu ir migdol\u0173 aliejumi, suteikiantis apimties, dr\u0117gm\u0117s ir subtilaus rausvo spindesio.","breadcrumb":{"@id":"https:\/\/www.malinashop.lt\/en\/shop\/nejha-putlinamasis-lupu-blizgesys-plump-boss-02-pink-85-ml\/#breadcrumb"},"inLanguage":"en-GB","potentialAction":[{"@type":"ReadAction","target":["https:\/\/www.malinashop.lt\/en\/shop\/nejha-putlinamasis-lupu-blizgesys-plump-boss-02-pink-85-ml\/"]}]},{"@type":"ImageObject","inLanguage":"en-GB","@id":"https:\/\/www.malinashop.lt\/en\/shop\/nejha-putlinamasis-lupu-blizgesys-plump-boss-02-pink-85-ml\/#primaryimage","url":"https:\/\/www.malinashop.lt\/wp-content\/uploads\/2025\/10\/NEJHA-putlinamasis-lupu-blizgesys-PLUMP-BOSS-02-Pink-85-ml.webp","contentUrl":"https:\/\/www.malinashop.lt\/wp-content\/uploads\/2025\/10\/NEJHA-putlinamasis-lupu-blizgesys-PLUMP-BOSS-02-Pink-85-ml.webp","width":600,"height":600},{"@type":"BreadcrumbList","@id":"https:\/\/www.malinashop.lt\/en\/shop\/nejha-putlinamasis-lupu-blizgesys-plump-boss-02-pink-85-ml\/#breadcrumb","itemListElement":[{"@type":"ListItem","position":1,"name":"Home","item":"https:\/\/www.malinashop.lt\/en\/"},{"@type":"ListItem","position":2,"name":"Parduotuv\u0117","item":"https:\/\/www.malinashop.lt\/en\/parduotuve\/"},{"@type":"ListItem","position":3,"name":"NEJHA putlinamasis l\u016bp\u0173 blizgesys PLUMP BOSS (02 Pink), 8,5 ml"}]},{"@type":"WebSite","@id":"https:\/\/www.malinashop.lt\/en\/#website","url":"https:\/\/www.malinashop.lt\/en\/","name":"COM Group Ecommerce","description":"MalinaShop.lt - Gro\u017eio ir sveikatos produktai i\u0161 patikim\u0173 preki\u0173 \u017eenkl\u0173. Atraskite auk\u0161tos kokyb\u0117s kosmetik\u0105 u\u017e puiki\u0105 kain\u0105.","publisher":{"@id":"https:\/\/www.malinashop.lt\/en\/#organization"},"potentialAction":[{"@type":"SearchAction","target":{"@type":"EntryPoint","urlTemplate":"https:\/\/www.malinashop.lt\/en\/?s={search_term_string}"},"query-input":{"@type":"PropertyValueSpecification","valueRequired":true,"valueName":"search_term_string"}}],"inLanguage":"en-GB"},{"@type":"Organization","@id":"https:\/\/www.malinashop.lt\/en\/#organization","name":"COM Group Ecommerce","url":"https:\/\/www.malinashop.lt\/en\/","logo":{"@type":"ImageObject","inLanguage":"en-GB","@id":"https:\/\/www.malinashop.lt\/en\/#\/schema\/logo\/image\/","url":"https:\/\/www.malinashop.lt\/wp-content\/uploads\/2024\/08\/462559670_3787732518133670_9795632669273463_n-e1731525914575.png","contentUrl":"https:\/\/www.malinashop.lt\/wp-content\/uploads\/2024\/08\/462559670_3787732518133670_9795632669273463_n-e1731525914575.png","width":180,"height":60,"caption":"COM Group Ecommerce"},"image":{"@id":"https:\/\/www.malinashop.lt\/en\/#\/schema\/logo\/image\/"}}]}},"jetpack_sharing_enabled":true,"_links":{"self":[{"href":"https:\/\/www.malinashop.lt\/en\/wp-json\/wp\/v2\/product\/59299","targetHints":{"allow":["GET"]}}],"collection":[{"href":"https:\/\/www.malinashop.lt\/en\/wp-json\/wp\/v2\/product"}],"about":[{"href":"https:\/\/www.malinashop.lt\/en\/wp-json\/wp\/v2\/types\/product"}],"version-history":[{"count":1,"href":"https:\/\/www.malinashop.lt\/en\/wp-json\/wp\/v2\/product\/59299\/revisions"}],"predecessor-version":[{"id":59302,"href":"https:\/\/www.malinashop.lt\/en\/wp-json\/wp\/v2\/product\/59299\/revisions\/59302"}],"wp:featuredmedia":[{"embeddable":true,"href":"https:\/\/www.malinashop.lt\/en\/wp-json\/wp\/v2\/media\/59301"}],"wp:attachment":[{"href":"https:\/\/www.malinashop.lt\/en\/wp-json\/wp\/v2\/media?parent=59299"}],"wp:term":[{"taxonomy":"product_brand","embeddable":true,"href":"https:\/\/www.malinashop.lt\/en\/wp-json\/wp\/v2\/product_brand?post=59299"},{"taxonomy":"product_cat","embeddable":true,"href":"https:\/\/www.malinashop.lt\/en\/wp-json\/wp\/v2\/product_cat?post=59299"},{"taxonomy":"product_tag","embeddable":true,"href":"https:\/\/www.malinashop.lt\/en\/wp-json\/wp\/v2\/product_tag?post=59299"}],"curies":[{"name":"wp","href":"https:\/\/api.w.org\/{rel}","templated":true}]}}