{"id":59287,"date":"2025-10-24T22:37:43","date_gmt":"2025-10-24T19:37:43","guid":{"rendered":"https:\/\/malinashop.lt\/?post_type=product&#038;p=59287"},"modified":"2026-03-18T12:41:49","modified_gmt":"2026-03-18T09:41:49","slug":"nejha-putlinamasis-lupu-blizgesys-plump-boss-05-cherry-85-ml","status":"publish","type":"product","link":"https:\/\/www.malinashop.lt\/en\/shop\/nejha-putlinamasis-lupu-blizgesys-plump-boss-05-cherry-85-ml\/","title":{"rendered":"NEJHA putlinamasis l\u016bp\u0173 blizgesys PLUMP BOSS (05 Cherry), 8,5 ml"},"content":{"rendered":"<p data-start=\"288\" data-end=\"481\"><strong data-start=\"288\" data-end=\"348\">NEJHA putlinamasis l\u016bp\u0173 blizgesys PLUMP BOSS (05 Cherry)<\/strong> \u2013 tai <strong data-start=\"355\" data-end=\"393\">spindesio ir apimties suteikiantis<\/strong> l\u016bp\u0173 blizgesys, kuris akimirksniu pabr\u0117\u017eia l\u016bp\u0173 form\u0105 ir i\u0161ry\u0161kina j\u0173 nat\u016bral\u0173 gro\u017e\u012f.<\/p>\n<p data-start=\"483\" data-end=\"747\">Unikali <strong data-start=\"491\" data-end=\"555\">dr\u0117kinanti formul\u0117 su hialurono r\u016bg\u0161timi ir migdol\u0173 aliejumi<\/strong> veikia tarsi u\u017epildas \u2013 padeda i\u0161lyginti l\u016bp\u0173 pavir\u0161i\u0173, suteikia putlumo bei intensyvaus blizgesio. L\u016bpos tampa <strong data-start=\"668\" data-end=\"716\">mink\u0161tos, sudr\u0117kintos ir vizualiai pilnesn\u0117s<\/strong>, o rezultatas i\u0161lieka ilgai.<\/p>\n<p data-start=\"749\" data-end=\"871\">Atspalvis <strong data-start=\"759\" data-end=\"774\">\u201e05 Cherry\u201c<\/strong> \u2013 sultingai raudonas su subtiliu blizgesiu, tinkamas tiek kasdienai, tiek vakariniam makia\u017eui.<\/p>\n<p data-start=\"873\" data-end=\"903\"><strong data-start=\"873\" data-end=\"901\">Pagrindiniai privalumai:<\/strong><\/p>\n<ul data-start=\"904\" data-end=\"1139\">\n<li data-start=\"904\" data-end=\"961\">\n<p data-start=\"906\" data-end=\"961\">Hialurono r\u016bg\u0161tis u\u017etikrina gil\u0173 dr\u0117kinim\u0105 ir apimt\u012f.<\/p>\n<\/li>\n<li data-start=\"962\" data-end=\"1009\">\n<p data-start=\"964\" data-end=\"1009\">Migdol\u0173 aliejus maitina ir mink\u0161tina l\u016bpas.<\/p>\n<\/li>\n<li data-start=\"1010\" data-end=\"1052\">\n<p data-start=\"1012\" data-end=\"1052\">Akimirksniu matomas putlinimo efektas.<\/p>\n<\/li>\n<li data-start=\"1053\" data-end=\"1105\">\n<p data-start=\"1055\" data-end=\"1105\">Blizgi, nelipni tekst\u016bra \u2013 komforti\u0161kas poj\u016btis.<\/p>\n<\/li>\n<li data-start=\"1106\" data-end=\"1139\">\n<p data-start=\"1108\" data-end=\"1139\">Ilgai i\u0161liekantis rezultatas.<\/p>\n<\/li>\n<\/ul>\n<p data-start=\"1141\" data-end=\"1270\"><strong data-start=\"1141\" data-end=\"1156\">Naudojimas:<\/strong><br data-start=\"1156\" data-end=\"1159\" \/>Aplikatoriumi tolygiai paskirstykite blizges\u012f ant \u0161vari\u0173 l\u016bp\u0173. Galima naudoti tiek vien\u0105, tiek ant l\u016bp\u0173 da\u017e\u0173.<\/p>\n","protected":false},"excerpt":{"rendered":"<p data-start=\"119\" data-end=\"258\">NEJHA PLUMP BOSS (05 Cherry) \u2013 blizgus l\u016bp\u0173 blizgesys su hialuronu ir migdol\u0173 aliejumi, suteikiantis akimirksniu matom\u0105 putlinimo efekt\u0105.<\/p>\n","protected":false},"featured_media":59288,"template":"","meta":[],"product_brand":[1358],"product_cat":[102,523,1299],"product_tag":[1573],"class_list":{"0":"post-59287","1":"product","2":"type-product","3":"status-publish","4":"has-post-thumbnail","6":"product_brand-nejha","7":"product_cat-dekoratyvine-kosmetika","8":"product_cat-lupu-blizgiai","9":"product_cat-produktai-su-dovanomis","10":"product_tag-nejha","12":"first","13":"instock","14":"sale","15":"taxable","16":"shipping-taxable","17":"purchasable","18":"product-type-simple"},"yoast_head":"<!-- This site is optimized with the Yoast SEO plugin v27.4 - https:\/\/yoast.com\/product\/yoast-seo-wordpress\/ -->\n<title>NEJHA putlinamasis l\u016bp\u0173 blizgesys PLUMP BOSS (05 Cherry), 8,5 ml - MalinaShop.lt J\u016bs\u0173 sveikatai ir gro\u017eiui.<\/title>\n<meta name=\"description\" content=\"NEJHA PLUMP BOSS (05 Cherry) \u2013 blizgus l\u016bp\u0173 blizgesys su hialuronu ir migdol\u0173 aliejumi, suteikiantis putlumo, dr\u0117gm\u0117s ir intensyvaus spindesio.\" \/>\n<meta name=\"robots\" content=\"index, follow, max-snippet:-1, max-image-preview:large, max-video-preview:-1\" \/>\n<link rel=\"canonical\" href=\"https:\/\/www.malinashop.lt\/en\/shop\/nejha-putlinamasis-lupu-blizgesys-plump-boss-05-cherry-85-ml\/\" \/>\n<meta property=\"og:locale\" content=\"en_GB\" \/>\n<meta property=\"og:type\" content=\"article\" \/>\n<meta property=\"og:title\" content=\"NEJHA putlinamasis l\u016bp\u0173 blizgesys PLUMP BOSS (05 Cherry), 8,5 ml - MalinaShop.lt J\u016bs\u0173 sveikatai ir gro\u017eiui.\" \/>\n<meta property=\"og:description\" content=\"NEJHA PLUMP BOSS (05 Cherry) \u2013 blizgus l\u016bp\u0173 blizgesys su hialuronu ir migdol\u0173 aliejumi, suteikiantis putlumo, dr\u0117gm\u0117s ir intensyvaus spindesio.\" \/>\n<meta property=\"og:url\" content=\"https:\/\/www.malinashop.lt\/en\/shop\/nejha-putlinamasis-lupu-blizgesys-plump-boss-05-cherry-85-ml\/\" \/>\n<meta property=\"og:site_name\" content=\"MalinaShop.lt J\u016bs\u0173 sveikatai ir gro\u017eiui.\" \/>\n<meta property=\"article:modified_time\" content=\"2026-03-18T09:41:49+00:00\" \/>\n<meta property=\"og:image\" content=\"https:\/\/www.malinashop.lt\/wp-content\/uploads\/2025\/10\/NEJHA-putlinamasis-lupu-blizgesys-PLUMP-BOSS-05-Cherry-85-ml.webp\" \/>\n\t<meta property=\"og:image:width\" content=\"600\" \/>\n\t<meta property=\"og:image:height\" content=\"600\" \/>\n\t<meta property=\"og:image:type\" content=\"image\/webp\" \/>\n<meta name=\"twitter:card\" content=\"summary_large_image\" \/>\n<script type=\"application\/ld+json\" class=\"yoast-schema-graph\">{\"@context\":\"https:\\\/\\\/schema.org\",\"@graph\":[{\"@type\":\"WebPage\",\"@id\":\"https:\\\/\\\/www.malinashop.lt\\\/shop\\\/nejha-putlinamasis-lupu-blizgesys-plump-boss-05-cherry-85-ml\\\/\",\"url\":\"https:\\\/\\\/www.malinashop.lt\\\/shop\\\/nejha-putlinamasis-lupu-blizgesys-plump-boss-05-cherry-85-ml\\\/\",\"name\":\"NEJHA putlinamasis l\u016bp\u0173 blizgesys PLUMP BOSS (05 Cherry), 8,5 ml - MalinaShop.lt J\u016bs\u0173 sveikatai ir gro\u017eiui.\",\"isPartOf\":{\"@id\":\"https:\\\/\\\/www.malinashop.lt\\\/#website\"},\"primaryImageOfPage\":{\"@id\":\"https:\\\/\\\/www.malinashop.lt\\\/shop\\\/nejha-putlinamasis-lupu-blizgesys-plump-boss-05-cherry-85-ml\\\/#primaryimage\"},\"image\":{\"@id\":\"https:\\\/\\\/www.malinashop.lt\\\/shop\\\/nejha-putlinamasis-lupu-blizgesys-plump-boss-05-cherry-85-ml\\\/#primaryimage\"},\"thumbnailUrl\":\"https:\\\/\\\/www.malinashop.lt\\\/wp-content\\\/uploads\\\/2025\\\/10\\\/NEJHA-putlinamasis-lupu-blizgesys-PLUMP-BOSS-05-Cherry-85-ml.webp\",\"datePublished\":\"2025-10-24T19:37:43+00:00\",\"dateModified\":\"2026-03-18T09:41:49+00:00\",\"description\":\"NEJHA PLUMP BOSS (05 Cherry) \u2013 blizgus l\u016bp\u0173 blizgesys su hialuronu ir migdol\u0173 aliejumi, suteikiantis putlumo, dr\u0117gm\u0117s ir intensyvaus spindesio.\",\"breadcrumb\":{\"@id\":\"https:\\\/\\\/www.malinashop.lt\\\/shop\\\/nejha-putlinamasis-lupu-blizgesys-plump-boss-05-cherry-85-ml\\\/#breadcrumb\"},\"inLanguage\":\"en-GB\",\"potentialAction\":[{\"@type\":\"ReadAction\",\"target\":[\"https:\\\/\\\/www.malinashop.lt\\\/shop\\\/nejha-putlinamasis-lupu-blizgesys-plump-boss-05-cherry-85-ml\\\/\"]}]},{\"@type\":\"ImageObject\",\"inLanguage\":\"en-GB\",\"@id\":\"https:\\\/\\\/www.malinashop.lt\\\/shop\\\/nejha-putlinamasis-lupu-blizgesys-plump-boss-05-cherry-85-ml\\\/#primaryimage\",\"url\":\"https:\\\/\\\/www.malinashop.lt\\\/wp-content\\\/uploads\\\/2025\\\/10\\\/NEJHA-putlinamasis-lupu-blizgesys-PLUMP-BOSS-05-Cherry-85-ml.webp\",\"contentUrl\":\"https:\\\/\\\/www.malinashop.lt\\\/wp-content\\\/uploads\\\/2025\\\/10\\\/NEJHA-putlinamasis-lupu-blizgesys-PLUMP-BOSS-05-Cherry-85-ml.webp\",\"width\":600,\"height\":600},{\"@type\":\"BreadcrumbList\",\"@id\":\"https:\\\/\\\/www.malinashop.lt\\\/shop\\\/nejha-putlinamasis-lupu-blizgesys-plump-boss-05-cherry-85-ml\\\/#breadcrumb\",\"itemListElement\":[{\"@type\":\"ListItem\",\"position\":1,\"name\":\"Pagrindinis\",\"item\":\"https:\\\/\\\/www.malinashop.lt\\\/\"},{\"@type\":\"ListItem\",\"position\":2,\"name\":\"Parduotuv\u0117\",\"item\":\"https:\\\/\\\/www.malinashop.lt\\\/en\\\/parduotuve\\\/\"},{\"@type\":\"ListItem\",\"position\":3,\"name\":\"NEJHA putlinamasis l\u016bp\u0173 blizgesys PLUMP BOSS (05 Cherry), 8,5 ml\"}]},{\"@type\":\"WebSite\",\"@id\":\"https:\\\/\\\/www.malinashop.lt\\\/#website\",\"url\":\"https:\\\/\\\/www.malinashop.lt\\\/\",\"name\":\"COM Group Ecommerce\",\"description\":\"MalinaShop.lt - Gro\u017eio ir sveikatos produktai i\u0161 patikim\u0173 preki\u0173 \u017eenkl\u0173. Atraskite auk\u0161tos kokyb\u0117s kosmetik\u0105 u\u017e puiki\u0105 kain\u0105.\",\"publisher\":{\"@id\":\"https:\\\/\\\/www.malinashop.lt\\\/#organization\"},\"potentialAction\":[{\"@type\":\"SearchAction\",\"target\":{\"@type\":\"EntryPoint\",\"urlTemplate\":\"https:\\\/\\\/www.malinashop.lt\\\/?s={search_term_string}\"},\"query-input\":{\"@type\":\"PropertyValueSpecification\",\"valueRequired\":true,\"valueName\":\"search_term_string\"}}],\"inLanguage\":\"en-GB\"},{\"@type\":\"Organization\",\"@id\":\"https:\\\/\\\/www.malinashop.lt\\\/#organization\",\"name\":\"COM Group Ecommerce\",\"url\":\"https:\\\/\\\/www.malinashop.lt\\\/\",\"logo\":{\"@type\":\"ImageObject\",\"inLanguage\":\"en-GB\",\"@id\":\"https:\\\/\\\/www.malinashop.lt\\\/#\\\/schema\\\/logo\\\/image\\\/\",\"url\":\"https:\\\/\\\/www.malinashop.lt\\\/wp-content\\\/uploads\\\/2024\\\/08\\\/462559670_3787732518133670_9795632669273463_n-e1731525914575.png\",\"contentUrl\":\"https:\\\/\\\/www.malinashop.lt\\\/wp-content\\\/uploads\\\/2024\\\/08\\\/462559670_3787732518133670_9795632669273463_n-e1731525914575.png\",\"width\":180,\"height\":60,\"caption\":\"COM Group Ecommerce\"},\"image\":{\"@id\":\"https:\\\/\\\/www.malinashop.lt\\\/#\\\/schema\\\/logo\\\/image\\\/\"}}]}<\/script>\n<!-- \/ Yoast SEO plugin. -->","yoast_head_json":{"title":"NEJHA putlinamasis l\u016bp\u0173 blizgesys PLUMP BOSS (05 Cherry), 8,5 ml - MalinaShop.lt J\u016bs\u0173 sveikatai ir gro\u017eiui.","description":"NEJHA PLUMP BOSS (05 Cherry) \u2013 blizgus l\u016bp\u0173 blizgesys su hialuronu ir migdol\u0173 aliejumi, suteikiantis putlumo, dr\u0117gm\u0117s ir intensyvaus spindesio.","robots":{"index":"index","follow":"follow","max-snippet":"max-snippet:-1","max-image-preview":"max-image-preview:large","max-video-preview":"max-video-preview:-1"},"canonical":"https:\/\/www.malinashop.lt\/en\/shop\/nejha-putlinamasis-lupu-blizgesys-plump-boss-05-cherry-85-ml\/","og_locale":"en_GB","og_type":"article","og_title":"NEJHA putlinamasis l\u016bp\u0173 blizgesys PLUMP BOSS (05 Cherry), 8,5 ml - MalinaShop.lt J\u016bs\u0173 sveikatai ir gro\u017eiui.","og_description":"NEJHA PLUMP BOSS (05 Cherry) \u2013 blizgus l\u016bp\u0173 blizgesys su hialuronu ir migdol\u0173 aliejumi, suteikiantis putlumo, dr\u0117gm\u0117s ir intensyvaus spindesio.","og_url":"https:\/\/www.malinashop.lt\/en\/shop\/nejha-putlinamasis-lupu-blizgesys-plump-boss-05-cherry-85-ml\/","og_site_name":"MalinaShop.lt J\u016bs\u0173 sveikatai ir gro\u017eiui.","article_modified_time":"2026-03-18T09:41:49+00:00","og_image":[{"width":600,"height":600,"url":"https:\/\/www.malinashop.lt\/wp-content\/uploads\/2025\/10\/NEJHA-putlinamasis-lupu-blizgesys-PLUMP-BOSS-05-Cherry-85-ml.webp","type":"image\/webp"}],"twitter_card":"summary_large_image","schema":{"@context":"https:\/\/schema.org","@graph":[{"@type":"WebPage","@id":"https:\/\/www.malinashop.lt\/shop\/nejha-putlinamasis-lupu-blizgesys-plump-boss-05-cherry-85-ml\/","url":"https:\/\/www.malinashop.lt\/shop\/nejha-putlinamasis-lupu-blizgesys-plump-boss-05-cherry-85-ml\/","name":"NEJHA putlinamasis l\u016bp\u0173 blizgesys PLUMP BOSS (05 Cherry), 8,5 ml - MalinaShop.lt J\u016bs\u0173 sveikatai ir gro\u017eiui.","isPartOf":{"@id":"https:\/\/www.malinashop.lt\/#website"},"primaryImageOfPage":{"@id":"https:\/\/www.malinashop.lt\/shop\/nejha-putlinamasis-lupu-blizgesys-plump-boss-05-cherry-85-ml\/#primaryimage"},"image":{"@id":"https:\/\/www.malinashop.lt\/shop\/nejha-putlinamasis-lupu-blizgesys-plump-boss-05-cherry-85-ml\/#primaryimage"},"thumbnailUrl":"https:\/\/www.malinashop.lt\/wp-content\/uploads\/2025\/10\/NEJHA-putlinamasis-lupu-blizgesys-PLUMP-BOSS-05-Cherry-85-ml.webp","datePublished":"2025-10-24T19:37:43+00:00","dateModified":"2026-03-18T09:41:49+00:00","description":"NEJHA PLUMP BOSS (05 Cherry) \u2013 blizgus l\u016bp\u0173 blizgesys su hialuronu ir migdol\u0173 aliejumi, suteikiantis putlumo, dr\u0117gm\u0117s ir intensyvaus spindesio.","breadcrumb":{"@id":"https:\/\/www.malinashop.lt\/shop\/nejha-putlinamasis-lupu-blizgesys-plump-boss-05-cherry-85-ml\/#breadcrumb"},"inLanguage":"en-GB","potentialAction":[{"@type":"ReadAction","target":["https:\/\/www.malinashop.lt\/shop\/nejha-putlinamasis-lupu-blizgesys-plump-boss-05-cherry-85-ml\/"]}]},{"@type":"ImageObject","inLanguage":"en-GB","@id":"https:\/\/www.malinashop.lt\/shop\/nejha-putlinamasis-lupu-blizgesys-plump-boss-05-cherry-85-ml\/#primaryimage","url":"https:\/\/www.malinashop.lt\/wp-content\/uploads\/2025\/10\/NEJHA-putlinamasis-lupu-blizgesys-PLUMP-BOSS-05-Cherry-85-ml.webp","contentUrl":"https:\/\/www.malinashop.lt\/wp-content\/uploads\/2025\/10\/NEJHA-putlinamasis-lupu-blizgesys-PLUMP-BOSS-05-Cherry-85-ml.webp","width":600,"height":600},{"@type":"BreadcrumbList","@id":"https:\/\/www.malinashop.lt\/shop\/nejha-putlinamasis-lupu-blizgesys-plump-boss-05-cherry-85-ml\/#breadcrumb","itemListElement":[{"@type":"ListItem","position":1,"name":"Pagrindinis","item":"https:\/\/www.malinashop.lt\/"},{"@type":"ListItem","position":2,"name":"Parduotuv\u0117","item":"https:\/\/www.malinashop.lt\/en\/parduotuve\/"},{"@type":"ListItem","position":3,"name":"NEJHA putlinamasis l\u016bp\u0173 blizgesys PLUMP BOSS (05 Cherry), 8,5 ml"}]},{"@type":"WebSite","@id":"https:\/\/www.malinashop.lt\/#website","url":"https:\/\/www.malinashop.lt\/","name":"COM Group Ecommerce","description":"MalinaShop.lt - Gro\u017eio ir sveikatos produktai i\u0161 patikim\u0173 preki\u0173 \u017eenkl\u0173. Atraskite auk\u0161tos kokyb\u0117s kosmetik\u0105 u\u017e puiki\u0105 kain\u0105.","publisher":{"@id":"https:\/\/www.malinashop.lt\/#organization"},"potentialAction":[{"@type":"SearchAction","target":{"@type":"EntryPoint","urlTemplate":"https:\/\/www.malinashop.lt\/?s={search_term_string}"},"query-input":{"@type":"PropertyValueSpecification","valueRequired":true,"valueName":"search_term_string"}}],"inLanguage":"en-GB"},{"@type":"Organization","@id":"https:\/\/www.malinashop.lt\/#organization","name":"COM Group Ecommerce","url":"https:\/\/www.malinashop.lt\/","logo":{"@type":"ImageObject","inLanguage":"en-GB","@id":"https:\/\/www.malinashop.lt\/#\/schema\/logo\/image\/","url":"https:\/\/www.malinashop.lt\/wp-content\/uploads\/2024\/08\/462559670_3787732518133670_9795632669273463_n-e1731525914575.png","contentUrl":"https:\/\/www.malinashop.lt\/wp-content\/uploads\/2024\/08\/462559670_3787732518133670_9795632669273463_n-e1731525914575.png","width":180,"height":60,"caption":"COM Group Ecommerce"},"image":{"@id":"https:\/\/www.malinashop.lt\/#\/schema\/logo\/image\/"}}]}},"jetpack_sharing_enabled":true,"_links":{"self":[{"href":"https:\/\/www.malinashop.lt\/en\/wp-json\/wp\/v2\/product\/59287","targetHints":{"allow":["GET"]}}],"collection":[{"href":"https:\/\/www.malinashop.lt\/en\/wp-json\/wp\/v2\/product"}],"about":[{"href":"https:\/\/www.malinashop.lt\/en\/wp-json\/wp\/v2\/types\/product"}],"version-history":[{"count":1,"href":"https:\/\/www.malinashop.lt\/en\/wp-json\/wp\/v2\/product\/59287\/revisions"}],"predecessor-version":[{"id":59290,"href":"https:\/\/www.malinashop.lt\/en\/wp-json\/wp\/v2\/product\/59287\/revisions\/59290"}],"wp:featuredmedia":[{"embeddable":true,"href":"https:\/\/www.malinashop.lt\/en\/wp-json\/wp\/v2\/media\/59288"}],"wp:attachment":[{"href":"https:\/\/www.malinashop.lt\/en\/wp-json\/wp\/v2\/media?parent=59287"}],"wp:term":[{"taxonomy":"product_brand","embeddable":true,"href":"https:\/\/www.malinashop.lt\/en\/wp-json\/wp\/v2\/product_brand?post=59287"},{"taxonomy":"product_cat","embeddable":true,"href":"https:\/\/www.malinashop.lt\/en\/wp-json\/wp\/v2\/product_cat?post=59287"},{"taxonomy":"product_tag","embeddable":true,"href":"https:\/\/www.malinashop.lt\/en\/wp-json\/wp\/v2\/product_tag?post=59287"}],"curies":[{"name":"wp","href":"https:\/\/api.w.org\/{rel}","templated":true}]}}